{"id":7766,"date":"2022-08-31T12:10:43","date_gmt":"2022-08-31T10:10:43","guid":{"rendered":"https:\/\/bsv.dk\/rotatorer\/kulrotator\/"},"modified":"2022-11-14T10:30:02","modified_gmt":"2022-11-14T09:30:02","slug":"kulrotator","status":"publish","type":"page","link":"https:\/\/bsv.dk\/sv\/rotatorer\/kulrotator\/","title":{"rendered":"Baltrotator"},"content":{"rendered":"<div class=\"wpb-content-wrapper\"><p>[vc_row full_width=&#8221;stretch_row&#8221; el_class=&#8221;produkter&#8221;][vc_column]<div class=\"ult-spacer spacer-69f2189f1dfb8\" data-id=\"69f2189f1dfb8\" data-height=\"90\" data-height-mobile=\"60\" data-height-tab=\"90\" data-height-tab-portrait=\"60\" data-height-mobile-landscape=\"60\" style=\"clear:both;display:block;\"><\/div>[vc_column_text]<\/p>\n<h1>Baltrotator<\/h1>\n<p>BSV importerar och s\u00e4ljer rotatorer fr\u00e5n producenten Baltorator.<\/p>\n<p>Denna typ av rotator \u00e4r en robust rotator och tillhandah\u00e5lls med en lyftkapacitet fr\u00e5n 3\u00a0ton till 10\u00a0ton.<\/p>\n<p>Rotatorn finns b\u00e5de med rotatoraxel och med platt bottenplatta f\u00f6r p\u00e5bultning.[\/vc_column_text][vc_empty_space height=&#8221;30px&#8221;][vc_tta_tabs style=&#8221;flat&#8221; shape=&#8221;square&#8221; alignment=&#8221;center&#8221; active_section=&#8221;1&#8243; el_class=&#8221;galleri&#8221;][vc_tta_section title=&#8221;Baltrotator GR30&#8243; tab_id=&#8221;baltrotator-GR30&#8243;][vc_media_grid element_width=&#8221;3&#8243; gap=&#8221;20&#8243; item=&#8221;467&#8243; grid_id=&#8221;vc_gid:1667229174210-0c6bc1bb-3a76-7&#8243; include=&#8221;7647,7634,7638,7642&#8243;][\/vc_tta_section][vc_tta_section title=&#8221;Baltrotator GR30 PF&#8221; tab_id=&#8221;baltrotator-GR30-PF&#8221;][vc_media_grid element_width=&#8221;3&#8243; gap=&#8221;20&#8243; item=&#8221;467&#8243; grid_id=&#8221;vc_gid:1667229174212-46169cec-7be2-4&#8243; include=&#8221;7647,7651,7655,7659&#8243;][\/vc_tta_section][vc_tta_section title=&#8221;Baltrotator GR465&#8243; tab_id=&#8221;baltrotator-GR465&#8243;][vc_media_grid element_width=&#8221;3&#8243; gap=&#8221;20&#8243; item=&#8221;467&#8243; grid_id=&#8221;vc_gid:1667229174216-16ddc1f2-d012-3&#8243; include=&#8221;7666&#8243;][\/vc_tta_section][vc_tta_section title=&#8221;Baltrotator GR55 M&#8221; tab_id=&#8221;baltrotator-GR55-M&#8221;][vc_media_grid element_width=&#8221;3&#8243; gap=&#8221;20&#8243; item=&#8221;467&#8243; grid_id=&#8221;vc_gid:1667229174217-cb6d7ad7-6338-8&#8243; include=&#8221;7671&#8243;][\/vc_tta_section][\/vc_tta_tabs]<div class=\"ult-spacer spacer-69f2189f1dffb\" data-id=\"69f2189f1dffb\" data-height=\"90\" data-height-mobile=\"60\" data-height-tab=\"90\" data-height-tab-portrait=\"60\" data-height-mobile-landscape=\"60\" style=\"clear:both;display:block;\"><\/div>[\/vc_column][\/vc_row]<\/p>\n<\/div>","protected":false},"excerpt":{"rendered":"<p>[vc_row full_width=&#8221;stretch_row&#8221; el_class=&#8221;produkter&#8221;][vc_column][vc_column_text] Baltrotator BSV importerar och s\u00e4ljer rotatorer fr\u00e5n producenten Baltorator. Denna typ av rotator \u00e4r en robust rotator och tillhandah\u00e5lls med en lyftkapacitet fr\u00e5n 3\u00a0ton till 10\u00a0ton. Rotatorn finns b\u00e5de med rotatoraxel och med platt bottenplatta f\u00f6r p\u00e5bultning.[\/vc_column_text][vc_empty_space height=&#8221;30px&#8221;][vc_tta_tabs style=&#8221;flat&#8221; shape=&#8221;square&#8221; alignment=&#8221;center&#8221; active_section=&#8221;1&#8243; el_class=&#8221;galleri&#8221;][vc_tta_section title=&#8221;Baltrotator GR30&#8243; tab_id=&#8221;baltrotator-GR30&#8243;][vc_media_grid element_width=&#8221;3&#8243; gap=&#8221;20&#8243; item=&#8221;467&#8243; grid_id=&#8221;vc_gid:1667229174210-0c6bc1bb-3a76-7&#8243; include=&#8221;7647,7634,7638,7642&#8243;][\/vc_tta_section][vc_tta_section title=&#8221;Baltrotator &#8230; <a title=\"Baltrotator\" class=\"read-more\" href=\"https:\/\/bsv.dk\/sv\/rotatorer\/kulrotator\/\" aria-label=\"Read more about Baltrotator\">L\u00e4s mer<\/a><\/p>\n","protected":false},"author":1,"featured_media":0,"parent":6183,"menu_order":18,"comment_status":"closed","ping_status":"closed","template":"","meta":{"footnotes":""},"categories":[],"class_list":["post-7766","page","type-page","status-publish"],"yoast_head":"<!-- This site is optimized with the Yoast SEO plugin v27.5 - https:\/\/yoast.com\/product\/yoast-seo-wordpress\/ -->\n<title>Baltrotator &#183; BSV<\/title>\n<meta name=\"robots\" content=\"index, follow, max-snippet:-1, max-image-preview:large, max-video-preview:-1\" \/>\n<link rel=\"canonical\" href=\"https:\/\/bsv.dk\/sv\/rotatorer\/kulrotator\/\" \/>\n<meta property=\"og:locale\" content=\"sv_SE\" \/>\n<meta property=\"og:type\" content=\"article\" \/>\n<meta property=\"og:title\" content=\"Baltrotator &#183; BSV\" \/>\n<meta property=\"og:description\" content=\"[vc_row full_width=&#8221;stretch_row&#8221; el_class=&#8221;produkter&#8221;][vc_column][vc_column_text] Baltrotator BSV importerar och s\u00e4ljer rotatorer fr\u00e5n producenten Baltorator. Denna typ av rotator \u00e4r en robust rotator och tillhandah\u00e5lls med en lyftkapacitet fr\u00e5n 3\u00a0ton till 10\u00a0ton. Rotatorn finns b\u00e5de med rotatoraxel och med platt bottenplatta f\u00f6r p\u00e5bultning.[\/vc_column_text][vc_empty_space height=&#8221;30px&#8221;][vc_tta_tabs style=&#8221;flat&#8221; shape=&#8221;square&#8221; alignment=&#8221;center&#8221; active_section=&#8221;1&#8243; el_class=&#8221;galleri&#8221;][vc_tta_section title=&#8221;Baltrotator GR30&#8243; tab_id=&#8221;baltrotator-GR30&#8243;][vc_media_grid element_width=&#8221;3&#8243; gap=&#8221;20&#8243; item=&#8221;467&#8243; grid_id=&#8221;vc_gid:1667229174210-0c6bc1bb-3a76-7&#8243; include=&#8221;7647,7634,7638,7642&#8243;][\/vc_tta_section][vc_tta_section title=&#8221;Baltrotator ... L\u00e4s mer\" \/>\n<meta property=\"og:url\" content=\"https:\/\/bsv.dk\/sv\/rotatorer\/kulrotator\/\" \/>\n<meta property=\"og:site_name\" content=\"BSV\" \/>\n<meta property=\"article:modified_time\" content=\"2022-11-14T09:30:02+00:00\" \/>\n<meta name=\"twitter:card\" content=\"summary_large_image\" \/>\n<meta name=\"twitter:label1\" content=\"Est. reading time\" \/>\n\t<meta name=\"twitter:data1\" content=\"1 minute\" \/>\n<script type=\"application\/ld+json\" class=\"yoast-schema-graph\">{\"@context\":\"https:\\\/\\\/schema.org\",\"@graph\":[{\"@type\":\"WebPage\",\"@id\":\"https:\\\/\\\/bsv.dk\\\/sv\\\/rotatorer\\\/kulrotator\\\/\",\"url\":\"https:\\\/\\\/bsv.dk\\\/sv\\\/rotatorer\\\/kulrotator\\\/\",\"name\":\"Baltrotator &#183; BSV\",\"isPartOf\":{\"@id\":\"https:\\\/\\\/bsv.dk\\\/#website\"},\"datePublished\":\"2022-08-31T10:10:43+00:00\",\"dateModified\":\"2022-11-14T09:30:02+00:00\",\"breadcrumb\":{\"@id\":\"https:\\\/\\\/bsv.dk\\\/sv\\\/rotatorer\\\/kulrotator\\\/#breadcrumb\"},\"inLanguage\":\"sv-SE\",\"potentialAction\":[{\"@type\":\"ReadAction\",\"target\":[\"https:\\\/\\\/bsv.dk\\\/sv\\\/rotatorer\\\/kulrotator\\\/\"]}]},{\"@type\":\"BreadcrumbList\",\"@id\":\"https:\\\/\\\/bsv.dk\\\/sv\\\/rotatorer\\\/kulrotator\\\/#breadcrumb\",\"itemListElement\":[{\"@type\":\"ListItem\",\"position\":1,\"name\":\"Hjem\",\"item\":\"https:\\\/\\\/bsv.dk\\\/sv\\\/vaelkommen\\\/\"},{\"@type\":\"ListItem\",\"position\":2,\"name\":\"Rotatorer\",\"item\":\"https:\\\/\\\/bsv.dk\\\/sv\\\/rotatorer\\\/\"},{\"@type\":\"ListItem\",\"position\":3,\"name\":\"Baltrotator\"}]},{\"@type\":\"WebSite\",\"@id\":\"https:\\\/\\\/bsv.dk\\\/#website\",\"url\":\"https:\\\/\\\/bsv.dk\\\/\",\"name\":\"BSV\",\"description\":\"L\u00f8fteudstyr og krantilbeh\u00f8r: K\u00f8b dit l\u00f8ftegrej og kran-udstyr\",\"publisher\":{\"@id\":\"https:\\\/\\\/bsv.dk\\\/#organization\"},\"potentialAction\":[{\"@type\":\"SearchAction\",\"target\":{\"@type\":\"EntryPoint\",\"urlTemplate\":\"https:\\\/\\\/bsv.dk\\\/?s={search_term_string}\"},\"query-input\":{\"@type\":\"PropertyValueSpecification\",\"valueRequired\":true,\"valueName\":\"search_term_string\"}}],\"inLanguage\":\"sv-SE\"},{\"@type\":\"Organization\",\"@id\":\"https:\\\/\\\/bsv.dk\\\/#organization\",\"name\":\"BSV\",\"url\":\"https:\\\/\\\/bsv.dk\\\/\",\"logo\":{\"@type\":\"ImageObject\",\"inLanguage\":\"sv-SE\",\"@id\":\"https:\\\/\\\/bsv.dk\\\/#\\\/schema\\\/logo\\\/image\\\/\",\"url\":\"https:\\\/\\\/bsv.dk\\\/wp-content\\\/uploads\\\/2022\\\/07\\\/bsv-logo.png\",\"contentUrl\":\"https:\\\/\\\/bsv.dk\\\/wp-content\\\/uploads\\\/2022\\\/07\\\/bsv-logo.png\",\"width\":594,\"height\":249,\"caption\":\"BSV\"},\"image\":{\"@id\":\"https:\\\/\\\/bsv.dk\\\/#\\\/schema\\\/logo\\\/image\\\/\"}}]}<\/script>\n<!-- \/ Yoast SEO plugin. -->","yoast_head_json":{"title":"Baltrotator &#183; BSV","robots":{"index":"index","follow":"follow","max-snippet":"max-snippet:-1","max-image-preview":"max-image-preview:large","max-video-preview":"max-video-preview:-1"},"canonical":"https:\/\/bsv.dk\/sv\/rotatorer\/kulrotator\/","og_locale":"sv_SE","og_type":"article","og_title":"Baltrotator &#183; BSV","og_description":"[vc_row full_width=&#8221;stretch_row&#8221; el_class=&#8221;produkter&#8221;][vc_column][vc_column_text] Baltrotator BSV importerar och s\u00e4ljer rotatorer fr\u00e5n producenten Baltorator. Denna typ av rotator \u00e4r en robust rotator och tillhandah\u00e5lls med en lyftkapacitet fr\u00e5n 3\u00a0ton till 10\u00a0ton. Rotatorn finns b\u00e5de med rotatoraxel och med platt bottenplatta f\u00f6r p\u00e5bultning.[\/vc_column_text][vc_empty_space height=&#8221;30px&#8221;][vc_tta_tabs style=&#8221;flat&#8221; shape=&#8221;square&#8221; alignment=&#8221;center&#8221; active_section=&#8221;1&#8243; el_class=&#8221;galleri&#8221;][vc_tta_section title=&#8221;Baltrotator GR30&#8243; tab_id=&#8221;baltrotator-GR30&#8243;][vc_media_grid element_width=&#8221;3&#8243; gap=&#8221;20&#8243; item=&#8221;467&#8243; grid_id=&#8221;vc_gid:1667229174210-0c6bc1bb-3a76-7&#8243; include=&#8221;7647,7634,7638,7642&#8243;][\/vc_tta_section][vc_tta_section title=&#8221;Baltrotator ... L\u00e4s mer","og_url":"https:\/\/bsv.dk\/sv\/rotatorer\/kulrotator\/","og_site_name":"BSV","article_modified_time":"2022-11-14T09:30:02+00:00","twitter_card":"summary_large_image","twitter_misc":{"Est. reading time":"1 minute"},"schema":{"@context":"https:\/\/schema.org","@graph":[{"@type":"WebPage","@id":"https:\/\/bsv.dk\/sv\/rotatorer\/kulrotator\/","url":"https:\/\/bsv.dk\/sv\/rotatorer\/kulrotator\/","name":"Baltrotator &#183; BSV","isPartOf":{"@id":"https:\/\/bsv.dk\/#website"},"datePublished":"2022-08-31T10:10:43+00:00","dateModified":"2022-11-14T09:30:02+00:00","breadcrumb":{"@id":"https:\/\/bsv.dk\/sv\/rotatorer\/kulrotator\/#breadcrumb"},"inLanguage":"sv-SE","potentialAction":[{"@type":"ReadAction","target":["https:\/\/bsv.dk\/sv\/rotatorer\/kulrotator\/"]}]},{"@type":"BreadcrumbList","@id":"https:\/\/bsv.dk\/sv\/rotatorer\/kulrotator\/#breadcrumb","itemListElement":[{"@type":"ListItem","position":1,"name":"Hjem","item":"https:\/\/bsv.dk\/sv\/vaelkommen\/"},{"@type":"ListItem","position":2,"name":"Rotatorer","item":"https:\/\/bsv.dk\/sv\/rotatorer\/"},{"@type":"ListItem","position":3,"name":"Baltrotator"}]},{"@type":"WebSite","@id":"https:\/\/bsv.dk\/#website","url":"https:\/\/bsv.dk\/","name":"BSV","description":"L\u00f8fteudstyr og krantilbeh\u00f8r: K\u00f8b dit l\u00f8ftegrej og kran-udstyr","publisher":{"@id":"https:\/\/bsv.dk\/#organization"},"potentialAction":[{"@type":"SearchAction","target":{"@type":"EntryPoint","urlTemplate":"https:\/\/bsv.dk\/?s={search_term_string}"},"query-input":{"@type":"PropertyValueSpecification","valueRequired":true,"valueName":"search_term_string"}}],"inLanguage":"sv-SE"},{"@type":"Organization","@id":"https:\/\/bsv.dk\/#organization","name":"BSV","url":"https:\/\/bsv.dk\/","logo":{"@type":"ImageObject","inLanguage":"sv-SE","@id":"https:\/\/bsv.dk\/#\/schema\/logo\/image\/","url":"https:\/\/bsv.dk\/wp-content\/uploads\/2022\/07\/bsv-logo.png","contentUrl":"https:\/\/bsv.dk\/wp-content\/uploads\/2022\/07\/bsv-logo.png","width":594,"height":249,"caption":"BSV"},"image":{"@id":"https:\/\/bsv.dk\/#\/schema\/logo\/image\/"}}]}},"_links":{"self":[{"href":"https:\/\/bsv.dk\/sv\/wp-json\/wp\/v2\/pages\/7766","targetHints":{"allow":["GET"]}}],"collection":[{"href":"https:\/\/bsv.dk\/sv\/wp-json\/wp\/v2\/pages"}],"about":[{"href":"https:\/\/bsv.dk\/sv\/wp-json\/wp\/v2\/types\/page"}],"author":[{"embeddable":true,"href":"https:\/\/bsv.dk\/sv\/wp-json\/wp\/v2\/users\/1"}],"replies":[{"embeddable":true,"href":"https:\/\/bsv.dk\/sv\/wp-json\/wp\/v2\/comments?post=7766"}],"version-history":[{"count":3,"href":"https:\/\/bsv.dk\/sv\/wp-json\/wp\/v2\/pages\/7766\/revisions"}],"predecessor-version":[{"id":8644,"href":"https:\/\/bsv.dk\/sv\/wp-json\/wp\/v2\/pages\/7766\/revisions\/8644"}],"up":[{"embeddable":true,"href":"https:\/\/bsv.dk\/sv\/wp-json\/wp\/v2\/pages\/6183"}],"wp:attachment":[{"href":"https:\/\/bsv.dk\/sv\/wp-json\/wp\/v2\/media?parent=7766"}],"wp:term":[{"taxonomy":"category","embeddable":true,"href":"https:\/\/bsv.dk\/sv\/wp-json\/wp\/v2\/categories?post=7766"}],"curies":[{"name":"wp","href":"https:\/\/api.w.org\/{rel}","templated":true}]}}