{"id":7754,"date":"2022-08-31T12:08:35","date_gmt":"2022-08-31T10:08:35","guid":{"rendered":"https:\/\/bsv.dk\/mekaniska-lyfttaenger\/bilskyddstaenger\/"},"modified":"2026-02-18T08:41:57","modified_gmt":"2026-02-18T07:41:57","slug":"bilskyddstaenger","status":"publish","type":"page","link":"https:\/\/bsv.dk\/sv\/mekaniska-lyfttaenger\/bilskyddstaenger\/","title":{"rendered":"F\u00f6r v\u00e4gbarri\u00e4rer"},"content":{"rendered":"<div class=\"wpb-content-wrapper\"><p>[vc_row full_width=&#8221;stretch_row&#8221;][vc_column]<div class=\"ult-spacer spacer-69e189a9839c9\" data-id=\"69e189a9839c9\" data-height=\"90\" data-height-mobile=\"60\" data-height-tab=\"90\" data-height-tab-portrait=\"60\" data-height-mobile-landscape=\"60\" style=\"clear:both;display:block;\"><\/div>[vc_row_inner equal_height=&#8221;yes&#8221;][vc_column_inner width=&#8221;1\/2&#8243;][vc_media_grid style=&#8221;pagination&#8221; items_per_page=&#8221;1&#8243; element_width=&#8221;12&#8243; gap=&#8221;20&#8243; paging_color=&#8221;black&#8221; loop=&#8221;yes&#8221; grid_id=&#8221;vc_gid:1771400496655-62a79320-95ef-9&#8243; include=&#8221;7219,7223,7227,7231&#8243;][\/vc_column_inner][vc_column_inner width=&#8221;1\/2&#8243;][vc_column_text]<\/p>\n<h1><strong>T\u00e5ng f\u00f6r lyft av v\u00e4gbarri\u00e4rer<\/strong><\/h1>\n<p>[\/vc_column_text][vc_empty_space height=&#8221;30px&#8221;][vc_btn title=&#8221;Download PDF&#8221; style=&#8221;custom&#8221; custom_background=&#8221;#fc5623&#8243; custom_text=&#8221;#ffffff&#8221; shape=&#8221;square&#8221; size=&#8221;sm&#8221; align=&#8221;left&#8221; link=&#8221;url:https%3A%2F%2Fbsv.dk%2Fwp-content%2Fuploads%2F2025%2F01%2F1507-50-185-dk.pdf|target:_blank&#8221;][vc_empty_space height=&#8221;10px&#8221;][vc_column_text]<span data-olk-copy-source=\"MessageBody\">1507 (50-185 mm)<\/span>[\/vc_column_text][vc_empty_space height=&#8221;30px&#8221;][vc_btn title=&#8221;Download PDF&#8221; style=&#8221;custom&#8221; custom_background=&#8221;#fc5623&#8243; custom_text=&#8221;#ffffff&#8221; shape=&#8221;square&#8221; size=&#8221;sm&#8221; align=&#8221;left&#8221; link=&#8221;url:https%3A%2F%2Fbsv.dk%2Fwp-content%2Fuploads%2F2025%2F01%2F1507-125-250-dk.pdf|target:_blank&#8221;][vc_empty_space height=&#8221;10px&#8221;][vc_column_text]<span data-olk-copy-source=\"MessageBody\">1507 (125-250 mm)<\/span>[\/vc_column_text][vc_empty_space height=&#8221;30px&#8221;][vc_column_text]Lyftt\u00e5ng typ 1507 \u00e4r den enkla och effektiva l\u00f6sningen f\u00f6r att lyfta och flytta v\u00e4gbarri\u00e4rer. T\u00e5ngen \u00e4r en h\u00f6gkvalitativ produkt som utvecklats och framst\u00e4llts av BSV i Danmark. T\u00e5ngen har ett automatiskt l\u00e5ssystem som inneb\u00e4r att den griper varannan g\u00e5ng och sl\u00e4pper varannan g\u00e5ng n\u00e4r den betj\u00e4nas av kranf\u00f6raren.<\/p>\n<p>T\u00e5ngen finns i flera olika storlekar och med tv\u00e5 olika sp\u00e4nnvidder. T\u00e5ngens sp\u00e4nnvidd \u00e4r 50-185 mm och 125-250 mm och b\u00e5da typerna kan lyfta 2.500,<br \/>\n3.500 och 4.500 kg.<\/p>\n<p>Alla t\u00e4nger fr\u00e5n BSV \u00e4r 100\u00a0% danskproducerade och inkluderar sj\u00e4lvklart testcertifikat och CE-m\u00e4rkning. Ut\u00f6ver standardf\u00e4rgen s\u00e5 kan BSV erbjuda \u00e4ven andra f\u00e4rger.<\/p>\n<p>Kontakta oss g\u00e4rna g\u00e4llande din lyftuppgift s\u00e5 hj\u00e4lper vi dig hitta den r\u00e4tta lyftt\u00e5ngen.[\/vc_column_text][vc_empty_space height=&#8221;10px&#8221;][vc_btn title=&#8221;Webshop&#8221; style=&#8221;custom&#8221; custom_background=&#8221;#fc5623&#8243; custom_text=&#8221;#ffffff&#8221; shape=&#8221;square&#8221; size=&#8221;sm&#8221; align=&#8221;left&#8221; css=&#8221;&#8221; link=&#8221;url:https%3A%2F%2Fwww.bsv-shop.com%2F|target:_blank&#8221;][vc_empty_space height=&#8221;10px&#8221;][\/vc_column_inner][\/vc_row_inner]<div class=\"ult-spacer spacer-69e189a983a17\" data-id=\"69e189a983a17\" data-height=\"90\" data-height-mobile=\"60\" data-height-tab=\"90\" data-height-tab-portrait=\"60\" data-height-mobile-landscape=\"60\" style=\"clear:both;display:block;\"><\/div>[\/vc_column][\/vc_row]<\/p>\n<\/div>","protected":false},"excerpt":{"rendered":"<p>[vc_row full_width=&#8221;stretch_row&#8221;][vc_column][vc_row_inner equal_height=&#8221;yes&#8221;][vc_column_inner width=&#8221;1\/2&#8243;][vc_media_grid style=&#8221;pagination&#8221; items_per_page=&#8221;1&#8243; element_width=&#8221;12&#8243; gap=&#8221;20&#8243; paging_color=&#8221;black&#8221; loop=&#8221;yes&#8221; grid_id=&#8221;vc_gid:1771400496655-62a79320-95ef-9&#8243; include=&#8221;7219,7223,7227,7231&#8243;][\/vc_column_inner][vc_column_inner width=&#8221;1\/2&#8243;][vc_column_text] T\u00e5ng f\u00f6r lyft av v\u00e4gbarri\u00e4rer [\/vc_column_text][vc_empty_space height=&#8221;30px&#8221;][vc_btn title=&#8221;Download PDF&#8221; style=&#8221;custom&#8221; custom_background=&#8221;#fc5623&#8243; custom_text=&#8221;#ffffff&#8221; shape=&#8221;square&#8221; size=&#8221;sm&#8221; align=&#8221;left&#8221; link=&#8221;url:https%3A%2F%2Fbsv.dk%2Fwp-content%2Fuploads%2F2025%2F01%2F1507-50-185-dk.pdf|target:_blank&#8221;][vc_empty_space height=&#8221;10px&#8221;][vc_column_text]1507 (50-185 mm)[\/vc_column_text][vc_empty_space height=&#8221;30px&#8221;][vc_btn title=&#8221;Download PDF&#8221; style=&#8221;custom&#8221; custom_background=&#8221;#fc5623&#8243; custom_text=&#8221;#ffffff&#8221; shape=&#8221;square&#8221; size=&#8221;sm&#8221; align=&#8221;left&#8221; link=&#8221;url:https%3A%2F%2Fbsv.dk%2Fwp-content%2Fuploads%2F2025%2F01%2F1507-125-250-dk.pdf|target:_blank&#8221;][vc_empty_space height=&#8221;10px&#8221;][vc_column_text]1507 (125-250 mm)[\/vc_column_text][vc_empty_space height=&#8221;30px&#8221;][vc_column_text]Lyftt\u00e5ng typ 1507 \u00e4r den enkla och effektiva l\u00f6sningen f\u00f6r &#8230; <a title=\"F\u00f6r v\u00e4gbarri\u00e4rer\" class=\"read-more\" href=\"https:\/\/bsv.dk\/sv\/mekaniska-lyfttaenger\/bilskyddstaenger\/\" aria-label=\"Read more about F\u00f6r v\u00e4gbarri\u00e4rer\">L\u00e4s mer<\/a><\/p>\n","protected":false},"author":1,"featured_media":0,"parent":6194,"menu_order":16,"comment_status":"closed","ping_status":"closed","template":"","meta":{"footnotes":""},"categories":[],"class_list":["post-7754","page","type-page","status-publish"],"yoast_head":"<!-- This site is optimized with the Yoast SEO plugin v27.4 - https:\/\/yoast.com\/product\/yoast-seo-wordpress\/ -->\n<title>F\u00f6r v\u00e4gbarri\u00e4rer &#183; BSV<\/title>\n<meta name=\"robots\" content=\"index, follow, max-snippet:-1, max-image-preview:large, max-video-preview:-1\" \/>\n<link rel=\"canonical\" href=\"https:\/\/bsv.dk\/sv\/mekaniska-lyfttaenger\/bilskyddstaenger\/\" \/>\n<meta property=\"og:locale\" content=\"sv_SE\" \/>\n<meta property=\"og:type\" content=\"article\" \/>\n<meta property=\"og:title\" content=\"F\u00f6r v\u00e4gbarri\u00e4rer &#183; BSV\" \/>\n<meta property=\"og:description\" content=\"[vc_row full_width=&#8221;stretch_row&#8221;][vc_column][vc_row_inner equal_height=&#8221;yes&#8221;][vc_column_inner width=&#8221;1\/2&#8243;][vc_media_grid style=&#8221;pagination&#8221; items_per_page=&#8221;1&#8243; element_width=&#8221;12&#8243; gap=&#8221;20&#8243; paging_color=&#8221;black&#8221; loop=&#8221;yes&#8221; grid_id=&#8221;vc_gid:1771400496655-62a79320-95ef-9&#8243; include=&#8221;7219,7223,7227,7231&#8243;][\/vc_column_inner][vc_column_inner width=&#8221;1\/2&#8243;][vc_column_text] T\u00e5ng f\u00f6r lyft av v\u00e4gbarri\u00e4rer [\/vc_column_text][vc_empty_space height=&#8221;30px&#8221;][vc_btn title=&#8221;Download PDF&#8221; style=&#8221;custom&#8221; custom_background=&#8221;#fc5623&#8243; custom_text=&#8221;#ffffff&#8221; shape=&#8221;square&#8221; size=&#8221;sm&#8221; align=&#8221;left&#8221; link=&#8221;url:https%3A%2F%2Fbsv.dk%2Fwp-content%2Fuploads%2F2025%2F01%2F1507-50-185-dk.pdf|target:_blank&#8221;][vc_empty_space height=&#8221;10px&#8221;][vc_column_text]1507 (50-185 mm)[\/vc_column_text][vc_empty_space height=&#8221;30px&#8221;][vc_btn title=&#8221;Download PDF&#8221; style=&#8221;custom&#8221; custom_background=&#8221;#fc5623&#8243; custom_text=&#8221;#ffffff&#8221; shape=&#8221;square&#8221; size=&#8221;sm&#8221; align=&#8221;left&#8221; link=&#8221;url:https%3A%2F%2Fbsv.dk%2Fwp-content%2Fuploads%2F2025%2F01%2F1507-125-250-dk.pdf|target:_blank&#8221;][vc_empty_space height=&#8221;10px&#8221;][vc_column_text]1507 (125-250 mm)[\/vc_column_text][vc_empty_space height=&#8221;30px&#8221;][vc_column_text]Lyftt\u00e5ng typ 1507 \u00e4r den enkla och effektiva l\u00f6sningen f\u00f6r ... L\u00e4s mer\" \/>\n<meta property=\"og:url\" content=\"https:\/\/bsv.dk\/sv\/mekaniska-lyfttaenger\/bilskyddstaenger\/\" \/>\n<meta property=\"og:site_name\" content=\"BSV\" \/>\n<meta property=\"article:modified_time\" content=\"2026-02-18T07:41:57+00:00\" \/>\n<meta name=\"twitter:card\" content=\"summary_large_image\" \/>\n<meta name=\"twitter:label1\" content=\"Est. reading time\" \/>\n\t<meta name=\"twitter:data1\" content=\"2 minutes\" \/>\n<script type=\"application\/ld+json\" class=\"yoast-schema-graph\">{\"@context\":\"https:\\\/\\\/schema.org\",\"@graph\":[{\"@type\":\"WebPage\",\"@id\":\"https:\\\/\\\/bsv.dk\\\/sv\\\/mekaniska-lyfttaenger\\\/bilskyddstaenger\\\/\",\"url\":\"https:\\\/\\\/bsv.dk\\\/sv\\\/mekaniska-lyfttaenger\\\/bilskyddstaenger\\\/\",\"name\":\"F\u00f6r v\u00e4gbarri\u00e4rer &#183; BSV\",\"isPartOf\":{\"@id\":\"https:\\\/\\\/bsv.dk\\\/#website\"},\"datePublished\":\"2022-08-31T10:08:35+00:00\",\"dateModified\":\"2026-02-18T07:41:57+00:00\",\"breadcrumb\":{\"@id\":\"https:\\\/\\\/bsv.dk\\\/sv\\\/mekaniska-lyfttaenger\\\/bilskyddstaenger\\\/#breadcrumb\"},\"inLanguage\":\"sv-SE\",\"potentialAction\":[{\"@type\":\"ReadAction\",\"target\":[\"https:\\\/\\\/bsv.dk\\\/sv\\\/mekaniska-lyfttaenger\\\/bilskyddstaenger\\\/\"]}]},{\"@type\":\"BreadcrumbList\",\"@id\":\"https:\\\/\\\/bsv.dk\\\/sv\\\/mekaniska-lyfttaenger\\\/bilskyddstaenger\\\/#breadcrumb\",\"itemListElement\":[{\"@type\":\"ListItem\",\"position\":1,\"name\":\"Hjem\",\"item\":\"https:\\\/\\\/bsv.dk\\\/sv\\\/vaelkommen\\\/\"},{\"@type\":\"ListItem\",\"position\":2,\"name\":\"Mekaniska lyftt\u00e4nger\",\"item\":\"https:\\\/\\\/bsv.dk\\\/sv\\\/mekaniska-lyfttaenger\\\/\"},{\"@type\":\"ListItem\",\"position\":3,\"name\":\"F\u00f6r v\u00e4gbarri\u00e4rer\"}]},{\"@type\":\"WebSite\",\"@id\":\"https:\\\/\\\/bsv.dk\\\/#website\",\"url\":\"https:\\\/\\\/bsv.dk\\\/\",\"name\":\"BSV\",\"description\":\"L\u00f8fteudstyr og krantilbeh\u00f8r: K\u00f8b dit l\u00f8ftegrej og kran-udstyr\",\"publisher\":{\"@id\":\"https:\\\/\\\/bsv.dk\\\/#organization\"},\"potentialAction\":[{\"@type\":\"SearchAction\",\"target\":{\"@type\":\"EntryPoint\",\"urlTemplate\":\"https:\\\/\\\/bsv.dk\\\/?s={search_term_string}\"},\"query-input\":{\"@type\":\"PropertyValueSpecification\",\"valueRequired\":true,\"valueName\":\"search_term_string\"}}],\"inLanguage\":\"sv-SE\"},{\"@type\":\"Organization\",\"@id\":\"https:\\\/\\\/bsv.dk\\\/#organization\",\"name\":\"BSV\",\"url\":\"https:\\\/\\\/bsv.dk\\\/\",\"logo\":{\"@type\":\"ImageObject\",\"inLanguage\":\"sv-SE\",\"@id\":\"https:\\\/\\\/bsv.dk\\\/#\\\/schema\\\/logo\\\/image\\\/\",\"url\":\"https:\\\/\\\/bsv.dk\\\/wp-content\\\/uploads\\\/2022\\\/07\\\/bsv-logo.png\",\"contentUrl\":\"https:\\\/\\\/bsv.dk\\\/wp-content\\\/uploads\\\/2022\\\/07\\\/bsv-logo.png\",\"width\":594,\"height\":249,\"caption\":\"BSV\"},\"image\":{\"@id\":\"https:\\\/\\\/bsv.dk\\\/#\\\/schema\\\/logo\\\/image\\\/\"}}]}<\/script>\n<!-- \/ Yoast SEO plugin. -->","yoast_head_json":{"title":"F\u00f6r v\u00e4gbarri\u00e4rer &#183; BSV","robots":{"index":"index","follow":"follow","max-snippet":"max-snippet:-1","max-image-preview":"max-image-preview:large","max-video-preview":"max-video-preview:-1"},"canonical":"https:\/\/bsv.dk\/sv\/mekaniska-lyfttaenger\/bilskyddstaenger\/","og_locale":"sv_SE","og_type":"article","og_title":"F\u00f6r v\u00e4gbarri\u00e4rer &#183; BSV","og_description":"[vc_row full_width=&#8221;stretch_row&#8221;][vc_column][vc_row_inner equal_height=&#8221;yes&#8221;][vc_column_inner width=&#8221;1\/2&#8243;][vc_media_grid style=&#8221;pagination&#8221; items_per_page=&#8221;1&#8243; element_width=&#8221;12&#8243; gap=&#8221;20&#8243; paging_color=&#8221;black&#8221; loop=&#8221;yes&#8221; grid_id=&#8221;vc_gid:1771400496655-62a79320-95ef-9&#8243; include=&#8221;7219,7223,7227,7231&#8243;][\/vc_column_inner][vc_column_inner width=&#8221;1\/2&#8243;][vc_column_text] T\u00e5ng f\u00f6r lyft av v\u00e4gbarri\u00e4rer [\/vc_column_text][vc_empty_space height=&#8221;30px&#8221;][vc_btn title=&#8221;Download PDF&#8221; style=&#8221;custom&#8221; custom_background=&#8221;#fc5623&#8243; custom_text=&#8221;#ffffff&#8221; shape=&#8221;square&#8221; size=&#8221;sm&#8221; align=&#8221;left&#8221; link=&#8221;url:https%3A%2F%2Fbsv.dk%2Fwp-content%2Fuploads%2F2025%2F01%2F1507-50-185-dk.pdf|target:_blank&#8221;][vc_empty_space height=&#8221;10px&#8221;][vc_column_text]1507 (50-185 mm)[\/vc_column_text][vc_empty_space height=&#8221;30px&#8221;][vc_btn title=&#8221;Download PDF&#8221; style=&#8221;custom&#8221; custom_background=&#8221;#fc5623&#8243; custom_text=&#8221;#ffffff&#8221; shape=&#8221;square&#8221; size=&#8221;sm&#8221; align=&#8221;left&#8221; link=&#8221;url:https%3A%2F%2Fbsv.dk%2Fwp-content%2Fuploads%2F2025%2F01%2F1507-125-250-dk.pdf|target:_blank&#8221;][vc_empty_space height=&#8221;10px&#8221;][vc_column_text]1507 (125-250 mm)[\/vc_column_text][vc_empty_space height=&#8221;30px&#8221;][vc_column_text]Lyftt\u00e5ng typ 1507 \u00e4r den enkla och effektiva l\u00f6sningen f\u00f6r ... L\u00e4s mer","og_url":"https:\/\/bsv.dk\/sv\/mekaniska-lyfttaenger\/bilskyddstaenger\/","og_site_name":"BSV","article_modified_time":"2026-02-18T07:41:57+00:00","twitter_card":"summary_large_image","twitter_misc":{"Est. reading time":"2 minutes"},"schema":{"@context":"https:\/\/schema.org","@graph":[{"@type":"WebPage","@id":"https:\/\/bsv.dk\/sv\/mekaniska-lyfttaenger\/bilskyddstaenger\/","url":"https:\/\/bsv.dk\/sv\/mekaniska-lyfttaenger\/bilskyddstaenger\/","name":"F\u00f6r v\u00e4gbarri\u00e4rer &#183; BSV","isPartOf":{"@id":"https:\/\/bsv.dk\/#website"},"datePublished":"2022-08-31T10:08:35+00:00","dateModified":"2026-02-18T07:41:57+00:00","breadcrumb":{"@id":"https:\/\/bsv.dk\/sv\/mekaniska-lyfttaenger\/bilskyddstaenger\/#breadcrumb"},"inLanguage":"sv-SE","potentialAction":[{"@type":"ReadAction","target":["https:\/\/bsv.dk\/sv\/mekaniska-lyfttaenger\/bilskyddstaenger\/"]}]},{"@type":"BreadcrumbList","@id":"https:\/\/bsv.dk\/sv\/mekaniska-lyfttaenger\/bilskyddstaenger\/#breadcrumb","itemListElement":[{"@type":"ListItem","position":1,"name":"Hjem","item":"https:\/\/bsv.dk\/sv\/vaelkommen\/"},{"@type":"ListItem","position":2,"name":"Mekaniska lyftt\u00e4nger","item":"https:\/\/bsv.dk\/sv\/mekaniska-lyfttaenger\/"},{"@type":"ListItem","position":3,"name":"F\u00f6r v\u00e4gbarri\u00e4rer"}]},{"@type":"WebSite","@id":"https:\/\/bsv.dk\/#website","url":"https:\/\/bsv.dk\/","name":"BSV","description":"L\u00f8fteudstyr og krantilbeh\u00f8r: K\u00f8b dit l\u00f8ftegrej og kran-udstyr","publisher":{"@id":"https:\/\/bsv.dk\/#organization"},"potentialAction":[{"@type":"SearchAction","target":{"@type":"EntryPoint","urlTemplate":"https:\/\/bsv.dk\/?s={search_term_string}"},"query-input":{"@type":"PropertyValueSpecification","valueRequired":true,"valueName":"search_term_string"}}],"inLanguage":"sv-SE"},{"@type":"Organization","@id":"https:\/\/bsv.dk\/#organization","name":"BSV","url":"https:\/\/bsv.dk\/","logo":{"@type":"ImageObject","inLanguage":"sv-SE","@id":"https:\/\/bsv.dk\/#\/schema\/logo\/image\/","url":"https:\/\/bsv.dk\/wp-content\/uploads\/2022\/07\/bsv-logo.png","contentUrl":"https:\/\/bsv.dk\/wp-content\/uploads\/2022\/07\/bsv-logo.png","width":594,"height":249,"caption":"BSV"},"image":{"@id":"https:\/\/bsv.dk\/#\/schema\/logo\/image\/"}}]}},"_links":{"self":[{"href":"https:\/\/bsv.dk\/sv\/wp-json\/wp\/v2\/pages\/7754","targetHints":{"allow":["GET"]}}],"collection":[{"href":"https:\/\/bsv.dk\/sv\/wp-json\/wp\/v2\/pages"}],"about":[{"href":"https:\/\/bsv.dk\/sv\/wp-json\/wp\/v2\/types\/page"}],"author":[{"embeddable":true,"href":"https:\/\/bsv.dk\/sv\/wp-json\/wp\/v2\/users\/1"}],"replies":[{"embeddable":true,"href":"https:\/\/bsv.dk\/sv\/wp-json\/wp\/v2\/comments?post=7754"}],"version-history":[{"count":7,"href":"https:\/\/bsv.dk\/sv\/wp-json\/wp\/v2\/pages\/7754\/revisions"}],"predecessor-version":[{"id":902167,"href":"https:\/\/bsv.dk\/sv\/wp-json\/wp\/v2\/pages\/7754\/revisions\/902167"}],"up":[{"embeddable":true,"href":"https:\/\/bsv.dk\/sv\/wp-json\/wp\/v2\/pages\/6194"}],"wp:attachment":[{"href":"https:\/\/bsv.dk\/sv\/wp-json\/wp\/v2\/media?parent=7754"}],"wp:term":[{"taxonomy":"category","embeddable":true,"href":"https:\/\/bsv.dk\/sv\/wp-json\/wp\/v2\/categories?post=7754"}],"curies":[{"name":"wp","href":"https:\/\/api.w.org\/{rel}","templated":true}]}}