{"id":6376,"date":"2022-07-13T07:33:10","date_gmt":"2022-07-13T05:33:10","guid":{"rendered":"https:\/\/bsv.dk\/pallgafflar\/pallgaffel-med-klaemupphaengning\/"},"modified":"2026-02-18T08:30:05","modified_gmt":"2026-02-18T07:30:05","slug":"med-klaemupphaengning","status":"publish","type":"page","link":"https:\/\/bsv.dk\/sv\/pallgafflar\/med-klaemupphaengning\/","title":{"rendered":"Med kl\u00e4mupph\u00e4ngning"},"content":{"rendered":"<div class=\"wpb-content-wrapper\"><p>[vc_row full_width=&#8221;stretch_row&#8221; el_class=&#8221;produkter&#8221;][vc_column]<div class=\"ult-spacer spacer-69f45f35adee8\" data-id=\"69f45f35adee8\" data-height=\"90\" data-height-mobile=\"60\" data-height-tab=\"90\" data-height-tab-portrait=\"60\" data-height-mobile-landscape=\"60\" style=\"clear:both;display:block;\"><\/div>[vc_row_inner equal_height=&#8221;yes&#8221;][vc_column_inner offset=&#8221;vc_col-lg-6 vc_col-md-6 vc_col-xs-12&#8243;][vc_media_grid style=&#8221;pagination&#8221; items_per_page=&#8221;1&#8243; element_width=&#8221;12&#8243; gap=&#8221;20&#8243; arrows_design=&#8221;vc_arrow-icon-arrow_01_left&#8221; arrows_position=&#8221;outside&#8221; arrows_color=&#8221;black&#8221; paging_design=&#8221;none&#8221; loop=&#8221;yes&#8221; item=&#8221;2845&#8243; grid_id=&#8221;vc_gid:1771399783169-8a44bed1-4ea3-2&#8243; include=&#8221;7554,7559,7563,7567&#8243;]<div class=\"ult-spacer spacer-69f45f35adf37\" data-id=\"69f45f35adf37\" data-height=\"0\" data-height-mobile=\"30\" data-height-tab=\"0\" data-height-tab-portrait=\"30\" data-height-mobile-landscape=\"30\" style=\"clear:both;display:block;\"><\/div>[\/vc_column_inner][vc_column_inner offset=&#8221;vc_col-lg-6 vc_col-md-6 vc_col-xs-12&#8243;][vc_column_text]<\/p>\n<h1>BSV pallgaffel med kl\u00e4mupph\u00e4ngning<\/h1>\n<p>[\/vc_column_text][vc_empty_space height=&#8221;30px&#8221;][vc_btn title=&#8221;Download PDF&#8221; style=&#8221;custom&#8221; custom_background=&#8221;#f7b639&#8243; custom_text=&#8221;#ffffff&#8221; shape=&#8221;square&#8221; size=&#8221;sm&#8221; align=&#8221;left&#8221; link=&#8221;url:http%3A%2F%2Fbsv.dk%2Fwp-content%2Fuploads%2F2022%2F07%2Fdatablad-bsv-pallegaffel-med-klemophaeng.pdf|target:_blank&#8221;][vc_empty_space height=&#8221;30px&#8221;][vc_column_text]BSV har ett brett sortiment av pallgafflar med kl\u00e4mupph\u00e4ngning. Pallgafflarna \u00e4r tillverkade i slitstarkt st\u00e5l och \u00e4r mycket starka och robusta samt med l\u00e5g egenvikt.<\/p>\n<p>&nbsp;<\/p>\n<p>Kl\u00e4mbeslaget g\u00f6r det m\u00f6jligt f\u00f6r kranf\u00f6raren att lyfta pallgaffeln med exakt den tyngdpunkt som passar den aktuella lasten eller uppgiften. Det \u00e4r d\u00e4rmed den optimala l\u00f6sningen f\u00f6r lyft av olika typer av gods och emballage d\u00e4r tyngdpunkten ofta varierar eftersom upph\u00e4ngningen kan placeras exakt vid lastens tyngdpunkt.<\/p>\n<p>Denna pallgaffeltyp kan lyfta upp till 2 eller 3\u00a0ton.<\/p>\n<p>Alla v\u00e5ra pallgafflar \u00e4r 100\u00a0% danskproducerade och inkluderar sj\u00e4lvklart testcertifikat och CE-m\u00e4rkning. Ut\u00f6ver standardf\u00e4rgen s\u00e5 kan BSV erbjuda \u00e4ven andra f\u00e4rger.[\/vc_column_text][vc_empty_space height=&#8221;30px&#8221;][vc_btn title=&#8221;Webshop&#8221; style=&#8221;custom&#8221; custom_background=&#8221;#f7b639&#8243; custom_text=&#8221;#ffffff&#8221; shape=&#8221;square&#8221; size=&#8221;sm&#8221; align=&#8221;left&#8221; css=&#8221;&#8221; link=&#8221;url:https%3A%2F%2Fwww.bsv-shop.com%2F|target:_blank&#8221;][vc_empty_space height=&#8221;30px&#8221;][\/vc_column_inner][\/vc_row_inner]<div class=\"ult-spacer spacer-69f45f35adf5e\" data-id=\"69f45f35adf5e\" data-height=\"90\" data-height-mobile=\"60\" data-height-tab=\"90\" data-height-tab-portrait=\"60\" data-height-mobile-landscape=\"60\" style=\"clear:both;display:block;\"><\/div>[\/vc_column][\/vc_row]<\/p>\n<\/div>","protected":false},"excerpt":{"rendered":"<p>[vc_row full_width=&#8221;stretch_row&#8221; el_class=&#8221;produkter&#8221;][vc_column][vc_row_inner equal_height=&#8221;yes&#8221;][vc_column_inner offset=&#8221;vc_col-lg-6 vc_col-md-6 vc_col-xs-12&#8243;][vc_media_grid style=&#8221;pagination&#8221; items_per_page=&#8221;1&#8243; element_width=&#8221;12&#8243; gap=&#8221;20&#8243; arrows_design=&#8221;vc_arrow-icon-arrow_01_left&#8221; arrows_position=&#8221;outside&#8221; arrows_color=&#8221;black&#8221; paging_design=&#8221;none&#8221; loop=&#8221;yes&#8221; item=&#8221;2845&#8243; grid_id=&#8221;vc_gid:1771399783169-8a44bed1-4ea3-2&#8243; include=&#8221;7554,7559,7563,7567&#8243;][\/vc_column_inner][vc_column_inner offset=&#8221;vc_col-lg-6 vc_col-md-6 vc_col-xs-12&#8243;][vc_column_text] BSV pallgaffel med kl\u00e4mupph\u00e4ngning [\/vc_column_text][vc_empty_space height=&#8221;30px&#8221;][vc_btn title=&#8221;Download PDF&#8221; style=&#8221;custom&#8221; custom_background=&#8221;#f7b639&#8243; custom_text=&#8221;#ffffff&#8221; shape=&#8221;square&#8221; size=&#8221;sm&#8221; align=&#8221;left&#8221; link=&#8221;url:http%3A%2F%2Fbsv.dk%2Fwp-content%2Fuploads%2F2022%2F07%2Fdatablad-bsv-pallegaffel-med-klemophaeng.pdf|target:_blank&#8221;][vc_empty_space height=&#8221;30px&#8221;][vc_column_text]BSV har ett brett sortiment av pallgafflar med kl\u00e4mupph\u00e4ngning. Pallgafflarna \u00e4r tillverkade i slitstarkt st\u00e5l och \u00e4r mycket &#8230; <a title=\"Med kl\u00e4mupph\u00e4ngning\" class=\"read-more\" href=\"https:\/\/bsv.dk\/sv\/pallgafflar\/med-klaemupphaengning\/\" aria-label=\"Read more about Med kl\u00e4mupph\u00e4ngning\">L\u00e4s mer<\/a><\/p>\n","protected":false},"author":1,"featured_media":0,"parent":6284,"menu_order":0,"comment_status":"closed","ping_status":"closed","template":"","meta":{"footnotes":""},"categories":[51],"class_list":{"0":"post-6376","1":"page","2":"type-page","3":"status-publish","5":"category-pallgafflar"},"yoast_head":"<!-- This site is optimized with the Yoast SEO plugin v27.5 - https:\/\/yoast.com\/product\/yoast-seo-wordpress\/ -->\n<title>Med kl\u00e4mupph\u00e4ngning &#183; BSV<\/title>\n<meta name=\"robots\" content=\"index, follow, max-snippet:-1, max-image-preview:large, max-video-preview:-1\" \/>\n<link rel=\"canonical\" href=\"https:\/\/bsv.dk\/sv\/pallgafflar\/med-klaemupphaengning\/\" \/>\n<meta property=\"og:locale\" content=\"sv_SE\" \/>\n<meta property=\"og:type\" content=\"article\" \/>\n<meta property=\"og:title\" content=\"Med kl\u00e4mupph\u00e4ngning &#183; BSV\" \/>\n<meta property=\"og:description\" content=\"[vc_row full_width=&#8221;stretch_row&#8221; el_class=&#8221;produkter&#8221;][vc_column][vc_row_inner equal_height=&#8221;yes&#8221;][vc_column_inner offset=&#8221;vc_col-lg-6 vc_col-md-6 vc_col-xs-12&#8243;][vc_media_grid style=&#8221;pagination&#8221; items_per_page=&#8221;1&#8243; element_width=&#8221;12&#8243; gap=&#8221;20&#8243; arrows_design=&#8221;vc_arrow-icon-arrow_01_left&#8221; arrows_position=&#8221;outside&#8221; arrows_color=&#8221;black&#8221; paging_design=&#8221;none&#8221; loop=&#8221;yes&#8221; item=&#8221;2845&#8243; grid_id=&#8221;vc_gid:1771399783169-8a44bed1-4ea3-2&#8243; include=&#8221;7554,7559,7563,7567&#8243;][\/vc_column_inner][vc_column_inner offset=&#8221;vc_col-lg-6 vc_col-md-6 vc_col-xs-12&#8243;][vc_column_text] BSV pallgaffel med kl\u00e4mupph\u00e4ngning [\/vc_column_text][vc_empty_space height=&#8221;30px&#8221;][vc_btn title=&#8221;Download PDF&#8221; style=&#8221;custom&#8221; custom_background=&#8221;#f7b639&#8243; custom_text=&#8221;#ffffff&#8221; shape=&#8221;square&#8221; size=&#8221;sm&#8221; align=&#8221;left&#8221; link=&#8221;url:http%3A%2F%2Fbsv.dk%2Fwp-content%2Fuploads%2F2022%2F07%2Fdatablad-bsv-pallegaffel-med-klemophaeng.pdf|target:_blank&#8221;][vc_empty_space height=&#8221;30px&#8221;][vc_column_text]BSV har ett brett sortiment av pallgafflar med kl\u00e4mupph\u00e4ngning. Pallgafflarna \u00e4r tillverkade i slitstarkt st\u00e5l och \u00e4r mycket ... L\u00e4s mer\" \/>\n<meta property=\"og:url\" content=\"https:\/\/bsv.dk\/sv\/pallgafflar\/med-klaemupphaengning\/\" \/>\n<meta property=\"og:site_name\" content=\"BSV\" \/>\n<meta property=\"article:modified_time\" content=\"2026-02-18T07:30:05+00:00\" \/>\n<meta name=\"twitter:card\" content=\"summary_large_image\" \/>\n<meta name=\"twitter:label1\" content=\"Est. reading time\" \/>\n\t<meta name=\"twitter:data1\" content=\"2 minutes\" \/>\n<script type=\"application\/ld+json\" class=\"yoast-schema-graph\">{\"@context\":\"https:\\\/\\\/schema.org\",\"@graph\":[{\"@type\":\"WebPage\",\"@id\":\"https:\\\/\\\/bsv.dk\\\/sv\\\/pallgafflar\\\/med-klaemupphaengning\\\/\",\"url\":\"https:\\\/\\\/bsv.dk\\\/sv\\\/pallgafflar\\\/med-klaemupphaengning\\\/\",\"name\":\"Med kl\u00e4mupph\u00e4ngning &#183; BSV\",\"isPartOf\":{\"@id\":\"https:\\\/\\\/bsv.dk\\\/#website\"},\"datePublished\":\"2022-07-13T05:33:10+00:00\",\"dateModified\":\"2026-02-18T07:30:05+00:00\",\"breadcrumb\":{\"@id\":\"https:\\\/\\\/bsv.dk\\\/sv\\\/pallgafflar\\\/med-klaemupphaengning\\\/#breadcrumb\"},\"inLanguage\":\"sv-SE\",\"potentialAction\":[{\"@type\":\"ReadAction\",\"target\":[\"https:\\\/\\\/bsv.dk\\\/sv\\\/pallgafflar\\\/med-klaemupphaengning\\\/\"]}]},{\"@type\":\"BreadcrumbList\",\"@id\":\"https:\\\/\\\/bsv.dk\\\/sv\\\/pallgafflar\\\/med-klaemupphaengning\\\/#breadcrumb\",\"itemListElement\":[{\"@type\":\"ListItem\",\"position\":1,\"name\":\"Hjem\",\"item\":\"https:\\\/\\\/bsv.dk\\\/sv\\\/vaelkommen\\\/\"},{\"@type\":\"ListItem\",\"position\":2,\"name\":\"Pallgafflar\",\"item\":\"https:\\\/\\\/bsv.dk\\\/sv\\\/pallgafflar\\\/\"},{\"@type\":\"ListItem\",\"position\":3,\"name\":\"Med kl\u00e4mupph\u00e4ngning\"}]},{\"@type\":\"WebSite\",\"@id\":\"https:\\\/\\\/bsv.dk\\\/#website\",\"url\":\"https:\\\/\\\/bsv.dk\\\/\",\"name\":\"BSV\",\"description\":\"L\u00f8fteudstyr og krantilbeh\u00f8r: K\u00f8b dit l\u00f8ftegrej og kran-udstyr\",\"publisher\":{\"@id\":\"https:\\\/\\\/bsv.dk\\\/#organization\"},\"potentialAction\":[{\"@type\":\"SearchAction\",\"target\":{\"@type\":\"EntryPoint\",\"urlTemplate\":\"https:\\\/\\\/bsv.dk\\\/?s={search_term_string}\"},\"query-input\":{\"@type\":\"PropertyValueSpecification\",\"valueRequired\":true,\"valueName\":\"search_term_string\"}}],\"inLanguage\":\"sv-SE\"},{\"@type\":\"Organization\",\"@id\":\"https:\\\/\\\/bsv.dk\\\/#organization\",\"name\":\"BSV\",\"url\":\"https:\\\/\\\/bsv.dk\\\/\",\"logo\":{\"@type\":\"ImageObject\",\"inLanguage\":\"sv-SE\",\"@id\":\"https:\\\/\\\/bsv.dk\\\/#\\\/schema\\\/logo\\\/image\\\/\",\"url\":\"https:\\\/\\\/bsv.dk\\\/wp-content\\\/uploads\\\/2022\\\/07\\\/bsv-logo.png\",\"contentUrl\":\"https:\\\/\\\/bsv.dk\\\/wp-content\\\/uploads\\\/2022\\\/07\\\/bsv-logo.png\",\"width\":594,\"height\":249,\"caption\":\"BSV\"},\"image\":{\"@id\":\"https:\\\/\\\/bsv.dk\\\/#\\\/schema\\\/logo\\\/image\\\/\"}}]}<\/script>\n<!-- \/ Yoast SEO plugin. -->","yoast_head_json":{"title":"Med kl\u00e4mupph\u00e4ngning &#183; BSV","robots":{"index":"index","follow":"follow","max-snippet":"max-snippet:-1","max-image-preview":"max-image-preview:large","max-video-preview":"max-video-preview:-1"},"canonical":"https:\/\/bsv.dk\/sv\/pallgafflar\/med-klaemupphaengning\/","og_locale":"sv_SE","og_type":"article","og_title":"Med kl\u00e4mupph\u00e4ngning &#183; BSV","og_description":"[vc_row full_width=&#8221;stretch_row&#8221; el_class=&#8221;produkter&#8221;][vc_column][vc_row_inner equal_height=&#8221;yes&#8221;][vc_column_inner offset=&#8221;vc_col-lg-6 vc_col-md-6 vc_col-xs-12&#8243;][vc_media_grid style=&#8221;pagination&#8221; items_per_page=&#8221;1&#8243; element_width=&#8221;12&#8243; gap=&#8221;20&#8243; arrows_design=&#8221;vc_arrow-icon-arrow_01_left&#8221; arrows_position=&#8221;outside&#8221; arrows_color=&#8221;black&#8221; paging_design=&#8221;none&#8221; loop=&#8221;yes&#8221; item=&#8221;2845&#8243; grid_id=&#8221;vc_gid:1771399783169-8a44bed1-4ea3-2&#8243; include=&#8221;7554,7559,7563,7567&#8243;][\/vc_column_inner][vc_column_inner offset=&#8221;vc_col-lg-6 vc_col-md-6 vc_col-xs-12&#8243;][vc_column_text] BSV pallgaffel med kl\u00e4mupph\u00e4ngning [\/vc_column_text][vc_empty_space height=&#8221;30px&#8221;][vc_btn title=&#8221;Download PDF&#8221; style=&#8221;custom&#8221; custom_background=&#8221;#f7b639&#8243; custom_text=&#8221;#ffffff&#8221; shape=&#8221;square&#8221; size=&#8221;sm&#8221; align=&#8221;left&#8221; link=&#8221;url:http%3A%2F%2Fbsv.dk%2Fwp-content%2Fuploads%2F2022%2F07%2Fdatablad-bsv-pallegaffel-med-klemophaeng.pdf|target:_blank&#8221;][vc_empty_space height=&#8221;30px&#8221;][vc_column_text]BSV har ett brett sortiment av pallgafflar med kl\u00e4mupph\u00e4ngning. Pallgafflarna \u00e4r tillverkade i slitstarkt st\u00e5l och \u00e4r mycket ... L\u00e4s mer","og_url":"https:\/\/bsv.dk\/sv\/pallgafflar\/med-klaemupphaengning\/","og_site_name":"BSV","article_modified_time":"2026-02-18T07:30:05+00:00","twitter_card":"summary_large_image","twitter_misc":{"Est. reading time":"2 minutes"},"schema":{"@context":"https:\/\/schema.org","@graph":[{"@type":"WebPage","@id":"https:\/\/bsv.dk\/sv\/pallgafflar\/med-klaemupphaengning\/","url":"https:\/\/bsv.dk\/sv\/pallgafflar\/med-klaemupphaengning\/","name":"Med kl\u00e4mupph\u00e4ngning &#183; BSV","isPartOf":{"@id":"https:\/\/bsv.dk\/#website"},"datePublished":"2022-07-13T05:33:10+00:00","dateModified":"2026-02-18T07:30:05+00:00","breadcrumb":{"@id":"https:\/\/bsv.dk\/sv\/pallgafflar\/med-klaemupphaengning\/#breadcrumb"},"inLanguage":"sv-SE","potentialAction":[{"@type":"ReadAction","target":["https:\/\/bsv.dk\/sv\/pallgafflar\/med-klaemupphaengning\/"]}]},{"@type":"BreadcrumbList","@id":"https:\/\/bsv.dk\/sv\/pallgafflar\/med-klaemupphaengning\/#breadcrumb","itemListElement":[{"@type":"ListItem","position":1,"name":"Hjem","item":"https:\/\/bsv.dk\/sv\/vaelkommen\/"},{"@type":"ListItem","position":2,"name":"Pallgafflar","item":"https:\/\/bsv.dk\/sv\/pallgafflar\/"},{"@type":"ListItem","position":3,"name":"Med kl\u00e4mupph\u00e4ngning"}]},{"@type":"WebSite","@id":"https:\/\/bsv.dk\/#website","url":"https:\/\/bsv.dk\/","name":"BSV","description":"L\u00f8fteudstyr og krantilbeh\u00f8r: K\u00f8b dit l\u00f8ftegrej og kran-udstyr","publisher":{"@id":"https:\/\/bsv.dk\/#organization"},"potentialAction":[{"@type":"SearchAction","target":{"@type":"EntryPoint","urlTemplate":"https:\/\/bsv.dk\/?s={search_term_string}"},"query-input":{"@type":"PropertyValueSpecification","valueRequired":true,"valueName":"search_term_string"}}],"inLanguage":"sv-SE"},{"@type":"Organization","@id":"https:\/\/bsv.dk\/#organization","name":"BSV","url":"https:\/\/bsv.dk\/","logo":{"@type":"ImageObject","inLanguage":"sv-SE","@id":"https:\/\/bsv.dk\/#\/schema\/logo\/image\/","url":"https:\/\/bsv.dk\/wp-content\/uploads\/2022\/07\/bsv-logo.png","contentUrl":"https:\/\/bsv.dk\/wp-content\/uploads\/2022\/07\/bsv-logo.png","width":594,"height":249,"caption":"BSV"},"image":{"@id":"https:\/\/bsv.dk\/#\/schema\/logo\/image\/"}}]}},"_links":{"self":[{"href":"https:\/\/bsv.dk\/sv\/wp-json\/wp\/v2\/pages\/6376","targetHints":{"allow":["GET"]}}],"collection":[{"href":"https:\/\/bsv.dk\/sv\/wp-json\/wp\/v2\/pages"}],"about":[{"href":"https:\/\/bsv.dk\/sv\/wp-json\/wp\/v2\/types\/page"}],"author":[{"embeddable":true,"href":"https:\/\/bsv.dk\/sv\/wp-json\/wp\/v2\/users\/1"}],"replies":[{"embeddable":true,"href":"https:\/\/bsv.dk\/sv\/wp-json\/wp\/v2\/comments?post=6376"}],"version-history":[{"count":8,"href":"https:\/\/bsv.dk\/sv\/wp-json\/wp\/v2\/pages\/6376\/revisions"}],"predecessor-version":[{"id":902151,"href":"https:\/\/bsv.dk\/sv\/wp-json\/wp\/v2\/pages\/6376\/revisions\/902151"}],"up":[{"embeddable":true,"href":"https:\/\/bsv.dk\/sv\/wp-json\/wp\/v2\/pages\/6284"}],"wp:attachment":[{"href":"https:\/\/bsv.dk\/sv\/wp-json\/wp\/v2\/media?parent=6376"}],"wp:term":[{"taxonomy":"category","embeddable":true,"href":"https:\/\/bsv.dk\/sv\/wp-json\/wp\/v2\/categories?post=6376"}],"curies":[{"name":"wp","href":"https:\/\/api.w.org\/{rel}","templated":true}]}}