{"id":6369,"date":"2022-07-13T07:33:32","date_gmt":"2022-07-13T05:33:32","guid":{"rendered":"https:\/\/bsv.dk\/pallgafflar\/sjaelvbalanserande-pallgaffel\/"},"modified":"2026-02-18T08:32:59","modified_gmt":"2026-02-18T07:32:59","slug":"sjaelvbalanserande","status":"publish","type":"page","link":"https:\/\/bsv.dk\/sv\/pallgafflar\/sjaelvbalanserande\/","title":{"rendered":"Sj\u00e4lvbalanserande"},"content":{"rendered":"<div class=\"wpb-content-wrapper\"><p>[vc_row full_width=&#8221;stretch_row&#8221; el_class=&#8221;produkter&#8221;][vc_column]<div class=\"ult-spacer spacer-69f1eee2d4ed1\" data-id=\"69f1eee2d4ed1\" data-height=\"90\" data-height-mobile=\"60\" data-height-tab=\"90\" data-height-tab-portrait=\"60\" data-height-mobile-landscape=\"60\" style=\"clear:both;display:block;\"><\/div>[vc_row_inner equal_height=&#8221;yes&#8221;][vc_column_inner offset=&#8221;vc_col-lg-6 vc_col-md-6 vc_col-xs-12&#8243;][vc_media_grid style=&#8221;pagination&#8221; items_per_page=&#8221;1&#8243; element_width=&#8221;12&#8243; gap=&#8221;20&#8243; arrows_design=&#8221;vc_arrow-icon-arrow_01_left&#8221; arrows_position=&#8221;outside&#8221; arrows_color=&#8221;black&#8221; paging_design=&#8221;none&#8221; loop=&#8221;yes&#8221; item=&#8221;2845&#8243; grid_id=&#8221;vc_gid:1771399953053-ebfc2830-2104-5&#8243; include=&#8221;7572,5613&#8243;]<div class=\"ult-spacer spacer-69f1eee2d4f1d\" data-id=\"69f1eee2d4f1d\" data-height=\"0\" data-height-mobile=\"30\" data-height-tab=\"0\" data-height-tab-portrait=\"30\" data-height-mobile-landscape=\"30\" style=\"clear:both;display:block;\"><\/div>[\/vc_column_inner][vc_column_inner offset=&#8221;vc_col-lg-6 vc_col-md-6 vc_col-xs-12&#8243;][vc_column_text]<\/p>\n<h1>BSV sj\u00e4lvbalanserande pallgaffel<\/h1>\n<p>[\/vc_column_text][vc_empty_space height=&#8221;30px&#8221;][vc_btn title=&#8221;Download PDF&#8221; style=&#8221;custom&#8221; custom_background=&#8221;#f7b639&#8243; custom_text=&#8221;#ffffff&#8221; shape=&#8221;square&#8221; size=&#8221;sm&#8221; align=&#8221;left&#8221; link=&#8221;url:http%3A%2F%2Fbsv.dk%2Fwp-content%2Fuploads%2F2022%2F07%2Fdatablad-bsv-pallegaffel-selvafbalancerende.pdf|target:_blank&#8221;][vc_empty_space height=&#8221;30px&#8221;][vc_column_text]BSV har ett brett sortiment av sj\u00e4lvbalanserande pallgafflar. Den sj\u00e4lvbalanserande funktionen g\u00f6r den s\u00e4rskilt l\u00e4mplig f\u00f6r anv\u00e4ndning i tornkranar, traverskranar och liknande. Tyngdpunkten \u00e4r anpassad efter de mest anv\u00e4nda typerna av emballage och pallgods.<\/p>\n<p>V\u00e5r sj\u00e4lvbalanserande pallgaffel l\u00e4mpar sig s\u00e4rskilt v\u00e4l f\u00f6r anv\u00e4ndning i fabrikskranar och tornkranar d\u00e5 denna gaffel balanserar sig sj\u00e4lv, b\u00e5de med tomlyft och n\u00e4r den \u00e4r lastad med minsta last.<\/p>\n<p>Denna pallgaffeltyp kan lyfta upp till 2 eller 3\u00a0ton.<br \/>\nDet kr\u00e4vs en minimivikt p\u00e5 400\u00a0kg f\u00f6r att den sj\u00e4lvbalanserande pallgaffeln f\u00f6r 2\u00a0ton ska fungera.<br \/>\nDet kr\u00e4vs en minimivikt p\u00e5 800\u00a0kg f\u00f6r att den sj\u00e4lvbalanserande pallgaffeln f\u00f6r 3\u00a0ton ska fungera.<\/p>\n<p>Alla v\u00e5ra pallgafflar \u00e4r 100\u00a0% danskproducerade och inkluderar sj\u00e4lvklart testcertifikat och CE-m\u00e4rkning. Ut\u00f6ver standardf\u00e4rgen s\u00e5 kan BSV erbjuda \u00e4ven andra f\u00e4rger.[\/vc_column_text][vc_empty_space height=&#8221;30px&#8221;][vc_btn title=&#8221;Webshop&#8221; style=&#8221;custom&#8221; custom_background=&#8221;#f7b639&#8243; custom_text=&#8221;#ffffff&#8221; shape=&#8221;square&#8221; size=&#8221;sm&#8221; align=&#8221;left&#8221; css=&#8221;&#8221; link=&#8221;url:https%3A%2F%2Fwww.bsv-shop.com%2F|target:_blank&#8221;][vc_empty_space height=&#8221;30px&#8221;][\/vc_column_inner][\/vc_row_inner]<div class=\"ult-spacer spacer-69f1eee2d4f44\" data-id=\"69f1eee2d4f44\" data-height=\"90\" data-height-mobile=\"60\" data-height-tab=\"90\" data-height-tab-portrait=\"60\" data-height-mobile-landscape=\"60\" style=\"clear:both;display:block;\"><\/div>[\/vc_column][\/vc_row]<\/p>\n<\/div>","protected":false},"excerpt":{"rendered":"<p>[vc_row full_width=&#8221;stretch_row&#8221; el_class=&#8221;produkter&#8221;][vc_column][vc_row_inner equal_height=&#8221;yes&#8221;][vc_column_inner offset=&#8221;vc_col-lg-6 vc_col-md-6 vc_col-xs-12&#8243;][vc_media_grid style=&#8221;pagination&#8221; items_per_page=&#8221;1&#8243; element_width=&#8221;12&#8243; gap=&#8221;20&#8243; arrows_design=&#8221;vc_arrow-icon-arrow_01_left&#8221; arrows_position=&#8221;outside&#8221; arrows_color=&#8221;black&#8221; paging_design=&#8221;none&#8221; loop=&#8221;yes&#8221; item=&#8221;2845&#8243; grid_id=&#8221;vc_gid:1771399953053-ebfc2830-2104-5&#8243; include=&#8221;7572,5613&#8243;][\/vc_column_inner][vc_column_inner offset=&#8221;vc_col-lg-6 vc_col-md-6 vc_col-xs-12&#8243;][vc_column_text] BSV sj\u00e4lvbalanserande pallgaffel [\/vc_column_text][vc_empty_space height=&#8221;30px&#8221;][vc_btn title=&#8221;Download PDF&#8221; style=&#8221;custom&#8221; custom_background=&#8221;#f7b639&#8243; custom_text=&#8221;#ffffff&#8221; shape=&#8221;square&#8221; size=&#8221;sm&#8221; align=&#8221;left&#8221; link=&#8221;url:http%3A%2F%2Fbsv.dk%2Fwp-content%2Fuploads%2F2022%2F07%2Fdatablad-bsv-pallegaffel-selvafbalancerende.pdf|target:_blank&#8221;][vc_empty_space height=&#8221;30px&#8221;][vc_column_text]BSV har ett brett sortiment av sj\u00e4lvbalanserande pallgafflar. Den sj\u00e4lvbalanserande funktionen g\u00f6r den s\u00e4rskilt l\u00e4mplig f\u00f6r anv\u00e4ndning i tornkranar, &#8230; <a title=\"Sj\u00e4lvbalanserande\" class=\"read-more\" href=\"https:\/\/bsv.dk\/sv\/pallgafflar\/sjaelvbalanserande\/\" aria-label=\"Read more about Sj\u00e4lvbalanserande\">L\u00e4s mer<\/a><\/p>\n","protected":false},"author":1,"featured_media":0,"parent":6284,"menu_order":0,"comment_status":"closed","ping_status":"closed","template":"","meta":{"footnotes":""},"categories":[51],"class_list":{"0":"post-6369","1":"page","2":"type-page","3":"status-publish","5":"category-pallgafflar"},"yoast_head":"<!-- This site is optimized with the Yoast SEO plugin v27.4 - https:\/\/yoast.com\/product\/yoast-seo-wordpress\/ -->\n<title>Sj\u00e4lvbalanserande &#183; BSV<\/title>\n<meta name=\"robots\" content=\"index, follow, max-snippet:-1, max-image-preview:large, max-video-preview:-1\" \/>\n<link rel=\"canonical\" href=\"https:\/\/bsv.dk\/sv\/pallgafflar\/sjaelvbalanserande\/\" \/>\n<meta property=\"og:locale\" content=\"sv_SE\" \/>\n<meta property=\"og:type\" content=\"article\" \/>\n<meta property=\"og:title\" content=\"Sj\u00e4lvbalanserande &#183; BSV\" \/>\n<meta property=\"og:description\" content=\"[vc_row full_width=&#8221;stretch_row&#8221; el_class=&#8221;produkter&#8221;][vc_column][vc_row_inner equal_height=&#8221;yes&#8221;][vc_column_inner offset=&#8221;vc_col-lg-6 vc_col-md-6 vc_col-xs-12&#8243;][vc_media_grid style=&#8221;pagination&#8221; items_per_page=&#8221;1&#8243; element_width=&#8221;12&#8243; gap=&#8221;20&#8243; arrows_design=&#8221;vc_arrow-icon-arrow_01_left&#8221; arrows_position=&#8221;outside&#8221; arrows_color=&#8221;black&#8221; paging_design=&#8221;none&#8221; loop=&#8221;yes&#8221; item=&#8221;2845&#8243; grid_id=&#8221;vc_gid:1771399953053-ebfc2830-2104-5&#8243; include=&#8221;7572,5613&#8243;][\/vc_column_inner][vc_column_inner offset=&#8221;vc_col-lg-6 vc_col-md-6 vc_col-xs-12&#8243;][vc_column_text] BSV sj\u00e4lvbalanserande pallgaffel [\/vc_column_text][vc_empty_space height=&#8221;30px&#8221;][vc_btn title=&#8221;Download PDF&#8221; style=&#8221;custom&#8221; custom_background=&#8221;#f7b639&#8243; custom_text=&#8221;#ffffff&#8221; shape=&#8221;square&#8221; size=&#8221;sm&#8221; align=&#8221;left&#8221; link=&#8221;url:http%3A%2F%2Fbsv.dk%2Fwp-content%2Fuploads%2F2022%2F07%2Fdatablad-bsv-pallegaffel-selvafbalancerende.pdf|target:_blank&#8221;][vc_empty_space height=&#8221;30px&#8221;][vc_column_text]BSV har ett brett sortiment av sj\u00e4lvbalanserande pallgafflar. Den sj\u00e4lvbalanserande funktionen g\u00f6r den s\u00e4rskilt l\u00e4mplig f\u00f6r anv\u00e4ndning i tornkranar, ... L\u00e4s mer\" \/>\n<meta property=\"og:url\" content=\"https:\/\/bsv.dk\/sv\/pallgafflar\/sjaelvbalanserande\/\" \/>\n<meta property=\"og:site_name\" content=\"BSV\" \/>\n<meta property=\"article:modified_time\" content=\"2026-02-18T07:32:59+00:00\" \/>\n<meta name=\"twitter:card\" content=\"summary_large_image\" \/>\n<meta name=\"twitter:label1\" content=\"Est. reading time\" \/>\n\t<meta name=\"twitter:data1\" content=\"2 minutes\" \/>\n<script type=\"application\/ld+json\" class=\"yoast-schema-graph\">{\"@context\":\"https:\\\/\\\/schema.org\",\"@graph\":[{\"@type\":\"WebPage\",\"@id\":\"https:\\\/\\\/bsv.dk\\\/sv\\\/pallgafflar\\\/sjaelvbalanserande\\\/\",\"url\":\"https:\\\/\\\/bsv.dk\\\/sv\\\/pallgafflar\\\/sjaelvbalanserande\\\/\",\"name\":\"Sj\u00e4lvbalanserande &#183; BSV\",\"isPartOf\":{\"@id\":\"https:\\\/\\\/bsv.dk\\\/#website\"},\"datePublished\":\"2022-07-13T05:33:32+00:00\",\"dateModified\":\"2026-02-18T07:32:59+00:00\",\"breadcrumb\":{\"@id\":\"https:\\\/\\\/bsv.dk\\\/sv\\\/pallgafflar\\\/sjaelvbalanserande\\\/#breadcrumb\"},\"inLanguage\":\"sv-SE\",\"potentialAction\":[{\"@type\":\"ReadAction\",\"target\":[\"https:\\\/\\\/bsv.dk\\\/sv\\\/pallgafflar\\\/sjaelvbalanserande\\\/\"]}]},{\"@type\":\"BreadcrumbList\",\"@id\":\"https:\\\/\\\/bsv.dk\\\/sv\\\/pallgafflar\\\/sjaelvbalanserande\\\/#breadcrumb\",\"itemListElement\":[{\"@type\":\"ListItem\",\"position\":1,\"name\":\"Hjem\",\"item\":\"https:\\\/\\\/bsv.dk\\\/sv\\\/vaelkommen\\\/\"},{\"@type\":\"ListItem\",\"position\":2,\"name\":\"Pallgafflar\",\"item\":\"https:\\\/\\\/bsv.dk\\\/sv\\\/pallgafflar\\\/\"},{\"@type\":\"ListItem\",\"position\":3,\"name\":\"Sj\u00e4lvbalanserande\"}]},{\"@type\":\"WebSite\",\"@id\":\"https:\\\/\\\/bsv.dk\\\/#website\",\"url\":\"https:\\\/\\\/bsv.dk\\\/\",\"name\":\"BSV\",\"description\":\"L\u00f8fteudstyr og krantilbeh\u00f8r: K\u00f8b dit l\u00f8ftegrej og kran-udstyr\",\"publisher\":{\"@id\":\"https:\\\/\\\/bsv.dk\\\/#organization\"},\"potentialAction\":[{\"@type\":\"SearchAction\",\"target\":{\"@type\":\"EntryPoint\",\"urlTemplate\":\"https:\\\/\\\/bsv.dk\\\/?s={search_term_string}\"},\"query-input\":{\"@type\":\"PropertyValueSpecification\",\"valueRequired\":true,\"valueName\":\"search_term_string\"}}],\"inLanguage\":\"sv-SE\"},{\"@type\":\"Organization\",\"@id\":\"https:\\\/\\\/bsv.dk\\\/#organization\",\"name\":\"BSV\",\"url\":\"https:\\\/\\\/bsv.dk\\\/\",\"logo\":{\"@type\":\"ImageObject\",\"inLanguage\":\"sv-SE\",\"@id\":\"https:\\\/\\\/bsv.dk\\\/#\\\/schema\\\/logo\\\/image\\\/\",\"url\":\"https:\\\/\\\/bsv.dk\\\/wp-content\\\/uploads\\\/2022\\\/07\\\/bsv-logo.png\",\"contentUrl\":\"https:\\\/\\\/bsv.dk\\\/wp-content\\\/uploads\\\/2022\\\/07\\\/bsv-logo.png\",\"width\":594,\"height\":249,\"caption\":\"BSV\"},\"image\":{\"@id\":\"https:\\\/\\\/bsv.dk\\\/#\\\/schema\\\/logo\\\/image\\\/\"}}]}<\/script>\n<!-- \/ Yoast SEO plugin. -->","yoast_head_json":{"title":"Sj\u00e4lvbalanserande &#183; BSV","robots":{"index":"index","follow":"follow","max-snippet":"max-snippet:-1","max-image-preview":"max-image-preview:large","max-video-preview":"max-video-preview:-1"},"canonical":"https:\/\/bsv.dk\/sv\/pallgafflar\/sjaelvbalanserande\/","og_locale":"sv_SE","og_type":"article","og_title":"Sj\u00e4lvbalanserande &#183; BSV","og_description":"[vc_row full_width=&#8221;stretch_row&#8221; el_class=&#8221;produkter&#8221;][vc_column][vc_row_inner equal_height=&#8221;yes&#8221;][vc_column_inner offset=&#8221;vc_col-lg-6 vc_col-md-6 vc_col-xs-12&#8243;][vc_media_grid style=&#8221;pagination&#8221; items_per_page=&#8221;1&#8243; element_width=&#8221;12&#8243; gap=&#8221;20&#8243; arrows_design=&#8221;vc_arrow-icon-arrow_01_left&#8221; arrows_position=&#8221;outside&#8221; arrows_color=&#8221;black&#8221; paging_design=&#8221;none&#8221; loop=&#8221;yes&#8221; item=&#8221;2845&#8243; grid_id=&#8221;vc_gid:1771399953053-ebfc2830-2104-5&#8243; include=&#8221;7572,5613&#8243;][\/vc_column_inner][vc_column_inner offset=&#8221;vc_col-lg-6 vc_col-md-6 vc_col-xs-12&#8243;][vc_column_text] BSV sj\u00e4lvbalanserande pallgaffel [\/vc_column_text][vc_empty_space height=&#8221;30px&#8221;][vc_btn title=&#8221;Download PDF&#8221; style=&#8221;custom&#8221; custom_background=&#8221;#f7b639&#8243; custom_text=&#8221;#ffffff&#8221; shape=&#8221;square&#8221; size=&#8221;sm&#8221; align=&#8221;left&#8221; link=&#8221;url:http%3A%2F%2Fbsv.dk%2Fwp-content%2Fuploads%2F2022%2F07%2Fdatablad-bsv-pallegaffel-selvafbalancerende.pdf|target:_blank&#8221;][vc_empty_space height=&#8221;30px&#8221;][vc_column_text]BSV har ett brett sortiment av sj\u00e4lvbalanserande pallgafflar. Den sj\u00e4lvbalanserande funktionen g\u00f6r den s\u00e4rskilt l\u00e4mplig f\u00f6r anv\u00e4ndning i tornkranar, ... L\u00e4s mer","og_url":"https:\/\/bsv.dk\/sv\/pallgafflar\/sjaelvbalanserande\/","og_site_name":"BSV","article_modified_time":"2026-02-18T07:32:59+00:00","twitter_card":"summary_large_image","twitter_misc":{"Est. reading time":"2 minutes"},"schema":{"@context":"https:\/\/schema.org","@graph":[{"@type":"WebPage","@id":"https:\/\/bsv.dk\/sv\/pallgafflar\/sjaelvbalanserande\/","url":"https:\/\/bsv.dk\/sv\/pallgafflar\/sjaelvbalanserande\/","name":"Sj\u00e4lvbalanserande &#183; BSV","isPartOf":{"@id":"https:\/\/bsv.dk\/#website"},"datePublished":"2022-07-13T05:33:32+00:00","dateModified":"2026-02-18T07:32:59+00:00","breadcrumb":{"@id":"https:\/\/bsv.dk\/sv\/pallgafflar\/sjaelvbalanserande\/#breadcrumb"},"inLanguage":"sv-SE","potentialAction":[{"@type":"ReadAction","target":["https:\/\/bsv.dk\/sv\/pallgafflar\/sjaelvbalanserande\/"]}]},{"@type":"BreadcrumbList","@id":"https:\/\/bsv.dk\/sv\/pallgafflar\/sjaelvbalanserande\/#breadcrumb","itemListElement":[{"@type":"ListItem","position":1,"name":"Hjem","item":"https:\/\/bsv.dk\/sv\/vaelkommen\/"},{"@type":"ListItem","position":2,"name":"Pallgafflar","item":"https:\/\/bsv.dk\/sv\/pallgafflar\/"},{"@type":"ListItem","position":3,"name":"Sj\u00e4lvbalanserande"}]},{"@type":"WebSite","@id":"https:\/\/bsv.dk\/#website","url":"https:\/\/bsv.dk\/","name":"BSV","description":"L\u00f8fteudstyr og krantilbeh\u00f8r: K\u00f8b dit l\u00f8ftegrej og kran-udstyr","publisher":{"@id":"https:\/\/bsv.dk\/#organization"},"potentialAction":[{"@type":"SearchAction","target":{"@type":"EntryPoint","urlTemplate":"https:\/\/bsv.dk\/?s={search_term_string}"},"query-input":{"@type":"PropertyValueSpecification","valueRequired":true,"valueName":"search_term_string"}}],"inLanguage":"sv-SE"},{"@type":"Organization","@id":"https:\/\/bsv.dk\/#organization","name":"BSV","url":"https:\/\/bsv.dk\/","logo":{"@type":"ImageObject","inLanguage":"sv-SE","@id":"https:\/\/bsv.dk\/#\/schema\/logo\/image\/","url":"https:\/\/bsv.dk\/wp-content\/uploads\/2022\/07\/bsv-logo.png","contentUrl":"https:\/\/bsv.dk\/wp-content\/uploads\/2022\/07\/bsv-logo.png","width":594,"height":249,"caption":"BSV"},"image":{"@id":"https:\/\/bsv.dk\/#\/schema\/logo\/image\/"}}]}},"_links":{"self":[{"href":"https:\/\/bsv.dk\/sv\/wp-json\/wp\/v2\/pages\/6369","targetHints":{"allow":["GET"]}}],"collection":[{"href":"https:\/\/bsv.dk\/sv\/wp-json\/wp\/v2\/pages"}],"about":[{"href":"https:\/\/bsv.dk\/sv\/wp-json\/wp\/v2\/types\/page"}],"author":[{"embeddable":true,"href":"https:\/\/bsv.dk\/sv\/wp-json\/wp\/v2\/users\/1"}],"replies":[{"embeddable":true,"href":"https:\/\/bsv.dk\/sv\/wp-json\/wp\/v2\/comments?post=6369"}],"version-history":[{"count":8,"href":"https:\/\/bsv.dk\/sv\/wp-json\/wp\/v2\/pages\/6369\/revisions"}],"predecessor-version":[{"id":902156,"href":"https:\/\/bsv.dk\/sv\/wp-json\/wp\/v2\/pages\/6369\/revisions\/902156"}],"up":[{"embeddable":true,"href":"https:\/\/bsv.dk\/sv\/wp-json\/wp\/v2\/pages\/6284"}],"wp:attachment":[{"href":"https:\/\/bsv.dk\/sv\/wp-json\/wp\/v2\/media?parent=6369"}],"wp:term":[{"taxonomy":"category","embeddable":true,"href":"https:\/\/bsv.dk\/sv\/wp-json\/wp\/v2\/categories?post=6369"}],"curies":[{"name":"wp","href":"https:\/\/api.w.org\/{rel}","templated":true}]}}