{"id":6352,"date":"2022-07-13T07:34:03","date_gmt":"2022-07-13T05:34:03","guid":{"rendered":"https:\/\/bsv.dk\/pallgafflar\/tillbehoer-till-pallgafflar-2\/"},"modified":"2026-02-16T10:49:45","modified_gmt":"2026-02-16T09:49:45","slug":"tillbehoer-till-pallgafflar","status":"publish","type":"page","link":"https:\/\/bsv.dk\/sv\/pallgafflar\/tillbehoer-till-pallgafflar\/","title":{"rendered":"Tillbeh\u00f6r f\u00f6r pallgafflar"},"content":{"rendered":"<div class=\"wpb-content-wrapper\"><p>[vc_row full_width=&#8221;stretch_row&#8221; el_class=&#8221;produkter&#8221;][vc_column]<div class=\"ult-spacer spacer-69f1fedb535c9\" data-id=\"69f1fedb535c9\" data-height=\"90\" data-height-mobile=\"60\" data-height-tab=\"90\" data-height-tab-portrait=\"60\" data-height-mobile-landscape=\"60\" style=\"clear:both;display:block;\"><\/div>[vc_column_text]<\/p>\n<h1>Tillbeh\u00f6r f\u00f6r pallgafflar<\/h1>\n<p>[\/vc_column_text][vc_empty_space height=&#8221;30px&#8221;][vc_tta_tabs style=&#8221;flat&#8221; shape=&#8221;square&#8221; alignment=&#8221;center&#8221; active_section=&#8221;1&#8243; el_class=&#8221;galleri&#8221;][vc_tta_section title=&#8221;Lyftutrustning&#8221; tab_id=&#8221;lyftutrustning&#8221;][vc_media_grid element_width=&#8221;3&#8243; gap=&#8221;20&#8243; item=&#8221;467&#8243; css=&#8221;&#8221; grid_id=&#8221;vc_gid:1771235208767-14885e82-34ec-8&#8243; include=&#8221;902014,902015&#8243;][\/vc_tta_section][vc_tta_section title=&#8221;Quick upph\u00e4ngning&#8221; tab_id=&#8221;snabb-fjadring&#8221;][vc_media_grid element_width=&#8221;3&#8243; gap=&#8221;20&#8243; item=&#8221;467&#8243; css=&#8221;&#8221; grid_id=&#8221;vc_gid:1771235208769-fe861b1a-5c9f-4&#8243; include=&#8221;902016,902018,902017&#8243;][\/vc_tta_section][vc_tta_section title=&#8221;Rotatorbeslag&#8221; tab_id=&#8221;rotatorfaste&#8221;][vc_media_grid element_width=&#8221;3&#8243; gap=&#8221;20&#8243; item=&#8221;467&#8243; css=&#8221;&#8221; grid_id=&#8221;vc_gid:1771235208769-33ba9874-d16f-9&#8243; include=&#8221;902019,902020&#8243;][\/vc_tta_section][vc_tta_section title=&#8221;Truckfickor&#8221; tab_id=&#8221;lastbilsfickor&#8221;][vc_media_grid element_width=&#8221;3&#8243; gap=&#8221;20&#8243; item=&#8221;467&#8243; css=&#8221;&#8221; grid_id=&#8221;vc_gid:1771235208771-bef97988-1fc0-4&#8243; include=&#8221;902022,902023&#8243;][\/vc_tta_section][vc_tta_section title=&#8221;Pallstopp&#8221; tab_id=&#8221;pallstopp&#8221;][vc_media_grid element_width=&#8221;3&#8243; gap=&#8221;20&#8243; item=&#8221;467&#8243; css=&#8221;&#8221; grid_id=&#8221;vc_gid:1771235208772-93e21201-f4e2-5&#8243; include=&#8221;902024&#8243;][\/vc_tta_section][\/vc_tta_tabs]<div class=\"ult-spacer spacer-69f1fedb53610\" data-id=\"69f1fedb53610\" data-height=\"90\" data-height-mobile=\"60\" data-height-tab=\"90\" data-height-tab-portrait=\"60\" data-height-mobile-landscape=\"60\" style=\"clear:both;display:block;\"><\/div>[\/vc_column][\/vc_row]<\/p>\n<\/div>","protected":false},"excerpt":{"rendered":"<p>[vc_row full_width=&#8221;stretch_row&#8221; el_class=&#8221;produkter&#8221;][vc_column][vc_column_text] Tillbeh\u00f6r f\u00f6r pallgafflar [\/vc_column_text][vc_empty_space height=&#8221;30px&#8221;][vc_tta_tabs style=&#8221;flat&#8221; shape=&#8221;square&#8221; alignment=&#8221;center&#8221; active_section=&#8221;1&#8243; el_class=&#8221;galleri&#8221;][vc_tta_section title=&#8221;Lyftutrustning&#8221; tab_id=&#8221;lyftutrustning&#8221;][vc_media_grid element_width=&#8221;3&#8243; gap=&#8221;20&#8243; item=&#8221;467&#8243; css=&#8221;&#8221; grid_id=&#8221;vc_gid:1771235208767-14885e82-34ec-8&#8243; include=&#8221;902014,902015&#8243;][\/vc_tta_section][vc_tta_section title=&#8221;Quick upph\u00e4ngning&#8221; tab_id=&#8221;snabb-fjadring&#8221;][vc_media_grid element_width=&#8221;3&#8243; gap=&#8221;20&#8243; item=&#8221;467&#8243; css=&#8221;&#8221; grid_id=&#8221;vc_gid:1771235208769-fe861b1a-5c9f-4&#8243; include=&#8221;902016,902018,902017&#8243;][\/vc_tta_section][vc_tta_section title=&#8221;Rotatorbeslag&#8221; tab_id=&#8221;rotatorfaste&#8221;][vc_media_grid element_width=&#8221;3&#8243; gap=&#8221;20&#8243; item=&#8221;467&#8243; css=&#8221;&#8221; grid_id=&#8221;vc_gid:1771235208769-33ba9874-d16f-9&#8243; include=&#8221;902019,902020&#8243;][\/vc_tta_section][vc_tta_section title=&#8221;Truckfickor&#8221; tab_id=&#8221;lastbilsfickor&#8221;][vc_media_grid element_width=&#8221;3&#8243; gap=&#8221;20&#8243; item=&#8221;467&#8243; css=&#8221;&#8221; grid_id=&#8221;vc_gid:1771235208771-bef97988-1fc0-4&#8243; include=&#8221;902022,902023&#8243;][\/vc_tta_section][vc_tta_section title=&#8221;Pallstopp&#8221; tab_id=&#8221;pallstopp&#8221;][vc_media_grid element_width=&#8221;3&#8243; gap=&#8221;20&#8243; item=&#8221;467&#8243; css=&#8221;&#8221; grid_id=&#8221;vc_gid:1771235208772-93e21201-f4e2-5&#8243; include=&#8221;902024&#8243;][\/vc_tta_section][\/vc_tta_tabs][\/vc_column][\/vc_row]<\/p>\n","protected":false},"author":1,"featured_media":0,"parent":6284,"menu_order":0,"comment_status":"closed","ping_status":"closed","template":"","meta":{"footnotes":""},"categories":[51],"class_list":{"0":"post-6352","1":"page","2":"type-page","3":"status-publish","5":"category-pallgafflar"},"yoast_head":"<!-- This site is optimized with the Yoast SEO plugin v27.5 - https:\/\/yoast.com\/product\/yoast-seo-wordpress\/ -->\n<title>Tillbeh\u00f6r f\u00f6r pallgafflar &#183; BSV<\/title>\n<meta name=\"robots\" content=\"index, follow, max-snippet:-1, max-image-preview:large, max-video-preview:-1\" \/>\n<link rel=\"canonical\" href=\"https:\/\/bsv.dk\/sv\/pallgafflar\/tillbehoer-till-pallgafflar\/\" \/>\n<meta property=\"og:locale\" content=\"sv_SE\" \/>\n<meta property=\"og:type\" content=\"article\" \/>\n<meta property=\"og:title\" content=\"Tillbeh\u00f6r f\u00f6r pallgafflar &#183; BSV\" \/>\n<meta property=\"og:description\" content=\"[vc_row full_width=&#8221;stretch_row&#8221; el_class=&#8221;produkter&#8221;][vc_column][vc_column_text] Tillbeh\u00f6r f\u00f6r pallgafflar [\/vc_column_text][vc_empty_space height=&#8221;30px&#8221;][vc_tta_tabs style=&#8221;flat&#8221; shape=&#8221;square&#8221; alignment=&#8221;center&#8221; active_section=&#8221;1&#8243; el_class=&#8221;galleri&#8221;][vc_tta_section title=&#8221;Lyftutrustning&#8221; tab_id=&#8221;lyftutrustning&#8221;][vc_media_grid element_width=&#8221;3&#8243; gap=&#8221;20&#8243; item=&#8221;467&#8243; css=&#8221;&#8221; grid_id=&#8221;vc_gid:1771235208767-14885e82-34ec-8&#8243; include=&#8221;902014,902015&#8243;][\/vc_tta_section][vc_tta_section title=&#8221;Quick upph\u00e4ngning&#8221; tab_id=&#8221;snabb-fjadring&#8221;][vc_media_grid element_width=&#8221;3&#8243; gap=&#8221;20&#8243; item=&#8221;467&#8243; css=&#8221;&#8221; grid_id=&#8221;vc_gid:1771235208769-fe861b1a-5c9f-4&#8243; include=&#8221;902016,902018,902017&#8243;][\/vc_tta_section][vc_tta_section title=&#8221;Rotatorbeslag&#8221; tab_id=&#8221;rotatorfaste&#8221;][vc_media_grid element_width=&#8221;3&#8243; gap=&#8221;20&#8243; item=&#8221;467&#8243; css=&#8221;&#8221; grid_id=&#8221;vc_gid:1771235208769-33ba9874-d16f-9&#8243; include=&#8221;902019,902020&#8243;][\/vc_tta_section][vc_tta_section title=&#8221;Truckfickor&#8221; tab_id=&#8221;lastbilsfickor&#8221;][vc_media_grid element_width=&#8221;3&#8243; gap=&#8221;20&#8243; item=&#8221;467&#8243; css=&#8221;&#8221; grid_id=&#8221;vc_gid:1771235208771-bef97988-1fc0-4&#8243; include=&#8221;902022,902023&#8243;][\/vc_tta_section][vc_tta_section title=&#8221;Pallstopp&#8221; tab_id=&#8221;pallstopp&#8221;][vc_media_grid element_width=&#8221;3&#8243; gap=&#8221;20&#8243; item=&#8221;467&#8243; css=&#8221;&#8221; grid_id=&#8221;vc_gid:1771235208772-93e21201-f4e2-5&#8243; include=&#8221;902024&#8243;][\/vc_tta_section][\/vc_tta_tabs][\/vc_column][\/vc_row]\" \/>\n<meta property=\"og:url\" content=\"https:\/\/bsv.dk\/sv\/pallgafflar\/tillbehoer-till-pallgafflar\/\" \/>\n<meta property=\"og:site_name\" content=\"BSV\" \/>\n<meta property=\"article:modified_time\" content=\"2026-02-16T09:49:45+00:00\" \/>\n<meta name=\"twitter:card\" content=\"summary_large_image\" \/>\n<meta name=\"twitter:label1\" content=\"Est. reading time\" \/>\n\t<meta name=\"twitter:data1\" content=\"3 minutes\" \/>\n<script type=\"application\/ld+json\" class=\"yoast-schema-graph\">{\"@context\":\"https:\\\/\\\/schema.org\",\"@graph\":[{\"@type\":\"WebPage\",\"@id\":\"https:\\\/\\\/bsv.dk\\\/sv\\\/pallgafflar\\\/tillbehoer-till-pallgafflar\\\/\",\"url\":\"https:\\\/\\\/bsv.dk\\\/sv\\\/pallgafflar\\\/tillbehoer-till-pallgafflar\\\/\",\"name\":\"Tillbeh\u00f6r f\u00f6r pallgafflar &#183; BSV\",\"isPartOf\":{\"@id\":\"https:\\\/\\\/bsv.dk\\\/#website\"},\"datePublished\":\"2022-07-13T05:34:03+00:00\",\"dateModified\":\"2026-02-16T09:49:45+00:00\",\"breadcrumb\":{\"@id\":\"https:\\\/\\\/bsv.dk\\\/sv\\\/pallgafflar\\\/tillbehoer-till-pallgafflar\\\/#breadcrumb\"},\"inLanguage\":\"sv-SE\",\"potentialAction\":[{\"@type\":\"ReadAction\",\"target\":[\"https:\\\/\\\/bsv.dk\\\/sv\\\/pallgafflar\\\/tillbehoer-till-pallgafflar\\\/\"]}]},{\"@type\":\"BreadcrumbList\",\"@id\":\"https:\\\/\\\/bsv.dk\\\/sv\\\/pallgafflar\\\/tillbehoer-till-pallgafflar\\\/#breadcrumb\",\"itemListElement\":[{\"@type\":\"ListItem\",\"position\":1,\"name\":\"Hjem\",\"item\":\"https:\\\/\\\/bsv.dk\\\/sv\\\/vaelkommen\\\/\"},{\"@type\":\"ListItem\",\"position\":2,\"name\":\"Pallgafflar\",\"item\":\"https:\\\/\\\/bsv.dk\\\/sv\\\/pallgafflar\\\/\"},{\"@type\":\"ListItem\",\"position\":3,\"name\":\"Tillbeh\u00f6r f\u00f6r pallgafflar\"}]},{\"@type\":\"WebSite\",\"@id\":\"https:\\\/\\\/bsv.dk\\\/#website\",\"url\":\"https:\\\/\\\/bsv.dk\\\/\",\"name\":\"BSV\",\"description\":\"L\u00f8fteudstyr og krantilbeh\u00f8r: K\u00f8b dit l\u00f8ftegrej og kran-udstyr\",\"publisher\":{\"@id\":\"https:\\\/\\\/bsv.dk\\\/#organization\"},\"potentialAction\":[{\"@type\":\"SearchAction\",\"target\":{\"@type\":\"EntryPoint\",\"urlTemplate\":\"https:\\\/\\\/bsv.dk\\\/?s={search_term_string}\"},\"query-input\":{\"@type\":\"PropertyValueSpecification\",\"valueRequired\":true,\"valueName\":\"search_term_string\"}}],\"inLanguage\":\"sv-SE\"},{\"@type\":\"Organization\",\"@id\":\"https:\\\/\\\/bsv.dk\\\/#organization\",\"name\":\"BSV\",\"url\":\"https:\\\/\\\/bsv.dk\\\/\",\"logo\":{\"@type\":\"ImageObject\",\"inLanguage\":\"sv-SE\",\"@id\":\"https:\\\/\\\/bsv.dk\\\/#\\\/schema\\\/logo\\\/image\\\/\",\"url\":\"https:\\\/\\\/bsv.dk\\\/wp-content\\\/uploads\\\/2022\\\/07\\\/bsv-logo.png\",\"contentUrl\":\"https:\\\/\\\/bsv.dk\\\/wp-content\\\/uploads\\\/2022\\\/07\\\/bsv-logo.png\",\"width\":594,\"height\":249,\"caption\":\"BSV\"},\"image\":{\"@id\":\"https:\\\/\\\/bsv.dk\\\/#\\\/schema\\\/logo\\\/image\\\/\"}}]}<\/script>\n<!-- \/ Yoast SEO plugin. -->","yoast_head_json":{"title":"Tillbeh\u00f6r f\u00f6r pallgafflar &#183; BSV","robots":{"index":"index","follow":"follow","max-snippet":"max-snippet:-1","max-image-preview":"max-image-preview:large","max-video-preview":"max-video-preview:-1"},"canonical":"https:\/\/bsv.dk\/sv\/pallgafflar\/tillbehoer-till-pallgafflar\/","og_locale":"sv_SE","og_type":"article","og_title":"Tillbeh\u00f6r f\u00f6r pallgafflar &#183; BSV","og_description":"[vc_row full_width=&#8221;stretch_row&#8221; el_class=&#8221;produkter&#8221;][vc_column][vc_column_text] Tillbeh\u00f6r f\u00f6r pallgafflar [\/vc_column_text][vc_empty_space height=&#8221;30px&#8221;][vc_tta_tabs style=&#8221;flat&#8221; shape=&#8221;square&#8221; alignment=&#8221;center&#8221; active_section=&#8221;1&#8243; el_class=&#8221;galleri&#8221;][vc_tta_section title=&#8221;Lyftutrustning&#8221; tab_id=&#8221;lyftutrustning&#8221;][vc_media_grid element_width=&#8221;3&#8243; gap=&#8221;20&#8243; item=&#8221;467&#8243; css=&#8221;&#8221; grid_id=&#8221;vc_gid:1771235208767-14885e82-34ec-8&#8243; include=&#8221;902014,902015&#8243;][\/vc_tta_section][vc_tta_section title=&#8221;Quick upph\u00e4ngning&#8221; tab_id=&#8221;snabb-fjadring&#8221;][vc_media_grid element_width=&#8221;3&#8243; gap=&#8221;20&#8243; item=&#8221;467&#8243; css=&#8221;&#8221; grid_id=&#8221;vc_gid:1771235208769-fe861b1a-5c9f-4&#8243; include=&#8221;902016,902018,902017&#8243;][\/vc_tta_section][vc_tta_section title=&#8221;Rotatorbeslag&#8221; tab_id=&#8221;rotatorfaste&#8221;][vc_media_grid element_width=&#8221;3&#8243; gap=&#8221;20&#8243; item=&#8221;467&#8243; css=&#8221;&#8221; grid_id=&#8221;vc_gid:1771235208769-33ba9874-d16f-9&#8243; include=&#8221;902019,902020&#8243;][\/vc_tta_section][vc_tta_section title=&#8221;Truckfickor&#8221; tab_id=&#8221;lastbilsfickor&#8221;][vc_media_grid element_width=&#8221;3&#8243; gap=&#8221;20&#8243; item=&#8221;467&#8243; css=&#8221;&#8221; grid_id=&#8221;vc_gid:1771235208771-bef97988-1fc0-4&#8243; include=&#8221;902022,902023&#8243;][\/vc_tta_section][vc_tta_section title=&#8221;Pallstopp&#8221; tab_id=&#8221;pallstopp&#8221;][vc_media_grid element_width=&#8221;3&#8243; gap=&#8221;20&#8243; item=&#8221;467&#8243; css=&#8221;&#8221; grid_id=&#8221;vc_gid:1771235208772-93e21201-f4e2-5&#8243; include=&#8221;902024&#8243;][\/vc_tta_section][\/vc_tta_tabs][\/vc_column][\/vc_row]","og_url":"https:\/\/bsv.dk\/sv\/pallgafflar\/tillbehoer-till-pallgafflar\/","og_site_name":"BSV","article_modified_time":"2026-02-16T09:49:45+00:00","twitter_card":"summary_large_image","twitter_misc":{"Est. reading time":"3 minutes"},"schema":{"@context":"https:\/\/schema.org","@graph":[{"@type":"WebPage","@id":"https:\/\/bsv.dk\/sv\/pallgafflar\/tillbehoer-till-pallgafflar\/","url":"https:\/\/bsv.dk\/sv\/pallgafflar\/tillbehoer-till-pallgafflar\/","name":"Tillbeh\u00f6r f\u00f6r pallgafflar &#183; BSV","isPartOf":{"@id":"https:\/\/bsv.dk\/#website"},"datePublished":"2022-07-13T05:34:03+00:00","dateModified":"2026-02-16T09:49:45+00:00","breadcrumb":{"@id":"https:\/\/bsv.dk\/sv\/pallgafflar\/tillbehoer-till-pallgafflar\/#breadcrumb"},"inLanguage":"sv-SE","potentialAction":[{"@type":"ReadAction","target":["https:\/\/bsv.dk\/sv\/pallgafflar\/tillbehoer-till-pallgafflar\/"]}]},{"@type":"BreadcrumbList","@id":"https:\/\/bsv.dk\/sv\/pallgafflar\/tillbehoer-till-pallgafflar\/#breadcrumb","itemListElement":[{"@type":"ListItem","position":1,"name":"Hjem","item":"https:\/\/bsv.dk\/sv\/vaelkommen\/"},{"@type":"ListItem","position":2,"name":"Pallgafflar","item":"https:\/\/bsv.dk\/sv\/pallgafflar\/"},{"@type":"ListItem","position":3,"name":"Tillbeh\u00f6r f\u00f6r pallgafflar"}]},{"@type":"WebSite","@id":"https:\/\/bsv.dk\/#website","url":"https:\/\/bsv.dk\/","name":"BSV","description":"L\u00f8fteudstyr og krantilbeh\u00f8r: K\u00f8b dit l\u00f8ftegrej og kran-udstyr","publisher":{"@id":"https:\/\/bsv.dk\/#organization"},"potentialAction":[{"@type":"SearchAction","target":{"@type":"EntryPoint","urlTemplate":"https:\/\/bsv.dk\/?s={search_term_string}"},"query-input":{"@type":"PropertyValueSpecification","valueRequired":true,"valueName":"search_term_string"}}],"inLanguage":"sv-SE"},{"@type":"Organization","@id":"https:\/\/bsv.dk\/#organization","name":"BSV","url":"https:\/\/bsv.dk\/","logo":{"@type":"ImageObject","inLanguage":"sv-SE","@id":"https:\/\/bsv.dk\/#\/schema\/logo\/image\/","url":"https:\/\/bsv.dk\/wp-content\/uploads\/2022\/07\/bsv-logo.png","contentUrl":"https:\/\/bsv.dk\/wp-content\/uploads\/2022\/07\/bsv-logo.png","width":594,"height":249,"caption":"BSV"},"image":{"@id":"https:\/\/bsv.dk\/#\/schema\/logo\/image\/"}}]}},"_links":{"self":[{"href":"https:\/\/bsv.dk\/sv\/wp-json\/wp\/v2\/pages\/6352","targetHints":{"allow":["GET"]}}],"collection":[{"href":"https:\/\/bsv.dk\/sv\/wp-json\/wp\/v2\/pages"}],"about":[{"href":"https:\/\/bsv.dk\/sv\/wp-json\/wp\/v2\/types\/page"}],"author":[{"embeddable":true,"href":"https:\/\/bsv.dk\/sv\/wp-json\/wp\/v2\/users\/1"}],"replies":[{"embeddable":true,"href":"https:\/\/bsv.dk\/sv\/wp-json\/wp\/v2\/comments?post=6352"}],"version-history":[{"count":10,"href":"https:\/\/bsv.dk\/sv\/wp-json\/wp\/v2\/pages\/6352\/revisions"}],"predecessor-version":[{"id":902026,"href":"https:\/\/bsv.dk\/sv\/wp-json\/wp\/v2\/pages\/6352\/revisions\/902026"}],"up":[{"embeddable":true,"href":"https:\/\/bsv.dk\/sv\/wp-json\/wp\/v2\/pages\/6284"}],"wp:attachment":[{"href":"https:\/\/bsv.dk\/sv\/wp-json\/wp\/v2\/media?parent=6352"}],"wp:term":[{"taxonomy":"category","embeddable":true,"href":"https:\/\/bsv.dk\/sv\/wp-json\/wp\/v2\/categories?post=6352"}],"curies":[{"name":"wp","href":"https:\/\/api.w.org\/{rel}","templated":true}]}}