{"id":6343,"date":"2022-07-13T07:33:46","date_gmt":"2022-07-13T05:33:46","guid":{"rendered":"https:\/\/bsv.dk\/pallgafflar\/tillbehoer-till-pallgafflar\/"},"modified":"2025-05-13T15:51:52","modified_gmt":"2025-05-13T13:51:52","slug":"gipsvandargafflar","status":"publish","type":"page","link":"https:\/\/bsv.dk\/sv\/pallgafflar\/gipsvandargafflar\/","title":{"rendered":"Gipsv\u00e4ndargaffel"},"content":{"rendered":"<div class=\"wpb-content-wrapper\"><p>[vc_row full_width=&#8221;stretch_row&#8221; el_class=&#8221;produkter&#8221;][vc_column]<div class=\"ult-spacer spacer-69f1efa572ca4\" data-id=\"69f1efa572ca4\" data-height=\"90\" data-height-mobile=\"60\" data-height-tab=\"90\" data-height-tab-portrait=\"60\" data-height-mobile-landscape=\"60\" style=\"clear:both;display:block;\"><\/div>[vc_row_inner equal_height=&#8221;yes&#8221;][vc_column_inner offset=&#8221;vc_col-lg-6 vc_col-md-6 vc_col-xs-12&#8243;][vc_media_grid style=&#8221;pagination&#8221; items_per_page=&#8221;1&#8243; element_width=&#8221;12&#8243; gap=&#8221;20&#8243; arrows_design=&#8221;vc_arrow-icon-arrow_01_left&#8221; arrows_position=&#8221;outside&#8221; arrows_color=&#8221;black&#8221; paging_design=&#8221;none&#8221; loop=&#8221;yes&#8221; item=&#8221;2845&#8243; grid_id=&#8221;vc_gid:1747144273930-13236e6f-3ff8-3&#8243; include=&#8221;7575,901050,901046,5650,5642,5646&#8243;]<div class=\"ult-spacer spacer-69f1efa572ce9\" data-id=\"69f1efa572ce9\" data-height=\"0\" data-height-mobile=\"30\" data-height-tab=\"0\" data-height-tab-portrait=\"30\" data-height-mobile-landscape=\"30\" style=\"clear:both;display:block;\"><\/div>[\/vc_column_inner][vc_column_inner offset=&#8221;vc_col-lg-6 vc_col-md-6 vc_col-xs-12&#8243;][vc_column_text]<\/p>\n<h1><strong>BSV gipsv\u00e4ndargaffel<\/strong><\/h1>\n<p>BSV erbjuder tre typer av v\u00e4ndgafflar f\u00f6r gipsskivor till kran. Pallgafflarna \u00e4r tillverkade i slitstarkt st\u00e5l och \u00e4r mycket starka och robusta samt med l\u00e5g egenvikt.<\/p>\n<p>V\u00e5r gipsv\u00e4ndargaffel till kran \u00e4r utformad s\u00e4rskilt f\u00f6r att v\u00e4nda och hantera gipsplattor och plattpaket samt f\u00f6r att underl\u00e4tta hanteringen av dessa genom t.ex. d\u00f6rrar och f\u00f6nster i byggnader med flera v\u00e5ningar. Denna gipsv\u00e4ndargaffel kan hantera gipsplattorna b\u00e5de vertikalt och horisontellt.<\/p>\n<p>Denna v\u00e4ndgaffel f\u00f6r gipsplattor \u00e4r konstruerad med en sv\u00e4ngbar lyftarm som har inst\u00e4llningsm\u00f6jligheter f\u00f6r tomlyft, liggande gipsplattor och st\u00e5ende gipsplattor. Det \u00e4r m\u00f6jligt att hantera och flytta plattpaket som ligger ner, eller ta dem fr\u00e5n liggande och v\u00e4nda dem vertikalt och utf\u00f6ra lyftet d\u00e4rifr\u00e5n, uteslutande genom att vrida sv\u00e4ngarmen p\u00e5 gipsv\u00e4ndargaffeln.<\/p>\n<p>Kan levereras med upph\u00e4ngningsbeslag som passar f\u00f6r den aktuella kranen.<\/p>\n<p>Alla v\u00e5ra pallgafflar \u00e4r 100\u00a0% danskproducerade och inkluderar sj\u00e4lvklart testcertifikat och CE-m\u00e4rkning. Ut\u00f6ver standardf\u00e4rgen s\u00e5 kan BSV erbjuda \u00e4ven andra f\u00e4rger.[\/vc_column_text][\/vc_column_inner][\/vc_row_inner]<div class=\"ult-spacer spacer-69f1efa572d0d\" data-id=\"69f1efa572d0d\" data-height=\"90\" data-height-mobile=\"60\" data-height-tab=\"90\" data-height-tab-portrait=\"60\" data-height-mobile-landscape=\"60\" style=\"clear:both;display:block;\"><\/div>[\/vc_column][\/vc_row]<\/p>\n<\/div>","protected":false},"excerpt":{"rendered":"<p>[vc_row full_width=&#8221;stretch_row&#8221; el_class=&#8221;produkter&#8221;][vc_column][vc_row_inner equal_height=&#8221;yes&#8221;][vc_column_inner offset=&#8221;vc_col-lg-6 vc_col-md-6 vc_col-xs-12&#8243;][vc_media_grid style=&#8221;pagination&#8221; items_per_page=&#8221;1&#8243; element_width=&#8221;12&#8243; gap=&#8221;20&#8243; arrows_design=&#8221;vc_arrow-icon-arrow_01_left&#8221; arrows_position=&#8221;outside&#8221; arrows_color=&#8221;black&#8221; paging_design=&#8221;none&#8221; loop=&#8221;yes&#8221; item=&#8221;2845&#8243; grid_id=&#8221;vc_gid:1747144273930-13236e6f-3ff8-3&#8243; include=&#8221;7575,901050,901046,5650,5642,5646&#8243;][\/vc_column_inner][vc_column_inner offset=&#8221;vc_col-lg-6 vc_col-md-6 vc_col-xs-12&#8243;][vc_column_text] BSV gipsv\u00e4ndargaffel BSV erbjuder tre typer av v\u00e4ndgafflar f\u00f6r gipsskivor till kran. Pallgafflarna \u00e4r tillverkade i slitstarkt st\u00e5l och \u00e4r mycket starka och robusta samt med l\u00e5g egenvikt. V\u00e5r gipsv\u00e4ndargaffel till kran \u00e4r &#8230; <a title=\"Gipsv\u00e4ndargaffel\" class=\"read-more\" href=\"https:\/\/bsv.dk\/sv\/pallgafflar\/gipsvandargafflar\/\" aria-label=\"Read more about Gipsv\u00e4ndargaffel\">L\u00e4s mer<\/a><\/p>\n","protected":false},"author":1,"featured_media":0,"parent":6284,"menu_order":0,"comment_status":"closed","ping_status":"closed","template":"","meta":{"footnotes":""},"categories":[51],"class_list":{"0":"post-6343","1":"page","2":"type-page","3":"status-publish","5":"category-pallgafflar"},"yoast_head":"<!-- This site is optimized with the Yoast SEO plugin v27.4 - https:\/\/yoast.com\/product\/yoast-seo-wordpress\/ -->\n<title>Gipsv\u00e4ndargaffel &#183; BSV<\/title>\n<meta name=\"robots\" content=\"index, follow, max-snippet:-1, max-image-preview:large, max-video-preview:-1\" \/>\n<link rel=\"canonical\" href=\"https:\/\/bsv.dk\/sv\/pallgafflar\/gipsvandargafflar\/\" \/>\n<meta property=\"og:locale\" content=\"sv_SE\" \/>\n<meta property=\"og:type\" content=\"article\" \/>\n<meta property=\"og:title\" content=\"Gipsv\u00e4ndargaffel &#183; BSV\" \/>\n<meta property=\"og:description\" content=\"[vc_row full_width=&#8221;stretch_row&#8221; el_class=&#8221;produkter&#8221;][vc_column][vc_row_inner equal_height=&#8221;yes&#8221;][vc_column_inner offset=&#8221;vc_col-lg-6 vc_col-md-6 vc_col-xs-12&#8243;][vc_media_grid style=&#8221;pagination&#8221; items_per_page=&#8221;1&#8243; element_width=&#8221;12&#8243; gap=&#8221;20&#8243; arrows_design=&#8221;vc_arrow-icon-arrow_01_left&#8221; arrows_position=&#8221;outside&#8221; arrows_color=&#8221;black&#8221; paging_design=&#8221;none&#8221; loop=&#8221;yes&#8221; item=&#8221;2845&#8243; grid_id=&#8221;vc_gid:1747144273930-13236e6f-3ff8-3&#8243; include=&#8221;7575,901050,901046,5650,5642,5646&#8243;][\/vc_column_inner][vc_column_inner offset=&#8221;vc_col-lg-6 vc_col-md-6 vc_col-xs-12&#8243;][vc_column_text] BSV gipsv\u00e4ndargaffel BSV erbjuder tre typer av v\u00e4ndgafflar f\u00f6r gipsskivor till kran. Pallgafflarna \u00e4r tillverkade i slitstarkt st\u00e5l och \u00e4r mycket starka och robusta samt med l\u00e5g egenvikt. V\u00e5r gipsv\u00e4ndargaffel till kran \u00e4r ... L\u00e4s mer\" \/>\n<meta property=\"og:url\" content=\"https:\/\/bsv.dk\/sv\/pallgafflar\/gipsvandargafflar\/\" \/>\n<meta property=\"og:site_name\" content=\"BSV\" \/>\n<meta property=\"article:modified_time\" content=\"2025-05-13T13:51:52+00:00\" \/>\n<meta name=\"twitter:card\" content=\"summary_large_image\" \/>\n<meta name=\"twitter:label1\" content=\"Est. reading time\" \/>\n\t<meta name=\"twitter:data1\" content=\"2 minutes\" \/>\n<script type=\"application\/ld+json\" class=\"yoast-schema-graph\">{\"@context\":\"https:\\\/\\\/schema.org\",\"@graph\":[{\"@type\":\"WebPage\",\"@id\":\"https:\\\/\\\/bsv.dk\\\/sv\\\/pallgafflar\\\/gipsvandargafflar\\\/\",\"url\":\"https:\\\/\\\/bsv.dk\\\/sv\\\/pallgafflar\\\/gipsvandargafflar\\\/\",\"name\":\"Gipsv\u00e4ndargaffel &#183; BSV\",\"isPartOf\":{\"@id\":\"https:\\\/\\\/bsv.dk\\\/#website\"},\"datePublished\":\"2022-07-13T05:33:46+00:00\",\"dateModified\":\"2025-05-13T13:51:52+00:00\",\"breadcrumb\":{\"@id\":\"https:\\\/\\\/bsv.dk\\\/sv\\\/pallgafflar\\\/gipsvandargafflar\\\/#breadcrumb\"},\"inLanguage\":\"sv-SE\",\"potentialAction\":[{\"@type\":\"ReadAction\",\"target\":[\"https:\\\/\\\/bsv.dk\\\/sv\\\/pallgafflar\\\/gipsvandargafflar\\\/\"]}]},{\"@type\":\"BreadcrumbList\",\"@id\":\"https:\\\/\\\/bsv.dk\\\/sv\\\/pallgafflar\\\/gipsvandargafflar\\\/#breadcrumb\",\"itemListElement\":[{\"@type\":\"ListItem\",\"position\":1,\"name\":\"Hjem\",\"item\":\"https:\\\/\\\/bsv.dk\\\/sv\\\/vaelkommen\\\/\"},{\"@type\":\"ListItem\",\"position\":2,\"name\":\"Pallgafflar\",\"item\":\"https:\\\/\\\/bsv.dk\\\/sv\\\/pallgafflar\\\/\"},{\"@type\":\"ListItem\",\"position\":3,\"name\":\"Gipsv\u00e4ndargaffel\"}]},{\"@type\":\"WebSite\",\"@id\":\"https:\\\/\\\/bsv.dk\\\/#website\",\"url\":\"https:\\\/\\\/bsv.dk\\\/\",\"name\":\"BSV\",\"description\":\"L\u00f8fteudstyr og krantilbeh\u00f8r: K\u00f8b dit l\u00f8ftegrej og kran-udstyr\",\"publisher\":{\"@id\":\"https:\\\/\\\/bsv.dk\\\/#organization\"},\"potentialAction\":[{\"@type\":\"SearchAction\",\"target\":{\"@type\":\"EntryPoint\",\"urlTemplate\":\"https:\\\/\\\/bsv.dk\\\/?s={search_term_string}\"},\"query-input\":{\"@type\":\"PropertyValueSpecification\",\"valueRequired\":true,\"valueName\":\"search_term_string\"}}],\"inLanguage\":\"sv-SE\"},{\"@type\":\"Organization\",\"@id\":\"https:\\\/\\\/bsv.dk\\\/#organization\",\"name\":\"BSV\",\"url\":\"https:\\\/\\\/bsv.dk\\\/\",\"logo\":{\"@type\":\"ImageObject\",\"inLanguage\":\"sv-SE\",\"@id\":\"https:\\\/\\\/bsv.dk\\\/#\\\/schema\\\/logo\\\/image\\\/\",\"url\":\"https:\\\/\\\/bsv.dk\\\/wp-content\\\/uploads\\\/2022\\\/07\\\/bsv-logo.png\",\"contentUrl\":\"https:\\\/\\\/bsv.dk\\\/wp-content\\\/uploads\\\/2022\\\/07\\\/bsv-logo.png\",\"width\":594,\"height\":249,\"caption\":\"BSV\"},\"image\":{\"@id\":\"https:\\\/\\\/bsv.dk\\\/#\\\/schema\\\/logo\\\/image\\\/\"}}]}<\/script>\n<!-- \/ Yoast SEO plugin. -->","yoast_head_json":{"title":"Gipsv\u00e4ndargaffel &#183; BSV","robots":{"index":"index","follow":"follow","max-snippet":"max-snippet:-1","max-image-preview":"max-image-preview:large","max-video-preview":"max-video-preview:-1"},"canonical":"https:\/\/bsv.dk\/sv\/pallgafflar\/gipsvandargafflar\/","og_locale":"sv_SE","og_type":"article","og_title":"Gipsv\u00e4ndargaffel &#183; BSV","og_description":"[vc_row full_width=&#8221;stretch_row&#8221; el_class=&#8221;produkter&#8221;][vc_column][vc_row_inner equal_height=&#8221;yes&#8221;][vc_column_inner offset=&#8221;vc_col-lg-6 vc_col-md-6 vc_col-xs-12&#8243;][vc_media_grid style=&#8221;pagination&#8221; items_per_page=&#8221;1&#8243; element_width=&#8221;12&#8243; gap=&#8221;20&#8243; arrows_design=&#8221;vc_arrow-icon-arrow_01_left&#8221; arrows_position=&#8221;outside&#8221; arrows_color=&#8221;black&#8221; paging_design=&#8221;none&#8221; loop=&#8221;yes&#8221; item=&#8221;2845&#8243; grid_id=&#8221;vc_gid:1747144273930-13236e6f-3ff8-3&#8243; include=&#8221;7575,901050,901046,5650,5642,5646&#8243;][\/vc_column_inner][vc_column_inner offset=&#8221;vc_col-lg-6 vc_col-md-6 vc_col-xs-12&#8243;][vc_column_text] BSV gipsv\u00e4ndargaffel BSV erbjuder tre typer av v\u00e4ndgafflar f\u00f6r gipsskivor till kran. Pallgafflarna \u00e4r tillverkade i slitstarkt st\u00e5l och \u00e4r mycket starka och robusta samt med l\u00e5g egenvikt. V\u00e5r gipsv\u00e4ndargaffel till kran \u00e4r ... L\u00e4s mer","og_url":"https:\/\/bsv.dk\/sv\/pallgafflar\/gipsvandargafflar\/","og_site_name":"BSV","article_modified_time":"2025-05-13T13:51:52+00:00","twitter_card":"summary_large_image","twitter_misc":{"Est. reading time":"2 minutes"},"schema":{"@context":"https:\/\/schema.org","@graph":[{"@type":"WebPage","@id":"https:\/\/bsv.dk\/sv\/pallgafflar\/gipsvandargafflar\/","url":"https:\/\/bsv.dk\/sv\/pallgafflar\/gipsvandargafflar\/","name":"Gipsv\u00e4ndargaffel &#183; BSV","isPartOf":{"@id":"https:\/\/bsv.dk\/#website"},"datePublished":"2022-07-13T05:33:46+00:00","dateModified":"2025-05-13T13:51:52+00:00","breadcrumb":{"@id":"https:\/\/bsv.dk\/sv\/pallgafflar\/gipsvandargafflar\/#breadcrumb"},"inLanguage":"sv-SE","potentialAction":[{"@type":"ReadAction","target":["https:\/\/bsv.dk\/sv\/pallgafflar\/gipsvandargafflar\/"]}]},{"@type":"BreadcrumbList","@id":"https:\/\/bsv.dk\/sv\/pallgafflar\/gipsvandargafflar\/#breadcrumb","itemListElement":[{"@type":"ListItem","position":1,"name":"Hjem","item":"https:\/\/bsv.dk\/sv\/vaelkommen\/"},{"@type":"ListItem","position":2,"name":"Pallgafflar","item":"https:\/\/bsv.dk\/sv\/pallgafflar\/"},{"@type":"ListItem","position":3,"name":"Gipsv\u00e4ndargaffel"}]},{"@type":"WebSite","@id":"https:\/\/bsv.dk\/#website","url":"https:\/\/bsv.dk\/","name":"BSV","description":"L\u00f8fteudstyr og krantilbeh\u00f8r: K\u00f8b dit l\u00f8ftegrej og kran-udstyr","publisher":{"@id":"https:\/\/bsv.dk\/#organization"},"potentialAction":[{"@type":"SearchAction","target":{"@type":"EntryPoint","urlTemplate":"https:\/\/bsv.dk\/?s={search_term_string}"},"query-input":{"@type":"PropertyValueSpecification","valueRequired":true,"valueName":"search_term_string"}}],"inLanguage":"sv-SE"},{"@type":"Organization","@id":"https:\/\/bsv.dk\/#organization","name":"BSV","url":"https:\/\/bsv.dk\/","logo":{"@type":"ImageObject","inLanguage":"sv-SE","@id":"https:\/\/bsv.dk\/#\/schema\/logo\/image\/","url":"https:\/\/bsv.dk\/wp-content\/uploads\/2022\/07\/bsv-logo.png","contentUrl":"https:\/\/bsv.dk\/wp-content\/uploads\/2022\/07\/bsv-logo.png","width":594,"height":249,"caption":"BSV"},"image":{"@id":"https:\/\/bsv.dk\/#\/schema\/logo\/image\/"}}]}},"_links":{"self":[{"href":"https:\/\/bsv.dk\/sv\/wp-json\/wp\/v2\/pages\/6343","targetHints":{"allow":["GET"]}}],"collection":[{"href":"https:\/\/bsv.dk\/sv\/wp-json\/wp\/v2\/pages"}],"about":[{"href":"https:\/\/bsv.dk\/sv\/wp-json\/wp\/v2\/types\/page"}],"author":[{"embeddable":true,"href":"https:\/\/bsv.dk\/sv\/wp-json\/wp\/v2\/users\/1"}],"replies":[{"embeddable":true,"href":"https:\/\/bsv.dk\/sv\/wp-json\/wp\/v2\/comments?post=6343"}],"version-history":[{"count":4,"href":"https:\/\/bsv.dk\/sv\/wp-json\/wp\/v2\/pages\/6343\/revisions"}],"predecessor-version":[{"id":901053,"href":"https:\/\/bsv.dk\/sv\/wp-json\/wp\/v2\/pages\/6343\/revisions\/901053"}],"up":[{"embeddable":true,"href":"https:\/\/bsv.dk\/sv\/wp-json\/wp\/v2\/pages\/6284"}],"wp:attachment":[{"href":"https:\/\/bsv.dk\/sv\/wp-json\/wp\/v2\/media?parent=6343"}],"wp:term":[{"taxonomy":"category","embeddable":true,"href":"https:\/\/bsv.dk\/sv\/wp-json\/wp\/v2\/categories?post=6343"}],"curies":[{"name":"wp","href":"https:\/\/api.w.org\/{rel}","templated":true}]}}