{"id":6324,"date":"2022-07-13T07:37:38","date_gmt":"2022-07-13T05:37:38","guid":{"rendered":"https:\/\/bsv.dk\/mekaniska-lyfttaenger\/specialtaenger\/"},"modified":"2026-02-16T13:28:46","modified_gmt":"2026-02-16T12:28:46","slug":"specialtaenger","status":"publish","type":"page","link":"https:\/\/bsv.dk\/sv\/mekaniska-lyfttaenger\/specialtaenger\/","title":{"rendered":"Specialt\u00e5ng"},"content":{"rendered":"<div class=\"wpb-content-wrapper\"><p>[vc_row full_width=&#8221;stretch_row&#8221; el_class=&#8221;produkter&#8221;][vc_column]<div class=\"ult-spacer spacer-69e13effcbe31\" data-id=\"69e13effcbe31\" data-height=\"90\" data-height-mobile=\"60\" data-height-tab=\"90\" data-height-tab-portrait=\"60\" data-height-mobile-landscape=\"60\" style=\"clear:both;display:block;\"><\/div>[vc_column_text]<\/p>\n<h1>BSV specialt\u00e5ng<\/h1>\n<p>[\/vc_column_text][vc_empty_space height=&#8221;30px&#8221;][vc_tta_tabs style=&#8221;flat&#8221; shape=&#8221;square&#8221; alignment=&#8221;center&#8221; active_section=&#8221;1&#8243; el_class=&#8221;galleri&#8221;][vc_tta_section title=&#8221;Multi&#8221; tab_id=&#8221;multi&#8221;][vc_media_grid element_width=&#8221;3&#8243; gap=&#8221;20&#8243; item=&#8221;467&#8243; css=&#8221;&#8221; grid_id=&#8221;vc_gid:1771244814253-bd5719f7-c73c-10&#8243; include=&#8221;902069,902068&#8243;][\/vc_tta_section][vc_tta_section title=&#8221;H\u00e5lskyddselement&#8221; tab_id=&#8221;huld\u00e6kelementer&#8221;][vc_media_grid element_width=&#8221;3&#8243; gap=&#8221;20&#8243; item=&#8221;467&#8243; grid_id=&#8221;vc_gid:1771244814255-cfbb4191-db77-10&#8243; include=&#8221;7331,8158,8150&#8243;][\/vc_tta_section][vc_tta_section tab_id=&#8221;test3&#8243;][vc_media_grid element_width=&#8221;3&#8243; gap=&#8221;20&#8243; item=&#8221;467&#8243; grid_id=&#8221;vc_gid:1771244814257-111bbcef-9e58-3&#8243; include=&#8221;8154&#8243;][\/vc_tta_section][\/vc_tta_tabs]<div class=\"ult-spacer spacer-69e13effcbe7d\" data-id=\"69e13effcbe7d\" data-height=\"90\" data-height-mobile=\"60\" data-height-tab=\"90\" data-height-tab-portrait=\"60\" data-height-mobile-landscape=\"60\" style=\"clear:both;display:block;\"><\/div>[\/vc_column][\/vc_row]<\/p>\n<\/div>","protected":false},"excerpt":{"rendered":"<p>[vc_row full_width=&#8221;stretch_row&#8221; el_class=&#8221;produkter&#8221;][vc_column][vc_column_text] BSV specialt\u00e5ng [\/vc_column_text][vc_empty_space height=&#8221;30px&#8221;][vc_tta_tabs style=&#8221;flat&#8221; shape=&#8221;square&#8221; alignment=&#8221;center&#8221; active_section=&#8221;1&#8243; el_class=&#8221;galleri&#8221;][vc_tta_section title=&#8221;Multi&#8221; tab_id=&#8221;multi&#8221;][vc_media_grid element_width=&#8221;3&#8243; gap=&#8221;20&#8243; item=&#8221;467&#8243; css=&#8221;&#8221; grid_id=&#8221;vc_gid:1771244814253-bd5719f7-c73c-10&#8243; include=&#8221;902069,902068&#8243;][\/vc_tta_section][vc_tta_section title=&#8221;H\u00e5lskyddselement&#8221; tab_id=&#8221;huld\u00e6kelementer&#8221;][vc_media_grid element_width=&#8221;3&#8243; gap=&#8221;20&#8243; item=&#8221;467&#8243; grid_id=&#8221;vc_gid:1771244814255-cfbb4191-db77-10&#8243; include=&#8221;7331,8158,8150&#8243;][\/vc_tta_section][vc_tta_section tab_id=&#8221;test3&#8243;][vc_media_grid element_width=&#8221;3&#8243; gap=&#8221;20&#8243; item=&#8221;467&#8243; grid_id=&#8221;vc_gid:1771244814257-111bbcef-9e58-3&#8243; include=&#8221;8154&#8243;][\/vc_tta_section][\/vc_tta_tabs][\/vc_column][\/vc_row]<\/p>\n","protected":false},"author":1,"featured_media":0,"parent":6194,"menu_order":0,"comment_status":"closed","ping_status":"closed","template":"","meta":{"footnotes":""},"categories":[],"class_list":["post-6324","page","type-page","status-publish"],"yoast_head":"<!-- This site is optimized with the Yoast SEO plugin v27.4 - https:\/\/yoast.com\/product\/yoast-seo-wordpress\/ -->\n<title>Specialt\u00e5ng &#183; BSV<\/title>\n<meta name=\"robots\" content=\"index, follow, max-snippet:-1, max-image-preview:large, max-video-preview:-1\" \/>\n<link rel=\"canonical\" href=\"https:\/\/bsv.dk\/sv\/mekaniska-lyfttaenger\/specialtaenger\/\" \/>\n<meta property=\"og:locale\" content=\"sv_SE\" \/>\n<meta property=\"og:type\" content=\"article\" \/>\n<meta property=\"og:title\" content=\"Specialt\u00e5ng &#183; BSV\" \/>\n<meta property=\"og:description\" content=\"[vc_row full_width=&#8221;stretch_row&#8221; el_class=&#8221;produkter&#8221;][vc_column][vc_column_text] BSV specialt\u00e5ng [\/vc_column_text][vc_empty_space height=&#8221;30px&#8221;][vc_tta_tabs style=&#8221;flat&#8221; shape=&#8221;square&#8221; alignment=&#8221;center&#8221; active_section=&#8221;1&#8243; el_class=&#8221;galleri&#8221;][vc_tta_section title=&#8221;Multi&#8221; tab_id=&#8221;multi&#8221;][vc_media_grid element_width=&#8221;3&#8243; gap=&#8221;20&#8243; item=&#8221;467&#8243; css=&#8221;&#8221; grid_id=&#8221;vc_gid:1771244814253-bd5719f7-c73c-10&#8243; include=&#8221;902069,902068&#8243;][\/vc_tta_section][vc_tta_section title=&#8221;H\u00e5lskyddselement&#8221; tab_id=&#8221;huld\u00e6kelementer&#8221;][vc_media_grid element_width=&#8221;3&#8243; gap=&#8221;20&#8243; item=&#8221;467&#8243; grid_id=&#8221;vc_gid:1771244814255-cfbb4191-db77-10&#8243; include=&#8221;7331,8158,8150&#8243;][\/vc_tta_section][vc_tta_section tab_id=&#8221;test3&#8243;][vc_media_grid element_width=&#8221;3&#8243; gap=&#8221;20&#8243; item=&#8221;467&#8243; grid_id=&#8221;vc_gid:1771244814257-111bbcef-9e58-3&#8243; include=&#8221;8154&#8243;][\/vc_tta_section][\/vc_tta_tabs][\/vc_column][\/vc_row]\" \/>\n<meta property=\"og:url\" content=\"https:\/\/bsv.dk\/sv\/mekaniska-lyfttaenger\/specialtaenger\/\" \/>\n<meta property=\"og:site_name\" content=\"BSV\" \/>\n<meta property=\"article:modified_time\" content=\"2026-02-16T12:28:46+00:00\" \/>\n<meta name=\"twitter:card\" content=\"summary_large_image\" \/>\n<meta name=\"twitter:label1\" content=\"Est. reading time\" \/>\n\t<meta name=\"twitter:data1\" content=\"2 minutes\" \/>\n<script type=\"application\/ld+json\" class=\"yoast-schema-graph\">{\"@context\":\"https:\\\/\\\/schema.org\",\"@graph\":[{\"@type\":\"WebPage\",\"@id\":\"https:\\\/\\\/bsv.dk\\\/sv\\\/mekaniska-lyfttaenger\\\/specialtaenger\\\/\",\"url\":\"https:\\\/\\\/bsv.dk\\\/sv\\\/mekaniska-lyfttaenger\\\/specialtaenger\\\/\",\"name\":\"Specialt\u00e5ng &#183; BSV\",\"isPartOf\":{\"@id\":\"https:\\\/\\\/bsv.dk\\\/#website\"},\"datePublished\":\"2022-07-13T05:37:38+00:00\",\"dateModified\":\"2026-02-16T12:28:46+00:00\",\"breadcrumb\":{\"@id\":\"https:\\\/\\\/bsv.dk\\\/sv\\\/mekaniska-lyfttaenger\\\/specialtaenger\\\/#breadcrumb\"},\"inLanguage\":\"sv-SE\",\"potentialAction\":[{\"@type\":\"ReadAction\",\"target\":[\"https:\\\/\\\/bsv.dk\\\/sv\\\/mekaniska-lyfttaenger\\\/specialtaenger\\\/\"]}]},{\"@type\":\"BreadcrumbList\",\"@id\":\"https:\\\/\\\/bsv.dk\\\/sv\\\/mekaniska-lyfttaenger\\\/specialtaenger\\\/#breadcrumb\",\"itemListElement\":[{\"@type\":\"ListItem\",\"position\":1,\"name\":\"Hjem\",\"item\":\"https:\\\/\\\/bsv.dk\\\/sv\\\/vaelkommen\\\/\"},{\"@type\":\"ListItem\",\"position\":2,\"name\":\"Mekaniska lyftt\u00e4nger\",\"item\":\"https:\\\/\\\/bsv.dk\\\/sv\\\/mekaniska-lyfttaenger\\\/\"},{\"@type\":\"ListItem\",\"position\":3,\"name\":\"Specialt\u00e5ng\"}]},{\"@type\":\"WebSite\",\"@id\":\"https:\\\/\\\/bsv.dk\\\/#website\",\"url\":\"https:\\\/\\\/bsv.dk\\\/\",\"name\":\"BSV\",\"description\":\"L\u00f8fteudstyr og krantilbeh\u00f8r: K\u00f8b dit l\u00f8ftegrej og kran-udstyr\",\"publisher\":{\"@id\":\"https:\\\/\\\/bsv.dk\\\/#organization\"},\"potentialAction\":[{\"@type\":\"SearchAction\",\"target\":{\"@type\":\"EntryPoint\",\"urlTemplate\":\"https:\\\/\\\/bsv.dk\\\/?s={search_term_string}\"},\"query-input\":{\"@type\":\"PropertyValueSpecification\",\"valueRequired\":true,\"valueName\":\"search_term_string\"}}],\"inLanguage\":\"sv-SE\"},{\"@type\":\"Organization\",\"@id\":\"https:\\\/\\\/bsv.dk\\\/#organization\",\"name\":\"BSV\",\"url\":\"https:\\\/\\\/bsv.dk\\\/\",\"logo\":{\"@type\":\"ImageObject\",\"inLanguage\":\"sv-SE\",\"@id\":\"https:\\\/\\\/bsv.dk\\\/#\\\/schema\\\/logo\\\/image\\\/\",\"url\":\"https:\\\/\\\/bsv.dk\\\/wp-content\\\/uploads\\\/2022\\\/07\\\/bsv-logo.png\",\"contentUrl\":\"https:\\\/\\\/bsv.dk\\\/wp-content\\\/uploads\\\/2022\\\/07\\\/bsv-logo.png\",\"width\":594,\"height\":249,\"caption\":\"BSV\"},\"image\":{\"@id\":\"https:\\\/\\\/bsv.dk\\\/#\\\/schema\\\/logo\\\/image\\\/\"}}]}<\/script>\n<!-- \/ Yoast SEO plugin. -->","yoast_head_json":{"title":"Specialt\u00e5ng &#183; BSV","robots":{"index":"index","follow":"follow","max-snippet":"max-snippet:-1","max-image-preview":"max-image-preview:large","max-video-preview":"max-video-preview:-1"},"canonical":"https:\/\/bsv.dk\/sv\/mekaniska-lyfttaenger\/specialtaenger\/","og_locale":"sv_SE","og_type":"article","og_title":"Specialt\u00e5ng &#183; BSV","og_description":"[vc_row full_width=&#8221;stretch_row&#8221; el_class=&#8221;produkter&#8221;][vc_column][vc_column_text] BSV specialt\u00e5ng [\/vc_column_text][vc_empty_space height=&#8221;30px&#8221;][vc_tta_tabs style=&#8221;flat&#8221; shape=&#8221;square&#8221; alignment=&#8221;center&#8221; active_section=&#8221;1&#8243; el_class=&#8221;galleri&#8221;][vc_tta_section title=&#8221;Multi&#8221; tab_id=&#8221;multi&#8221;][vc_media_grid element_width=&#8221;3&#8243; gap=&#8221;20&#8243; item=&#8221;467&#8243; css=&#8221;&#8221; grid_id=&#8221;vc_gid:1771244814253-bd5719f7-c73c-10&#8243; include=&#8221;902069,902068&#8243;][\/vc_tta_section][vc_tta_section title=&#8221;H\u00e5lskyddselement&#8221; tab_id=&#8221;huld\u00e6kelementer&#8221;][vc_media_grid element_width=&#8221;3&#8243; gap=&#8221;20&#8243; item=&#8221;467&#8243; grid_id=&#8221;vc_gid:1771244814255-cfbb4191-db77-10&#8243; include=&#8221;7331,8158,8150&#8243;][\/vc_tta_section][vc_tta_section tab_id=&#8221;test3&#8243;][vc_media_grid element_width=&#8221;3&#8243; gap=&#8221;20&#8243; item=&#8221;467&#8243; grid_id=&#8221;vc_gid:1771244814257-111bbcef-9e58-3&#8243; include=&#8221;8154&#8243;][\/vc_tta_section][\/vc_tta_tabs][\/vc_column][\/vc_row]","og_url":"https:\/\/bsv.dk\/sv\/mekaniska-lyfttaenger\/specialtaenger\/","og_site_name":"BSV","article_modified_time":"2026-02-16T12:28:46+00:00","twitter_card":"summary_large_image","twitter_misc":{"Est. reading time":"2 minutes"},"schema":{"@context":"https:\/\/schema.org","@graph":[{"@type":"WebPage","@id":"https:\/\/bsv.dk\/sv\/mekaniska-lyfttaenger\/specialtaenger\/","url":"https:\/\/bsv.dk\/sv\/mekaniska-lyfttaenger\/specialtaenger\/","name":"Specialt\u00e5ng &#183; BSV","isPartOf":{"@id":"https:\/\/bsv.dk\/#website"},"datePublished":"2022-07-13T05:37:38+00:00","dateModified":"2026-02-16T12:28:46+00:00","breadcrumb":{"@id":"https:\/\/bsv.dk\/sv\/mekaniska-lyfttaenger\/specialtaenger\/#breadcrumb"},"inLanguage":"sv-SE","potentialAction":[{"@type":"ReadAction","target":["https:\/\/bsv.dk\/sv\/mekaniska-lyfttaenger\/specialtaenger\/"]}]},{"@type":"BreadcrumbList","@id":"https:\/\/bsv.dk\/sv\/mekaniska-lyfttaenger\/specialtaenger\/#breadcrumb","itemListElement":[{"@type":"ListItem","position":1,"name":"Hjem","item":"https:\/\/bsv.dk\/sv\/vaelkommen\/"},{"@type":"ListItem","position":2,"name":"Mekaniska lyftt\u00e4nger","item":"https:\/\/bsv.dk\/sv\/mekaniska-lyfttaenger\/"},{"@type":"ListItem","position":3,"name":"Specialt\u00e5ng"}]},{"@type":"WebSite","@id":"https:\/\/bsv.dk\/#website","url":"https:\/\/bsv.dk\/","name":"BSV","description":"L\u00f8fteudstyr og krantilbeh\u00f8r: K\u00f8b dit l\u00f8ftegrej og kran-udstyr","publisher":{"@id":"https:\/\/bsv.dk\/#organization"},"potentialAction":[{"@type":"SearchAction","target":{"@type":"EntryPoint","urlTemplate":"https:\/\/bsv.dk\/?s={search_term_string}"},"query-input":{"@type":"PropertyValueSpecification","valueRequired":true,"valueName":"search_term_string"}}],"inLanguage":"sv-SE"},{"@type":"Organization","@id":"https:\/\/bsv.dk\/#organization","name":"BSV","url":"https:\/\/bsv.dk\/","logo":{"@type":"ImageObject","inLanguage":"sv-SE","@id":"https:\/\/bsv.dk\/#\/schema\/logo\/image\/","url":"https:\/\/bsv.dk\/wp-content\/uploads\/2022\/07\/bsv-logo.png","contentUrl":"https:\/\/bsv.dk\/wp-content\/uploads\/2022\/07\/bsv-logo.png","width":594,"height":249,"caption":"BSV"},"image":{"@id":"https:\/\/bsv.dk\/#\/schema\/logo\/image\/"}}]}},"_links":{"self":[{"href":"https:\/\/bsv.dk\/sv\/wp-json\/wp\/v2\/pages\/6324","targetHints":{"allow":["GET"]}}],"collection":[{"href":"https:\/\/bsv.dk\/sv\/wp-json\/wp\/v2\/pages"}],"about":[{"href":"https:\/\/bsv.dk\/sv\/wp-json\/wp\/v2\/types\/page"}],"author":[{"embeddable":true,"href":"https:\/\/bsv.dk\/sv\/wp-json\/wp\/v2\/users\/1"}],"replies":[{"embeddable":true,"href":"https:\/\/bsv.dk\/sv\/wp-json\/wp\/v2\/comments?post=6324"}],"version-history":[{"count":9,"href":"https:\/\/bsv.dk\/sv\/wp-json\/wp\/v2\/pages\/6324\/revisions"}],"predecessor-version":[{"id":902071,"href":"https:\/\/bsv.dk\/sv\/wp-json\/wp\/v2\/pages\/6324\/revisions\/902071"}],"up":[{"embeddable":true,"href":"https:\/\/bsv.dk\/sv\/wp-json\/wp\/v2\/pages\/6194"}],"wp:attachment":[{"href":"https:\/\/bsv.dk\/sv\/wp-json\/wp\/v2\/media?parent=6324"}],"wp:term":[{"taxonomy":"category","embeddable":true,"href":"https:\/\/bsv.dk\/sv\/wp-json\/wp\/v2\/categories?post=6324"}],"curies":[{"name":"wp","href":"https:\/\/api.w.org\/{rel}","templated":true}]}}