{"id":6284,"date":"2022-07-13T07:28:11","date_gmt":"2022-07-13T05:28:11","guid":{"rendered":"https:\/\/bsv.dk\/pallgafflar\/"},"modified":"2023-03-07T09:51:24","modified_gmt":"2023-03-07T08:51:24","slug":"pallgafflar","status":"publish","type":"page","link":"https:\/\/bsv.dk\/sv\/pallgafflar\/","title":{"rendered":"Pallgafflar"},"content":{"rendered":"<div class=\"wpb-content-wrapper\"><p>[vc_row full_width=&#8221;stretch_row&#8221;][vc_column]<div class=\"ult-spacer spacer-69e1d03729321\" data-id=\"69e1d03729321\" data-height=\"90\" data-height-mobile=\"60\" data-height-tab=\"90\" data-height-tab-portrait=\"60\" data-height-mobile-landscape=\"60\" style=\"clear:both;display:block;\"><\/div>[vc_row_inner][vc_column_inner offset=&#8221;vc_col-lg-8 vc_col-md-8 vc_col-xs-12&#8243;][vc_column_text]<\/p>\n<h1>BSV pallgaffel till kran<\/h1>\n<p>En pallgaffel \u00e4r inte bara en pallgaffel \u2013 det \u00e4r viktigt att funktion och syfte h\u00e4nger ihop. BSV har ett brett sortiment av pallgafflar f\u00f6r krantill\u00e4mpning som tillverkas i v\u00e5r fabrik i Vejen. Det \u00e4r dansk kvalitet och m\u00e5nga av v\u00e5ra kunder v\u00e4rdes\u00e4tter danskproducerade lyftverktyg, den h\u00f6ga kvaliteten och den l\u00e5nga livsl\u00e4ngden.<\/p>\n<p>Vi har pallgafflar som g\u00e5r att anpassa efter flera olika uppgifter, och dessutom finns v\u00e5ra standardpallgafflar b\u00e5de f\u00f6r 2\u00a0ton och 3\u00a0ton samt som teleskopiska modeller.<\/p>\n<p>Ut\u00f6ver detta tillverkas m\u00e5nga unika och kundanpassade l\u00f6sningar varje \u00e5r. Genom att anv\u00e4nda produkter fr\u00e5n oss f\u00e5r man en produkt som \u00e4r stark, funktionell och l\u00e4ttanv\u00e4nd.<br \/>\nSpecialpallgafflar tillverkas med lyftkapacitet \u00e4nda fr\u00e5n 100\u00a0kg och upp till 12\u00a0ton.<\/p>\n<p>Ut\u00f6ver standardversionerna har vi olika typer av pallgafflar, bland annat pallgaffel med galge, sj\u00e4lvbalanserande pallgaffel, teleskopisk pallgaffel, pallgaffel med kl\u00e4mupph\u00e4ngning, pallgaffel med motvikt, gipsv\u00e4ndargafflar med mera.<\/p>\n<p>&nbsp;<\/p>\n<p>Alla v\u00e5ra pallgafflar \u00e4r 100\u00a0% danskproducerade i v\u00e5r egen fabrik och inkluderar sj\u00e4lvklart testcertifikat och CE-m\u00e4rkning. Ut\u00f6ver standardf\u00e4rgen s\u00e5 kan BSV erbjuda \u00e4ven andra f\u00e4rger.<\/p>\n<p>Beh\u00f6ver du en pallgaffel f\u00f6r kran eller vill du ha r\u00e5dgivning och hj\u00e4lp \u00e4r du v\u00e4lkommen att ringa till <a href=\"tfn:75362122\">(+45) 75 36 21 22<\/a> eller mejla till <a href=\"mailto:sales@bsv.dk\">sales@bsv.dk<\/a>[\/vc_column_text]<div class=\"ult-spacer spacer-69e1d03729368\" data-id=\"69e1d03729368\" data-height=\"0\" data-height-mobile=\"30\" data-height-tab=\"0\" data-height-tab-portrait=\"30\" data-height-mobile-landscape=\"30\" style=\"clear:both;display:block;\"><\/div>[\/vc_column_inner][vc_column_inner offset=&#8221;vc_col-lg-4 vc_col-md-4 vc_col-xs-12&#8243;][vc_wp_custommenu nav_menu=&#8221;15&#8243; el_class=&#8221;contact-sidebar&#8221;][\/vc_column_inner][\/vc_row_inner]<div class=\"ult-spacer spacer-69e1d0372938a\" data-id=\"69e1d0372938a\" data-height=\"90\" data-height-mobile=\"60\" data-height-tab=\"90\" data-height-tab-portrait=\"60\" data-height-mobile-landscape=\"60\" style=\"clear:both;display:block;\"><\/div>[\/vc_column][\/vc_row][vc_row full_width=&#8221;stretch_row&#8221;][vc_column][vc_basic_grid post_type=&#8221;post&#8221; max_items=&#8221;-1&#8243; item=&#8221;2938&#8243; grid_id=&#8221;vc_gid:1678179041035-e1d4028a-911f-9&#8243; taxonomies=&#8221;10&#8243;]<div class=\"ult-spacer spacer-69e1d037293a8\" data-id=\"69e1d037293a8\" data-height=\"90\" data-height-mobile=\"60\" data-height-tab=\"90\" data-height-tab-portrait=\"60\" data-height-mobile-landscape=\"60\" style=\"clear:both;display:block;\"><\/div>[\/vc_column][\/vc_row]<\/p>\n<\/div>","protected":false},"excerpt":{"rendered":"<p>[vc_row full_width=&#8221;stretch_row&#8221;][vc_column][vc_row_inner][vc_column_inner offset=&#8221;vc_col-lg-8 vc_col-md-8 vc_col-xs-12&#8243;][vc_column_text] BSV pallgaffel till kran En pallgaffel \u00e4r inte bara en pallgaffel \u2013 det \u00e4r viktigt att funktion och syfte h\u00e4nger ihop. BSV har ett brett sortiment av pallgafflar f\u00f6r krantill\u00e4mpning som tillverkas i v\u00e5r fabrik i Vejen. Det \u00e4r dansk kvalitet och m\u00e5nga av v\u00e5ra kunder v\u00e4rdes\u00e4tter danskproducerade lyftverktyg, den &#8230; <a title=\"Pallgafflar\" class=\"read-more\" href=\"https:\/\/bsv.dk\/sv\/pallgafflar\/\" aria-label=\"Read more about Pallgafflar\">L\u00e4s mer<\/a><\/p>\n","protected":false},"author":1,"featured_media":0,"parent":0,"menu_order":0,"comment_status":"closed","ping_status":"closed","template":"","meta":{"footnotes":""},"categories":[51],"class_list":{"0":"post-6284","1":"page","2":"type-page","3":"status-publish","5":"category-pallgafflar"},"yoast_head":"<!-- This site is optimized with the Yoast SEO plugin v27.4 - https:\/\/yoast.com\/product\/yoast-seo-wordpress\/ -->\n<title>Pallgafflar &#183; BSV<\/title>\n<meta name=\"robots\" content=\"index, follow, max-snippet:-1, max-image-preview:large, max-video-preview:-1\" \/>\n<link rel=\"canonical\" href=\"https:\/\/bsv.dk\/sv\/pallgafflar\/\" \/>\n<meta property=\"og:locale\" content=\"sv_SE\" \/>\n<meta property=\"og:type\" content=\"article\" \/>\n<meta property=\"og:title\" content=\"Pallgafflar &#183; BSV\" \/>\n<meta property=\"og:description\" content=\"[vc_row full_width=&#8221;stretch_row&#8221;][vc_column][vc_row_inner][vc_column_inner offset=&#8221;vc_col-lg-8 vc_col-md-8 vc_col-xs-12&#8243;][vc_column_text] BSV pallgaffel till kran En pallgaffel \u00e4r inte bara en pallgaffel \u2013 det \u00e4r viktigt att funktion och syfte h\u00e4nger ihop. BSV har ett brett sortiment av pallgafflar f\u00f6r krantill\u00e4mpning som tillverkas i v\u00e5r fabrik i Vejen. Det \u00e4r dansk kvalitet och m\u00e5nga av v\u00e5ra kunder v\u00e4rdes\u00e4tter danskproducerade lyftverktyg, den ... L\u00e4s mer\" \/>\n<meta property=\"og:url\" content=\"https:\/\/bsv.dk\/sv\/pallgafflar\/\" \/>\n<meta property=\"og:site_name\" content=\"BSV\" \/>\n<meta property=\"article:modified_time\" content=\"2023-03-07T08:51:24+00:00\" \/>\n<meta name=\"twitter:card\" content=\"summary_large_image\" \/>\n<meta name=\"twitter:label1\" content=\"Est. reading time\" \/>\n\t<meta name=\"twitter:data1\" content=\"2 minutes\" \/>\n<script type=\"application\/ld+json\" class=\"yoast-schema-graph\">{\"@context\":\"https:\\\/\\\/schema.org\",\"@graph\":[{\"@type\":\"WebPage\",\"@id\":\"https:\\\/\\\/bsv.dk\\\/sv\\\/pallgafflar\\\/\",\"url\":\"https:\\\/\\\/bsv.dk\\\/sv\\\/pallgafflar\\\/\",\"name\":\"Pallgafflar &#183; BSV\",\"isPartOf\":{\"@id\":\"https:\\\/\\\/bsv.dk\\\/#website\"},\"datePublished\":\"2022-07-13T05:28:11+00:00\",\"dateModified\":\"2023-03-07T08:51:24+00:00\",\"breadcrumb\":{\"@id\":\"https:\\\/\\\/bsv.dk\\\/sv\\\/pallgafflar\\\/#breadcrumb\"},\"inLanguage\":\"sv-SE\",\"potentialAction\":[{\"@type\":\"ReadAction\",\"target\":[\"https:\\\/\\\/bsv.dk\\\/sv\\\/pallgafflar\\\/\"]}]},{\"@type\":\"BreadcrumbList\",\"@id\":\"https:\\\/\\\/bsv.dk\\\/sv\\\/pallgafflar\\\/#breadcrumb\",\"itemListElement\":[{\"@type\":\"ListItem\",\"position\":1,\"name\":\"Hjem\",\"item\":\"https:\\\/\\\/bsv.dk\\\/sv\\\/vaelkommen\\\/\"},{\"@type\":\"ListItem\",\"position\":2,\"name\":\"Pallgafflar\"}]},{\"@type\":\"WebSite\",\"@id\":\"https:\\\/\\\/bsv.dk\\\/#website\",\"url\":\"https:\\\/\\\/bsv.dk\\\/\",\"name\":\"BSV\",\"description\":\"L\u00f8fteudstyr og krantilbeh\u00f8r: K\u00f8b dit l\u00f8ftegrej og kran-udstyr\",\"publisher\":{\"@id\":\"https:\\\/\\\/bsv.dk\\\/#organization\"},\"potentialAction\":[{\"@type\":\"SearchAction\",\"target\":{\"@type\":\"EntryPoint\",\"urlTemplate\":\"https:\\\/\\\/bsv.dk\\\/?s={search_term_string}\"},\"query-input\":{\"@type\":\"PropertyValueSpecification\",\"valueRequired\":true,\"valueName\":\"search_term_string\"}}],\"inLanguage\":\"sv-SE\"},{\"@type\":\"Organization\",\"@id\":\"https:\\\/\\\/bsv.dk\\\/#organization\",\"name\":\"BSV\",\"url\":\"https:\\\/\\\/bsv.dk\\\/\",\"logo\":{\"@type\":\"ImageObject\",\"inLanguage\":\"sv-SE\",\"@id\":\"https:\\\/\\\/bsv.dk\\\/#\\\/schema\\\/logo\\\/image\\\/\",\"url\":\"https:\\\/\\\/bsv.dk\\\/wp-content\\\/uploads\\\/2022\\\/07\\\/bsv-logo.png\",\"contentUrl\":\"https:\\\/\\\/bsv.dk\\\/wp-content\\\/uploads\\\/2022\\\/07\\\/bsv-logo.png\",\"width\":594,\"height\":249,\"caption\":\"BSV\"},\"image\":{\"@id\":\"https:\\\/\\\/bsv.dk\\\/#\\\/schema\\\/logo\\\/image\\\/\"}}]}<\/script>\n<!-- \/ Yoast SEO plugin. -->","yoast_head_json":{"title":"Pallgafflar &#183; BSV","robots":{"index":"index","follow":"follow","max-snippet":"max-snippet:-1","max-image-preview":"max-image-preview:large","max-video-preview":"max-video-preview:-1"},"canonical":"https:\/\/bsv.dk\/sv\/pallgafflar\/","og_locale":"sv_SE","og_type":"article","og_title":"Pallgafflar &#183; BSV","og_description":"[vc_row full_width=&#8221;stretch_row&#8221;][vc_column][vc_row_inner][vc_column_inner offset=&#8221;vc_col-lg-8 vc_col-md-8 vc_col-xs-12&#8243;][vc_column_text] BSV pallgaffel till kran En pallgaffel \u00e4r inte bara en pallgaffel \u2013 det \u00e4r viktigt att funktion och syfte h\u00e4nger ihop. BSV har ett brett sortiment av pallgafflar f\u00f6r krantill\u00e4mpning som tillverkas i v\u00e5r fabrik i Vejen. Det \u00e4r dansk kvalitet och m\u00e5nga av v\u00e5ra kunder v\u00e4rdes\u00e4tter danskproducerade lyftverktyg, den ... L\u00e4s mer","og_url":"https:\/\/bsv.dk\/sv\/pallgafflar\/","og_site_name":"BSV","article_modified_time":"2023-03-07T08:51:24+00:00","twitter_card":"summary_large_image","twitter_misc":{"Est. reading time":"2 minutes"},"schema":{"@context":"https:\/\/schema.org","@graph":[{"@type":"WebPage","@id":"https:\/\/bsv.dk\/sv\/pallgafflar\/","url":"https:\/\/bsv.dk\/sv\/pallgafflar\/","name":"Pallgafflar &#183; BSV","isPartOf":{"@id":"https:\/\/bsv.dk\/#website"},"datePublished":"2022-07-13T05:28:11+00:00","dateModified":"2023-03-07T08:51:24+00:00","breadcrumb":{"@id":"https:\/\/bsv.dk\/sv\/pallgafflar\/#breadcrumb"},"inLanguage":"sv-SE","potentialAction":[{"@type":"ReadAction","target":["https:\/\/bsv.dk\/sv\/pallgafflar\/"]}]},{"@type":"BreadcrumbList","@id":"https:\/\/bsv.dk\/sv\/pallgafflar\/#breadcrumb","itemListElement":[{"@type":"ListItem","position":1,"name":"Hjem","item":"https:\/\/bsv.dk\/sv\/vaelkommen\/"},{"@type":"ListItem","position":2,"name":"Pallgafflar"}]},{"@type":"WebSite","@id":"https:\/\/bsv.dk\/#website","url":"https:\/\/bsv.dk\/","name":"BSV","description":"L\u00f8fteudstyr og krantilbeh\u00f8r: K\u00f8b dit l\u00f8ftegrej og kran-udstyr","publisher":{"@id":"https:\/\/bsv.dk\/#organization"},"potentialAction":[{"@type":"SearchAction","target":{"@type":"EntryPoint","urlTemplate":"https:\/\/bsv.dk\/?s={search_term_string}"},"query-input":{"@type":"PropertyValueSpecification","valueRequired":true,"valueName":"search_term_string"}}],"inLanguage":"sv-SE"},{"@type":"Organization","@id":"https:\/\/bsv.dk\/#organization","name":"BSV","url":"https:\/\/bsv.dk\/","logo":{"@type":"ImageObject","inLanguage":"sv-SE","@id":"https:\/\/bsv.dk\/#\/schema\/logo\/image\/","url":"https:\/\/bsv.dk\/wp-content\/uploads\/2022\/07\/bsv-logo.png","contentUrl":"https:\/\/bsv.dk\/wp-content\/uploads\/2022\/07\/bsv-logo.png","width":594,"height":249,"caption":"BSV"},"image":{"@id":"https:\/\/bsv.dk\/#\/schema\/logo\/image\/"}}]}},"_links":{"self":[{"href":"https:\/\/bsv.dk\/sv\/wp-json\/wp\/v2\/pages\/6284","targetHints":{"allow":["GET"]}}],"collection":[{"href":"https:\/\/bsv.dk\/sv\/wp-json\/wp\/v2\/pages"}],"about":[{"href":"https:\/\/bsv.dk\/sv\/wp-json\/wp\/v2\/types\/page"}],"author":[{"embeddable":true,"href":"https:\/\/bsv.dk\/sv\/wp-json\/wp\/v2\/users\/1"}],"replies":[{"embeddable":true,"href":"https:\/\/bsv.dk\/sv\/wp-json\/wp\/v2\/comments?post=6284"}],"version-history":[{"count":6,"href":"https:\/\/bsv.dk\/sv\/wp-json\/wp\/v2\/pages\/6284\/revisions"}],"predecessor-version":[{"id":900373,"href":"https:\/\/bsv.dk\/sv\/wp-json\/wp\/v2\/pages\/6284\/revisions\/900373"}],"wp:attachment":[{"href":"https:\/\/bsv.dk\/sv\/wp-json\/wp\/v2\/media?parent=6284"}],"wp:term":[{"taxonomy":"category","embeddable":true,"href":"https:\/\/bsv.dk\/sv\/wp-json\/wp\/v2\/categories?post=6284"}],"curies":[{"name":"wp","href":"https:\/\/api.w.org\/{rel}","templated":true}]}}