{"id":6277,"date":"2022-07-13T07:37:25","date_gmt":"2022-07-13T05:37:25","guid":{"rendered":"https:\/\/bsv.dk\/mekaniska-lyfttaenger\/taenger-foer-roer\/"},"modified":"2026-02-16T13:22:50","modified_gmt":"2026-02-16T12:22:50","slug":"rb-lyfttang-for-ror","status":"publish","type":"page","link":"https:\/\/bsv.dk\/sv\/mekaniska-lyfttaenger\/rb-lyfttang-for-ror\/","title":{"rendered":"F\u00f6r r\u00f6r"},"content":{"rendered":"<div class=\"wpb-content-wrapper\"><p>[vc_row full_width=&#8221;stretch_row&#8221; el_class=&#8221;produkter&#8221;][vc_column]<div class=\"ult-spacer spacer-69e063ec877e2\" data-id=\"69e063ec877e2\" data-height=\"90\" data-height-mobile=\"60\" data-height-tab=\"90\" data-height-tab-portrait=\"60\" data-height-mobile-landscape=\"60\" style=\"clear:both;display:block;\"><\/div>[vc_column_text]<\/p>\n<h1>T\u00e5ng f\u00f6r r\u00f6rhantering<\/h1>\n<p>[\/vc_column_text]<div class=\"ult-spacer spacer-69e063ec87862\" data-id=\"69e063ec87862\" data-height=\"15\" data-height-mobile=\"15\" data-height-tab=\"15\" data-height-tab-portrait=\"15\" data-height-mobile-landscape=\"15\" style=\"clear:both;display:block;\"><\/div>[vc_btn title=&#8221;Download PDF&#8221; style=&#8221;custom&#8221; custom_background=&#8221;#f7b639&#8243; custom_text=&#8221;#ffffff&#8221; shape=&#8221;square&#8221; size=&#8221;sm&#8221; align=&#8221;left&#8221; link=&#8221;url:https%3A%2F%2Fbsv.dk%2Fwp-content%2Fuploads%2F2023%2F01%2Frb-tang-dk.pdf|target:_blank&#8221;]<div class=\"ult-spacer spacer-69e063ec8789a\" data-id=\"69e063ec8789a\" data-height=\"15\" data-height-mobile=\"15\" data-height-tab=\"15\" data-height-tab-portrait=\"15\" data-height-mobile-landscape=\"15\" style=\"clear:both;display:block;\"><\/div>[vc_column_text]BSV utvecklar och tillverkar \u00e4ven lyftt\u00e4nger f\u00f6r att lyfta r\u00f6r i olika storlekar och material. Det kan t.ex. vara betongr\u00f6r, PVC-r\u00f6r, pappersrullar m.m.<\/p>\n<p>BSV mekaniska lyftt\u00e4nger \u00e4r alla utrustade med ett patenterat sp\u00e4rrhaksystem som s\u00e4kerst\u00e4ller 100% automatiskt arbete, \u00e4ven kallat &#8220;varannan g\u00e5ng automatisk&#8221;.<\/p>\n<p>BSV erbjuder denna typ av lyftt\u00e5ng i m\u00e5nga olika storlekar. T\u00e5ngen finns i ett standardsortiment samt asymmetriska versioner.<\/p>\n<p>T\u00e5ngen \u00e4r f\u00f6rsedd med utbytbara gummiblock eller st\u00e5lryggar beroende p\u00e5 typ av t\u00e5ng och belastning, ytan p\u00e5 lasten samt arbets- och klimatf\u00f6rh\u00e5llanden.[\/vc_column_text][vc_empty_space height=&#8221;30px&#8221;]<div class=\"ult-spacer spacer-69e063ec878cd\" data-id=\"69e063ec878cd\" data-height=\"60\" data-height-mobile=\"30\" data-height-tab=\"30\" data-height-tab-portrait=\"30\" data-height-mobile-landscape=\"30\" style=\"clear:both;display:block;\"><\/div>[vc_tta_tabs style=&#8221;flat&#8221; shape=&#8221;square&#8221; alignment=&#8221;center&#8221; active_section=&#8221;1&#8243; el_class=&#8221;galleri&#8221;][vc_tta_section title=&#8221;RB t\u00e5ng f\u00f6r r\u00f6r&#8221; tab_id=&#8221;RB-tang-til-roer&#8221;][vc_media_grid element_width=&#8221;3&#8243; gap=&#8221;20&#8243; item=&#8221;467&#8243; css=&#8221;&#8221; grid_id=&#8221;vc_gid:1771244361431-10862fbf-580b-10&#8243; include=&#8221;902054,902055,902056,902057,902058,902059,902062,902061,902063,902060&#8243;][\/vc_tta_section][vc_tta_section title=&#8221;Brunnspipa&#8221; tab_id=&#8221;broendroer&#8221;][vc_media_grid element_width=&#8221;3&#8243; gap=&#8221;20&#8243; item=&#8221;467&#8243; css=&#8221;&#8221; grid_id=&#8221;vc_gid:1771244361438-071e2446-2ef2-2&#8243; include=&#8221;902064&#8243;][\/vc_tta_section][vc_tta_section title=&#8221;R\u00f6rkrokar&#8221; tab_id=&#8221;roerkroge&#8221;][vc_media_grid element_width=&#8221;3&#8243; gap=&#8221;20&#8243; item=&#8221;467&#8243; css=&#8221;&#8221; grid_id=&#8221;vc_gid:1771244361440-aff63640-c7fa-0&#8243; include=&#8221;902065,8375,8371,8367,8363,8359&#8243;][\/vc_tta_section][vc_tta_section title=&#8221;Kompletterande produkter&#8221; tab_id=&#8221;supplerende-produkter&#8221;][vc_media_grid element_width=&#8221;3&#8243; gap=&#8221;20&#8243; item=&#8221;467&#8243; grid_id=&#8221;vc_gid:1771244361443-36a423e9-c5be-10&#8243;][\/vc_tta_section][\/vc_tta_tabs][\/vc_column][\/vc_row]<\/p>\n<\/div>","protected":false},"excerpt":{"rendered":"<p>[vc_row full_width=&#8221;stretch_row&#8221; el_class=&#8221;produkter&#8221;][vc_column][vc_column_text] T\u00e5ng f\u00f6r r\u00f6rhantering [\/vc_column_text][vc_btn title=&#8221;Download PDF&#8221; style=&#8221;custom&#8221; custom_background=&#8221;#f7b639&#8243; custom_text=&#8221;#ffffff&#8221; shape=&#8221;square&#8221; size=&#8221;sm&#8221; align=&#8221;left&#8221; link=&#8221;url:https%3A%2F%2Fbsv.dk%2Fwp-content%2Fuploads%2F2023%2F01%2Frb-tang-dk.pdf|target:_blank&#8221;][vc_column_text]BSV utvecklar och tillverkar \u00e4ven lyftt\u00e4nger f\u00f6r att lyfta r\u00f6r i olika storlekar och material. Det kan t.ex. vara betongr\u00f6r, PVC-r\u00f6r, pappersrullar m.m. BSV mekaniska lyftt\u00e4nger \u00e4r alla utrustade med ett patenterat sp\u00e4rrhaksystem som s\u00e4kerst\u00e4ller 100% automatiskt arbete, \u00e4ven kallat &#8230; <a title=\"F\u00f6r r\u00f6r\" class=\"read-more\" href=\"https:\/\/bsv.dk\/sv\/mekaniska-lyfttaenger\/rb-lyfttang-for-ror\/\" aria-label=\"Read more about F\u00f6r r\u00f6r\">L\u00e4s mer<\/a><\/p>\n","protected":false},"author":1,"featured_media":0,"parent":6194,"menu_order":0,"comment_status":"closed","ping_status":"closed","template":"","meta":{"footnotes":""},"categories":[],"class_list":["post-6277","page","type-page","status-publish"],"yoast_head":"<!-- This site is optimized with the Yoast SEO plugin v27.4 - https:\/\/yoast.com\/product\/yoast-seo-wordpress\/ -->\n<title>F\u00f6r r\u00f6r &#183; BSV<\/title>\n<meta name=\"robots\" content=\"index, follow, max-snippet:-1, max-image-preview:large, max-video-preview:-1\" \/>\n<link rel=\"canonical\" href=\"https:\/\/bsv.dk\/sv\/mekaniska-lyfttaenger\/rb-lyfttang-for-ror\/\" \/>\n<meta property=\"og:locale\" content=\"sv_SE\" \/>\n<meta property=\"og:type\" content=\"article\" \/>\n<meta property=\"og:title\" content=\"F\u00f6r r\u00f6r &#183; BSV\" \/>\n<meta property=\"og:description\" content=\"[vc_row full_width=&#8221;stretch_row&#8221; el_class=&#8221;produkter&#8221;][vc_column][vc_column_text] T\u00e5ng f\u00f6r r\u00f6rhantering [\/vc_column_text][vc_btn title=&#8221;Download PDF&#8221; style=&#8221;custom&#8221; custom_background=&#8221;#f7b639&#8243; custom_text=&#8221;#ffffff&#8221; shape=&#8221;square&#8221; size=&#8221;sm&#8221; align=&#8221;left&#8221; link=&#8221;url:https%3A%2F%2Fbsv.dk%2Fwp-content%2Fuploads%2F2023%2F01%2Frb-tang-dk.pdf|target:_blank&#8221;][vc_column_text]BSV utvecklar och tillverkar \u00e4ven lyftt\u00e4nger f\u00f6r att lyfta r\u00f6r i olika storlekar och material. Det kan t.ex. vara betongr\u00f6r, PVC-r\u00f6r, pappersrullar m.m. BSV mekaniska lyftt\u00e4nger \u00e4r alla utrustade med ett patenterat sp\u00e4rrhaksystem som s\u00e4kerst\u00e4ller 100% automatiskt arbete, \u00e4ven kallat ... L\u00e4s mer\" \/>\n<meta property=\"og:url\" content=\"https:\/\/bsv.dk\/sv\/mekaniska-lyfttaenger\/rb-lyfttang-for-ror\/\" \/>\n<meta property=\"og:site_name\" content=\"BSV\" \/>\n<meta property=\"article:modified_time\" content=\"2026-02-16T12:22:50+00:00\" \/>\n<meta name=\"twitter:card\" content=\"summary_large_image\" \/>\n<meta name=\"twitter:label1\" content=\"Est. reading time\" \/>\n\t<meta name=\"twitter:data1\" content=\"5 minutes\" \/>\n<script type=\"application\/ld+json\" class=\"yoast-schema-graph\">{\"@context\":\"https:\\\/\\\/schema.org\",\"@graph\":[{\"@type\":\"WebPage\",\"@id\":\"https:\\\/\\\/bsv.dk\\\/sv\\\/mekaniska-lyfttaenger\\\/rb-lyfttang-for-ror\\\/\",\"url\":\"https:\\\/\\\/bsv.dk\\\/sv\\\/mekaniska-lyfttaenger\\\/rb-lyfttang-for-ror\\\/\",\"name\":\"F\u00f6r r\u00f6r &#183; BSV\",\"isPartOf\":{\"@id\":\"https:\\\/\\\/bsv.dk\\\/#website\"},\"datePublished\":\"2022-07-13T05:37:25+00:00\",\"dateModified\":\"2026-02-16T12:22:50+00:00\",\"breadcrumb\":{\"@id\":\"https:\\\/\\\/bsv.dk\\\/sv\\\/mekaniska-lyfttaenger\\\/rb-lyfttang-for-ror\\\/#breadcrumb\"},\"inLanguage\":\"sv-SE\",\"potentialAction\":[{\"@type\":\"ReadAction\",\"target\":[\"https:\\\/\\\/bsv.dk\\\/sv\\\/mekaniska-lyfttaenger\\\/rb-lyfttang-for-ror\\\/\"]}]},{\"@type\":\"BreadcrumbList\",\"@id\":\"https:\\\/\\\/bsv.dk\\\/sv\\\/mekaniska-lyfttaenger\\\/rb-lyfttang-for-ror\\\/#breadcrumb\",\"itemListElement\":[{\"@type\":\"ListItem\",\"position\":1,\"name\":\"Hjem\",\"item\":\"https:\\\/\\\/bsv.dk\\\/sv\\\/vaelkommen\\\/\"},{\"@type\":\"ListItem\",\"position\":2,\"name\":\"Mekaniska lyftt\u00e4nger\",\"item\":\"https:\\\/\\\/bsv.dk\\\/sv\\\/mekaniska-lyfttaenger\\\/\"},{\"@type\":\"ListItem\",\"position\":3,\"name\":\"F\u00f6r r\u00f6r\"}]},{\"@type\":\"WebSite\",\"@id\":\"https:\\\/\\\/bsv.dk\\\/#website\",\"url\":\"https:\\\/\\\/bsv.dk\\\/\",\"name\":\"BSV\",\"description\":\"L\u00f8fteudstyr og krantilbeh\u00f8r: K\u00f8b dit l\u00f8ftegrej og kran-udstyr\",\"publisher\":{\"@id\":\"https:\\\/\\\/bsv.dk\\\/#organization\"},\"potentialAction\":[{\"@type\":\"SearchAction\",\"target\":{\"@type\":\"EntryPoint\",\"urlTemplate\":\"https:\\\/\\\/bsv.dk\\\/?s={search_term_string}\"},\"query-input\":{\"@type\":\"PropertyValueSpecification\",\"valueRequired\":true,\"valueName\":\"search_term_string\"}}],\"inLanguage\":\"sv-SE\"},{\"@type\":\"Organization\",\"@id\":\"https:\\\/\\\/bsv.dk\\\/#organization\",\"name\":\"BSV\",\"url\":\"https:\\\/\\\/bsv.dk\\\/\",\"logo\":{\"@type\":\"ImageObject\",\"inLanguage\":\"sv-SE\",\"@id\":\"https:\\\/\\\/bsv.dk\\\/#\\\/schema\\\/logo\\\/image\\\/\",\"url\":\"https:\\\/\\\/bsv.dk\\\/wp-content\\\/uploads\\\/2022\\\/07\\\/bsv-logo.png\",\"contentUrl\":\"https:\\\/\\\/bsv.dk\\\/wp-content\\\/uploads\\\/2022\\\/07\\\/bsv-logo.png\",\"width\":594,\"height\":249,\"caption\":\"BSV\"},\"image\":{\"@id\":\"https:\\\/\\\/bsv.dk\\\/#\\\/schema\\\/logo\\\/image\\\/\"}}]}<\/script>\n<!-- \/ Yoast SEO plugin. -->","yoast_head_json":{"title":"F\u00f6r r\u00f6r &#183; BSV","robots":{"index":"index","follow":"follow","max-snippet":"max-snippet:-1","max-image-preview":"max-image-preview:large","max-video-preview":"max-video-preview:-1"},"canonical":"https:\/\/bsv.dk\/sv\/mekaniska-lyfttaenger\/rb-lyfttang-for-ror\/","og_locale":"sv_SE","og_type":"article","og_title":"F\u00f6r r\u00f6r &#183; BSV","og_description":"[vc_row full_width=&#8221;stretch_row&#8221; el_class=&#8221;produkter&#8221;][vc_column][vc_column_text] T\u00e5ng f\u00f6r r\u00f6rhantering [\/vc_column_text][vc_btn title=&#8221;Download PDF&#8221; style=&#8221;custom&#8221; custom_background=&#8221;#f7b639&#8243; custom_text=&#8221;#ffffff&#8221; shape=&#8221;square&#8221; size=&#8221;sm&#8221; align=&#8221;left&#8221; link=&#8221;url:https%3A%2F%2Fbsv.dk%2Fwp-content%2Fuploads%2F2023%2F01%2Frb-tang-dk.pdf|target:_blank&#8221;][vc_column_text]BSV utvecklar och tillverkar \u00e4ven lyftt\u00e4nger f\u00f6r att lyfta r\u00f6r i olika storlekar och material. Det kan t.ex. vara betongr\u00f6r, PVC-r\u00f6r, pappersrullar m.m. BSV mekaniska lyftt\u00e4nger \u00e4r alla utrustade med ett patenterat sp\u00e4rrhaksystem som s\u00e4kerst\u00e4ller 100% automatiskt arbete, \u00e4ven kallat ... L\u00e4s mer","og_url":"https:\/\/bsv.dk\/sv\/mekaniska-lyfttaenger\/rb-lyfttang-for-ror\/","og_site_name":"BSV","article_modified_time":"2026-02-16T12:22:50+00:00","twitter_card":"summary_large_image","twitter_misc":{"Est. reading time":"5 minutes"},"schema":{"@context":"https:\/\/schema.org","@graph":[{"@type":"WebPage","@id":"https:\/\/bsv.dk\/sv\/mekaniska-lyfttaenger\/rb-lyfttang-for-ror\/","url":"https:\/\/bsv.dk\/sv\/mekaniska-lyfttaenger\/rb-lyfttang-for-ror\/","name":"F\u00f6r r\u00f6r &#183; BSV","isPartOf":{"@id":"https:\/\/bsv.dk\/#website"},"datePublished":"2022-07-13T05:37:25+00:00","dateModified":"2026-02-16T12:22:50+00:00","breadcrumb":{"@id":"https:\/\/bsv.dk\/sv\/mekaniska-lyfttaenger\/rb-lyfttang-for-ror\/#breadcrumb"},"inLanguage":"sv-SE","potentialAction":[{"@type":"ReadAction","target":["https:\/\/bsv.dk\/sv\/mekaniska-lyfttaenger\/rb-lyfttang-for-ror\/"]}]},{"@type":"BreadcrumbList","@id":"https:\/\/bsv.dk\/sv\/mekaniska-lyfttaenger\/rb-lyfttang-for-ror\/#breadcrumb","itemListElement":[{"@type":"ListItem","position":1,"name":"Hjem","item":"https:\/\/bsv.dk\/sv\/vaelkommen\/"},{"@type":"ListItem","position":2,"name":"Mekaniska lyftt\u00e4nger","item":"https:\/\/bsv.dk\/sv\/mekaniska-lyfttaenger\/"},{"@type":"ListItem","position":3,"name":"F\u00f6r r\u00f6r"}]},{"@type":"WebSite","@id":"https:\/\/bsv.dk\/#website","url":"https:\/\/bsv.dk\/","name":"BSV","description":"L\u00f8fteudstyr og krantilbeh\u00f8r: K\u00f8b dit l\u00f8ftegrej og kran-udstyr","publisher":{"@id":"https:\/\/bsv.dk\/#organization"},"potentialAction":[{"@type":"SearchAction","target":{"@type":"EntryPoint","urlTemplate":"https:\/\/bsv.dk\/?s={search_term_string}"},"query-input":{"@type":"PropertyValueSpecification","valueRequired":true,"valueName":"search_term_string"}}],"inLanguage":"sv-SE"},{"@type":"Organization","@id":"https:\/\/bsv.dk\/#organization","name":"BSV","url":"https:\/\/bsv.dk\/","logo":{"@type":"ImageObject","inLanguage":"sv-SE","@id":"https:\/\/bsv.dk\/#\/schema\/logo\/image\/","url":"https:\/\/bsv.dk\/wp-content\/uploads\/2022\/07\/bsv-logo.png","contentUrl":"https:\/\/bsv.dk\/wp-content\/uploads\/2022\/07\/bsv-logo.png","width":594,"height":249,"caption":"BSV"},"image":{"@id":"https:\/\/bsv.dk\/#\/schema\/logo\/image\/"}}]}},"_links":{"self":[{"href":"https:\/\/bsv.dk\/sv\/wp-json\/wp\/v2\/pages\/6277","targetHints":{"allow":["GET"]}}],"collection":[{"href":"https:\/\/bsv.dk\/sv\/wp-json\/wp\/v2\/pages"}],"about":[{"href":"https:\/\/bsv.dk\/sv\/wp-json\/wp\/v2\/types\/page"}],"author":[{"embeddable":true,"href":"https:\/\/bsv.dk\/sv\/wp-json\/wp\/v2\/users\/1"}],"replies":[{"embeddable":true,"href":"https:\/\/bsv.dk\/sv\/wp-json\/wp\/v2\/comments?post=6277"}],"version-history":[{"count":19,"href":"https:\/\/bsv.dk\/sv\/wp-json\/wp\/v2\/pages\/6277\/revisions"}],"predecessor-version":[{"id":902067,"href":"https:\/\/bsv.dk\/sv\/wp-json\/wp\/v2\/pages\/6277\/revisions\/902067"}],"up":[{"embeddable":true,"href":"https:\/\/bsv.dk\/sv\/wp-json\/wp\/v2\/pages\/6194"}],"wp:attachment":[{"href":"https:\/\/bsv.dk\/sv\/wp-json\/wp\/v2\/media?parent=6277"}],"wp:term":[{"taxonomy":"category","embeddable":true,"href":"https:\/\/bsv.dk\/sv\/wp-json\/wp\/v2\/categories?post=6277"}],"curies":[{"name":"wp","href":"https:\/\/api.w.org\/{rel}","templated":true}]}}