{"id":6252,"date":"2022-07-13T07:30:58","date_gmt":"2022-07-13T05:30:58","guid":{"rendered":"https:\/\/bsv.dk\/hydrauliska-gripar\/rotatorer\/"},"modified":"2026-02-18T08:44:05","modified_gmt":"2026-02-18T07:44:05","slug":"bsv-rotatorer","status":"publish","type":"page","link":"https:\/\/bsv.dk\/sv\/rotatorer\/bsv-rotatorer\/","title":{"rendered":"BSV Rotator"},"content":{"rendered":"<div class=\"wpb-content-wrapper\"><p>[vc_row full_width=&#8221;stretch_row&#8221;][vc_column]<div class=\"ult-spacer spacer-69f1fe1728d28\" data-id=\"69f1fe1728d28\" data-height=\"90\" data-height-mobile=\"60\" data-height-tab=\"90\" data-height-tab-portrait=\"60\" data-height-mobile-landscape=\"60\" style=\"clear:both;display:block;\"><\/div>[vc_row_inner equal_height=&#8221;yes&#8221;][vc_column_inner width=&#8221;1\/2&#8243;][vc_media_grid style=&#8221;pagination&#8221; items_per_page=&#8221;1&#8243; element_width=&#8221;12&#8243; gap=&#8221;20&#8243; paging_color=&#8221;black&#8221; loop=&#8221;yes&#8221; grid_id=&#8221;vc_gid:1771400621646-459f93b9-6656-3&#8243; include=&#8221;900119&#8243;][\/vc_column_inner][vc_column_inner width=&#8221;1\/2&#8243;][vc_column_text]<\/p>\n<h1>BSV Rotator T50<\/h1>\n<p>[\/vc_column_text][vc_empty_space height=&#8221;30px&#8221;][vc_btn title=&#8221;Download PDF&#8221; style=&#8221;custom&#8221; custom_background=&#8221;#fec60e&#8221; custom_text=&#8221;#ffffff&#8221; shape=&#8221;square&#8221; size=&#8221;sm&#8221; align=&#8221;left&#8221; link=&#8221;url:https%3A%2F%2Fbsv.dk%2Fwp-content%2Fuploads%2F2025%2F05%2Frotator-t50-dk.pdf|target:_blank&#8221;][vc_empty_space height=&#8221;30px&#8221;][vc_column_text]BSV tillverkar \u00e4ven en egen rotator, vridmotor, typ T50, som \u00e4r en kraftig och robust rotator som \u00e4r designad f\u00f6r att fungera i tunga arbetsmilj\u00f6er med maximal effektivitet och minimal oplanerad nertid.<\/p>\n<p>Denna rotator \u00e4r s\u00e4rskilt l\u00e4mplig f\u00f6r anv\u00e4ndning p\u00e5 KS II-gripserien och med en WLL p\u00e5 5\u00a0ton.<\/p>\n<p>Rotatorn \u00e4r byggd som kolvmotor, vilket s\u00e4kerst\u00e4ller stabilt vridmoment fr\u00e5n start, j\u00e4mn och lugn vridr\u00f6relse samt h\u00f6g bromseffekt.<\/p>\n<p>Rotatorn \u00e4r byggd med bottenplatta f\u00f6r direkt p\u00e5bultning p\u00e5 grip f\u00f6r att uppn\u00e5 l\u00e4gsta m\u00f6jliga inbyggningsh\u00f6jd. Vi erbjuder \u00e4ven adapter med axel och motsvarande r\u00f6rupph\u00e4ngning om rotatorn ska anv\u00e4ndas p\u00e5 flera verktyg.<\/p>\n<p>Vridmotorn anv\u00e4nds till lastbilskranar och vi erbjuder ett brett sortiment av mellanled f\u00f6r olika typer av kranar.[\/vc_column_text][vc_empty_space height=&#8221;30px&#8221;][vc_btn title=&#8221;Webshop&#8221; style=&#8221;custom&#8221; custom_background=&#8221;#fec60e&#8221; custom_text=&#8221;#ffffff&#8221; shape=&#8221;square&#8221; size=&#8221;sm&#8221; align=&#8221;left&#8221; css=&#8221;&#8221; link=&#8221;url:https%3A%2F%2Fwww.bsv-shop.com%2F|target:_blank&#8221;][vc_empty_space height=&#8221;30px&#8221;][\/vc_column_inner][\/vc_row_inner]<div class=\"ult-spacer spacer-69f1fe1728d72\" data-id=\"69f1fe1728d72\" data-height=\"90\" data-height-mobile=\"60\" data-height-tab=\"90\" data-height-tab-portrait=\"60\" data-height-mobile-landscape=\"60\" style=\"clear:both;display:block;\"><\/div>[\/vc_column][\/vc_row]<\/p>\n<\/div>","protected":false},"excerpt":{"rendered":"<p>[vc_row full_width=&#8221;stretch_row&#8221;][vc_column][vc_row_inner equal_height=&#8221;yes&#8221;][vc_column_inner width=&#8221;1\/2&#8243;][vc_media_grid style=&#8221;pagination&#8221; items_per_page=&#8221;1&#8243; element_width=&#8221;12&#8243; gap=&#8221;20&#8243; paging_color=&#8221;black&#8221; loop=&#8221;yes&#8221; grid_id=&#8221;vc_gid:1771400621646-459f93b9-6656-3&#8243; include=&#8221;900119&#8243;][\/vc_column_inner][vc_column_inner width=&#8221;1\/2&#8243;][vc_column_text] BSV Rotator T50 [\/vc_column_text][vc_empty_space height=&#8221;30px&#8221;][vc_btn title=&#8221;Download PDF&#8221; style=&#8221;custom&#8221; custom_background=&#8221;#fec60e&#8221; custom_text=&#8221;#ffffff&#8221; shape=&#8221;square&#8221; size=&#8221;sm&#8221; align=&#8221;left&#8221; link=&#8221;url:https%3A%2F%2Fbsv.dk%2Fwp-content%2Fuploads%2F2025%2F05%2Frotator-t50-dk.pdf|target:_blank&#8221;][vc_empty_space height=&#8221;30px&#8221;][vc_column_text]BSV tillverkar \u00e4ven en egen rotator, vridmotor, typ T50, som \u00e4r en kraftig och robust rotator som \u00e4r designad f\u00f6r att fungera i tunga arbetsmilj\u00f6er med maximal effektivitet &#8230; <a title=\"BSV Rotator\" class=\"read-more\" href=\"https:\/\/bsv.dk\/sv\/rotatorer\/bsv-rotatorer\/\" aria-label=\"Read more about BSV Rotator\">L\u00e4s mer<\/a><\/p>\n","protected":false},"author":1,"featured_media":0,"parent":6183,"menu_order":0,"comment_status":"closed","ping_status":"closed","template":"","meta":{"footnotes":""},"categories":[50],"class_list":{"0":"post-6252","1":"page","2":"type-page","3":"status-publish","5":"category-hydraulisk-sv"},"yoast_head":"<!-- This site is optimized with the Yoast SEO plugin v27.5 - https:\/\/yoast.com\/product\/yoast-seo-wordpress\/ -->\n<title>BSV Rotator &#183; BSV<\/title>\n<meta name=\"robots\" content=\"index, follow, max-snippet:-1, max-image-preview:large, max-video-preview:-1\" \/>\n<link rel=\"canonical\" href=\"https:\/\/bsv.dk\/sv\/rotatorer\/bsv-rotatorer\/\" \/>\n<meta property=\"og:locale\" content=\"sv_SE\" \/>\n<meta property=\"og:type\" content=\"article\" \/>\n<meta property=\"og:title\" content=\"BSV Rotator &#183; BSV\" \/>\n<meta property=\"og:description\" content=\"[vc_row full_width=&#8221;stretch_row&#8221;][vc_column][vc_row_inner equal_height=&#8221;yes&#8221;][vc_column_inner width=&#8221;1\/2&#8243;][vc_media_grid style=&#8221;pagination&#8221; items_per_page=&#8221;1&#8243; element_width=&#8221;12&#8243; gap=&#8221;20&#8243; paging_color=&#8221;black&#8221; loop=&#8221;yes&#8221; grid_id=&#8221;vc_gid:1771400621646-459f93b9-6656-3&#8243; include=&#8221;900119&#8243;][\/vc_column_inner][vc_column_inner width=&#8221;1\/2&#8243;][vc_column_text] BSV Rotator T50 [\/vc_column_text][vc_empty_space height=&#8221;30px&#8221;][vc_btn title=&#8221;Download PDF&#8221; style=&#8221;custom&#8221; custom_background=&#8221;#fec60e&#8221; custom_text=&#8221;#ffffff&#8221; shape=&#8221;square&#8221; size=&#8221;sm&#8221; align=&#8221;left&#8221; link=&#8221;url:https%3A%2F%2Fbsv.dk%2Fwp-content%2Fuploads%2F2025%2F05%2Frotator-t50-dk.pdf|target:_blank&#8221;][vc_empty_space height=&#8221;30px&#8221;][vc_column_text]BSV tillverkar \u00e4ven en egen rotator, vridmotor, typ T50, som \u00e4r en kraftig och robust rotator som \u00e4r designad f\u00f6r att fungera i tunga arbetsmilj\u00f6er med maximal effektivitet ... L\u00e4s mer\" \/>\n<meta property=\"og:url\" content=\"https:\/\/bsv.dk\/sv\/rotatorer\/bsv-rotatorer\/\" \/>\n<meta property=\"og:site_name\" content=\"BSV\" \/>\n<meta property=\"article:modified_time\" content=\"2026-02-18T07:44:05+00:00\" \/>\n<meta name=\"twitter:card\" content=\"summary_large_image\" \/>\n<meta name=\"twitter:label1\" content=\"Est. reading time\" \/>\n\t<meta name=\"twitter:data1\" content=\"2 minutes\" \/>\n<script type=\"application\/ld+json\" class=\"yoast-schema-graph\">{\"@context\":\"https:\\\/\\\/schema.org\",\"@graph\":[{\"@type\":\"WebPage\",\"@id\":\"https:\\\/\\\/bsv.dk\\\/sv\\\/rotatorer\\\/bsv-rotatorer\\\/\",\"url\":\"https:\\\/\\\/bsv.dk\\\/sv\\\/rotatorer\\\/bsv-rotatorer\\\/\",\"name\":\"BSV Rotator &#183; BSV\",\"isPartOf\":{\"@id\":\"https:\\\/\\\/bsv.dk\\\/#website\"},\"datePublished\":\"2022-07-13T05:30:58+00:00\",\"dateModified\":\"2026-02-18T07:44:05+00:00\",\"breadcrumb\":{\"@id\":\"https:\\\/\\\/bsv.dk\\\/sv\\\/rotatorer\\\/bsv-rotatorer\\\/#breadcrumb\"},\"inLanguage\":\"sv-SE\",\"potentialAction\":[{\"@type\":\"ReadAction\",\"target\":[\"https:\\\/\\\/bsv.dk\\\/sv\\\/rotatorer\\\/bsv-rotatorer\\\/\"]}]},{\"@type\":\"BreadcrumbList\",\"@id\":\"https:\\\/\\\/bsv.dk\\\/sv\\\/rotatorer\\\/bsv-rotatorer\\\/#breadcrumb\",\"itemListElement\":[{\"@type\":\"ListItem\",\"position\":1,\"name\":\"Hjem\",\"item\":\"https:\\\/\\\/bsv.dk\\\/sv\\\/vaelkommen\\\/\"},{\"@type\":\"ListItem\",\"position\":2,\"name\":\"Rotatorer\",\"item\":\"https:\\\/\\\/bsv.dk\\\/sv\\\/rotatorer\\\/\"},{\"@type\":\"ListItem\",\"position\":3,\"name\":\"BSV Rotator\"}]},{\"@type\":\"WebSite\",\"@id\":\"https:\\\/\\\/bsv.dk\\\/#website\",\"url\":\"https:\\\/\\\/bsv.dk\\\/\",\"name\":\"BSV\",\"description\":\"L\u00f8fteudstyr og krantilbeh\u00f8r: K\u00f8b dit l\u00f8ftegrej og kran-udstyr\",\"publisher\":{\"@id\":\"https:\\\/\\\/bsv.dk\\\/#organization\"},\"potentialAction\":[{\"@type\":\"SearchAction\",\"target\":{\"@type\":\"EntryPoint\",\"urlTemplate\":\"https:\\\/\\\/bsv.dk\\\/?s={search_term_string}\"},\"query-input\":{\"@type\":\"PropertyValueSpecification\",\"valueRequired\":true,\"valueName\":\"search_term_string\"}}],\"inLanguage\":\"sv-SE\"},{\"@type\":\"Organization\",\"@id\":\"https:\\\/\\\/bsv.dk\\\/#organization\",\"name\":\"BSV\",\"url\":\"https:\\\/\\\/bsv.dk\\\/\",\"logo\":{\"@type\":\"ImageObject\",\"inLanguage\":\"sv-SE\",\"@id\":\"https:\\\/\\\/bsv.dk\\\/#\\\/schema\\\/logo\\\/image\\\/\",\"url\":\"https:\\\/\\\/bsv.dk\\\/wp-content\\\/uploads\\\/2022\\\/07\\\/bsv-logo.png\",\"contentUrl\":\"https:\\\/\\\/bsv.dk\\\/wp-content\\\/uploads\\\/2022\\\/07\\\/bsv-logo.png\",\"width\":594,\"height\":249,\"caption\":\"BSV\"},\"image\":{\"@id\":\"https:\\\/\\\/bsv.dk\\\/#\\\/schema\\\/logo\\\/image\\\/\"}}]}<\/script>\n<!-- \/ Yoast SEO plugin. -->","yoast_head_json":{"title":"BSV Rotator &#183; BSV","robots":{"index":"index","follow":"follow","max-snippet":"max-snippet:-1","max-image-preview":"max-image-preview:large","max-video-preview":"max-video-preview:-1"},"canonical":"https:\/\/bsv.dk\/sv\/rotatorer\/bsv-rotatorer\/","og_locale":"sv_SE","og_type":"article","og_title":"BSV Rotator &#183; BSV","og_description":"[vc_row full_width=&#8221;stretch_row&#8221;][vc_column][vc_row_inner equal_height=&#8221;yes&#8221;][vc_column_inner width=&#8221;1\/2&#8243;][vc_media_grid style=&#8221;pagination&#8221; items_per_page=&#8221;1&#8243; element_width=&#8221;12&#8243; gap=&#8221;20&#8243; paging_color=&#8221;black&#8221; loop=&#8221;yes&#8221; grid_id=&#8221;vc_gid:1771400621646-459f93b9-6656-3&#8243; include=&#8221;900119&#8243;][\/vc_column_inner][vc_column_inner width=&#8221;1\/2&#8243;][vc_column_text] BSV Rotator T50 [\/vc_column_text][vc_empty_space height=&#8221;30px&#8221;][vc_btn title=&#8221;Download PDF&#8221; style=&#8221;custom&#8221; custom_background=&#8221;#fec60e&#8221; custom_text=&#8221;#ffffff&#8221; shape=&#8221;square&#8221; size=&#8221;sm&#8221; align=&#8221;left&#8221; link=&#8221;url:https%3A%2F%2Fbsv.dk%2Fwp-content%2Fuploads%2F2025%2F05%2Frotator-t50-dk.pdf|target:_blank&#8221;][vc_empty_space height=&#8221;30px&#8221;][vc_column_text]BSV tillverkar \u00e4ven en egen rotator, vridmotor, typ T50, som \u00e4r en kraftig och robust rotator som \u00e4r designad f\u00f6r att fungera i tunga arbetsmilj\u00f6er med maximal effektivitet ... L\u00e4s mer","og_url":"https:\/\/bsv.dk\/sv\/rotatorer\/bsv-rotatorer\/","og_site_name":"BSV","article_modified_time":"2026-02-18T07:44:05+00:00","twitter_card":"summary_large_image","twitter_misc":{"Est. reading time":"2 minutes"},"schema":{"@context":"https:\/\/schema.org","@graph":[{"@type":"WebPage","@id":"https:\/\/bsv.dk\/sv\/rotatorer\/bsv-rotatorer\/","url":"https:\/\/bsv.dk\/sv\/rotatorer\/bsv-rotatorer\/","name":"BSV Rotator &#183; BSV","isPartOf":{"@id":"https:\/\/bsv.dk\/#website"},"datePublished":"2022-07-13T05:30:58+00:00","dateModified":"2026-02-18T07:44:05+00:00","breadcrumb":{"@id":"https:\/\/bsv.dk\/sv\/rotatorer\/bsv-rotatorer\/#breadcrumb"},"inLanguage":"sv-SE","potentialAction":[{"@type":"ReadAction","target":["https:\/\/bsv.dk\/sv\/rotatorer\/bsv-rotatorer\/"]}]},{"@type":"BreadcrumbList","@id":"https:\/\/bsv.dk\/sv\/rotatorer\/bsv-rotatorer\/#breadcrumb","itemListElement":[{"@type":"ListItem","position":1,"name":"Hjem","item":"https:\/\/bsv.dk\/sv\/vaelkommen\/"},{"@type":"ListItem","position":2,"name":"Rotatorer","item":"https:\/\/bsv.dk\/sv\/rotatorer\/"},{"@type":"ListItem","position":3,"name":"BSV Rotator"}]},{"@type":"WebSite","@id":"https:\/\/bsv.dk\/#website","url":"https:\/\/bsv.dk\/","name":"BSV","description":"L\u00f8fteudstyr og krantilbeh\u00f8r: K\u00f8b dit l\u00f8ftegrej og kran-udstyr","publisher":{"@id":"https:\/\/bsv.dk\/#organization"},"potentialAction":[{"@type":"SearchAction","target":{"@type":"EntryPoint","urlTemplate":"https:\/\/bsv.dk\/?s={search_term_string}"},"query-input":{"@type":"PropertyValueSpecification","valueRequired":true,"valueName":"search_term_string"}}],"inLanguage":"sv-SE"},{"@type":"Organization","@id":"https:\/\/bsv.dk\/#organization","name":"BSV","url":"https:\/\/bsv.dk\/","logo":{"@type":"ImageObject","inLanguage":"sv-SE","@id":"https:\/\/bsv.dk\/#\/schema\/logo\/image\/","url":"https:\/\/bsv.dk\/wp-content\/uploads\/2022\/07\/bsv-logo.png","contentUrl":"https:\/\/bsv.dk\/wp-content\/uploads\/2022\/07\/bsv-logo.png","width":594,"height":249,"caption":"BSV"},"image":{"@id":"https:\/\/bsv.dk\/#\/schema\/logo\/image\/"}}]}},"_links":{"self":[{"href":"https:\/\/bsv.dk\/sv\/wp-json\/wp\/v2\/pages\/6252","targetHints":{"allow":["GET"]}}],"collection":[{"href":"https:\/\/bsv.dk\/sv\/wp-json\/wp\/v2\/pages"}],"about":[{"href":"https:\/\/bsv.dk\/sv\/wp-json\/wp\/v2\/types\/page"}],"author":[{"embeddable":true,"href":"https:\/\/bsv.dk\/sv\/wp-json\/wp\/v2\/users\/1"}],"replies":[{"embeddable":true,"href":"https:\/\/bsv.dk\/sv\/wp-json\/wp\/v2\/comments?post=6252"}],"version-history":[{"count":6,"href":"https:\/\/bsv.dk\/sv\/wp-json\/wp\/v2\/pages\/6252\/revisions"}],"predecessor-version":[{"id":902171,"href":"https:\/\/bsv.dk\/sv\/wp-json\/wp\/v2\/pages\/6252\/revisions\/902171"}],"up":[{"embeddable":true,"href":"https:\/\/bsv.dk\/sv\/wp-json\/wp\/v2\/pages\/6183"}],"wp:attachment":[{"href":"https:\/\/bsv.dk\/sv\/wp-json\/wp\/v2\/media?parent=6252"}],"wp:term":[{"taxonomy":"category","embeddable":true,"href":"https:\/\/bsv.dk\/sv\/wp-json\/wp\/v2\/categories?post=6252"}],"curies":[{"name":"wp","href":"https:\/\/api.w.org\/{rel}","templated":true}]}}