{"id":6194,"date":"2022-07-13T07:28:28","date_gmt":"2022-07-13T05:28:28","guid":{"rendered":"https:\/\/bsv.dk\/mekaniska-lyfttaenger\/"},"modified":"2023-03-07T10:00:34","modified_gmt":"2023-03-07T09:00:34","slug":"mekaniska-lyfttaenger","status":"publish","type":"page","link":"https:\/\/bsv.dk\/sv\/mekaniska-lyfttaenger\/","title":{"rendered":"Mekaniska lyftt\u00e4nger"},"content":{"rendered":"<div class=\"wpb-content-wrapper\"><p>[vc_row full_width=&#8221;stretch_row&#8221;][vc_column]<div class=\"ult-spacer spacer-69f1fb516ae61\" data-id=\"69f1fb516ae61\" data-height=\"90\" data-height-mobile=\"60\" data-height-tab=\"90\" data-height-tab-portrait=\"60\" data-height-mobile-landscape=\"60\" style=\"clear:both;display:block;\"><\/div>[vc_row_inner][vc_column_inner offset=&#8221;vc_col-lg-8 vc_col-md-8 vc_col-xs-12&#8243;][vc_column_text]<\/p>\n<h1>Mekaniska lyftt\u00e4nger<\/h1>\n<h2><\/h2>\n<p>[\/vc_column_text][vc_empty_space height=&#8221;30px&#8221;][vc_empty_space height=&#8221;30px&#8221;][vc_column_text]BSV har ett brett sortiment av lyftt\u00e4nger f\u00f6r krantill\u00e4mpning som tillverkas i v\u00e5r fabrik i Vejen. BSV har utvecklat och producerat t\u00e4nger sedan starten 1960. T\u00e4ngerna \u00e4r framtagna f\u00f6r m\u00e5nga olika \u00e4ndam\u00e5l och finns i flera olika storlekar. Alla t\u00e4nger har 100\u00a0% mekanisk funktion. Det \u00e4r dansk kvalitet och v\u00e5ra kunder v\u00e4rdes\u00e4tter danskproducerade lyftverktyg, den h\u00f6ga kvaliteten och den l\u00e5nga livsl\u00e4ngden.<\/p>\n<p>Alla mekaniska lyftt\u00e4nger fr\u00e5n BSV \u00e4r f\u00f6rsedda med ett patenterat pallsystem som s\u00e4kerst\u00e4ller en 100\u00a0% automatisk arbetsg\u00e5ng som vi kallar varannang\u00e5ngsautomatik.<\/p>\n<p>T\u00e4ngerna \u00e4r f\u00f6rsedda med utbytbara gummiklossar eller st\u00e5lk\u00e4ftar beroende p\u00e5 typ av t\u00e5ng och last samt lastens yta och arbets- och klimatf\u00f6rh\u00e5llanden.<\/p>\n<p>Alla t\u00e4nger fr\u00e5n BSV \u00e4r 100\u00a0% danskproducerade och inkluderar sj\u00e4lvklart testcertifikat och CE-m\u00e4rkning. Ut\u00f6ver standardf\u00e4rgen kan BSV erbjuda andra f\u00e4rger.<\/p>\n<p>Om t\u00e4ngerna ska anv\u00e4ndas i kranar med lyft i h\u00f6gre h\u00f6jd g\u00e4ller s\u00e4rskilda regler f\u00f6r s\u00e4kring av lyftgodset.<\/p>\n<p>Kontakta oss g\u00e4rna g\u00e4llande din lyftuppgift s\u00e5 hj\u00e4lper vi dig hitta den r\u00e4tta lyftt\u00e5ngen.[\/vc_column_text]<div class=\"ult-spacer spacer-69f1fb516aea9\" data-id=\"69f1fb516aea9\" data-height=\"0\" data-height-mobile=\"30\" data-height-tab=\"0\" data-height-tab-portrait=\"30\" data-height-mobile-landscape=\"30\" style=\"clear:both;display:block;\"><\/div>[\/vc_column_inner][vc_column_inner offset=&#8221;vc_col-lg-4 vc_col-md-4 vc_col-xs-12&#8243;][vc_wp_custommenu nav_menu=&#8221;16&#8243; el_class=&#8221;contact-sidebar&#8221;][\/vc_column_inner][\/vc_row_inner]<div class=\"ult-spacer spacer-69f1fb516aecc\" data-id=\"69f1fb516aecc\" data-height=\"90\" data-height-mobile=\"60\" data-height-tab=\"90\" data-height-tab-portrait=\"60\" data-height-mobile-landscape=\"60\" style=\"clear:both;display:block;\"><\/div>[\/vc_column][\/vc_row][vc_row full_width=&#8221;stretch_row&#8221;][vc_column][vc_basic_grid post_type=&#8221;post&#8221; max_items=&#8221;-1&#8243; item=&#8221;2938&#8243; grid_id=&#8221;vc_gid:1678179619184-fcfd6cf8-fd5f-9&#8243; taxonomies=&#8221;13371345&#8243;]<div class=\"ult-spacer spacer-69f1fb516aeea\" data-id=\"69f1fb516aeea\" data-height=\"90\" data-height-mobile=\"60\" data-height-tab=\"90\" data-height-tab-portrait=\"60\" data-height-mobile-landscape=\"60\" style=\"clear:both;display:block;\"><\/div>[\/vc_column][\/vc_row]<\/p>\n<\/div>","protected":false},"excerpt":{"rendered":"<p>[vc_row full_width=&#8221;stretch_row&#8221;][vc_column][vc_row_inner][vc_column_inner offset=&#8221;vc_col-lg-8 vc_col-md-8 vc_col-xs-12&#8243;][vc_column_text] Mekaniska lyftt\u00e4nger [\/vc_column_text][vc_empty_space height=&#8221;30px&#8221;][vc_empty_space height=&#8221;30px&#8221;][vc_column_text]BSV har ett brett sortiment av lyftt\u00e4nger f\u00f6r krantill\u00e4mpning som tillverkas i v\u00e5r fabrik i Vejen. BSV har utvecklat och producerat t\u00e4nger sedan starten 1960. T\u00e4ngerna \u00e4r framtagna f\u00f6r m\u00e5nga olika \u00e4ndam\u00e5l och finns i flera olika storlekar. Alla t\u00e4nger har 100\u00a0% mekanisk funktion. Det \u00e4r &#8230; <a title=\"Mekaniska lyftt\u00e4nger\" class=\"read-more\" href=\"https:\/\/bsv.dk\/sv\/mekaniska-lyfttaenger\/\" aria-label=\"Read more about Mekaniska lyftt\u00e4nger\">L\u00e4s mer<\/a><\/p>\n","protected":false},"author":1,"featured_media":0,"parent":0,"menu_order":0,"comment_status":"closed","ping_status":"closed","template":"","meta":{"footnotes":""},"categories":[],"class_list":["post-6194","page","type-page","status-publish"],"yoast_head":"<!-- This site is optimized with the Yoast SEO plugin v27.5 - https:\/\/yoast.com\/product\/yoast-seo-wordpress\/ -->\n<title>Mekaniska lyftt\u00e4nger &#183; BSV<\/title>\n<meta name=\"robots\" content=\"index, follow, max-snippet:-1, max-image-preview:large, max-video-preview:-1\" \/>\n<link rel=\"canonical\" href=\"https:\/\/bsv.dk\/sv\/mekaniska-lyfttaenger\/\" \/>\n<meta property=\"og:locale\" content=\"sv_SE\" \/>\n<meta property=\"og:type\" content=\"article\" \/>\n<meta property=\"og:title\" content=\"Mekaniska lyftt\u00e4nger &#183; BSV\" \/>\n<meta property=\"og:description\" content=\"[vc_row full_width=&#8221;stretch_row&#8221;][vc_column][vc_row_inner][vc_column_inner offset=&#8221;vc_col-lg-8 vc_col-md-8 vc_col-xs-12&#8243;][vc_column_text] Mekaniska lyftt\u00e4nger [\/vc_column_text][vc_empty_space height=&#8221;30px&#8221;][vc_empty_space height=&#8221;30px&#8221;][vc_column_text]BSV har ett brett sortiment av lyftt\u00e4nger f\u00f6r krantill\u00e4mpning som tillverkas i v\u00e5r fabrik i Vejen. BSV har utvecklat och producerat t\u00e4nger sedan starten 1960. T\u00e4ngerna \u00e4r framtagna f\u00f6r m\u00e5nga olika \u00e4ndam\u00e5l och finns i flera olika storlekar. Alla t\u00e4nger har 100\u00a0% mekanisk funktion. Det \u00e4r ... L\u00e4s mer\" \/>\n<meta property=\"og:url\" content=\"https:\/\/bsv.dk\/sv\/mekaniska-lyfttaenger\/\" \/>\n<meta property=\"og:site_name\" content=\"BSV\" \/>\n<meta property=\"article:modified_time\" content=\"2023-03-07T09:00:34+00:00\" \/>\n<meta name=\"twitter:card\" content=\"summary_large_image\" \/>\n<meta name=\"twitter:label1\" content=\"Est. reading time\" \/>\n\t<meta name=\"twitter:data1\" content=\"1 minute\" \/>\n<script type=\"application\/ld+json\" class=\"yoast-schema-graph\">{\"@context\":\"https:\\\/\\\/schema.org\",\"@graph\":[{\"@type\":\"WebPage\",\"@id\":\"https:\\\/\\\/bsv.dk\\\/sv\\\/mekaniska-lyfttaenger\\\/\",\"url\":\"https:\\\/\\\/bsv.dk\\\/sv\\\/mekaniska-lyfttaenger\\\/\",\"name\":\"Mekaniska lyftt\u00e4nger &#183; BSV\",\"isPartOf\":{\"@id\":\"https:\\\/\\\/bsv.dk\\\/#website\"},\"datePublished\":\"2022-07-13T05:28:28+00:00\",\"dateModified\":\"2023-03-07T09:00:34+00:00\",\"breadcrumb\":{\"@id\":\"https:\\\/\\\/bsv.dk\\\/sv\\\/mekaniska-lyfttaenger\\\/#breadcrumb\"},\"inLanguage\":\"sv-SE\",\"potentialAction\":[{\"@type\":\"ReadAction\",\"target\":[\"https:\\\/\\\/bsv.dk\\\/sv\\\/mekaniska-lyfttaenger\\\/\"]}]},{\"@type\":\"BreadcrumbList\",\"@id\":\"https:\\\/\\\/bsv.dk\\\/sv\\\/mekaniska-lyfttaenger\\\/#breadcrumb\",\"itemListElement\":[{\"@type\":\"ListItem\",\"position\":1,\"name\":\"Hjem\",\"item\":\"https:\\\/\\\/bsv.dk\\\/sv\\\/vaelkommen\\\/\"},{\"@type\":\"ListItem\",\"position\":2,\"name\":\"Mekaniska lyftt\u00e4nger\"}]},{\"@type\":\"WebSite\",\"@id\":\"https:\\\/\\\/bsv.dk\\\/#website\",\"url\":\"https:\\\/\\\/bsv.dk\\\/\",\"name\":\"BSV\",\"description\":\"L\u00f8fteudstyr og krantilbeh\u00f8r: K\u00f8b dit l\u00f8ftegrej og kran-udstyr\",\"publisher\":{\"@id\":\"https:\\\/\\\/bsv.dk\\\/#organization\"},\"potentialAction\":[{\"@type\":\"SearchAction\",\"target\":{\"@type\":\"EntryPoint\",\"urlTemplate\":\"https:\\\/\\\/bsv.dk\\\/?s={search_term_string}\"},\"query-input\":{\"@type\":\"PropertyValueSpecification\",\"valueRequired\":true,\"valueName\":\"search_term_string\"}}],\"inLanguage\":\"sv-SE\"},{\"@type\":\"Organization\",\"@id\":\"https:\\\/\\\/bsv.dk\\\/#organization\",\"name\":\"BSV\",\"url\":\"https:\\\/\\\/bsv.dk\\\/\",\"logo\":{\"@type\":\"ImageObject\",\"inLanguage\":\"sv-SE\",\"@id\":\"https:\\\/\\\/bsv.dk\\\/#\\\/schema\\\/logo\\\/image\\\/\",\"url\":\"https:\\\/\\\/bsv.dk\\\/wp-content\\\/uploads\\\/2022\\\/07\\\/bsv-logo.png\",\"contentUrl\":\"https:\\\/\\\/bsv.dk\\\/wp-content\\\/uploads\\\/2022\\\/07\\\/bsv-logo.png\",\"width\":594,\"height\":249,\"caption\":\"BSV\"},\"image\":{\"@id\":\"https:\\\/\\\/bsv.dk\\\/#\\\/schema\\\/logo\\\/image\\\/\"}}]}<\/script>\n<!-- \/ Yoast SEO plugin. -->","yoast_head_json":{"title":"Mekaniska lyftt\u00e4nger &#183; BSV","robots":{"index":"index","follow":"follow","max-snippet":"max-snippet:-1","max-image-preview":"max-image-preview:large","max-video-preview":"max-video-preview:-1"},"canonical":"https:\/\/bsv.dk\/sv\/mekaniska-lyfttaenger\/","og_locale":"sv_SE","og_type":"article","og_title":"Mekaniska lyftt\u00e4nger &#183; BSV","og_description":"[vc_row full_width=&#8221;stretch_row&#8221;][vc_column][vc_row_inner][vc_column_inner offset=&#8221;vc_col-lg-8 vc_col-md-8 vc_col-xs-12&#8243;][vc_column_text] Mekaniska lyftt\u00e4nger [\/vc_column_text][vc_empty_space height=&#8221;30px&#8221;][vc_empty_space height=&#8221;30px&#8221;][vc_column_text]BSV har ett brett sortiment av lyftt\u00e4nger f\u00f6r krantill\u00e4mpning som tillverkas i v\u00e5r fabrik i Vejen. BSV har utvecklat och producerat t\u00e4nger sedan starten 1960. T\u00e4ngerna \u00e4r framtagna f\u00f6r m\u00e5nga olika \u00e4ndam\u00e5l och finns i flera olika storlekar. Alla t\u00e4nger har 100\u00a0% mekanisk funktion. Det \u00e4r ... L\u00e4s mer","og_url":"https:\/\/bsv.dk\/sv\/mekaniska-lyfttaenger\/","og_site_name":"BSV","article_modified_time":"2023-03-07T09:00:34+00:00","twitter_card":"summary_large_image","twitter_misc":{"Est. reading time":"1 minute"},"schema":{"@context":"https:\/\/schema.org","@graph":[{"@type":"WebPage","@id":"https:\/\/bsv.dk\/sv\/mekaniska-lyfttaenger\/","url":"https:\/\/bsv.dk\/sv\/mekaniska-lyfttaenger\/","name":"Mekaniska lyftt\u00e4nger &#183; BSV","isPartOf":{"@id":"https:\/\/bsv.dk\/#website"},"datePublished":"2022-07-13T05:28:28+00:00","dateModified":"2023-03-07T09:00:34+00:00","breadcrumb":{"@id":"https:\/\/bsv.dk\/sv\/mekaniska-lyfttaenger\/#breadcrumb"},"inLanguage":"sv-SE","potentialAction":[{"@type":"ReadAction","target":["https:\/\/bsv.dk\/sv\/mekaniska-lyfttaenger\/"]}]},{"@type":"BreadcrumbList","@id":"https:\/\/bsv.dk\/sv\/mekaniska-lyfttaenger\/#breadcrumb","itemListElement":[{"@type":"ListItem","position":1,"name":"Hjem","item":"https:\/\/bsv.dk\/sv\/vaelkommen\/"},{"@type":"ListItem","position":2,"name":"Mekaniska lyftt\u00e4nger"}]},{"@type":"WebSite","@id":"https:\/\/bsv.dk\/#website","url":"https:\/\/bsv.dk\/","name":"BSV","description":"L\u00f8fteudstyr og krantilbeh\u00f8r: K\u00f8b dit l\u00f8ftegrej og kran-udstyr","publisher":{"@id":"https:\/\/bsv.dk\/#organization"},"potentialAction":[{"@type":"SearchAction","target":{"@type":"EntryPoint","urlTemplate":"https:\/\/bsv.dk\/?s={search_term_string}"},"query-input":{"@type":"PropertyValueSpecification","valueRequired":true,"valueName":"search_term_string"}}],"inLanguage":"sv-SE"},{"@type":"Organization","@id":"https:\/\/bsv.dk\/#organization","name":"BSV","url":"https:\/\/bsv.dk\/","logo":{"@type":"ImageObject","inLanguage":"sv-SE","@id":"https:\/\/bsv.dk\/#\/schema\/logo\/image\/","url":"https:\/\/bsv.dk\/wp-content\/uploads\/2022\/07\/bsv-logo.png","contentUrl":"https:\/\/bsv.dk\/wp-content\/uploads\/2022\/07\/bsv-logo.png","width":594,"height":249,"caption":"BSV"},"image":{"@id":"https:\/\/bsv.dk\/#\/schema\/logo\/image\/"}}]}},"_links":{"self":[{"href":"https:\/\/bsv.dk\/sv\/wp-json\/wp\/v2\/pages\/6194","targetHints":{"allow":["GET"]}}],"collection":[{"href":"https:\/\/bsv.dk\/sv\/wp-json\/wp\/v2\/pages"}],"about":[{"href":"https:\/\/bsv.dk\/sv\/wp-json\/wp\/v2\/types\/page"}],"author":[{"embeddable":true,"href":"https:\/\/bsv.dk\/sv\/wp-json\/wp\/v2\/users\/1"}],"replies":[{"embeddable":true,"href":"https:\/\/bsv.dk\/sv\/wp-json\/wp\/v2\/comments?post=6194"}],"version-history":[{"count":9,"href":"https:\/\/bsv.dk\/sv\/wp-json\/wp\/v2\/pages\/6194\/revisions"}],"predecessor-version":[{"id":900382,"href":"https:\/\/bsv.dk\/sv\/wp-json\/wp\/v2\/pages\/6194\/revisions\/900382"}],"wp:attachment":[{"href":"https:\/\/bsv.dk\/sv\/wp-json\/wp\/v2\/media?parent=6194"}],"wp:term":[{"taxonomy":"category","embeddable":true,"href":"https:\/\/bsv.dk\/sv\/wp-json\/wp\/v2\/categories?post=6194"}],"curies":[{"name":"wp","href":"https:\/\/api.w.org\/{rel}","templated":true}]}}