{"id":6183,"date":"2022-07-13T07:28:41","date_gmt":"2022-07-13T05:28:41","guid":{"rendered":"https:\/\/bsv.dk\/rotatorer\/"},"modified":"2023-06-06T15:23:41","modified_gmt":"2023-06-06T13:23:41","slug":"rotatorer","status":"publish","type":"page","link":"https:\/\/bsv.dk\/sv\/rotatorer\/","title":{"rendered":"Rotatorer"},"content":{"rendered":"<div class=\"wpb-content-wrapper\"><p>[vc_row full_width=&#8221;stretch_row&#8221;][vc_column]<div class=\"ult-spacer spacer-69f21be6d9868\" data-id=\"69f21be6d9868\" data-height=\"90\" data-height-mobile=\"60\" data-height-tab=\"90\" data-height-tab-portrait=\"60\" data-height-mobile-landscape=\"60\" style=\"clear:both;display:block;\"><\/div>[vc_row_inner][vc_column_inner offset=&#8221;vc_col-lg-8 vc_col-md-8 vc_col-xs-12&#8243;][vc_column_text]<\/p>\n<h1>Rotatorer<\/h1>\n<p>BSV tillverkar sj\u00e4lv sin egen rotator, kallad T50, som \u00e4r s\u00e4rskilt l\u00e4mplig f\u00f6r anv\u00e4ndning p\u00e5 KSII-grab-serien och med en WLL p\u00e5 5 ton.<\/p>\n<p>Dessutom importerar och s\u00e4ljer BSV rotatorer fr\u00e5n tillverkaren Baltrotor.<\/p>\n<p><strong>BSV-rotatorn T50<\/strong> \u00e4r byggd som en kolvmotor, vilket s\u00e4kerst\u00e4ller ett stabilt vridmoment fr\u00e5n start, mjuk och tyst sv\u00e4ngr\u00f6relse och h\u00f6g bromskraft.<\/p>\n<p>Rotatorn \u00e4r byggd med en bottenyta f\u00f6r direkt fastskruvning p\u00e5 gripen f\u00f6r att uppn\u00e5 l\u00e4gsta m\u00f6jliga monteringsh\u00f6jd. Adapter med axel och motsvarande r\u00f6rupph\u00e4ngning erbjuds om rotatorn ska anv\u00e4ndas p\u00e5 flera verktyg.<\/p>\n<p>Rotationsmotorn anv\u00e4nds f\u00f6r lastbilskranar och ett brett utbud av mellanl\u00e4nkar f\u00f6r olika typer av kranar erbjuds.<\/p>\n<p><strong>Baltrotor<\/strong> \u00e4r en robust rotator och s\u00e4ljs med en lyftkapacitet fr\u00e5n 3 ton till 10 ton.<\/p>\n<p>Denna typ av rotator finns b\u00e5de med rotatoraxel eller med en plan bottenplatta f\u00f6r fastskruvning.[\/vc_column_text]<div class=\"ult-spacer spacer-69f21be6d98ab\" data-id=\"69f21be6d98ab\" data-height=\"0\" data-height-mobile=\"30\" data-height-tab=\"0\" data-height-tab-portrait=\"30\" data-height-mobile-landscape=\"30\" style=\"clear:both;display:block;\"><\/div>[\/vc_column_inner][vc_column_inner offset=&#8221;vc_col-lg-4 vc_col-md-4 vc_col-xs-12&#8243;][vc_wp_custommenu nav_menu=&#8221;17&#8243; el_class=&#8221;contact-sidebar&#8221;][\/vc_column_inner][\/vc_row_inner]<div class=\"ult-spacer spacer-69f21be6d98ce\" data-id=\"69f21be6d98ce\" data-height=\"90\" data-height-mobile=\"60\" data-height-tab=\"90\" data-height-tab-portrait=\"60\" data-height-mobile-landscape=\"60\" style=\"clear:both;display:block;\"><\/div>[\/vc_column][\/vc_row][vc_row full_width=&#8221;stretch_row&#8221;][vc_column][vc_basic_grid post_type=&#8221;post&#8221; max_items=&#8221;-1&#8243; item=&#8221;2938&#8243; grid_id=&#8221;vc_gid:1686057586241-20bc043b-cf38-8&#8243; taxonomies=&#8221;13371346&#8243;]<div class=\"ult-spacer spacer-69f21be6d98ec\" data-id=\"69f21be6d98ec\" data-height=\"90\" data-height-mobile=\"60\" data-height-tab=\"90\" data-height-tab-portrait=\"60\" data-height-mobile-landscape=\"60\" style=\"clear:both;display:block;\"><\/div>[\/vc_column][\/vc_row]<\/p>\n<\/div>","protected":false},"excerpt":{"rendered":"<p>[vc_row full_width=&#8221;stretch_row&#8221;][vc_column][vc_row_inner][vc_column_inner offset=&#8221;vc_col-lg-8 vc_col-md-8 vc_col-xs-12&#8243;][vc_column_text] Rotatorer BSV tillverkar sj\u00e4lv sin egen rotator, kallad T50, som \u00e4r s\u00e4rskilt l\u00e4mplig f\u00f6r anv\u00e4ndning p\u00e5 KSII-grab-serien och med en WLL p\u00e5 5 ton. Dessutom importerar och s\u00e4ljer BSV rotatorer fr\u00e5n tillverkaren Baltrotor. BSV-rotatorn T50 \u00e4r byggd som en kolvmotor, vilket s\u00e4kerst\u00e4ller ett stabilt vridmoment fr\u00e5n start, mjuk och tyst &#8230; <a title=\"Rotatorer\" class=\"read-more\" href=\"https:\/\/bsv.dk\/sv\/rotatorer\/\" aria-label=\"Read more about Rotatorer\">L\u00e4s mer<\/a><\/p>\n","protected":false},"author":1,"featured_media":0,"parent":0,"menu_order":0,"comment_status":"closed","ping_status":"closed","template":"","meta":{"footnotes":""},"categories":[],"class_list":["post-6183","page","type-page","status-publish"],"yoast_head":"<!-- This site is optimized with the Yoast SEO plugin v27.5 - https:\/\/yoast.com\/product\/yoast-seo-wordpress\/ -->\n<title>Rotatorer &#183; BSV<\/title>\n<meta name=\"robots\" content=\"index, follow, max-snippet:-1, max-image-preview:large, max-video-preview:-1\" \/>\n<link rel=\"canonical\" href=\"https:\/\/bsv.dk\/sv\/rotatorer\/\" \/>\n<meta property=\"og:locale\" content=\"sv_SE\" \/>\n<meta property=\"og:type\" content=\"article\" \/>\n<meta property=\"og:title\" content=\"Rotatorer &#183; BSV\" \/>\n<meta property=\"og:description\" content=\"[vc_row full_width=&#8221;stretch_row&#8221;][vc_column][vc_row_inner][vc_column_inner offset=&#8221;vc_col-lg-8 vc_col-md-8 vc_col-xs-12&#8243;][vc_column_text] Rotatorer BSV tillverkar sj\u00e4lv sin egen rotator, kallad T50, som \u00e4r s\u00e4rskilt l\u00e4mplig f\u00f6r anv\u00e4ndning p\u00e5 KSII-grab-serien och med en WLL p\u00e5 5 ton. Dessutom importerar och s\u00e4ljer BSV rotatorer fr\u00e5n tillverkaren Baltrotor. BSV-rotatorn T50 \u00e4r byggd som en kolvmotor, vilket s\u00e4kerst\u00e4ller ett stabilt vridmoment fr\u00e5n start, mjuk och tyst ... L\u00e4s mer\" \/>\n<meta property=\"og:url\" content=\"https:\/\/bsv.dk\/sv\/rotatorer\/\" \/>\n<meta property=\"og:site_name\" content=\"BSV\" \/>\n<meta property=\"article:modified_time\" content=\"2023-06-06T13:23:41+00:00\" \/>\n<meta name=\"twitter:card\" content=\"summary_large_image\" \/>\n<meta name=\"twitter:label1\" content=\"Est. reading time\" \/>\n\t<meta name=\"twitter:data1\" content=\"1 minute\" \/>\n<script type=\"application\/ld+json\" class=\"yoast-schema-graph\">{\"@context\":\"https:\\\/\\\/schema.org\",\"@graph\":[{\"@type\":\"WebPage\",\"@id\":\"https:\\\/\\\/bsv.dk\\\/sv\\\/rotatorer\\\/\",\"url\":\"https:\\\/\\\/bsv.dk\\\/sv\\\/rotatorer\\\/\",\"name\":\"Rotatorer &#183; BSV\",\"isPartOf\":{\"@id\":\"https:\\\/\\\/bsv.dk\\\/#website\"},\"datePublished\":\"2022-07-13T05:28:41+00:00\",\"dateModified\":\"2023-06-06T13:23:41+00:00\",\"breadcrumb\":{\"@id\":\"https:\\\/\\\/bsv.dk\\\/sv\\\/rotatorer\\\/#breadcrumb\"},\"inLanguage\":\"sv-SE\",\"potentialAction\":[{\"@type\":\"ReadAction\",\"target\":[\"https:\\\/\\\/bsv.dk\\\/sv\\\/rotatorer\\\/\"]}]},{\"@type\":\"BreadcrumbList\",\"@id\":\"https:\\\/\\\/bsv.dk\\\/sv\\\/rotatorer\\\/#breadcrumb\",\"itemListElement\":[{\"@type\":\"ListItem\",\"position\":1,\"name\":\"Hjem\",\"item\":\"https:\\\/\\\/bsv.dk\\\/sv\\\/vaelkommen\\\/\"},{\"@type\":\"ListItem\",\"position\":2,\"name\":\"Rotatorer\"}]},{\"@type\":\"WebSite\",\"@id\":\"https:\\\/\\\/bsv.dk\\\/#website\",\"url\":\"https:\\\/\\\/bsv.dk\\\/\",\"name\":\"BSV\",\"description\":\"L\u00f8fteudstyr og krantilbeh\u00f8r: K\u00f8b dit l\u00f8ftegrej og kran-udstyr\",\"publisher\":{\"@id\":\"https:\\\/\\\/bsv.dk\\\/#organization\"},\"potentialAction\":[{\"@type\":\"SearchAction\",\"target\":{\"@type\":\"EntryPoint\",\"urlTemplate\":\"https:\\\/\\\/bsv.dk\\\/?s={search_term_string}\"},\"query-input\":{\"@type\":\"PropertyValueSpecification\",\"valueRequired\":true,\"valueName\":\"search_term_string\"}}],\"inLanguage\":\"sv-SE\"},{\"@type\":\"Organization\",\"@id\":\"https:\\\/\\\/bsv.dk\\\/#organization\",\"name\":\"BSV\",\"url\":\"https:\\\/\\\/bsv.dk\\\/\",\"logo\":{\"@type\":\"ImageObject\",\"inLanguage\":\"sv-SE\",\"@id\":\"https:\\\/\\\/bsv.dk\\\/#\\\/schema\\\/logo\\\/image\\\/\",\"url\":\"https:\\\/\\\/bsv.dk\\\/wp-content\\\/uploads\\\/2022\\\/07\\\/bsv-logo.png\",\"contentUrl\":\"https:\\\/\\\/bsv.dk\\\/wp-content\\\/uploads\\\/2022\\\/07\\\/bsv-logo.png\",\"width\":594,\"height\":249,\"caption\":\"BSV\"},\"image\":{\"@id\":\"https:\\\/\\\/bsv.dk\\\/#\\\/schema\\\/logo\\\/image\\\/\"}}]}<\/script>\n<!-- \/ Yoast SEO plugin. -->","yoast_head_json":{"title":"Rotatorer &#183; BSV","robots":{"index":"index","follow":"follow","max-snippet":"max-snippet:-1","max-image-preview":"max-image-preview:large","max-video-preview":"max-video-preview:-1"},"canonical":"https:\/\/bsv.dk\/sv\/rotatorer\/","og_locale":"sv_SE","og_type":"article","og_title":"Rotatorer &#183; BSV","og_description":"[vc_row full_width=&#8221;stretch_row&#8221;][vc_column][vc_row_inner][vc_column_inner offset=&#8221;vc_col-lg-8 vc_col-md-8 vc_col-xs-12&#8243;][vc_column_text] Rotatorer BSV tillverkar sj\u00e4lv sin egen rotator, kallad T50, som \u00e4r s\u00e4rskilt l\u00e4mplig f\u00f6r anv\u00e4ndning p\u00e5 KSII-grab-serien och med en WLL p\u00e5 5 ton. Dessutom importerar och s\u00e4ljer BSV rotatorer fr\u00e5n tillverkaren Baltrotor. BSV-rotatorn T50 \u00e4r byggd som en kolvmotor, vilket s\u00e4kerst\u00e4ller ett stabilt vridmoment fr\u00e5n start, mjuk och tyst ... L\u00e4s mer","og_url":"https:\/\/bsv.dk\/sv\/rotatorer\/","og_site_name":"BSV","article_modified_time":"2023-06-06T13:23:41+00:00","twitter_card":"summary_large_image","twitter_misc":{"Est. reading time":"1 minute"},"schema":{"@context":"https:\/\/schema.org","@graph":[{"@type":"WebPage","@id":"https:\/\/bsv.dk\/sv\/rotatorer\/","url":"https:\/\/bsv.dk\/sv\/rotatorer\/","name":"Rotatorer &#183; BSV","isPartOf":{"@id":"https:\/\/bsv.dk\/#website"},"datePublished":"2022-07-13T05:28:41+00:00","dateModified":"2023-06-06T13:23:41+00:00","breadcrumb":{"@id":"https:\/\/bsv.dk\/sv\/rotatorer\/#breadcrumb"},"inLanguage":"sv-SE","potentialAction":[{"@type":"ReadAction","target":["https:\/\/bsv.dk\/sv\/rotatorer\/"]}]},{"@type":"BreadcrumbList","@id":"https:\/\/bsv.dk\/sv\/rotatorer\/#breadcrumb","itemListElement":[{"@type":"ListItem","position":1,"name":"Hjem","item":"https:\/\/bsv.dk\/sv\/vaelkommen\/"},{"@type":"ListItem","position":2,"name":"Rotatorer"}]},{"@type":"WebSite","@id":"https:\/\/bsv.dk\/#website","url":"https:\/\/bsv.dk\/","name":"BSV","description":"L\u00f8fteudstyr og krantilbeh\u00f8r: K\u00f8b dit l\u00f8ftegrej og kran-udstyr","publisher":{"@id":"https:\/\/bsv.dk\/#organization"},"potentialAction":[{"@type":"SearchAction","target":{"@type":"EntryPoint","urlTemplate":"https:\/\/bsv.dk\/?s={search_term_string}"},"query-input":{"@type":"PropertyValueSpecification","valueRequired":true,"valueName":"search_term_string"}}],"inLanguage":"sv-SE"},{"@type":"Organization","@id":"https:\/\/bsv.dk\/#organization","name":"BSV","url":"https:\/\/bsv.dk\/","logo":{"@type":"ImageObject","inLanguage":"sv-SE","@id":"https:\/\/bsv.dk\/#\/schema\/logo\/image\/","url":"https:\/\/bsv.dk\/wp-content\/uploads\/2022\/07\/bsv-logo.png","contentUrl":"https:\/\/bsv.dk\/wp-content\/uploads\/2022\/07\/bsv-logo.png","width":594,"height":249,"caption":"BSV"},"image":{"@id":"https:\/\/bsv.dk\/#\/schema\/logo\/image\/"}}]}},"_links":{"self":[{"href":"https:\/\/bsv.dk\/sv\/wp-json\/wp\/v2\/pages\/6183","targetHints":{"allow":["GET"]}}],"collection":[{"href":"https:\/\/bsv.dk\/sv\/wp-json\/wp\/v2\/pages"}],"about":[{"href":"https:\/\/bsv.dk\/sv\/wp-json\/wp\/v2\/types\/page"}],"author":[{"embeddable":true,"href":"https:\/\/bsv.dk\/sv\/wp-json\/wp\/v2\/users\/1"}],"replies":[{"embeddable":true,"href":"https:\/\/bsv.dk\/sv\/wp-json\/wp\/v2\/comments?post=6183"}],"version-history":[{"count":7,"href":"https:\/\/bsv.dk\/sv\/wp-json\/wp\/v2\/pages\/6183\/revisions"}],"predecessor-version":[{"id":900451,"href":"https:\/\/bsv.dk\/sv\/wp-json\/wp\/v2\/pages\/6183\/revisions\/900451"}],"wp:attachment":[{"href":"https:\/\/bsv.dk\/sv\/wp-json\/wp\/v2\/media?parent=6183"}],"wp:term":[{"taxonomy":"category","embeddable":true,"href":"https:\/\/bsv.dk\/sv\/wp-json\/wp\/v2\/categories?post=6183"}],"curies":[{"name":"wp","href":"https:\/\/api.w.org\/{rel}","templated":true}]}}