{"id":6182,"date":"2022-07-13T07:29:43","date_gmt":"2022-07-13T05:29:43","guid":{"rendered":"https:\/\/bsv.dk\/hydrauliska-gripar\/combi\/"},"modified":"2026-02-12T09:26:30","modified_gmt":"2026-02-12T08:26:30","slug":"combi-gripskopa","status":"publish","type":"page","link":"https:\/\/bsv.dk\/sv\/hydrauliska-gripar\/combi-gripskopa\/","title":{"rendered":"COMBI-gripserien"},"content":{"rendered":"<div class=\"wpb-content-wrapper\"><p>[vc_row full_width=&#8221;stretch_row&#8221; el_class=&#8221;produkter&#8221;][vc_column]<div class=\"ult-spacer spacer-69f1ed6144d49\" data-id=\"69f1ed6144d49\" data-height=\"90\" data-height-mobile=\"60\" data-height-tab=\"90\" data-height-tab-portrait=\"60\" data-height-mobile-landscape=\"60\" style=\"clear:both;display:block;\"><\/div>[vc_row_inner equal_height=&#8221;yes&#8221;][vc_column_inner offset=&#8221;vc_col-lg-6 vc_col-md-6 vc_col-xs-12&#8243;][vc_media_grid style=&#8221;pagination&#8221; items_per_page=&#8221;1&#8243; element_width=&#8221;12&#8243; gap=&#8221;20&#8243; arrows_design=&#8221;vc_arrow-icon-arrow_01_left&#8221; arrows_position=&#8221;outside&#8221; arrows_color=&#8221;black&#8221; paging_design=&#8221;none&#8221; loop=&#8221;yes&#8221; item=&#8221;2845&#8243; css=&#8221;&#8221; grid_id=&#8221;vc_gid:1770884696027-bf94b619-83db-3&#8243; include=&#8221;7361,7365,7369&#8243;]<div class=\"ult-spacer spacer-69f1ed6144d98\" data-id=\"69f1ed6144d98\" data-height=\"0\" data-height-mobile=\"30\" data-height-tab=\"0\" data-height-tab-portrait=\"30\" data-height-mobile-landscape=\"30\" style=\"clear:both;display:block;\"><\/div>[\/vc_column_inner][vc_column_inner offset=&#8221;vc_col-lg-6 vc_col-md-6 vc_col-xs-12&#8243;][vc_column_text]<\/p>\n<h1>COMBI -gripserien<\/h1>\n<p>[\/vc_column_text][vc_empty_space height=&#8221;30px&#8221;][vc_btn title=&#8221;Download PDF&#8221; style=&#8221;custom&#8221; custom_background=&#8221;#f7b639&#8243; custom_text=&#8221;#ffffff&#8221; shape=&#8221;square&#8221; size=&#8221;sm&#8221; align=&#8221;left&#8221; link=&#8221;url:http%3A%2F%2Fbsv.dk.%2Fwp-content%2Fuploads%2F2022%2F08%2Fdatablad-bsv-combi-grab.pdf|target:_blank&#8221;][vc_empty_space height=&#8221;30px&#8221;][vc_column_text]<\/p>\n<p>COMBI-gripserien best\u00e5r av mindre hydrauliska gripar fr\u00e5n BSV.<\/p>\n<p>Combi-gripserien best\u00e5r av en hydraulisk enhet p\u00e5 vilken man kan montera b\u00e5de skopa f\u00f6r sand, grenar, massaved, granitsten, kantsten och s\u00e5 vidare samt f\u00f6r m\u00e5nga andra m\u00e5ngsidiga uppgifter. Tack vare m\u00f6jligheten f\u00f6r verktygsbyte och den stora flexibiliteten har gripserien f\u00e5tt namnet Combi<br \/>\nSkoporna levereras b\u00e5de som \u00f6ppna och st\u00e4ngda skopor.<\/p>\n<p>Gripserien \u00e4r fr\u00e4mst konstruerad f\u00f6r anv\u00e4ndning i mindre hydrauliska kranar, minigr\u00e4vmaskiner etc. COMBI-gripen \u00e4r flexibel och m\u00e5ngsidig och det r\u00e4tta valet f\u00f6r f\u00f6retag med m\u00e5nga sm\u00e5 och varierande uppgifter.<\/p>\n<p>En av f\u00f6rdelarna med denna typ av krangrip \u00e4r att den erbjuder snabbt redskapsbyte utan handverktyg.[\/vc_column_text][\/vc_column_inner][\/vc_row_inner]<div class=\"ult-spacer spacer-69f1ed6144dbf\" data-id=\"69f1ed6144dbf\" data-height=\"90\" data-height-mobile=\"60\" data-height-tab=\"90\" data-height-tab-portrait=\"60\" data-height-mobile-landscape=\"60\" style=\"clear:both;display:block;\"><\/div>[\/vc_column][\/vc_row][vc_row full_width=&#8221;stretch_row&#8221; disable_element=&#8221;yes&#8221; el_class=&#8221;produkter&#8221; css=&#8221;.vc_custom_1691573729075{background-color: #f7f7f7 !important;}&#8221;][vc_column]<div class=\"ult-spacer spacer-69f1ed6144de1\" data-id=\"69f1ed6144de1\" data-height=\"90\" data-height-mobile=\"60\" data-height-tab=\"90\" data-height-tab-portrait=\"60\" data-height-mobile-landscape=\"60\" style=\"clear:both;display:block;\"><\/div>[vc_column_text]<\/p>\n<h3>Se vores COMBI grabserie<\/h3>\n<p>[\/vc_column_text][vc_empty_space height=&#8221;30px&#8221;][vc_row_inner disable_element=&#8221;yes&#8221;][vc_column_inner offset=&#8221;vc_col-lg-8 vc_col-md-8 vc_col-xs-12&#8243;]<div class=\"ult-spacer spacer-69f1ed6144e01\" data-id=\"69f1ed6144e01\" data-height=\"0\" data-height-mobile=\"30\" data-height-tab=\"0\" data-height-tab-portrait=\"30\" data-height-mobile-landscape=\"30\" style=\"clear:both;display:block;\"><\/div>[\/vc_column_inner][vc_column_inner offset=&#8221;vc_col-lg-4 vc_col-md-4 vc_col-xs-12&#8243;][vc_media_grid element_width=&#8221;12&#8243; gap=&#8221;0&#8243; item=&#8221;1774&#8243; grid_id=&#8221;vc_gid:1770884696042-0ed89b6a-7d15-10&#8243; include=&#8221;5168&#8243;][\/vc_column_inner][\/vc_row_inner][vc_empty_space height=&#8221;30px&#8221;][vc_separator][vc_empty_space height=&#8221;30px&#8221;][vc_row_inner][vc_column_inner offset=&#8221;vc_col-lg-8 vc_col-md-8 vc_col-xs-12&#8243;][vc_raw_html]JTVCdGFibGUlMjBpZCUzRDEwJTIwcmVzcG9uc2l2ZSUzRHNjcm9sbCUyMHJlc3BvbnNpdmVfYnJlYWtwb2ludCUzRHBob25lJTIwJTJGJTVE[\/vc_raw_html]<div class=\"ult-spacer spacer-69f1ed6144e1f\" data-id=\"69f1ed6144e1f\" data-height=\"0\" data-height-mobile=\"30\" data-height-tab=\"0\" data-height-tab-portrait=\"30\" data-height-mobile-landscape=\"30\" style=\"clear:both;display:block;\"><\/div>[\/vc_column_inner][vc_column_inner offset=&#8221;vc_col-lg-4 vc_col-md-4 vc_col-xs-12&#8243;][\/vc_column_inner][\/vc_row_inner][vc_empty_space height=&#8221;30px&#8221;][vc_separator][vc_empty_space height=&#8221;30px&#8221;][vc_row_inner][vc_column_inner offset=&#8221;vc_col-lg-8 vc_col-md-8 vc_col-xs-12&#8243;][vc_raw_html]JTVCdGFibGUlMjBpZCUzRDI0JTIwcmVzcG9uc2l2ZSUzRHNjcm9sbCUyMHJlc3BvbnNpdmVfYnJlYWtwb2ludCUzRHBob25lJTIwJTJGJTVE[\/vc_raw_html]<div class=\"ult-spacer spacer-69f1ed6144e3e\" data-id=\"69f1ed6144e3e\" data-height=\"0\" data-height-mobile=\"30\" data-height-tab=\"0\" data-height-tab-portrait=\"30\" data-height-mobile-landscape=\"30\" style=\"clear:both;display:block;\"><\/div>[\/vc_column_inner][vc_column_inner offset=&#8221;vc_col-lg-4 vc_col-md-4 vc_col-xs-12&#8243;][vc_media_grid element_width=&#8221;12&#8243; gap=&#8221;0&#8243; item=&#8221;1774&#8243; grid_id=&#8221;vc_gid:1770884696049-9558cb71-a188-0&#8243; include=&#8221;5188&#8243;][\/vc_column_inner][\/vc_row_inner][vc_empty_space height=&#8221;30px&#8221;][vc_separator][vc_empty_space height=&#8221;30px&#8221;][vc_row_inner][vc_column_inner offset=&#8221;vc_col-lg-8 vc_col-md-8 vc_col-xs-12&#8243;][vc_raw_html]JTVCdGFibGUlMjBpZCUzRDEyJTIwcmVzcG9uc2l2ZSUzRHNjcm9sbCUyMHJlc3BvbnNpdmVfYnJlYWtwb2ludCUzRHBob25lJTIwJTJGJTVE[\/vc_raw_html]<div class=\"ult-spacer spacer-69f1ed6144e5b\" data-id=\"69f1ed6144e5b\" data-height=\"0\" data-height-mobile=\"30\" data-height-tab=\"0\" data-height-tab-portrait=\"30\" data-height-mobile-landscape=\"30\" style=\"clear:both;display:block;\"><\/div>[\/vc_column_inner][vc_column_inner offset=&#8221;vc_col-lg-4 vc_col-md-4 vc_col-xs-12&#8243;][vc_media_grid element_width=&#8221;12&#8243; gap=&#8221;0&#8243; item=&#8221;1774&#8243; grid_id=&#8221;vc_gid:1770884696056-dd1ace45-7cad-10&#8243; include=&#8221;5198&#8243;][\/vc_column_inner][\/vc_row_inner][vc_empty_space height=&#8221;30px&#8221;][vc_separator][vc_empty_space height=&#8221;30px&#8221;][vc_row_inner][vc_column_inner offset=&#8221;vc_col-lg-8 vc_col-md-8 vc_col-xs-12&#8243;][vc_raw_html]JTVCdGFibGUlMjBpZCUzRDE0JTIwcmVzcG9uc2l2ZSUzRHNjcm9sbCUyMHJlc3BvbnNpdmVfYnJlYWtwb2ludCUzRHBob25lJTIwJTJGJTVE[\/vc_raw_html]<div class=\"ult-spacer spacer-69f1ed6144e77\" data-id=\"69f1ed6144e77\" data-height=\"0\" data-height-mobile=\"30\" data-height-tab=\"0\" data-height-tab-portrait=\"30\" data-height-mobile-landscape=\"30\" style=\"clear:both;display:block;\"><\/div>[\/vc_column_inner][vc_column_inner offset=&#8221;vc_col-lg-4 vc_col-md-4 vc_col-xs-12&#8243;][vc_media_grid element_width=&#8221;12&#8243; gap=&#8221;0&#8243; item=&#8221;1774&#8243; grid_id=&#8221;vc_gid:1770884696061-149f2bed-5086-5&#8243; include=&#8221;5203&#8243;][\/vc_column_inner][\/vc_row_inner][vc_empty_space height=&#8221;30px&#8221;][vc_separator][vc_empty_space height=&#8221;30px&#8221;][vc_row_inner][vc_column_inner offset=&#8221;vc_col-lg-8 vc_col-md-8 vc_col-xs-12&#8243;][vc_raw_html]JTVCdGFibGUlMjBpZCUzRDE3JTIwcmVzcG9uc2l2ZSUzRHNjcm9sbCUyMHJlc3BvbnNpdmVfYnJlYWtwb2ludCUzRHBob25lJTIwJTJGJTVE[\/vc_raw_html]<div class=\"ult-spacer spacer-69f1ed6144e92\" data-id=\"69f1ed6144e92\" data-height=\"0\" data-height-mobile=\"30\" data-height-tab=\"0\" data-height-tab-portrait=\"30\" data-height-mobile-landscape=\"30\" style=\"clear:both;display:block;\"><\/div>[\/vc_column_inner][vc_column_inner offset=&#8221;vc_col-lg-4 vc_col-md-4 vc_col-xs-12&#8243;][vc_media_grid element_width=&#8221;12&#8243; gap=&#8221;0&#8243; item=&#8221;1774&#8243; grid_id=&#8221;vc_gid:1770884696064-f0ef37dd-7ffe-1&#8243; include=&#8221;5211&#8243;][\/vc_column_inner][\/vc_row_inner][vc_empty_space height=&#8221;30px&#8221;][vc_separator][vc_empty_space height=&#8221;30px&#8221;][vc_row_inner][vc_column_inner offset=&#8221;vc_col-lg-8 vc_col-md-8 vc_col-xs-12&#8243;][vc_raw_html]JTVCdGFibGUlMjBpZCUzRDIxJTIwcmVzcG9uc2l2ZSUzRHNjcm9sbCUyMHJlc3BvbnNpdmVfYnJlYWtwb2ludCUzRHBob25lJTIwJTJGJTVE[\/vc_raw_html]<div class=\"ult-spacer spacer-69f1ed6144ead\" data-id=\"69f1ed6144ead\" data-height=\"0\" data-height-mobile=\"30\" data-height-tab=\"0\" data-height-tab-portrait=\"30\" data-height-mobile-landscape=\"30\" style=\"clear:both;display:block;\"><\/div>[\/vc_column_inner][vc_column_inner offset=&#8221;vc_col-lg-4 vc_col-md-4 vc_col-xs-12&#8243;][vc_media_grid element_width=&#8221;12&#8243; gap=&#8221;0&#8243; item=&#8221;1774&#8243; grid_id=&#8221;vc_gid:1770884696069-584bde5d-6671-7&#8243; include=&#8221;5229&#8243;][\/vc_column_inner][\/vc_row_inner][vc_empty_space height=&#8221;30px&#8221;][vc_separator][vc_empty_space height=&#8221;30px&#8221;][vc_row_inner][vc_column_inner offset=&#8221;vc_col-lg-8 vc_col-md-8 vc_col-xs-12&#8243;][vc_raw_html]JTVCdGFibGUlMjBpZCUzRDIzJTIwcmVzcG9uc2l2ZSUzRHNjcm9sbCUyMHJlc3BvbnNpdmVfYnJlYWtwb2ludCUzRHBob25lJTIwJTJGJTVE[\/vc_raw_html]<div class=\"ult-spacer spacer-69f1ed6144ec7\" data-id=\"69f1ed6144ec7\" data-height=\"0\" data-height-mobile=\"30\" data-height-tab=\"0\" data-height-tab-portrait=\"30\" data-height-mobile-landscape=\"30\" style=\"clear:both;display:block;\"><\/div>[\/vc_column_inner][vc_column_inner offset=&#8221;vc_col-lg-4 vc_col-md-4 vc_col-xs-12&#8243;][vc_media_grid element_width=&#8221;12&#8243; gap=&#8221;0&#8243; item=&#8221;1774&#8243; grid_id=&#8221;vc_gid:1770884696072-11e69d27-7fbb-3&#8243; include=&#8221;5224&#8243;][\/vc_column_inner][\/vc_row_inner][vc_empty_space height=&#8221;30px&#8221;][vc_separator][vc_empty_space height=&#8221;30px&#8221;][vc_raw_html]JTVCdGFibGUlMjBpZCUzRDI2JTIwcmVzcG9uc2l2ZSUzRHNjcm9sbCUyMHJlc3BvbnNpdmVfYnJlYWtwb2ludCUzRHBob25lJTIwJTJGJTVE[\/vc_raw_html][vc_empty_space height=&#8221;30px&#8221;][vc_separator][vc_empty_space height=&#8221;30px&#8221;][vc_raw_html]JTVCdGFibGUlMjBpZCUzRDI5JTIwcmVzcG9uc2l2ZSUzRHNjcm9sbCUyMHJlc3BvbnNpdmVfYnJlYWtwb2ludCUzRHBob25lJTIwJTJGJTVE[\/vc_raw_html]<div class=\"ult-spacer spacer-69f1ed6144ee0\" data-id=\"69f1ed6144ee0\" data-height=\"0\" data-height-mobile=\"30\" data-height-tab=\"0\" data-height-tab-portrait=\"30\" data-height-mobile-landscape=\"30\" style=\"clear:both;display:block;\"><\/div>[vc_empty_space height=&#8221;30px&#8221;][vc_separator][vc_empty_space height=&#8221;30px&#8221;][vc_raw_html]JTVCdGFibGUlMjBpZCUzRDMxJTIwcmVzcG9uc2l2ZSUzRHNjcm9sbCUyMHJlc3BvbnNpdmVfYnJlYWtwb2ludCUzRHBob25lJTIwJTJGJTVE[\/vc_raw_html]<div class=\"ult-spacer spacer-69f1ed6144ef9\" data-id=\"69f1ed6144ef9\" data-height=\"90\" data-height-mobile=\"60\" data-height-tab=\"90\" data-height-tab-portrait=\"60\" data-height-mobile-landscape=\"60\" style=\"clear:both;display:block;\"><\/div>[\/vc_column][\/vc_row]<\/p>\n<\/div>","protected":false},"excerpt":{"rendered":"<p>[vc_row full_width=&#8221;stretch_row&#8221; el_class=&#8221;produkter&#8221;][vc_column][vc_row_inner equal_height=&#8221;yes&#8221;][vc_column_inner offset=&#8221;vc_col-lg-6 vc_col-md-6 vc_col-xs-12&#8243;][vc_media_grid style=&#8221;pagination&#8221; items_per_page=&#8221;1&#8243; element_width=&#8221;12&#8243; gap=&#8221;20&#8243; arrows_design=&#8221;vc_arrow-icon-arrow_01_left&#8221; arrows_position=&#8221;outside&#8221; arrows_color=&#8221;black&#8221; paging_design=&#8221;none&#8221; loop=&#8221;yes&#8221; item=&#8221;2845&#8243; css=&#8221;&#8221; grid_id=&#8221;vc_gid:1770884696027-bf94b619-83db-3&#8243; include=&#8221;7361,7365,7369&#8243;][\/vc_column_inner][vc_column_inner offset=&#8221;vc_col-lg-6 vc_col-md-6 vc_col-xs-12&#8243;][vc_column_text] COMBI -gripserien [\/vc_column_text][vc_empty_space height=&#8221;30px&#8221;][vc_btn title=&#8221;Download PDF&#8221; style=&#8221;custom&#8221; custom_background=&#8221;#f7b639&#8243; custom_text=&#8221;#ffffff&#8221; shape=&#8221;square&#8221; size=&#8221;sm&#8221; align=&#8221;left&#8221; link=&#8221;url:http%3A%2F%2Fbsv.dk.%2Fwp-content%2Fuploads%2F2022%2F08%2Fdatablad-bsv-combi-grab.pdf|target:_blank&#8221;][vc_empty_space height=&#8221;30px&#8221;][vc_column_text] COMBI-gripserien best\u00e5r av mindre hydrauliska gripar fr\u00e5n BSV. Combi-gripserien best\u00e5r av en hydraulisk enhet p\u00e5 vilken man kan &#8230; <a title=\"COMBI-gripserien\" class=\"read-more\" href=\"https:\/\/bsv.dk\/sv\/hydrauliska-gripar\/combi-gripskopa\/\" aria-label=\"Read more about COMBI-gripserien\">L\u00e4s mer<\/a><\/p>\n","protected":false},"author":1,"featured_media":0,"parent":6088,"menu_order":0,"comment_status":"closed","ping_status":"closed","template":"","meta":{"footnotes":""},"categories":[50],"class_list":{"0":"post-6182","1":"page","2":"type-page","3":"status-publish","5":"category-hydraulisk-sv"},"yoast_head":"<!-- This site is optimized with the Yoast SEO plugin v27.4 - https:\/\/yoast.com\/product\/yoast-seo-wordpress\/ -->\n<title>COMBI-gripserien &#183; BSV<\/title>\n<meta name=\"robots\" content=\"index, follow, max-snippet:-1, max-image-preview:large, max-video-preview:-1\" \/>\n<link rel=\"canonical\" href=\"https:\/\/bsv.dk\/sv\/hydrauliska-gripar\/combi-gripskopa\/\" \/>\n<meta property=\"og:locale\" content=\"sv_SE\" \/>\n<meta property=\"og:type\" content=\"article\" \/>\n<meta property=\"og:title\" content=\"COMBI-gripserien &#183; BSV\" \/>\n<meta property=\"og:description\" content=\"[vc_row full_width=&#8221;stretch_row&#8221; el_class=&#8221;produkter&#8221;][vc_column][vc_row_inner equal_height=&#8221;yes&#8221;][vc_column_inner offset=&#8221;vc_col-lg-6 vc_col-md-6 vc_col-xs-12&#8243;][vc_media_grid style=&#8221;pagination&#8221; items_per_page=&#8221;1&#8243; element_width=&#8221;12&#8243; gap=&#8221;20&#8243; arrows_design=&#8221;vc_arrow-icon-arrow_01_left&#8221; arrows_position=&#8221;outside&#8221; arrows_color=&#8221;black&#8221; paging_design=&#8221;none&#8221; loop=&#8221;yes&#8221; item=&#8221;2845&#8243; css=&#8221;&#8221; grid_id=&#8221;vc_gid:1770884696027-bf94b619-83db-3&#8243; include=&#8221;7361,7365,7369&#8243;][\/vc_column_inner][vc_column_inner offset=&#8221;vc_col-lg-6 vc_col-md-6 vc_col-xs-12&#8243;][vc_column_text] COMBI -gripserien [\/vc_column_text][vc_empty_space height=&#8221;30px&#8221;][vc_btn title=&#8221;Download PDF&#8221; style=&#8221;custom&#8221; custom_background=&#8221;#f7b639&#8243; custom_text=&#8221;#ffffff&#8221; shape=&#8221;square&#8221; size=&#8221;sm&#8221; align=&#8221;left&#8221; link=&#8221;url:http%3A%2F%2Fbsv.dk.%2Fwp-content%2Fuploads%2F2022%2F08%2Fdatablad-bsv-combi-grab.pdf|target:_blank&#8221;][vc_empty_space height=&#8221;30px&#8221;][vc_column_text] COMBI-gripserien best\u00e5r av mindre hydrauliska gripar fr\u00e5n BSV. Combi-gripserien best\u00e5r av en hydraulisk enhet p\u00e5 vilken man kan ... L\u00e4s mer\" \/>\n<meta property=\"og:url\" content=\"https:\/\/bsv.dk\/sv\/hydrauliska-gripar\/combi-gripskopa\/\" \/>\n<meta property=\"og:site_name\" content=\"BSV\" \/>\n<meta property=\"article:modified_time\" content=\"2026-02-12T08:26:30+00:00\" \/>\n<meta name=\"twitter:card\" content=\"summary_large_image\" \/>\n<meta name=\"twitter:label1\" content=\"Est. reading time\" \/>\n\t<meta name=\"twitter:data1\" content=\"4 minutes\" \/>\n<script type=\"application\/ld+json\" class=\"yoast-schema-graph\">{\"@context\":\"https:\\\/\\\/schema.org\",\"@graph\":[{\"@type\":\"WebPage\",\"@id\":\"https:\\\/\\\/bsv.dk\\\/sv\\\/hydrauliska-gripar\\\/combi-gripskopa\\\/\",\"url\":\"https:\\\/\\\/bsv.dk\\\/sv\\\/hydrauliska-gripar\\\/combi-gripskopa\\\/\",\"name\":\"COMBI-gripserien &#183; BSV\",\"isPartOf\":{\"@id\":\"https:\\\/\\\/bsv.dk\\\/#website\"},\"datePublished\":\"2022-07-13T05:29:43+00:00\",\"dateModified\":\"2026-02-12T08:26:30+00:00\",\"breadcrumb\":{\"@id\":\"https:\\\/\\\/bsv.dk\\\/sv\\\/hydrauliska-gripar\\\/combi-gripskopa\\\/#breadcrumb\"},\"inLanguage\":\"sv-SE\",\"potentialAction\":[{\"@type\":\"ReadAction\",\"target\":[\"https:\\\/\\\/bsv.dk\\\/sv\\\/hydrauliska-gripar\\\/combi-gripskopa\\\/\"]}]},{\"@type\":\"BreadcrumbList\",\"@id\":\"https:\\\/\\\/bsv.dk\\\/sv\\\/hydrauliska-gripar\\\/combi-gripskopa\\\/#breadcrumb\",\"itemListElement\":[{\"@type\":\"ListItem\",\"position\":1,\"name\":\"Hjem\",\"item\":\"https:\\\/\\\/bsv.dk\\\/sv\\\/vaelkommen\\\/\"},{\"@type\":\"ListItem\",\"position\":2,\"name\":\"Hydrauliska gripar\",\"item\":\"https:\\\/\\\/bsv.dk\\\/sv\\\/hydrauliska-gripar\\\/\"},{\"@type\":\"ListItem\",\"position\":3,\"name\":\"COMBI-gripserien\"}]},{\"@type\":\"WebSite\",\"@id\":\"https:\\\/\\\/bsv.dk\\\/#website\",\"url\":\"https:\\\/\\\/bsv.dk\\\/\",\"name\":\"BSV\",\"description\":\"L\u00f8fteudstyr og krantilbeh\u00f8r: K\u00f8b dit l\u00f8ftegrej og kran-udstyr\",\"publisher\":{\"@id\":\"https:\\\/\\\/bsv.dk\\\/#organization\"},\"potentialAction\":[{\"@type\":\"SearchAction\",\"target\":{\"@type\":\"EntryPoint\",\"urlTemplate\":\"https:\\\/\\\/bsv.dk\\\/?s={search_term_string}\"},\"query-input\":{\"@type\":\"PropertyValueSpecification\",\"valueRequired\":true,\"valueName\":\"search_term_string\"}}],\"inLanguage\":\"sv-SE\"},{\"@type\":\"Organization\",\"@id\":\"https:\\\/\\\/bsv.dk\\\/#organization\",\"name\":\"BSV\",\"url\":\"https:\\\/\\\/bsv.dk\\\/\",\"logo\":{\"@type\":\"ImageObject\",\"inLanguage\":\"sv-SE\",\"@id\":\"https:\\\/\\\/bsv.dk\\\/#\\\/schema\\\/logo\\\/image\\\/\",\"url\":\"https:\\\/\\\/bsv.dk\\\/wp-content\\\/uploads\\\/2022\\\/07\\\/bsv-logo.png\",\"contentUrl\":\"https:\\\/\\\/bsv.dk\\\/wp-content\\\/uploads\\\/2022\\\/07\\\/bsv-logo.png\",\"width\":594,\"height\":249,\"caption\":\"BSV\"},\"image\":{\"@id\":\"https:\\\/\\\/bsv.dk\\\/#\\\/schema\\\/logo\\\/image\\\/\"}}]}<\/script>\n<!-- \/ Yoast SEO plugin. -->","yoast_head_json":{"title":"COMBI-gripserien &#183; BSV","robots":{"index":"index","follow":"follow","max-snippet":"max-snippet:-1","max-image-preview":"max-image-preview:large","max-video-preview":"max-video-preview:-1"},"canonical":"https:\/\/bsv.dk\/sv\/hydrauliska-gripar\/combi-gripskopa\/","og_locale":"sv_SE","og_type":"article","og_title":"COMBI-gripserien &#183; BSV","og_description":"[vc_row full_width=&#8221;stretch_row&#8221; el_class=&#8221;produkter&#8221;][vc_column][vc_row_inner equal_height=&#8221;yes&#8221;][vc_column_inner offset=&#8221;vc_col-lg-6 vc_col-md-6 vc_col-xs-12&#8243;][vc_media_grid style=&#8221;pagination&#8221; items_per_page=&#8221;1&#8243; element_width=&#8221;12&#8243; gap=&#8221;20&#8243; arrows_design=&#8221;vc_arrow-icon-arrow_01_left&#8221; arrows_position=&#8221;outside&#8221; arrows_color=&#8221;black&#8221; paging_design=&#8221;none&#8221; loop=&#8221;yes&#8221; item=&#8221;2845&#8243; css=&#8221;&#8221; grid_id=&#8221;vc_gid:1770884696027-bf94b619-83db-3&#8243; include=&#8221;7361,7365,7369&#8243;][\/vc_column_inner][vc_column_inner offset=&#8221;vc_col-lg-6 vc_col-md-6 vc_col-xs-12&#8243;][vc_column_text] COMBI -gripserien [\/vc_column_text][vc_empty_space height=&#8221;30px&#8221;][vc_btn title=&#8221;Download PDF&#8221; style=&#8221;custom&#8221; custom_background=&#8221;#f7b639&#8243; custom_text=&#8221;#ffffff&#8221; shape=&#8221;square&#8221; size=&#8221;sm&#8221; align=&#8221;left&#8221; link=&#8221;url:http%3A%2F%2Fbsv.dk.%2Fwp-content%2Fuploads%2F2022%2F08%2Fdatablad-bsv-combi-grab.pdf|target:_blank&#8221;][vc_empty_space height=&#8221;30px&#8221;][vc_column_text] COMBI-gripserien best\u00e5r av mindre hydrauliska gripar fr\u00e5n BSV. Combi-gripserien best\u00e5r av en hydraulisk enhet p\u00e5 vilken man kan ... L\u00e4s mer","og_url":"https:\/\/bsv.dk\/sv\/hydrauliska-gripar\/combi-gripskopa\/","og_site_name":"BSV","article_modified_time":"2026-02-12T08:26:30+00:00","twitter_card":"summary_large_image","twitter_misc":{"Est. reading time":"4 minutes"},"schema":{"@context":"https:\/\/schema.org","@graph":[{"@type":"WebPage","@id":"https:\/\/bsv.dk\/sv\/hydrauliska-gripar\/combi-gripskopa\/","url":"https:\/\/bsv.dk\/sv\/hydrauliska-gripar\/combi-gripskopa\/","name":"COMBI-gripserien &#183; BSV","isPartOf":{"@id":"https:\/\/bsv.dk\/#website"},"datePublished":"2022-07-13T05:29:43+00:00","dateModified":"2026-02-12T08:26:30+00:00","breadcrumb":{"@id":"https:\/\/bsv.dk\/sv\/hydrauliska-gripar\/combi-gripskopa\/#breadcrumb"},"inLanguage":"sv-SE","potentialAction":[{"@type":"ReadAction","target":["https:\/\/bsv.dk\/sv\/hydrauliska-gripar\/combi-gripskopa\/"]}]},{"@type":"BreadcrumbList","@id":"https:\/\/bsv.dk\/sv\/hydrauliska-gripar\/combi-gripskopa\/#breadcrumb","itemListElement":[{"@type":"ListItem","position":1,"name":"Hjem","item":"https:\/\/bsv.dk\/sv\/vaelkommen\/"},{"@type":"ListItem","position":2,"name":"Hydrauliska gripar","item":"https:\/\/bsv.dk\/sv\/hydrauliska-gripar\/"},{"@type":"ListItem","position":3,"name":"COMBI-gripserien"}]},{"@type":"WebSite","@id":"https:\/\/bsv.dk\/#website","url":"https:\/\/bsv.dk\/","name":"BSV","description":"L\u00f8fteudstyr og krantilbeh\u00f8r: K\u00f8b dit l\u00f8ftegrej og kran-udstyr","publisher":{"@id":"https:\/\/bsv.dk\/#organization"},"potentialAction":[{"@type":"SearchAction","target":{"@type":"EntryPoint","urlTemplate":"https:\/\/bsv.dk\/?s={search_term_string}"},"query-input":{"@type":"PropertyValueSpecification","valueRequired":true,"valueName":"search_term_string"}}],"inLanguage":"sv-SE"},{"@type":"Organization","@id":"https:\/\/bsv.dk\/#organization","name":"BSV","url":"https:\/\/bsv.dk\/","logo":{"@type":"ImageObject","inLanguage":"sv-SE","@id":"https:\/\/bsv.dk\/#\/schema\/logo\/image\/","url":"https:\/\/bsv.dk\/wp-content\/uploads\/2022\/07\/bsv-logo.png","contentUrl":"https:\/\/bsv.dk\/wp-content\/uploads\/2022\/07\/bsv-logo.png","width":594,"height":249,"caption":"BSV"},"image":{"@id":"https:\/\/bsv.dk\/#\/schema\/logo\/image\/"}}]}},"_links":{"self":[{"href":"https:\/\/bsv.dk\/sv\/wp-json\/wp\/v2\/pages\/6182","targetHints":{"allow":["GET"]}}],"collection":[{"href":"https:\/\/bsv.dk\/sv\/wp-json\/wp\/v2\/pages"}],"about":[{"href":"https:\/\/bsv.dk\/sv\/wp-json\/wp\/v2\/types\/page"}],"author":[{"embeddable":true,"href":"https:\/\/bsv.dk\/sv\/wp-json\/wp\/v2\/users\/1"}],"replies":[{"embeddable":true,"href":"https:\/\/bsv.dk\/sv\/wp-json\/wp\/v2\/comments?post=6182"}],"version-history":[{"count":10,"href":"https:\/\/bsv.dk\/sv\/wp-json\/wp\/v2\/pages\/6182\/revisions"}],"predecessor-version":[{"id":901908,"href":"https:\/\/bsv.dk\/sv\/wp-json\/wp\/v2\/pages\/6182\/revisions\/901908"}],"up":[{"embeddable":true,"href":"https:\/\/bsv.dk\/sv\/wp-json\/wp\/v2\/pages\/6088"}],"wp:attachment":[{"href":"https:\/\/bsv.dk\/sv\/wp-json\/wp\/v2\/media?parent=6182"}],"wp:term":[{"taxonomy":"category","embeddable":true,"href":"https:\/\/bsv.dk\/sv\/wp-json\/wp\/v2\/categories?post=6182"}],"curies":[{"name":"wp","href":"https:\/\/api.w.org\/{rel}","templated":true}]}}