{"id":6171,"date":"2022-07-13T07:39:01","date_gmt":"2022-07-13T05:39:01","guid":{"rendered":"https:\/\/bsv.dk\/elhydraulik\/gripskopa\/"},"modified":"2023-09-21T14:17:07","modified_gmt":"2023-09-21T12:17:07","slug":"gripskopa","status":"publish","type":"page","link":"https:\/\/bsv.dk\/sv\/elhydraulik\/gripskopa\/","title":{"rendered":"Gripskopa"},"content":{"rendered":"<div class=\"wpb-content-wrapper\"><p>[vc_row full_width=&#8221;stretch_row&#8221; el_class=&#8221;produkter&#8221;][vc_column]<div class=\"ult-spacer spacer-69d715719233a\" data-id=\"69d715719233a\" data-height=\"90\" data-height-mobile=\"60\" data-height-tab=\"90\" data-height-tab-portrait=\"60\" data-height-mobile-landscape=\"60\" style=\"clear:both;display:block;\"><\/div>[vc_row_inner equal_height=&#8221;yes&#8221;][vc_column_inner offset=&#8221;vc_col-lg-6 vc_col-md-6 vc_col-xs-12&#8243;][vc_media_grid style=&#8221;pagination&#8221; items_per_page=&#8221;1&#8243; element_width=&#8221;12&#8243; gap=&#8221;20&#8243; grid_id=&#8221;vc_gid:1695298621020-cb916f21-4a74-2&#8243; include=&#8221;7614,7610,7618&#8243;]<div class=\"ult-spacer spacer-69d715719237e\" data-id=\"69d715719237e\" data-height=\"0\" data-height-mobile=\"30\" data-height-tab=\"0\" data-height-tab-portrait=\"30\" data-height-mobile-landscape=\"30\" style=\"clear:both;display:block;\"><\/div>[\/vc_column_inner][vc_column_inner offset=&#8221;vc_col-lg-6 vc_col-md-6 vc_col-xs-12&#8243;][vc_column_text]<\/p>\n<h1>BSV elektrohydrauliska skopgrepp<\/h1>\n<p>Denna typ av grip \u00e4r ocks\u00e5 m\u00e5ngsidig, testad och utvecklad f\u00f6r hantering av bulkmaterial, fr\u00e4mst i fj\u00e4rrv\u00e4rme- och f\u00f6rbr\u00e4nningsanl\u00e4ggningar.<\/p>\n<p>De olika modellerna har utvecklats f\u00f6r att hantera framf\u00f6r allt flis, tr\u00e4pellets och andra br\u00e4nslen.<\/p>\n<p>Hinkens storlek varierar fr\u00e5n 750 till 6 000 liter.<\/p>\n<p>Griparna k\u00e4nnetecknas av l\u00e5g egenvikt, l\u00e5g horisontell tyngdpunkt samt l\u00e5g monteringsh\u00f6jd.<\/p>\n<p>Den elektrohydrauliska utrustningen \u00e4r placerad p\u00e5 ett s\u00e5dant s\u00e4tt att den \u00e4r skyddad och l\u00e4ttillg\u00e4nglig i killens huvudkonsol.<\/p>\n<p>Som ett alternativ till de traditionella slutna skoporna erbjuder vi \u00e4ven andra armar och andra modeller i enlighet med kundens \u00f6nskem\u00e5l.<\/p>\n<p>BSV elektriska hydrauliska skopgripar tillverkas med elmotorer och hydrauliska komponenter f\u00f6r l\u00e4gsta m\u00f6jliga ljudniv\u00e5.<\/p>\n<p>BSV:s elektrohydrauliska gripar levereras \u00e4ven som EX-versioner med \u00f6verensst\u00e4mmelse med ATEX-lagstiftningen om elektriska komponenter.[\/vc_column_text][\/vc_column_inner][\/vc_row_inner]<div class=\"ult-spacer spacer-69d71571923b7\" data-id=\"69d71571923b7\" data-height=\"90\" data-height-mobile=\"60\" data-height-tab=\"90\" data-height-tab-portrait=\"60\" data-height-mobile-landscape=\"60\" style=\"clear:both;display:block;\"><\/div>[\/vc_column][\/vc_row]<\/p>\n<\/div>","protected":false},"excerpt":{"rendered":"<p>[vc_row full_width=&#8221;stretch_row&#8221; el_class=&#8221;produkter&#8221;][vc_column][vc_row_inner equal_height=&#8221;yes&#8221;][vc_column_inner offset=&#8221;vc_col-lg-6 vc_col-md-6 vc_col-xs-12&#8243;][vc_media_grid style=&#8221;pagination&#8221; items_per_page=&#8221;1&#8243; element_width=&#8221;12&#8243; gap=&#8221;20&#8243; grid_id=&#8221;vc_gid:1695298621020-cb916f21-4a74-2&#8243; include=&#8221;7614,7610,7618&#8243;][\/vc_column_inner][vc_column_inner offset=&#8221;vc_col-lg-6 vc_col-md-6 vc_col-xs-12&#8243;][vc_column_text] BSV elektrohydrauliska skopgrepp Denna typ av grip \u00e4r ocks\u00e5 m\u00e5ngsidig, testad och utvecklad f\u00f6r hantering av bulkmaterial, fr\u00e4mst i fj\u00e4rrv\u00e4rme- och f\u00f6rbr\u00e4nningsanl\u00e4ggningar. De olika modellerna har utvecklats f\u00f6r att hantera framf\u00f6r allt flis, tr\u00e4pellets och andra br\u00e4nslen. Hinkens storlek &#8230; <a title=\"Gripskopa\" class=\"read-more\" href=\"https:\/\/bsv.dk\/sv\/elhydraulik\/gripskopa\/\" aria-label=\"Read more about Gripskopa\">L\u00e4s mer<\/a><\/p>\n","protected":false},"author":1,"featured_media":0,"parent":6119,"menu_order":0,"comment_status":"closed","ping_status":"closed","template":"","meta":{"footnotes":""},"categories":[],"class_list":["post-6171","page","type-page","status-publish"],"yoast_head":"<!-- This site is optimized with the Yoast SEO plugin v27.3 - https:\/\/yoast.com\/product\/yoast-seo-wordpress\/ -->\n<title>Gripskopa &#183; BSV<\/title>\n<meta name=\"robots\" content=\"index, follow, max-snippet:-1, max-image-preview:large, max-video-preview:-1\" \/>\n<link rel=\"canonical\" href=\"https:\/\/bsv.dk\/sv\/elhydraulik\/gripskopa\/\" \/>\n<meta property=\"og:locale\" content=\"sv_SE\" \/>\n<meta property=\"og:type\" content=\"article\" \/>\n<meta property=\"og:title\" content=\"Gripskopa &#183; BSV\" \/>\n<meta property=\"og:description\" content=\"[vc_row full_width=&#8221;stretch_row&#8221; el_class=&#8221;produkter&#8221;][vc_column][vc_row_inner equal_height=&#8221;yes&#8221;][vc_column_inner offset=&#8221;vc_col-lg-6 vc_col-md-6 vc_col-xs-12&#8243;][vc_media_grid style=&#8221;pagination&#8221; items_per_page=&#8221;1&#8243; element_width=&#8221;12&#8243; gap=&#8221;20&#8243; grid_id=&#8221;vc_gid:1695298621020-cb916f21-4a74-2&#8243; include=&#8221;7614,7610,7618&#8243;][\/vc_column_inner][vc_column_inner offset=&#8221;vc_col-lg-6 vc_col-md-6 vc_col-xs-12&#8243;][vc_column_text] BSV elektrohydrauliska skopgrepp Denna typ av grip \u00e4r ocks\u00e5 m\u00e5ngsidig, testad och utvecklad f\u00f6r hantering av bulkmaterial, fr\u00e4mst i fj\u00e4rrv\u00e4rme- och f\u00f6rbr\u00e4nningsanl\u00e4ggningar. De olika modellerna har utvecklats f\u00f6r att hantera framf\u00f6r allt flis, tr\u00e4pellets och andra br\u00e4nslen. Hinkens storlek ... L\u00e4s mer\" \/>\n<meta property=\"og:url\" content=\"https:\/\/bsv.dk\/sv\/elhydraulik\/gripskopa\/\" \/>\n<meta property=\"og:site_name\" content=\"BSV\" \/>\n<meta property=\"article:modified_time\" content=\"2023-09-21T12:17:07+00:00\" \/>\n<meta name=\"twitter:card\" content=\"summary_large_image\" \/>\n<meta name=\"twitter:label1\" content=\"Est. reading time\" \/>\n\t<meta name=\"twitter:data1\" content=\"2 minutes\" \/>\n<script type=\"application\/ld+json\" class=\"yoast-schema-graph\">{\"@context\":\"https:\\\/\\\/schema.org\",\"@graph\":[{\"@type\":\"WebPage\",\"@id\":\"https:\\\/\\\/bsv.dk\\\/sv\\\/elhydraulik\\\/gripskopa\\\/\",\"url\":\"https:\\\/\\\/bsv.dk\\\/sv\\\/elhydraulik\\\/gripskopa\\\/\",\"name\":\"Gripskopa &#183; BSV\",\"isPartOf\":{\"@id\":\"https:\\\/\\\/bsv.dk\\\/#website\"},\"datePublished\":\"2022-07-13T05:39:01+00:00\",\"dateModified\":\"2023-09-21T12:17:07+00:00\",\"breadcrumb\":{\"@id\":\"https:\\\/\\\/bsv.dk\\\/sv\\\/elhydraulik\\\/gripskopa\\\/#breadcrumb\"},\"inLanguage\":\"sv-SE\",\"potentialAction\":[{\"@type\":\"ReadAction\",\"target\":[\"https:\\\/\\\/bsv.dk\\\/sv\\\/elhydraulik\\\/gripskopa\\\/\"]}]},{\"@type\":\"BreadcrumbList\",\"@id\":\"https:\\\/\\\/bsv.dk\\\/sv\\\/elhydraulik\\\/gripskopa\\\/#breadcrumb\",\"itemListElement\":[{\"@type\":\"ListItem\",\"position\":1,\"name\":\"Hjem\",\"item\":\"https:\\\/\\\/bsv.dk\\\/sv\\\/vaelkommen\\\/\"},{\"@type\":\"ListItem\",\"position\":2,\"name\":\"Elektrisk hydraulik\",\"item\":\"https:\\\/\\\/bsv.dk\\\/sv\\\/elhydraulik\\\/\"},{\"@type\":\"ListItem\",\"position\":3,\"name\":\"Gripskopa\"}]},{\"@type\":\"WebSite\",\"@id\":\"https:\\\/\\\/bsv.dk\\\/#website\",\"url\":\"https:\\\/\\\/bsv.dk\\\/\",\"name\":\"BSV\",\"description\":\"L\u00f8fteudstyr og krantilbeh\u00f8r: K\u00f8b dit l\u00f8ftegrej og kran-udstyr\",\"publisher\":{\"@id\":\"https:\\\/\\\/bsv.dk\\\/#organization\"},\"potentialAction\":[{\"@type\":\"SearchAction\",\"target\":{\"@type\":\"EntryPoint\",\"urlTemplate\":\"https:\\\/\\\/bsv.dk\\\/?s={search_term_string}\"},\"query-input\":{\"@type\":\"PropertyValueSpecification\",\"valueRequired\":true,\"valueName\":\"search_term_string\"}}],\"inLanguage\":\"sv-SE\"},{\"@type\":\"Organization\",\"@id\":\"https:\\\/\\\/bsv.dk\\\/#organization\",\"name\":\"BSV\",\"url\":\"https:\\\/\\\/bsv.dk\\\/\",\"logo\":{\"@type\":\"ImageObject\",\"inLanguage\":\"sv-SE\",\"@id\":\"https:\\\/\\\/bsv.dk\\\/#\\\/schema\\\/logo\\\/image\\\/\",\"url\":\"https:\\\/\\\/bsv.dk\\\/wp-content\\\/uploads\\\/2022\\\/07\\\/bsv-logo.png\",\"contentUrl\":\"https:\\\/\\\/bsv.dk\\\/wp-content\\\/uploads\\\/2022\\\/07\\\/bsv-logo.png\",\"width\":594,\"height\":249,\"caption\":\"BSV\"},\"image\":{\"@id\":\"https:\\\/\\\/bsv.dk\\\/#\\\/schema\\\/logo\\\/image\\\/\"}}]}<\/script>\n<!-- \/ Yoast SEO plugin. -->","yoast_head_json":{"title":"Gripskopa &#183; BSV","robots":{"index":"index","follow":"follow","max-snippet":"max-snippet:-1","max-image-preview":"max-image-preview:large","max-video-preview":"max-video-preview:-1"},"canonical":"https:\/\/bsv.dk\/sv\/elhydraulik\/gripskopa\/","og_locale":"sv_SE","og_type":"article","og_title":"Gripskopa &#183; BSV","og_description":"[vc_row full_width=&#8221;stretch_row&#8221; el_class=&#8221;produkter&#8221;][vc_column][vc_row_inner equal_height=&#8221;yes&#8221;][vc_column_inner offset=&#8221;vc_col-lg-6 vc_col-md-6 vc_col-xs-12&#8243;][vc_media_grid style=&#8221;pagination&#8221; items_per_page=&#8221;1&#8243; element_width=&#8221;12&#8243; gap=&#8221;20&#8243; grid_id=&#8221;vc_gid:1695298621020-cb916f21-4a74-2&#8243; include=&#8221;7614,7610,7618&#8243;][\/vc_column_inner][vc_column_inner offset=&#8221;vc_col-lg-6 vc_col-md-6 vc_col-xs-12&#8243;][vc_column_text] BSV elektrohydrauliska skopgrepp Denna typ av grip \u00e4r ocks\u00e5 m\u00e5ngsidig, testad och utvecklad f\u00f6r hantering av bulkmaterial, fr\u00e4mst i fj\u00e4rrv\u00e4rme- och f\u00f6rbr\u00e4nningsanl\u00e4ggningar. De olika modellerna har utvecklats f\u00f6r att hantera framf\u00f6r allt flis, tr\u00e4pellets och andra br\u00e4nslen. Hinkens storlek ... L\u00e4s mer","og_url":"https:\/\/bsv.dk\/sv\/elhydraulik\/gripskopa\/","og_site_name":"BSV","article_modified_time":"2023-09-21T12:17:07+00:00","twitter_card":"summary_large_image","twitter_misc":{"Est. reading time":"2 minutes"},"schema":{"@context":"https:\/\/schema.org","@graph":[{"@type":"WebPage","@id":"https:\/\/bsv.dk\/sv\/elhydraulik\/gripskopa\/","url":"https:\/\/bsv.dk\/sv\/elhydraulik\/gripskopa\/","name":"Gripskopa &#183; BSV","isPartOf":{"@id":"https:\/\/bsv.dk\/#website"},"datePublished":"2022-07-13T05:39:01+00:00","dateModified":"2023-09-21T12:17:07+00:00","breadcrumb":{"@id":"https:\/\/bsv.dk\/sv\/elhydraulik\/gripskopa\/#breadcrumb"},"inLanguage":"sv-SE","potentialAction":[{"@type":"ReadAction","target":["https:\/\/bsv.dk\/sv\/elhydraulik\/gripskopa\/"]}]},{"@type":"BreadcrumbList","@id":"https:\/\/bsv.dk\/sv\/elhydraulik\/gripskopa\/#breadcrumb","itemListElement":[{"@type":"ListItem","position":1,"name":"Hjem","item":"https:\/\/bsv.dk\/sv\/vaelkommen\/"},{"@type":"ListItem","position":2,"name":"Elektrisk hydraulik","item":"https:\/\/bsv.dk\/sv\/elhydraulik\/"},{"@type":"ListItem","position":3,"name":"Gripskopa"}]},{"@type":"WebSite","@id":"https:\/\/bsv.dk\/#website","url":"https:\/\/bsv.dk\/","name":"BSV","description":"L\u00f8fteudstyr og krantilbeh\u00f8r: K\u00f8b dit l\u00f8ftegrej og kran-udstyr","publisher":{"@id":"https:\/\/bsv.dk\/#organization"},"potentialAction":[{"@type":"SearchAction","target":{"@type":"EntryPoint","urlTemplate":"https:\/\/bsv.dk\/?s={search_term_string}"},"query-input":{"@type":"PropertyValueSpecification","valueRequired":true,"valueName":"search_term_string"}}],"inLanguage":"sv-SE"},{"@type":"Organization","@id":"https:\/\/bsv.dk\/#organization","name":"BSV","url":"https:\/\/bsv.dk\/","logo":{"@type":"ImageObject","inLanguage":"sv-SE","@id":"https:\/\/bsv.dk\/#\/schema\/logo\/image\/","url":"https:\/\/bsv.dk\/wp-content\/uploads\/2022\/07\/bsv-logo.png","contentUrl":"https:\/\/bsv.dk\/wp-content\/uploads\/2022\/07\/bsv-logo.png","width":594,"height":249,"caption":"BSV"},"image":{"@id":"https:\/\/bsv.dk\/#\/schema\/logo\/image\/"}}]}},"_links":{"self":[{"href":"https:\/\/bsv.dk\/sv\/wp-json\/wp\/v2\/pages\/6171","targetHints":{"allow":["GET"]}}],"collection":[{"href":"https:\/\/bsv.dk\/sv\/wp-json\/wp\/v2\/pages"}],"about":[{"href":"https:\/\/bsv.dk\/sv\/wp-json\/wp\/v2\/types\/page"}],"author":[{"embeddable":true,"href":"https:\/\/bsv.dk\/sv\/wp-json\/wp\/v2\/users\/1"}],"replies":[{"embeddable":true,"href":"https:\/\/bsv.dk\/sv\/wp-json\/wp\/v2\/comments?post=6171"}],"version-history":[{"count":3,"href":"https:\/\/bsv.dk\/sv\/wp-json\/wp\/v2\/pages\/6171\/revisions"}],"predecessor-version":[{"id":900512,"href":"https:\/\/bsv.dk\/sv\/wp-json\/wp\/v2\/pages\/6171\/revisions\/900512"}],"up":[{"embeddable":true,"href":"https:\/\/bsv.dk\/sv\/wp-json\/wp\/v2\/pages\/6119"}],"wp:attachment":[{"href":"https:\/\/bsv.dk\/sv\/wp-json\/wp\/v2\/media?parent=6171"}],"wp:term":[{"taxonomy":"category","embeddable":true,"href":"https:\/\/bsv.dk\/sv\/wp-json\/wp\/v2\/categories?post=6171"}],"curies":[{"name":"wp","href":"https:\/\/api.w.org\/{rel}","templated":true}]}}