{"id":6123,"date":"2022-07-13T07:38:46","date_gmt":"2022-07-13T05:38:46","guid":{"rendered":"https:\/\/bsv.dk\/elhydraulik\/gripklor\/"},"modified":"2022-10-28T09:02:46","modified_gmt":"2022-10-28T07:02:46","slug":"gripklor","status":"publish","type":"page","link":"https:\/\/bsv.dk\/sv\/elhydraulik\/gripklor\/","title":{"rendered":"Polygrab"},"content":{"rendered":"<div class=\"wpb-content-wrapper\"><p>[vc_row full_width=&#8221;stretch_row&#8221; el_class=&#8221;produkter&#8221;][vc_column]<div class=\"ult-spacer spacer-69f21c0263e32\" data-id=\"69f21c0263e32\" data-height=\"90\" data-height-mobile=\"60\" data-height-tab=\"90\" data-height-tab-portrait=\"60\" data-height-mobile-landscape=\"60\" style=\"clear:both;display:block;\"><\/div>[vc_row_inner equal_height=&#8221;yes&#8221;][vc_column_inner offset=&#8221;vc_col-lg-6 vc_col-md-6 vc_col-xs-12&#8243;][vc_media_grid style=&#8221;pagination&#8221; items_per_page=&#8221;1&#8243; element_width=&#8221;12&#8243; gap=&#8221;20&#8243; grid_id=&#8221;vc_gid:1666187679206-69d8fe63-4144-2&#8243; include=&#8221;7593,7597,7601,7605&#8243;]<div class=\"ult-spacer spacer-69f21c0263e89\" data-id=\"69f21c0263e89\" data-height=\"0\" data-height-mobile=\"30\" data-height-tab=\"0\" data-height-tab-portrait=\"30\" data-height-mobile-landscape=\"30\" style=\"clear:both;display:block;\"><\/div>[\/vc_column_inner][vc_column_inner offset=&#8221;vc_col-lg-6 vc_col-md-6 vc_col-xs-12&#8243;][vc_column_text]<\/p>\n<h1>BSV elektrohydrauliska polygrabb<\/h1>\n<p>Designad f\u00f6r anv\u00e4ndning inom Waste-To-Energy-sektorn f\u00f6r hantering av avfall, biomassa, flis och liknande material.<\/p>\n<p>Standardsortimentet av polygrabb finns i storlekar fr\u00e5n 325 till 15 000 liter.<\/p>\n<p>Dessa gripar \u00e4r utrustade med 5, 6 eller 7 armar, beroende p\u00e5 gripens volym och materialet som ska hanteras.<\/p>\n<p>De erbjuds i \u00f6ppna, halv\u00f6ppna och slutna modeller.<\/p>\n<p>P\u00e5 standardmodeller ser en ventil till att griparen reagerar och \u00f6ppnar och st\u00e4nger snabbt.<\/p>\n<p>BSV polygrab erbjuds med ett urval av automatiska eller manuella funktioner.<\/p>\n<p>F\u00f6r att ge maximal styrka och drifts\u00e4kerhet tillverkas BSV elektrohydrauliska polygrabbers av h\u00f6gh\u00e5llfast st\u00e5l fr\u00e5n SSAB, Strenx, d\u00e4r BSV ocks\u00e5 \u00e4r medlem. Griparna \u00e4r utrustade med testade och godk\u00e4nda hydrauliska komponenter av h\u00f6gsta kvalitet.<\/p>\n<p>BSV:s elektrohydrauliska gripar levereras \u00e4ven som EX-versioner med \u00f6verensst\u00e4mmelse med ATEX-lagstiftningen om elektriska komponenter.[\/vc_column_text][\/vc_column_inner][\/vc_row_inner]<div class=\"ult-spacer spacer-69f21c0263eae\" data-id=\"69f21c0263eae\" data-height=\"90\" data-height-mobile=\"60\" data-height-tab=\"90\" data-height-tab-portrait=\"60\" data-height-mobile-landscape=\"60\" style=\"clear:both;display:block;\"><\/div>[\/vc_column][\/vc_row][vc_row full_width=&#8221;stretch_row&#8221; el_class=&#8221;produkter&#8221; css=&#8221;.vc_custom_1660147902981{background-color: #f7f7f7 !important;}&#8221;][vc_column]<div class=\"ult-spacer spacer-69f21c0263ed7\" data-id=\"69f21c0263ed7\" data-height=\"90\" data-height-mobile=\"60\" data-height-tab=\"90\" data-height-tab-portrait=\"60\" data-height-mobile-landscape=\"60\" style=\"clear:both;display:block;\"><\/div>[vc_row_inner][vc_column_inner offset=&#8221;vc_col-lg-6 vc_col-md-6 vc_col-xs-12&#8243;]<div class=\"ult-spacer spacer-69f21c0263f05\" data-id=\"69f21c0263f05\" data-height=\"0\" data-height-mobile=\"30\" data-height-tab=\"0\" data-height-tab-portrait=\"30\" data-height-mobile-landscape=\"30\" style=\"clear:both;display:block;\"><\/div>[\/vc_column_inner][vc_column_inner offset=&#8221;vc_col-lg-6 vc_col-md-6 vc_col-xs-12&#8243;][\/vc_column_inner][\/vc_row_inner][vc_empty_space height=&#8221;30px&#8221;][vc_row_inner][vc_column_inner offset=&#8221;vc_col-lg-6 vc_col-md-6 vc_col-xs-12&#8243;]<div class=\"ult-spacer spacer-69f21c0263f27\" data-id=\"69f21c0263f27\" data-height=\"0\" data-height-mobile=\"30\" data-height-tab=\"0\" data-height-tab-portrait=\"30\" data-height-mobile-landscape=\"30\" style=\"clear:both;display:block;\"><\/div>[\/vc_column_inner][vc_column_inner offset=&#8221;vc_col-lg-6 vc_col-md-6 vc_col-xs-12&#8243;][\/vc_column_inner][\/vc_row_inner][vc_empty_space height=&#8221;30px&#8221;][vc_row_inner][vc_column_inner offset=&#8221;vc_col-lg-6 vc_col-md-6 vc_col-xs-12&#8243;]<div class=\"ult-spacer spacer-69f21c0263f45\" data-id=\"69f21c0263f45\" data-height=\"0\" data-height-mobile=\"30\" data-height-tab=\"0\" data-height-tab-portrait=\"30\" data-height-mobile-landscape=\"30\" style=\"clear:both;display:block;\"><\/div>[\/vc_column_inner][vc_column_inner offset=&#8221;vc_col-lg-6 vc_col-md-6 vc_col-xs-12&#8243;][\/vc_column_inner][\/vc_row_inner][vc_empty_space height=&#8221;30px&#8221;][vc_row_inner][vc_column_inner offset=&#8221;vc_col-lg-6 vc_col-md-6 vc_col-xs-12&#8243;]<div class=\"ult-spacer spacer-69f21c0263f60\" data-id=\"69f21c0263f60\" data-height=\"0\" data-height-mobile=\"30\" data-height-tab=\"0\" data-height-tab-portrait=\"30\" data-height-mobile-landscape=\"30\" style=\"clear:both;display:block;\"><\/div>[\/vc_column_inner][vc_column_inner offset=&#8221;vc_col-lg-6 vc_col-md-6 vc_col-xs-12&#8243;][\/vc_column_inner][\/vc_row_inner]<div class=\"ult-spacer spacer-69f21c0263f7d\" data-id=\"69f21c0263f7d\" data-height=\"90\" data-height-mobile=\"60\" data-height-tab=\"90\" data-height-tab-portrait=\"60\" data-height-mobile-landscape=\"60\" style=\"clear:both;display:block;\"><\/div>[\/vc_column][\/vc_row]<\/p>\n<\/div>","protected":false},"excerpt":{"rendered":"<p>[vc_row full_width=&#8221;stretch_row&#8221; el_class=&#8221;produkter&#8221;][vc_column][vc_row_inner equal_height=&#8221;yes&#8221;][vc_column_inner offset=&#8221;vc_col-lg-6 vc_col-md-6 vc_col-xs-12&#8243;][vc_media_grid style=&#8221;pagination&#8221; items_per_page=&#8221;1&#8243; element_width=&#8221;12&#8243; gap=&#8221;20&#8243; grid_id=&#8221;vc_gid:1666187679206-69d8fe63-4144-2&#8243; include=&#8221;7593,7597,7601,7605&#8243;][\/vc_column_inner][vc_column_inner offset=&#8221;vc_col-lg-6 vc_col-md-6 vc_col-xs-12&#8243;][vc_column_text] BSV elektrohydrauliska polygrabb Designad f\u00f6r anv\u00e4ndning inom Waste-To-Energy-sektorn f\u00f6r hantering av avfall, biomassa, flis och liknande material. Standardsortimentet av polygrabb finns i storlekar fr\u00e5n 325 till 15 000 liter. Dessa gripar \u00e4r utrustade med 5, 6 eller 7 armar, &#8230; <a title=\"Polygrab\" class=\"read-more\" href=\"https:\/\/bsv.dk\/sv\/elhydraulik\/gripklor\/\" aria-label=\"Read more about Polygrab\">L\u00e4s mer<\/a><\/p>\n","protected":false},"author":1,"featured_media":0,"parent":6119,"menu_order":0,"comment_status":"closed","ping_status":"closed","template":"","meta":{"footnotes":""},"categories":[],"class_list":["post-6123","page","type-page","status-publish"],"yoast_head":"<!-- This site is optimized with the Yoast SEO plugin v27.5 - https:\/\/yoast.com\/product\/yoast-seo-wordpress\/ -->\n<title>Polygrab &#183; BSV<\/title>\n<meta name=\"robots\" content=\"index, follow, max-snippet:-1, max-image-preview:large, max-video-preview:-1\" \/>\n<link rel=\"canonical\" href=\"https:\/\/bsv.dk\/sv\/elhydraulik\/gripklor\/\" \/>\n<meta property=\"og:locale\" content=\"sv_SE\" \/>\n<meta property=\"og:type\" content=\"article\" \/>\n<meta property=\"og:title\" content=\"Polygrab &#183; BSV\" \/>\n<meta property=\"og:description\" content=\"[vc_row full_width=&#8221;stretch_row&#8221; el_class=&#8221;produkter&#8221;][vc_column][vc_row_inner equal_height=&#8221;yes&#8221;][vc_column_inner offset=&#8221;vc_col-lg-6 vc_col-md-6 vc_col-xs-12&#8243;][vc_media_grid style=&#8221;pagination&#8221; items_per_page=&#8221;1&#8243; element_width=&#8221;12&#8243; gap=&#8221;20&#8243; grid_id=&#8221;vc_gid:1666187679206-69d8fe63-4144-2&#8243; include=&#8221;7593,7597,7601,7605&#8243;][\/vc_column_inner][vc_column_inner offset=&#8221;vc_col-lg-6 vc_col-md-6 vc_col-xs-12&#8243;][vc_column_text] BSV elektrohydrauliska polygrabb Designad f\u00f6r anv\u00e4ndning inom Waste-To-Energy-sektorn f\u00f6r hantering av avfall, biomassa, flis och liknande material. Standardsortimentet av polygrabb finns i storlekar fr\u00e5n 325 till 15 000 liter. Dessa gripar \u00e4r utrustade med 5, 6 eller 7 armar, ... L\u00e4s mer\" \/>\n<meta property=\"og:url\" content=\"https:\/\/bsv.dk\/sv\/elhydraulik\/gripklor\/\" \/>\n<meta property=\"og:site_name\" content=\"BSV\" \/>\n<meta property=\"article:modified_time\" content=\"2022-10-28T07:02:46+00:00\" \/>\n<meta name=\"twitter:card\" content=\"summary_large_image\" \/>\n<meta name=\"twitter:label1\" content=\"Est. reading time\" \/>\n\t<meta name=\"twitter:data1\" content=\"1 minute\" \/>\n<script type=\"application\/ld+json\" class=\"yoast-schema-graph\">{\"@context\":\"https:\\\/\\\/schema.org\",\"@graph\":[{\"@type\":\"WebPage\",\"@id\":\"https:\\\/\\\/bsv.dk\\\/sv\\\/elhydraulik\\\/gripklor\\\/\",\"url\":\"https:\\\/\\\/bsv.dk\\\/sv\\\/elhydraulik\\\/gripklor\\\/\",\"name\":\"Polygrab &#183; BSV\",\"isPartOf\":{\"@id\":\"https:\\\/\\\/bsv.dk\\\/#website\"},\"datePublished\":\"2022-07-13T05:38:46+00:00\",\"dateModified\":\"2022-10-28T07:02:46+00:00\",\"breadcrumb\":{\"@id\":\"https:\\\/\\\/bsv.dk\\\/sv\\\/elhydraulik\\\/gripklor\\\/#breadcrumb\"},\"inLanguage\":\"sv-SE\",\"potentialAction\":[{\"@type\":\"ReadAction\",\"target\":[\"https:\\\/\\\/bsv.dk\\\/sv\\\/elhydraulik\\\/gripklor\\\/\"]}]},{\"@type\":\"BreadcrumbList\",\"@id\":\"https:\\\/\\\/bsv.dk\\\/sv\\\/elhydraulik\\\/gripklor\\\/#breadcrumb\",\"itemListElement\":[{\"@type\":\"ListItem\",\"position\":1,\"name\":\"Hjem\",\"item\":\"https:\\\/\\\/bsv.dk\\\/sv\\\/vaelkommen\\\/\"},{\"@type\":\"ListItem\",\"position\":2,\"name\":\"Elektrisk hydraulik\",\"item\":\"https:\\\/\\\/bsv.dk\\\/sv\\\/elhydraulik\\\/\"},{\"@type\":\"ListItem\",\"position\":3,\"name\":\"Polygrab\"}]},{\"@type\":\"WebSite\",\"@id\":\"https:\\\/\\\/bsv.dk\\\/#website\",\"url\":\"https:\\\/\\\/bsv.dk\\\/\",\"name\":\"BSV\",\"description\":\"L\u00f8fteudstyr og krantilbeh\u00f8r: K\u00f8b dit l\u00f8ftegrej og kran-udstyr\",\"publisher\":{\"@id\":\"https:\\\/\\\/bsv.dk\\\/#organization\"},\"potentialAction\":[{\"@type\":\"SearchAction\",\"target\":{\"@type\":\"EntryPoint\",\"urlTemplate\":\"https:\\\/\\\/bsv.dk\\\/?s={search_term_string}\"},\"query-input\":{\"@type\":\"PropertyValueSpecification\",\"valueRequired\":true,\"valueName\":\"search_term_string\"}}],\"inLanguage\":\"sv-SE\"},{\"@type\":\"Organization\",\"@id\":\"https:\\\/\\\/bsv.dk\\\/#organization\",\"name\":\"BSV\",\"url\":\"https:\\\/\\\/bsv.dk\\\/\",\"logo\":{\"@type\":\"ImageObject\",\"inLanguage\":\"sv-SE\",\"@id\":\"https:\\\/\\\/bsv.dk\\\/#\\\/schema\\\/logo\\\/image\\\/\",\"url\":\"https:\\\/\\\/bsv.dk\\\/wp-content\\\/uploads\\\/2022\\\/07\\\/bsv-logo.png\",\"contentUrl\":\"https:\\\/\\\/bsv.dk\\\/wp-content\\\/uploads\\\/2022\\\/07\\\/bsv-logo.png\",\"width\":594,\"height\":249,\"caption\":\"BSV\"},\"image\":{\"@id\":\"https:\\\/\\\/bsv.dk\\\/#\\\/schema\\\/logo\\\/image\\\/\"}}]}<\/script>\n<!-- \/ Yoast SEO plugin. -->","yoast_head_json":{"title":"Polygrab &#183; BSV","robots":{"index":"index","follow":"follow","max-snippet":"max-snippet:-1","max-image-preview":"max-image-preview:large","max-video-preview":"max-video-preview:-1"},"canonical":"https:\/\/bsv.dk\/sv\/elhydraulik\/gripklor\/","og_locale":"sv_SE","og_type":"article","og_title":"Polygrab &#183; BSV","og_description":"[vc_row full_width=&#8221;stretch_row&#8221; el_class=&#8221;produkter&#8221;][vc_column][vc_row_inner equal_height=&#8221;yes&#8221;][vc_column_inner offset=&#8221;vc_col-lg-6 vc_col-md-6 vc_col-xs-12&#8243;][vc_media_grid style=&#8221;pagination&#8221; items_per_page=&#8221;1&#8243; element_width=&#8221;12&#8243; gap=&#8221;20&#8243; grid_id=&#8221;vc_gid:1666187679206-69d8fe63-4144-2&#8243; include=&#8221;7593,7597,7601,7605&#8243;][\/vc_column_inner][vc_column_inner offset=&#8221;vc_col-lg-6 vc_col-md-6 vc_col-xs-12&#8243;][vc_column_text] BSV elektrohydrauliska polygrabb Designad f\u00f6r anv\u00e4ndning inom Waste-To-Energy-sektorn f\u00f6r hantering av avfall, biomassa, flis och liknande material. Standardsortimentet av polygrabb finns i storlekar fr\u00e5n 325 till 15 000 liter. Dessa gripar \u00e4r utrustade med 5, 6 eller 7 armar, ... L\u00e4s mer","og_url":"https:\/\/bsv.dk\/sv\/elhydraulik\/gripklor\/","og_site_name":"BSV","article_modified_time":"2022-10-28T07:02:46+00:00","twitter_card":"summary_large_image","twitter_misc":{"Est. reading time":"1 minute"},"schema":{"@context":"https:\/\/schema.org","@graph":[{"@type":"WebPage","@id":"https:\/\/bsv.dk\/sv\/elhydraulik\/gripklor\/","url":"https:\/\/bsv.dk\/sv\/elhydraulik\/gripklor\/","name":"Polygrab &#183; BSV","isPartOf":{"@id":"https:\/\/bsv.dk\/#website"},"datePublished":"2022-07-13T05:38:46+00:00","dateModified":"2022-10-28T07:02:46+00:00","breadcrumb":{"@id":"https:\/\/bsv.dk\/sv\/elhydraulik\/gripklor\/#breadcrumb"},"inLanguage":"sv-SE","potentialAction":[{"@type":"ReadAction","target":["https:\/\/bsv.dk\/sv\/elhydraulik\/gripklor\/"]}]},{"@type":"BreadcrumbList","@id":"https:\/\/bsv.dk\/sv\/elhydraulik\/gripklor\/#breadcrumb","itemListElement":[{"@type":"ListItem","position":1,"name":"Hjem","item":"https:\/\/bsv.dk\/sv\/vaelkommen\/"},{"@type":"ListItem","position":2,"name":"Elektrisk hydraulik","item":"https:\/\/bsv.dk\/sv\/elhydraulik\/"},{"@type":"ListItem","position":3,"name":"Polygrab"}]},{"@type":"WebSite","@id":"https:\/\/bsv.dk\/#website","url":"https:\/\/bsv.dk\/","name":"BSV","description":"L\u00f8fteudstyr og krantilbeh\u00f8r: K\u00f8b dit l\u00f8ftegrej og kran-udstyr","publisher":{"@id":"https:\/\/bsv.dk\/#organization"},"potentialAction":[{"@type":"SearchAction","target":{"@type":"EntryPoint","urlTemplate":"https:\/\/bsv.dk\/?s={search_term_string}"},"query-input":{"@type":"PropertyValueSpecification","valueRequired":true,"valueName":"search_term_string"}}],"inLanguage":"sv-SE"},{"@type":"Organization","@id":"https:\/\/bsv.dk\/#organization","name":"BSV","url":"https:\/\/bsv.dk\/","logo":{"@type":"ImageObject","inLanguage":"sv-SE","@id":"https:\/\/bsv.dk\/#\/schema\/logo\/image\/","url":"https:\/\/bsv.dk\/wp-content\/uploads\/2022\/07\/bsv-logo.png","contentUrl":"https:\/\/bsv.dk\/wp-content\/uploads\/2022\/07\/bsv-logo.png","width":594,"height":249,"caption":"BSV"},"image":{"@id":"https:\/\/bsv.dk\/#\/schema\/logo\/image\/"}}]}},"_links":{"self":[{"href":"https:\/\/bsv.dk\/sv\/wp-json\/wp\/v2\/pages\/6123","targetHints":{"allow":["GET"]}}],"collection":[{"href":"https:\/\/bsv.dk\/sv\/wp-json\/wp\/v2\/pages"}],"about":[{"href":"https:\/\/bsv.dk\/sv\/wp-json\/wp\/v2\/types\/page"}],"author":[{"embeddable":true,"href":"https:\/\/bsv.dk\/sv\/wp-json\/wp\/v2\/users\/1"}],"replies":[{"embeddable":true,"href":"https:\/\/bsv.dk\/sv\/wp-json\/wp\/v2\/comments?post=6123"}],"version-history":[{"count":3,"href":"https:\/\/bsv.dk\/sv\/wp-json\/wp\/v2\/pages\/6123\/revisions"}],"predecessor-version":[{"id":7907,"href":"https:\/\/bsv.dk\/sv\/wp-json\/wp\/v2\/pages\/6123\/revisions\/7907"}],"up":[{"embeddable":true,"href":"https:\/\/bsv.dk\/sv\/wp-json\/wp\/v2\/pages\/6119"}],"wp:attachment":[{"href":"https:\/\/bsv.dk\/sv\/wp-json\/wp\/v2\/media?parent=6123"}],"wp:term":[{"taxonomy":"category","embeddable":true,"href":"https:\/\/bsv.dk\/sv\/wp-json\/wp\/v2\/categories?post=6123"}],"curies":[{"name":"wp","href":"https:\/\/api.w.org\/{rel}","templated":true}]}}