{"id":6120,"date":"2022-07-13T07:58:46","date_gmt":"2022-07-13T05:58:46","guid":{"rendered":"https:\/\/bsv.dk\/hydrauliska-gripar\/ks-gripskopa\/gripskopa-foer-goedningsmedel\/"},"modified":"2026-02-12T09:23:38","modified_gmt":"2026-02-12T08:23:38","slug":"godselsgrep","status":"publish","type":"page","link":"https:\/\/bsv.dk\/sv\/hydrauliska-gripar\/ks-ii-gripskopa\/godselsgrep\/","title":{"rendered":"F\u00f6r g\u00f6dningsmedel"},"content":{"rendered":"<div class=\"wpb-content-wrapper\"><p>[vc_row full_width=&#8221;stretch_row&#8221; el_class=&#8221;produkter&#8221;][vc_column]<div class=\"ult-spacer spacer-69f1fc3777f9f\" data-id=\"69f1fc3777f9f\" data-height=\"90\" data-height-mobile=\"60\" data-height-tab=\"90\" data-height-tab-portrait=\"60\" data-height-mobile-landscape=\"60\" style=\"clear:both;display:block;\"><\/div>[vc_row_inner equal_height=&#8221;yes&#8221;][vc_column_inner offset=&#8221;vc_col-lg-6 vc_col-md-6 vc_col-xs-12&#8243;][vc_media_grid style=&#8221;pagination&#8221; items_per_page=&#8221;1&#8243; element_width=&#8221;12&#8243; gap=&#8221;20&#8243; arrows_design=&#8221;vc_arrow-icon-arrow_01_left&#8221; arrows_position=&#8221;outside&#8221; arrows_color=&#8221;black&#8221; paging_design=&#8221;none&#8221; loop=&#8221;yes&#8221; item=&#8221;2845&#8243; css=&#8221;&#8221; grid_id=&#8221;vc_gid:1770884465352-a2619724-16fc-9&#8243; include=&#8221;7512,7516,7520,7524&#8243;]<div class=\"ult-spacer spacer-69f1fc3777fe1\" data-id=\"69f1fc3777fe1\" data-height=\"0\" data-height-mobile=\"30\" data-height-tab=\"0\" data-height-tab-portrait=\"30\" data-height-mobile-landscape=\"30\" style=\"clear:both;display:block;\"><\/div>[\/vc_column_inner][vc_column_inner offset=&#8221;vc_col-lg-6 vc_col-md-6 vc_col-xs-12&#8243;][vc_column_text]<\/p>\n<h1>BSV gripskopa f\u00f6r g\u00f6dningsmedel<\/h1>\n<p>BSV griptyp AG 420 \u00e4r en grip med stor kapacitet f\u00f6r hantering av g\u00f6dningsmedel och djurstr\u00f6. Ut\u00f6ver att vara en gripskopa f\u00f6r g\u00f6dningsmedel kan den \u00e4ven anv\u00e4ndas f\u00f6r grenar, v\u00e4xtavfall, gr\u00f6dor och gr\u00e4s.<\/p>\n<p>Denna gripskopa \u00e4r konstruerad med l\u00e5g byggh\u00f6jd och stor \u00f6ppning.<\/p>\n<p>Alla KS II-gripar levereras som standard med integrerad f\u00e4stpunkt (max 1\u00a0000 kg) f\u00f6r lyftkedja.<\/p>\n<p>Vi kan \u00e4ven erbjuda extra svetskrokar som kan lyfta upp till 3\u00a0500\u00a0kg.[\/vc_column_text][\/vc_column_inner][\/vc_row_inner]<div class=\"ult-spacer spacer-69f1fc3778004\" data-id=\"69f1fc3778004\" data-height=\"90\" data-height-mobile=\"60\" data-height-tab=\"90\" data-height-tab-portrait=\"60\" data-height-mobile-landscape=\"60\" style=\"clear:both;display:block;\"><\/div>[\/vc_column][\/vc_row][vc_row full_width=&#8221;stretch_row&#8221; el_class=&#8221;produkter&#8221; css=&#8221;.vc_custom_1660147902981{background-color: #f7f7f7 !important;}&#8221;][vc_column]<div class=\"ult-spacer spacer-69f1fc3778022\" data-id=\"69f1fc3778022\" data-height=\"90\" data-height-mobile=\"60\" data-height-tab=\"90\" data-height-tab-portrait=\"60\" data-height-mobile-landscape=\"60\" style=\"clear:both;display:block;\"><\/div>[vc_empty_space height=&#8221;30px&#8221;]<div class=\"ult-spacer spacer-69f1fc377803e\" data-id=\"69f1fc377803e\" data-height=\"90\" data-height-mobile=\"60\" data-height-tab=\"90\" data-height-tab-portrait=\"60\" data-height-mobile-landscape=\"60\" style=\"clear:both;display:block;\"><\/div>[\/vc_column][\/vc_row]<\/p>\n<\/div>","protected":false},"excerpt":{"rendered":"<p>[vc_row full_width=&#8221;stretch_row&#8221; el_class=&#8221;produkter&#8221;][vc_column][vc_row_inner equal_height=&#8221;yes&#8221;][vc_column_inner offset=&#8221;vc_col-lg-6 vc_col-md-6 vc_col-xs-12&#8243;][vc_media_grid style=&#8221;pagination&#8221; items_per_page=&#8221;1&#8243; element_width=&#8221;12&#8243; gap=&#8221;20&#8243; arrows_design=&#8221;vc_arrow-icon-arrow_01_left&#8221; arrows_position=&#8221;outside&#8221; arrows_color=&#8221;black&#8221; paging_design=&#8221;none&#8221; loop=&#8221;yes&#8221; item=&#8221;2845&#8243; css=&#8221;&#8221; grid_id=&#8221;vc_gid:1770884465352-a2619724-16fc-9&#8243; include=&#8221;7512,7516,7520,7524&#8243;][\/vc_column_inner][vc_column_inner offset=&#8221;vc_col-lg-6 vc_col-md-6 vc_col-xs-12&#8243;][vc_column_text] BSV gripskopa f\u00f6r g\u00f6dningsmedel BSV griptyp AG 420 \u00e4r en grip med stor kapacitet f\u00f6r hantering av g\u00f6dningsmedel och djurstr\u00f6. Ut\u00f6ver att vara en gripskopa f\u00f6r g\u00f6dningsmedel kan den \u00e4ven anv\u00e4ndas f\u00f6r &#8230; <a title=\"F\u00f6r g\u00f6dningsmedel\" class=\"read-more\" href=\"https:\/\/bsv.dk\/sv\/hydrauliska-gripar\/ks-ii-gripskopa\/godselsgrep\/\" aria-label=\"Read more about F\u00f6r g\u00f6dningsmedel\">L\u00e4s mer<\/a><\/p>\n","protected":false},"author":1,"featured_media":0,"parent":6090,"menu_order":9,"comment_status":"closed","ping_status":"closed","template":"","meta":{"footnotes":""},"categories":[],"class_list":["post-6120","page","type-page","status-publish"],"yoast_head":"<!-- This site is optimized with the Yoast SEO plugin v27.5 - https:\/\/yoast.com\/product\/yoast-seo-wordpress\/ -->\n<title>F\u00f6r g\u00f6dningsmedel &#183; BSV<\/title>\n<meta name=\"robots\" content=\"index, follow, max-snippet:-1, max-image-preview:large, max-video-preview:-1\" \/>\n<link rel=\"canonical\" href=\"https:\/\/bsv.dk\/sv\/hydrauliska-gripar\/ks-ii-gripskopa\/godselsgrep\/\" \/>\n<meta property=\"og:locale\" content=\"sv_SE\" \/>\n<meta property=\"og:type\" content=\"article\" \/>\n<meta property=\"og:title\" content=\"F\u00f6r g\u00f6dningsmedel &#183; BSV\" \/>\n<meta property=\"og:description\" content=\"[vc_row full_width=&#8221;stretch_row&#8221; el_class=&#8221;produkter&#8221;][vc_column][vc_row_inner equal_height=&#8221;yes&#8221;][vc_column_inner offset=&#8221;vc_col-lg-6 vc_col-md-6 vc_col-xs-12&#8243;][vc_media_grid style=&#8221;pagination&#8221; items_per_page=&#8221;1&#8243; element_width=&#8221;12&#8243; gap=&#8221;20&#8243; arrows_design=&#8221;vc_arrow-icon-arrow_01_left&#8221; arrows_position=&#8221;outside&#8221; arrows_color=&#8221;black&#8221; paging_design=&#8221;none&#8221; loop=&#8221;yes&#8221; item=&#8221;2845&#8243; css=&#8221;&#8221; grid_id=&#8221;vc_gid:1770884465352-a2619724-16fc-9&#8243; include=&#8221;7512,7516,7520,7524&#8243;][\/vc_column_inner][vc_column_inner offset=&#8221;vc_col-lg-6 vc_col-md-6 vc_col-xs-12&#8243;][vc_column_text] BSV gripskopa f\u00f6r g\u00f6dningsmedel BSV griptyp AG 420 \u00e4r en grip med stor kapacitet f\u00f6r hantering av g\u00f6dningsmedel och djurstr\u00f6. Ut\u00f6ver att vara en gripskopa f\u00f6r g\u00f6dningsmedel kan den \u00e4ven anv\u00e4ndas f\u00f6r ... L\u00e4s mer\" \/>\n<meta property=\"og:url\" content=\"https:\/\/bsv.dk\/sv\/hydrauliska-gripar\/ks-ii-gripskopa\/godselsgrep\/\" \/>\n<meta property=\"og:site_name\" content=\"BSV\" \/>\n<meta property=\"article:modified_time\" content=\"2026-02-12T08:23:38+00:00\" \/>\n<meta name=\"twitter:card\" content=\"summary_large_image\" \/>\n<meta name=\"twitter:label1\" content=\"Est. reading time\" \/>\n\t<meta name=\"twitter:data1\" content=\"2 minutes\" \/>\n<script type=\"application\/ld+json\" class=\"yoast-schema-graph\">{\"@context\":\"https:\\\/\\\/schema.org\",\"@graph\":[{\"@type\":\"WebPage\",\"@id\":\"https:\\\/\\\/bsv.dk\\\/sv\\\/hydrauliska-gripar\\\/ks-ii-gripskopa\\\/godselsgrep\\\/\",\"url\":\"https:\\\/\\\/bsv.dk\\\/sv\\\/hydrauliska-gripar\\\/ks-ii-gripskopa\\\/godselsgrep\\\/\",\"name\":\"F\u00f6r g\u00f6dningsmedel &#183; BSV\",\"isPartOf\":{\"@id\":\"https:\\\/\\\/bsv.dk\\\/#website\"},\"datePublished\":\"2022-07-13T05:58:46+00:00\",\"dateModified\":\"2026-02-12T08:23:38+00:00\",\"breadcrumb\":{\"@id\":\"https:\\\/\\\/bsv.dk\\\/sv\\\/hydrauliska-gripar\\\/ks-ii-gripskopa\\\/godselsgrep\\\/#breadcrumb\"},\"inLanguage\":\"sv-SE\",\"potentialAction\":[{\"@type\":\"ReadAction\",\"target\":[\"https:\\\/\\\/bsv.dk\\\/sv\\\/hydrauliska-gripar\\\/ks-ii-gripskopa\\\/godselsgrep\\\/\"]}]},{\"@type\":\"BreadcrumbList\",\"@id\":\"https:\\\/\\\/bsv.dk\\\/sv\\\/hydrauliska-gripar\\\/ks-ii-gripskopa\\\/godselsgrep\\\/#breadcrumb\",\"itemListElement\":[{\"@type\":\"ListItem\",\"position\":1,\"name\":\"Hjem\",\"item\":\"https:\\\/\\\/bsv.dk\\\/sv\\\/vaelkommen\\\/\"},{\"@type\":\"ListItem\",\"position\":2,\"name\":\"Hydrauliska gripar\",\"item\":\"https:\\\/\\\/bsv.dk\\\/sv\\\/hydrauliska-gripar\\\/\"},{\"@type\":\"ListItem\",\"position\":3,\"name\":\"KSII gripskopa\",\"item\":\"https:\\\/\\\/bsv.dk\\\/sv\\\/hydrauliska-gripar\\\/ks-ii-gripskopa\\\/\"},{\"@type\":\"ListItem\",\"position\":4,\"name\":\"F\u00f6r g\u00f6dningsmedel\"}]},{\"@type\":\"WebSite\",\"@id\":\"https:\\\/\\\/bsv.dk\\\/#website\",\"url\":\"https:\\\/\\\/bsv.dk\\\/\",\"name\":\"BSV\",\"description\":\"L\u00f8fteudstyr og krantilbeh\u00f8r: K\u00f8b dit l\u00f8ftegrej og kran-udstyr\",\"publisher\":{\"@id\":\"https:\\\/\\\/bsv.dk\\\/#organization\"},\"potentialAction\":[{\"@type\":\"SearchAction\",\"target\":{\"@type\":\"EntryPoint\",\"urlTemplate\":\"https:\\\/\\\/bsv.dk\\\/?s={search_term_string}\"},\"query-input\":{\"@type\":\"PropertyValueSpecification\",\"valueRequired\":true,\"valueName\":\"search_term_string\"}}],\"inLanguage\":\"sv-SE\"},{\"@type\":\"Organization\",\"@id\":\"https:\\\/\\\/bsv.dk\\\/#organization\",\"name\":\"BSV\",\"url\":\"https:\\\/\\\/bsv.dk\\\/\",\"logo\":{\"@type\":\"ImageObject\",\"inLanguage\":\"sv-SE\",\"@id\":\"https:\\\/\\\/bsv.dk\\\/#\\\/schema\\\/logo\\\/image\\\/\",\"url\":\"https:\\\/\\\/bsv.dk\\\/wp-content\\\/uploads\\\/2022\\\/07\\\/bsv-logo.png\",\"contentUrl\":\"https:\\\/\\\/bsv.dk\\\/wp-content\\\/uploads\\\/2022\\\/07\\\/bsv-logo.png\",\"width\":594,\"height\":249,\"caption\":\"BSV\"},\"image\":{\"@id\":\"https:\\\/\\\/bsv.dk\\\/#\\\/schema\\\/logo\\\/image\\\/\"}}]}<\/script>\n<!-- \/ Yoast SEO plugin. -->","yoast_head_json":{"title":"F\u00f6r g\u00f6dningsmedel &#183; BSV","robots":{"index":"index","follow":"follow","max-snippet":"max-snippet:-1","max-image-preview":"max-image-preview:large","max-video-preview":"max-video-preview:-1"},"canonical":"https:\/\/bsv.dk\/sv\/hydrauliska-gripar\/ks-ii-gripskopa\/godselsgrep\/","og_locale":"sv_SE","og_type":"article","og_title":"F\u00f6r g\u00f6dningsmedel &#183; BSV","og_description":"[vc_row full_width=&#8221;stretch_row&#8221; el_class=&#8221;produkter&#8221;][vc_column][vc_row_inner equal_height=&#8221;yes&#8221;][vc_column_inner offset=&#8221;vc_col-lg-6 vc_col-md-6 vc_col-xs-12&#8243;][vc_media_grid style=&#8221;pagination&#8221; items_per_page=&#8221;1&#8243; element_width=&#8221;12&#8243; gap=&#8221;20&#8243; arrows_design=&#8221;vc_arrow-icon-arrow_01_left&#8221; arrows_position=&#8221;outside&#8221; arrows_color=&#8221;black&#8221; paging_design=&#8221;none&#8221; loop=&#8221;yes&#8221; item=&#8221;2845&#8243; css=&#8221;&#8221; grid_id=&#8221;vc_gid:1770884465352-a2619724-16fc-9&#8243; include=&#8221;7512,7516,7520,7524&#8243;][\/vc_column_inner][vc_column_inner offset=&#8221;vc_col-lg-6 vc_col-md-6 vc_col-xs-12&#8243;][vc_column_text] BSV gripskopa f\u00f6r g\u00f6dningsmedel BSV griptyp AG 420 \u00e4r en grip med stor kapacitet f\u00f6r hantering av g\u00f6dningsmedel och djurstr\u00f6. Ut\u00f6ver att vara en gripskopa f\u00f6r g\u00f6dningsmedel kan den \u00e4ven anv\u00e4ndas f\u00f6r ... L\u00e4s mer","og_url":"https:\/\/bsv.dk\/sv\/hydrauliska-gripar\/ks-ii-gripskopa\/godselsgrep\/","og_site_name":"BSV","article_modified_time":"2026-02-12T08:23:38+00:00","twitter_card":"summary_large_image","twitter_misc":{"Est. reading time":"2 minutes"},"schema":{"@context":"https:\/\/schema.org","@graph":[{"@type":"WebPage","@id":"https:\/\/bsv.dk\/sv\/hydrauliska-gripar\/ks-ii-gripskopa\/godselsgrep\/","url":"https:\/\/bsv.dk\/sv\/hydrauliska-gripar\/ks-ii-gripskopa\/godselsgrep\/","name":"F\u00f6r g\u00f6dningsmedel &#183; BSV","isPartOf":{"@id":"https:\/\/bsv.dk\/#website"},"datePublished":"2022-07-13T05:58:46+00:00","dateModified":"2026-02-12T08:23:38+00:00","breadcrumb":{"@id":"https:\/\/bsv.dk\/sv\/hydrauliska-gripar\/ks-ii-gripskopa\/godselsgrep\/#breadcrumb"},"inLanguage":"sv-SE","potentialAction":[{"@type":"ReadAction","target":["https:\/\/bsv.dk\/sv\/hydrauliska-gripar\/ks-ii-gripskopa\/godselsgrep\/"]}]},{"@type":"BreadcrumbList","@id":"https:\/\/bsv.dk\/sv\/hydrauliska-gripar\/ks-ii-gripskopa\/godselsgrep\/#breadcrumb","itemListElement":[{"@type":"ListItem","position":1,"name":"Hjem","item":"https:\/\/bsv.dk\/sv\/vaelkommen\/"},{"@type":"ListItem","position":2,"name":"Hydrauliska gripar","item":"https:\/\/bsv.dk\/sv\/hydrauliska-gripar\/"},{"@type":"ListItem","position":3,"name":"KSII gripskopa","item":"https:\/\/bsv.dk\/sv\/hydrauliska-gripar\/ks-ii-gripskopa\/"},{"@type":"ListItem","position":4,"name":"F\u00f6r g\u00f6dningsmedel"}]},{"@type":"WebSite","@id":"https:\/\/bsv.dk\/#website","url":"https:\/\/bsv.dk\/","name":"BSV","description":"L\u00f8fteudstyr og krantilbeh\u00f8r: K\u00f8b dit l\u00f8ftegrej og kran-udstyr","publisher":{"@id":"https:\/\/bsv.dk\/#organization"},"potentialAction":[{"@type":"SearchAction","target":{"@type":"EntryPoint","urlTemplate":"https:\/\/bsv.dk\/?s={search_term_string}"},"query-input":{"@type":"PropertyValueSpecification","valueRequired":true,"valueName":"search_term_string"}}],"inLanguage":"sv-SE"},{"@type":"Organization","@id":"https:\/\/bsv.dk\/#organization","name":"BSV","url":"https:\/\/bsv.dk\/","logo":{"@type":"ImageObject","inLanguage":"sv-SE","@id":"https:\/\/bsv.dk\/#\/schema\/logo\/image\/","url":"https:\/\/bsv.dk\/wp-content\/uploads\/2022\/07\/bsv-logo.png","contentUrl":"https:\/\/bsv.dk\/wp-content\/uploads\/2022\/07\/bsv-logo.png","width":594,"height":249,"caption":"BSV"},"image":{"@id":"https:\/\/bsv.dk\/#\/schema\/logo\/image\/"}}]}},"_links":{"self":[{"href":"https:\/\/bsv.dk\/sv\/wp-json\/wp\/v2\/pages\/6120","targetHints":{"allow":["GET"]}}],"collection":[{"href":"https:\/\/bsv.dk\/sv\/wp-json\/wp\/v2\/pages"}],"about":[{"href":"https:\/\/bsv.dk\/sv\/wp-json\/wp\/v2\/types\/page"}],"author":[{"embeddable":true,"href":"https:\/\/bsv.dk\/sv\/wp-json\/wp\/v2\/users\/1"}],"replies":[{"embeddable":true,"href":"https:\/\/bsv.dk\/sv\/wp-json\/wp\/v2\/comments?post=6120"}],"version-history":[{"count":9,"href":"https:\/\/bsv.dk\/sv\/wp-json\/wp\/v2\/pages\/6120\/revisions"}],"predecessor-version":[{"id":901906,"href":"https:\/\/bsv.dk\/sv\/wp-json\/wp\/v2\/pages\/6120\/revisions\/901906"}],"up":[{"embeddable":true,"href":"https:\/\/bsv.dk\/sv\/wp-json\/wp\/v2\/pages\/6090"}],"wp:attachment":[{"href":"https:\/\/bsv.dk\/sv\/wp-json\/wp\/v2\/media?parent=6120"}],"wp:term":[{"taxonomy":"category","embeddable":true,"href":"https:\/\/bsv.dk\/sv\/wp-json\/wp\/v2\/categories?post=6120"}],"curies":[{"name":"wp","href":"https:\/\/api.w.org\/{rel}","templated":true}]}}