{"id":6119,"date":"2022-07-13T07:29:12","date_gmt":"2022-07-13T05:29:12","guid":{"rendered":"https:\/\/bsv.dk\/elhydraulik\/"},"modified":"2023-11-27T10:21:43","modified_gmt":"2023-11-27T09:21:43","slug":"elhydraulik","status":"publish","type":"page","link":"https:\/\/bsv.dk\/sv\/elhydraulik\/","title":{"rendered":"Elektrisk hydraulik"},"content":{"rendered":"<div class=\"wpb-content-wrapper\"><p>[vc_row full_width=&#8221;stretch_row_content_no_spaces&#8221;][vc_column]\t\t\t<!-- START engelskversionsliderhydra REVOLUTION SLIDER 6.6.16 --><p class=\"rs-p-wp-fix\"><\/p>\t\t\t<rs-module-wrap id=\"rev_slider_11_1_wrapper\" data-source=\"gallery\" style=\"visibility:hidden;background:transparent;padding:0px;margin:0px auto;margin-top:0;margin-bottom:0;max-width:none;\">\t\t\t\t<rs-module id=\"rev_slider_11_1\" style=\"\" data-version=\"6.6.16\">\t\t\t\t\t<rs-slides style=\"overflow: hidden; position: absolute;\">\t\t\t\t\t\t<rs-slide style=\"position: absolute;\" data-key=\"rs-109\" data-title=\"Slide\" data-in=\"o:0;\" data-out=\"a:false;\">\t\t\t\t\t\t\t<img decoding=\"async\" src=\"\/\/bsv.dk\/wp-content\/plugins\/revslider\/public\/assets\/assets\/dummy.png\" alt=\"\" title=\"Elektrisk hydraulik\" class=\"rev-slidebg tp-rs-img rs-lazyload\" data-lazyload=\"\/\/bsv.dk\/wp-content\/plugins\/revslider\/public\/assets\/assets\/transparent.png\" data-no-retina>\t\t\t\t\t\t\t<rs-bgvideo \t\t\t\t\t\t\t\tdata-video=\"vc:none;w:100%;h:100%;nse:false;l:true;ptimer:false;\"\t\t\t\t\t\t\t\tdata-vimeoid=\"887553585\"\t\t\t\t\t\t\t\tdata-vatr=\"background=1&amp;title=0&amp;byline=0&amp;portrait=0&amp;api=1\"\t\t\t\t\t\t\t><\/rs-bgvideo><!---->\t\t\t\t\t\t<\/rs-slide>\t\t\t\t\t<\/rs-slides>\t\t\t\t\t<rs-static-layers><!--\t\t\t\t\t--><\/rs-static-layers>\t\t\t\t<\/rs-module>\t\t\t\t<script>\t\t\t\t\tsetREVStartSize({c: 'rev_slider_11_1',rl:[1240,1024,778,768],el:[860],gw:[1290],gh:[860],type:'standard',justify:'',layout:'fullwidth',mh:\"600px\"});if (window.RS_MODULES!==undefined && window.RS_MODULES.modules!==undefined && window.RS_MODULES.modules[\"revslider111\"]!==undefined) {window.RS_MODULES.modules[\"revslider111\"].once = false;window.revapi11 = undefined;if (window.RS_MODULES.checkMinimal!==undefined) window.RS_MODULES.checkMinimal()}\t\t\t\t<\/script>\t\t\t<\/rs-module-wrap>\t\t\t<!-- END REVOLUTION SLIDER -->[\/vc_column][\/vc_row][vc_row full_width=&#8221;stretch_row&#8221;][vc_column]<div class=\"ult-spacer spacer-69f017208bdee\" data-id=\"69f017208bdee\" data-height=\"90\" data-height-mobile=\"60\" data-height-tab=\"90\" data-height-tab-portrait=\"60\" data-height-mobile-landscape=\"60\" style=\"clear:both;display:block;\"><\/div>[vc_row_inner][vc_column_inner offset=&#8221;vc_col-lg-8 vc_col-md-8 vc_col-xs-12&#8243;][vc_column_text]<\/p>\n<h1>Elektrisk hydraulik<\/h1>\n<p>BSV elektrohydrauliska gripar har utvecklats och designats f\u00f6r anv\u00e4ndning inom Waste-To-Energy-sektorn f\u00f6r hantering av avfall, biomassa, flis och liknande material.<\/p>\n<p>BSV elektrohydrauliska gripar erbjuds med ett urval av automatiska eller manuella funktioner.<\/p>\n<p>F\u00f6r att ge maximal styrka och drifts\u00e4kerhet tillverkas BSV elektrohydrauliska gripar av h\u00f6gh\u00e5llfast st\u00e5l. Griparna \u00e4r utrustade med testade och godk\u00e4nda hydrauliska komponenter av h\u00f6gsta kvalitet.<\/p>\n<p>BSV:s elektrohydrauliska gripar levereras \u00e4ven som EX-versioner med \u00f6verensst\u00e4mmelse med ATEX-lagstiftningen om elektriska komponenter.<\/p>\n<p>Alla BSV gripdon \u00e4r som standard utrustade med:<\/p>\n<ul>\n<li>Komplett hydraulsystem (inkl. olja, pump och ventiler<\/li>\n<li>Flerkontakt<\/li>\n<li>Elmotor (3 x 400 V, 50 Hz) eller anpassad drift till landets elf\u00f6rs\u00f6rjning<\/li>\n<li>\u00d6verrullningsbrytare<\/li>\n<li>Oljetemperaturbrytare<\/li>\n<li>Oljeniv\u00e5brytare<\/li>\n<\/ul>\n<p>Standardmodeller kan anpassas till speciella anv\u00e4ndningsomr\u00e5den och individuella krav fr\u00e5n kunder.<\/p>\n<p>BSV erbjuder ett urval av b\u00e5de polygrabb och spadegrip f\u00f6r hantering av material som avfall, flis, biomassa, slam, slagg, granulerad is, salt och liknande.<br \/>\nBSV tillverkar \u00e4ven gripdon f\u00f6r hantering av halmbalar, b\u00e5de enkla, dubbla eller upp till 12. vid en tid.<\/p>\n<p>[\/vc_column_text]<div class=\"ult-spacer spacer-69f017208be1d\" data-id=\"69f017208be1d\" data-height=\"0\" data-height-mobile=\"30\" data-height-tab=\"0\" data-height-tab-portrait=\"30\" data-height-mobile-landscape=\"30\" style=\"clear:both;display:block;\"><\/div>[\/vc_column_inner][vc_column_inner offset=&#8221;vc_col-lg-4 vc_col-md-4 vc_col-xs-12&#8243;][vc_wp_custommenu nav_menu=&#8221;18&#8243; el_class=&#8221;contact-sidebar&#8221;][\/vc_column_inner][\/vc_row_inner]<div class=\"ult-spacer spacer-69f017208be3d\" data-id=\"69f017208be3d\" data-height=\"90\" data-height-mobile=\"60\" data-height-tab=\"90\" data-height-tab-portrait=\"60\" data-height-mobile-landscape=\"60\" style=\"clear:both;display:block;\"><\/div>[\/vc_column][\/vc_row][vc_row full_width=&#8221;stretch_row&#8221;][vc_column][vc_basic_grid post_type=&#8221;post&#8221; max_items=&#8221;-1&#8243; item=&#8221;2938&#8243; grid_id=&#8221;vc_gid:1701076897610-d93547a5-148a-2&#8243; taxonomies=&#8221;13371347&#8243;]<div class=\"ult-spacer spacer-69f017208be5a\" data-id=\"69f017208be5a\" data-height=\"90\" data-height-mobile=\"60\" data-height-tab=\"90\" data-height-tab-portrait=\"60\" data-height-mobile-landscape=\"60\" style=\"clear:both;display:block;\"><\/div>[\/vc_column][\/vc_row]<\/p>\n<\/div>","protected":false},"excerpt":{"rendered":"<p>[vc_row full_width=&#8221;stretch_row_content_no_spaces&#8221;][vc_column][\/vc_column][\/vc_row][vc_row full_width=&#8221;stretch_row&#8221;][vc_column][vc_row_inner][vc_column_inner offset=&#8221;vc_col-lg-8 vc_col-md-8 vc_col-xs-12&#8243;][vc_column_text] Elektrisk hydraulik BSV elektrohydrauliska gripar har utvecklats och designats f\u00f6r anv\u00e4ndning inom Waste-To-Energy-sektorn f\u00f6r hantering av avfall, biomassa, flis och liknande material. BSV elektrohydrauliska gripar erbjuds med ett urval av automatiska eller manuella funktioner. F\u00f6r att ge maximal styrka och drifts\u00e4kerhet tillverkas BSV elektrohydrauliska gripar av h\u00f6gh\u00e5llfast st\u00e5l. Griparna &#8230; <a title=\"Elektrisk hydraulik\" class=\"read-more\" href=\"https:\/\/bsv.dk\/sv\/elhydraulik\/\" aria-label=\"Read more about Elektrisk hydraulik\">L\u00e4s mer<\/a><\/p>\n","protected":false},"author":1,"featured_media":0,"parent":0,"menu_order":0,"comment_status":"closed","ping_status":"closed","template":"","meta":{"footnotes":""},"categories":[],"class_list":["post-6119","page","type-page","status-publish"],"yoast_head":"<!-- This site is optimized with the Yoast SEO plugin v27.4 - https:\/\/yoast.com\/product\/yoast-seo-wordpress\/ -->\n<title>Elektrisk hydraulik &#183; BSV<\/title>\n<meta name=\"robots\" content=\"index, follow, max-snippet:-1, max-image-preview:large, max-video-preview:-1\" \/>\n<link rel=\"canonical\" href=\"https:\/\/bsv.dk\/sv\/elhydraulik\/\" \/>\n<meta property=\"og:locale\" content=\"sv_SE\" \/>\n<meta property=\"og:type\" content=\"article\" \/>\n<meta property=\"og:title\" content=\"Elektrisk hydraulik &#183; BSV\" \/>\n<meta property=\"og:description\" content=\"[vc_row full_width=&#8221;stretch_row_content_no_spaces&#8221;][vc_column][\/vc_column][\/vc_row][vc_row full_width=&#8221;stretch_row&#8221;][vc_column][vc_row_inner][vc_column_inner offset=&#8221;vc_col-lg-8 vc_col-md-8 vc_col-xs-12&#8243;][vc_column_text] Elektrisk hydraulik BSV elektrohydrauliska gripar har utvecklats och designats f\u00f6r anv\u00e4ndning inom Waste-To-Energy-sektorn f\u00f6r hantering av avfall, biomassa, flis och liknande material. BSV elektrohydrauliska gripar erbjuds med ett urval av automatiska eller manuella funktioner. F\u00f6r att ge maximal styrka och drifts\u00e4kerhet tillverkas BSV elektrohydrauliska gripar av h\u00f6gh\u00e5llfast st\u00e5l. Griparna ... L\u00e4s mer\" \/>\n<meta property=\"og:url\" content=\"https:\/\/bsv.dk\/sv\/elhydraulik\/\" \/>\n<meta property=\"og:site_name\" content=\"BSV\" \/>\n<meta property=\"article:modified_time\" content=\"2023-11-27T09:21:43+00:00\" \/>\n<meta name=\"twitter:card\" content=\"summary_large_image\" \/>\n<meta name=\"twitter:label1\" content=\"Est. reading time\" \/>\n\t<meta name=\"twitter:data1\" content=\"2 minutes\" \/>\n<script type=\"application\/ld+json\" class=\"yoast-schema-graph\">{\"@context\":\"https:\\\/\\\/schema.org\",\"@graph\":[{\"@type\":\"WebPage\",\"@id\":\"https:\\\/\\\/bsv.dk\\\/sv\\\/elhydraulik\\\/\",\"url\":\"https:\\\/\\\/bsv.dk\\\/sv\\\/elhydraulik\\\/\",\"name\":\"Elektrisk hydraulik &#183; BSV\",\"isPartOf\":{\"@id\":\"https:\\\/\\\/bsv.dk\\\/#website\"},\"datePublished\":\"2022-07-13T05:29:12+00:00\",\"dateModified\":\"2023-11-27T09:21:43+00:00\",\"breadcrumb\":{\"@id\":\"https:\\\/\\\/bsv.dk\\\/sv\\\/elhydraulik\\\/#breadcrumb\"},\"inLanguage\":\"sv-SE\",\"potentialAction\":[{\"@type\":\"ReadAction\",\"target\":[\"https:\\\/\\\/bsv.dk\\\/sv\\\/elhydraulik\\\/\"]}]},{\"@type\":\"BreadcrumbList\",\"@id\":\"https:\\\/\\\/bsv.dk\\\/sv\\\/elhydraulik\\\/#breadcrumb\",\"itemListElement\":[{\"@type\":\"ListItem\",\"position\":1,\"name\":\"Hjem\",\"item\":\"https:\\\/\\\/bsv.dk\\\/sv\\\/vaelkommen\\\/\"},{\"@type\":\"ListItem\",\"position\":2,\"name\":\"Elektrisk hydraulik\"}]},{\"@type\":\"WebSite\",\"@id\":\"https:\\\/\\\/bsv.dk\\\/#website\",\"url\":\"https:\\\/\\\/bsv.dk\\\/\",\"name\":\"BSV\",\"description\":\"L\u00f8fteudstyr og krantilbeh\u00f8r: K\u00f8b dit l\u00f8ftegrej og kran-udstyr\",\"publisher\":{\"@id\":\"https:\\\/\\\/bsv.dk\\\/#organization\"},\"potentialAction\":[{\"@type\":\"SearchAction\",\"target\":{\"@type\":\"EntryPoint\",\"urlTemplate\":\"https:\\\/\\\/bsv.dk\\\/?s={search_term_string}\"},\"query-input\":{\"@type\":\"PropertyValueSpecification\",\"valueRequired\":true,\"valueName\":\"search_term_string\"}}],\"inLanguage\":\"sv-SE\"},{\"@type\":\"Organization\",\"@id\":\"https:\\\/\\\/bsv.dk\\\/#organization\",\"name\":\"BSV\",\"url\":\"https:\\\/\\\/bsv.dk\\\/\",\"logo\":{\"@type\":\"ImageObject\",\"inLanguage\":\"sv-SE\",\"@id\":\"https:\\\/\\\/bsv.dk\\\/#\\\/schema\\\/logo\\\/image\\\/\",\"url\":\"https:\\\/\\\/bsv.dk\\\/wp-content\\\/uploads\\\/2022\\\/07\\\/bsv-logo.png\",\"contentUrl\":\"https:\\\/\\\/bsv.dk\\\/wp-content\\\/uploads\\\/2022\\\/07\\\/bsv-logo.png\",\"width\":594,\"height\":249,\"caption\":\"BSV\"},\"image\":{\"@id\":\"https:\\\/\\\/bsv.dk\\\/#\\\/schema\\\/logo\\\/image\\\/\"}}]}<\/script>\n<!-- \/ Yoast SEO plugin. -->","yoast_head_json":{"title":"Elektrisk hydraulik &#183; BSV","robots":{"index":"index","follow":"follow","max-snippet":"max-snippet:-1","max-image-preview":"max-image-preview:large","max-video-preview":"max-video-preview:-1"},"canonical":"https:\/\/bsv.dk\/sv\/elhydraulik\/","og_locale":"sv_SE","og_type":"article","og_title":"Elektrisk hydraulik &#183; BSV","og_description":"[vc_row full_width=&#8221;stretch_row_content_no_spaces&#8221;][vc_column][\/vc_column][\/vc_row][vc_row full_width=&#8221;stretch_row&#8221;][vc_column][vc_row_inner][vc_column_inner offset=&#8221;vc_col-lg-8 vc_col-md-8 vc_col-xs-12&#8243;][vc_column_text] Elektrisk hydraulik BSV elektrohydrauliska gripar har utvecklats och designats f\u00f6r anv\u00e4ndning inom Waste-To-Energy-sektorn f\u00f6r hantering av avfall, biomassa, flis och liknande material. BSV elektrohydrauliska gripar erbjuds med ett urval av automatiska eller manuella funktioner. F\u00f6r att ge maximal styrka och drifts\u00e4kerhet tillverkas BSV elektrohydrauliska gripar av h\u00f6gh\u00e5llfast st\u00e5l. Griparna ... L\u00e4s mer","og_url":"https:\/\/bsv.dk\/sv\/elhydraulik\/","og_site_name":"BSV","article_modified_time":"2023-11-27T09:21:43+00:00","twitter_card":"summary_large_image","twitter_misc":{"Est. reading time":"2 minutes"},"schema":{"@context":"https:\/\/schema.org","@graph":[{"@type":"WebPage","@id":"https:\/\/bsv.dk\/sv\/elhydraulik\/","url":"https:\/\/bsv.dk\/sv\/elhydraulik\/","name":"Elektrisk hydraulik &#183; BSV","isPartOf":{"@id":"https:\/\/bsv.dk\/#website"},"datePublished":"2022-07-13T05:29:12+00:00","dateModified":"2023-11-27T09:21:43+00:00","breadcrumb":{"@id":"https:\/\/bsv.dk\/sv\/elhydraulik\/#breadcrumb"},"inLanguage":"sv-SE","potentialAction":[{"@type":"ReadAction","target":["https:\/\/bsv.dk\/sv\/elhydraulik\/"]}]},{"@type":"BreadcrumbList","@id":"https:\/\/bsv.dk\/sv\/elhydraulik\/#breadcrumb","itemListElement":[{"@type":"ListItem","position":1,"name":"Hjem","item":"https:\/\/bsv.dk\/sv\/vaelkommen\/"},{"@type":"ListItem","position":2,"name":"Elektrisk hydraulik"}]},{"@type":"WebSite","@id":"https:\/\/bsv.dk\/#website","url":"https:\/\/bsv.dk\/","name":"BSV","description":"L\u00f8fteudstyr og krantilbeh\u00f8r: K\u00f8b dit l\u00f8ftegrej og kran-udstyr","publisher":{"@id":"https:\/\/bsv.dk\/#organization"},"potentialAction":[{"@type":"SearchAction","target":{"@type":"EntryPoint","urlTemplate":"https:\/\/bsv.dk\/?s={search_term_string}"},"query-input":{"@type":"PropertyValueSpecification","valueRequired":true,"valueName":"search_term_string"}}],"inLanguage":"sv-SE"},{"@type":"Organization","@id":"https:\/\/bsv.dk\/#organization","name":"BSV","url":"https:\/\/bsv.dk\/","logo":{"@type":"ImageObject","inLanguage":"sv-SE","@id":"https:\/\/bsv.dk\/#\/schema\/logo\/image\/","url":"https:\/\/bsv.dk\/wp-content\/uploads\/2022\/07\/bsv-logo.png","contentUrl":"https:\/\/bsv.dk\/wp-content\/uploads\/2022\/07\/bsv-logo.png","width":594,"height":249,"caption":"BSV"},"image":{"@id":"https:\/\/bsv.dk\/#\/schema\/logo\/image\/"}}]}},"_links":{"self":[{"href":"https:\/\/bsv.dk\/sv\/wp-json\/wp\/v2\/pages\/6119","targetHints":{"allow":["GET"]}}],"collection":[{"href":"https:\/\/bsv.dk\/sv\/wp-json\/wp\/v2\/pages"}],"about":[{"href":"https:\/\/bsv.dk\/sv\/wp-json\/wp\/v2\/types\/page"}],"author":[{"embeddable":true,"href":"https:\/\/bsv.dk\/sv\/wp-json\/wp\/v2\/users\/1"}],"replies":[{"embeddable":true,"href":"https:\/\/bsv.dk\/sv\/wp-json\/wp\/v2\/comments?post=6119"}],"version-history":[{"count":11,"href":"https:\/\/bsv.dk\/sv\/wp-json\/wp\/v2\/pages\/6119\/revisions"}],"predecessor-version":[{"id":900551,"href":"https:\/\/bsv.dk\/sv\/wp-json\/wp\/v2\/pages\/6119\/revisions\/900551"}],"wp:attachment":[{"href":"https:\/\/bsv.dk\/sv\/wp-json\/wp\/v2\/media?parent=6119"}],"wp:term":[{"taxonomy":"category","embeddable":true,"href":"https:\/\/bsv.dk\/sv\/wp-json\/wp\/v2\/categories?post=6119"}],"curies":[{"name":"wp","href":"https:\/\/api.w.org\/{rel}","templated":true}]}}