{"id":6088,"date":"2022-07-13T07:27:50","date_gmt":"2022-07-13T05:27:50","guid":{"rendered":"https:\/\/bsv.dk\/hydrauliska-gripar\/"},"modified":"2023-06-06T15:22:46","modified_gmt":"2023-06-06T13:22:46","slug":"hydrauliska-gripar","status":"publish","type":"page","link":"https:\/\/bsv.dk\/sv\/hydrauliska-gripar\/","title":{"rendered":"Hydrauliska gripar"},"content":{"rendered":"<div class=\"wpb-content-wrapper\"><p>[vc_row full_width=&#8221;stretch_row&#8221;][vc_column]<div class=\"ult-spacer spacer-69f1ed4d9a684\" data-id=\"69f1ed4d9a684\" data-height=\"90\" data-height-mobile=\"60\" data-height-tab=\"90\" data-height-tab-portrait=\"60\" data-height-mobile-landscape=\"60\" style=\"clear:both;display:block;\"><\/div>[vc_row_inner][vc_column_inner offset=&#8221;vc_col-lg-8 vc_col-md-8 vc_col-xs-12&#8243;][vc_column_text]<\/p>\n<h1>Hydrauklisk grip f\u00f6r kran<\/h1>\n<p>Hos BSV Krantilbeh\u00f8r s\u00e4ljer vi tv\u00e5 huvudserier med gripar f\u00f6r kranar, KS-gripar och Combi-gripar. Vi har designat och tillverkat kran- och lyfttillbeh\u00f6r med h\u00f6g kvalitet i m\u00e5nga \u00e5r och v\u00e5ra gripar f\u00f6r kranar \u00e4r robusta och slitstarka med l\u00e5ng h\u00e5llbarhet, n\u00e5got som v\u00e5ra kunder uppskattar.<\/p>\n<p><strong>KS II-gripen<\/strong> \u00e4r avsedd f\u00f6r stora kranar och tillverkas i mycket slitstarka material och \u00e4r utrustad med kraftiga axlar och lager.<\/p>\n<p>KS-griparna fr\u00e5n BSV \u00e4r utrustade med inbyggd backventil internt i cylindern som g\u00f6r att lasten h\u00e5lls fast \u00e4ven vid slangbrott p\u00e5 kranen.<\/p>\n<p>Den h\u00e4r gripen ing\u00e5r i en serie robusta skopor med fokus p\u00e5 entreprenadk\u00f6rning. L\u00e4s mer om KS-gripen och dess tekniska specifikationer genom att klicka\u00a0<a href=\"https:\/\/bsv.dk\/sv\/hydrauliska-gripar\/ks-ii-gripskopa\/\">h\u00e4r<\/a>.<\/p>\n<p><strong>Combigripen<\/strong> passar i synnerhet f\u00f6r anv\u00e4ndning tillsammans med mindre kranar och kan anv\u00e4ndas f\u00f6r de flesta \u00e4ndam\u00e5l. Combigripen kan ha olika redskapsutf\u00f6randen beroende p\u00e5 arbetsuppgiften. L\u00e4s mer om Combigripen och dess tekniska specifikationer genom att klicka\u00a0<a href=\"https:\/\/bsv.dk\/sv\/hydrauliska-gripar\/combi-gripskopa\/\">h\u00e4r<\/a>.<\/p>\n<p>Oavsett om du beh\u00f6ver en grip f\u00f6r standardkran, en k\u00f6rpl\u00e5tsgrip, spannm\u00e5lsskopa, g\u00f6dselskopa eller en kundanpassad l\u00f6sning st\u00e5r vi redo att ge r\u00e5d och hj\u00e4lpa till.<\/p>\n<p>Vi vill g\u00e4rna h\u00f6ra fr\u00e5n dig om du har funderingar \u00f6ver n\u00e5gon av v\u00e5ra produkter. Kontakta oss g\u00e4rna om det finns fr\u00e5gor kring konfigureringen av er grip f\u00f6r kran eller om ni bara har tekniska fr\u00e5gor.<\/p>\n<p>Ni n\u00e5r oss p\u00e5\u00a0<a href=\"tfn:75362122\">(+45) 75 36 21 22<\/a>\u00a0eller via v\u00e5rt kontaktformul\u00e4r online genom att\u00a0<a href=\"https:\/\/bsv.dk\/sv\/kontakt\/\">klicka h\u00e4r<\/a>.[\/vc_column_text]<div class=\"ult-spacer spacer-69f1ed4d9a6c8\" data-id=\"69f1ed4d9a6c8\" data-height=\"0\" data-height-mobile=\"30\" data-height-tab=\"0\" data-height-tab-portrait=\"30\" data-height-mobile-landscape=\"30\" style=\"clear:both;display:block;\"><\/div>[\/vc_column_inner][vc_column_inner offset=&#8221;vc_col-lg-4 vc_col-md-4 vc_col-xs-12&#8243;][vc_wp_custommenu nav_menu=&#8221;14&#8243; el_class=&#8221;contact-sidebar&#8221;][\/vc_column_inner][\/vc_row_inner]<div class=\"ult-spacer spacer-69f1ed4d9a6ea\" data-id=\"69f1ed4d9a6ea\" data-height=\"90\" data-height-mobile=\"60\" data-height-tab=\"90\" data-height-tab-portrait=\"60\" data-height-mobile-landscape=\"60\" style=\"clear:both;display:block;\"><\/div>[\/vc_column][\/vc_row][vc_row full_width=&#8221;stretch_row&#8221;][vc_column][vc_basic_grid post_type=&#8221;post&#8221; max_items=&#8221;-1&#8243; item=&#8221;2938&#8243; grid_id=&#8221;vc_gid:1686057504285-e1b7ba94-3da0-5&#8243; taxonomies=&#8221;13371344&#8243;]<div class=\"ult-spacer spacer-69f1ed4d9a708\" data-id=\"69f1ed4d9a708\" data-height=\"90\" data-height-mobile=\"60\" data-height-tab=\"90\" data-height-tab-portrait=\"60\" data-height-mobile-landscape=\"60\" style=\"clear:both;display:block;\"><\/div>[\/vc_column][\/vc_row]<\/p>\n<\/div>","protected":false},"excerpt":{"rendered":"<p>[vc_row full_width=&#8221;stretch_row&#8221;][vc_column][vc_row_inner][vc_column_inner offset=&#8221;vc_col-lg-8 vc_col-md-8 vc_col-xs-12&#8243;][vc_column_text] Hydrauklisk grip f\u00f6r kran Hos BSV Krantilbeh\u00f8r s\u00e4ljer vi tv\u00e5 huvudserier med gripar f\u00f6r kranar, KS-gripar och Combi-gripar. Vi har designat och tillverkat kran- och lyfttillbeh\u00f6r med h\u00f6g kvalitet i m\u00e5nga \u00e5r och v\u00e5ra gripar f\u00f6r kranar \u00e4r robusta och slitstarka med l\u00e5ng h\u00e5llbarhet, n\u00e5got som v\u00e5ra kunder uppskattar. KS &#8230; <a title=\"Hydrauliska gripar\" class=\"read-more\" href=\"https:\/\/bsv.dk\/sv\/hydrauliska-gripar\/\" aria-label=\"Read more about Hydrauliska gripar\">L\u00e4s mer<\/a><\/p>\n","protected":false},"author":1,"featured_media":0,"parent":0,"menu_order":0,"comment_status":"closed","ping_status":"closed","template":"","meta":{"footnotes":""},"categories":[50],"class_list":{"0":"post-6088","1":"page","2":"type-page","3":"status-publish","5":"category-hydraulisk-sv"},"yoast_head":"<!-- This site is optimized with the Yoast SEO plugin v27.4 - https:\/\/yoast.com\/product\/yoast-seo-wordpress\/ -->\n<title>Hydrauliska gripar &#183; BSV<\/title>\n<meta name=\"robots\" content=\"index, follow, max-snippet:-1, max-image-preview:large, max-video-preview:-1\" \/>\n<link rel=\"canonical\" href=\"https:\/\/bsv.dk\/sv\/hydrauliska-gripar\/\" \/>\n<meta property=\"og:locale\" content=\"sv_SE\" \/>\n<meta property=\"og:type\" content=\"article\" \/>\n<meta property=\"og:title\" content=\"Hydrauliska gripar &#183; BSV\" \/>\n<meta property=\"og:description\" content=\"[vc_row full_width=&#8221;stretch_row&#8221;][vc_column][vc_row_inner][vc_column_inner offset=&#8221;vc_col-lg-8 vc_col-md-8 vc_col-xs-12&#8243;][vc_column_text] Hydrauklisk grip f\u00f6r kran Hos BSV Krantilbeh\u00f8r s\u00e4ljer vi tv\u00e5 huvudserier med gripar f\u00f6r kranar, KS-gripar och Combi-gripar. Vi har designat och tillverkat kran- och lyfttillbeh\u00f6r med h\u00f6g kvalitet i m\u00e5nga \u00e5r och v\u00e5ra gripar f\u00f6r kranar \u00e4r robusta och slitstarka med l\u00e5ng h\u00e5llbarhet, n\u00e5got som v\u00e5ra kunder uppskattar. KS ... L\u00e4s mer\" \/>\n<meta property=\"og:url\" content=\"https:\/\/bsv.dk\/sv\/hydrauliska-gripar\/\" \/>\n<meta property=\"og:site_name\" content=\"BSV\" \/>\n<meta property=\"article:modified_time\" content=\"2023-06-06T13:22:46+00:00\" \/>\n<meta name=\"twitter:card\" content=\"summary_large_image\" \/>\n<meta name=\"twitter:label1\" content=\"Est. reading time\" \/>\n\t<meta name=\"twitter:data1\" content=\"2 minutes\" \/>\n<script type=\"application\/ld+json\" class=\"yoast-schema-graph\">{\"@context\":\"https:\\\/\\\/schema.org\",\"@graph\":[{\"@type\":\"WebPage\",\"@id\":\"https:\\\/\\\/bsv.dk\\\/sv\\\/hydrauliska-gripar\\\/\",\"url\":\"https:\\\/\\\/bsv.dk\\\/sv\\\/hydrauliska-gripar\\\/\",\"name\":\"Hydrauliska gripar &#183; BSV\",\"isPartOf\":{\"@id\":\"https:\\\/\\\/bsv.dk\\\/#website\"},\"datePublished\":\"2022-07-13T05:27:50+00:00\",\"dateModified\":\"2023-06-06T13:22:46+00:00\",\"breadcrumb\":{\"@id\":\"https:\\\/\\\/bsv.dk\\\/sv\\\/hydrauliska-gripar\\\/#breadcrumb\"},\"inLanguage\":\"sv-SE\",\"potentialAction\":[{\"@type\":\"ReadAction\",\"target\":[\"https:\\\/\\\/bsv.dk\\\/sv\\\/hydrauliska-gripar\\\/\"]}]},{\"@type\":\"BreadcrumbList\",\"@id\":\"https:\\\/\\\/bsv.dk\\\/sv\\\/hydrauliska-gripar\\\/#breadcrumb\",\"itemListElement\":[{\"@type\":\"ListItem\",\"position\":1,\"name\":\"Hjem\",\"item\":\"https:\\\/\\\/bsv.dk\\\/sv\\\/vaelkommen\\\/\"},{\"@type\":\"ListItem\",\"position\":2,\"name\":\"Hydrauliska gripar\"}]},{\"@type\":\"WebSite\",\"@id\":\"https:\\\/\\\/bsv.dk\\\/#website\",\"url\":\"https:\\\/\\\/bsv.dk\\\/\",\"name\":\"BSV\",\"description\":\"L\u00f8fteudstyr og krantilbeh\u00f8r: K\u00f8b dit l\u00f8ftegrej og kran-udstyr\",\"publisher\":{\"@id\":\"https:\\\/\\\/bsv.dk\\\/#organization\"},\"potentialAction\":[{\"@type\":\"SearchAction\",\"target\":{\"@type\":\"EntryPoint\",\"urlTemplate\":\"https:\\\/\\\/bsv.dk\\\/?s={search_term_string}\"},\"query-input\":{\"@type\":\"PropertyValueSpecification\",\"valueRequired\":true,\"valueName\":\"search_term_string\"}}],\"inLanguage\":\"sv-SE\"},{\"@type\":\"Organization\",\"@id\":\"https:\\\/\\\/bsv.dk\\\/#organization\",\"name\":\"BSV\",\"url\":\"https:\\\/\\\/bsv.dk\\\/\",\"logo\":{\"@type\":\"ImageObject\",\"inLanguage\":\"sv-SE\",\"@id\":\"https:\\\/\\\/bsv.dk\\\/#\\\/schema\\\/logo\\\/image\\\/\",\"url\":\"https:\\\/\\\/bsv.dk\\\/wp-content\\\/uploads\\\/2022\\\/07\\\/bsv-logo.png\",\"contentUrl\":\"https:\\\/\\\/bsv.dk\\\/wp-content\\\/uploads\\\/2022\\\/07\\\/bsv-logo.png\",\"width\":594,\"height\":249,\"caption\":\"BSV\"},\"image\":{\"@id\":\"https:\\\/\\\/bsv.dk\\\/#\\\/schema\\\/logo\\\/image\\\/\"}}]}<\/script>\n<!-- \/ Yoast SEO plugin. -->","yoast_head_json":{"title":"Hydrauliska gripar &#183; BSV","robots":{"index":"index","follow":"follow","max-snippet":"max-snippet:-1","max-image-preview":"max-image-preview:large","max-video-preview":"max-video-preview:-1"},"canonical":"https:\/\/bsv.dk\/sv\/hydrauliska-gripar\/","og_locale":"sv_SE","og_type":"article","og_title":"Hydrauliska gripar &#183; BSV","og_description":"[vc_row full_width=&#8221;stretch_row&#8221;][vc_column][vc_row_inner][vc_column_inner offset=&#8221;vc_col-lg-8 vc_col-md-8 vc_col-xs-12&#8243;][vc_column_text] Hydrauklisk grip f\u00f6r kran Hos BSV Krantilbeh\u00f8r s\u00e4ljer vi tv\u00e5 huvudserier med gripar f\u00f6r kranar, KS-gripar och Combi-gripar. Vi har designat och tillverkat kran- och lyfttillbeh\u00f6r med h\u00f6g kvalitet i m\u00e5nga \u00e5r och v\u00e5ra gripar f\u00f6r kranar \u00e4r robusta och slitstarka med l\u00e5ng h\u00e5llbarhet, n\u00e5got som v\u00e5ra kunder uppskattar. KS ... L\u00e4s mer","og_url":"https:\/\/bsv.dk\/sv\/hydrauliska-gripar\/","og_site_name":"BSV","article_modified_time":"2023-06-06T13:22:46+00:00","twitter_card":"summary_large_image","twitter_misc":{"Est. reading time":"2 minutes"},"schema":{"@context":"https:\/\/schema.org","@graph":[{"@type":"WebPage","@id":"https:\/\/bsv.dk\/sv\/hydrauliska-gripar\/","url":"https:\/\/bsv.dk\/sv\/hydrauliska-gripar\/","name":"Hydrauliska gripar &#183; BSV","isPartOf":{"@id":"https:\/\/bsv.dk\/#website"},"datePublished":"2022-07-13T05:27:50+00:00","dateModified":"2023-06-06T13:22:46+00:00","breadcrumb":{"@id":"https:\/\/bsv.dk\/sv\/hydrauliska-gripar\/#breadcrumb"},"inLanguage":"sv-SE","potentialAction":[{"@type":"ReadAction","target":["https:\/\/bsv.dk\/sv\/hydrauliska-gripar\/"]}]},{"@type":"BreadcrumbList","@id":"https:\/\/bsv.dk\/sv\/hydrauliska-gripar\/#breadcrumb","itemListElement":[{"@type":"ListItem","position":1,"name":"Hjem","item":"https:\/\/bsv.dk\/sv\/vaelkommen\/"},{"@type":"ListItem","position":2,"name":"Hydrauliska gripar"}]},{"@type":"WebSite","@id":"https:\/\/bsv.dk\/#website","url":"https:\/\/bsv.dk\/","name":"BSV","description":"L\u00f8fteudstyr og krantilbeh\u00f8r: K\u00f8b dit l\u00f8ftegrej og kran-udstyr","publisher":{"@id":"https:\/\/bsv.dk\/#organization"},"potentialAction":[{"@type":"SearchAction","target":{"@type":"EntryPoint","urlTemplate":"https:\/\/bsv.dk\/?s={search_term_string}"},"query-input":{"@type":"PropertyValueSpecification","valueRequired":true,"valueName":"search_term_string"}}],"inLanguage":"sv-SE"},{"@type":"Organization","@id":"https:\/\/bsv.dk\/#organization","name":"BSV","url":"https:\/\/bsv.dk\/","logo":{"@type":"ImageObject","inLanguage":"sv-SE","@id":"https:\/\/bsv.dk\/#\/schema\/logo\/image\/","url":"https:\/\/bsv.dk\/wp-content\/uploads\/2022\/07\/bsv-logo.png","contentUrl":"https:\/\/bsv.dk\/wp-content\/uploads\/2022\/07\/bsv-logo.png","width":594,"height":249,"caption":"BSV"},"image":{"@id":"https:\/\/bsv.dk\/#\/schema\/logo\/image\/"}}]}},"_links":{"self":[{"href":"https:\/\/bsv.dk\/sv\/wp-json\/wp\/v2\/pages\/6088","targetHints":{"allow":["GET"]}}],"collection":[{"href":"https:\/\/bsv.dk\/sv\/wp-json\/wp\/v2\/pages"}],"about":[{"href":"https:\/\/bsv.dk\/sv\/wp-json\/wp\/v2\/types\/page"}],"author":[{"embeddable":true,"href":"https:\/\/bsv.dk\/sv\/wp-json\/wp\/v2\/users\/1"}],"replies":[{"embeddable":true,"href":"https:\/\/bsv.dk\/sv\/wp-json\/wp\/v2\/comments?post=6088"}],"version-history":[{"count":10,"href":"https:\/\/bsv.dk\/sv\/wp-json\/wp\/v2\/pages\/6088\/revisions"}],"predecessor-version":[{"id":900447,"href":"https:\/\/bsv.dk\/sv\/wp-json\/wp\/v2\/pages\/6088\/revisions\/900447"}],"wp:attachment":[{"href":"https:\/\/bsv.dk\/sv\/wp-json\/wp\/v2\/media?parent=6088"}],"wp:term":[{"taxonomy":"category","embeddable":true,"href":"https:\/\/bsv.dk\/sv\/wp-json\/wp\/v2\/categories?post=6088"}],"curies":[{"name":"wp","href":"https:\/\/api.w.org\/{rel}","templated":true}]}}