{"id":6084,"date":"2022-07-13T07:41:26","date_gmt":"2022-07-13T05:41:26","guid":{"rendered":"https:\/\/bsv.dk\/om-oss\/saelj-och-leveransvillkor\/"},"modified":"2023-06-06T15:23:02","modified_gmt":"2023-06-06T13:23:02","slug":"saelj-och-leveransvillkor","status":"publish","type":"page","link":"https:\/\/bsv.dk\/sv\/om-oss\/saelj-och-leveransvillkor\/","title":{"rendered":"S\u00e4lj- och leveransvillkor"},"content":{"rendered":"<div class=\"wpb-content-wrapper\"><p>[vc_row full_width=&#8221;stretch_row&#8221;][vc_column]<div class=\"ult-spacer spacer-69e1a17479daf\" data-id=\"69e1a17479daf\" data-height=\"90\" data-height-mobile=\"60\" data-height-tab=\"90\" data-height-tab-portrait=\"60\" data-height-mobile-landscape=\"60\" style=\"clear:both;display:block;\"><\/div>[vc_row_inner][vc_column_inner offset=&#8221;vc_col-lg-8 vc_col-md-8 vc_col-xs-12&#8243;][vc_column_text]<\/p>\n<h1>Se v\u00e5ra s\u00e4lj- och leveransvillkor<\/h1>\n<p><strong>Returvaror<br \/>\n<\/strong>Returvaror tas endast emot efter \u00f6verenskommelse och omfattas av en returkostnad p\u00e5 minst 20 % av priset. Specialtillverkade och best\u00e4llda produkter mottages inte i retur.<\/p>\n<p><strong>Pris<\/strong><br \/>\nFakturering sker p\u00e5 leveransdagen till d\u00e5 g\u00e4llande pris. Om \u00e4ndringar i \u00f6verenskomna betalningar, r\u00e5material och\/eller valutakurser, tullavgifter, frakt, f\u00f6rs\u00e4kringspremier eller dylikt medf\u00f6r en h\u00f6jning av tillverkningspriset f\u00f6rbeh\u00e5ller vi oss r\u00e4tten att justera det angivna priset i enlighet med \u00e4ndringen. Detta g\u00e4ller \u00e4ven vid successiva leveranser om det under leveransperioden sker s\u00e5dana \u00e4ndringar som beskrivs ovan.<\/p>\n<p><strong>Leveranstid<br \/>\n<\/strong>Om leveransen f\u00f6rhindras eller f\u00f6rsv\u00e5ras v\u00e4sentligt till f\u00f6ljd av krig eller krigsliknande tillst\u00e5nd, oroligheter, best\u00e4mmelser eller handlingar fr\u00e5n n\u00e5gon myndighet eller regering, h\u00e4runder import- och exportrestriktioner och strejk, lockout, maskinhaveri, olycka under utprovning eller transport, omfattande brandskada, brist p\u00e5 r\u00e5material eller andra omst\u00e4ndigheter utom v\u00e5r kontroll, skjuts leveransen upp s\u00e5 l\u00e4nge det aktuella hindret kvarst\u00e5r. K\u00f6paren kan inte h\u00e4va k\u00f6pet i detta fall. Vi p\u00e5tar oss inte n\u00e5got ers\u00e4ttningsansvar f\u00f6r eventuella leveransf\u00f6rseningar som uppst\u00e5tt till f\u00f6ljd av ovan angivna omst\u00e4ndigheter. Om n\u00e5gon av de angivna f\u00f6rhindrande omst\u00e4ndigheterna har varat i tre m\u00e5nader fr\u00e5n angivet leveransdatum har kunden r\u00e4tt att h\u00e4va k\u00f6pet. Vid l\u00f6pande leveranser g\u00e4ller motsvarande regler f\u00f6r enskilda leveranser.<\/p>\n<p><strong>Leveransst\u00e4lle<br \/>\n<\/strong>Leveransen sker direkt fr\u00e5n fabriken, vilket inneb\u00e4r att k\u00f6paren b\u00e4r risken f\u00f6r eventuella h\u00e4ndelser som intr\u00e4ffar h\u00e4refter. Detta g\u00e4ller oavsett om s\u00e4ljaren st\u00e5r f\u00f6r utgifterna f\u00f6r vidaretransport av varan.<\/p>\n<p><strong>Brister<br \/>\n<\/strong>Om brister p\u00e5tr\u00e4ffas i levererade varor \u00e5tar sig s\u00e4ljaren att utan ogrundad f\u00f6rdr\u00f6jning \u00e5tg\u00e4rda bristerna efter eget sk\u00f6n eller f\u00f6rmedla en omleverans utan kostnad.<\/p>\n<p>Reglerna g\u00e4ller inte i f\u00f6ljande fall: vid transportskador, ingrepp och\/eller \u00e4ndringar p\u00e5 varan som utf\u00f6rts av tredje man, naturligt slitage, felaktig eller v\u00e5rdsl\u00f6s hantering, \u00f6verbelastning, fel br\u00e4nsle eller anv\u00e4ndning som strider mot s\u00e4ljarens monterings- och anv\u00e4ndaranvisningar. Kunden kan inte h\u00e4va k\u00f6pet, kr\u00e4va omleverans, kr\u00e4va att priset s\u00e4tts ned eller n\u00e5gon annan ers\u00e4ttning.<\/p>\n<p>Om bristerna inte har \u00e5tg\u00e4rdats, eventuellt genom omleverans, senast tre m\u00e5nader efter k\u00f6parens reklamation har b\u00e5de k\u00f6paren och s\u00e4ljaren r\u00e4tt till att h\u00e4va det ing\u00e5dda avtalet genom skriftligt meddelande till den andra parten. D\u00e5 tar s\u00e4ljaren tillbaka den s\u00e5lda utrustningen och kunden f\u00e5r tillbaka erlagt belopp. H\u00e4rut\u00f6ver kan inga krav g\u00f6ras g\u00e4llande.<\/p>\n<p><strong>Reklamationer<br \/>\n<\/strong>Reklamationer ska g\u00f6ras inom \u00e5tta dagar fr\u00e5n det att k\u00f6paren har mottagit den aktuella leveransen. Om s\u00e5 inte sker f\u00f6rlorar k\u00f6paren r\u00e4tten att \u00e5beropa de f\u00f6rh\u00e5llanden som har gett upphov till reklamationen.<\/p>\n<p><strong>\u00c4gander\u00e4ttsf\u00f6rbeh\u00e5ll<br \/>\n<\/strong>\u00c4gander\u00e4tten till s\u00e5lda varor f\u00f6rblir hos s\u00e4ljaren fram till dess att alla avgifter inklusive eventuell dr\u00f6jsm\u00e5lsr\u00e4nta har betalats. Om flera varor s\u00e4ljs inom ramen f\u00f6r samma avtal g\u00e4ller \u00e4gander\u00e4ttsf\u00f6rbeh\u00e5llet till dess att den totala k\u00f6pesumman f\u00f6r samtliga varor har betalats.<\/p>\n<p><strong>Ansvar f\u00f6r materiella skador (produktansvar)<br \/>\n<\/strong>S\u00e4ljaren \u00e4r endast ansvarig f\u00f6r personskador om det bevisas att skadan beror p\u00e5 fel eller f\u00f6rsummelse hos s\u00e4ljaren eller andra parter som s\u00e4ljaren ansvarar f\u00f6r.<\/p>\n<p>S\u00e4ljaren \u00e4r inte ansvarig f\u00f6r skada p\u00e5 fast egendom eller l\u00f6s\u00f6re som intr\u00e4ffar n\u00e4r materialet \u00e4r i k\u00f6parens \u00e4go. S\u00e4ljaren \u00e4r inte heller ansvarig f\u00f6r skada p\u00e5 produkter d\u00e4r dessa ing\u00e5r. I \u00f6vrigt \u00e4r s\u00e4ljaren ansvarig f\u00f6r skada p\u00e5 fast egendom och l\u00f6s\u00f6re enligt samma villkor som f\u00f6r personskador.<\/p>\n<p>S\u00e4ljaren ansvarar inte f\u00f6r driftstopp, f\u00f6rlorad vinst eller annan indirekt f\u00f6rlust.<\/p>\n<p>I den utstr\u00e4ckning s\u00e4ljaren kan \u00e5l\u00e4ggas produktansvar gentemot tredje man \u00e4r k\u00f6paren f\u00f6rpliktigad att h\u00e5lla s\u00e4ljaren skadesl\u00f6s i samma omfattning som s\u00e4ljarens ansvar \u00e4r begr\u00e4nsat i enlighet med f\u00f6reg\u00e5ende tre stycken.<\/p>\n<p>De h\u00e4r begr\u00e4nsningarna i s\u00e4ljarens ansvar g\u00e4ller inte om s\u00e4ljaren har gjort sig skyldig till grov oaktsamhet.<\/p>\n<p>Om tredje man framl\u00e4gger krav mot endera part ang\u00e5ende ers\u00e4ttningsansvar enligt denna punkt m\u00e5ste denna part omedelbart underr\u00e4tta den andre d\u00e4rom.<\/p>\n<p>S\u00e4ljaren och k\u00f6paren \u00e4r \u00f6msesidigt f\u00f6rpliktade att inleda en eventuell tvist vid den domstol eller skiljedomstol som behandlar ers\u00e4ttningskrav som har st\u00e4llts mot dem p\u00e5 grund av skada som uppges har orsakats av materialet.<\/p>\n<p><strong>Jurisdiktion<br \/>\n<\/strong>All f\u00f6rs\u00e4ljning lyder under dansk lag. Alla tvister ska avg\u00f6ras vid domstolen i Esbjerg om inte n\u00e5got annat har avtalats med kunden.[\/vc_column_text]<div class=\"ult-spacer spacer-69e1a17479df3\" data-id=\"69e1a17479df3\" data-height=\"0\" data-height-mobile=\"30\" data-height-tab=\"0\" data-height-tab-portrait=\"30\" data-height-mobile-landscape=\"30\" style=\"clear:both;display:block;\"><\/div>[\/vc_column_inner][vc_column_inner offset=&#8221;vc_col-lg-4 vc_col-md-4 vc_col-xs-12&#8243;][vc_wp_custommenu nav_menu=&#8221;19&#8243; el_class=&#8221;contact-sidebar&#8221;][\/vc_column_inner][\/vc_row_inner]<div class=\"ult-spacer spacer-69e1a17479e1c\" data-id=\"69e1a17479e1c\" data-height=\"90\" data-height-mobile=\"60\" data-height-tab=\"90\" data-height-tab-portrait=\"60\" data-height-mobile-landscape=\"60\" style=\"clear:both;display:block;\"><\/div>[\/vc_column][\/vc_row]<\/p>\n<\/div>","protected":false},"excerpt":{"rendered":"<p>[vc_row full_width=&#8221;stretch_row&#8221;][vc_column][vc_row_inner][vc_column_inner offset=&#8221;vc_col-lg-8 vc_col-md-8 vc_col-xs-12&#8243;][vc_column_text] Se v\u00e5ra s\u00e4lj- och leveransvillkor Returvaror Returvaror tas endast emot efter \u00f6verenskommelse och omfattas av en returkostnad p\u00e5 minst 20 % av priset. Specialtillverkade och best\u00e4llda produkter mottages inte i retur. Pris Fakturering sker p\u00e5 leveransdagen till d\u00e5 g\u00e4llande pris. Om \u00e4ndringar i \u00f6verenskomna betalningar, r\u00e5material och\/eller valutakurser, tullavgifter, frakt, &#8230; <a title=\"S\u00e4lj- och leveransvillkor\" class=\"read-more\" href=\"https:\/\/bsv.dk\/sv\/om-oss\/saelj-och-leveransvillkor\/\" aria-label=\"Read more about S\u00e4lj- och leveransvillkor\">L\u00e4s mer<\/a><\/p>\n","protected":false},"author":1,"featured_media":0,"parent":6073,"menu_order":2,"comment_status":"closed","ping_status":"closed","template":"","meta":{"footnotes":""},"categories":[49],"class_list":{"0":"post-6084","1":"page","2":"type-page","3":"status-publish","5":"category-info-sv"},"yoast_head":"<!-- This site is optimized with the Yoast SEO plugin v27.4 - https:\/\/yoast.com\/product\/yoast-seo-wordpress\/ -->\n<title>S\u00e4lj- och leveransvillkor &#183; BSV<\/title>\n<meta name=\"robots\" content=\"index, follow, max-snippet:-1, max-image-preview:large, max-video-preview:-1\" \/>\n<link rel=\"canonical\" href=\"https:\/\/bsv.dk\/sv\/om-oss\/saelj-och-leveransvillkor\/\" \/>\n<meta property=\"og:locale\" content=\"sv_SE\" \/>\n<meta property=\"og:type\" content=\"article\" \/>\n<meta property=\"og:title\" content=\"S\u00e4lj- och leveransvillkor &#183; BSV\" \/>\n<meta property=\"og:description\" content=\"[vc_row full_width=&#8221;stretch_row&#8221;][vc_column][vc_row_inner][vc_column_inner offset=&#8221;vc_col-lg-8 vc_col-md-8 vc_col-xs-12&#8243;][vc_column_text] Se v\u00e5ra s\u00e4lj- och leveransvillkor Returvaror Returvaror tas endast emot efter \u00f6verenskommelse och omfattas av en returkostnad p\u00e5 minst 20 % av priset. Specialtillverkade och best\u00e4llda produkter mottages inte i retur. Pris Fakturering sker p\u00e5 leveransdagen till d\u00e5 g\u00e4llande pris. Om \u00e4ndringar i \u00f6verenskomna betalningar, r\u00e5material och\/eller valutakurser, tullavgifter, frakt, ... L\u00e4s mer\" \/>\n<meta property=\"og:url\" content=\"https:\/\/bsv.dk\/sv\/om-oss\/saelj-och-leveransvillkor\/\" \/>\n<meta property=\"og:site_name\" content=\"BSV\" \/>\n<meta property=\"article:modified_time\" content=\"2023-06-06T13:23:02+00:00\" \/>\n<meta name=\"twitter:card\" content=\"summary_large_image\" \/>\n<meta name=\"twitter:label1\" content=\"Est. reading time\" \/>\n\t<meta name=\"twitter:data1\" content=\"3 minutes\" \/>\n<script type=\"application\/ld+json\" class=\"yoast-schema-graph\">{\"@context\":\"https:\\\/\\\/schema.org\",\"@graph\":[{\"@type\":\"WebPage\",\"@id\":\"https:\\\/\\\/bsv.dk\\\/sv\\\/om-oss\\\/saelj-och-leveransvillkor\\\/\",\"url\":\"https:\\\/\\\/bsv.dk\\\/sv\\\/om-oss\\\/saelj-och-leveransvillkor\\\/\",\"name\":\"S\u00e4lj- och leveransvillkor &#183; BSV\",\"isPartOf\":{\"@id\":\"https:\\\/\\\/bsv.dk\\\/#website\"},\"datePublished\":\"2022-07-13T05:41:26+00:00\",\"dateModified\":\"2023-06-06T13:23:02+00:00\",\"breadcrumb\":{\"@id\":\"https:\\\/\\\/bsv.dk\\\/sv\\\/om-oss\\\/saelj-och-leveransvillkor\\\/#breadcrumb\"},\"inLanguage\":\"sv-SE\",\"potentialAction\":[{\"@type\":\"ReadAction\",\"target\":[\"https:\\\/\\\/bsv.dk\\\/sv\\\/om-oss\\\/saelj-och-leveransvillkor\\\/\"]}]},{\"@type\":\"BreadcrumbList\",\"@id\":\"https:\\\/\\\/bsv.dk\\\/sv\\\/om-oss\\\/saelj-och-leveransvillkor\\\/#breadcrumb\",\"itemListElement\":[{\"@type\":\"ListItem\",\"position\":1,\"name\":\"Hjem\",\"item\":\"https:\\\/\\\/bsv.dk\\\/sv\\\/vaelkommen\\\/\"},{\"@type\":\"ListItem\",\"position\":2,\"name\":\"Om BSV\",\"item\":\"https:\\\/\\\/bsv.dk\\\/sv\\\/om-oss\\\/\"},{\"@type\":\"ListItem\",\"position\":3,\"name\":\"S\u00e4lj- och leveransvillkor\"}]},{\"@type\":\"WebSite\",\"@id\":\"https:\\\/\\\/bsv.dk\\\/#website\",\"url\":\"https:\\\/\\\/bsv.dk\\\/\",\"name\":\"BSV\",\"description\":\"L\u00f8fteudstyr og krantilbeh\u00f8r: K\u00f8b dit l\u00f8ftegrej og kran-udstyr\",\"publisher\":{\"@id\":\"https:\\\/\\\/bsv.dk\\\/#organization\"},\"potentialAction\":[{\"@type\":\"SearchAction\",\"target\":{\"@type\":\"EntryPoint\",\"urlTemplate\":\"https:\\\/\\\/bsv.dk\\\/?s={search_term_string}\"},\"query-input\":{\"@type\":\"PropertyValueSpecification\",\"valueRequired\":true,\"valueName\":\"search_term_string\"}}],\"inLanguage\":\"sv-SE\"},{\"@type\":\"Organization\",\"@id\":\"https:\\\/\\\/bsv.dk\\\/#organization\",\"name\":\"BSV\",\"url\":\"https:\\\/\\\/bsv.dk\\\/\",\"logo\":{\"@type\":\"ImageObject\",\"inLanguage\":\"sv-SE\",\"@id\":\"https:\\\/\\\/bsv.dk\\\/#\\\/schema\\\/logo\\\/image\\\/\",\"url\":\"https:\\\/\\\/bsv.dk\\\/wp-content\\\/uploads\\\/2022\\\/07\\\/bsv-logo.png\",\"contentUrl\":\"https:\\\/\\\/bsv.dk\\\/wp-content\\\/uploads\\\/2022\\\/07\\\/bsv-logo.png\",\"width\":594,\"height\":249,\"caption\":\"BSV\"},\"image\":{\"@id\":\"https:\\\/\\\/bsv.dk\\\/#\\\/schema\\\/logo\\\/image\\\/\"}}]}<\/script>\n<!-- \/ Yoast SEO plugin. -->","yoast_head_json":{"title":"S\u00e4lj- och leveransvillkor &#183; BSV","robots":{"index":"index","follow":"follow","max-snippet":"max-snippet:-1","max-image-preview":"max-image-preview:large","max-video-preview":"max-video-preview:-1"},"canonical":"https:\/\/bsv.dk\/sv\/om-oss\/saelj-och-leveransvillkor\/","og_locale":"sv_SE","og_type":"article","og_title":"S\u00e4lj- och leveransvillkor &#183; BSV","og_description":"[vc_row full_width=&#8221;stretch_row&#8221;][vc_column][vc_row_inner][vc_column_inner offset=&#8221;vc_col-lg-8 vc_col-md-8 vc_col-xs-12&#8243;][vc_column_text] Se v\u00e5ra s\u00e4lj- och leveransvillkor Returvaror Returvaror tas endast emot efter \u00f6verenskommelse och omfattas av en returkostnad p\u00e5 minst 20 % av priset. Specialtillverkade och best\u00e4llda produkter mottages inte i retur. Pris Fakturering sker p\u00e5 leveransdagen till d\u00e5 g\u00e4llande pris. Om \u00e4ndringar i \u00f6verenskomna betalningar, r\u00e5material och\/eller valutakurser, tullavgifter, frakt, ... L\u00e4s mer","og_url":"https:\/\/bsv.dk\/sv\/om-oss\/saelj-och-leveransvillkor\/","og_site_name":"BSV","article_modified_time":"2023-06-06T13:23:02+00:00","twitter_card":"summary_large_image","twitter_misc":{"Est. reading time":"3 minutes"},"schema":{"@context":"https:\/\/schema.org","@graph":[{"@type":"WebPage","@id":"https:\/\/bsv.dk\/sv\/om-oss\/saelj-och-leveransvillkor\/","url":"https:\/\/bsv.dk\/sv\/om-oss\/saelj-och-leveransvillkor\/","name":"S\u00e4lj- och leveransvillkor &#183; BSV","isPartOf":{"@id":"https:\/\/bsv.dk\/#website"},"datePublished":"2022-07-13T05:41:26+00:00","dateModified":"2023-06-06T13:23:02+00:00","breadcrumb":{"@id":"https:\/\/bsv.dk\/sv\/om-oss\/saelj-och-leveransvillkor\/#breadcrumb"},"inLanguage":"sv-SE","potentialAction":[{"@type":"ReadAction","target":["https:\/\/bsv.dk\/sv\/om-oss\/saelj-och-leveransvillkor\/"]}]},{"@type":"BreadcrumbList","@id":"https:\/\/bsv.dk\/sv\/om-oss\/saelj-och-leveransvillkor\/#breadcrumb","itemListElement":[{"@type":"ListItem","position":1,"name":"Hjem","item":"https:\/\/bsv.dk\/sv\/vaelkommen\/"},{"@type":"ListItem","position":2,"name":"Om BSV","item":"https:\/\/bsv.dk\/sv\/om-oss\/"},{"@type":"ListItem","position":3,"name":"S\u00e4lj- och leveransvillkor"}]},{"@type":"WebSite","@id":"https:\/\/bsv.dk\/#website","url":"https:\/\/bsv.dk\/","name":"BSV","description":"L\u00f8fteudstyr og krantilbeh\u00f8r: K\u00f8b dit l\u00f8ftegrej og kran-udstyr","publisher":{"@id":"https:\/\/bsv.dk\/#organization"},"potentialAction":[{"@type":"SearchAction","target":{"@type":"EntryPoint","urlTemplate":"https:\/\/bsv.dk\/?s={search_term_string}"},"query-input":{"@type":"PropertyValueSpecification","valueRequired":true,"valueName":"search_term_string"}}],"inLanguage":"sv-SE"},{"@type":"Organization","@id":"https:\/\/bsv.dk\/#organization","name":"BSV","url":"https:\/\/bsv.dk\/","logo":{"@type":"ImageObject","inLanguage":"sv-SE","@id":"https:\/\/bsv.dk\/#\/schema\/logo\/image\/","url":"https:\/\/bsv.dk\/wp-content\/uploads\/2022\/07\/bsv-logo.png","contentUrl":"https:\/\/bsv.dk\/wp-content\/uploads\/2022\/07\/bsv-logo.png","width":594,"height":249,"caption":"BSV"},"image":{"@id":"https:\/\/bsv.dk\/#\/schema\/logo\/image\/"}}]}},"_links":{"self":[{"href":"https:\/\/bsv.dk\/sv\/wp-json\/wp\/v2\/pages\/6084","targetHints":{"allow":["GET"]}}],"collection":[{"href":"https:\/\/bsv.dk\/sv\/wp-json\/wp\/v2\/pages"}],"about":[{"href":"https:\/\/bsv.dk\/sv\/wp-json\/wp\/v2\/types\/page"}],"author":[{"embeddable":true,"href":"https:\/\/bsv.dk\/sv\/wp-json\/wp\/v2\/users\/1"}],"replies":[{"embeddable":true,"href":"https:\/\/bsv.dk\/sv\/wp-json\/wp\/v2\/comments?post=6084"}],"version-history":[{"count":3,"href":"https:\/\/bsv.dk\/sv\/wp-json\/wp\/v2\/pages\/6084\/revisions"}],"predecessor-version":[{"id":900448,"href":"https:\/\/bsv.dk\/sv\/wp-json\/wp\/v2\/pages\/6084\/revisions\/900448"}],"up":[{"embeddable":true,"href":"https:\/\/bsv.dk\/sv\/wp-json\/wp\/v2\/pages\/6073"}],"wp:attachment":[{"href":"https:\/\/bsv.dk\/sv\/wp-json\/wp\/v2\/media?parent=6084"}],"wp:term":[{"taxonomy":"category","embeddable":true,"href":"https:\/\/bsv.dk\/sv\/wp-json\/wp\/v2\/categories?post=6084"}],"curies":[{"name":"wp","href":"https:\/\/api.w.org\/{rel}","templated":true}]}}