{"id":6075,"date":"2022-07-13T07:40:00","date_gmt":"2022-07-13T05:40:00","guid":{"rendered":"https:\/\/bsv.dk\/om-oss\/vision-och-mission\/"},"modified":"2023-06-06T15:23:14","modified_gmt":"2023-06-06T13:23:14","slug":"vision-och-mission","status":"publish","type":"page","link":"https:\/\/bsv.dk\/sv\/om-oss\/vision-och-mission\/","title":{"rendered":"Vision och mission"},"content":{"rendered":"<div class=\"wpb-content-wrapper\"><p>[vc_row full_width=&#8221;stretch_row&#8221;][vc_column]<div class=\"ult-spacer spacer-69f22a4b59665\" data-id=\"69f22a4b59665\" data-height=\"90\" data-height-mobile=\"60\" data-height-tab=\"90\" data-height-tab-portrait=\"60\" data-height-mobile-landscape=\"60\" style=\"clear:both;display:block;\"><\/div>[vc_row_inner][vc_column_inner offset=&#8221;vc_col-lg-8 vc_col-md-8 vc_col-xs-12&#8243;][vc_column_text]<\/p>\n<h1>Vision och mission<\/h1>\n<h3>BSV\u00b4 s vision<\/h3>\n<p>BSV har som m\u00e5l att vara en proaktiv och id\u00e9rik samarbetspart och leverant\u00f6r som ger kunderna v\u00e4rde p\u00e5 f\u00f6ljande s\u00e4tt:<\/p>\n<ul>\n<li>\u200bGenom att leverera h\u00f6gsta kvalitet inom en rimlig leveranstid.<\/li>\n<li>Genom att vara flexibel och leva upp till aktuella och kommande krav tack vare v\u00e5r know-how.<\/li>\n<li>Genom att etablera goda relationer med leverant\u00f6rer, samarbetsparter och kunder.<\/li>\n<li>Genom att beh\u00e5lla och attrahera kompetenta medarbetare.<\/li>\n<\/ul>\n<h3>BSV\u00b4s mission<\/h3>\n<ul>\n<li>\u200bBSV vill vara leverant\u00f6r nummer ett av krantillbeh\u00f6r av h\u00f6g kvalitet.<\/li>\n<li>\u200bKunden \u00e4r utg\u00e5ngspunkten och medarbetarna \u00e4r r\u00e5materialet.<\/li>\n<li>BSV erbjuder professionella standardl\u00f6sningar och kundanpassade l\u00f6sningar inom lyfttillbeh\u00f6r med medarbetarnas kompetens som utg\u00e5ngspunkt samt i n\u00e4ra samarbete med leverant\u00f6rer runt om i v\u00e4rlden.<\/li>\n<\/ul>\n<p>F\u00f6retagets v\u00e4rden bygger p\u00e5 kvalitet till kunden, effektivitet och bra och kompetent service fr\u00e5n personalen.[\/vc_column_text]<div class=\"ult-spacer spacer-69f22a4b596a9\" data-id=\"69f22a4b596a9\" data-height=\"0\" data-height-mobile=\"30\" data-height-tab=\"0\" data-height-tab-portrait=\"30\" data-height-mobile-landscape=\"30\" style=\"clear:both;display:block;\"><\/div>[\/vc_column_inner][vc_column_inner offset=&#8221;vc_col-lg-4 vc_col-md-4 vc_col-xs-12&#8243;][vc_wp_custommenu nav_menu=&#8221;19&#8243; el_class=&#8221;contact-sidebar&#8221;][\/vc_column_inner][\/vc_row_inner]<div class=\"ult-spacer spacer-69f22a4b596cc\" data-id=\"69f22a4b596cc\" data-height=\"90\" data-height-mobile=\"60\" data-height-tab=\"90\" data-height-tab-portrait=\"60\" data-height-mobile-landscape=\"60\" style=\"clear:both;display:block;\"><\/div>[\/vc_column][\/vc_row][vc_row][vc_column][vc_column_text][\/vc_column_text][\/vc_column][\/vc_row]<\/p>\n<\/div>","protected":false},"excerpt":{"rendered":"<p>[vc_row full_width=&#8221;stretch_row&#8221;][vc_column][vc_row_inner][vc_column_inner offset=&#8221;vc_col-lg-8 vc_col-md-8 vc_col-xs-12&#8243;][vc_column_text] Vision och mission BSV\u00b4 s vision BSV har som m\u00e5l att vara en proaktiv och id\u00e9rik samarbetspart och leverant\u00f6r som ger kunderna v\u00e4rde p\u00e5 f\u00f6ljande s\u00e4tt: \u200bGenom att leverera h\u00f6gsta kvalitet inom en rimlig leveranstid. Genom att vara flexibel och leva upp till aktuella och kommande krav tack vare v\u00e5r &#8230; <a title=\"Vision och mission\" class=\"read-more\" href=\"https:\/\/bsv.dk\/sv\/om-oss\/vision-och-mission\/\" aria-label=\"Read more about Vision och mission\">L\u00e4s mer<\/a><\/p>\n","protected":false},"author":1,"featured_media":0,"parent":6073,"menu_order":0,"comment_status":"closed","ping_status":"closed","template":"","meta":{"footnotes":""},"categories":[49],"class_list":{"0":"post-6075","1":"page","2":"type-page","3":"status-publish","5":"category-info-sv"},"yoast_head":"<!-- This site is optimized with the Yoast SEO plugin v27.5 - https:\/\/yoast.com\/product\/yoast-seo-wordpress\/ -->\n<title>Vision och mission &#183; BSV<\/title>\n<meta name=\"robots\" content=\"index, follow, max-snippet:-1, max-image-preview:large, max-video-preview:-1\" \/>\n<link rel=\"canonical\" href=\"https:\/\/bsv.dk\/sv\/om-oss\/vision-och-mission\/\" \/>\n<meta property=\"og:locale\" content=\"sv_SE\" \/>\n<meta property=\"og:type\" content=\"article\" \/>\n<meta property=\"og:title\" content=\"Vision och mission &#183; BSV\" \/>\n<meta property=\"og:description\" content=\"[vc_row full_width=&#8221;stretch_row&#8221;][vc_column][vc_row_inner][vc_column_inner offset=&#8221;vc_col-lg-8 vc_col-md-8 vc_col-xs-12&#8243;][vc_column_text] Vision och mission BSV\u00b4 s vision BSV har som m\u00e5l att vara en proaktiv och id\u00e9rik samarbetspart och leverant\u00f6r som ger kunderna v\u00e4rde p\u00e5 f\u00f6ljande s\u00e4tt: \u200bGenom att leverera h\u00f6gsta kvalitet inom en rimlig leveranstid. Genom att vara flexibel och leva upp till aktuella och kommande krav tack vare v\u00e5r ... L\u00e4s mer\" \/>\n<meta property=\"og:url\" content=\"https:\/\/bsv.dk\/sv\/om-oss\/vision-och-mission\/\" \/>\n<meta property=\"og:site_name\" content=\"BSV\" \/>\n<meta property=\"article:modified_time\" content=\"2023-06-06T13:23:14+00:00\" \/>\n<meta name=\"twitter:card\" content=\"summary_large_image\" \/>\n<meta name=\"twitter:label1\" content=\"Est. reading time\" \/>\n\t<meta name=\"twitter:data1\" content=\"1 minute\" \/>\n<script type=\"application\/ld+json\" class=\"yoast-schema-graph\">{\"@context\":\"https:\\\/\\\/schema.org\",\"@graph\":[{\"@type\":\"WebPage\",\"@id\":\"https:\\\/\\\/bsv.dk\\\/sv\\\/om-oss\\\/vision-och-mission\\\/\",\"url\":\"https:\\\/\\\/bsv.dk\\\/sv\\\/om-oss\\\/vision-och-mission\\\/\",\"name\":\"Vision och mission &#183; BSV\",\"isPartOf\":{\"@id\":\"https:\\\/\\\/bsv.dk\\\/#website\"},\"datePublished\":\"2022-07-13T05:40:00+00:00\",\"dateModified\":\"2023-06-06T13:23:14+00:00\",\"breadcrumb\":{\"@id\":\"https:\\\/\\\/bsv.dk\\\/sv\\\/om-oss\\\/vision-och-mission\\\/#breadcrumb\"},\"inLanguage\":\"sv-SE\",\"potentialAction\":[{\"@type\":\"ReadAction\",\"target\":[\"https:\\\/\\\/bsv.dk\\\/sv\\\/om-oss\\\/vision-och-mission\\\/\"]}]},{\"@type\":\"BreadcrumbList\",\"@id\":\"https:\\\/\\\/bsv.dk\\\/sv\\\/om-oss\\\/vision-och-mission\\\/#breadcrumb\",\"itemListElement\":[{\"@type\":\"ListItem\",\"position\":1,\"name\":\"Hjem\",\"item\":\"https:\\\/\\\/bsv.dk\\\/sv\\\/vaelkommen\\\/\"},{\"@type\":\"ListItem\",\"position\":2,\"name\":\"Om BSV\",\"item\":\"https:\\\/\\\/bsv.dk\\\/sv\\\/om-oss\\\/\"},{\"@type\":\"ListItem\",\"position\":3,\"name\":\"Vision och mission\"}]},{\"@type\":\"WebSite\",\"@id\":\"https:\\\/\\\/bsv.dk\\\/#website\",\"url\":\"https:\\\/\\\/bsv.dk\\\/\",\"name\":\"BSV\",\"description\":\"L\u00f8fteudstyr og krantilbeh\u00f8r: K\u00f8b dit l\u00f8ftegrej og kran-udstyr\",\"publisher\":{\"@id\":\"https:\\\/\\\/bsv.dk\\\/#organization\"},\"potentialAction\":[{\"@type\":\"SearchAction\",\"target\":{\"@type\":\"EntryPoint\",\"urlTemplate\":\"https:\\\/\\\/bsv.dk\\\/?s={search_term_string}\"},\"query-input\":{\"@type\":\"PropertyValueSpecification\",\"valueRequired\":true,\"valueName\":\"search_term_string\"}}],\"inLanguage\":\"sv-SE\"},{\"@type\":\"Organization\",\"@id\":\"https:\\\/\\\/bsv.dk\\\/#organization\",\"name\":\"BSV\",\"url\":\"https:\\\/\\\/bsv.dk\\\/\",\"logo\":{\"@type\":\"ImageObject\",\"inLanguage\":\"sv-SE\",\"@id\":\"https:\\\/\\\/bsv.dk\\\/#\\\/schema\\\/logo\\\/image\\\/\",\"url\":\"https:\\\/\\\/bsv.dk\\\/wp-content\\\/uploads\\\/2022\\\/07\\\/bsv-logo.png\",\"contentUrl\":\"https:\\\/\\\/bsv.dk\\\/wp-content\\\/uploads\\\/2022\\\/07\\\/bsv-logo.png\",\"width\":594,\"height\":249,\"caption\":\"BSV\"},\"image\":{\"@id\":\"https:\\\/\\\/bsv.dk\\\/#\\\/schema\\\/logo\\\/image\\\/\"}}]}<\/script>\n<!-- \/ Yoast SEO plugin. -->","yoast_head_json":{"title":"Vision och mission &#183; BSV","robots":{"index":"index","follow":"follow","max-snippet":"max-snippet:-1","max-image-preview":"max-image-preview:large","max-video-preview":"max-video-preview:-1"},"canonical":"https:\/\/bsv.dk\/sv\/om-oss\/vision-och-mission\/","og_locale":"sv_SE","og_type":"article","og_title":"Vision och mission &#183; BSV","og_description":"[vc_row full_width=&#8221;stretch_row&#8221;][vc_column][vc_row_inner][vc_column_inner offset=&#8221;vc_col-lg-8 vc_col-md-8 vc_col-xs-12&#8243;][vc_column_text] Vision och mission BSV\u00b4 s vision BSV har som m\u00e5l att vara en proaktiv och id\u00e9rik samarbetspart och leverant\u00f6r som ger kunderna v\u00e4rde p\u00e5 f\u00f6ljande s\u00e4tt: \u200bGenom att leverera h\u00f6gsta kvalitet inom en rimlig leveranstid. Genom att vara flexibel och leva upp till aktuella och kommande krav tack vare v\u00e5r ... L\u00e4s mer","og_url":"https:\/\/bsv.dk\/sv\/om-oss\/vision-och-mission\/","og_site_name":"BSV","article_modified_time":"2023-06-06T13:23:14+00:00","twitter_card":"summary_large_image","twitter_misc":{"Est. reading time":"1 minute"},"schema":{"@context":"https:\/\/schema.org","@graph":[{"@type":"WebPage","@id":"https:\/\/bsv.dk\/sv\/om-oss\/vision-och-mission\/","url":"https:\/\/bsv.dk\/sv\/om-oss\/vision-och-mission\/","name":"Vision och mission &#183; BSV","isPartOf":{"@id":"https:\/\/bsv.dk\/#website"},"datePublished":"2022-07-13T05:40:00+00:00","dateModified":"2023-06-06T13:23:14+00:00","breadcrumb":{"@id":"https:\/\/bsv.dk\/sv\/om-oss\/vision-och-mission\/#breadcrumb"},"inLanguage":"sv-SE","potentialAction":[{"@type":"ReadAction","target":["https:\/\/bsv.dk\/sv\/om-oss\/vision-och-mission\/"]}]},{"@type":"BreadcrumbList","@id":"https:\/\/bsv.dk\/sv\/om-oss\/vision-och-mission\/#breadcrumb","itemListElement":[{"@type":"ListItem","position":1,"name":"Hjem","item":"https:\/\/bsv.dk\/sv\/vaelkommen\/"},{"@type":"ListItem","position":2,"name":"Om BSV","item":"https:\/\/bsv.dk\/sv\/om-oss\/"},{"@type":"ListItem","position":3,"name":"Vision och mission"}]},{"@type":"WebSite","@id":"https:\/\/bsv.dk\/#website","url":"https:\/\/bsv.dk\/","name":"BSV","description":"L\u00f8fteudstyr og krantilbeh\u00f8r: K\u00f8b dit l\u00f8ftegrej og kran-udstyr","publisher":{"@id":"https:\/\/bsv.dk\/#organization"},"potentialAction":[{"@type":"SearchAction","target":{"@type":"EntryPoint","urlTemplate":"https:\/\/bsv.dk\/?s={search_term_string}"},"query-input":{"@type":"PropertyValueSpecification","valueRequired":true,"valueName":"search_term_string"}}],"inLanguage":"sv-SE"},{"@type":"Organization","@id":"https:\/\/bsv.dk\/#organization","name":"BSV","url":"https:\/\/bsv.dk\/","logo":{"@type":"ImageObject","inLanguage":"sv-SE","@id":"https:\/\/bsv.dk\/#\/schema\/logo\/image\/","url":"https:\/\/bsv.dk\/wp-content\/uploads\/2022\/07\/bsv-logo.png","contentUrl":"https:\/\/bsv.dk\/wp-content\/uploads\/2022\/07\/bsv-logo.png","width":594,"height":249,"caption":"BSV"},"image":{"@id":"https:\/\/bsv.dk\/#\/schema\/logo\/image\/"}}]}},"_links":{"self":[{"href":"https:\/\/bsv.dk\/sv\/wp-json\/wp\/v2\/pages\/6075","targetHints":{"allow":["GET"]}}],"collection":[{"href":"https:\/\/bsv.dk\/sv\/wp-json\/wp\/v2\/pages"}],"about":[{"href":"https:\/\/bsv.dk\/sv\/wp-json\/wp\/v2\/types\/page"}],"author":[{"embeddable":true,"href":"https:\/\/bsv.dk\/sv\/wp-json\/wp\/v2\/users\/1"}],"replies":[{"embeddable":true,"href":"https:\/\/bsv.dk\/sv\/wp-json\/wp\/v2\/comments?post=6075"}],"version-history":[{"count":3,"href":"https:\/\/bsv.dk\/sv\/wp-json\/wp\/v2\/pages\/6075\/revisions"}],"predecessor-version":[{"id":900449,"href":"https:\/\/bsv.dk\/sv\/wp-json\/wp\/v2\/pages\/6075\/revisions\/900449"}],"up":[{"embeddable":true,"href":"https:\/\/bsv.dk\/sv\/wp-json\/wp\/v2\/pages\/6073"}],"wp:attachment":[{"href":"https:\/\/bsv.dk\/sv\/wp-json\/wp\/v2\/media?parent=6075"}],"wp:term":[{"taxonomy":"category","embeddable":true,"href":"https:\/\/bsv.dk\/sv\/wp-json\/wp\/v2\/categories?post=6075"}],"curies":[{"name":"wp","href":"https:\/\/api.w.org\/{rel}","templated":true}]}}