{"id":6073,"date":"2022-07-13T07:39:49","date_gmt":"2022-07-13T05:39:49","guid":{"rendered":"https:\/\/bsv.dk\/om-oss\/"},"modified":"2025-11-06T08:30:09","modified_gmt":"2025-11-06T07:30:09","slug":"om-oss","status":"publish","type":"page","link":"https:\/\/bsv.dk\/sv\/om-oss\/","title":{"rendered":"Om BSV"},"content":{"rendered":"<div class=\"wpb-content-wrapper\"><p>[vc_row full_width=&#8221;stretch_row&#8221;][vc_column]<div class=\"ult-spacer spacer-69f209814fa97\" data-id=\"69f209814fa97\" data-height=\"90\" data-height-mobile=\"60\" data-height-tab=\"90\" data-height-tab-portrait=\"60\" data-height-mobile-landscape=\"60\" style=\"clear:both;display:block;\"><\/div>[vc_row_inner][vc_column_inner offset=&#8221;vc_col-lg-8 vc_col-md-8 vc_col-xs-12&#8243;][vc_column_text]<\/p>\n<h1>Om BSV<\/h1>\n<p>I Vejen h\u00e5ller BSV Krantilbeh\u00f8r fast vid dansk produktion av lyftredskap f\u00f6r kranar av h\u00f6gsta kvalitet. BSV:s hydrauliska gripar, pallgafflar och mekaniska t\u00e4nger \u00e4r k\u00e4nda f\u00f6r att vara robusta, starka och ha l\u00e5ng h\u00e5llbarhet.<br \/>\nHos BSV framst\u00e4ller vi produkterna sj\u00e4lva och d\u00e4rmed \u00e4r de 100\u00a0% \u201dMade in Denmark\u201d.<\/p>\n<p>Idag \u00e4gs BSV av Flemming Jensen och Allan Richardy, som k\u00f6pte f\u00f6retaget 2007. Sedan dess har de vidareutvecklat f\u00f6retaget i samma anda och i en positiv riktning.<\/p>\n<p>M\u00e5nga av de anst\u00e4llda har varit inom f\u00f6retaget i m\u00e5nga \u00e5r, vilket visar sig i den stora erfarenhet och kunskap som \u00e4ven k\u00e4nnetecknar firman och avspeglar sig i slutprodukterna genom den h\u00f6ga kvaliteten och l\u00e5nga livsl\u00e4ngden.<\/p>\n<p>Hos BSV ber\u00e4knar och konstruerar vi sj\u00e4lva. Vi g\u00f6r utsk\u00e4rningar i st\u00e5lpl\u00e5tar, fr\u00e4ser, borrar, svetsar, rensar och monterar samt har \u00e4ven v\u00e5r egen m\u00e5larkabin. Hela processen \u00e4r v\u00e5r egen och sker in-house.<\/p>\n<p>Som \u00e4nnu ett bevis p\u00e5 att kvaliteten spelar en mycket stor roll hos BSV har f\u00f6retaget blivit utn\u00e4mnt och godk\u00e4nt som Strenx\u00ae-medlem i Danmark.<\/p>\n<p>Strenx\u00ae \u00e4r ett starkt konstruktionsst\u00e5l som utvecklats och produceras av Svensk St\u00e5l AB (SSAB).<br \/>\nAnv\u00e4ndning av detta h\u00f6gkvalitativa st\u00e5l g\u00f6r produkterna starkare, l\u00e4ttare och mer konkurrenskraftiga. Samtidigt utvecklas l\u00f6pande detta st\u00e5lmaterial f\u00f6r att g\u00f6ra det \u00e4nnu h\u00e5llbarare.<\/p>\n<p><strong>BSV \u00e4r certifierat enligt ISO 9001 och ISO 14001.<\/strong><\/p>\n<p><strong>Milj\u00f6policy:<br \/>\n<\/strong><br \/>\nP\u00e5 BSV tar vi ansvar f\u00f6r milj\u00f6n och arbetar m\u00e5lmedvetet med h\u00e5llbarhet i alla delar av v\u00e5rt f\u00f6retag. Vi fokuserar p\u00e5 att minska v\u00e5rt CO\u2082-avtryck, optimera resursf\u00f6rbrukning och \u00f6ka material\u00e5tervinningen.<br \/>\nVi utvecklar produkter med l\u00e5ng livsl\u00e4ngd och l\u00e5g milj\u00f6p\u00e5verkan och samarbetar med leverant\u00f6rer som delar v\u00e5ra milj\u00f6v\u00e4rderingar. Samtidigt utbildar vi v\u00e5ra anst\u00e4llda i h\u00e5llbara arbetsmetoder och arbetar kontinuerligt med att f\u00f6rb\u00e4ttra v\u00e5rt milj\u00f6arbete.<br \/>\nV\u00e5rt m\u00e5l \u00e4r tydligt: \u200b\u200batt driva ett ansvarsfullt och framtidss\u00e4kert f\u00f6retag som skapar v\u00e4rde \u2013 b\u00e5de f\u00f6r kunder och f\u00f6r milj\u00f6n.[\/vc_column_text]<div class=\"ult-spacer spacer-69f209814fae6\" data-id=\"69f209814fae6\" data-height=\"0\" data-height-mobile=\"30\" data-height-tab=\"0\" data-height-tab-portrait=\"30\" data-height-mobile-landscape=\"30\" style=\"clear:both;display:block;\"><\/div>[\/vc_column_inner][vc_column_inner offset=&#8221;vc_col-lg-4 vc_col-md-4 vc_col-xs-12&#8243;][vc_wp_custommenu nav_menu=&#8221;19&#8243; el_class=&#8221;contact-sidebar&#8221;][\/vc_column_inner][\/vc_row_inner]<div class=\"ult-spacer spacer-69f209814fb0d\" data-id=\"69f209814fb0d\" data-height=\"90\" data-height-mobile=\"60\" data-height-tab=\"90\" data-height-tab-portrait=\"60\" data-height-mobile-landscape=\"60\" style=\"clear:both;display:block;\"><\/div>[\/vc_column][\/vc_row]<\/p>\n<\/div>","protected":false},"excerpt":{"rendered":"<p>[vc_row full_width=&#8221;stretch_row&#8221;][vc_column][vc_row_inner][vc_column_inner offset=&#8221;vc_col-lg-8 vc_col-md-8 vc_col-xs-12&#8243;][vc_column_text] Om BSV I Vejen h\u00e5ller BSV Krantilbeh\u00f8r fast vid dansk produktion av lyftredskap f\u00f6r kranar av h\u00f6gsta kvalitet. BSV:s hydrauliska gripar, pallgafflar och mekaniska t\u00e4nger \u00e4r k\u00e4nda f\u00f6r att vara robusta, starka och ha l\u00e5ng h\u00e5llbarhet. Hos BSV framst\u00e4ller vi produkterna sj\u00e4lva och d\u00e4rmed \u00e4r de 100\u00a0% \u201dMade in Denmark\u201d. &#8230; <a title=\"Om BSV\" class=\"read-more\" href=\"https:\/\/bsv.dk\/sv\/om-oss\/\" aria-label=\"Read more about Om BSV\">L\u00e4s mer<\/a><\/p>\n","protected":false},"author":1,"featured_media":0,"parent":0,"menu_order":0,"comment_status":"closed","ping_status":"closed","template":"","meta":{"footnotes":""},"categories":[],"class_list":["post-6073","page","type-page","status-publish"],"yoast_head":"<!-- This site is optimized with the Yoast SEO plugin v27.5 - https:\/\/yoast.com\/product\/yoast-seo-wordpress\/ -->\n<title>Om BSV &#183; BSV<\/title>\n<meta name=\"robots\" content=\"index, follow, max-snippet:-1, max-image-preview:large, max-video-preview:-1\" \/>\n<link rel=\"canonical\" href=\"https:\/\/bsv.dk\/sv\/om-oss\/\" \/>\n<meta property=\"og:locale\" content=\"sv_SE\" \/>\n<meta property=\"og:type\" content=\"article\" \/>\n<meta property=\"og:title\" content=\"Om BSV &#183; BSV\" \/>\n<meta property=\"og:description\" content=\"[vc_row full_width=&#8221;stretch_row&#8221;][vc_column][vc_row_inner][vc_column_inner offset=&#8221;vc_col-lg-8 vc_col-md-8 vc_col-xs-12&#8243;][vc_column_text] Om BSV I Vejen h\u00e5ller BSV Krantilbeh\u00f8r fast vid dansk produktion av lyftredskap f\u00f6r kranar av h\u00f6gsta kvalitet. BSV:s hydrauliska gripar, pallgafflar och mekaniska t\u00e4nger \u00e4r k\u00e4nda f\u00f6r att vara robusta, starka och ha l\u00e5ng h\u00e5llbarhet. Hos BSV framst\u00e4ller vi produkterna sj\u00e4lva och d\u00e4rmed \u00e4r de 100\u00a0% \u201dMade in Denmark\u201d. ... L\u00e4s mer\" \/>\n<meta property=\"og:url\" content=\"https:\/\/bsv.dk\/sv\/om-oss\/\" \/>\n<meta property=\"og:site_name\" content=\"BSV\" \/>\n<meta property=\"article:modified_time\" content=\"2025-11-06T07:30:09+00:00\" \/>\n<meta name=\"twitter:card\" content=\"summary_large_image\" \/>\n<meta name=\"twitter:label1\" content=\"Est. reading time\" \/>\n\t<meta name=\"twitter:data1\" content=\"2 minutes\" \/>\n<script type=\"application\/ld+json\" class=\"yoast-schema-graph\">{\"@context\":\"https:\\\/\\\/schema.org\",\"@graph\":[{\"@type\":\"WebPage\",\"@id\":\"https:\\\/\\\/bsv.dk\\\/sv\\\/om-oss\\\/\",\"url\":\"https:\\\/\\\/bsv.dk\\\/sv\\\/om-oss\\\/\",\"name\":\"Om BSV &#183; BSV\",\"isPartOf\":{\"@id\":\"https:\\\/\\\/bsv.dk\\\/#website\"},\"datePublished\":\"2022-07-13T05:39:49+00:00\",\"dateModified\":\"2025-11-06T07:30:09+00:00\",\"breadcrumb\":{\"@id\":\"https:\\\/\\\/bsv.dk\\\/sv\\\/om-oss\\\/#breadcrumb\"},\"inLanguage\":\"sv-SE\",\"potentialAction\":[{\"@type\":\"ReadAction\",\"target\":[\"https:\\\/\\\/bsv.dk\\\/sv\\\/om-oss\\\/\"]}]},{\"@type\":\"BreadcrumbList\",\"@id\":\"https:\\\/\\\/bsv.dk\\\/sv\\\/om-oss\\\/#breadcrumb\",\"itemListElement\":[{\"@type\":\"ListItem\",\"position\":1,\"name\":\"Hjem\",\"item\":\"https:\\\/\\\/bsv.dk\\\/sv\\\/vaelkommen\\\/\"},{\"@type\":\"ListItem\",\"position\":2,\"name\":\"Om BSV\"}]},{\"@type\":\"WebSite\",\"@id\":\"https:\\\/\\\/bsv.dk\\\/#website\",\"url\":\"https:\\\/\\\/bsv.dk\\\/\",\"name\":\"BSV\",\"description\":\"L\u00f8fteudstyr og krantilbeh\u00f8r: K\u00f8b dit l\u00f8ftegrej og kran-udstyr\",\"publisher\":{\"@id\":\"https:\\\/\\\/bsv.dk\\\/#organization\"},\"potentialAction\":[{\"@type\":\"SearchAction\",\"target\":{\"@type\":\"EntryPoint\",\"urlTemplate\":\"https:\\\/\\\/bsv.dk\\\/?s={search_term_string}\"},\"query-input\":{\"@type\":\"PropertyValueSpecification\",\"valueRequired\":true,\"valueName\":\"search_term_string\"}}],\"inLanguage\":\"sv-SE\"},{\"@type\":\"Organization\",\"@id\":\"https:\\\/\\\/bsv.dk\\\/#organization\",\"name\":\"BSV\",\"url\":\"https:\\\/\\\/bsv.dk\\\/\",\"logo\":{\"@type\":\"ImageObject\",\"inLanguage\":\"sv-SE\",\"@id\":\"https:\\\/\\\/bsv.dk\\\/#\\\/schema\\\/logo\\\/image\\\/\",\"url\":\"https:\\\/\\\/bsv.dk\\\/wp-content\\\/uploads\\\/2022\\\/07\\\/bsv-logo.png\",\"contentUrl\":\"https:\\\/\\\/bsv.dk\\\/wp-content\\\/uploads\\\/2022\\\/07\\\/bsv-logo.png\",\"width\":594,\"height\":249,\"caption\":\"BSV\"},\"image\":{\"@id\":\"https:\\\/\\\/bsv.dk\\\/#\\\/schema\\\/logo\\\/image\\\/\"}}]}<\/script>\n<!-- \/ Yoast SEO plugin. -->","yoast_head_json":{"title":"Om BSV &#183; BSV","robots":{"index":"index","follow":"follow","max-snippet":"max-snippet:-1","max-image-preview":"max-image-preview:large","max-video-preview":"max-video-preview:-1"},"canonical":"https:\/\/bsv.dk\/sv\/om-oss\/","og_locale":"sv_SE","og_type":"article","og_title":"Om BSV &#183; BSV","og_description":"[vc_row full_width=&#8221;stretch_row&#8221;][vc_column][vc_row_inner][vc_column_inner offset=&#8221;vc_col-lg-8 vc_col-md-8 vc_col-xs-12&#8243;][vc_column_text] Om BSV I Vejen h\u00e5ller BSV Krantilbeh\u00f8r fast vid dansk produktion av lyftredskap f\u00f6r kranar av h\u00f6gsta kvalitet. BSV:s hydrauliska gripar, pallgafflar och mekaniska t\u00e4nger \u00e4r k\u00e4nda f\u00f6r att vara robusta, starka och ha l\u00e5ng h\u00e5llbarhet. Hos BSV framst\u00e4ller vi produkterna sj\u00e4lva och d\u00e4rmed \u00e4r de 100\u00a0% \u201dMade in Denmark\u201d. ... L\u00e4s mer","og_url":"https:\/\/bsv.dk\/sv\/om-oss\/","og_site_name":"BSV","article_modified_time":"2025-11-06T07:30:09+00:00","twitter_card":"summary_large_image","twitter_misc":{"Est. reading time":"2 minutes"},"schema":{"@context":"https:\/\/schema.org","@graph":[{"@type":"WebPage","@id":"https:\/\/bsv.dk\/sv\/om-oss\/","url":"https:\/\/bsv.dk\/sv\/om-oss\/","name":"Om BSV &#183; BSV","isPartOf":{"@id":"https:\/\/bsv.dk\/#website"},"datePublished":"2022-07-13T05:39:49+00:00","dateModified":"2025-11-06T07:30:09+00:00","breadcrumb":{"@id":"https:\/\/bsv.dk\/sv\/om-oss\/#breadcrumb"},"inLanguage":"sv-SE","potentialAction":[{"@type":"ReadAction","target":["https:\/\/bsv.dk\/sv\/om-oss\/"]}]},{"@type":"BreadcrumbList","@id":"https:\/\/bsv.dk\/sv\/om-oss\/#breadcrumb","itemListElement":[{"@type":"ListItem","position":1,"name":"Hjem","item":"https:\/\/bsv.dk\/sv\/vaelkommen\/"},{"@type":"ListItem","position":2,"name":"Om BSV"}]},{"@type":"WebSite","@id":"https:\/\/bsv.dk\/#website","url":"https:\/\/bsv.dk\/","name":"BSV","description":"L\u00f8fteudstyr og krantilbeh\u00f8r: K\u00f8b dit l\u00f8ftegrej og kran-udstyr","publisher":{"@id":"https:\/\/bsv.dk\/#organization"},"potentialAction":[{"@type":"SearchAction","target":{"@type":"EntryPoint","urlTemplate":"https:\/\/bsv.dk\/?s={search_term_string}"},"query-input":{"@type":"PropertyValueSpecification","valueRequired":true,"valueName":"search_term_string"}}],"inLanguage":"sv-SE"},{"@type":"Organization","@id":"https:\/\/bsv.dk\/#organization","name":"BSV","url":"https:\/\/bsv.dk\/","logo":{"@type":"ImageObject","inLanguage":"sv-SE","@id":"https:\/\/bsv.dk\/#\/schema\/logo\/image\/","url":"https:\/\/bsv.dk\/wp-content\/uploads\/2022\/07\/bsv-logo.png","contentUrl":"https:\/\/bsv.dk\/wp-content\/uploads\/2022\/07\/bsv-logo.png","width":594,"height":249,"caption":"BSV"},"image":{"@id":"https:\/\/bsv.dk\/#\/schema\/logo\/image\/"}}]}},"_links":{"self":[{"href":"https:\/\/bsv.dk\/sv\/wp-json\/wp\/v2\/pages\/6073","targetHints":{"allow":["GET"]}}],"collection":[{"href":"https:\/\/bsv.dk\/sv\/wp-json\/wp\/v2\/pages"}],"about":[{"href":"https:\/\/bsv.dk\/sv\/wp-json\/wp\/v2\/types\/page"}],"author":[{"embeddable":true,"href":"https:\/\/bsv.dk\/sv\/wp-json\/wp\/v2\/users\/1"}],"replies":[{"embeddable":true,"href":"https:\/\/bsv.dk\/sv\/wp-json\/wp\/v2\/comments?post=6073"}],"version-history":[{"count":5,"href":"https:\/\/bsv.dk\/sv\/wp-json\/wp\/v2\/pages\/6073\/revisions"}],"predecessor-version":[{"id":901367,"href":"https:\/\/bsv.dk\/sv\/wp-json\/wp\/v2\/pages\/6073\/revisions\/901367"}],"wp:attachment":[{"href":"https:\/\/bsv.dk\/sv\/wp-json\/wp\/v2\/media?parent=6073"}],"wp:term":[{"taxonomy":"category","embeddable":true,"href":"https:\/\/bsv.dk\/sv\/wp-json\/wp\/v2\/categories?post=6073"}],"curies":[{"name":"wp","href":"https:\/\/api.w.org\/{rel}","templated":true}]}}