{"id":7889,"date":"2022-07-13T07:40:33","date_gmt":"2022-07-13T05:40:33","guid":{"rendered":"https:\/\/bsv.dk\/a-propos-de-bsv\/lequipe-de-service-bsv\/"},"modified":"2025-01-27T11:49:50","modified_gmt":"2025-01-27T10:49:50","slug":"lequipe-de-service-bsv","status":"publish","type":"page","link":"https:\/\/bsv.dk\/fr\/a-propos-de-bsv\/lequipe-de-service-bsv\/","title":{"rendered":"Notre service client\u00e8le"},"content":{"rendered":"<div class=\"wpb-content-wrapper\"><p>[vc_row full_width=&#8221;stretch_row&#8221;][vc_column]<div class=\"ult-spacer spacer-69f00701b394e\" data-id=\"69f00701b394e\" data-height=\"90\" data-height-mobile=\"60\" data-height-tab=\"90\" data-height-tab-portrait=\"60\" data-height-mobile-landscape=\"60\" style=\"clear:both;display:block;\"><\/div>[vc_row_inner][vc_column_inner offset=&#8221;vc_col-lg-8 vc_col-md-8 vc_col-xs-12&#8243;][vc_column_text]<\/p>\n<h1><strong>Notre service client\u00e8le\u00a0<\/strong><\/h1>\n<p>BSV fournit un service client\u00e8le et propose des essais et des r\u00e9parations dans son propre atelier \u00e0 Vejen, au Danemark, o\u00f9 la qualit\u00e9 est de la plus haute importance.<\/p>\n<p>\u200bTous nos produits sont test\u00e9s dans notre banc d&#8217;essai avant d&#8217;\u00eatre exp\u00e9di\u00e9 au client.<\/p>\n<p>De plus, notre entreprise est certifi\u00e9e selon la norme ISO 9001:2015.[\/vc_column_text][vc_empty_space height=&#8221;30px&#8221;][vc_single_image image=&#8221;3634&#8243; img_size=&#8221;full&#8221;]<div class=\"ult-spacer spacer-69f00701b3990\" data-id=\"69f00701b3990\" data-height=\"0\" data-height-mobile=\"30\" data-height-tab=\"0\" data-height-tab-portrait=\"30\" data-height-mobile-landscape=\"30\" style=\"clear:both;display:block;\"><\/div>[\/vc_column_inner][vc_column_inner offset=&#8221;vc_col-lg-4 vc_col-md-4 vc_col-xs-12&#8243;][vc_wp_custommenu nav_menu=&#8221;19&#8243; el_class=&#8221;contact-sidebar&#8221;][\/vc_column_inner][\/vc_row_inner]<div class=\"ult-spacer spacer-69f00701b39b2\" data-id=\"69f00701b39b2\" data-height=\"90\" data-height-mobile=\"60\" data-height-tab=\"90\" data-height-tab-portrait=\"60\" data-height-mobile-landscape=\"60\" style=\"clear:both;display:block;\"><\/div>[\/vc_column][\/vc_row]<\/p>\n<\/div>","protected":false},"excerpt":{"rendered":"<p>[vc_row full_width=&#8221;stretch_row&#8221;][vc_column][vc_row_inner][vc_column_inner offset=&#8221;vc_col-lg-8 vc_col-md-8 vc_col-xs-12&#8243;][vc_column_text] Notre service client\u00e8le\u00a0 BSV fournit un service client\u00e8le et propose des essais et des r\u00e9parations dans son propre atelier \u00e0 Vejen, au Danemark, o\u00f9 la qualit\u00e9 est de la plus haute importance. \u200bTous nos produits sont test\u00e9s dans notre banc d&#8217;essai avant d&#8217;\u00eatre exp\u00e9di\u00e9 au client. De plus, notre entreprise &#8230; <a title=\"Notre service client\u00e8le\" class=\"read-more\" href=\"https:\/\/bsv.dk\/fr\/a-propos-de-bsv\/lequipe-de-service-bsv\/\" aria-label=\"Read more about Notre service client\u00e8le\">Lire plus<\/a><\/p>\n","protected":false},"author":1,"featured_media":0,"parent":6483,"menu_order":0,"comment_status":"closed","ping_status":"closed","template":"","meta":{"footnotes":""},"categories":[54],"class_list":{"0":"post-7889","1":"page","2":"type-page","3":"status-publish","5":"category-info-fr"},"yoast_head":"<!-- This site is optimized with the Yoast SEO plugin v27.4 - https:\/\/yoast.com\/product\/yoast-seo-wordpress\/ -->\n<title>Notre service client\u00e8le &#183; BSV<\/title>\n<meta name=\"robots\" content=\"index, follow, max-snippet:-1, max-image-preview:large, max-video-preview:-1\" \/>\n<link rel=\"canonical\" href=\"https:\/\/bsv.dk\/fr\/a-propos-de-bsv\/lequipe-de-service-bsv\/\" \/>\n<meta property=\"og:locale\" content=\"fr_FR\" \/>\n<meta property=\"og:type\" content=\"article\" \/>\n<meta property=\"og:title\" content=\"Notre service client\u00e8le &#183; BSV\" \/>\n<meta property=\"og:description\" content=\"[vc_row full_width=&#8221;stretch_row&#8221;][vc_column][vc_row_inner][vc_column_inner offset=&#8221;vc_col-lg-8 vc_col-md-8 vc_col-xs-12&#8243;][vc_column_text] Notre service client\u00e8le\u00a0 BSV fournit un service client\u00e8le et propose des essais et des r\u00e9parations dans son propre atelier \u00e0 Vejen, au Danemark, o\u00f9 la qualit\u00e9 est de la plus haute importance. \u200bTous nos produits sont test\u00e9s dans notre banc d&#8217;essai avant d&#8217;\u00eatre exp\u00e9di\u00e9 au client. De plus, notre entreprise ... Lire plus\" \/>\n<meta property=\"og:url\" content=\"https:\/\/bsv.dk\/fr\/a-propos-de-bsv\/lequipe-de-service-bsv\/\" \/>\n<meta property=\"og:site_name\" content=\"BSV\" \/>\n<meta property=\"article:modified_time\" content=\"2025-01-27T10:49:50+00:00\" \/>\n<meta name=\"twitter:card\" content=\"summary_large_image\" \/>\n<meta name=\"twitter:label1\" content=\"Est. reading time\" \/>\n\t<meta name=\"twitter:data1\" content=\"1 minute\" \/>\n<script type=\"application\/ld+json\" class=\"yoast-schema-graph\">{\"@context\":\"https:\\\/\\\/schema.org\",\"@graph\":[{\"@type\":\"WebPage\",\"@id\":\"https:\\\/\\\/bsv.dk\\\/fr\\\/a-propos-de-bsv\\\/lequipe-de-service-bsv\\\/\",\"url\":\"https:\\\/\\\/bsv.dk\\\/fr\\\/a-propos-de-bsv\\\/lequipe-de-service-bsv\\\/\",\"name\":\"Notre service client\u00e8le &#183; BSV\",\"isPartOf\":{\"@id\":\"https:\\\/\\\/bsv.dk\\\/#website\"},\"datePublished\":\"2022-07-13T05:40:33+00:00\",\"dateModified\":\"2025-01-27T10:49:50+00:00\",\"breadcrumb\":{\"@id\":\"https:\\\/\\\/bsv.dk\\\/fr\\\/a-propos-de-bsv\\\/lequipe-de-service-bsv\\\/#breadcrumb\"},\"inLanguage\":\"fr-FR\",\"potentialAction\":[{\"@type\":\"ReadAction\",\"target\":[\"https:\\\/\\\/bsv.dk\\\/fr\\\/a-propos-de-bsv\\\/lequipe-de-service-bsv\\\/\"]}]},{\"@type\":\"BreadcrumbList\",\"@id\":\"https:\\\/\\\/bsv.dk\\\/fr\\\/a-propos-de-bsv\\\/lequipe-de-service-bsv\\\/#breadcrumb\",\"itemListElement\":[{\"@type\":\"ListItem\",\"position\":1,\"name\":\"Hjem\",\"item\":\"https:\\\/\\\/bsv.dk\\\/fr\\\/\"},{\"@type\":\"ListItem\",\"position\":2,\"name\":\"\u00c0 propos de BSV\",\"item\":\"https:\\\/\\\/bsv.dk\\\/fr\\\/a-propos-de-bsv\\\/\"},{\"@type\":\"ListItem\",\"position\":3,\"name\":\"Notre service client\u00e8le\"}]},{\"@type\":\"WebSite\",\"@id\":\"https:\\\/\\\/bsv.dk\\\/#website\",\"url\":\"https:\\\/\\\/bsv.dk\\\/\",\"name\":\"BSV\",\"description\":\"L\u00f8fteudstyr og krantilbeh\u00f8r: K\u00f8b dit l\u00f8ftegrej og kran-udstyr\",\"publisher\":{\"@id\":\"https:\\\/\\\/bsv.dk\\\/#organization\"},\"potentialAction\":[{\"@type\":\"SearchAction\",\"target\":{\"@type\":\"EntryPoint\",\"urlTemplate\":\"https:\\\/\\\/bsv.dk\\\/?s={search_term_string}\"},\"query-input\":{\"@type\":\"PropertyValueSpecification\",\"valueRequired\":true,\"valueName\":\"search_term_string\"}}],\"inLanguage\":\"fr-FR\"},{\"@type\":\"Organization\",\"@id\":\"https:\\\/\\\/bsv.dk\\\/#organization\",\"name\":\"BSV\",\"url\":\"https:\\\/\\\/bsv.dk\\\/\",\"logo\":{\"@type\":\"ImageObject\",\"inLanguage\":\"fr-FR\",\"@id\":\"https:\\\/\\\/bsv.dk\\\/#\\\/schema\\\/logo\\\/image\\\/\",\"url\":\"https:\\\/\\\/bsv.dk\\\/wp-content\\\/uploads\\\/2022\\\/07\\\/bsv-logo.png\",\"contentUrl\":\"https:\\\/\\\/bsv.dk\\\/wp-content\\\/uploads\\\/2022\\\/07\\\/bsv-logo.png\",\"width\":594,\"height\":249,\"caption\":\"BSV\"},\"image\":{\"@id\":\"https:\\\/\\\/bsv.dk\\\/#\\\/schema\\\/logo\\\/image\\\/\"}}]}<\/script>\n<!-- \/ Yoast SEO plugin. -->","yoast_head_json":{"title":"Notre service client\u00e8le &#183; BSV","robots":{"index":"index","follow":"follow","max-snippet":"max-snippet:-1","max-image-preview":"max-image-preview:large","max-video-preview":"max-video-preview:-1"},"canonical":"https:\/\/bsv.dk\/fr\/a-propos-de-bsv\/lequipe-de-service-bsv\/","og_locale":"fr_FR","og_type":"article","og_title":"Notre service client\u00e8le &#183; BSV","og_description":"[vc_row full_width=&#8221;stretch_row&#8221;][vc_column][vc_row_inner][vc_column_inner offset=&#8221;vc_col-lg-8 vc_col-md-8 vc_col-xs-12&#8243;][vc_column_text] Notre service client\u00e8le\u00a0 BSV fournit un service client\u00e8le et propose des essais et des r\u00e9parations dans son propre atelier \u00e0 Vejen, au Danemark, o\u00f9 la qualit\u00e9 est de la plus haute importance. \u200bTous nos produits sont test\u00e9s dans notre banc d&#8217;essai avant d&#8217;\u00eatre exp\u00e9di\u00e9 au client. De plus, notre entreprise ... Lire plus","og_url":"https:\/\/bsv.dk\/fr\/a-propos-de-bsv\/lequipe-de-service-bsv\/","og_site_name":"BSV","article_modified_time":"2025-01-27T10:49:50+00:00","twitter_card":"summary_large_image","twitter_misc":{"Est. reading time":"1 minute"},"schema":{"@context":"https:\/\/schema.org","@graph":[{"@type":"WebPage","@id":"https:\/\/bsv.dk\/fr\/a-propos-de-bsv\/lequipe-de-service-bsv\/","url":"https:\/\/bsv.dk\/fr\/a-propos-de-bsv\/lequipe-de-service-bsv\/","name":"Notre service client\u00e8le &#183; BSV","isPartOf":{"@id":"https:\/\/bsv.dk\/#website"},"datePublished":"2022-07-13T05:40:33+00:00","dateModified":"2025-01-27T10:49:50+00:00","breadcrumb":{"@id":"https:\/\/bsv.dk\/fr\/a-propos-de-bsv\/lequipe-de-service-bsv\/#breadcrumb"},"inLanguage":"fr-FR","potentialAction":[{"@type":"ReadAction","target":["https:\/\/bsv.dk\/fr\/a-propos-de-bsv\/lequipe-de-service-bsv\/"]}]},{"@type":"BreadcrumbList","@id":"https:\/\/bsv.dk\/fr\/a-propos-de-bsv\/lequipe-de-service-bsv\/#breadcrumb","itemListElement":[{"@type":"ListItem","position":1,"name":"Hjem","item":"https:\/\/bsv.dk\/fr\/"},{"@type":"ListItem","position":2,"name":"\u00c0 propos de BSV","item":"https:\/\/bsv.dk\/fr\/a-propos-de-bsv\/"},{"@type":"ListItem","position":3,"name":"Notre service client\u00e8le"}]},{"@type":"WebSite","@id":"https:\/\/bsv.dk\/#website","url":"https:\/\/bsv.dk\/","name":"BSV","description":"L\u00f8fteudstyr og krantilbeh\u00f8r: K\u00f8b dit l\u00f8ftegrej og kran-udstyr","publisher":{"@id":"https:\/\/bsv.dk\/#organization"},"potentialAction":[{"@type":"SearchAction","target":{"@type":"EntryPoint","urlTemplate":"https:\/\/bsv.dk\/?s={search_term_string}"},"query-input":{"@type":"PropertyValueSpecification","valueRequired":true,"valueName":"search_term_string"}}],"inLanguage":"fr-FR"},{"@type":"Organization","@id":"https:\/\/bsv.dk\/#organization","name":"BSV","url":"https:\/\/bsv.dk\/","logo":{"@type":"ImageObject","inLanguage":"fr-FR","@id":"https:\/\/bsv.dk\/#\/schema\/logo\/image\/","url":"https:\/\/bsv.dk\/wp-content\/uploads\/2022\/07\/bsv-logo.png","contentUrl":"https:\/\/bsv.dk\/wp-content\/uploads\/2022\/07\/bsv-logo.png","width":594,"height":249,"caption":"BSV"},"image":{"@id":"https:\/\/bsv.dk\/#\/schema\/logo\/image\/"}}]}},"_links":{"self":[{"href":"https:\/\/bsv.dk\/fr\/wp-json\/wp\/v2\/pages\/7889","targetHints":{"allow":["GET"]}}],"collection":[{"href":"https:\/\/bsv.dk\/fr\/wp-json\/wp\/v2\/pages"}],"about":[{"href":"https:\/\/bsv.dk\/fr\/wp-json\/wp\/v2\/types\/page"}],"author":[{"embeddable":true,"href":"https:\/\/bsv.dk\/fr\/wp-json\/wp\/v2\/users\/1"}],"replies":[{"embeddable":true,"href":"https:\/\/bsv.dk\/fr\/wp-json\/wp\/v2\/comments?post=7889"}],"version-history":[{"count":3,"href":"https:\/\/bsv.dk\/fr\/wp-json\/wp\/v2\/pages\/7889\/revisions"}],"predecessor-version":[{"id":900854,"href":"https:\/\/bsv.dk\/fr\/wp-json\/wp\/v2\/pages\/7889\/revisions\/900854"}],"up":[{"embeddable":true,"href":"https:\/\/bsv.dk\/fr\/wp-json\/wp\/v2\/pages\/6483"}],"wp:attachment":[{"href":"https:\/\/bsv.dk\/fr\/wp-json\/wp\/v2\/media?parent=7889"}],"wp:term":[{"taxonomy":"category","embeddable":true,"href":"https:\/\/bsv.dk\/fr\/wp-json\/wp\/v2\/categories?post=7889"}],"curies":[{"name":"wp","href":"https:\/\/api.w.org\/{rel}","templated":true}]}}