{"id":7750,"date":"2022-08-31T12:08:35","date_gmt":"2022-08-31T10:08:35","guid":{"rendered":"https:\/\/bsv.dk\/pinces-mecaniques-bsv\/pour-les-blocs-lego\/"},"modified":"2026-02-18T08:39:25","modified_gmt":"2026-02-18T07:39:25","slug":"pour-les-blocs-lego","status":"publish","type":"page","link":"https:\/\/bsv.dk\/fr\/pinces-mecaniques-bsv\/pour-les-blocs-lego\/","title":{"rendered":"Pour blocs l\u00e9go"},"content":{"rendered":"<div class=\"wpb-content-wrapper\"><p>[vc_row full_width=&#8221;stretch_row&#8221;][vc_column]<div class=\"ult-spacer spacer-69efcc1d47faa\" data-id=\"69efcc1d47faa\" data-height=\"90\" data-height-mobile=\"60\" data-height-tab=\"90\" data-height-tab-portrait=\"60\" data-height-mobile-landscape=\"60\" style=\"clear:both;display:block;\"><\/div>[vc_row_inner equal_height=&#8221;yes&#8221;][vc_column_inner width=&#8221;1\/2&#8243;][vc_video link=&#8221;https:\/\/www.youtube.com\/watch?v=B5x3XgyTjn4&#8243;]<div class=\"ult-spacer spacer-69efcc1d47ff5\" data-id=\"69efcc1d47ff5\" data-height=\"0\" data-height-mobile=\"30\" data-height-tab=\"0\" data-height-tab-portrait=\"0\" data-height-mobile-landscape=\"30\" style=\"clear:both;display:block;\"><\/div>[\/vc_column_inner][vc_column_inner width=&#8221;1\/2&#8243;][vc_column_text]<\/p>\n<h1><strong>Grappin pour blocs de b\u00e9ton empilables <\/strong><\/h1>\n<p>[\/vc_column_text][vc_empty_space height=&#8221;30px&#8221;][vc_btn title=&#8221;Download PDF&#8221; style=&#8221;custom&#8221; custom_background=&#8221;#f7b639&#8243; custom_text=&#8221;#ffffff&#8221; shape=&#8221;square&#8221; size=&#8221;sm&#8221; align=&#8221;left&#8221; css=&#8221;&#8221; link=&#8221;url:https%3A%2F%2Fbsv.dk%2Fwp-content%2Fuploads%2F2026%2F02%2Fdatablad-tang-type-262150-gb.pdf|target:_blank&#8221;][vc_empty_space height=&#8221;30px&#8221;][vc_btn title=&#8221;Download PDF &#8211; avec pour les poches&#8221; style=&#8221;custom&#8221; custom_background=&#8221;#f7b639&#8243; custom_text=&#8221;#ffffff&#8221; shape=&#8221;square&#8221; size=&#8221;sm&#8221; align=&#8221;left&#8221; css=&#8221;&#8221; link=&#8221;url:https%3A%2F%2Fbsv.dk%2Fwp-content%2Fuploads%2F2026%2F02%2Fdatablad-tang-type-262150-with-fork-pockets-gb.pdf|target:_blank&#8221;][vc_empty_space height=&#8221;30px&#8221;][vc_column_text]Le grappin BSV type 262150 est la solution simple pour soulever et d\u00e9placer des \u00e9l\u00e9ments en b\u00e9ton empilables. Le grappin est dot\u00e9 d&#8217;un syst\u00e8me de verrouillage automatique, ce qui signifie qu&#8217;il s&#8217;agrippe une fois sur deux et se rel\u00e2che une fois sur deux lorsqu&#8217;il est actionn\u00e9 par le grutier. Il est \u00e9galement mont\u00e9 avec une barre de restriction pour prot\u00e9ger l&#8217;op\u00e9rateur de grue. L\u2019envergure de la pince est de 400 \u00e0 800 mm et elle peut soulever jusqu&#8217;\u00e0 2 500 kg.<\/p>\n<p>Ce grappin est un produit de qualit\u00e9 sup\u00e9rieure qui a \u00e9t\u00e9 d\u00e9velopp\u00e9 et fabriqu\u00e9 dans notre usine au Danemark.<\/p>\n<p>Tous nos grappins sont fabriqu\u00e9s \u00e0 100 % dans l&#8217;usine BSV au Danemark et sont test\u00e9s avant livraison et fournis avec une documentation compl\u00e8te. En plus de la couleur standard, BSV propose \u00e9galement d\u2019autres couleurs de peinture si besoin.<\/p>\n<p>N&#8217;h\u00e9sitez pas \u00e0 nous contacter concernant votre prochain projet de levage et nous vous aiderons \u00e0 trouver la pince de levage adapt\u00e9e.[\/vc_column_text][vc_empty_space height=&#8221;30px&#8221;][vc_btn title=&#8221;Webshop&#8221; style=&#8221;custom&#8221; custom_background=&#8221;#f7b639&#8243; custom_text=&#8221;#ffffff&#8221; shape=&#8221;square&#8221; size=&#8221;sm&#8221; align=&#8221;left&#8221; css=&#8221;&#8221; link=&#8221;url:https%3A%2F%2Fwww.bsv-shop.com%2F|target:_blank&#8221;][vc_empty_space height=&#8221;30px&#8221;][\/vc_column_inner][\/vc_row_inner][vc_row_inner equal_height=&#8221;yes&#8221; disable_element=&#8221;yes&#8221;][vc_column_inner width=&#8221;1\/2&#8243;][vc_media_grid style=&#8221;pagination&#8221; items_per_page=&#8221;1&#8243; element_width=&#8221;12&#8243; gap=&#8221;20&#8243; paging_color=&#8221;black&#8221; loop=&#8221;yes&#8221; grid_id=&#8221;vc_gid:1771400343997-1dda5866-2954-4&#8243; include=&#8221;7209,7201,7205&#8243;][\/vc_column_inner][vc_column_inner width=&#8221;1\/2&#8243;][vc_column_text]<\/p>\n<h1><strong>Grappin pour blocs de b\u00e9ton empilables <\/strong><\/h1>\n<p>[\/vc_column_text][vc_empty_space height=&#8221;30px&#8221;][vc_column_text]Le grappin BSV type 262150 est la solution simple pour soulever et d\u00e9placer des \u00e9l\u00e9ments en b\u00e9ton empilables. Le grappin est dot\u00e9 d&#8217;un syst\u00e8me de verrouillage automatique, ce qui signifie qu&#8217;il s&#8217;agrippe une fois sur deux et se rel\u00e2che une fois sur deux lorsqu&#8217;il est actionn\u00e9 par le grutier. Il est \u00e9galement mont\u00e9 avec une barre de restriction pour prot\u00e9ger l&#8217;op\u00e9rateur de grue. L\u2019envergure de la pince est de 400 \u00e0 800 mm et elle peut soulever jusqu&#8217;\u00e0 2 500 kg.<\/p>\n<p>Ce grappin est un produit de qualit\u00e9 sup\u00e9rieure qui a \u00e9t\u00e9 d\u00e9velopp\u00e9 et fabriqu\u00e9 dans notre usine au Danemark.<\/p>\n<p>Tous nos grappins sont fabriqu\u00e9s \u00e0 100 % dans l&#8217;usine BSV au Danemark et sont test\u00e9s avant livraison et fournis avec une documentation compl\u00e8te. En plus de la couleur standard, BSV propose \u00e9galement d\u2019autres couleurs de peinture si besoin.<\/p>\n<p>N&#8217;h\u00e9sitez pas \u00e0 nous contacter concernant votre prochain projet de levage et nous vous aiderons \u00e0 trouver la pince de levage adapt\u00e9e.[\/vc_column_text][\/vc_column_inner][\/vc_row_inner]<div class=\"ult-spacer spacer-69efcc1d48019\" data-id=\"69efcc1d48019\" data-height=\"90\" data-height-mobile=\"60\" data-height-tab=\"90\" data-height-tab-portrait=\"60\" data-height-mobile-landscape=\"60\" style=\"clear:both;display:block;\"><\/div>[\/vc_column][\/vc_row]<\/p>\n<\/div>","protected":false},"excerpt":{"rendered":"<p>[vc_row full_width=&#8221;stretch_row&#8221;][vc_column][vc_row_inner equal_height=&#8221;yes&#8221;][vc_column_inner width=&#8221;1\/2&#8243;][vc_video link=&#8221;https:\/\/www.youtube.com\/watch?v=B5x3XgyTjn4&#8243;][\/vc_column_inner][vc_column_inner width=&#8221;1\/2&#8243;][vc_column_text] Grappin pour blocs de b\u00e9ton empilables [\/vc_column_text][vc_empty_space height=&#8221;30px&#8221;][vc_btn title=&#8221;Download PDF&#8221; style=&#8221;custom&#8221; custom_background=&#8221;#f7b639&#8243; custom_text=&#8221;#ffffff&#8221; shape=&#8221;square&#8221; size=&#8221;sm&#8221; align=&#8221;left&#8221; css=&#8221;&#8221; link=&#8221;url:https%3A%2F%2Fbsv.dk%2Fwp-content%2Fuploads%2F2026%2F02%2Fdatablad-tang-type-262150-gb.pdf|target:_blank&#8221;][vc_empty_space height=&#8221;30px&#8221;][vc_btn title=&#8221;Download PDF &#8211; avec pour les poches&#8221; style=&#8221;custom&#8221; custom_background=&#8221;#f7b639&#8243; custom_text=&#8221;#ffffff&#8221; shape=&#8221;square&#8221; size=&#8221;sm&#8221; align=&#8221;left&#8221; css=&#8221;&#8221; link=&#8221;url:https%3A%2F%2Fbsv.dk%2Fwp-content%2Fuploads%2F2026%2F02%2Fdatablad-tang-type-262150-with-fork-pockets-gb.pdf|target:_blank&#8221;][vc_empty_space height=&#8221;30px&#8221;][vc_column_text]Le grappin BSV type 262150 est la solution simple pour soulever et d\u00e9placer des \u00e9l\u00e9ments &#8230; <a title=\"Pour blocs l\u00e9go\" class=\"read-more\" href=\"https:\/\/bsv.dk\/fr\/pinces-mecaniques-bsv\/pour-les-blocs-lego\/\" aria-label=\"Read more about Pour blocs l\u00e9go\">Lire plus<\/a><\/p>\n","protected":false},"author":1,"featured_media":0,"parent":6560,"menu_order":15,"comment_status":"closed","ping_status":"closed","template":"","meta":{"footnotes":""},"categories":[],"class_list":["post-7750","page","type-page","status-publish"],"yoast_head":"<!-- This site is optimized with the Yoast SEO plugin v27.4 - https:\/\/yoast.com\/product\/yoast-seo-wordpress\/ -->\n<title>Pour blocs l\u00e9go &#183; BSV<\/title>\n<meta name=\"robots\" content=\"index, follow, max-snippet:-1, max-image-preview:large, max-video-preview:-1\" \/>\n<link rel=\"canonical\" href=\"https:\/\/bsv.dk\/fr\/pinces-mecaniques-bsv\/pour-les-blocs-lego\/\" \/>\n<meta property=\"og:locale\" content=\"fr_FR\" \/>\n<meta property=\"og:type\" content=\"article\" \/>\n<meta property=\"og:title\" content=\"Pour blocs l\u00e9go &#183; BSV\" \/>\n<meta property=\"og:description\" content=\"[vc_row full_width=&#8221;stretch_row&#8221;][vc_column][vc_row_inner equal_height=&#8221;yes&#8221;][vc_column_inner width=&#8221;1\/2&#8243;][vc_video link=&#8221;https:\/\/www.youtube.com\/watch?v=B5x3XgyTjn4&#8243;][\/vc_column_inner][vc_column_inner width=&#8221;1\/2&#8243;][vc_column_text] Grappin pour blocs de b\u00e9ton empilables [\/vc_column_text][vc_empty_space height=&#8221;30px&#8221;][vc_btn title=&#8221;Download PDF&#8221; style=&#8221;custom&#8221; custom_background=&#8221;#f7b639&#8243; custom_text=&#8221;#ffffff&#8221; shape=&#8221;square&#8221; size=&#8221;sm&#8221; align=&#8221;left&#8221; css=&#8221;&#8221; link=&#8221;url:https%3A%2F%2Fbsv.dk%2Fwp-content%2Fuploads%2F2026%2F02%2Fdatablad-tang-type-262150-gb.pdf|target:_blank&#8221;][vc_empty_space height=&#8221;30px&#8221;][vc_btn title=&#8221;Download PDF &#8211; avec pour les poches&#8221; style=&#8221;custom&#8221; custom_background=&#8221;#f7b639&#8243; custom_text=&#8221;#ffffff&#8221; shape=&#8221;square&#8221; size=&#8221;sm&#8221; align=&#8221;left&#8221; css=&#8221;&#8221; link=&#8221;url:https%3A%2F%2Fbsv.dk%2Fwp-content%2Fuploads%2F2026%2F02%2Fdatablad-tang-type-262150-with-fork-pockets-gb.pdf|target:_blank&#8221;][vc_empty_space height=&#8221;30px&#8221;][vc_column_text]Le grappin BSV type 262150 est la solution simple pour soulever et d\u00e9placer des \u00e9l\u00e9ments ... Lire plus\" \/>\n<meta property=\"og:url\" content=\"https:\/\/bsv.dk\/fr\/pinces-mecaniques-bsv\/pour-les-blocs-lego\/\" \/>\n<meta property=\"og:site_name\" content=\"BSV\" \/>\n<meta property=\"article:modified_time\" content=\"2026-02-18T07:39:25+00:00\" \/>\n<meta name=\"twitter:card\" content=\"summary_large_image\" \/>\n<meta name=\"twitter:label1\" content=\"Est. reading time\" \/>\n\t<meta name=\"twitter:data1\" content=\"3 minutes\" \/>\n<script type=\"application\/ld+json\" class=\"yoast-schema-graph\">{\"@context\":\"https:\\\/\\\/schema.org\",\"@graph\":[{\"@type\":\"WebPage\",\"@id\":\"https:\\\/\\\/bsv.dk\\\/fr\\\/pinces-mecaniques-bsv\\\/pour-les-blocs-lego\\\/\",\"url\":\"https:\\\/\\\/bsv.dk\\\/fr\\\/pinces-mecaniques-bsv\\\/pour-les-blocs-lego\\\/\",\"name\":\"Pour blocs l\u00e9go &#183; BSV\",\"isPartOf\":{\"@id\":\"https:\\\/\\\/bsv.dk\\\/#website\"},\"datePublished\":\"2022-08-31T10:08:35+00:00\",\"dateModified\":\"2026-02-18T07:39:25+00:00\",\"breadcrumb\":{\"@id\":\"https:\\\/\\\/bsv.dk\\\/fr\\\/pinces-mecaniques-bsv\\\/pour-les-blocs-lego\\\/#breadcrumb\"},\"inLanguage\":\"fr-FR\",\"potentialAction\":[{\"@type\":\"ReadAction\",\"target\":[\"https:\\\/\\\/bsv.dk\\\/fr\\\/pinces-mecaniques-bsv\\\/pour-les-blocs-lego\\\/\"]}]},{\"@type\":\"BreadcrumbList\",\"@id\":\"https:\\\/\\\/bsv.dk\\\/fr\\\/pinces-mecaniques-bsv\\\/pour-les-blocs-lego\\\/#breadcrumb\",\"itemListElement\":[{\"@type\":\"ListItem\",\"position\":1,\"name\":\"Hjem\",\"item\":\"https:\\\/\\\/bsv.dk\\\/fr\\\/\"},{\"@type\":\"ListItem\",\"position\":2,\"name\":\"Pinces m\u00e9caniques\",\"item\":\"https:\\\/\\\/bsv.dk\\\/fr\\\/pinces-mecaniques-bsv\\\/\"},{\"@type\":\"ListItem\",\"position\":3,\"name\":\"Pour blocs l\u00e9go\"}]},{\"@type\":\"WebSite\",\"@id\":\"https:\\\/\\\/bsv.dk\\\/#website\",\"url\":\"https:\\\/\\\/bsv.dk\\\/\",\"name\":\"BSV\",\"description\":\"L\u00f8fteudstyr og krantilbeh\u00f8r: K\u00f8b dit l\u00f8ftegrej og kran-udstyr\",\"publisher\":{\"@id\":\"https:\\\/\\\/bsv.dk\\\/#organization\"},\"potentialAction\":[{\"@type\":\"SearchAction\",\"target\":{\"@type\":\"EntryPoint\",\"urlTemplate\":\"https:\\\/\\\/bsv.dk\\\/?s={search_term_string}\"},\"query-input\":{\"@type\":\"PropertyValueSpecification\",\"valueRequired\":true,\"valueName\":\"search_term_string\"}}],\"inLanguage\":\"fr-FR\"},{\"@type\":\"Organization\",\"@id\":\"https:\\\/\\\/bsv.dk\\\/#organization\",\"name\":\"BSV\",\"url\":\"https:\\\/\\\/bsv.dk\\\/\",\"logo\":{\"@type\":\"ImageObject\",\"inLanguage\":\"fr-FR\",\"@id\":\"https:\\\/\\\/bsv.dk\\\/#\\\/schema\\\/logo\\\/image\\\/\",\"url\":\"https:\\\/\\\/bsv.dk\\\/wp-content\\\/uploads\\\/2022\\\/07\\\/bsv-logo.png\",\"contentUrl\":\"https:\\\/\\\/bsv.dk\\\/wp-content\\\/uploads\\\/2022\\\/07\\\/bsv-logo.png\",\"width\":594,\"height\":249,\"caption\":\"BSV\"},\"image\":{\"@id\":\"https:\\\/\\\/bsv.dk\\\/#\\\/schema\\\/logo\\\/image\\\/\"}}]}<\/script>\n<!-- \/ Yoast SEO plugin. -->","yoast_head_json":{"title":"Pour blocs l\u00e9go &#183; BSV","robots":{"index":"index","follow":"follow","max-snippet":"max-snippet:-1","max-image-preview":"max-image-preview:large","max-video-preview":"max-video-preview:-1"},"canonical":"https:\/\/bsv.dk\/fr\/pinces-mecaniques-bsv\/pour-les-blocs-lego\/","og_locale":"fr_FR","og_type":"article","og_title":"Pour blocs l\u00e9go &#183; BSV","og_description":"[vc_row full_width=&#8221;stretch_row&#8221;][vc_column][vc_row_inner equal_height=&#8221;yes&#8221;][vc_column_inner width=&#8221;1\/2&#8243;][vc_video link=&#8221;https:\/\/www.youtube.com\/watch?v=B5x3XgyTjn4&#8243;][\/vc_column_inner][vc_column_inner width=&#8221;1\/2&#8243;][vc_column_text] Grappin pour blocs de b\u00e9ton empilables [\/vc_column_text][vc_empty_space height=&#8221;30px&#8221;][vc_btn title=&#8221;Download PDF&#8221; style=&#8221;custom&#8221; custom_background=&#8221;#f7b639&#8243; custom_text=&#8221;#ffffff&#8221; shape=&#8221;square&#8221; size=&#8221;sm&#8221; align=&#8221;left&#8221; css=&#8221;&#8221; link=&#8221;url:https%3A%2F%2Fbsv.dk%2Fwp-content%2Fuploads%2F2026%2F02%2Fdatablad-tang-type-262150-gb.pdf|target:_blank&#8221;][vc_empty_space height=&#8221;30px&#8221;][vc_btn title=&#8221;Download PDF &#8211; avec pour les poches&#8221; style=&#8221;custom&#8221; custom_background=&#8221;#f7b639&#8243; custom_text=&#8221;#ffffff&#8221; shape=&#8221;square&#8221; size=&#8221;sm&#8221; align=&#8221;left&#8221; css=&#8221;&#8221; link=&#8221;url:https%3A%2F%2Fbsv.dk%2Fwp-content%2Fuploads%2F2026%2F02%2Fdatablad-tang-type-262150-with-fork-pockets-gb.pdf|target:_blank&#8221;][vc_empty_space height=&#8221;30px&#8221;][vc_column_text]Le grappin BSV type 262150 est la solution simple pour soulever et d\u00e9placer des \u00e9l\u00e9ments ... Lire plus","og_url":"https:\/\/bsv.dk\/fr\/pinces-mecaniques-bsv\/pour-les-blocs-lego\/","og_site_name":"BSV","article_modified_time":"2026-02-18T07:39:25+00:00","twitter_card":"summary_large_image","twitter_misc":{"Est. reading time":"3 minutes"},"schema":{"@context":"https:\/\/schema.org","@graph":[{"@type":"WebPage","@id":"https:\/\/bsv.dk\/fr\/pinces-mecaniques-bsv\/pour-les-blocs-lego\/","url":"https:\/\/bsv.dk\/fr\/pinces-mecaniques-bsv\/pour-les-blocs-lego\/","name":"Pour blocs l\u00e9go &#183; BSV","isPartOf":{"@id":"https:\/\/bsv.dk\/#website"},"datePublished":"2022-08-31T10:08:35+00:00","dateModified":"2026-02-18T07:39:25+00:00","breadcrumb":{"@id":"https:\/\/bsv.dk\/fr\/pinces-mecaniques-bsv\/pour-les-blocs-lego\/#breadcrumb"},"inLanguage":"fr-FR","potentialAction":[{"@type":"ReadAction","target":["https:\/\/bsv.dk\/fr\/pinces-mecaniques-bsv\/pour-les-blocs-lego\/"]}]},{"@type":"BreadcrumbList","@id":"https:\/\/bsv.dk\/fr\/pinces-mecaniques-bsv\/pour-les-blocs-lego\/#breadcrumb","itemListElement":[{"@type":"ListItem","position":1,"name":"Hjem","item":"https:\/\/bsv.dk\/fr\/"},{"@type":"ListItem","position":2,"name":"Pinces m\u00e9caniques","item":"https:\/\/bsv.dk\/fr\/pinces-mecaniques-bsv\/"},{"@type":"ListItem","position":3,"name":"Pour blocs l\u00e9go"}]},{"@type":"WebSite","@id":"https:\/\/bsv.dk\/#website","url":"https:\/\/bsv.dk\/","name":"BSV","description":"L\u00f8fteudstyr og krantilbeh\u00f8r: K\u00f8b dit l\u00f8ftegrej og kran-udstyr","publisher":{"@id":"https:\/\/bsv.dk\/#organization"},"potentialAction":[{"@type":"SearchAction","target":{"@type":"EntryPoint","urlTemplate":"https:\/\/bsv.dk\/?s={search_term_string}"},"query-input":{"@type":"PropertyValueSpecification","valueRequired":true,"valueName":"search_term_string"}}],"inLanguage":"fr-FR"},{"@type":"Organization","@id":"https:\/\/bsv.dk\/#organization","name":"BSV","url":"https:\/\/bsv.dk\/","logo":{"@type":"ImageObject","inLanguage":"fr-FR","@id":"https:\/\/bsv.dk\/#\/schema\/logo\/image\/","url":"https:\/\/bsv.dk\/wp-content\/uploads\/2022\/07\/bsv-logo.png","contentUrl":"https:\/\/bsv.dk\/wp-content\/uploads\/2022\/07\/bsv-logo.png","width":594,"height":249,"caption":"BSV"},"image":{"@id":"https:\/\/bsv.dk\/#\/schema\/logo\/image\/"}}]}},"_links":{"self":[{"href":"https:\/\/bsv.dk\/fr\/wp-json\/wp\/v2\/pages\/7750","targetHints":{"allow":["GET"]}}],"collection":[{"href":"https:\/\/bsv.dk\/fr\/wp-json\/wp\/v2\/pages"}],"about":[{"href":"https:\/\/bsv.dk\/fr\/wp-json\/wp\/v2\/types\/page"}],"author":[{"embeddable":true,"href":"https:\/\/bsv.dk\/fr\/wp-json\/wp\/v2\/users\/1"}],"replies":[{"embeddable":true,"href":"https:\/\/bsv.dk\/fr\/wp-json\/wp\/v2\/comments?post=7750"}],"version-history":[{"count":9,"href":"https:\/\/bsv.dk\/fr\/wp-json\/wp\/v2\/pages\/7750\/revisions"}],"predecessor-version":[{"id":902160,"href":"https:\/\/bsv.dk\/fr\/wp-json\/wp\/v2\/pages\/7750\/revisions\/902160"}],"up":[{"embeddable":true,"href":"https:\/\/bsv.dk\/fr\/wp-json\/wp\/v2\/pages\/6560"}],"wp:attachment":[{"href":"https:\/\/bsv.dk\/fr\/wp-json\/wp\/v2\/media?parent=7750"}],"wp:term":[{"taxonomy":"category","embeddable":true,"href":"https:\/\/bsv.dk\/fr\/wp-json\/wp\/v2\/categories?post=7750"}],"curies":[{"name":"wp","href":"https:\/\/api.w.org\/{rel}","templated":true}]}}