{"id":7703,"date":"2022-07-13T07:58:46","date_gmt":"2022-07-13T05:58:46","guid":{"rendered":"https:\/\/bsv.dk\/grappins\/grappin-ks\/grappin-de-marchepied\/"},"modified":"2026-02-12T09:13:57","modified_gmt":"2026-02-12T08:13:57","slug":"grappin-de-marchepied","status":"publish","type":"page","link":"https:\/\/bsv.dk\/fr\/grappins\/grappin-ks\/grappin-de-marchepied\/","title":{"rendered":"Pour plaques de chauss\u00e9e en acier"},"content":{"rendered":"<div class=\"wpb-content-wrapper\"><p>[vc_row full_width=&#8221;stretch_row&#8221; el_class=&#8221;produkter&#8221;][vc_column]<div class=\"ult-spacer spacer-69f03c42dadd6\" data-id=\"69f03c42dadd6\" data-height=\"90\" data-height-mobile=\"60\" data-height-tab=\"90\" data-height-tab-portrait=\"60\" data-height-mobile-landscape=\"60\" style=\"clear:both;display:block;\"><\/div>[vc_row_inner equal_height=&#8221;yes&#8221;][vc_column_inner offset=&#8221;vc_col-lg-6 vc_col-md-6 vc_col-xs-12&#8243;][vc_media_grid style=&#8221;pagination&#8221; items_per_page=&#8221;1&#8243; element_width=&#8221;12&#8243; gap=&#8221;0&#8243; arrows_design=&#8221;vc_arrow-icon-arrow_01_left&#8221; arrows_position=&#8221;outside&#8221; arrows_color=&#8221;black&#8221; paging_design=&#8221;none&#8221; loop=&#8221;yes&#8221; css=&#8221;&#8221; grid_id=&#8221;vc_gid:1770883975117-0d1c6295-0a08-3&#8243; include=&#8221;8558,8554&#8243;]<div class=\"ult-spacer spacer-69f03c42dae28\" data-id=\"69f03c42dae28\" data-height=\"0\" data-height-mobile=\"30\" data-height-tab=\"0\" data-height-tab-portrait=\"30\" data-height-mobile-landscape=\"30\" style=\"clear:both;display:block;\"><\/div>[\/vc_column_inner][vc_column_inner offset=&#8221;vc_col-lg-6 vc_col-md-6 vc_col-xs-12&#8243;][vc_column_text]<\/p>\n<h1><strong>Grappin KS II pour plaques de chauss\u00e9e en acier<\/strong><\/h1>\n<h2>\u200b\u200b<\/h2>\n<p>[\/vc_column_text][vc_empty_space height=&#8221;30px&#8221;][vc_column_text]BSV a \u00e9galement d\u00e9velopp\u00e9 un grappin pour la manutention des plaques de chauss\u00e9e en acier en toute s\u00e9curit\u00e9.<\/p>\n<p>Le grappin peut aussi \u00eatre utilis\u00e9 pour charger de la terre, du sable et d&#8217;autres mat\u00e9riaux et manutentionner en m\u00eame temps des plaques de chauss\u00e9e en acier. Ceci est possible gr\u00e2ce aux grappins KS de BSV qui sont \u00e9quip\u00e9s d&#8217;un clapet anti-retour int\u00e9gr\u00e9 \u00e0 l\u2019int\u00e9rieur du v\u00e9rin, ce qui signifie que la charge est retenue m\u00eame en cas de rupture d\u2019un tuyau de la grue.<\/p>\n<p>Le grappin est disponible en diff\u00e9rentes tailles, telles que 385, 530 ou 700 litres et est disponible en tant que benne preneuse ferm\u00e9e ou dans une version ouverte avec des parois lat\u00e9rales amovibles, qui peuvent \u00eatre mont\u00e9es sans utiliser d\u2019outils manuels.<\/p>\n<p>Ce grappin est con\u00e7u avec une faible hauteur d&#8217;installation et une grande ouverture.[\/vc_column_text][\/vc_column_inner][\/vc_row_inner]<div class=\"ult-spacer spacer-69f03c42dae4b\" data-id=\"69f03c42dae4b\" data-height=\"90\" data-height-mobile=\"60\" data-height-tab=\"90\" data-height-tab-portrait=\"60\" data-height-mobile-landscape=\"60\" style=\"clear:both;display:block;\"><\/div>[\/vc_column][\/vc_row][vc_row full_width=&#8221;stretch_row&#8221; css=&#8221;.vc_custom_1660146539549{background-color: #f7f7f7 !important;}&#8221;][vc_column]<div class=\"ult-spacer spacer-69f03c42dae6a\" data-id=\"69f03c42dae6a\" data-height=\"90\" data-height-mobile=\"60\" data-height-tab=\"90\" data-height-tab-portrait=\"60\" data-height-mobile-landscape=\"60\" style=\"clear:both;display:block;\"><\/div>[vc_row_inner][vc_column_inner offset=&#8221;vc_col-lg-8 vc_col-md-8 vc_col-xs-12&#8243;]<div class=\"ult-spacer spacer-69f03c42dae86\" data-id=\"69f03c42dae86\" data-height=\"0\" data-height-mobile=\"30\" data-height-tab=\"0\" data-height-tab-portrait=\"30\" data-height-mobile-landscape=\"30\" style=\"clear:both;display:block;\"><\/div>[\/vc_column_inner][vc_column_inner offset=&#8221;vc_col-lg-4 vc_col-md-4 vc_col-xs-12&#8243;][\/vc_column_inner][\/vc_row_inner]<div class=\"ult-spacer spacer-69f03c42daea1\" data-id=\"69f03c42daea1\" data-height=\"90\" data-height-mobile=\"60\" data-height-tab=\"90\" data-height-tab-portrait=\"60\" data-height-mobile-landscape=\"60\" style=\"clear:both;display:block;\"><\/div>[\/vc_column][\/vc_row]<\/p>\n<\/div>","protected":false},"excerpt":{"rendered":"<p>[vc_row full_width=&#8221;stretch_row&#8221; el_class=&#8221;produkter&#8221;][vc_column][vc_row_inner equal_height=&#8221;yes&#8221;][vc_column_inner offset=&#8221;vc_col-lg-6 vc_col-md-6 vc_col-xs-12&#8243;][vc_media_grid style=&#8221;pagination&#8221; items_per_page=&#8221;1&#8243; element_width=&#8221;12&#8243; gap=&#8221;0&#8243; arrows_design=&#8221;vc_arrow-icon-arrow_01_left&#8221; arrows_position=&#8221;outside&#8221; arrows_color=&#8221;black&#8221; paging_design=&#8221;none&#8221; loop=&#8221;yes&#8221; css=&#8221;&#8221; grid_id=&#8221;vc_gid:1770883975117-0d1c6295-0a08-3&#8243; include=&#8221;8558,8554&#8243;][\/vc_column_inner][vc_column_inner offset=&#8221;vc_col-lg-6 vc_col-md-6 vc_col-xs-12&#8243;][vc_column_text] Grappin KS II pour plaques de chauss\u00e9e en acier \u200b\u200b [\/vc_column_text][vc_empty_space height=&#8221;30px&#8221;][vc_column_text]BSV a \u00e9galement d\u00e9velopp\u00e9 un grappin pour la manutention des plaques de chauss\u00e9e en acier en toute s\u00e9curit\u00e9. Le grappin peut aussi &#8230; <a title=\"Pour plaques de chauss\u00e9e en acier\" class=\"read-more\" href=\"https:\/\/bsv.dk\/fr\/grappins\/grappin-ks\/grappin-de-marchepied\/\" aria-label=\"Read more about Pour plaques de chauss\u00e9e en acier\">Lire plus<\/a><\/p>\n","protected":false},"author":1,"featured_media":0,"parent":6453,"menu_order":8,"comment_status":"closed","ping_status":"closed","template":"","meta":{"footnotes":""},"categories":[],"class_list":["post-7703","page","type-page","status-publish"],"yoast_head":"<!-- This site is optimized with the Yoast SEO plugin v27.4 - https:\/\/yoast.com\/product\/yoast-seo-wordpress\/ -->\n<title>Pour plaques de chauss\u00e9e en acier &#183; BSV<\/title>\n<meta name=\"robots\" content=\"index, follow, max-snippet:-1, max-image-preview:large, max-video-preview:-1\" \/>\n<link rel=\"canonical\" href=\"https:\/\/bsv.dk\/fr\/grappins\/grappin-ks\/grappin-de-marchepied\/\" \/>\n<meta property=\"og:locale\" content=\"fr_FR\" \/>\n<meta property=\"og:type\" content=\"article\" \/>\n<meta property=\"og:title\" content=\"Pour plaques de chauss\u00e9e en acier &#183; BSV\" \/>\n<meta property=\"og:description\" content=\"[vc_row full_width=&#8221;stretch_row&#8221; el_class=&#8221;produkter&#8221;][vc_column][vc_row_inner equal_height=&#8221;yes&#8221;][vc_column_inner offset=&#8221;vc_col-lg-6 vc_col-md-6 vc_col-xs-12&#8243;][vc_media_grid style=&#8221;pagination&#8221; items_per_page=&#8221;1&#8243; element_width=&#8221;12&#8243; gap=&#8221;0&#8243; arrows_design=&#8221;vc_arrow-icon-arrow_01_left&#8221; arrows_position=&#8221;outside&#8221; arrows_color=&#8221;black&#8221; paging_design=&#8221;none&#8221; loop=&#8221;yes&#8221; css=&#8221;&#8221; grid_id=&#8221;vc_gid:1770883975117-0d1c6295-0a08-3&#8243; include=&#8221;8558,8554&#8243;][\/vc_column_inner][vc_column_inner offset=&#8221;vc_col-lg-6 vc_col-md-6 vc_col-xs-12&#8243;][vc_column_text] Grappin KS II pour plaques de chauss\u00e9e en acier \u200b\u200b [\/vc_column_text][vc_empty_space height=&#8221;30px&#8221;][vc_column_text]BSV a \u00e9galement d\u00e9velopp\u00e9 un grappin pour la manutention des plaques de chauss\u00e9e en acier en toute s\u00e9curit\u00e9. Le grappin peut aussi ... Lire plus\" \/>\n<meta property=\"og:url\" content=\"https:\/\/bsv.dk\/fr\/grappins\/grappin-ks\/grappin-de-marchepied\/\" \/>\n<meta property=\"og:site_name\" content=\"BSV\" \/>\n<meta property=\"article:modified_time\" content=\"2026-02-12T08:13:57+00:00\" \/>\n<meta name=\"twitter:card\" content=\"summary_large_image\" \/>\n<meta name=\"twitter:label1\" content=\"Est. reading time\" \/>\n\t<meta name=\"twitter:data1\" content=\"2 minutes\" \/>\n<script type=\"application\/ld+json\" class=\"yoast-schema-graph\">{\"@context\":\"https:\\\/\\\/schema.org\",\"@graph\":[{\"@type\":\"WebPage\",\"@id\":\"https:\\\/\\\/bsv.dk\\\/fr\\\/grappins\\\/grappin-ks\\\/grappin-de-marchepied\\\/\",\"url\":\"https:\\\/\\\/bsv.dk\\\/fr\\\/grappins\\\/grappin-ks\\\/grappin-de-marchepied\\\/\",\"name\":\"Pour plaques de chauss\u00e9e en acier &#183; BSV\",\"isPartOf\":{\"@id\":\"https:\\\/\\\/bsv.dk\\\/#website\"},\"datePublished\":\"2022-07-13T05:58:46+00:00\",\"dateModified\":\"2026-02-12T08:13:57+00:00\",\"breadcrumb\":{\"@id\":\"https:\\\/\\\/bsv.dk\\\/fr\\\/grappins\\\/grappin-ks\\\/grappin-de-marchepied\\\/#breadcrumb\"},\"inLanguage\":\"fr-FR\",\"potentialAction\":[{\"@type\":\"ReadAction\",\"target\":[\"https:\\\/\\\/bsv.dk\\\/fr\\\/grappins\\\/grappin-ks\\\/grappin-de-marchepied\\\/\"]}]},{\"@type\":\"BreadcrumbList\",\"@id\":\"https:\\\/\\\/bsv.dk\\\/fr\\\/grappins\\\/grappin-ks\\\/grappin-de-marchepied\\\/#breadcrumb\",\"itemListElement\":[{\"@type\":\"ListItem\",\"position\":1,\"name\":\"Hjem\",\"item\":\"https:\\\/\\\/bsv.dk\\\/fr\\\/\"},{\"@type\":\"ListItem\",\"position\":2,\"name\":\"Grappin hydraulique\",\"item\":\"https:\\\/\\\/bsv.dk\\\/fr\\\/grappins\\\/\"},{\"@type\":\"ListItem\",\"position\":3,\"name\":\"Grappin KS II\",\"item\":\"https:\\\/\\\/bsv.dk\\\/fr\\\/grappins\\\/grappin-ks\\\/\"},{\"@type\":\"ListItem\",\"position\":4,\"name\":\"Pour plaques de chauss\u00e9e en acier\"}]},{\"@type\":\"WebSite\",\"@id\":\"https:\\\/\\\/bsv.dk\\\/#website\",\"url\":\"https:\\\/\\\/bsv.dk\\\/\",\"name\":\"BSV\",\"description\":\"L\u00f8fteudstyr og krantilbeh\u00f8r: K\u00f8b dit l\u00f8ftegrej og kran-udstyr\",\"publisher\":{\"@id\":\"https:\\\/\\\/bsv.dk\\\/#organization\"},\"potentialAction\":[{\"@type\":\"SearchAction\",\"target\":{\"@type\":\"EntryPoint\",\"urlTemplate\":\"https:\\\/\\\/bsv.dk\\\/?s={search_term_string}\"},\"query-input\":{\"@type\":\"PropertyValueSpecification\",\"valueRequired\":true,\"valueName\":\"search_term_string\"}}],\"inLanguage\":\"fr-FR\"},{\"@type\":\"Organization\",\"@id\":\"https:\\\/\\\/bsv.dk\\\/#organization\",\"name\":\"BSV\",\"url\":\"https:\\\/\\\/bsv.dk\\\/\",\"logo\":{\"@type\":\"ImageObject\",\"inLanguage\":\"fr-FR\",\"@id\":\"https:\\\/\\\/bsv.dk\\\/#\\\/schema\\\/logo\\\/image\\\/\",\"url\":\"https:\\\/\\\/bsv.dk\\\/wp-content\\\/uploads\\\/2022\\\/07\\\/bsv-logo.png\",\"contentUrl\":\"https:\\\/\\\/bsv.dk\\\/wp-content\\\/uploads\\\/2022\\\/07\\\/bsv-logo.png\",\"width\":594,\"height\":249,\"caption\":\"BSV\"},\"image\":{\"@id\":\"https:\\\/\\\/bsv.dk\\\/#\\\/schema\\\/logo\\\/image\\\/\"}}]}<\/script>\n<!-- \/ Yoast SEO plugin. -->","yoast_head_json":{"title":"Pour plaques de chauss\u00e9e en acier &#183; BSV","robots":{"index":"index","follow":"follow","max-snippet":"max-snippet:-1","max-image-preview":"max-image-preview:large","max-video-preview":"max-video-preview:-1"},"canonical":"https:\/\/bsv.dk\/fr\/grappins\/grappin-ks\/grappin-de-marchepied\/","og_locale":"fr_FR","og_type":"article","og_title":"Pour plaques de chauss\u00e9e en acier &#183; BSV","og_description":"[vc_row full_width=&#8221;stretch_row&#8221; el_class=&#8221;produkter&#8221;][vc_column][vc_row_inner equal_height=&#8221;yes&#8221;][vc_column_inner offset=&#8221;vc_col-lg-6 vc_col-md-6 vc_col-xs-12&#8243;][vc_media_grid style=&#8221;pagination&#8221; items_per_page=&#8221;1&#8243; element_width=&#8221;12&#8243; gap=&#8221;0&#8243; arrows_design=&#8221;vc_arrow-icon-arrow_01_left&#8221; arrows_position=&#8221;outside&#8221; arrows_color=&#8221;black&#8221; paging_design=&#8221;none&#8221; loop=&#8221;yes&#8221; css=&#8221;&#8221; grid_id=&#8221;vc_gid:1770883975117-0d1c6295-0a08-3&#8243; include=&#8221;8558,8554&#8243;][\/vc_column_inner][vc_column_inner offset=&#8221;vc_col-lg-6 vc_col-md-6 vc_col-xs-12&#8243;][vc_column_text] Grappin KS II pour plaques de chauss\u00e9e en acier \u200b\u200b [\/vc_column_text][vc_empty_space height=&#8221;30px&#8221;][vc_column_text]BSV a \u00e9galement d\u00e9velopp\u00e9 un grappin pour la manutention des plaques de chauss\u00e9e en acier en toute s\u00e9curit\u00e9. Le grappin peut aussi ... Lire plus","og_url":"https:\/\/bsv.dk\/fr\/grappins\/grappin-ks\/grappin-de-marchepied\/","og_site_name":"BSV","article_modified_time":"2026-02-12T08:13:57+00:00","twitter_card":"summary_large_image","twitter_misc":{"Est. reading time":"2 minutes"},"schema":{"@context":"https:\/\/schema.org","@graph":[{"@type":"WebPage","@id":"https:\/\/bsv.dk\/fr\/grappins\/grappin-ks\/grappin-de-marchepied\/","url":"https:\/\/bsv.dk\/fr\/grappins\/grappin-ks\/grappin-de-marchepied\/","name":"Pour plaques de chauss\u00e9e en acier &#183; BSV","isPartOf":{"@id":"https:\/\/bsv.dk\/#website"},"datePublished":"2022-07-13T05:58:46+00:00","dateModified":"2026-02-12T08:13:57+00:00","breadcrumb":{"@id":"https:\/\/bsv.dk\/fr\/grappins\/grappin-ks\/grappin-de-marchepied\/#breadcrumb"},"inLanguage":"fr-FR","potentialAction":[{"@type":"ReadAction","target":["https:\/\/bsv.dk\/fr\/grappins\/grappin-ks\/grappin-de-marchepied\/"]}]},{"@type":"BreadcrumbList","@id":"https:\/\/bsv.dk\/fr\/grappins\/grappin-ks\/grappin-de-marchepied\/#breadcrumb","itemListElement":[{"@type":"ListItem","position":1,"name":"Hjem","item":"https:\/\/bsv.dk\/fr\/"},{"@type":"ListItem","position":2,"name":"Grappin hydraulique","item":"https:\/\/bsv.dk\/fr\/grappins\/"},{"@type":"ListItem","position":3,"name":"Grappin KS II","item":"https:\/\/bsv.dk\/fr\/grappins\/grappin-ks\/"},{"@type":"ListItem","position":4,"name":"Pour plaques de chauss\u00e9e en acier"}]},{"@type":"WebSite","@id":"https:\/\/bsv.dk\/#website","url":"https:\/\/bsv.dk\/","name":"BSV","description":"L\u00f8fteudstyr og krantilbeh\u00f8r: K\u00f8b dit l\u00f8ftegrej og kran-udstyr","publisher":{"@id":"https:\/\/bsv.dk\/#organization"},"potentialAction":[{"@type":"SearchAction","target":{"@type":"EntryPoint","urlTemplate":"https:\/\/bsv.dk\/?s={search_term_string}"},"query-input":{"@type":"PropertyValueSpecification","valueRequired":true,"valueName":"search_term_string"}}],"inLanguage":"fr-FR"},{"@type":"Organization","@id":"https:\/\/bsv.dk\/#organization","name":"BSV","url":"https:\/\/bsv.dk\/","logo":{"@type":"ImageObject","inLanguage":"fr-FR","@id":"https:\/\/bsv.dk\/#\/schema\/logo\/image\/","url":"https:\/\/bsv.dk\/wp-content\/uploads\/2022\/07\/bsv-logo.png","contentUrl":"https:\/\/bsv.dk\/wp-content\/uploads\/2022\/07\/bsv-logo.png","width":594,"height":249,"caption":"BSV"},"image":{"@id":"https:\/\/bsv.dk\/#\/schema\/logo\/image\/"}}]}},"_links":{"self":[{"href":"https:\/\/bsv.dk\/fr\/wp-json\/wp\/v2\/pages\/7703","targetHints":{"allow":["GET"]}}],"collection":[{"href":"https:\/\/bsv.dk\/fr\/wp-json\/wp\/v2\/pages"}],"about":[{"href":"https:\/\/bsv.dk\/fr\/wp-json\/wp\/v2\/types\/page"}],"author":[{"embeddable":true,"href":"https:\/\/bsv.dk\/fr\/wp-json\/wp\/v2\/users\/1"}],"replies":[{"embeddable":true,"href":"https:\/\/bsv.dk\/fr\/wp-json\/wp\/v2\/comments?post=7703"}],"version-history":[{"count":7,"href":"https:\/\/bsv.dk\/fr\/wp-json\/wp\/v2\/pages\/7703\/revisions"}],"predecessor-version":[{"id":901892,"href":"https:\/\/bsv.dk\/fr\/wp-json\/wp\/v2\/pages\/7703\/revisions\/901892"}],"up":[{"embeddable":true,"href":"https:\/\/bsv.dk\/fr\/wp-json\/wp\/v2\/pages\/6453"}],"wp:attachment":[{"href":"https:\/\/bsv.dk\/fr\/wp-json\/wp\/v2\/media?parent=7703"}],"wp:term":[{"taxonomy":"category","embeddable":true,"href":"https:\/\/bsv.dk\/fr\/wp-json\/wp\/v2\/categories?post=7703"}],"curies":[{"name":"wp","href":"https:\/\/api.w.org\/{rel}","templated":true}]}}