{"id":6760,"date":"2022-07-13T07:33:46","date_gmt":"2022-07-13T05:33:46","guid":{"rendered":"https:\/\/bsv.dk\/leve-palettes\/changement-de-position-des-plaques\/"},"modified":"2025-05-13T15:52:13","modified_gmt":"2025-05-13T13:52:13","slug":"changement-de-position-des-plaques","status":"publish","type":"page","link":"https:\/\/bsv.dk\/fr\/leve-palettes\/changement-de-position-des-plaques\/","title":{"rendered":"Changement de position de plaques"},"content":{"rendered":"<div class=\"wpb-content-wrapper\"><p>[vc_row full_width=&#8221;stretch_row&#8221; el_class=&#8221;produkter&#8221;][vc_column]<div class=\"ult-spacer spacer-69f0307097343\" data-id=\"69f0307097343\" data-height=\"90\" data-height-mobile=\"60\" data-height-tab=\"90\" data-height-tab-portrait=\"60\" data-height-mobile-landscape=\"60\" style=\"clear:both;display:block;\"><\/div>[vc_row_inner equal_height=&#8221;yes&#8221;][vc_column_inner offset=&#8221;vc_col-lg-6 vc_col-md-6 vc_col-xs-12&#8243;][vc_media_grid style=&#8221;pagination&#8221; items_per_page=&#8221;1&#8243; element_width=&#8221;12&#8243; gap=&#8221;20&#8243; arrows_design=&#8221;vc_arrow-icon-arrow_01_left&#8221; arrows_position=&#8221;outside&#8221; arrows_color=&#8221;black&#8221; paging_design=&#8221;none&#8221; loop=&#8221;yes&#8221; item=&#8221;2845&#8243; grid_id=&#8221;vc_gid:1747144275735-c98e978f-d52b-3&#8243; include=&#8221;7575,901049,901045,5650,5642,5646&#8243;]<div class=\"ult-spacer spacer-69f030709738a\" data-id=\"69f030709738a\" data-height=\"0\" data-height-mobile=\"30\" data-height-tab=\"0\" data-height-tab-portrait=\"30\" data-height-mobile-landscape=\"30\" style=\"clear:both;display:block;\"><\/div>[\/vc_column_inner][vc_column_inner offset=&#8221;vc_col-lg-6 vc_col-md-6 vc_col-xs-12&#8243;][vc_column_text]<\/p>\n<h1><strong>L\u00e8ve-palette BSV pour la manutention et le changement de position de plaques de pl\u00e2tre<\/strong><\/h1>\n<p>BSV propose 3 types de l\u00e8ve-palettes pour le changement de position des plaques de pl\u00e2tre. Les l\u00e8ve-palettes BSV sont fabriqu\u00e9s en acier \u00e0 haute r\u00e9sistance, sont extr\u00eamement solides et robustes et ont un faible poids.<\/p>\n<p>Nos l\u00e8ve-palettes pour le changement de position de plaques sont sp\u00e9cialement con\u00e7us pour retourner et manipuler des plaques de pl\u00e2tre et des ensembles de plaques et pour faciliter la manutention de plaques par ex. portes et fen\u00eatres dans les b\u00e2timents \u00e0 plusieurs \u00e9tages. Ce l\u00e8ve-palette peut manipuler des plaques de pl\u00e2tre en position verticale et horizontale.<\/p>\n<p>Ce l\u00e8ve-palette est con\u00e7u avec un bras de levage pivotant qui peut \u00eatre r\u00e9gl\u00e9 pour le levage \u00e0 vide, le levage horizontal et vertical. Il est possible de manipuler et de d\u00e9placer des paquets couch\u00e9s, ou de les soulever de la position couch\u00e9e et de les tourner verticalement et de les soulever \u00e0 partir de l\u00e0, simplement en tournant le bras de levage sur le l\u00e8ve-palette.<\/p>\n<p>Ce l\u00e8ve-palette peut \u00eatre fourni avec une suspension adapt\u00e9e \u00e0 la grue existante.<\/p>\n<p>Tous nos l\u00e8ve-palettes sont fabriqu\u00e9s \u00e0 100 % dans l&#8217;usine BSV au Danemark et sont test\u00e9s avant livraison et fournis avec une documentation compl\u00e8te. En plus de la couleur standard, BSV propose \u00e9galement d\u2019autres couleurs de peinture si besoin.[\/vc_column_text][\/vc_column_inner][\/vc_row_inner]<div class=\"ult-spacer spacer-69f03070973ac\" data-id=\"69f03070973ac\" data-height=\"90\" data-height-mobile=\"60\" data-height-tab=\"90\" data-height-tab-portrait=\"60\" data-height-mobile-landscape=\"60\" style=\"clear:both;display:block;\"><\/div>[\/vc_column][\/vc_row]<\/p>\n<\/div>","protected":false},"excerpt":{"rendered":"<p>[vc_row full_width=&#8221;stretch_row&#8221; el_class=&#8221;produkter&#8221;][vc_column][vc_row_inner equal_height=&#8221;yes&#8221;][vc_column_inner offset=&#8221;vc_col-lg-6 vc_col-md-6 vc_col-xs-12&#8243;][vc_media_grid style=&#8221;pagination&#8221; items_per_page=&#8221;1&#8243; element_width=&#8221;12&#8243; gap=&#8221;20&#8243; arrows_design=&#8221;vc_arrow-icon-arrow_01_left&#8221; arrows_position=&#8221;outside&#8221; arrows_color=&#8221;black&#8221; paging_design=&#8221;none&#8221; loop=&#8221;yes&#8221; item=&#8221;2845&#8243; grid_id=&#8221;vc_gid:1747144275735-c98e978f-d52b-3&#8243; include=&#8221;7575,901049,901045,5650,5642,5646&#8243;][\/vc_column_inner][vc_column_inner offset=&#8221;vc_col-lg-6 vc_col-md-6 vc_col-xs-12&#8243;][vc_column_text] L\u00e8ve-palette BSV pour la manutention et le changement de position de plaques de pl\u00e2tre BSV propose 3 types de l\u00e8ve-palettes pour le changement de position des plaques de pl\u00e2tre. Les l\u00e8ve-palettes BSV sont &#8230; <a title=\"Changement de position de plaques\" class=\"read-more\" href=\"https:\/\/bsv.dk\/fr\/leve-palettes\/changement-de-position-des-plaques\/\" aria-label=\"Read more about Changement de position de plaques\">Lire plus<\/a><\/p>\n","protected":false},"author":1,"featured_media":0,"parent":6660,"menu_order":0,"comment_status":"closed","ping_status":"closed","template":"","meta":{"footnotes":""},"categories":[55],"class_list":{"0":"post-6760","1":"page","2":"type-page","3":"status-publish","5":"category-leve-palettes"},"yoast_head":"<!-- This site is optimized with the Yoast SEO plugin v27.4 - https:\/\/yoast.com\/product\/yoast-seo-wordpress\/ -->\n<title>Changement de position de plaques &#183; BSV<\/title>\n<meta name=\"robots\" content=\"index, follow, max-snippet:-1, max-image-preview:large, max-video-preview:-1\" \/>\n<link rel=\"canonical\" href=\"https:\/\/bsv.dk\/fr\/leve-palettes\/changement-de-position-des-plaques\/\" \/>\n<meta property=\"og:locale\" content=\"fr_FR\" \/>\n<meta property=\"og:type\" content=\"article\" \/>\n<meta property=\"og:title\" content=\"Changement de position de plaques &#183; BSV\" \/>\n<meta property=\"og:description\" content=\"[vc_row full_width=&#8221;stretch_row&#8221; el_class=&#8221;produkter&#8221;][vc_column][vc_row_inner equal_height=&#8221;yes&#8221;][vc_column_inner offset=&#8221;vc_col-lg-6 vc_col-md-6 vc_col-xs-12&#8243;][vc_media_grid style=&#8221;pagination&#8221; items_per_page=&#8221;1&#8243; element_width=&#8221;12&#8243; gap=&#8221;20&#8243; arrows_design=&#8221;vc_arrow-icon-arrow_01_left&#8221; arrows_position=&#8221;outside&#8221; arrows_color=&#8221;black&#8221; paging_design=&#8221;none&#8221; loop=&#8221;yes&#8221; item=&#8221;2845&#8243; grid_id=&#8221;vc_gid:1747144275735-c98e978f-d52b-3&#8243; include=&#8221;7575,901049,901045,5650,5642,5646&#8243;][\/vc_column_inner][vc_column_inner offset=&#8221;vc_col-lg-6 vc_col-md-6 vc_col-xs-12&#8243;][vc_column_text] L\u00e8ve-palette BSV pour la manutention et le changement de position de plaques de pl\u00e2tre BSV propose 3 types de l\u00e8ve-palettes pour le changement de position des plaques de pl\u00e2tre. Les l\u00e8ve-palettes BSV sont ... Lire plus\" \/>\n<meta property=\"og:url\" content=\"https:\/\/bsv.dk\/fr\/leve-palettes\/changement-de-position-des-plaques\/\" \/>\n<meta property=\"og:site_name\" content=\"BSV\" \/>\n<meta property=\"article:modified_time\" content=\"2025-05-13T13:52:13+00:00\" \/>\n<meta name=\"twitter:card\" content=\"summary_large_image\" \/>\n<meta name=\"twitter:label1\" content=\"Est. reading time\" \/>\n\t<meta name=\"twitter:data1\" content=\"3 minutes\" \/>\n<script type=\"application\/ld+json\" class=\"yoast-schema-graph\">{\"@context\":\"https:\\\/\\\/schema.org\",\"@graph\":[{\"@type\":\"WebPage\",\"@id\":\"https:\\\/\\\/bsv.dk\\\/fr\\\/leve-palettes\\\/changement-de-position-des-plaques\\\/\",\"url\":\"https:\\\/\\\/bsv.dk\\\/fr\\\/leve-palettes\\\/changement-de-position-des-plaques\\\/\",\"name\":\"Changement de position de plaques &#183; BSV\",\"isPartOf\":{\"@id\":\"https:\\\/\\\/bsv.dk\\\/#website\"},\"datePublished\":\"2022-07-13T05:33:46+00:00\",\"dateModified\":\"2025-05-13T13:52:13+00:00\",\"breadcrumb\":{\"@id\":\"https:\\\/\\\/bsv.dk\\\/fr\\\/leve-palettes\\\/changement-de-position-des-plaques\\\/#breadcrumb\"},\"inLanguage\":\"fr-FR\",\"potentialAction\":[{\"@type\":\"ReadAction\",\"target\":[\"https:\\\/\\\/bsv.dk\\\/fr\\\/leve-palettes\\\/changement-de-position-des-plaques\\\/\"]}]},{\"@type\":\"BreadcrumbList\",\"@id\":\"https:\\\/\\\/bsv.dk\\\/fr\\\/leve-palettes\\\/changement-de-position-des-plaques\\\/#breadcrumb\",\"itemListElement\":[{\"@type\":\"ListItem\",\"position\":1,\"name\":\"Hjem\",\"item\":\"https:\\\/\\\/bsv.dk\\\/fr\\\/\"},{\"@type\":\"ListItem\",\"position\":2,\"name\":\"L\u00e8ve-palettes\",\"item\":\"https:\\\/\\\/bsv.dk\\\/fr\\\/leve-palettes\\\/\"},{\"@type\":\"ListItem\",\"position\":3,\"name\":\"Changement de position de plaques\"}]},{\"@type\":\"WebSite\",\"@id\":\"https:\\\/\\\/bsv.dk\\\/#website\",\"url\":\"https:\\\/\\\/bsv.dk\\\/\",\"name\":\"BSV\",\"description\":\"L\u00f8fteudstyr og krantilbeh\u00f8r: K\u00f8b dit l\u00f8ftegrej og kran-udstyr\",\"publisher\":{\"@id\":\"https:\\\/\\\/bsv.dk\\\/#organization\"},\"potentialAction\":[{\"@type\":\"SearchAction\",\"target\":{\"@type\":\"EntryPoint\",\"urlTemplate\":\"https:\\\/\\\/bsv.dk\\\/?s={search_term_string}\"},\"query-input\":{\"@type\":\"PropertyValueSpecification\",\"valueRequired\":true,\"valueName\":\"search_term_string\"}}],\"inLanguage\":\"fr-FR\"},{\"@type\":\"Organization\",\"@id\":\"https:\\\/\\\/bsv.dk\\\/#organization\",\"name\":\"BSV\",\"url\":\"https:\\\/\\\/bsv.dk\\\/\",\"logo\":{\"@type\":\"ImageObject\",\"inLanguage\":\"fr-FR\",\"@id\":\"https:\\\/\\\/bsv.dk\\\/#\\\/schema\\\/logo\\\/image\\\/\",\"url\":\"https:\\\/\\\/bsv.dk\\\/wp-content\\\/uploads\\\/2022\\\/07\\\/bsv-logo.png\",\"contentUrl\":\"https:\\\/\\\/bsv.dk\\\/wp-content\\\/uploads\\\/2022\\\/07\\\/bsv-logo.png\",\"width\":594,\"height\":249,\"caption\":\"BSV\"},\"image\":{\"@id\":\"https:\\\/\\\/bsv.dk\\\/#\\\/schema\\\/logo\\\/image\\\/\"}}]}<\/script>\n<!-- \/ Yoast SEO plugin. -->","yoast_head_json":{"title":"Changement de position de plaques &#183; BSV","robots":{"index":"index","follow":"follow","max-snippet":"max-snippet:-1","max-image-preview":"max-image-preview:large","max-video-preview":"max-video-preview:-1"},"canonical":"https:\/\/bsv.dk\/fr\/leve-palettes\/changement-de-position-des-plaques\/","og_locale":"fr_FR","og_type":"article","og_title":"Changement de position de plaques &#183; BSV","og_description":"[vc_row full_width=&#8221;stretch_row&#8221; el_class=&#8221;produkter&#8221;][vc_column][vc_row_inner equal_height=&#8221;yes&#8221;][vc_column_inner offset=&#8221;vc_col-lg-6 vc_col-md-6 vc_col-xs-12&#8243;][vc_media_grid style=&#8221;pagination&#8221; items_per_page=&#8221;1&#8243; element_width=&#8221;12&#8243; gap=&#8221;20&#8243; arrows_design=&#8221;vc_arrow-icon-arrow_01_left&#8221; arrows_position=&#8221;outside&#8221; arrows_color=&#8221;black&#8221; paging_design=&#8221;none&#8221; loop=&#8221;yes&#8221; item=&#8221;2845&#8243; grid_id=&#8221;vc_gid:1747144275735-c98e978f-d52b-3&#8243; include=&#8221;7575,901049,901045,5650,5642,5646&#8243;][\/vc_column_inner][vc_column_inner offset=&#8221;vc_col-lg-6 vc_col-md-6 vc_col-xs-12&#8243;][vc_column_text] L\u00e8ve-palette BSV pour la manutention et le changement de position de plaques de pl\u00e2tre BSV propose 3 types de l\u00e8ve-palettes pour le changement de position des plaques de pl\u00e2tre. Les l\u00e8ve-palettes BSV sont ... Lire plus","og_url":"https:\/\/bsv.dk\/fr\/leve-palettes\/changement-de-position-des-plaques\/","og_site_name":"BSV","article_modified_time":"2025-05-13T13:52:13+00:00","twitter_card":"summary_large_image","twitter_misc":{"Est. reading time":"3 minutes"},"schema":{"@context":"https:\/\/schema.org","@graph":[{"@type":"WebPage","@id":"https:\/\/bsv.dk\/fr\/leve-palettes\/changement-de-position-des-plaques\/","url":"https:\/\/bsv.dk\/fr\/leve-palettes\/changement-de-position-des-plaques\/","name":"Changement de position de plaques &#183; BSV","isPartOf":{"@id":"https:\/\/bsv.dk\/#website"},"datePublished":"2022-07-13T05:33:46+00:00","dateModified":"2025-05-13T13:52:13+00:00","breadcrumb":{"@id":"https:\/\/bsv.dk\/fr\/leve-palettes\/changement-de-position-des-plaques\/#breadcrumb"},"inLanguage":"fr-FR","potentialAction":[{"@type":"ReadAction","target":["https:\/\/bsv.dk\/fr\/leve-palettes\/changement-de-position-des-plaques\/"]}]},{"@type":"BreadcrumbList","@id":"https:\/\/bsv.dk\/fr\/leve-palettes\/changement-de-position-des-plaques\/#breadcrumb","itemListElement":[{"@type":"ListItem","position":1,"name":"Hjem","item":"https:\/\/bsv.dk\/fr\/"},{"@type":"ListItem","position":2,"name":"L\u00e8ve-palettes","item":"https:\/\/bsv.dk\/fr\/leve-palettes\/"},{"@type":"ListItem","position":3,"name":"Changement de position de plaques"}]},{"@type":"WebSite","@id":"https:\/\/bsv.dk\/#website","url":"https:\/\/bsv.dk\/","name":"BSV","description":"L\u00f8fteudstyr og krantilbeh\u00f8r: K\u00f8b dit l\u00f8ftegrej og kran-udstyr","publisher":{"@id":"https:\/\/bsv.dk\/#organization"},"potentialAction":[{"@type":"SearchAction","target":{"@type":"EntryPoint","urlTemplate":"https:\/\/bsv.dk\/?s={search_term_string}"},"query-input":{"@type":"PropertyValueSpecification","valueRequired":true,"valueName":"search_term_string"}}],"inLanguage":"fr-FR"},{"@type":"Organization","@id":"https:\/\/bsv.dk\/#organization","name":"BSV","url":"https:\/\/bsv.dk\/","logo":{"@type":"ImageObject","inLanguage":"fr-FR","@id":"https:\/\/bsv.dk\/#\/schema\/logo\/image\/","url":"https:\/\/bsv.dk\/wp-content\/uploads\/2022\/07\/bsv-logo.png","contentUrl":"https:\/\/bsv.dk\/wp-content\/uploads\/2022\/07\/bsv-logo.png","width":594,"height":249,"caption":"BSV"},"image":{"@id":"https:\/\/bsv.dk\/#\/schema\/logo\/image\/"}}]}},"_links":{"self":[{"href":"https:\/\/bsv.dk\/fr\/wp-json\/wp\/v2\/pages\/6760","targetHints":{"allow":["GET"]}}],"collection":[{"href":"https:\/\/bsv.dk\/fr\/wp-json\/wp\/v2\/pages"}],"about":[{"href":"https:\/\/bsv.dk\/fr\/wp-json\/wp\/v2\/types\/page"}],"author":[{"embeddable":true,"href":"https:\/\/bsv.dk\/fr\/wp-json\/wp\/v2\/users\/1"}],"replies":[{"embeddable":true,"href":"https:\/\/bsv.dk\/fr\/wp-json\/wp\/v2\/comments?post=6760"}],"version-history":[{"count":3,"href":"https:\/\/bsv.dk\/fr\/wp-json\/wp\/v2\/pages\/6760\/revisions"}],"predecessor-version":[{"id":901054,"href":"https:\/\/bsv.dk\/fr\/wp-json\/wp\/v2\/pages\/6760\/revisions\/901054"}],"up":[{"embeddable":true,"href":"https:\/\/bsv.dk\/fr\/wp-json\/wp\/v2\/pages\/6660"}],"wp:attachment":[{"href":"https:\/\/bsv.dk\/fr\/wp-json\/wp\/v2\/media?parent=6760"}],"wp:term":[{"taxonomy":"category","embeddable":true,"href":"https:\/\/bsv.dk\/fr\/wp-json\/wp\/v2\/categories?post=6760"}],"curies":[{"name":"wp","href":"https:\/\/api.w.org\/{rel}","templated":true}]}}