{"id":6657,"date":"2022-07-13T07:31:31","date_gmt":"2022-07-13T05:31:31","guid":{"rendered":"https:\/\/bsv.dk\/grappins\/accessoires-grappins\/"},"modified":"2026-02-16T14:07:45","modified_gmt":"2026-02-16T13:07:45","slug":"accessoires-grappins","status":"publish","type":"page","link":"https:\/\/bsv.dk\/fr\/grappins\/accessoires-grappins\/","title":{"rendered":"Accessoires pour grappin"},"content":{"rendered":"<div class=\"wpb-content-wrapper\"><p>[vc_row full_width=&#8221;stretch_row&#8221; el_class=&#8221;produkter&#8221;][vc_column]<div class=\"ult-spacer spacer-69f01715e17fe\" data-id=\"69f01715e17fe\" data-height=\"90\" data-height-mobile=\"60\" data-height-tab=\"90\" data-height-tab-portrait=\"60\" data-height-mobile-landscape=\"60\" style=\"clear:both;display:block;\"><\/div>[vc_column_text]<\/p>\n<h1>Accessoires pour grappin<\/h1>\n<h3>D\u00e9couvrez nos accessoires pour grappins hydrauliques<\/h3>\n<p>[\/vc_column_text][vc_empty_space height=&#8221;30px&#8221;][vc_tta_tabs style=&#8221;flat&#8221; shape=&#8221;square&#8221; alignment=&#8221;center&#8221; active_section=&#8221;1&#8243; el_class=&#8221;galleri&#8221;][vc_tta_section title=&#8221;Suspension \u00e0 tube&#8221; tab_id=&#8221;suspension-de-tuyau&#8221;][vc_media_grid element_width=&#8221;3&#8243; gap=&#8221;20&#8243; item=&#8221;467&#8243; css=&#8221;&#8221; grid_id=&#8221;vc_gid:1771247131531-a3a4d821-b54d-8&#8243; include=&#8221;902072,902073&#8243;][\/vc_tta_section][vc_tta_section title=&#8221;Adaptateur&#8221; tab_id=&#8221;adaptateur&#8221;][vc_media_grid element_width=&#8221;3&#8243; gap=&#8221;20&#8243; item=&#8221;467&#8243; css=&#8221;&#8221; grid_id=&#8221;vc_gid:1771247131533-ca4a0cf2-8a7c-3&#8243; include=&#8221;902074&#8243;][\/vc_tta_section][vc_tta_section title=&#8221;Crochet pour rotateur&#8221; tab_id=&#8221;crochet-du-rotateur&#8221;][vc_media_grid element_width=&#8221;3&#8243; gap=&#8221;20&#8243; item=&#8221;467&#8243; css=&#8221;&#8221; grid_id=&#8221;vc_gid:1771247131534-e91ee2ae-aa1f-5&#8243; include=&#8221;902076,902075&#8243;][\/vc_tta_section][vc_tta_section title=&#8221;Chape d&#8217;accouplement&#8221; tab_id=&#8221;maillon-intermediaire&#8221;][vc_media_grid element_width=&#8221;3&#8243; gap=&#8221;20&#8243; item=&#8221;467&#8243; css=&#8221;&#8221; grid_id=&#8221;vc_gid:1771247131535-4c1182e8-fe99-9&#8243; include=&#8221;902077,902078&#8243;][\/vc_tta_section][vc_tta_section title=&#8221;Suspension inclinable&#8221; tab_id=&#8221;suspension-inclinable&#8221;][vc_media_grid element_width=&#8221;3&#8243; gap=&#8221;20&#8243; item=&#8221;467&#8243; css=&#8221;&#8221; grid_id=&#8221;vc_gid:1771247131537-dadc0c27-2ac1-6&#8243; include=&#8221;902079&#8243;][\/vc_tta_section][\/vc_tta_tabs]<div class=\"ult-spacer spacer-69f01715e184a\" data-id=\"69f01715e184a\" data-height=\"90\" data-height-mobile=\"60\" data-height-tab=\"90\" data-height-tab-portrait=\"60\" data-height-mobile-landscape=\"60\" style=\"clear:both;display:block;\"><\/div>[\/vc_column][\/vc_row]<\/p>\n<\/div>","protected":false},"excerpt":{"rendered":"<p>[vc_row full_width=&#8221;stretch_row&#8221; el_class=&#8221;produkter&#8221;][vc_column][vc_column_text] Accessoires pour grappin D\u00e9couvrez nos accessoires pour grappins hydrauliques [\/vc_column_text][vc_empty_space height=&#8221;30px&#8221;][vc_tta_tabs style=&#8221;flat&#8221; shape=&#8221;square&#8221; alignment=&#8221;center&#8221; active_section=&#8221;1&#8243; el_class=&#8221;galleri&#8221;][vc_tta_section title=&#8221;Suspension \u00e0 tube&#8221; tab_id=&#8221;suspension-de-tuyau&#8221;][vc_media_grid element_width=&#8221;3&#8243; gap=&#8221;20&#8243; item=&#8221;467&#8243; css=&#8221;&#8221; grid_id=&#8221;vc_gid:1771247131531-a3a4d821-b54d-8&#8243; include=&#8221;902072,902073&#8243;][\/vc_tta_section][vc_tta_section title=&#8221;Adaptateur&#8221; tab_id=&#8221;adaptateur&#8221;][vc_media_grid element_width=&#8221;3&#8243; gap=&#8221;20&#8243; item=&#8221;467&#8243; css=&#8221;&#8221; grid_id=&#8221;vc_gid:1771247131533-ca4a0cf2-8a7c-3&#8243; include=&#8221;902074&#8243;][\/vc_tta_section][vc_tta_section title=&#8221;Crochet pour rotateur&#8221; tab_id=&#8221;crochet-du-rotateur&#8221;][vc_media_grid element_width=&#8221;3&#8243; gap=&#8221;20&#8243; item=&#8221;467&#8243; css=&#8221;&#8221; grid_id=&#8221;vc_gid:1771247131534-e91ee2ae-aa1f-5&#8243; include=&#8221;902076,902075&#8243;][\/vc_tta_section][vc_tta_section title=&#8221;Chape d&#8217;accouplement&#8221; tab_id=&#8221;maillon-intermediaire&#8221;][vc_media_grid element_width=&#8221;3&#8243; gap=&#8221;20&#8243; item=&#8221;467&#8243; css=&#8221;&#8221; grid_id=&#8221;vc_gid:1771247131535-4c1182e8-fe99-9&#8243; &#8230; <a title=\"Accessoires pour grappin\" class=\"read-more\" href=\"https:\/\/bsv.dk\/fr\/grappins\/accessoires-grappins\/\" aria-label=\"Read more about Accessoires pour grappin\">Lire plus<\/a><\/p>\n","protected":false},"author":1,"featured_media":0,"parent":6449,"menu_order":0,"comment_status":"closed","ping_status":"closed","template":"","meta":{"footnotes":""},"categories":[],"class_list":["post-6657","page","type-page","status-publish"],"yoast_head":"<!-- This site is optimized with the Yoast SEO plugin v27.4 - https:\/\/yoast.com\/product\/yoast-seo-wordpress\/ -->\n<title>Accessoires pour grappin &#183; BSV<\/title>\n<meta name=\"robots\" content=\"index, follow, max-snippet:-1, max-image-preview:large, max-video-preview:-1\" \/>\n<link rel=\"canonical\" href=\"https:\/\/bsv.dk\/fr\/grappins\/accessoires-grappins\/\" \/>\n<meta property=\"og:locale\" content=\"fr_FR\" \/>\n<meta property=\"og:type\" content=\"article\" \/>\n<meta property=\"og:title\" content=\"Accessoires pour grappin &#183; BSV\" \/>\n<meta property=\"og:description\" content=\"[vc_row full_width=&#8221;stretch_row&#8221; el_class=&#8221;produkter&#8221;][vc_column][vc_column_text] Accessoires pour grappin D\u00e9couvrez nos accessoires pour grappins hydrauliques [\/vc_column_text][vc_empty_space height=&#8221;30px&#8221;][vc_tta_tabs style=&#8221;flat&#8221; shape=&#8221;square&#8221; alignment=&#8221;center&#8221; active_section=&#8221;1&#8243; el_class=&#8221;galleri&#8221;][vc_tta_section title=&#8221;Suspension \u00e0 tube&#8221; tab_id=&#8221;suspension-de-tuyau&#8221;][vc_media_grid element_width=&#8221;3&#8243; gap=&#8221;20&#8243; item=&#8221;467&#8243; css=&#8221;&#8221; grid_id=&#8221;vc_gid:1771247131531-a3a4d821-b54d-8&#8243; include=&#8221;902072,902073&#8243;][\/vc_tta_section][vc_tta_section title=&#8221;Adaptateur&#8221; tab_id=&#8221;adaptateur&#8221;][vc_media_grid element_width=&#8221;3&#8243; gap=&#8221;20&#8243; item=&#8221;467&#8243; css=&#8221;&#8221; grid_id=&#8221;vc_gid:1771247131533-ca4a0cf2-8a7c-3&#8243; include=&#8221;902074&#8243;][\/vc_tta_section][vc_tta_section title=&#8221;Crochet pour rotateur&#8221; tab_id=&#8221;crochet-du-rotateur&#8221;][vc_media_grid element_width=&#8221;3&#8243; gap=&#8221;20&#8243; item=&#8221;467&#8243; css=&#8221;&#8221; grid_id=&#8221;vc_gid:1771247131534-e91ee2ae-aa1f-5&#8243; include=&#8221;902076,902075&#8243;][\/vc_tta_section][vc_tta_section title=&#8221;Chape d&#8217;accouplement&#8221; tab_id=&#8221;maillon-intermediaire&#8221;][vc_media_grid element_width=&#8221;3&#8243; gap=&#8221;20&#8243; item=&#8221;467&#8243; css=&#8221;&#8221; grid_id=&#8221;vc_gid:1771247131535-4c1182e8-fe99-9&#8243; ... Lire plus\" \/>\n<meta property=\"og:url\" content=\"https:\/\/bsv.dk\/fr\/grappins\/accessoires-grappins\/\" \/>\n<meta property=\"og:site_name\" content=\"BSV\" \/>\n<meta property=\"article:modified_time\" content=\"2026-02-16T13:07:45+00:00\" \/>\n<meta name=\"twitter:card\" content=\"summary_large_image\" \/>\n<meta name=\"twitter:label1\" content=\"Est. reading time\" \/>\n\t<meta name=\"twitter:data1\" content=\"3 minutes\" \/>\n<script type=\"application\/ld+json\" class=\"yoast-schema-graph\">{\"@context\":\"https:\\\/\\\/schema.org\",\"@graph\":[{\"@type\":\"WebPage\",\"@id\":\"https:\\\/\\\/bsv.dk\\\/fr\\\/grappins\\\/accessoires-grappins\\\/\",\"url\":\"https:\\\/\\\/bsv.dk\\\/fr\\\/grappins\\\/accessoires-grappins\\\/\",\"name\":\"Accessoires pour grappin &#183; BSV\",\"isPartOf\":{\"@id\":\"https:\\\/\\\/bsv.dk\\\/#website\"},\"datePublished\":\"2022-07-13T05:31:31+00:00\",\"dateModified\":\"2026-02-16T13:07:45+00:00\",\"breadcrumb\":{\"@id\":\"https:\\\/\\\/bsv.dk\\\/fr\\\/grappins\\\/accessoires-grappins\\\/#breadcrumb\"},\"inLanguage\":\"fr-FR\",\"potentialAction\":[{\"@type\":\"ReadAction\",\"target\":[\"https:\\\/\\\/bsv.dk\\\/fr\\\/grappins\\\/accessoires-grappins\\\/\"]}]},{\"@type\":\"BreadcrumbList\",\"@id\":\"https:\\\/\\\/bsv.dk\\\/fr\\\/grappins\\\/accessoires-grappins\\\/#breadcrumb\",\"itemListElement\":[{\"@type\":\"ListItem\",\"position\":1,\"name\":\"Hjem\",\"item\":\"https:\\\/\\\/bsv.dk\\\/fr\\\/\"},{\"@type\":\"ListItem\",\"position\":2,\"name\":\"Grappin hydraulique\",\"item\":\"https:\\\/\\\/bsv.dk\\\/fr\\\/grappins\\\/\"},{\"@type\":\"ListItem\",\"position\":3,\"name\":\"Accessoires pour grappin\"}]},{\"@type\":\"WebSite\",\"@id\":\"https:\\\/\\\/bsv.dk\\\/#website\",\"url\":\"https:\\\/\\\/bsv.dk\\\/\",\"name\":\"BSV\",\"description\":\"L\u00f8fteudstyr og krantilbeh\u00f8r: K\u00f8b dit l\u00f8ftegrej og kran-udstyr\",\"publisher\":{\"@id\":\"https:\\\/\\\/bsv.dk\\\/#organization\"},\"potentialAction\":[{\"@type\":\"SearchAction\",\"target\":{\"@type\":\"EntryPoint\",\"urlTemplate\":\"https:\\\/\\\/bsv.dk\\\/?s={search_term_string}\"},\"query-input\":{\"@type\":\"PropertyValueSpecification\",\"valueRequired\":true,\"valueName\":\"search_term_string\"}}],\"inLanguage\":\"fr-FR\"},{\"@type\":\"Organization\",\"@id\":\"https:\\\/\\\/bsv.dk\\\/#organization\",\"name\":\"BSV\",\"url\":\"https:\\\/\\\/bsv.dk\\\/\",\"logo\":{\"@type\":\"ImageObject\",\"inLanguage\":\"fr-FR\",\"@id\":\"https:\\\/\\\/bsv.dk\\\/#\\\/schema\\\/logo\\\/image\\\/\",\"url\":\"https:\\\/\\\/bsv.dk\\\/wp-content\\\/uploads\\\/2022\\\/07\\\/bsv-logo.png\",\"contentUrl\":\"https:\\\/\\\/bsv.dk\\\/wp-content\\\/uploads\\\/2022\\\/07\\\/bsv-logo.png\",\"width\":594,\"height\":249,\"caption\":\"BSV\"},\"image\":{\"@id\":\"https:\\\/\\\/bsv.dk\\\/#\\\/schema\\\/logo\\\/image\\\/\"}}]}<\/script>\n<!-- \/ Yoast SEO plugin. -->","yoast_head_json":{"title":"Accessoires pour grappin &#183; BSV","robots":{"index":"index","follow":"follow","max-snippet":"max-snippet:-1","max-image-preview":"max-image-preview:large","max-video-preview":"max-video-preview:-1"},"canonical":"https:\/\/bsv.dk\/fr\/grappins\/accessoires-grappins\/","og_locale":"fr_FR","og_type":"article","og_title":"Accessoires pour grappin &#183; BSV","og_description":"[vc_row full_width=&#8221;stretch_row&#8221; el_class=&#8221;produkter&#8221;][vc_column][vc_column_text] Accessoires pour grappin D\u00e9couvrez nos accessoires pour grappins hydrauliques [\/vc_column_text][vc_empty_space height=&#8221;30px&#8221;][vc_tta_tabs style=&#8221;flat&#8221; shape=&#8221;square&#8221; alignment=&#8221;center&#8221; active_section=&#8221;1&#8243; el_class=&#8221;galleri&#8221;][vc_tta_section title=&#8221;Suspension \u00e0 tube&#8221; tab_id=&#8221;suspension-de-tuyau&#8221;][vc_media_grid element_width=&#8221;3&#8243; gap=&#8221;20&#8243; item=&#8221;467&#8243; css=&#8221;&#8221; grid_id=&#8221;vc_gid:1771247131531-a3a4d821-b54d-8&#8243; include=&#8221;902072,902073&#8243;][\/vc_tta_section][vc_tta_section title=&#8221;Adaptateur&#8221; tab_id=&#8221;adaptateur&#8221;][vc_media_grid element_width=&#8221;3&#8243; gap=&#8221;20&#8243; item=&#8221;467&#8243; css=&#8221;&#8221; grid_id=&#8221;vc_gid:1771247131533-ca4a0cf2-8a7c-3&#8243; include=&#8221;902074&#8243;][\/vc_tta_section][vc_tta_section title=&#8221;Crochet pour rotateur&#8221; tab_id=&#8221;crochet-du-rotateur&#8221;][vc_media_grid element_width=&#8221;3&#8243; gap=&#8221;20&#8243; item=&#8221;467&#8243; css=&#8221;&#8221; grid_id=&#8221;vc_gid:1771247131534-e91ee2ae-aa1f-5&#8243; include=&#8221;902076,902075&#8243;][\/vc_tta_section][vc_tta_section title=&#8221;Chape d&#8217;accouplement&#8221; tab_id=&#8221;maillon-intermediaire&#8221;][vc_media_grid element_width=&#8221;3&#8243; gap=&#8221;20&#8243; item=&#8221;467&#8243; css=&#8221;&#8221; grid_id=&#8221;vc_gid:1771247131535-4c1182e8-fe99-9&#8243; ... Lire plus","og_url":"https:\/\/bsv.dk\/fr\/grappins\/accessoires-grappins\/","og_site_name":"BSV","article_modified_time":"2026-02-16T13:07:45+00:00","twitter_card":"summary_large_image","twitter_misc":{"Est. reading time":"3 minutes"},"schema":{"@context":"https:\/\/schema.org","@graph":[{"@type":"WebPage","@id":"https:\/\/bsv.dk\/fr\/grappins\/accessoires-grappins\/","url":"https:\/\/bsv.dk\/fr\/grappins\/accessoires-grappins\/","name":"Accessoires pour grappin &#183; BSV","isPartOf":{"@id":"https:\/\/bsv.dk\/#website"},"datePublished":"2022-07-13T05:31:31+00:00","dateModified":"2026-02-16T13:07:45+00:00","breadcrumb":{"@id":"https:\/\/bsv.dk\/fr\/grappins\/accessoires-grappins\/#breadcrumb"},"inLanguage":"fr-FR","potentialAction":[{"@type":"ReadAction","target":["https:\/\/bsv.dk\/fr\/grappins\/accessoires-grappins\/"]}]},{"@type":"BreadcrumbList","@id":"https:\/\/bsv.dk\/fr\/grappins\/accessoires-grappins\/#breadcrumb","itemListElement":[{"@type":"ListItem","position":1,"name":"Hjem","item":"https:\/\/bsv.dk\/fr\/"},{"@type":"ListItem","position":2,"name":"Grappin hydraulique","item":"https:\/\/bsv.dk\/fr\/grappins\/"},{"@type":"ListItem","position":3,"name":"Accessoires pour grappin"}]},{"@type":"WebSite","@id":"https:\/\/bsv.dk\/#website","url":"https:\/\/bsv.dk\/","name":"BSV","description":"L\u00f8fteudstyr og krantilbeh\u00f8r: K\u00f8b dit l\u00f8ftegrej og kran-udstyr","publisher":{"@id":"https:\/\/bsv.dk\/#organization"},"potentialAction":[{"@type":"SearchAction","target":{"@type":"EntryPoint","urlTemplate":"https:\/\/bsv.dk\/?s={search_term_string}"},"query-input":{"@type":"PropertyValueSpecification","valueRequired":true,"valueName":"search_term_string"}}],"inLanguage":"fr-FR"},{"@type":"Organization","@id":"https:\/\/bsv.dk\/#organization","name":"BSV","url":"https:\/\/bsv.dk\/","logo":{"@type":"ImageObject","inLanguage":"fr-FR","@id":"https:\/\/bsv.dk\/#\/schema\/logo\/image\/","url":"https:\/\/bsv.dk\/wp-content\/uploads\/2022\/07\/bsv-logo.png","contentUrl":"https:\/\/bsv.dk\/wp-content\/uploads\/2022\/07\/bsv-logo.png","width":594,"height":249,"caption":"BSV"},"image":{"@id":"https:\/\/bsv.dk\/#\/schema\/logo\/image\/"}}]}},"_links":{"self":[{"href":"https:\/\/bsv.dk\/fr\/wp-json\/wp\/v2\/pages\/6657","targetHints":{"allow":["GET"]}}],"collection":[{"href":"https:\/\/bsv.dk\/fr\/wp-json\/wp\/v2\/pages"}],"about":[{"href":"https:\/\/bsv.dk\/fr\/wp-json\/wp\/v2\/types\/page"}],"author":[{"embeddable":true,"href":"https:\/\/bsv.dk\/fr\/wp-json\/wp\/v2\/users\/1"}],"replies":[{"embeddable":true,"href":"https:\/\/bsv.dk\/fr\/wp-json\/wp\/v2\/comments?post=6657"}],"version-history":[{"count":14,"href":"https:\/\/bsv.dk\/fr\/wp-json\/wp\/v2\/pages\/6657\/revisions"}],"predecessor-version":[{"id":902080,"href":"https:\/\/bsv.dk\/fr\/wp-json\/wp\/v2\/pages\/6657\/revisions\/902080"}],"up":[{"embeddable":true,"href":"https:\/\/bsv.dk\/fr\/wp-json\/wp\/v2\/pages\/6449"}],"wp:attachment":[{"href":"https:\/\/bsv.dk\/fr\/wp-json\/wp\/v2\/media?parent=6657"}],"wp:term":[{"taxonomy":"category","embeddable":true,"href":"https:\/\/bsv.dk\/fr\/wp-json\/wp\/v2\/categories?post=6657"}],"curies":[{"name":"wp","href":"https:\/\/api.w.org\/{rel}","templated":true}]}}