{"id":6638,"date":"2022-07-13T07:28:41","date_gmt":"2022-07-13T05:28:41","guid":{"rendered":"https:\/\/bsv.dk\/rotateurs\/"},"modified":"2023-06-06T15:58:27","modified_gmt":"2023-06-06T13:58:27","slug":"rotateurs","status":"publish","type":"page","link":"https:\/\/bsv.dk\/fr\/rotateurs\/","title":{"rendered":"Rotateurs"},"content":{"rendered":"<div class=\"wpb-content-wrapper\"><p>[vc_row full_width=&#8221;stretch_row&#8221;][vc_column]<div class=\"ult-spacer spacer-69efdda0b00da\" data-id=\"69efdda0b00da\" data-height=\"90\" data-height-mobile=\"60\" data-height-tab=\"90\" data-height-tab-portrait=\"60\" data-height-mobile-landscape=\"60\" style=\"clear:both;display:block;\"><\/div>[vc_row_inner][vc_column_inner offset=&#8221;vc_col-lg-8 vc_col-md-8 vc_col-xs-12&#8243;][vc_column_text]<\/p>\n<h1>Rotateurs<\/h1>\n<p>BSV fabrique son propre rotateur, moteur de rotation, de type T50, qui est particuli\u00e8rement adapt\u00e9 \u00e0 une utilisation sur la s\u00e9rie de grappins KSII et avec une CMU de 5 tonnes.<\/p>\n<p>BSV importe et vend \u00e9galement des rotateurs du fabricant Baltrotor.<\/p>\n<p><strong>Le rotateur BSV de type T50<\/strong> est construit comme un moteur \u00e0 piston, ce qui assure un couple stable d\u00e8s le d\u00e9marrage, un mouvement de rotation doux et silencieux et une force de freinage \u00e9lev\u00e9.<\/p>\n<p>Le rotateur est construit avec une surface inf\u00e9rieure pour un boulonnage direct sur le grappin afin d\u2019obtenir la hauteur d\u2019installation la plus basse possible. Un adaptateur avec arbre et suspension de tuyau correspondante est propos\u00e9 si le rotateur doit \u00eatre utilis\u00e9 sur plusieurs outils.<\/p>\n<p>Le moteur rotatif est utilis\u00e9 pour les grues sur camion et une large gamme de maillons interm\u00e9diaires pour diff\u00e9rents types de grues est propos\u00e9e.<\/p>\n<p><strong>Baltrotator <\/strong>est un rotateur robuste qui est vendu avec une capacit\u00e9 de levage de 3 tonnes \u00e0 10 tonnes.<\/p>\n<p>Ce type de rotateur est disponible avec un arbre de rotateur ou avec une plaque de base plate \u00e0 boulonner directement sur un grappin.[\/vc_column_text]<div class=\"ult-spacer spacer-69efdda0b0122\" data-id=\"69efdda0b0122\" data-height=\"0\" data-height-mobile=\"30\" data-height-tab=\"0\" data-height-tab-portrait=\"30\" data-height-mobile-landscape=\"30\" style=\"clear:both;display:block;\"><\/div>[\/vc_column_inner][vc_column_inner offset=&#8221;vc_col-lg-4 vc_col-md-4 vc_col-xs-12&#8243;][vc_wp_custommenu nav_menu=&#8221;17&#8243; el_class=&#8221;contact-sidebar&#8221;][\/vc_column_inner][\/vc_row_inner]<div class=\"ult-spacer spacer-69efdda0b014a\" data-id=\"69efdda0b014a\" data-height=\"90\" data-height-mobile=\"60\" data-height-tab=\"90\" data-height-tab-portrait=\"60\" data-height-mobile-landscape=\"60\" style=\"clear:both;display:block;\"><\/div>[\/vc_column][\/vc_row][vc_row full_width=&#8221;stretch_row&#8221;][vc_column][vc_basic_grid post_type=&#8221;post&#8221; max_items=&#8221;-1&#8243; item=&#8221;2938&#8243; grid_id=&#8221;vc_gid:1686058003261-3cd10bad-c8f3-1&#8243; taxonomies=&#8221;13371349&#8243;]<div class=\"ult-spacer spacer-69efdda0b016b\" data-id=\"69efdda0b016b\" data-height=\"90\" data-height-mobile=\"60\" data-height-tab=\"90\" data-height-tab-portrait=\"60\" data-height-mobile-landscape=\"60\" style=\"clear:both;display:block;\"><\/div>[\/vc_column][\/vc_row]<\/p>\n<\/div>","protected":false},"excerpt":{"rendered":"<p>[vc_row full_width=&#8221;stretch_row&#8221;][vc_column][vc_row_inner][vc_column_inner offset=&#8221;vc_col-lg-8 vc_col-md-8 vc_col-xs-12&#8243;][vc_column_text] Rotateurs BSV fabrique son propre rotateur, moteur de rotation, de type T50, qui est particuli\u00e8rement adapt\u00e9 \u00e0 une utilisation sur la s\u00e9rie de grappins KSII et avec une CMU de 5 tonnes. BSV importe et vend \u00e9galement des rotateurs du fabricant Baltrotor. Le rotateur BSV de type T50 est construit &#8230; <a title=\"Rotateurs\" class=\"read-more\" href=\"https:\/\/bsv.dk\/fr\/rotateurs\/\" aria-label=\"Read more about Rotateurs\">Lire plus<\/a><\/p>\n","protected":false},"author":1,"featured_media":0,"parent":0,"menu_order":0,"comment_status":"closed","ping_status":"closed","template":"","meta":{"footnotes":""},"categories":[],"class_list":["post-6638","page","type-page","status-publish"],"yoast_head":"<!-- This site is optimized with the Yoast SEO plugin v27.4 - https:\/\/yoast.com\/product\/yoast-seo-wordpress\/ -->\n<title>Rotateurs &#183; BSV<\/title>\n<meta name=\"robots\" content=\"index, follow, max-snippet:-1, max-image-preview:large, max-video-preview:-1\" \/>\n<link rel=\"canonical\" href=\"https:\/\/bsv.dk\/fr\/rotateurs\/\" \/>\n<meta property=\"og:locale\" content=\"fr_FR\" \/>\n<meta property=\"og:type\" content=\"article\" \/>\n<meta property=\"og:title\" content=\"Rotateurs &#183; BSV\" \/>\n<meta property=\"og:description\" content=\"[vc_row full_width=&#8221;stretch_row&#8221;][vc_column][vc_row_inner][vc_column_inner offset=&#8221;vc_col-lg-8 vc_col-md-8 vc_col-xs-12&#8243;][vc_column_text] Rotateurs BSV fabrique son propre rotateur, moteur de rotation, de type T50, qui est particuli\u00e8rement adapt\u00e9 \u00e0 une utilisation sur la s\u00e9rie de grappins KSII et avec une CMU de 5 tonnes. BSV importe et vend \u00e9galement des rotateurs du fabricant Baltrotor. Le rotateur BSV de type T50 est construit ... Lire plus\" \/>\n<meta property=\"og:url\" content=\"https:\/\/bsv.dk\/fr\/rotateurs\/\" \/>\n<meta property=\"og:site_name\" content=\"BSV\" \/>\n<meta property=\"article:modified_time\" content=\"2023-06-06T13:58:27+00:00\" \/>\n<meta name=\"twitter:card\" content=\"summary_large_image\" \/>\n<meta name=\"twitter:label1\" content=\"Est. reading time\" \/>\n\t<meta name=\"twitter:data1\" content=\"1 minute\" \/>\n<script type=\"application\/ld+json\" class=\"yoast-schema-graph\">{\"@context\":\"https:\\\/\\\/schema.org\",\"@graph\":[{\"@type\":\"WebPage\",\"@id\":\"https:\\\/\\\/bsv.dk\\\/fr\\\/rotateurs\\\/\",\"url\":\"https:\\\/\\\/bsv.dk\\\/fr\\\/rotateurs\\\/\",\"name\":\"Rotateurs &#183; BSV\",\"isPartOf\":{\"@id\":\"https:\\\/\\\/bsv.dk\\\/#website\"},\"datePublished\":\"2022-07-13T05:28:41+00:00\",\"dateModified\":\"2023-06-06T13:58:27+00:00\",\"breadcrumb\":{\"@id\":\"https:\\\/\\\/bsv.dk\\\/fr\\\/rotateurs\\\/#breadcrumb\"},\"inLanguage\":\"fr-FR\",\"potentialAction\":[{\"@type\":\"ReadAction\",\"target\":[\"https:\\\/\\\/bsv.dk\\\/fr\\\/rotateurs\\\/\"]}]},{\"@type\":\"BreadcrumbList\",\"@id\":\"https:\\\/\\\/bsv.dk\\\/fr\\\/rotateurs\\\/#breadcrumb\",\"itemListElement\":[{\"@type\":\"ListItem\",\"position\":1,\"name\":\"Hjem\",\"item\":\"https:\\\/\\\/bsv.dk\\\/fr\\\/\"},{\"@type\":\"ListItem\",\"position\":2,\"name\":\"Rotateurs\"}]},{\"@type\":\"WebSite\",\"@id\":\"https:\\\/\\\/bsv.dk\\\/#website\",\"url\":\"https:\\\/\\\/bsv.dk\\\/\",\"name\":\"BSV\",\"description\":\"L\u00f8fteudstyr og krantilbeh\u00f8r: K\u00f8b dit l\u00f8ftegrej og kran-udstyr\",\"publisher\":{\"@id\":\"https:\\\/\\\/bsv.dk\\\/#organization\"},\"potentialAction\":[{\"@type\":\"SearchAction\",\"target\":{\"@type\":\"EntryPoint\",\"urlTemplate\":\"https:\\\/\\\/bsv.dk\\\/?s={search_term_string}\"},\"query-input\":{\"@type\":\"PropertyValueSpecification\",\"valueRequired\":true,\"valueName\":\"search_term_string\"}}],\"inLanguage\":\"fr-FR\"},{\"@type\":\"Organization\",\"@id\":\"https:\\\/\\\/bsv.dk\\\/#organization\",\"name\":\"BSV\",\"url\":\"https:\\\/\\\/bsv.dk\\\/\",\"logo\":{\"@type\":\"ImageObject\",\"inLanguage\":\"fr-FR\",\"@id\":\"https:\\\/\\\/bsv.dk\\\/#\\\/schema\\\/logo\\\/image\\\/\",\"url\":\"https:\\\/\\\/bsv.dk\\\/wp-content\\\/uploads\\\/2022\\\/07\\\/bsv-logo.png\",\"contentUrl\":\"https:\\\/\\\/bsv.dk\\\/wp-content\\\/uploads\\\/2022\\\/07\\\/bsv-logo.png\",\"width\":594,\"height\":249,\"caption\":\"BSV\"},\"image\":{\"@id\":\"https:\\\/\\\/bsv.dk\\\/#\\\/schema\\\/logo\\\/image\\\/\"}}]}<\/script>\n<!-- \/ Yoast SEO plugin. -->","yoast_head_json":{"title":"Rotateurs &#183; BSV","robots":{"index":"index","follow":"follow","max-snippet":"max-snippet:-1","max-image-preview":"max-image-preview:large","max-video-preview":"max-video-preview:-1"},"canonical":"https:\/\/bsv.dk\/fr\/rotateurs\/","og_locale":"fr_FR","og_type":"article","og_title":"Rotateurs &#183; BSV","og_description":"[vc_row full_width=&#8221;stretch_row&#8221;][vc_column][vc_row_inner][vc_column_inner offset=&#8221;vc_col-lg-8 vc_col-md-8 vc_col-xs-12&#8243;][vc_column_text] Rotateurs BSV fabrique son propre rotateur, moteur de rotation, de type T50, qui est particuli\u00e8rement adapt\u00e9 \u00e0 une utilisation sur la s\u00e9rie de grappins KSII et avec une CMU de 5 tonnes. BSV importe et vend \u00e9galement des rotateurs du fabricant Baltrotor. Le rotateur BSV de type T50 est construit ... Lire plus","og_url":"https:\/\/bsv.dk\/fr\/rotateurs\/","og_site_name":"BSV","article_modified_time":"2023-06-06T13:58:27+00:00","twitter_card":"summary_large_image","twitter_misc":{"Est. reading time":"1 minute"},"schema":{"@context":"https:\/\/schema.org","@graph":[{"@type":"WebPage","@id":"https:\/\/bsv.dk\/fr\/rotateurs\/","url":"https:\/\/bsv.dk\/fr\/rotateurs\/","name":"Rotateurs &#183; BSV","isPartOf":{"@id":"https:\/\/bsv.dk\/#website"},"datePublished":"2022-07-13T05:28:41+00:00","dateModified":"2023-06-06T13:58:27+00:00","breadcrumb":{"@id":"https:\/\/bsv.dk\/fr\/rotateurs\/#breadcrumb"},"inLanguage":"fr-FR","potentialAction":[{"@type":"ReadAction","target":["https:\/\/bsv.dk\/fr\/rotateurs\/"]}]},{"@type":"BreadcrumbList","@id":"https:\/\/bsv.dk\/fr\/rotateurs\/#breadcrumb","itemListElement":[{"@type":"ListItem","position":1,"name":"Hjem","item":"https:\/\/bsv.dk\/fr\/"},{"@type":"ListItem","position":2,"name":"Rotateurs"}]},{"@type":"WebSite","@id":"https:\/\/bsv.dk\/#website","url":"https:\/\/bsv.dk\/","name":"BSV","description":"L\u00f8fteudstyr og krantilbeh\u00f8r: K\u00f8b dit l\u00f8ftegrej og kran-udstyr","publisher":{"@id":"https:\/\/bsv.dk\/#organization"},"potentialAction":[{"@type":"SearchAction","target":{"@type":"EntryPoint","urlTemplate":"https:\/\/bsv.dk\/?s={search_term_string}"},"query-input":{"@type":"PropertyValueSpecification","valueRequired":true,"valueName":"search_term_string"}}],"inLanguage":"fr-FR"},{"@type":"Organization","@id":"https:\/\/bsv.dk\/#organization","name":"BSV","url":"https:\/\/bsv.dk\/","logo":{"@type":"ImageObject","inLanguage":"fr-FR","@id":"https:\/\/bsv.dk\/#\/schema\/logo\/image\/","url":"https:\/\/bsv.dk\/wp-content\/uploads\/2022\/07\/bsv-logo.png","contentUrl":"https:\/\/bsv.dk\/wp-content\/uploads\/2022\/07\/bsv-logo.png","width":594,"height":249,"caption":"BSV"},"image":{"@id":"https:\/\/bsv.dk\/#\/schema\/logo\/image\/"}}]}},"_links":{"self":[{"href":"https:\/\/bsv.dk\/fr\/wp-json\/wp\/v2\/pages\/6638","targetHints":{"allow":["GET"]}}],"collection":[{"href":"https:\/\/bsv.dk\/fr\/wp-json\/wp\/v2\/pages"}],"about":[{"href":"https:\/\/bsv.dk\/fr\/wp-json\/wp\/v2\/types\/page"}],"author":[{"embeddable":true,"href":"https:\/\/bsv.dk\/fr\/wp-json\/wp\/v2\/users\/1"}],"replies":[{"embeddable":true,"href":"https:\/\/bsv.dk\/fr\/wp-json\/wp\/v2\/comments?post=6638"}],"version-history":[{"count":6,"href":"https:\/\/bsv.dk\/fr\/wp-json\/wp\/v2\/pages\/6638\/revisions"}],"predecessor-version":[{"id":900466,"href":"https:\/\/bsv.dk\/fr\/wp-json\/wp\/v2\/pages\/6638\/revisions\/900466"}],"wp:attachment":[{"href":"https:\/\/bsv.dk\/fr\/wp-json\/wp\/v2\/media?parent=6638"}],"wp:term":[{"taxonomy":"category","embeddable":true,"href":"https:\/\/bsv.dk\/fr\/wp-json\/wp\/v2\/categories?post=6638"}],"curies":[{"name":"wp","href":"https:\/\/api.w.org\/{rel}","templated":true}]}}