{"id":6628,"date":"2022-07-13T07:37:25","date_gmt":"2022-07-13T05:37:25","guid":{"rendered":"https:\/\/bsv.dk\/pinces-mecaniques-bsv\/grappins-a-tuyau\/"},"modified":"2026-02-16T15:50:42","modified_gmt":"2026-02-16T14:50:42","slug":"grappins-a-tuyau","status":"publish","type":"page","link":"https:\/\/bsv.dk\/fr\/pinces-mecaniques-bsv\/grappins-a-tuyau\/","title":{"rendered":"Pour tubes et tuyaux"},"content":{"rendered":"<div class=\"wpb-content-wrapper\"><p>[vc_row full_width=&#8221;stretch_row&#8221; el_class=&#8221;produkter&#8221;][vc_column][vc_row_inner][vc_column_inner]<div class=\"ult-spacer spacer-69efe2c984365\" data-id=\"69efe2c984365\" data-height=\"90\" data-height-mobile=\"60\" data-height-tab=\"90\" data-height-tab-portrait=\"60\" data-height-mobile-landscape=\"60\" style=\"clear:both;display:block;\"><\/div>[vc_column_text]<\/p>\n<h1><strong>Pinces de levage pour tubes et tuyaux<\/strong><\/h1>\n<p>[\/vc_column_text]<div class=\"ult-spacer spacer-69efe2c9843b0\" data-id=\"69efe2c9843b0\" data-height=\"15\" data-height-mobile=\"15\" data-height-tab=\"15\" data-height-tab-portrait=\"15\" data-height-mobile-landscape=\"15\" style=\"clear:both;display:block;\"><\/div>[vc_btn title=&#8221;Download PDF&#8221; style=&#8221;custom&#8221; custom_background=&#8221;#f7b639&#8243; custom_text=&#8221;#ffffff&#8221; shape=&#8221;square&#8221; size=&#8221;sm&#8221; align=&#8221;left&#8221; css=&#8221;&#8221; link=&#8221;url:https%3A%2F%2Fbsv.dk%2Fwp-content%2Fuploads%2F2026%2F02%2Fdatablaf-taenger-type-rb-til-roer-gb.pdf|title:2024%2F05%2Frb-grab-fr.pdf|target:_blank&#8221;]<div class=\"ult-spacer spacer-69efe2c9843d8\" data-id=\"69efe2c9843d8\" data-height=\"15\" data-height-mobile=\"15\" data-height-tab=\"15\" data-height-tab-portrait=\"15\" data-height-mobile-landscape=\"15\" style=\"clear:both;display:block;\"><\/div>[\/vc_column_inner][\/vc_row_inner][vc_column_text]BSV d\u00e9veloppe et fabrique \u00e9galement des pinces de levage pour la manutention de tubes et tuyaux de diff\u00e9rentes tailles et mat\u00e9riaux. Il peut s&#8217;agir par exemple de tuyaux en b\u00e9ton, de tuyaux en PVC, de rouleaux de papier, etc.<\/p>\n<p>Les pinces m\u00e9caniques BSV sont toutes \u00e9quip\u00e9es d&#8217;un syst\u00e8me de cliquet brevet\u00e9 qui assure un travail 100% automatique, \u00e9galement appel\u00e9 &#8220;chaque seconde fois automatique&#8221;. Cela signifie qu&#8217;il s&#8217;agrippe une fois sur deux et se rel\u00e2che une fois sur deux lorsqu&#8217;il est actionn\u00e9 par le grutier.<\/p>\n<p>BSV propose ce type de pinces dans de nombreuses tailles diff\u00e9rentes. Les grappins sont disponibles dans une gamme standard ainsi qu&#8217;en versions asym\u00e9triques.<\/p>\n<p>Les grappins sont \u00e9quip\u00e9s de coussinets en caoutchouc ou de m\u00e2choires en acier rempla\u00e7ables en fonction du type de grappin et du type de mat\u00e9riau, de la surface et des conditions de travail et climatiques.[\/vc_column_text][vc_empty_space height=&#8221;30px&#8221;]<div class=\"ult-spacer spacer-69efe2c9843fb\" data-id=\"69efe2c9843fb\" data-height=\"60\" data-height-mobile=\"30\" data-height-tab=\"30\" data-height-tab-portrait=\"30\" data-height-mobile-landscape=\"30\" style=\"clear:both;display:block;\"><\/div>[vc_tta_tabs style=&#8221;flat&#8221; shape=&#8221;square&#8221; alignment=&#8221;center&#8221; active_section=&#8221;1&#8243; el_class=&#8221;galleri&#8221;][vc_tta_section title=&#8221;Pince RB pour tuyaux&#8221; tab_id=&#8221;RB-tang-til-roer&#8221;][vc_media_grid element_width=&#8221;3&#8243; gap=&#8221;20&#8243; item=&#8221;467&#8243; css=&#8221;&#8221; grid_id=&#8221;vc_gid:1771253355885-c468cec8-3975-2&#8243; include=&#8221;902120,902121,902122,902123,902124,902125,902127,902126,902128,902129&#8243;][\/vc_tta_section][vc_tta_section title=&#8221;Tuyau de puits&#8221; tab_id=&#8221;broendroer&#8221;][vc_media_grid element_width=&#8221;3&#8243; gap=&#8221;20&#8243; item=&#8221;467&#8243; css=&#8221;&#8221; grid_id=&#8221;vc_gid:1771253355889-97e4f7eb-be32-1&#8243; include=&#8221;902131&#8243;][\/vc_tta_section][vc_tta_section title=&#8221;Crochets de tuyau&#8221; tab_id=&#8221;roerkroge&#8221;][vc_media_grid element_width=&#8221;3&#8243; gap=&#8221;20&#8243; item=&#8221;467&#8243; css=&#8221;&#8221; grid_id=&#8221;vc_gid:1771253355890-2a695e51-0824-7&#8243; include=&#8221;902132,8432,8428,8424,8420,8416&#8243;][\/vc_tta_section][vc_tta_section title=&#8221;Produits compl\u00e9mentaires&#8221; tab_id=&#8221;supplerende-produkter&#8221;][vc_media_grid element_width=&#8221;3&#8243; gap=&#8221;20&#8243; item=&#8221;467&#8243; grid_id=&#8221;vc_gid:1771253355894-506d5caf-0b7f-0&#8243;][\/vc_tta_section][\/vc_tta_tabs][\/vc_column][\/vc_row]<\/p>\n<\/div>","protected":false},"excerpt":{"rendered":"<p>[vc_row full_width=&#8221;stretch_row&#8221; el_class=&#8221;produkter&#8221;][vc_column][vc_row_inner][vc_column_inner][vc_column_text] Pinces de levage pour tubes et tuyaux [\/vc_column_text][vc_btn title=&#8221;Download PDF&#8221; style=&#8221;custom&#8221; custom_background=&#8221;#f7b639&#8243; custom_text=&#8221;#ffffff&#8221; shape=&#8221;square&#8221; size=&#8221;sm&#8221; align=&#8221;left&#8221; css=&#8221;&#8221; link=&#8221;url:https%3A%2F%2Fbsv.dk%2Fwp-content%2Fuploads%2F2026%2F02%2Fdatablaf-taenger-type-rb-til-roer-gb.pdf|title:2024%2F05%2Frb-grab-fr.pdf|target:_blank&#8221;][\/vc_column_inner][\/vc_row_inner][vc_column_text]BSV d\u00e9veloppe et fabrique \u00e9galement des pinces de levage pour la manutention de tubes et tuyaux de diff\u00e9rentes tailles et mat\u00e9riaux. Il peut s&#8217;agir par exemple de tuyaux en b\u00e9ton, de tuyaux en PVC, de &#8230; <a title=\"Pour tubes et tuyaux\" class=\"read-more\" href=\"https:\/\/bsv.dk\/fr\/pinces-mecaniques-bsv\/grappins-a-tuyau\/\" aria-label=\"Read more about Pour tubes et tuyaux\">Lire plus<\/a><\/p>\n","protected":false},"author":1,"featured_media":0,"parent":6560,"menu_order":0,"comment_status":"closed","ping_status":"closed","template":"","meta":{"footnotes":""},"categories":[],"class_list":["post-6628","page","type-page","status-publish"],"yoast_head":"<!-- This site is optimized with the Yoast SEO plugin v27.4 - https:\/\/yoast.com\/product\/yoast-seo-wordpress\/ -->\n<title>Pour tubes et tuyaux &#183; BSV<\/title>\n<meta name=\"robots\" content=\"index, follow, max-snippet:-1, max-image-preview:large, max-video-preview:-1\" \/>\n<link rel=\"canonical\" href=\"https:\/\/bsv.dk\/fr\/pinces-mecaniques-bsv\/grappins-a-tuyau\/\" \/>\n<meta property=\"og:locale\" content=\"fr_FR\" \/>\n<meta property=\"og:type\" content=\"article\" \/>\n<meta property=\"og:title\" content=\"Pour tubes et tuyaux &#183; BSV\" \/>\n<meta property=\"og:description\" content=\"[vc_row full_width=&#8221;stretch_row&#8221; el_class=&#8221;produkter&#8221;][vc_column][vc_row_inner][vc_column_inner][vc_column_text] Pinces de levage pour tubes et tuyaux [\/vc_column_text][vc_btn title=&#8221;Download PDF&#8221; style=&#8221;custom&#8221; custom_background=&#8221;#f7b639&#8243; custom_text=&#8221;#ffffff&#8221; shape=&#8221;square&#8221; size=&#8221;sm&#8221; align=&#8221;left&#8221; css=&#8221;&#8221; link=&#8221;url:https%3A%2F%2Fbsv.dk%2Fwp-content%2Fuploads%2F2026%2F02%2Fdatablaf-taenger-type-rb-til-roer-gb.pdf|title:2024%2F05%2Frb-grab-fr.pdf|target:_blank&#8221;][\/vc_column_inner][\/vc_row_inner][vc_column_text]BSV d\u00e9veloppe et fabrique \u00e9galement des pinces de levage pour la manutention de tubes et tuyaux de diff\u00e9rentes tailles et mat\u00e9riaux. Il peut s&#8217;agir par exemple de tuyaux en b\u00e9ton, de tuyaux en PVC, de ... Lire plus\" \/>\n<meta property=\"og:url\" content=\"https:\/\/bsv.dk\/fr\/pinces-mecaniques-bsv\/grappins-a-tuyau\/\" \/>\n<meta property=\"og:site_name\" content=\"BSV\" \/>\n<meta property=\"article:modified_time\" content=\"2026-02-16T14:50:42+00:00\" \/>\n<meta name=\"twitter:card\" content=\"summary_large_image\" \/>\n<meta name=\"twitter:label1\" content=\"Est. reading time\" \/>\n\t<meta name=\"twitter:data1\" content=\"5 minutes\" \/>\n<script type=\"application\/ld+json\" class=\"yoast-schema-graph\">{\"@context\":\"https:\\\/\\\/schema.org\",\"@graph\":[{\"@type\":\"WebPage\",\"@id\":\"https:\\\/\\\/bsv.dk\\\/fr\\\/pinces-mecaniques-bsv\\\/grappins-a-tuyau\\\/\",\"url\":\"https:\\\/\\\/bsv.dk\\\/fr\\\/pinces-mecaniques-bsv\\\/grappins-a-tuyau\\\/\",\"name\":\"Pour tubes et tuyaux &#183; BSV\",\"isPartOf\":{\"@id\":\"https:\\\/\\\/bsv.dk\\\/#website\"},\"datePublished\":\"2022-07-13T05:37:25+00:00\",\"dateModified\":\"2026-02-16T14:50:42+00:00\",\"breadcrumb\":{\"@id\":\"https:\\\/\\\/bsv.dk\\\/fr\\\/pinces-mecaniques-bsv\\\/grappins-a-tuyau\\\/#breadcrumb\"},\"inLanguage\":\"fr-FR\",\"potentialAction\":[{\"@type\":\"ReadAction\",\"target\":[\"https:\\\/\\\/bsv.dk\\\/fr\\\/pinces-mecaniques-bsv\\\/grappins-a-tuyau\\\/\"]}]},{\"@type\":\"BreadcrumbList\",\"@id\":\"https:\\\/\\\/bsv.dk\\\/fr\\\/pinces-mecaniques-bsv\\\/grappins-a-tuyau\\\/#breadcrumb\",\"itemListElement\":[{\"@type\":\"ListItem\",\"position\":1,\"name\":\"Hjem\",\"item\":\"https:\\\/\\\/bsv.dk\\\/fr\\\/\"},{\"@type\":\"ListItem\",\"position\":2,\"name\":\"Pinces m\u00e9caniques\",\"item\":\"https:\\\/\\\/bsv.dk\\\/fr\\\/pinces-mecaniques-bsv\\\/\"},{\"@type\":\"ListItem\",\"position\":3,\"name\":\"Pour tubes et tuyaux\"}]},{\"@type\":\"WebSite\",\"@id\":\"https:\\\/\\\/bsv.dk\\\/#website\",\"url\":\"https:\\\/\\\/bsv.dk\\\/\",\"name\":\"BSV\",\"description\":\"L\u00f8fteudstyr og krantilbeh\u00f8r: K\u00f8b dit l\u00f8ftegrej og kran-udstyr\",\"publisher\":{\"@id\":\"https:\\\/\\\/bsv.dk\\\/#organization\"},\"potentialAction\":[{\"@type\":\"SearchAction\",\"target\":{\"@type\":\"EntryPoint\",\"urlTemplate\":\"https:\\\/\\\/bsv.dk\\\/?s={search_term_string}\"},\"query-input\":{\"@type\":\"PropertyValueSpecification\",\"valueRequired\":true,\"valueName\":\"search_term_string\"}}],\"inLanguage\":\"fr-FR\"},{\"@type\":\"Organization\",\"@id\":\"https:\\\/\\\/bsv.dk\\\/#organization\",\"name\":\"BSV\",\"url\":\"https:\\\/\\\/bsv.dk\\\/\",\"logo\":{\"@type\":\"ImageObject\",\"inLanguage\":\"fr-FR\",\"@id\":\"https:\\\/\\\/bsv.dk\\\/#\\\/schema\\\/logo\\\/image\\\/\",\"url\":\"https:\\\/\\\/bsv.dk\\\/wp-content\\\/uploads\\\/2022\\\/07\\\/bsv-logo.png\",\"contentUrl\":\"https:\\\/\\\/bsv.dk\\\/wp-content\\\/uploads\\\/2022\\\/07\\\/bsv-logo.png\",\"width\":594,\"height\":249,\"caption\":\"BSV\"},\"image\":{\"@id\":\"https:\\\/\\\/bsv.dk\\\/#\\\/schema\\\/logo\\\/image\\\/\"}}]}<\/script>\n<!-- \/ Yoast SEO plugin. -->","yoast_head_json":{"title":"Pour tubes et tuyaux &#183; BSV","robots":{"index":"index","follow":"follow","max-snippet":"max-snippet:-1","max-image-preview":"max-image-preview:large","max-video-preview":"max-video-preview:-1"},"canonical":"https:\/\/bsv.dk\/fr\/pinces-mecaniques-bsv\/grappins-a-tuyau\/","og_locale":"fr_FR","og_type":"article","og_title":"Pour tubes et tuyaux &#183; BSV","og_description":"[vc_row full_width=&#8221;stretch_row&#8221; el_class=&#8221;produkter&#8221;][vc_column][vc_row_inner][vc_column_inner][vc_column_text] Pinces de levage pour tubes et tuyaux [\/vc_column_text][vc_btn title=&#8221;Download PDF&#8221; style=&#8221;custom&#8221; custom_background=&#8221;#f7b639&#8243; custom_text=&#8221;#ffffff&#8221; shape=&#8221;square&#8221; size=&#8221;sm&#8221; align=&#8221;left&#8221; css=&#8221;&#8221; link=&#8221;url:https%3A%2F%2Fbsv.dk%2Fwp-content%2Fuploads%2F2026%2F02%2Fdatablaf-taenger-type-rb-til-roer-gb.pdf|title:2024%2F05%2Frb-grab-fr.pdf|target:_blank&#8221;][\/vc_column_inner][\/vc_row_inner][vc_column_text]BSV d\u00e9veloppe et fabrique \u00e9galement des pinces de levage pour la manutention de tubes et tuyaux de diff\u00e9rentes tailles et mat\u00e9riaux. Il peut s&#8217;agir par exemple de tuyaux en b\u00e9ton, de tuyaux en PVC, de ... Lire plus","og_url":"https:\/\/bsv.dk\/fr\/pinces-mecaniques-bsv\/grappins-a-tuyau\/","og_site_name":"BSV","article_modified_time":"2026-02-16T14:50:42+00:00","twitter_card":"summary_large_image","twitter_misc":{"Est. reading time":"5 minutes"},"schema":{"@context":"https:\/\/schema.org","@graph":[{"@type":"WebPage","@id":"https:\/\/bsv.dk\/fr\/pinces-mecaniques-bsv\/grappins-a-tuyau\/","url":"https:\/\/bsv.dk\/fr\/pinces-mecaniques-bsv\/grappins-a-tuyau\/","name":"Pour tubes et tuyaux &#183; BSV","isPartOf":{"@id":"https:\/\/bsv.dk\/#website"},"datePublished":"2022-07-13T05:37:25+00:00","dateModified":"2026-02-16T14:50:42+00:00","breadcrumb":{"@id":"https:\/\/bsv.dk\/fr\/pinces-mecaniques-bsv\/grappins-a-tuyau\/#breadcrumb"},"inLanguage":"fr-FR","potentialAction":[{"@type":"ReadAction","target":["https:\/\/bsv.dk\/fr\/pinces-mecaniques-bsv\/grappins-a-tuyau\/"]}]},{"@type":"BreadcrumbList","@id":"https:\/\/bsv.dk\/fr\/pinces-mecaniques-bsv\/grappins-a-tuyau\/#breadcrumb","itemListElement":[{"@type":"ListItem","position":1,"name":"Hjem","item":"https:\/\/bsv.dk\/fr\/"},{"@type":"ListItem","position":2,"name":"Pinces m\u00e9caniques","item":"https:\/\/bsv.dk\/fr\/pinces-mecaniques-bsv\/"},{"@type":"ListItem","position":3,"name":"Pour tubes et tuyaux"}]},{"@type":"WebSite","@id":"https:\/\/bsv.dk\/#website","url":"https:\/\/bsv.dk\/","name":"BSV","description":"L\u00f8fteudstyr og krantilbeh\u00f8r: K\u00f8b dit l\u00f8ftegrej og kran-udstyr","publisher":{"@id":"https:\/\/bsv.dk\/#organization"},"potentialAction":[{"@type":"SearchAction","target":{"@type":"EntryPoint","urlTemplate":"https:\/\/bsv.dk\/?s={search_term_string}"},"query-input":{"@type":"PropertyValueSpecification","valueRequired":true,"valueName":"search_term_string"}}],"inLanguage":"fr-FR"},{"@type":"Organization","@id":"https:\/\/bsv.dk\/#organization","name":"BSV","url":"https:\/\/bsv.dk\/","logo":{"@type":"ImageObject","inLanguage":"fr-FR","@id":"https:\/\/bsv.dk\/#\/schema\/logo\/image\/","url":"https:\/\/bsv.dk\/wp-content\/uploads\/2022\/07\/bsv-logo.png","contentUrl":"https:\/\/bsv.dk\/wp-content\/uploads\/2022\/07\/bsv-logo.png","width":594,"height":249,"caption":"BSV"},"image":{"@id":"https:\/\/bsv.dk\/#\/schema\/logo\/image\/"}}]}},"_links":{"self":[{"href":"https:\/\/bsv.dk\/fr\/wp-json\/wp\/v2\/pages\/6628","targetHints":{"allow":["GET"]}}],"collection":[{"href":"https:\/\/bsv.dk\/fr\/wp-json\/wp\/v2\/pages"}],"about":[{"href":"https:\/\/bsv.dk\/fr\/wp-json\/wp\/v2\/types\/page"}],"author":[{"embeddable":true,"href":"https:\/\/bsv.dk\/fr\/wp-json\/wp\/v2\/users\/1"}],"replies":[{"embeddable":true,"href":"https:\/\/bsv.dk\/fr\/wp-json\/wp\/v2\/comments?post=6628"}],"version-history":[{"count":18,"href":"https:\/\/bsv.dk\/fr\/wp-json\/wp\/v2\/pages\/6628\/revisions"}],"predecessor-version":[{"id":902133,"href":"https:\/\/bsv.dk\/fr\/wp-json\/wp\/v2\/pages\/6628\/revisions\/902133"}],"up":[{"embeddable":true,"href":"https:\/\/bsv.dk\/fr\/wp-json\/wp\/v2\/pages\/6560"}],"wp:attachment":[{"href":"https:\/\/bsv.dk\/fr\/wp-json\/wp\/v2\/media?parent=6628"}],"wp:term":[{"taxonomy":"category","embeddable":true,"href":"https:\/\/bsv.dk\/fr\/wp-json\/wp\/v2\/categories?post=6628"}],"curies":[{"name":"wp","href":"https:\/\/api.w.org\/{rel}","templated":true}]}}