{"id":6560,"date":"2022-07-13T07:28:28","date_gmt":"2022-07-13T05:28:28","guid":{"rendered":"https:\/\/bsv.dk\/pinces-mecaniques-bsv\/"},"modified":"2023-03-07T10:03:36","modified_gmt":"2023-03-07T09:03:36","slug":"pinces-mecaniques-bsv","status":"publish","type":"page","link":"https:\/\/bsv.dk\/fr\/pinces-mecaniques-bsv\/","title":{"rendered":"Pinces m\u00e9caniques"},"content":{"rendered":"<div class=\"wpb-content-wrapper\"><p>[vc_row full_width=&#8221;stretch_row&#8221;][vc_column]<div class=\"ult-spacer spacer-69e151d10af08\" data-id=\"69e151d10af08\" data-height=\"90\" data-height-mobile=\"60\" data-height-tab=\"90\" data-height-tab-portrait=\"60\" data-height-mobile-landscape=\"60\" style=\"clear:both;display:block;\"><\/div>[vc_row_inner][vc_column_inner offset=&#8221;vc_col-lg-8 vc_col-md-8 vc_col-xs-12&#8243;][vc_column_text]<\/p>\n<h1><strong>Pinces m\u00e9caniques<\/strong><\/h1>\n<h2><\/h2>\n<p>[\/vc_column_text][vc_empty_space height=&#8221;30px&#8221;][vc_empty_space height=&#8221;30px&#8221;][vc_column_text]BSV propose une large gamme de pinces m\u00e9caniques pour grues, qui sont fabriqu\u00e9es dans notre usine de Vejen, au Danemark. BSV a d\u00e9velopp\u00e9 et produit plusieurs milliers de pinces m\u00e9caniques dans de nombreuses tailles et toutes fonctionnent \u00e0 100% m\u00e9caniquement. C&#8217;est la qualit\u00e9 danoise et beaucoup de nos clients appr\u00e9cient les outils de levage fabriqu\u00e9s au Danemark, leur qualit\u00e9 sup\u00e9rieure et leur longue durabilit\u00e9.<\/p>\n<p>Les pinces m\u00e9caniques BSV sont toutes \u00e9quip\u00e9es d&#8217;un syst\u00e8me de cliquet brevet\u00e9 qui assure un travail 100% automatique, que nous appelons une fois sur deux automatique.<\/p>\n<p>Apr\u00e8s avoir plac\u00e9 le grappin sur la charge, un crochet de verrouillage est lib\u00e9r\u00e9, de sorte que le grappin maintienne la charge avec les bras de pr\u00e9hension jusqu&#8217;\u00e0 ce qu&#8217;il soit plac\u00e9 \u00e0 l&#8217;endroit souhait\u00e9 et que le grappin soit d\u00e9charg\u00e9. Le processus est r\u00e9p\u00e9t\u00e9 avec le chargement suivant.<\/p>\n<p>Les grappins sont \u00e9quip\u00e9s d&#8217;un dispositif de verrouillage qui limite la fermeture \u00e0 une envergure minimale. Les grappins sont \u00e9quip\u00e9s de coussinets en caoutchouc rempla\u00e7ables ou de m\u00e2choires en acier. De nombreux grappins sont \u00e9galement \u00e9quip\u00e9s de galets de roulement rempla\u00e7ables.<\/p>\n<p>Tous nos grappins sont fabriqu\u00e9s \u00e0 100% au Danemark et sont fournis avec un certificat d\u2019essai et la d\u00e9claration CE. En plus de la couleur standard, BSV propose \u00e9galement d\u2019autres couleurs de peinture si besoin.<\/p>\n<p>Si ces pinces m\u00e9caniques doivent \u00eatre utilis\u00e9es dans des grues avec levage \u00e0 une hauteur sup\u00e9rieure, des r\u00e8gles sp\u00e9ciales s&#8217;appliquent pour la s\u00e9curisation des marchandises.[\/vc_column_text]<div class=\"ult-spacer spacer-69e151d10af63\" data-id=\"69e151d10af63\" data-height=\"0\" data-height-mobile=\"30\" data-height-tab=\"0\" data-height-tab-portrait=\"30\" data-height-mobile-landscape=\"30\" style=\"clear:both;display:block;\"><\/div>[\/vc_column_inner][vc_column_inner offset=&#8221;vc_col-lg-4 vc_col-md-4 vc_col-xs-12&#8243;][vc_wp_custommenu nav_menu=&#8221;16&#8243; el_class=&#8221;contact-sidebar&#8221;][\/vc_column_inner][\/vc_row_inner]<div class=\"ult-spacer spacer-69e151d10af8e\" data-id=\"69e151d10af8e\" data-height=\"90\" data-height-mobile=\"60\" data-height-tab=\"90\" data-height-tab-portrait=\"60\" data-height-mobile-landscape=\"60\" style=\"clear:both;display:block;\"><\/div>[\/vc_column][\/vc_row][vc_row full_width=&#8221;stretch_row&#8221;][vc_column][vc_basic_grid post_type=&#8221;post&#8221; max_items=&#8221;-1&#8243; item=&#8221;2938&#8243; grid_id=&#8221;vc_gid:1678179797428-c220030e-5b2d-0&#8243; taxonomies=&#8221;13371348&#8243;]<div class=\"ult-spacer spacer-69e151d10afb5\" data-id=\"69e151d10afb5\" data-height=\"90\" data-height-mobile=\"60\" data-height-tab=\"90\" data-height-tab-portrait=\"60\" data-height-mobile-landscape=\"60\" style=\"clear:both;display:block;\"><\/div>[\/vc_column][\/vc_row]<\/p>\n<\/div>","protected":false},"excerpt":{"rendered":"<p>[vc_row full_width=&#8221;stretch_row&#8221;][vc_column][vc_row_inner][vc_column_inner offset=&#8221;vc_col-lg-8 vc_col-md-8 vc_col-xs-12&#8243;][vc_column_text] Pinces m\u00e9caniques [\/vc_column_text][vc_empty_space height=&#8221;30px&#8221;][vc_empty_space height=&#8221;30px&#8221;][vc_column_text]BSV propose une large gamme de pinces m\u00e9caniques pour grues, qui sont fabriqu\u00e9es dans notre usine de Vejen, au Danemark. BSV a d\u00e9velopp\u00e9 et produit plusieurs milliers de pinces m\u00e9caniques dans de nombreuses tailles et toutes fonctionnent \u00e0 100% m\u00e9caniquement. C&#8217;est la qualit\u00e9 danoise et beaucoup &#8230; <a title=\"Pinces m\u00e9caniques\" class=\"read-more\" href=\"https:\/\/bsv.dk\/fr\/pinces-mecaniques-bsv\/\" aria-label=\"Read more about Pinces m\u00e9caniques\">Lire plus<\/a><\/p>\n","protected":false},"author":1,"featured_media":0,"parent":0,"menu_order":0,"comment_status":"closed","ping_status":"closed","template":"","meta":{"footnotes":""},"categories":[],"class_list":["post-6560","page","type-page","status-publish"],"yoast_head":"<!-- This site is optimized with the Yoast SEO plugin v27.4 - https:\/\/yoast.com\/product\/yoast-seo-wordpress\/ -->\n<title>Pinces m\u00e9caniques &#183; BSV<\/title>\n<meta name=\"robots\" content=\"index, follow, max-snippet:-1, max-image-preview:large, max-video-preview:-1\" \/>\n<link rel=\"canonical\" href=\"https:\/\/bsv.dk\/fr\/pinces-mecaniques-bsv\/\" \/>\n<meta property=\"og:locale\" content=\"fr_FR\" \/>\n<meta property=\"og:type\" content=\"article\" \/>\n<meta property=\"og:title\" content=\"Pinces m\u00e9caniques &#183; BSV\" \/>\n<meta property=\"og:description\" content=\"[vc_row full_width=&#8221;stretch_row&#8221;][vc_column][vc_row_inner][vc_column_inner offset=&#8221;vc_col-lg-8 vc_col-md-8 vc_col-xs-12&#8243;][vc_column_text] Pinces m\u00e9caniques [\/vc_column_text][vc_empty_space height=&#8221;30px&#8221;][vc_empty_space height=&#8221;30px&#8221;][vc_column_text]BSV propose une large gamme de pinces m\u00e9caniques pour grues, qui sont fabriqu\u00e9es dans notre usine de Vejen, au Danemark. BSV a d\u00e9velopp\u00e9 et produit plusieurs milliers de pinces m\u00e9caniques dans de nombreuses tailles et toutes fonctionnent \u00e0 100% m\u00e9caniquement. C&#8217;est la qualit\u00e9 danoise et beaucoup ... Lire plus\" \/>\n<meta property=\"og:url\" content=\"https:\/\/bsv.dk\/fr\/pinces-mecaniques-bsv\/\" \/>\n<meta property=\"og:site_name\" content=\"BSV\" \/>\n<meta property=\"article:modified_time\" content=\"2023-03-07T09:03:36+00:00\" \/>\n<meta name=\"twitter:card\" content=\"summary_large_image\" \/>\n<meta name=\"twitter:label1\" content=\"Est. reading time\" \/>\n\t<meta name=\"twitter:data1\" content=\"2 minutes\" \/>\n<script type=\"application\/ld+json\" class=\"yoast-schema-graph\">{\"@context\":\"https:\\\/\\\/schema.org\",\"@graph\":[{\"@type\":\"WebPage\",\"@id\":\"https:\\\/\\\/bsv.dk\\\/fr\\\/pinces-mecaniques-bsv\\\/\",\"url\":\"https:\\\/\\\/bsv.dk\\\/fr\\\/pinces-mecaniques-bsv\\\/\",\"name\":\"Pinces m\u00e9caniques &#183; BSV\",\"isPartOf\":{\"@id\":\"https:\\\/\\\/bsv.dk\\\/#website\"},\"datePublished\":\"2022-07-13T05:28:28+00:00\",\"dateModified\":\"2023-03-07T09:03:36+00:00\",\"breadcrumb\":{\"@id\":\"https:\\\/\\\/bsv.dk\\\/fr\\\/pinces-mecaniques-bsv\\\/#breadcrumb\"},\"inLanguage\":\"fr-FR\",\"potentialAction\":[{\"@type\":\"ReadAction\",\"target\":[\"https:\\\/\\\/bsv.dk\\\/fr\\\/pinces-mecaniques-bsv\\\/\"]}]},{\"@type\":\"BreadcrumbList\",\"@id\":\"https:\\\/\\\/bsv.dk\\\/fr\\\/pinces-mecaniques-bsv\\\/#breadcrumb\",\"itemListElement\":[{\"@type\":\"ListItem\",\"position\":1,\"name\":\"Hjem\",\"item\":\"https:\\\/\\\/bsv.dk\\\/fr\\\/\"},{\"@type\":\"ListItem\",\"position\":2,\"name\":\"Pinces m\u00e9caniques\"}]},{\"@type\":\"WebSite\",\"@id\":\"https:\\\/\\\/bsv.dk\\\/#website\",\"url\":\"https:\\\/\\\/bsv.dk\\\/\",\"name\":\"BSV\",\"description\":\"L\u00f8fteudstyr og krantilbeh\u00f8r: K\u00f8b dit l\u00f8ftegrej og kran-udstyr\",\"publisher\":{\"@id\":\"https:\\\/\\\/bsv.dk\\\/#organization\"},\"potentialAction\":[{\"@type\":\"SearchAction\",\"target\":{\"@type\":\"EntryPoint\",\"urlTemplate\":\"https:\\\/\\\/bsv.dk\\\/?s={search_term_string}\"},\"query-input\":{\"@type\":\"PropertyValueSpecification\",\"valueRequired\":true,\"valueName\":\"search_term_string\"}}],\"inLanguage\":\"fr-FR\"},{\"@type\":\"Organization\",\"@id\":\"https:\\\/\\\/bsv.dk\\\/#organization\",\"name\":\"BSV\",\"url\":\"https:\\\/\\\/bsv.dk\\\/\",\"logo\":{\"@type\":\"ImageObject\",\"inLanguage\":\"fr-FR\",\"@id\":\"https:\\\/\\\/bsv.dk\\\/#\\\/schema\\\/logo\\\/image\\\/\",\"url\":\"https:\\\/\\\/bsv.dk\\\/wp-content\\\/uploads\\\/2022\\\/07\\\/bsv-logo.png\",\"contentUrl\":\"https:\\\/\\\/bsv.dk\\\/wp-content\\\/uploads\\\/2022\\\/07\\\/bsv-logo.png\",\"width\":594,\"height\":249,\"caption\":\"BSV\"},\"image\":{\"@id\":\"https:\\\/\\\/bsv.dk\\\/#\\\/schema\\\/logo\\\/image\\\/\"}}]}<\/script>\n<!-- \/ Yoast SEO plugin. -->","yoast_head_json":{"title":"Pinces m\u00e9caniques &#183; BSV","robots":{"index":"index","follow":"follow","max-snippet":"max-snippet:-1","max-image-preview":"max-image-preview:large","max-video-preview":"max-video-preview:-1"},"canonical":"https:\/\/bsv.dk\/fr\/pinces-mecaniques-bsv\/","og_locale":"fr_FR","og_type":"article","og_title":"Pinces m\u00e9caniques &#183; BSV","og_description":"[vc_row full_width=&#8221;stretch_row&#8221;][vc_column][vc_row_inner][vc_column_inner offset=&#8221;vc_col-lg-8 vc_col-md-8 vc_col-xs-12&#8243;][vc_column_text] Pinces m\u00e9caniques [\/vc_column_text][vc_empty_space height=&#8221;30px&#8221;][vc_empty_space height=&#8221;30px&#8221;][vc_column_text]BSV propose une large gamme de pinces m\u00e9caniques pour grues, qui sont fabriqu\u00e9es dans notre usine de Vejen, au Danemark. BSV a d\u00e9velopp\u00e9 et produit plusieurs milliers de pinces m\u00e9caniques dans de nombreuses tailles et toutes fonctionnent \u00e0 100% m\u00e9caniquement. C&#8217;est la qualit\u00e9 danoise et beaucoup ... Lire plus","og_url":"https:\/\/bsv.dk\/fr\/pinces-mecaniques-bsv\/","og_site_name":"BSV","article_modified_time":"2023-03-07T09:03:36+00:00","twitter_card":"summary_large_image","twitter_misc":{"Est. reading time":"2 minutes"},"schema":{"@context":"https:\/\/schema.org","@graph":[{"@type":"WebPage","@id":"https:\/\/bsv.dk\/fr\/pinces-mecaniques-bsv\/","url":"https:\/\/bsv.dk\/fr\/pinces-mecaniques-bsv\/","name":"Pinces m\u00e9caniques &#183; BSV","isPartOf":{"@id":"https:\/\/bsv.dk\/#website"},"datePublished":"2022-07-13T05:28:28+00:00","dateModified":"2023-03-07T09:03:36+00:00","breadcrumb":{"@id":"https:\/\/bsv.dk\/fr\/pinces-mecaniques-bsv\/#breadcrumb"},"inLanguage":"fr-FR","potentialAction":[{"@type":"ReadAction","target":["https:\/\/bsv.dk\/fr\/pinces-mecaniques-bsv\/"]}]},{"@type":"BreadcrumbList","@id":"https:\/\/bsv.dk\/fr\/pinces-mecaniques-bsv\/#breadcrumb","itemListElement":[{"@type":"ListItem","position":1,"name":"Hjem","item":"https:\/\/bsv.dk\/fr\/"},{"@type":"ListItem","position":2,"name":"Pinces m\u00e9caniques"}]},{"@type":"WebSite","@id":"https:\/\/bsv.dk\/#website","url":"https:\/\/bsv.dk\/","name":"BSV","description":"L\u00f8fteudstyr og krantilbeh\u00f8r: K\u00f8b dit l\u00f8ftegrej og kran-udstyr","publisher":{"@id":"https:\/\/bsv.dk\/#organization"},"potentialAction":[{"@type":"SearchAction","target":{"@type":"EntryPoint","urlTemplate":"https:\/\/bsv.dk\/?s={search_term_string}"},"query-input":{"@type":"PropertyValueSpecification","valueRequired":true,"valueName":"search_term_string"}}],"inLanguage":"fr-FR"},{"@type":"Organization","@id":"https:\/\/bsv.dk\/#organization","name":"BSV","url":"https:\/\/bsv.dk\/","logo":{"@type":"ImageObject","inLanguage":"fr-FR","@id":"https:\/\/bsv.dk\/#\/schema\/logo\/image\/","url":"https:\/\/bsv.dk\/wp-content\/uploads\/2022\/07\/bsv-logo.png","contentUrl":"https:\/\/bsv.dk\/wp-content\/uploads\/2022\/07\/bsv-logo.png","width":594,"height":249,"caption":"BSV"},"image":{"@id":"https:\/\/bsv.dk\/#\/schema\/logo\/image\/"}}]}},"_links":{"self":[{"href":"https:\/\/bsv.dk\/fr\/wp-json\/wp\/v2\/pages\/6560","targetHints":{"allow":["GET"]}}],"collection":[{"href":"https:\/\/bsv.dk\/fr\/wp-json\/wp\/v2\/pages"}],"about":[{"href":"https:\/\/bsv.dk\/fr\/wp-json\/wp\/v2\/types\/page"}],"author":[{"embeddable":true,"href":"https:\/\/bsv.dk\/fr\/wp-json\/wp\/v2\/users\/1"}],"replies":[{"embeddable":true,"href":"https:\/\/bsv.dk\/fr\/wp-json\/wp\/v2\/comments?post=6560"}],"version-history":[{"count":9,"href":"https:\/\/bsv.dk\/fr\/wp-json\/wp\/v2\/pages\/6560\/revisions"}],"predecessor-version":[{"id":900386,"href":"https:\/\/bsv.dk\/fr\/wp-json\/wp\/v2\/pages\/6560\/revisions\/900386"}],"wp:attachment":[{"href":"https:\/\/bsv.dk\/fr\/wp-json\/wp\/v2\/media?parent=6560"}],"wp:term":[{"taxonomy":"category","embeddable":true,"href":"https:\/\/bsv.dk\/fr\/wp-json\/wp\/v2\/categories?post=6560"}],"curies":[{"name":"wp","href":"https:\/\/api.w.org\/{rel}","templated":true}]}}