{"id":6546,"date":"2022-07-13T07:29:43","date_gmt":"2022-07-13T05:29:43","guid":{"rendered":"https:\/\/bsv.dk\/grappins\/grappin-combi\/"},"modified":"2026-02-16T09:55:46","modified_gmt":"2026-02-16T08:55:46","slug":"grappin-combi","status":"publish","type":"page","link":"https:\/\/bsv.dk\/fr\/grappins\/grappin-combi\/","title":{"rendered":"Grappin COMBI"},"content":{"rendered":"<div class=\"wpb-content-wrapper\"><p>[vc_row full_width=&#8221;stretch_row&#8221; el_class=&#8221;produkter&#8221;][vc_column]<div class=\"ult-spacer spacer-69f2186904a73\" data-id=\"69f2186904a73\" data-height=\"90\" data-height-mobile=\"60\" data-height-tab=\"90\" data-height-tab-portrait=\"60\" data-height-mobile-landscape=\"60\" style=\"clear:both;display:block;\"><\/div>[vc_row_inner equal_height=&#8221;yes&#8221;][vc_column_inner offset=&#8221;vc_col-lg-6 vc_col-md-6 vc_col-xs-12&#8243;][vc_media_grid style=&#8221;pagination&#8221; items_per_page=&#8221;1&#8243; element_width=&#8221;12&#8243; gap=&#8221;20&#8243; arrows_design=&#8221;vc_arrow-icon-arrow_01_left&#8221; arrows_position=&#8221;outside&#8221; arrows_color=&#8221;black&#8221; paging_design=&#8221;none&#8221; loop=&#8221;yes&#8221; item=&#8221;2845&#8243; css=&#8221;&#8221; grid_id=&#8221;vc_gid:1771232129767-eaf5f529-a7a4-9&#8243; include=&#8221;7360,7364,7368&#8243;]<div class=\"ult-spacer spacer-69f2186904abf\" data-id=\"69f2186904abf\" data-height=\"0\" data-height-mobile=\"30\" data-height-tab=\"0\" data-height-tab-portrait=\"30\" data-height-mobile-landscape=\"30\" style=\"clear:both;display:block;\"><\/div>[\/vc_column_inner][vc_column_inner offset=&#8221;vc_col-lg-6 vc_col-md-6 vc_col-xs-12&#8243;][vc_column_text]<\/p>\n<h1>Grappin COMBI<\/h1>\n<p>[\/vc_column_text][vc_empty_space height=&#8221;30px&#8221;][vc_btn title=&#8221;T\u00e9l\u00e9charger le PDF&#8221; style=&#8221;custom&#8221; custom_background=&#8221;#f7b639&#8243; custom_text=&#8221;#ffffff&#8221; shape=&#8221;square&#8221; size=&#8221;sm&#8221; align=&#8221;left&#8221; css=&#8221;&#8221; link=&#8221;url:https%3A%2F%2Fbsv.dk%2Fwp-content%2Fuploads%2F2026%2F02%2Fdatablad-combi-grab-gb.pdf|target:_blank&#8221;][vc_empty_space height=&#8221;30px&#8221;][vc_column_text]Le grappin COMBI est la s\u00e9rie de petits grappins hydrauliques de BSV.<\/p>\n<p>La s\u00e9rie de grappins Combi se compose d&#8217;une unit\u00e9 hydraulique, sur laquelle les deux pelles pour le sable, les branches, le bois, le bois massif, la pierre de granit, la bordure etc. peuvent \u00eatre mont\u00e9es. et de nombreuses autres t\u00e2ches polyvalentes. En raison de la possibilit\u00e9 de changement d&#8217;outil et d&#8217;une grande flexibilit\u00e9, il donne son nom \u00e0 la s\u00e9rie de grappins, Combi.<\/p>\n<p>Le grappin COMBI est la s\u00e9rie de petits grappins hydrauliques de BSV.<\/p>\n<p>\u200b\u200bLa s\u00e9rie de grappin COMBI consiste en une unit\u00e9 hydraulique, sur laquelle des godets pour sable, branches, bois, bois massif, pierre de granit, margelles, etc. peuvent \u00eatre mont\u00e9s et ils peuvent aussi \u00eatre utilis\u00e9s pour de nombreuses autres t\u00e2ches. Le nom COMBI est n\u00e9 de la possibilit\u00e9 de changement d\u2019outil et d\u2019une grande flexibilit\u00e9.<\/p>\n<p>Les godets sont livr\u00e9s en godets ouverts et ferm\u00e9s.<\/p>\n<p>Ce grappin est principalement con\u00e7u pour \u00eatre utilis\u00e9 dans les petites grues hydrauliques, les mini-pelles, etc. Le grappin COMBI est flexible et polyvalent et constitue le bon choix pour les entreprises ayant de nombreuses t\u00e2ches petites et vari\u00e9es.<\/p>\n<p>L&#8217;un des avantages de ce type de grappin est que les changements d&#8217;outils rapides peuvent \u00eatre effectu\u00e9s sans l&#8217;utilisation d&#8217;outils manuels.[\/vc_column_text][\/vc_column_inner][\/vc_row_inner]<div class=\"ult-spacer spacer-69f2186904ae7\" data-id=\"69f2186904ae7\" data-height=\"90\" data-height-mobile=\"60\" data-height-tab=\"90\" data-height-tab-portrait=\"60\" data-height-mobile-landscape=\"60\" style=\"clear:both;display:block;\"><\/div>[\/vc_column][\/vc_row][vc_row full_width=&#8221;stretch_row&#8221; disable_element=&#8221;yes&#8221; el_class=&#8221;produkter&#8221; css=&#8221;.vc_custom_1691573791545{background-color: #f7f7f7 !important;}&#8221;][vc_column]<div class=\"ult-spacer spacer-69f2186904b09\" data-id=\"69f2186904b09\" data-height=\"90\" data-height-mobile=\"60\" data-height-tab=\"90\" data-height-tab-portrait=\"60\" data-height-mobile-landscape=\"60\" style=\"clear:both;display:block;\"><\/div>[vc_column_text]<\/p>\n<h3>Voir notre s\u00e9rie de grappins COMBI<\/h3>\n<p>[\/vc_column_text][vc_empty_space height=&#8221;30px&#8221;][vc_row_inner][vc_column_inner offset=&#8221;vc_col-lg-8 vc_col-md-8 vc_col-xs-12&#8243;]<div class=\"ult-spacer spacer-69f2186904b29\" data-id=\"69f2186904b29\" data-height=\"0\" data-height-mobile=\"30\" data-height-tab=\"0\" data-height-tab-portrait=\"30\" data-height-mobile-landscape=\"30\" style=\"clear:both;display:block;\"><\/div>[\/vc_column_inner][vc_column_inner offset=&#8221;vc_col-lg-4 vc_col-md-4 vc_col-xs-12&#8243;][vc_media_grid element_width=&#8221;12&#8243; gap=&#8221;0&#8243; item=&#8221;1774&#8243; grid_id=&#8221;vc_gid:1771232129779-fb1e39cb-3bf8-7&#8243; include=&#8221;5167&#8243;][\/vc_column_inner][\/vc_row_inner][vc_empty_space height=&#8221;30px&#8221;][vc_separator][vc_empty_space height=&#8221;30px&#8221;][vc_row_inner][vc_column_inner offset=&#8221;vc_col-lg-8 vc_col-md-8 vc_col-xs-12&#8243;][vc_raw_html]JTVCdGFibGUlMjBpZCUzRDEwJTIwcmVzcG9uc2l2ZSUzRHNjcm9sbCUyMHJlc3BvbnNpdmVfYnJlYWtwb2ludCUzRHBob25lJTIwJTJGJTVE[\/vc_raw_html]<div class=\"ult-spacer spacer-69f2186904b48\" data-id=\"69f2186904b48\" data-height=\"0\" data-height-mobile=\"30\" data-height-tab=\"0\" data-height-tab-portrait=\"30\" data-height-mobile-landscape=\"30\" style=\"clear:both;display:block;\"><\/div>[\/vc_column_inner][vc_column_inner offset=&#8221;vc_col-lg-4 vc_col-md-4 vc_col-xs-12&#8243;][\/vc_column_inner][\/vc_row_inner][vc_empty_space height=&#8221;30px&#8221;][vc_separator][vc_empty_space height=&#8221;30px&#8221;][vc_row_inner][vc_column_inner offset=&#8221;vc_col-lg-8 vc_col-md-8 vc_col-xs-12&#8243;][vc_raw_html]JTVCdGFibGUlMjBpZCUzRDI0JTIwcmVzcG9uc2l2ZSUzRHNjcm9sbCUyMHJlc3BvbnNpdmVfYnJlYWtwb2ludCUzRHBob25lJTIwJTJGJTVE[\/vc_raw_html]<div class=\"ult-spacer spacer-69f2186904b65\" data-id=\"69f2186904b65\" data-height=\"0\" data-height-mobile=\"30\" data-height-tab=\"0\" data-height-tab-portrait=\"30\" data-height-mobile-landscape=\"30\" style=\"clear:both;display:block;\"><\/div>[\/vc_column_inner][vc_column_inner offset=&#8221;vc_col-lg-4 vc_col-md-4 vc_col-xs-12&#8243;][vc_media_grid element_width=&#8221;12&#8243; gap=&#8221;0&#8243; item=&#8221;1774&#8243; grid_id=&#8221;vc_gid:1771232129784-0b4afe6c-a8b2-1&#8243; include=&#8221;5187&#8243;][\/vc_column_inner][\/vc_row_inner][vc_empty_space height=&#8221;30px&#8221;][vc_separator][vc_empty_space height=&#8221;30px&#8221;][vc_row_inner][vc_column_inner offset=&#8221;vc_col-lg-8 vc_col-md-8 vc_col-xs-12&#8243;][vc_raw_html]JTVCdGFibGUlMjBpZCUzRDEyJTIwcmVzcG9uc2l2ZSUzRHNjcm9sbCUyMHJlc3BvbnNpdmVfYnJlYWtwb2ludCUzRHBob25lJTIwJTJGJTVE[\/vc_raw_html]<div class=\"ult-spacer spacer-69f2186904b8b\" data-id=\"69f2186904b8b\" data-height=\"0\" data-height-mobile=\"30\" data-height-tab=\"0\" data-height-tab-portrait=\"30\" data-height-mobile-landscape=\"30\" style=\"clear:both;display:block;\"><\/div>[\/vc_column_inner][vc_column_inner offset=&#8221;vc_col-lg-4 vc_col-md-4 vc_col-xs-12&#8243;][vc_media_grid element_width=&#8221;12&#8243; gap=&#8221;0&#8243; item=&#8221;1774&#8243; grid_id=&#8221;vc_gid:1771232129788-2d37c27c-064f-9&#8243; include=&#8221;5197&#8243;][\/vc_column_inner][\/vc_row_inner][vc_empty_space height=&#8221;30px&#8221;][vc_separator][vc_empty_space height=&#8221;30px&#8221;][vc_row_inner][vc_column_inner offset=&#8221;vc_col-lg-8 vc_col-md-8 vc_col-xs-12&#8243;][vc_raw_html]JTVCdGFibGUlMjBpZCUzRDE0JTIwcmVzcG9uc2l2ZSUzRHNjcm9sbCUyMHJlc3BvbnNpdmVfYnJlYWtwb2ludCUzRHBob25lJTIwJTJGJTVE[\/vc_raw_html]<div class=\"ult-spacer spacer-69f2186904ba7\" data-id=\"69f2186904ba7\" data-height=\"0\" data-height-mobile=\"30\" data-height-tab=\"0\" data-height-tab-portrait=\"30\" data-height-mobile-landscape=\"30\" style=\"clear:both;display:block;\"><\/div>[\/vc_column_inner][vc_column_inner offset=&#8221;vc_col-lg-4 vc_col-md-4 vc_col-xs-12&#8243;][vc_media_grid element_width=&#8221;12&#8243; gap=&#8221;0&#8243; item=&#8221;1774&#8243; grid_id=&#8221;vc_gid:1771232129791-8d9e06fd-adb2-7&#8243; include=&#8221;5202&#8243;][\/vc_column_inner][\/vc_row_inner][vc_empty_space height=&#8221;30px&#8221;][vc_separator][vc_empty_space height=&#8221;30px&#8221;][vc_row_inner][vc_column_inner offset=&#8221;vc_col-lg-8 vc_col-md-8 vc_col-xs-12&#8243;][vc_raw_html]JTVCdGFibGUlMjBpZCUzRDE3JTIwcmVzcG9uc2l2ZSUzRHNjcm9sbCUyMHJlc3BvbnNpdmVfYnJlYWtwb2ludCUzRHBob25lJTIwJTJGJTVE[\/vc_raw_html]<div class=\"ult-spacer spacer-69f2186904bc8\" data-id=\"69f2186904bc8\" data-height=\"0\" data-height-mobile=\"30\" data-height-tab=\"0\" data-height-tab-portrait=\"30\" data-height-mobile-landscape=\"30\" style=\"clear:both;display:block;\"><\/div>[\/vc_column_inner][vc_column_inner offset=&#8221;vc_col-lg-4 vc_col-md-4 vc_col-xs-12&#8243;][vc_media_grid element_width=&#8221;12&#8243; gap=&#8221;0&#8243; item=&#8221;1774&#8243; grid_id=&#8221;vc_gid:1771232129795-cbc3f51c-8c6d-0&#8243; include=&#8221;5210&#8243;][\/vc_column_inner][\/vc_row_inner][vc_empty_space height=&#8221;30px&#8221;][vc_separator][vc_empty_space height=&#8221;30px&#8221;][vc_row_inner][vc_column_inner offset=&#8221;vc_col-lg-8 vc_col-md-8 vc_col-xs-12&#8243;][vc_raw_html]JTVCdGFibGUlMjBpZCUzRDIxJTIwcmVzcG9uc2l2ZSUzRHNjcm9sbCUyMHJlc3BvbnNpdmVfYnJlYWtwb2ludCUzRHBob25lJTIwJTJGJTVE[\/vc_raw_html]<div class=\"ult-spacer spacer-69f2186904be3\" data-id=\"69f2186904be3\" data-height=\"0\" data-height-mobile=\"30\" data-height-tab=\"0\" data-height-tab-portrait=\"30\" data-height-mobile-landscape=\"30\" style=\"clear:both;display:block;\"><\/div>[\/vc_column_inner][vc_column_inner offset=&#8221;vc_col-lg-4 vc_col-md-4 vc_col-xs-12&#8243;][vc_media_grid element_width=&#8221;12&#8243; gap=&#8221;0&#8243; item=&#8221;1774&#8243; grid_id=&#8221;vc_gid:1771232129799-961400a6-fbfa-9&#8243; include=&#8221;5228&#8243;][\/vc_column_inner][\/vc_row_inner][vc_empty_space height=&#8221;30px&#8221;][vc_separator][vc_empty_space height=&#8221;30px&#8221;][vc_row_inner][vc_column_inner offset=&#8221;vc_col-lg-8 vc_col-md-8 vc_col-xs-12&#8243;][vc_raw_html]JTVCdGFibGUlMjBpZCUzRDIzJTIwcmVzcG9uc2l2ZSUzRHNjcm9sbCUyMHJlc3BvbnNpdmVfYnJlYWtwb2ludCUzRHBob25lJTIwJTJGJTVE[\/vc_raw_html]<div class=\"ult-spacer spacer-69f2186904bfd\" data-id=\"69f2186904bfd\" data-height=\"0\" data-height-mobile=\"30\" data-height-tab=\"0\" data-height-tab-portrait=\"30\" data-height-mobile-landscape=\"30\" style=\"clear:both;display:block;\"><\/div>[\/vc_column_inner][vc_column_inner offset=&#8221;vc_col-lg-4 vc_col-md-4 vc_col-xs-12&#8243;][vc_media_grid element_width=&#8221;12&#8243; gap=&#8221;0&#8243; item=&#8221;1774&#8243; grid_id=&#8221;vc_gid:1771232129803-d932530b-1ed0-8&#8243; include=&#8221;5223&#8243;][\/vc_column_inner][\/vc_row_inner][vc_empty_space height=&#8221;30px&#8221;][vc_separator][vc_empty_space height=&#8221;30px&#8221;][vc_raw_html]JTVCdGFibGUlMjBpZCUzRDI2JTIwcmVzcG9uc2l2ZSUzRHNjcm9sbCUyMHJlc3BvbnNpdmVfYnJlYWtwb2ludCUzRHBob25lJTIwJTJGJTVE[\/vc_raw_html][vc_empty_space height=&#8221;30px&#8221;][vc_separator][vc_empty_space height=&#8221;30px&#8221;][vc_raw_html]JTVCdGFibGUlMjBpZCUzRDI5JTIwcmVzcG9uc2l2ZSUzRHNjcm9sbCUyMHJlc3BvbnNpdmVfYnJlYWtwb2ludCUzRHBob25lJTIwJTJGJTVE[\/vc_raw_html]<div class=\"ult-spacer spacer-69f2186904c16\" data-id=\"69f2186904c16\" data-height=\"0\" data-height-mobile=\"30\" data-height-tab=\"0\" data-height-tab-portrait=\"30\" data-height-mobile-landscape=\"30\" style=\"clear:both;display:block;\"><\/div>[vc_empty_space height=&#8221;30px&#8221;][vc_separator][vc_empty_space height=&#8221;30px&#8221;][vc_raw_html]JTVCdGFibGUlMjBpZCUzRDMxJTIwcmVzcG9uc2l2ZSUzRHNjcm9sbCUyMHJlc3BvbnNpdmVfYnJlYWtwb2ludCUzRHBob25lJTIwJTJGJTVE[\/vc_raw_html]<div class=\"ult-spacer spacer-69f2186904c2f\" data-id=\"69f2186904c2f\" data-height=\"90\" data-height-mobile=\"60\" data-height-tab=\"90\" data-height-tab-portrait=\"60\" data-height-mobile-landscape=\"60\" style=\"clear:both;display:block;\"><\/div>[\/vc_column][\/vc_row]<\/p>\n<\/div>","protected":false},"excerpt":{"rendered":"<p>[vc_row full_width=&#8221;stretch_row&#8221; el_class=&#8221;produkter&#8221;][vc_column][vc_row_inner equal_height=&#8221;yes&#8221;][vc_column_inner offset=&#8221;vc_col-lg-6 vc_col-md-6 vc_col-xs-12&#8243;][vc_media_grid style=&#8221;pagination&#8221; items_per_page=&#8221;1&#8243; element_width=&#8221;12&#8243; gap=&#8221;20&#8243; arrows_design=&#8221;vc_arrow-icon-arrow_01_left&#8221; arrows_position=&#8221;outside&#8221; arrows_color=&#8221;black&#8221; paging_design=&#8221;none&#8221; loop=&#8221;yes&#8221; item=&#8221;2845&#8243; css=&#8221;&#8221; grid_id=&#8221;vc_gid:1771232129767-eaf5f529-a7a4-9&#8243; include=&#8221;7360,7364,7368&#8243;][\/vc_column_inner][vc_column_inner offset=&#8221;vc_col-lg-6 vc_col-md-6 vc_col-xs-12&#8243;][vc_column_text] Grappin COMBI [\/vc_column_text][vc_empty_space height=&#8221;30px&#8221;][vc_btn title=&#8221;T\u00e9l\u00e9charger le PDF&#8221; style=&#8221;custom&#8221; custom_background=&#8221;#f7b639&#8243; custom_text=&#8221;#ffffff&#8221; shape=&#8221;square&#8221; size=&#8221;sm&#8221; align=&#8221;left&#8221; css=&#8221;&#8221; link=&#8221;url:https%3A%2F%2Fbsv.dk%2Fwp-content%2Fuploads%2F2026%2F02%2Fdatablad-combi-grab-gb.pdf|target:_blank&#8221;][vc_empty_space height=&#8221;30px&#8221;][vc_column_text]Le grappin COMBI est la s\u00e9rie de petits grappins hydrauliques de BSV. La s\u00e9rie de grappins Combi &#8230; <a title=\"Grappin COMBI\" class=\"read-more\" href=\"https:\/\/bsv.dk\/fr\/grappins\/grappin-combi\/\" aria-label=\"Read more about Grappin COMBI\">Lire plus<\/a><\/p>\n","protected":false},"author":1,"featured_media":0,"parent":6449,"menu_order":0,"comment_status":"closed","ping_status":"closed","template":"","meta":{"footnotes":""},"categories":[53],"class_list":{"0":"post-6546","1":"page","2":"type-page","3":"status-publish","5":"category-hydraulique"},"yoast_head":"<!-- This site is optimized with the Yoast SEO plugin v27.5 - https:\/\/yoast.com\/product\/yoast-seo-wordpress\/ -->\n<title>Grappin COMBI &#183; BSV<\/title>\n<meta name=\"robots\" content=\"index, follow, max-snippet:-1, max-image-preview:large, max-video-preview:-1\" \/>\n<link rel=\"canonical\" href=\"https:\/\/bsv.dk\/fr\/grappins\/grappin-combi\/\" \/>\n<meta property=\"og:locale\" content=\"fr_FR\" \/>\n<meta property=\"og:type\" content=\"article\" \/>\n<meta property=\"og:title\" content=\"Grappin COMBI &#183; BSV\" \/>\n<meta property=\"og:description\" content=\"[vc_row full_width=&#8221;stretch_row&#8221; el_class=&#8221;produkter&#8221;][vc_column][vc_row_inner equal_height=&#8221;yes&#8221;][vc_column_inner offset=&#8221;vc_col-lg-6 vc_col-md-6 vc_col-xs-12&#8243;][vc_media_grid style=&#8221;pagination&#8221; items_per_page=&#8221;1&#8243; element_width=&#8221;12&#8243; gap=&#8221;20&#8243; arrows_design=&#8221;vc_arrow-icon-arrow_01_left&#8221; arrows_position=&#8221;outside&#8221; arrows_color=&#8221;black&#8221; paging_design=&#8221;none&#8221; loop=&#8221;yes&#8221; item=&#8221;2845&#8243; css=&#8221;&#8221; grid_id=&#8221;vc_gid:1771232129767-eaf5f529-a7a4-9&#8243; include=&#8221;7360,7364,7368&#8243;][\/vc_column_inner][vc_column_inner offset=&#8221;vc_col-lg-6 vc_col-md-6 vc_col-xs-12&#8243;][vc_column_text] Grappin COMBI [\/vc_column_text][vc_empty_space height=&#8221;30px&#8221;][vc_btn title=&#8221;T\u00e9l\u00e9charger le PDF&#8221; style=&#8221;custom&#8221; custom_background=&#8221;#f7b639&#8243; custom_text=&#8221;#ffffff&#8221; shape=&#8221;square&#8221; size=&#8221;sm&#8221; align=&#8221;left&#8221; css=&#8221;&#8221; link=&#8221;url:https%3A%2F%2Fbsv.dk%2Fwp-content%2Fuploads%2F2026%2F02%2Fdatablad-combi-grab-gb.pdf|target:_blank&#8221;][vc_empty_space height=&#8221;30px&#8221;][vc_column_text]Le grappin COMBI est la s\u00e9rie de petits grappins hydrauliques de BSV. La s\u00e9rie de grappins Combi ... Lire plus\" \/>\n<meta property=\"og:url\" content=\"https:\/\/bsv.dk\/fr\/grappins\/grappin-combi\/\" \/>\n<meta property=\"og:site_name\" content=\"BSV\" \/>\n<meta property=\"article:modified_time\" content=\"2026-02-16T08:55:46+00:00\" \/>\n<meta name=\"twitter:card\" content=\"summary_large_image\" \/>\n<meta name=\"twitter:label1\" content=\"Est. reading time\" \/>\n\t<meta name=\"twitter:data1\" content=\"5 minutes\" \/>\n<script type=\"application\/ld+json\" class=\"yoast-schema-graph\">{\"@context\":\"https:\\\/\\\/schema.org\",\"@graph\":[{\"@type\":\"WebPage\",\"@id\":\"https:\\\/\\\/bsv.dk\\\/fr\\\/grappins\\\/grappin-combi\\\/\",\"url\":\"https:\\\/\\\/bsv.dk\\\/fr\\\/grappins\\\/grappin-combi\\\/\",\"name\":\"Grappin COMBI &#183; BSV\",\"isPartOf\":{\"@id\":\"https:\\\/\\\/bsv.dk\\\/#website\"},\"datePublished\":\"2022-07-13T05:29:43+00:00\",\"dateModified\":\"2026-02-16T08:55:46+00:00\",\"breadcrumb\":{\"@id\":\"https:\\\/\\\/bsv.dk\\\/fr\\\/grappins\\\/grappin-combi\\\/#breadcrumb\"},\"inLanguage\":\"fr-FR\",\"potentialAction\":[{\"@type\":\"ReadAction\",\"target\":[\"https:\\\/\\\/bsv.dk\\\/fr\\\/grappins\\\/grappin-combi\\\/\"]}]},{\"@type\":\"BreadcrumbList\",\"@id\":\"https:\\\/\\\/bsv.dk\\\/fr\\\/grappins\\\/grappin-combi\\\/#breadcrumb\",\"itemListElement\":[{\"@type\":\"ListItem\",\"position\":1,\"name\":\"Hjem\",\"item\":\"https:\\\/\\\/bsv.dk\\\/fr\\\/\"},{\"@type\":\"ListItem\",\"position\":2,\"name\":\"Grappin hydraulique\",\"item\":\"https:\\\/\\\/bsv.dk\\\/fr\\\/grappins\\\/\"},{\"@type\":\"ListItem\",\"position\":3,\"name\":\"Grappin COMBI\"}]},{\"@type\":\"WebSite\",\"@id\":\"https:\\\/\\\/bsv.dk\\\/#website\",\"url\":\"https:\\\/\\\/bsv.dk\\\/\",\"name\":\"BSV\",\"description\":\"L\u00f8fteudstyr og krantilbeh\u00f8r: K\u00f8b dit l\u00f8ftegrej og kran-udstyr\",\"publisher\":{\"@id\":\"https:\\\/\\\/bsv.dk\\\/#organization\"},\"potentialAction\":[{\"@type\":\"SearchAction\",\"target\":{\"@type\":\"EntryPoint\",\"urlTemplate\":\"https:\\\/\\\/bsv.dk\\\/?s={search_term_string}\"},\"query-input\":{\"@type\":\"PropertyValueSpecification\",\"valueRequired\":true,\"valueName\":\"search_term_string\"}}],\"inLanguage\":\"fr-FR\"},{\"@type\":\"Organization\",\"@id\":\"https:\\\/\\\/bsv.dk\\\/#organization\",\"name\":\"BSV\",\"url\":\"https:\\\/\\\/bsv.dk\\\/\",\"logo\":{\"@type\":\"ImageObject\",\"inLanguage\":\"fr-FR\",\"@id\":\"https:\\\/\\\/bsv.dk\\\/#\\\/schema\\\/logo\\\/image\\\/\",\"url\":\"https:\\\/\\\/bsv.dk\\\/wp-content\\\/uploads\\\/2022\\\/07\\\/bsv-logo.png\",\"contentUrl\":\"https:\\\/\\\/bsv.dk\\\/wp-content\\\/uploads\\\/2022\\\/07\\\/bsv-logo.png\",\"width\":594,\"height\":249,\"caption\":\"BSV\"},\"image\":{\"@id\":\"https:\\\/\\\/bsv.dk\\\/#\\\/schema\\\/logo\\\/image\\\/\"}}]}<\/script>\n<!-- \/ Yoast SEO plugin. -->","yoast_head_json":{"title":"Grappin COMBI &#183; BSV","robots":{"index":"index","follow":"follow","max-snippet":"max-snippet:-1","max-image-preview":"max-image-preview:large","max-video-preview":"max-video-preview:-1"},"canonical":"https:\/\/bsv.dk\/fr\/grappins\/grappin-combi\/","og_locale":"fr_FR","og_type":"article","og_title":"Grappin COMBI &#183; BSV","og_description":"[vc_row full_width=&#8221;stretch_row&#8221; el_class=&#8221;produkter&#8221;][vc_column][vc_row_inner equal_height=&#8221;yes&#8221;][vc_column_inner offset=&#8221;vc_col-lg-6 vc_col-md-6 vc_col-xs-12&#8243;][vc_media_grid style=&#8221;pagination&#8221; items_per_page=&#8221;1&#8243; element_width=&#8221;12&#8243; gap=&#8221;20&#8243; arrows_design=&#8221;vc_arrow-icon-arrow_01_left&#8221; arrows_position=&#8221;outside&#8221; arrows_color=&#8221;black&#8221; paging_design=&#8221;none&#8221; loop=&#8221;yes&#8221; item=&#8221;2845&#8243; css=&#8221;&#8221; grid_id=&#8221;vc_gid:1771232129767-eaf5f529-a7a4-9&#8243; include=&#8221;7360,7364,7368&#8243;][\/vc_column_inner][vc_column_inner offset=&#8221;vc_col-lg-6 vc_col-md-6 vc_col-xs-12&#8243;][vc_column_text] Grappin COMBI [\/vc_column_text][vc_empty_space height=&#8221;30px&#8221;][vc_btn title=&#8221;T\u00e9l\u00e9charger le PDF&#8221; style=&#8221;custom&#8221; custom_background=&#8221;#f7b639&#8243; custom_text=&#8221;#ffffff&#8221; shape=&#8221;square&#8221; size=&#8221;sm&#8221; align=&#8221;left&#8221; css=&#8221;&#8221; link=&#8221;url:https%3A%2F%2Fbsv.dk%2Fwp-content%2Fuploads%2F2026%2F02%2Fdatablad-combi-grab-gb.pdf|target:_blank&#8221;][vc_empty_space height=&#8221;30px&#8221;][vc_column_text]Le grappin COMBI est la s\u00e9rie de petits grappins hydrauliques de BSV. La s\u00e9rie de grappins Combi ... Lire plus","og_url":"https:\/\/bsv.dk\/fr\/grappins\/grappin-combi\/","og_site_name":"BSV","article_modified_time":"2026-02-16T08:55:46+00:00","twitter_card":"summary_large_image","twitter_misc":{"Est. reading time":"5 minutes"},"schema":{"@context":"https:\/\/schema.org","@graph":[{"@type":"WebPage","@id":"https:\/\/bsv.dk\/fr\/grappins\/grappin-combi\/","url":"https:\/\/bsv.dk\/fr\/grappins\/grappin-combi\/","name":"Grappin COMBI &#183; BSV","isPartOf":{"@id":"https:\/\/bsv.dk\/#website"},"datePublished":"2022-07-13T05:29:43+00:00","dateModified":"2026-02-16T08:55:46+00:00","breadcrumb":{"@id":"https:\/\/bsv.dk\/fr\/grappins\/grappin-combi\/#breadcrumb"},"inLanguage":"fr-FR","potentialAction":[{"@type":"ReadAction","target":["https:\/\/bsv.dk\/fr\/grappins\/grappin-combi\/"]}]},{"@type":"BreadcrumbList","@id":"https:\/\/bsv.dk\/fr\/grappins\/grappin-combi\/#breadcrumb","itemListElement":[{"@type":"ListItem","position":1,"name":"Hjem","item":"https:\/\/bsv.dk\/fr\/"},{"@type":"ListItem","position":2,"name":"Grappin hydraulique","item":"https:\/\/bsv.dk\/fr\/grappins\/"},{"@type":"ListItem","position":3,"name":"Grappin COMBI"}]},{"@type":"WebSite","@id":"https:\/\/bsv.dk\/#website","url":"https:\/\/bsv.dk\/","name":"BSV","description":"L\u00f8fteudstyr og krantilbeh\u00f8r: K\u00f8b dit l\u00f8ftegrej og kran-udstyr","publisher":{"@id":"https:\/\/bsv.dk\/#organization"},"potentialAction":[{"@type":"SearchAction","target":{"@type":"EntryPoint","urlTemplate":"https:\/\/bsv.dk\/?s={search_term_string}"},"query-input":{"@type":"PropertyValueSpecification","valueRequired":true,"valueName":"search_term_string"}}],"inLanguage":"fr-FR"},{"@type":"Organization","@id":"https:\/\/bsv.dk\/#organization","name":"BSV","url":"https:\/\/bsv.dk\/","logo":{"@type":"ImageObject","inLanguage":"fr-FR","@id":"https:\/\/bsv.dk\/#\/schema\/logo\/image\/","url":"https:\/\/bsv.dk\/wp-content\/uploads\/2022\/07\/bsv-logo.png","contentUrl":"https:\/\/bsv.dk\/wp-content\/uploads\/2022\/07\/bsv-logo.png","width":594,"height":249,"caption":"BSV"},"image":{"@id":"https:\/\/bsv.dk\/#\/schema\/logo\/image\/"}}]}},"_links":{"self":[{"href":"https:\/\/bsv.dk\/fr\/wp-json\/wp\/v2\/pages\/6546","targetHints":{"allow":["GET"]}}],"collection":[{"href":"https:\/\/bsv.dk\/fr\/wp-json\/wp\/v2\/pages"}],"about":[{"href":"https:\/\/bsv.dk\/fr\/wp-json\/wp\/v2\/types\/page"}],"author":[{"embeddable":true,"href":"https:\/\/bsv.dk\/fr\/wp-json\/wp\/v2\/users\/1"}],"replies":[{"embeddable":true,"href":"https:\/\/bsv.dk\/fr\/wp-json\/wp\/v2\/comments?post=6546"}],"version-history":[{"count":9,"href":"https:\/\/bsv.dk\/fr\/wp-json\/wp\/v2\/pages\/6546\/revisions"}],"predecessor-version":[{"id":901998,"href":"https:\/\/bsv.dk\/fr\/wp-json\/wp\/v2\/pages\/6546\/revisions\/901998"}],"up":[{"embeddable":true,"href":"https:\/\/bsv.dk\/fr\/wp-json\/wp\/v2\/pages\/6449"}],"wp:attachment":[{"href":"https:\/\/bsv.dk\/fr\/wp-json\/wp\/v2\/media?parent=6546"}],"wp:term":[{"taxonomy":"category","embeddable":true,"href":"https:\/\/bsv.dk\/fr\/wp-json\/wp\/v2\/categories?post=6546"}],"curies":[{"name":"wp","href":"https:\/\/api.w.org\/{rel}","templated":true}]}}