{"id":6545,"date":"2022-07-13T07:39:01","date_gmt":"2022-07-13T05:39:01","guid":{"rendered":"https:\/\/bsv.dk\/electro-hydrauliques\/bennes-preneuses\/"},"modified":"2023-09-21T14:17:43","modified_gmt":"2023-09-21T12:17:43","slug":"bennes-preneuses","status":"publish","type":"page","link":"https:\/\/bsv.dk\/fr\/electro-hydrauliques\/bennes-preneuses\/","title":{"rendered":"Bennes preneuses"},"content":{"rendered":"<div class=\"wpb-content-wrapper\"><p>[vc_row full_width=&#8221;stretch_row&#8221; el_class=&#8221;produkter&#8221;][vc_column]<div class=\"ult-spacer spacer-69efde7c90bb7\" data-id=\"69efde7c90bb7\" data-height=\"90\" data-height-mobile=\"60\" data-height-tab=\"90\" data-height-tab-portrait=\"60\" data-height-mobile-landscape=\"60\" style=\"clear:both;display:block;\"><\/div>[vc_row_inner equal_height=&#8221;yes&#8221;][vc_column_inner offset=&#8221;vc_col-lg-6 vc_col-md-6 vc_col-xs-12&#8243;][vc_media_grid style=&#8221;pagination&#8221; items_per_page=&#8221;1&#8243; element_width=&#8221;12&#8243; gap=&#8221;20&#8243; grid_id=&#8221;vc_gid:1695298657320-7d34a15a-5cbb-4&#8243; include=&#8221;7614,7610,7618&#8243;]<div class=\"ult-spacer spacer-69efde7c90bfa\" data-id=\"69efde7c90bfa\" data-height=\"0\" data-height-mobile=\"30\" data-height-tab=\"0\" data-height-tab-portrait=\"30\" data-height-mobile-landscape=\"30\" style=\"clear:both;display:block;\"><\/div>[\/vc_column_inner][vc_column_inner offset=&#8221;vc_col-lg-6 vc_col-md-6 vc_col-xs-12&#8243;][vc_column_text]<\/p>\n<h1>Les bennes preneuses<\/h1>\n<p>Ce type de grappin est \u00e9galement polyvalent, test\u00e9 et d\u00e9velopp\u00e9 pour la manutention de mat\u00e9riaux en vrac, principalement dans les installations de chauffage urbain et d&#8217;incin\u00e9ration.<\/p>\n<p>Les diff\u00e9rents mod\u00e8les ont \u00e9t\u00e9 d\u00e9velopp\u00e9s pour la manipulation notamment de copeaux de bois, de granul\u00e9s de bois et d&#8217;autres combustibles.<\/p>\n<p>La taille du seau varie de 750 \u00e0 6 000 litres.<\/p>\n<p>Les grappins se caract\u00e9risent par un faible poids propre, un centre de gravit\u00e9 horizontal bas ainsi qu&#8217;une faible hauteur d&#8217;installation.<\/p>\n<p>L&#8217;\u00e9quipement \u00e9lectro-hydraulique est plac\u00e9 de mani\u00e8re \u00e0 \u00eatre prot\u00e9g\u00e9 et facilement accessible dans la console principale du hauban.<\/p>\n<p>Comme alternative aux godets ferm\u00e9s traditionnels, nous proposons \u00e9galement d&#8217;autres bras et d&#8217;autres mod\u00e8les selon les exigences du client.<\/p>\n<p>Les bennes preneuses hydrauliques \u00e9lectriques BSV sont fabriqu\u00e9es avec des moteurs \u00e9lectriques et des composants hydrauliques pour le niveau de bruit le plus bas possible.<\/p>\n<p>Les grappins \u00e9lectro-hydrauliques de BSV sont \u00e9galement fournis en versions EX conformes \u00e0 la l\u00e9gislation ATEX sur les composants \u00e9lectriques.[\/vc_column_text][\/vc_column_inner][\/vc_row_inner]<div class=\"ult-spacer spacer-69efde7c90c1c\" data-id=\"69efde7c90c1c\" data-height=\"90\" data-height-mobile=\"60\" data-height-tab=\"90\" data-height-tab-portrait=\"60\" data-height-mobile-landscape=\"60\" style=\"clear:both;display:block;\"><\/div>[\/vc_column][\/vc_row]<\/p>\n<\/div>","protected":false},"excerpt":{"rendered":"<p>[vc_row full_width=&#8221;stretch_row&#8221; el_class=&#8221;produkter&#8221;][vc_column][vc_row_inner equal_height=&#8221;yes&#8221;][vc_column_inner offset=&#8221;vc_col-lg-6 vc_col-md-6 vc_col-xs-12&#8243;][vc_media_grid style=&#8221;pagination&#8221; items_per_page=&#8221;1&#8243; element_width=&#8221;12&#8243; gap=&#8221;20&#8243; grid_id=&#8221;vc_gid:1695298657320-7d34a15a-5cbb-4&#8243; include=&#8221;7614,7610,7618&#8243;][\/vc_column_inner][vc_column_inner offset=&#8221;vc_col-lg-6 vc_col-md-6 vc_col-xs-12&#8243;][vc_column_text] Les bennes preneuses Ce type de grappin est \u00e9galement polyvalent, test\u00e9 et d\u00e9velopp\u00e9 pour la manutention de mat\u00e9riaux en vrac, principalement dans les installations de chauffage urbain et d&#8217;incin\u00e9ration. Les diff\u00e9rents mod\u00e8les ont \u00e9t\u00e9 d\u00e9velopp\u00e9s pour la manipulation notamment &#8230; <a title=\"Bennes preneuses\" class=\"read-more\" href=\"https:\/\/bsv.dk\/fr\/electro-hydrauliques\/bennes-preneuses\/\" aria-label=\"Read more about Bennes preneuses\">Lire plus<\/a><\/p>\n","protected":false},"author":1,"featured_media":0,"parent":6497,"menu_order":0,"comment_status":"closed","ping_status":"closed","template":"","meta":{"footnotes":""},"categories":[],"class_list":["post-6545","page","type-page","status-publish"],"yoast_head":"<!-- This site is optimized with the Yoast SEO plugin v27.4 - https:\/\/yoast.com\/product\/yoast-seo-wordpress\/ -->\n<title>Bennes preneuses &#183; BSV<\/title>\n<meta name=\"robots\" content=\"index, follow, max-snippet:-1, max-image-preview:large, max-video-preview:-1\" \/>\n<link rel=\"canonical\" href=\"https:\/\/bsv.dk\/fr\/electro-hydrauliques\/bennes-preneuses\/\" \/>\n<meta property=\"og:locale\" content=\"fr_FR\" \/>\n<meta property=\"og:type\" content=\"article\" \/>\n<meta property=\"og:title\" content=\"Bennes preneuses &#183; BSV\" \/>\n<meta property=\"og:description\" content=\"[vc_row full_width=&#8221;stretch_row&#8221; el_class=&#8221;produkter&#8221;][vc_column][vc_row_inner equal_height=&#8221;yes&#8221;][vc_column_inner offset=&#8221;vc_col-lg-6 vc_col-md-6 vc_col-xs-12&#8243;][vc_media_grid style=&#8221;pagination&#8221; items_per_page=&#8221;1&#8243; element_width=&#8221;12&#8243; gap=&#8221;20&#8243; grid_id=&#8221;vc_gid:1695298657320-7d34a15a-5cbb-4&#8243; include=&#8221;7614,7610,7618&#8243;][\/vc_column_inner][vc_column_inner offset=&#8221;vc_col-lg-6 vc_col-md-6 vc_col-xs-12&#8243;][vc_column_text] Les bennes preneuses Ce type de grappin est \u00e9galement polyvalent, test\u00e9 et d\u00e9velopp\u00e9 pour la manutention de mat\u00e9riaux en vrac, principalement dans les installations de chauffage urbain et d&#8217;incin\u00e9ration. Les diff\u00e9rents mod\u00e8les ont \u00e9t\u00e9 d\u00e9velopp\u00e9s pour la manipulation notamment ... Lire plus\" \/>\n<meta property=\"og:url\" content=\"https:\/\/bsv.dk\/fr\/electro-hydrauliques\/bennes-preneuses\/\" \/>\n<meta property=\"og:site_name\" content=\"BSV\" \/>\n<meta property=\"article:modified_time\" content=\"2023-09-21T12:17:43+00:00\" \/>\n<meta name=\"twitter:card\" content=\"summary_large_image\" \/>\n<meta name=\"twitter:label1\" content=\"Est. reading time\" \/>\n\t<meta name=\"twitter:data1\" content=\"2 minutes\" \/>\n<script type=\"application\/ld+json\" class=\"yoast-schema-graph\">{\"@context\":\"https:\\\/\\\/schema.org\",\"@graph\":[{\"@type\":\"WebPage\",\"@id\":\"https:\\\/\\\/bsv.dk\\\/fr\\\/electro-hydrauliques\\\/bennes-preneuses\\\/\",\"url\":\"https:\\\/\\\/bsv.dk\\\/fr\\\/electro-hydrauliques\\\/bennes-preneuses\\\/\",\"name\":\"Bennes preneuses &#183; BSV\",\"isPartOf\":{\"@id\":\"https:\\\/\\\/bsv.dk\\\/#website\"},\"datePublished\":\"2022-07-13T05:39:01+00:00\",\"dateModified\":\"2023-09-21T12:17:43+00:00\",\"breadcrumb\":{\"@id\":\"https:\\\/\\\/bsv.dk\\\/fr\\\/electro-hydrauliques\\\/bennes-preneuses\\\/#breadcrumb\"},\"inLanguage\":\"fr-FR\",\"potentialAction\":[{\"@type\":\"ReadAction\",\"target\":[\"https:\\\/\\\/bsv.dk\\\/fr\\\/electro-hydrauliques\\\/bennes-preneuses\\\/\"]}]},{\"@type\":\"BreadcrumbList\",\"@id\":\"https:\\\/\\\/bsv.dk\\\/fr\\\/electro-hydrauliques\\\/bennes-preneuses\\\/#breadcrumb\",\"itemListElement\":[{\"@type\":\"ListItem\",\"position\":1,\"name\":\"Hjem\",\"item\":\"https:\\\/\\\/bsv.dk\\\/fr\\\/\"},{\"@type\":\"ListItem\",\"position\":2,\"name\":\"Hydraulique \u00e9lectrique\",\"item\":\"https:\\\/\\\/bsv.dk\\\/fr\\\/electro-hydrauliques\\\/\"},{\"@type\":\"ListItem\",\"position\":3,\"name\":\"Bennes preneuses\"}]},{\"@type\":\"WebSite\",\"@id\":\"https:\\\/\\\/bsv.dk\\\/#website\",\"url\":\"https:\\\/\\\/bsv.dk\\\/\",\"name\":\"BSV\",\"description\":\"L\u00f8fteudstyr og krantilbeh\u00f8r: K\u00f8b dit l\u00f8ftegrej og kran-udstyr\",\"publisher\":{\"@id\":\"https:\\\/\\\/bsv.dk\\\/#organization\"},\"potentialAction\":[{\"@type\":\"SearchAction\",\"target\":{\"@type\":\"EntryPoint\",\"urlTemplate\":\"https:\\\/\\\/bsv.dk\\\/?s={search_term_string}\"},\"query-input\":{\"@type\":\"PropertyValueSpecification\",\"valueRequired\":true,\"valueName\":\"search_term_string\"}}],\"inLanguage\":\"fr-FR\"},{\"@type\":\"Organization\",\"@id\":\"https:\\\/\\\/bsv.dk\\\/#organization\",\"name\":\"BSV\",\"url\":\"https:\\\/\\\/bsv.dk\\\/\",\"logo\":{\"@type\":\"ImageObject\",\"inLanguage\":\"fr-FR\",\"@id\":\"https:\\\/\\\/bsv.dk\\\/#\\\/schema\\\/logo\\\/image\\\/\",\"url\":\"https:\\\/\\\/bsv.dk\\\/wp-content\\\/uploads\\\/2022\\\/07\\\/bsv-logo.png\",\"contentUrl\":\"https:\\\/\\\/bsv.dk\\\/wp-content\\\/uploads\\\/2022\\\/07\\\/bsv-logo.png\",\"width\":594,\"height\":249,\"caption\":\"BSV\"},\"image\":{\"@id\":\"https:\\\/\\\/bsv.dk\\\/#\\\/schema\\\/logo\\\/image\\\/\"}}]}<\/script>\n<!-- \/ Yoast SEO plugin. -->","yoast_head_json":{"title":"Bennes preneuses &#183; BSV","robots":{"index":"index","follow":"follow","max-snippet":"max-snippet:-1","max-image-preview":"max-image-preview:large","max-video-preview":"max-video-preview:-1"},"canonical":"https:\/\/bsv.dk\/fr\/electro-hydrauliques\/bennes-preneuses\/","og_locale":"fr_FR","og_type":"article","og_title":"Bennes preneuses &#183; BSV","og_description":"[vc_row full_width=&#8221;stretch_row&#8221; el_class=&#8221;produkter&#8221;][vc_column][vc_row_inner equal_height=&#8221;yes&#8221;][vc_column_inner offset=&#8221;vc_col-lg-6 vc_col-md-6 vc_col-xs-12&#8243;][vc_media_grid style=&#8221;pagination&#8221; items_per_page=&#8221;1&#8243; element_width=&#8221;12&#8243; gap=&#8221;20&#8243; grid_id=&#8221;vc_gid:1695298657320-7d34a15a-5cbb-4&#8243; include=&#8221;7614,7610,7618&#8243;][\/vc_column_inner][vc_column_inner offset=&#8221;vc_col-lg-6 vc_col-md-6 vc_col-xs-12&#8243;][vc_column_text] Les bennes preneuses Ce type de grappin est \u00e9galement polyvalent, test\u00e9 et d\u00e9velopp\u00e9 pour la manutention de mat\u00e9riaux en vrac, principalement dans les installations de chauffage urbain et d&#8217;incin\u00e9ration. Les diff\u00e9rents mod\u00e8les ont \u00e9t\u00e9 d\u00e9velopp\u00e9s pour la manipulation notamment ... Lire plus","og_url":"https:\/\/bsv.dk\/fr\/electro-hydrauliques\/bennes-preneuses\/","og_site_name":"BSV","article_modified_time":"2023-09-21T12:17:43+00:00","twitter_card":"summary_large_image","twitter_misc":{"Est. reading time":"2 minutes"},"schema":{"@context":"https:\/\/schema.org","@graph":[{"@type":"WebPage","@id":"https:\/\/bsv.dk\/fr\/electro-hydrauliques\/bennes-preneuses\/","url":"https:\/\/bsv.dk\/fr\/electro-hydrauliques\/bennes-preneuses\/","name":"Bennes preneuses &#183; BSV","isPartOf":{"@id":"https:\/\/bsv.dk\/#website"},"datePublished":"2022-07-13T05:39:01+00:00","dateModified":"2023-09-21T12:17:43+00:00","breadcrumb":{"@id":"https:\/\/bsv.dk\/fr\/electro-hydrauliques\/bennes-preneuses\/#breadcrumb"},"inLanguage":"fr-FR","potentialAction":[{"@type":"ReadAction","target":["https:\/\/bsv.dk\/fr\/electro-hydrauliques\/bennes-preneuses\/"]}]},{"@type":"BreadcrumbList","@id":"https:\/\/bsv.dk\/fr\/electro-hydrauliques\/bennes-preneuses\/#breadcrumb","itemListElement":[{"@type":"ListItem","position":1,"name":"Hjem","item":"https:\/\/bsv.dk\/fr\/"},{"@type":"ListItem","position":2,"name":"Hydraulique \u00e9lectrique","item":"https:\/\/bsv.dk\/fr\/electro-hydrauliques\/"},{"@type":"ListItem","position":3,"name":"Bennes preneuses"}]},{"@type":"WebSite","@id":"https:\/\/bsv.dk\/#website","url":"https:\/\/bsv.dk\/","name":"BSV","description":"L\u00f8fteudstyr og krantilbeh\u00f8r: K\u00f8b dit l\u00f8ftegrej og kran-udstyr","publisher":{"@id":"https:\/\/bsv.dk\/#organization"},"potentialAction":[{"@type":"SearchAction","target":{"@type":"EntryPoint","urlTemplate":"https:\/\/bsv.dk\/?s={search_term_string}"},"query-input":{"@type":"PropertyValueSpecification","valueRequired":true,"valueName":"search_term_string"}}],"inLanguage":"fr-FR"},{"@type":"Organization","@id":"https:\/\/bsv.dk\/#organization","name":"BSV","url":"https:\/\/bsv.dk\/","logo":{"@type":"ImageObject","inLanguage":"fr-FR","@id":"https:\/\/bsv.dk\/#\/schema\/logo\/image\/","url":"https:\/\/bsv.dk\/wp-content\/uploads\/2022\/07\/bsv-logo.png","contentUrl":"https:\/\/bsv.dk\/wp-content\/uploads\/2022\/07\/bsv-logo.png","width":594,"height":249,"caption":"BSV"},"image":{"@id":"https:\/\/bsv.dk\/#\/schema\/logo\/image\/"}}]}},"_links":{"self":[{"href":"https:\/\/bsv.dk\/fr\/wp-json\/wp\/v2\/pages\/6545","targetHints":{"allow":["GET"]}}],"collection":[{"href":"https:\/\/bsv.dk\/fr\/wp-json\/wp\/v2\/pages"}],"about":[{"href":"https:\/\/bsv.dk\/fr\/wp-json\/wp\/v2\/types\/page"}],"author":[{"embeddable":true,"href":"https:\/\/bsv.dk\/fr\/wp-json\/wp\/v2\/users\/1"}],"replies":[{"embeddable":true,"href":"https:\/\/bsv.dk\/fr\/wp-json\/wp\/v2\/comments?post=6545"}],"version-history":[{"count":3,"href":"https:\/\/bsv.dk\/fr\/wp-json\/wp\/v2\/pages\/6545\/revisions"}],"predecessor-version":[{"id":900513,"href":"https:\/\/bsv.dk\/fr\/wp-json\/wp\/v2\/pages\/6545\/revisions\/900513"}],"up":[{"embeddable":true,"href":"https:\/\/bsv.dk\/fr\/wp-json\/wp\/v2\/pages\/6497"}],"wp:attachment":[{"href":"https:\/\/bsv.dk\/fr\/wp-json\/wp\/v2\/media?parent=6545"}],"wp:term":[{"taxonomy":"category","embeddable":true,"href":"https:\/\/bsv.dk\/fr\/wp-json\/wp\/v2\/categories?post=6545"}],"curies":[{"name":"wp","href":"https:\/\/api.w.org\/{rel}","templated":true}]}}