{"id":6520,"date":"2022-07-13T07:38:46","date_gmt":"2022-07-13T05:38:46","guid":{"rendered":"https:\/\/bsv.dk\/electro-hydrauliques\/grappins-multiprises\/"},"modified":"2022-10-26T08:11:06","modified_gmt":"2022-10-26T06:11:06","slug":"grappins-multiprises","status":"publish","type":"page","link":"https:\/\/bsv.dk\/fr\/electro-hydrauliques\/grappins-multiprises\/","title":{"rendered":"Polygrab"},"content":{"rendered":"<div class=\"wpb-content-wrapper\"><p>[vc_row full_width=&#8221;stretch_row&#8221; el_class=&#8221;produkter&#8221;][vc_column]<div class=\"ult-spacer spacer-69efc97f99a06\" data-id=\"69efc97f99a06\" data-height=\"90\" data-height-mobile=\"60\" data-height-tab=\"90\" data-height-tab-portrait=\"60\" data-height-mobile-landscape=\"60\" style=\"clear:both;display:block;\"><\/div>[vc_row_inner equal_height=&#8221;yes&#8221;][vc_column_inner offset=&#8221;vc_col-lg-6 vc_col-md-6 vc_col-xs-12&#8243;][vc_media_grid style=&#8221;pagination&#8221; items_per_page=&#8221;1&#8243; element_width=&#8221;12&#8243; gap=&#8221;20&#8243; grid_id=&#8221;vc_gid:1666187679206-69d8fe63-4144-2&#8243; include=&#8221;7593,7597,7601,7605&#8243;]<div class=\"ult-spacer spacer-69efc97f99a4c\" data-id=\"69efc97f99a4c\" data-height=\"0\" data-height-mobile=\"30\" data-height-tab=\"0\" data-height-tab-portrait=\"30\" data-height-mobile-landscape=\"30\" style=\"clear:both;display:block;\"><\/div>[\/vc_column_inner][vc_column_inner offset=&#8221;vc_col-lg-6 vc_col-md-6 vc_col-xs-12&#8243;][vc_column_text]<\/p>\n<h1>Grappins poly \u00e9lectro-hydrauliques BSV<\/h1>\n<p>Con\u00e7u pour \u00eatre utilis\u00e9 dans le secteur Waste-To-Energy pour le traitement des d\u00e9chets, de la biomasse, des copeaux de bois et des mat\u00e9riaux similaires.<\/p>\n<p>La gamme standard de grappins poly est disponible dans des tailles allant de 325 \u00e0 15 000 litres.<\/p>\n<p>Ces grappins sont \u00e9quip\u00e9s de 5, 6 ou 7 bras, selon le volume de la pince et le mat\u00e9riau \u00e0 manipuler.<\/p>\n<p>Ils sont offerts en mod\u00e8les ouverts, semi-ouverts et ferm\u00e9s.<\/p>\n<p>Sur les mod\u00e8les standard, une vanne garantit que la pince r\u00e9agit et s&#8217;ouvre et se ferme rapidement.<\/p>\n<p>Le polygrab BSV est propos\u00e9 avec un choix de fonctions automatiques ou manuelles.<\/p>\n<p>Pour offrir une r\u00e9sistance et une fiabilit\u00e9 de fonctionnement maximales, les pinces \u00e9lectrohydrauliques BSV sont fabriqu\u00e9es \u00e0 partir d&#8217;acier \u00e0 haute r\u00e9sistance de SSAB, Strenx, dont BSV est \u00e9galement membre. Les grappins sont \u00e9quip\u00e9s de composants hydrauliques test\u00e9s et approuv\u00e9s de la plus haute qualit\u00e9.<\/p>\n<p>Les grappins \u00e9lectro-hydrauliques BSV sont \u00e9galement fournis en versions EX conformes \u00e0 la l\u00e9gislation ATEX sur les composants \u00e9lectriques.[\/vc_column_text][\/vc_column_inner][\/vc_row_inner]<div class=\"ult-spacer spacer-69efc97f99a70\" data-id=\"69efc97f99a70\" data-height=\"90\" data-height-mobile=\"60\" data-height-tab=\"90\" data-height-tab-portrait=\"60\" data-height-mobile-landscape=\"60\" style=\"clear:both;display:block;\"><\/div>[\/vc_column][\/vc_row][vc_row full_width=&#8221;stretch_row&#8221; el_class=&#8221;produkter&#8221; css=&#8221;.vc_custom_1660147902981{background-color: #f7f7f7 !important;}&#8221;][vc_column]<div class=\"ult-spacer spacer-69efc97f99a8f\" data-id=\"69efc97f99a8f\" data-height=\"90\" data-height-mobile=\"60\" data-height-tab=\"90\" data-height-tab-portrait=\"60\" data-height-mobile-landscape=\"60\" style=\"clear:both;display:block;\"><\/div>[vc_row_inner][vc_column_inner offset=&#8221;vc_col-lg-6 vc_col-md-6 vc_col-xs-12&#8243;]<div class=\"ult-spacer spacer-69efc97f99aac\" data-id=\"69efc97f99aac\" data-height=\"0\" data-height-mobile=\"30\" data-height-tab=\"0\" data-height-tab-portrait=\"30\" data-height-mobile-landscape=\"30\" style=\"clear:both;display:block;\"><\/div>[\/vc_column_inner][vc_column_inner offset=&#8221;vc_col-lg-6 vc_col-md-6 vc_col-xs-12&#8243;][\/vc_column_inner][\/vc_row_inner][vc_empty_space height=&#8221;30px&#8221;][vc_row_inner][vc_column_inner offset=&#8221;vc_col-lg-6 vc_col-md-6 vc_col-xs-12&#8243;]<div class=\"ult-spacer spacer-69efc97f99ac7\" data-id=\"69efc97f99ac7\" data-height=\"0\" data-height-mobile=\"30\" data-height-tab=\"0\" data-height-tab-portrait=\"30\" data-height-mobile-landscape=\"30\" style=\"clear:both;display:block;\"><\/div>[\/vc_column_inner][vc_column_inner offset=&#8221;vc_col-lg-6 vc_col-md-6 vc_col-xs-12&#8243;][\/vc_column_inner][\/vc_row_inner][vc_empty_space height=&#8221;30px&#8221;][vc_row_inner][vc_column_inner offset=&#8221;vc_col-lg-6 vc_col-md-6 vc_col-xs-12&#8243;]<div class=\"ult-spacer spacer-69efc97f99ae1\" data-id=\"69efc97f99ae1\" data-height=\"0\" data-height-mobile=\"30\" data-height-tab=\"0\" data-height-tab-portrait=\"30\" data-height-mobile-landscape=\"30\" style=\"clear:both;display:block;\"><\/div>[\/vc_column_inner][vc_column_inner offset=&#8221;vc_col-lg-6 vc_col-md-6 vc_col-xs-12&#8243;][\/vc_column_inner][\/vc_row_inner][vc_empty_space height=&#8221;30px&#8221;][vc_row_inner][vc_column_inner offset=&#8221;vc_col-lg-6 vc_col-md-6 vc_col-xs-12&#8243;]<div class=\"ult-spacer spacer-69efc97f99afb\" data-id=\"69efc97f99afb\" data-height=\"0\" data-height-mobile=\"30\" data-height-tab=\"0\" data-height-tab-portrait=\"30\" data-height-mobile-landscape=\"30\" style=\"clear:both;display:block;\"><\/div>[\/vc_column_inner][vc_column_inner offset=&#8221;vc_col-lg-6 vc_col-md-6 vc_col-xs-12&#8243;][\/vc_column_inner][\/vc_row_inner]<div class=\"ult-spacer spacer-69efc97f99b15\" data-id=\"69efc97f99b15\" data-height=\"90\" data-height-mobile=\"60\" data-height-tab=\"90\" data-height-tab-portrait=\"60\" data-height-mobile-landscape=\"60\" style=\"clear:both;display:block;\"><\/div>[\/vc_column][\/vc_row]<\/p>\n<\/div>","protected":false},"excerpt":{"rendered":"<p>[vc_row full_width=&#8221;stretch_row&#8221; el_class=&#8221;produkter&#8221;][vc_column][vc_row_inner equal_height=&#8221;yes&#8221;][vc_column_inner offset=&#8221;vc_col-lg-6 vc_col-md-6 vc_col-xs-12&#8243;][vc_media_grid style=&#8221;pagination&#8221; items_per_page=&#8221;1&#8243; element_width=&#8221;12&#8243; gap=&#8221;20&#8243; grid_id=&#8221;vc_gid:1666187679206-69d8fe63-4144-2&#8243; include=&#8221;7593,7597,7601,7605&#8243;][\/vc_column_inner][vc_column_inner offset=&#8221;vc_col-lg-6 vc_col-md-6 vc_col-xs-12&#8243;][vc_column_text] Grappins poly \u00e9lectro-hydrauliques BSV Con\u00e7u pour \u00eatre utilis\u00e9 dans le secteur Waste-To-Energy pour le traitement des d\u00e9chets, de la biomasse, des copeaux de bois et des mat\u00e9riaux similaires. La gamme standard de grappins poly est disponible dans des tailles &#8230; <a title=\"Polygrab\" class=\"read-more\" href=\"https:\/\/bsv.dk\/fr\/electro-hydrauliques\/grappins-multiprises\/\" aria-label=\"Read more about Polygrab\">Lire plus<\/a><\/p>\n","protected":false},"author":1,"featured_media":0,"parent":6497,"menu_order":0,"comment_status":"closed","ping_status":"closed","template":"","meta":{"footnotes":""},"categories":[],"class_list":["post-6520","page","type-page","status-publish"],"yoast_head":"<!-- This site is optimized with the Yoast SEO plugin v27.4 - https:\/\/yoast.com\/product\/yoast-seo-wordpress\/ -->\n<title>Polygrab &#183; BSV<\/title>\n<meta name=\"robots\" content=\"index, follow, max-snippet:-1, max-image-preview:large, max-video-preview:-1\" \/>\n<link rel=\"canonical\" href=\"https:\/\/bsv.dk\/fr\/electro-hydrauliques\/grappins-multiprises\/\" \/>\n<meta property=\"og:locale\" content=\"fr_FR\" \/>\n<meta property=\"og:type\" content=\"article\" \/>\n<meta property=\"og:title\" content=\"Polygrab &#183; BSV\" \/>\n<meta property=\"og:description\" content=\"[vc_row full_width=&#8221;stretch_row&#8221; el_class=&#8221;produkter&#8221;][vc_column][vc_row_inner equal_height=&#8221;yes&#8221;][vc_column_inner offset=&#8221;vc_col-lg-6 vc_col-md-6 vc_col-xs-12&#8243;][vc_media_grid style=&#8221;pagination&#8221; items_per_page=&#8221;1&#8243; element_width=&#8221;12&#8243; gap=&#8221;20&#8243; grid_id=&#8221;vc_gid:1666187679206-69d8fe63-4144-2&#8243; include=&#8221;7593,7597,7601,7605&#8243;][\/vc_column_inner][vc_column_inner offset=&#8221;vc_col-lg-6 vc_col-md-6 vc_col-xs-12&#8243;][vc_column_text] Grappins poly \u00e9lectro-hydrauliques BSV Con\u00e7u pour \u00eatre utilis\u00e9 dans le secteur Waste-To-Energy pour le traitement des d\u00e9chets, de la biomasse, des copeaux de bois et des mat\u00e9riaux similaires. La gamme standard de grappins poly est disponible dans des tailles ... Lire plus\" \/>\n<meta property=\"og:url\" content=\"https:\/\/bsv.dk\/fr\/electro-hydrauliques\/grappins-multiprises\/\" \/>\n<meta property=\"og:site_name\" content=\"BSV\" \/>\n<meta property=\"article:modified_time\" content=\"2022-10-26T06:11:06+00:00\" \/>\n<meta name=\"twitter:card\" content=\"summary_large_image\" \/>\n<meta name=\"twitter:label1\" content=\"Est. reading time\" \/>\n\t<meta name=\"twitter:data1\" content=\"2 minutes\" \/>\n<script type=\"application\/ld+json\" class=\"yoast-schema-graph\">{\"@context\":\"https:\\\/\\\/schema.org\",\"@graph\":[{\"@type\":\"WebPage\",\"@id\":\"https:\\\/\\\/bsv.dk\\\/fr\\\/electro-hydrauliques\\\/grappins-multiprises\\\/\",\"url\":\"https:\\\/\\\/bsv.dk\\\/fr\\\/electro-hydrauliques\\\/grappins-multiprises\\\/\",\"name\":\"Polygrab &#183; BSV\",\"isPartOf\":{\"@id\":\"https:\\\/\\\/bsv.dk\\\/#website\"},\"datePublished\":\"2022-07-13T05:38:46+00:00\",\"dateModified\":\"2022-10-26T06:11:06+00:00\",\"breadcrumb\":{\"@id\":\"https:\\\/\\\/bsv.dk\\\/fr\\\/electro-hydrauliques\\\/grappins-multiprises\\\/#breadcrumb\"},\"inLanguage\":\"fr-FR\",\"potentialAction\":[{\"@type\":\"ReadAction\",\"target\":[\"https:\\\/\\\/bsv.dk\\\/fr\\\/electro-hydrauliques\\\/grappins-multiprises\\\/\"]}]},{\"@type\":\"BreadcrumbList\",\"@id\":\"https:\\\/\\\/bsv.dk\\\/fr\\\/electro-hydrauliques\\\/grappins-multiprises\\\/#breadcrumb\",\"itemListElement\":[{\"@type\":\"ListItem\",\"position\":1,\"name\":\"Hjem\",\"item\":\"https:\\\/\\\/bsv.dk\\\/fr\\\/\"},{\"@type\":\"ListItem\",\"position\":2,\"name\":\"Hydraulique \u00e9lectrique\",\"item\":\"https:\\\/\\\/bsv.dk\\\/fr\\\/electro-hydrauliques\\\/\"},{\"@type\":\"ListItem\",\"position\":3,\"name\":\"Polygrab\"}]},{\"@type\":\"WebSite\",\"@id\":\"https:\\\/\\\/bsv.dk\\\/#website\",\"url\":\"https:\\\/\\\/bsv.dk\\\/\",\"name\":\"BSV\",\"description\":\"L\u00f8fteudstyr og krantilbeh\u00f8r: K\u00f8b dit l\u00f8ftegrej og kran-udstyr\",\"publisher\":{\"@id\":\"https:\\\/\\\/bsv.dk\\\/#organization\"},\"potentialAction\":[{\"@type\":\"SearchAction\",\"target\":{\"@type\":\"EntryPoint\",\"urlTemplate\":\"https:\\\/\\\/bsv.dk\\\/?s={search_term_string}\"},\"query-input\":{\"@type\":\"PropertyValueSpecification\",\"valueRequired\":true,\"valueName\":\"search_term_string\"}}],\"inLanguage\":\"fr-FR\"},{\"@type\":\"Organization\",\"@id\":\"https:\\\/\\\/bsv.dk\\\/#organization\",\"name\":\"BSV\",\"url\":\"https:\\\/\\\/bsv.dk\\\/\",\"logo\":{\"@type\":\"ImageObject\",\"inLanguage\":\"fr-FR\",\"@id\":\"https:\\\/\\\/bsv.dk\\\/#\\\/schema\\\/logo\\\/image\\\/\",\"url\":\"https:\\\/\\\/bsv.dk\\\/wp-content\\\/uploads\\\/2022\\\/07\\\/bsv-logo.png\",\"contentUrl\":\"https:\\\/\\\/bsv.dk\\\/wp-content\\\/uploads\\\/2022\\\/07\\\/bsv-logo.png\",\"width\":594,\"height\":249,\"caption\":\"BSV\"},\"image\":{\"@id\":\"https:\\\/\\\/bsv.dk\\\/#\\\/schema\\\/logo\\\/image\\\/\"}}]}<\/script>\n<!-- \/ Yoast SEO plugin. -->","yoast_head_json":{"title":"Polygrab &#183; BSV","robots":{"index":"index","follow":"follow","max-snippet":"max-snippet:-1","max-image-preview":"max-image-preview:large","max-video-preview":"max-video-preview:-1"},"canonical":"https:\/\/bsv.dk\/fr\/electro-hydrauliques\/grappins-multiprises\/","og_locale":"fr_FR","og_type":"article","og_title":"Polygrab &#183; BSV","og_description":"[vc_row full_width=&#8221;stretch_row&#8221; el_class=&#8221;produkter&#8221;][vc_column][vc_row_inner equal_height=&#8221;yes&#8221;][vc_column_inner offset=&#8221;vc_col-lg-6 vc_col-md-6 vc_col-xs-12&#8243;][vc_media_grid style=&#8221;pagination&#8221; items_per_page=&#8221;1&#8243; element_width=&#8221;12&#8243; gap=&#8221;20&#8243; grid_id=&#8221;vc_gid:1666187679206-69d8fe63-4144-2&#8243; include=&#8221;7593,7597,7601,7605&#8243;][\/vc_column_inner][vc_column_inner offset=&#8221;vc_col-lg-6 vc_col-md-6 vc_col-xs-12&#8243;][vc_column_text] Grappins poly \u00e9lectro-hydrauliques BSV Con\u00e7u pour \u00eatre utilis\u00e9 dans le secteur Waste-To-Energy pour le traitement des d\u00e9chets, de la biomasse, des copeaux de bois et des mat\u00e9riaux similaires. La gamme standard de grappins poly est disponible dans des tailles ... Lire plus","og_url":"https:\/\/bsv.dk\/fr\/electro-hydrauliques\/grappins-multiprises\/","og_site_name":"BSV","article_modified_time":"2022-10-26T06:11:06+00:00","twitter_card":"summary_large_image","twitter_misc":{"Est. reading time":"2 minutes"},"schema":{"@context":"https:\/\/schema.org","@graph":[{"@type":"WebPage","@id":"https:\/\/bsv.dk\/fr\/electro-hydrauliques\/grappins-multiprises\/","url":"https:\/\/bsv.dk\/fr\/electro-hydrauliques\/grappins-multiprises\/","name":"Polygrab &#183; BSV","isPartOf":{"@id":"https:\/\/bsv.dk\/#website"},"datePublished":"2022-07-13T05:38:46+00:00","dateModified":"2022-10-26T06:11:06+00:00","breadcrumb":{"@id":"https:\/\/bsv.dk\/fr\/electro-hydrauliques\/grappins-multiprises\/#breadcrumb"},"inLanguage":"fr-FR","potentialAction":[{"@type":"ReadAction","target":["https:\/\/bsv.dk\/fr\/electro-hydrauliques\/grappins-multiprises\/"]}]},{"@type":"BreadcrumbList","@id":"https:\/\/bsv.dk\/fr\/electro-hydrauliques\/grappins-multiprises\/#breadcrumb","itemListElement":[{"@type":"ListItem","position":1,"name":"Hjem","item":"https:\/\/bsv.dk\/fr\/"},{"@type":"ListItem","position":2,"name":"Hydraulique \u00e9lectrique","item":"https:\/\/bsv.dk\/fr\/electro-hydrauliques\/"},{"@type":"ListItem","position":3,"name":"Polygrab"}]},{"@type":"WebSite","@id":"https:\/\/bsv.dk\/#website","url":"https:\/\/bsv.dk\/","name":"BSV","description":"L\u00f8fteudstyr og krantilbeh\u00f8r: K\u00f8b dit l\u00f8ftegrej og kran-udstyr","publisher":{"@id":"https:\/\/bsv.dk\/#organization"},"potentialAction":[{"@type":"SearchAction","target":{"@type":"EntryPoint","urlTemplate":"https:\/\/bsv.dk\/?s={search_term_string}"},"query-input":{"@type":"PropertyValueSpecification","valueRequired":true,"valueName":"search_term_string"}}],"inLanguage":"fr-FR"},{"@type":"Organization","@id":"https:\/\/bsv.dk\/#organization","name":"BSV","url":"https:\/\/bsv.dk\/","logo":{"@type":"ImageObject","inLanguage":"fr-FR","@id":"https:\/\/bsv.dk\/#\/schema\/logo\/image\/","url":"https:\/\/bsv.dk\/wp-content\/uploads\/2022\/07\/bsv-logo.png","contentUrl":"https:\/\/bsv.dk\/wp-content\/uploads\/2022\/07\/bsv-logo.png","width":594,"height":249,"caption":"BSV"},"image":{"@id":"https:\/\/bsv.dk\/#\/schema\/logo\/image\/"}}]}},"_links":{"self":[{"href":"https:\/\/bsv.dk\/fr\/wp-json\/wp\/v2\/pages\/6520","targetHints":{"allow":["GET"]}}],"collection":[{"href":"https:\/\/bsv.dk\/fr\/wp-json\/wp\/v2\/pages"}],"about":[{"href":"https:\/\/bsv.dk\/fr\/wp-json\/wp\/v2\/types\/page"}],"author":[{"embeddable":true,"href":"https:\/\/bsv.dk\/fr\/wp-json\/wp\/v2\/users\/1"}],"replies":[{"embeddable":true,"href":"https:\/\/bsv.dk\/fr\/wp-json\/wp\/v2\/comments?post=6520"}],"version-history":[{"count":3,"href":"https:\/\/bsv.dk\/fr\/wp-json\/wp\/v2\/pages\/6520\/revisions"}],"predecessor-version":[{"id":7906,"href":"https:\/\/bsv.dk\/fr\/wp-json\/wp\/v2\/pages\/6520\/revisions\/7906"}],"up":[{"embeddable":true,"href":"https:\/\/bsv.dk\/fr\/wp-json\/wp\/v2\/pages\/6497"}],"wp:attachment":[{"href":"https:\/\/bsv.dk\/fr\/wp-json\/wp\/v2\/media?parent=6520"}],"wp:term":[{"taxonomy":"category","embeddable":true,"href":"https:\/\/bsv.dk\/fr\/wp-json\/wp\/v2\/categories?post=6520"}],"curies":[{"name":"wp","href":"https:\/\/api.w.org\/{rel}","templated":true}]}}