{"id":6497,"date":"2022-07-13T07:29:12","date_gmt":"2022-07-13T05:29:12","guid":{"rendered":"https:\/\/bsv.dk\/electro-hydrauliques\/"},"modified":"2023-11-23T09:17:18","modified_gmt":"2023-11-23T08:17:18","slug":"electro-hydrauliques","status":"publish","type":"page","link":"https:\/\/bsv.dk\/fr\/electro-hydrauliques\/","title":{"rendered":"Hydraulique \u00e9lectrique"},"content":{"rendered":"<div class=\"wpb-content-wrapper\"><p>[vc_row full_width=&#8221;stretch_row_content_no_spaces&#8221;][vc_column]\t\t\t<!-- START Elhydraulik REVOLUTION SLIDER 6.6.16 --><p class=\"rs-p-wp-fix\"><\/p>\t\t\t<rs-module-wrap id=\"rev_slider_10_1_wrapper\" data-source=\"gallery\" style=\"visibility:hidden;background:transparent;padding:0px;margin:0px auto;margin-top:0;margin-bottom:0;max-width:none;\">\t\t\t\t<rs-module id=\"rev_slider_10_1\" style=\"\" data-version=\"6.6.16\">\t\t\t\t\t<rs-slides style=\"overflow: hidden; position: absolute;\">\t\t\t\t\t\t<rs-slide style=\"position: absolute;\" data-key=\"rs-105\" data-title=\"Slide\" data-in=\"o:0;\" data-out=\"a:false;\">\t\t\t\t\t\t\t<img decoding=\"async\" src=\"\/\/bsv.dk\/wp-content\/plugins\/revslider\/public\/assets\/assets\/dummy.png\" alt=\"\" title=\"Hydraulique \u00e9lectrique\" class=\"rev-slidebg tp-rs-img rs-lazyload\" data-lazyload=\"\/\/bsv.dk\/wp-content\/plugins\/revslider\/public\/assets\/assets\/transparent.png\" data-no-retina>\t\t\t\t\t\t\t<rs-bgvideo \t\t\t\t\t\t\t\tdata-video=\"vc:none;w:100%;h:100%;nse:false;l:true;ptimer:false;\"\t\t\t\t\t\t\t\tdata-vimeoid=\"872553005\"\t\t\t\t\t\t\t\tdata-vatr=\"background=1&amp;title=0&amp;byline=0&amp;portrait=0&amp;api=1\"\t\t\t\t\t\t\t><\/rs-bgvideo><!---->\t\t\t\t\t\t<\/rs-slide>\t\t\t\t\t<\/rs-slides>\t\t\t\t\t<rs-static-layers><!--\t\t\t\t\t--><\/rs-static-layers>\t\t\t\t<\/rs-module>\t\t\t\t<script>\t\t\t\t\tsetREVStartSize({c: 'rev_slider_10_1',rl:[1240,1024,778,768],el:[860],gw:[1290],gh:[860],type:'standard',justify:'',layout:'fullwidth',mh:\"600px\"});if (window.RS_MODULES!==undefined && window.RS_MODULES.modules!==undefined && window.RS_MODULES.modules[\"revslider101\"]!==undefined) {window.RS_MODULES.modules[\"revslider101\"].once = false;window.revapi10 = undefined;if (window.RS_MODULES.checkMinimal!==undefined) window.RS_MODULES.checkMinimal()}\t\t\t\t<\/script>\t\t\t<\/rs-module-wrap>\t\t\t<!-- END REVOLUTION SLIDER -->[\/vc_column][\/vc_row][vc_row full_width=&#8221;stretch_row&#8221;][vc_column]<div class=\"ult-spacer spacer-69f027463d44d\" data-id=\"69f027463d44d\" data-height=\"90\" data-height-mobile=\"60\" data-height-tab=\"90\" data-height-tab-portrait=\"60\" data-height-mobile-landscape=\"60\" style=\"clear:both;display:block;\"><\/div>[vc_row_inner][vc_column_inner offset=&#8221;vc_col-lg-8 vc_col-md-8 vc_col-xs-12&#8243;][vc_column_text]<\/p>\n<h1>Hydraulique \u00e9lectrique<\/h1>\n<p>Les grappins \u00e9lectro-hydrauliques BSV ont \u00e9t\u00e9 d\u00e9velopp\u00e9s et con\u00e7us pour \u00eatre utilis\u00e9s dans le secteur de la valorisation \u00e9nerg\u00e9tique des d\u00e9chets pour la manipulation des d\u00e9chets, de la biomasse, des copeaux de bois et des mat\u00e9riaux similaires.<\/p>\n<p>Les grappins \u00e9lectro-hydrauliques BSV sont propos\u00e9s avec un choix de fonctions automatiques ou manuelles.<\/p>\n<p>Afin de fournir une r\u00e9sistance et une fiabilit\u00e9 de fonctionnement maximales, les grappins \u00e9lectrohydrauliques BSV sont fabriqu\u00e9s en acier \u00e0 haute r\u00e9sistance. Les grappins sont \u00e9quip\u00e9s de composants hydrauliques test\u00e9s et approuv\u00e9s de la plus haute qualit\u00e9.<\/p>\n<p>Les grappins \u00e9lectro-hydrauliques BSV sont \u00e9galement fournis en versions EX conformes \u00e0 la l\u00e9gislation ATEX sur les composants \u00e9lectriques.<\/p>\n<p>Tous les pr\u00e9henseurs BSV sont \u00e9quip\u00e9s en standard de :<\/p>\n<ul>\n<li>Syst\u00e8me hydraulique complet (incl. huile, pompe et vannes<\/li>\n<li>Multiprise<\/li>\n<li>Moteur \u00e9lectrique (3 x 400 V, 50 Hz) ou fonctionnement adapt\u00e9 au r\u00e9seau \u00e9lectrique du pays<\/li>\n<li>Commutateur de renversement<\/li>\n<li>Contacteur de temp\u00e9rature d&#8217;huile<\/li>\n<li>Contacteur de niveau d&#8217;huile<\/li>\n<\/ul>\n<p>Les mod\u00e8les standard peuvent \u00eatre adapt\u00e9s \u00e0 des domaines d&#8217;application particuliers et aux exigences individuelles des clients.<\/p>\n<p>BSV propose une s\u00e9lection de grappins en poly et de pelles pour la manipulation de mat\u00e9riaux tels que les d\u00e9chets, les copeaux de bois, la biomasse, les boues, les scories, la glace granul\u00e9e, le sel, etc.<br \/>\nBSV produit \u00e9galement des pinces pour la manipulation de bottes de paille, simples, doubles ou jusqu&#8217;\u00e0 12. \u00e0 la fois.[\/vc_column_text]<div class=\"ult-spacer spacer-69f027463d481\" data-id=\"69f027463d481\" data-height=\"0\" data-height-mobile=\"30\" data-height-tab=\"0\" data-height-tab-portrait=\"30\" data-height-mobile-landscape=\"30\" style=\"clear:both;display:block;\"><\/div>[\/vc_column_inner][vc_column_inner offset=&#8221;vc_col-lg-4 vc_col-md-4 vc_col-xs-12&#8243;][vc_wp_custommenu nav_menu=&#8221;18&#8243; el_class=&#8221;contact-sidebar&#8221;][\/vc_column_inner][\/vc_row_inner]<div class=\"ult-spacer spacer-69f027463d4a3\" data-id=\"69f027463d4a3\" data-height=\"90\" data-height-mobile=\"60\" data-height-tab=\"90\" data-height-tab-portrait=\"60\" data-height-mobile-landscape=\"60\" style=\"clear:both;display:block;\"><\/div>[\/vc_column][\/vc_row][vc_row full_width=&#8221;stretch_row&#8221;][vc_column][vc_basic_grid post_type=&#8221;post&#8221; max_items=&#8221;-1&#8243; item=&#8221;2938&#8243; grid_id=&#8221;vc_gid:1696857622351-c964db4f-0506-1&#8243; taxonomies=&#8221;13371350&#8243;]<div class=\"ult-spacer spacer-69f027463d4c6\" data-id=\"69f027463d4c6\" data-height=\"90\" data-height-mobile=\"60\" data-height-tab=\"90\" data-height-tab-portrait=\"60\" data-height-mobile-landscape=\"60\" style=\"clear:both;display:block;\"><\/div>[\/vc_column][\/vc_row]<\/p>\n<\/div>","protected":false},"excerpt":{"rendered":"<p>[vc_row full_width=&#8221;stretch_row_content_no_spaces&#8221;][vc_column][\/vc_column][\/vc_row][vc_row full_width=&#8221;stretch_row&#8221;][vc_column][vc_row_inner][vc_column_inner offset=&#8221;vc_col-lg-8 vc_col-md-8 vc_col-xs-12&#8243;][vc_column_text] Hydraulique \u00e9lectrique Les grappins \u00e9lectro-hydrauliques BSV ont \u00e9t\u00e9 d\u00e9velopp\u00e9s et con\u00e7us pour \u00eatre utilis\u00e9s dans le secteur de la valorisation \u00e9nerg\u00e9tique des d\u00e9chets pour la manipulation des d\u00e9chets, de la biomasse, des copeaux de bois et des mat\u00e9riaux similaires. Les grappins \u00e9lectro-hydrauliques BSV sont propos\u00e9s avec un choix de &#8230; <a title=\"Hydraulique \u00e9lectrique\" class=\"read-more\" href=\"https:\/\/bsv.dk\/fr\/electro-hydrauliques\/\" aria-label=\"Read more about Hydraulique \u00e9lectrique\">Lire plus<\/a><\/p>\n","protected":false},"author":1,"featured_media":0,"parent":0,"menu_order":0,"comment_status":"closed","ping_status":"closed","template":"","meta":{"footnotes":""},"categories":[],"class_list":["post-6497","page","type-page","status-publish"],"yoast_head":"<!-- This site is optimized with the Yoast SEO plugin v27.4 - https:\/\/yoast.com\/product\/yoast-seo-wordpress\/ -->\n<title>Hydraulique \u00e9lectrique &#183; BSV<\/title>\n<meta name=\"robots\" content=\"index, follow, max-snippet:-1, max-image-preview:large, max-video-preview:-1\" \/>\n<link rel=\"canonical\" href=\"https:\/\/bsv.dk\/fr\/electro-hydrauliques\/\" \/>\n<meta property=\"og:locale\" content=\"fr_FR\" \/>\n<meta property=\"og:type\" content=\"article\" \/>\n<meta property=\"og:title\" content=\"Hydraulique \u00e9lectrique &#183; BSV\" \/>\n<meta property=\"og:description\" content=\"[vc_row full_width=&#8221;stretch_row_content_no_spaces&#8221;][vc_column][\/vc_column][\/vc_row][vc_row full_width=&#8221;stretch_row&#8221;][vc_column][vc_row_inner][vc_column_inner offset=&#8221;vc_col-lg-8 vc_col-md-8 vc_col-xs-12&#8243;][vc_column_text] Hydraulique \u00e9lectrique Les grappins \u00e9lectro-hydrauliques BSV ont \u00e9t\u00e9 d\u00e9velopp\u00e9s et con\u00e7us pour \u00eatre utilis\u00e9s dans le secteur de la valorisation \u00e9nerg\u00e9tique des d\u00e9chets pour la manipulation des d\u00e9chets, de la biomasse, des copeaux de bois et des mat\u00e9riaux similaires. Les grappins \u00e9lectro-hydrauliques BSV sont propos\u00e9s avec un choix de ... Lire plus\" \/>\n<meta property=\"og:url\" content=\"https:\/\/bsv.dk\/fr\/electro-hydrauliques\/\" \/>\n<meta property=\"og:site_name\" content=\"BSV\" \/>\n<meta property=\"article:modified_time\" content=\"2023-11-23T08:17:18+00:00\" \/>\n<meta name=\"twitter:card\" content=\"summary_large_image\" \/>\n<meta name=\"twitter:label1\" content=\"Est. reading time\" \/>\n\t<meta name=\"twitter:data1\" content=\"2 minutes\" \/>\n<script type=\"application\/ld+json\" class=\"yoast-schema-graph\">{\"@context\":\"https:\\\/\\\/schema.org\",\"@graph\":[{\"@type\":\"WebPage\",\"@id\":\"https:\\\/\\\/bsv.dk\\\/fr\\\/electro-hydrauliques\\\/\",\"url\":\"https:\\\/\\\/bsv.dk\\\/fr\\\/electro-hydrauliques\\\/\",\"name\":\"Hydraulique \u00e9lectrique &#183; BSV\",\"isPartOf\":{\"@id\":\"https:\\\/\\\/bsv.dk\\\/#website\"},\"datePublished\":\"2022-07-13T05:29:12+00:00\",\"dateModified\":\"2023-11-23T08:17:18+00:00\",\"breadcrumb\":{\"@id\":\"https:\\\/\\\/bsv.dk\\\/fr\\\/electro-hydrauliques\\\/#breadcrumb\"},\"inLanguage\":\"fr-FR\",\"potentialAction\":[{\"@type\":\"ReadAction\",\"target\":[\"https:\\\/\\\/bsv.dk\\\/fr\\\/electro-hydrauliques\\\/\"]}]},{\"@type\":\"BreadcrumbList\",\"@id\":\"https:\\\/\\\/bsv.dk\\\/fr\\\/electro-hydrauliques\\\/#breadcrumb\",\"itemListElement\":[{\"@type\":\"ListItem\",\"position\":1,\"name\":\"Hjem\",\"item\":\"https:\\\/\\\/bsv.dk\\\/fr\\\/\"},{\"@type\":\"ListItem\",\"position\":2,\"name\":\"Hydraulique \u00e9lectrique\"}]},{\"@type\":\"WebSite\",\"@id\":\"https:\\\/\\\/bsv.dk\\\/#website\",\"url\":\"https:\\\/\\\/bsv.dk\\\/\",\"name\":\"BSV\",\"description\":\"L\u00f8fteudstyr og krantilbeh\u00f8r: K\u00f8b dit l\u00f8ftegrej og kran-udstyr\",\"publisher\":{\"@id\":\"https:\\\/\\\/bsv.dk\\\/#organization\"},\"potentialAction\":[{\"@type\":\"SearchAction\",\"target\":{\"@type\":\"EntryPoint\",\"urlTemplate\":\"https:\\\/\\\/bsv.dk\\\/?s={search_term_string}\"},\"query-input\":{\"@type\":\"PropertyValueSpecification\",\"valueRequired\":true,\"valueName\":\"search_term_string\"}}],\"inLanguage\":\"fr-FR\"},{\"@type\":\"Organization\",\"@id\":\"https:\\\/\\\/bsv.dk\\\/#organization\",\"name\":\"BSV\",\"url\":\"https:\\\/\\\/bsv.dk\\\/\",\"logo\":{\"@type\":\"ImageObject\",\"inLanguage\":\"fr-FR\",\"@id\":\"https:\\\/\\\/bsv.dk\\\/#\\\/schema\\\/logo\\\/image\\\/\",\"url\":\"https:\\\/\\\/bsv.dk\\\/wp-content\\\/uploads\\\/2022\\\/07\\\/bsv-logo.png\",\"contentUrl\":\"https:\\\/\\\/bsv.dk\\\/wp-content\\\/uploads\\\/2022\\\/07\\\/bsv-logo.png\",\"width\":594,\"height\":249,\"caption\":\"BSV\"},\"image\":{\"@id\":\"https:\\\/\\\/bsv.dk\\\/#\\\/schema\\\/logo\\\/image\\\/\"}}]}<\/script>\n<!-- \/ Yoast SEO plugin. -->","yoast_head_json":{"title":"Hydraulique \u00e9lectrique &#183; BSV","robots":{"index":"index","follow":"follow","max-snippet":"max-snippet:-1","max-image-preview":"max-image-preview:large","max-video-preview":"max-video-preview:-1"},"canonical":"https:\/\/bsv.dk\/fr\/electro-hydrauliques\/","og_locale":"fr_FR","og_type":"article","og_title":"Hydraulique \u00e9lectrique &#183; BSV","og_description":"[vc_row full_width=&#8221;stretch_row_content_no_spaces&#8221;][vc_column][\/vc_column][\/vc_row][vc_row full_width=&#8221;stretch_row&#8221;][vc_column][vc_row_inner][vc_column_inner offset=&#8221;vc_col-lg-8 vc_col-md-8 vc_col-xs-12&#8243;][vc_column_text] Hydraulique \u00e9lectrique Les grappins \u00e9lectro-hydrauliques BSV ont \u00e9t\u00e9 d\u00e9velopp\u00e9s et con\u00e7us pour \u00eatre utilis\u00e9s dans le secteur de la valorisation \u00e9nerg\u00e9tique des d\u00e9chets pour la manipulation des d\u00e9chets, de la biomasse, des copeaux de bois et des mat\u00e9riaux similaires. Les grappins \u00e9lectro-hydrauliques BSV sont propos\u00e9s avec un choix de ... Lire plus","og_url":"https:\/\/bsv.dk\/fr\/electro-hydrauliques\/","og_site_name":"BSV","article_modified_time":"2023-11-23T08:17:18+00:00","twitter_card":"summary_large_image","twitter_misc":{"Est. reading time":"2 minutes"},"schema":{"@context":"https:\/\/schema.org","@graph":[{"@type":"WebPage","@id":"https:\/\/bsv.dk\/fr\/electro-hydrauliques\/","url":"https:\/\/bsv.dk\/fr\/electro-hydrauliques\/","name":"Hydraulique \u00e9lectrique &#183; BSV","isPartOf":{"@id":"https:\/\/bsv.dk\/#website"},"datePublished":"2022-07-13T05:29:12+00:00","dateModified":"2023-11-23T08:17:18+00:00","breadcrumb":{"@id":"https:\/\/bsv.dk\/fr\/electro-hydrauliques\/#breadcrumb"},"inLanguage":"fr-FR","potentialAction":[{"@type":"ReadAction","target":["https:\/\/bsv.dk\/fr\/electro-hydrauliques\/"]}]},{"@type":"BreadcrumbList","@id":"https:\/\/bsv.dk\/fr\/electro-hydrauliques\/#breadcrumb","itemListElement":[{"@type":"ListItem","position":1,"name":"Hjem","item":"https:\/\/bsv.dk\/fr\/"},{"@type":"ListItem","position":2,"name":"Hydraulique \u00e9lectrique"}]},{"@type":"WebSite","@id":"https:\/\/bsv.dk\/#website","url":"https:\/\/bsv.dk\/","name":"BSV","description":"L\u00f8fteudstyr og krantilbeh\u00f8r: K\u00f8b dit l\u00f8ftegrej og kran-udstyr","publisher":{"@id":"https:\/\/bsv.dk\/#organization"},"potentialAction":[{"@type":"SearchAction","target":{"@type":"EntryPoint","urlTemplate":"https:\/\/bsv.dk\/?s={search_term_string}"},"query-input":{"@type":"PropertyValueSpecification","valueRequired":true,"valueName":"search_term_string"}}],"inLanguage":"fr-FR"},{"@type":"Organization","@id":"https:\/\/bsv.dk\/#organization","name":"BSV","url":"https:\/\/bsv.dk\/","logo":{"@type":"ImageObject","inLanguage":"fr-FR","@id":"https:\/\/bsv.dk\/#\/schema\/logo\/image\/","url":"https:\/\/bsv.dk\/wp-content\/uploads\/2022\/07\/bsv-logo.png","contentUrl":"https:\/\/bsv.dk\/wp-content\/uploads\/2022\/07\/bsv-logo.png","width":594,"height":249,"caption":"BSV"},"image":{"@id":"https:\/\/bsv.dk\/#\/schema\/logo\/image\/"}}]}},"_links":{"self":[{"href":"https:\/\/bsv.dk\/fr\/wp-json\/wp\/v2\/pages\/6497","targetHints":{"allow":["GET"]}}],"collection":[{"href":"https:\/\/bsv.dk\/fr\/wp-json\/wp\/v2\/pages"}],"about":[{"href":"https:\/\/bsv.dk\/fr\/wp-json\/wp\/v2\/types\/page"}],"author":[{"embeddable":true,"href":"https:\/\/bsv.dk\/fr\/wp-json\/wp\/v2\/users\/1"}],"replies":[{"embeddable":true,"href":"https:\/\/bsv.dk\/fr\/wp-json\/wp\/v2\/comments?post=6497"}],"version-history":[{"count":9,"href":"https:\/\/bsv.dk\/fr\/wp-json\/wp\/v2\/pages\/6497\/revisions"}],"predecessor-version":[{"id":900520,"href":"https:\/\/bsv.dk\/fr\/wp-json\/wp\/v2\/pages\/6497\/revisions\/900520"}],"wp:attachment":[{"href":"https:\/\/bsv.dk\/fr\/wp-json\/wp\/v2\/media?parent=6497"}],"wp:term":[{"taxonomy":"category","embeddable":true,"href":"https:\/\/bsv.dk\/fr\/wp-json\/wp\/v2\/categories?post=6497"}],"curies":[{"name":"wp","href":"https:\/\/api.w.org\/{rel}","templated":true}]}}