{"id":6492,"date":"2022-07-13T07:58:46","date_gmt":"2022-07-13T05:58:46","guid":{"rendered":"https:\/\/bsv.dk\/grappins\/grappin-ks\/grappin-a-fumier\/"},"modified":"2026-02-12T09:23:37","modified_gmt":"2026-02-12T08:23:37","slug":"grappin-a-fumier","status":"publish","type":"page","link":"https:\/\/bsv.dk\/fr\/grappins\/grappin-ks\/grappin-a-fumier\/","title":{"rendered":"Grappin \u00e0 fumier"},"content":{"rendered":"<div class=\"wpb-content-wrapper\"><p>[vc_row full_width=&#8221;stretch_row&#8221; el_class=&#8221;produkter&#8221;][vc_column]<div class=\"ult-spacer spacer-69f02a4f55928\" data-id=\"69f02a4f55928\" data-height=\"90\" data-height-mobile=\"60\" data-height-tab=\"90\" data-height-tab-portrait=\"60\" data-height-mobile-landscape=\"60\" style=\"clear:both;display:block;\"><\/div>[vc_row_inner equal_height=&#8221;yes&#8221;][vc_column_inner offset=&#8221;vc_col-lg-6 vc_col-md-6 vc_col-xs-12&#8243;][vc_media_grid style=&#8221;pagination&#8221; items_per_page=&#8221;1&#8243; element_width=&#8221;12&#8243; gap=&#8221;20&#8243; arrows_design=&#8221;vc_arrow-icon-arrow_01_left&#8221; arrows_position=&#8221;outside&#8221; arrows_color=&#8221;black&#8221; paging_design=&#8221;none&#8221; loop=&#8221;yes&#8221; item=&#8221;2845&#8243; css=&#8221;&#8221; grid_id=&#8221;vc_gid:1770884464397-cb2eeafe-11e2-0&#8243; include=&#8221;7511,7515,7519,7523&#8243;]<div class=\"ult-spacer spacer-69f02a4f55974\" data-id=\"69f02a4f55974\" data-height=\"0\" data-height-mobile=\"30\" data-height-tab=\"0\" data-height-tab-portrait=\"30\" data-height-mobile-landscape=\"30\" style=\"clear:both;display:block;\"><\/div>[\/vc_column_inner][vc_column_inner offset=&#8221;vc_col-lg-6 vc_col-md-6 vc_col-xs-12&#8243;][vc_column_text]<\/p>\n<h1><strong>Grappin \u00e0 fumier BSV<\/strong><\/h1>\n<p>Le grappin BSV type AG 420 est un grappin \u00e0 fumier d&#8217;une grande capacit\u00e9 pour la manutention de fumier animal et de liti\u00e8re. En plus d&#8217;\u00eatre un grappin \u00e0 fumier, le grappin est \u00e9galement largement utilis\u00e9 pour les branches, les d\u00e9chets v\u00e9g\u00e9taux, les r\u00e9coltes et l&#8217;herbe.<\/p>\n<p>Ce grappin est con\u00e7u avec une faible hauteur d&#8217;installation et une grande ouverture.<\/p>\n<p>Tous les grappins KS II sont livr\u00e9s en standard avec un point d&#8217;ancrage int\u00e9gr\u00e9 (max 1000 Kg) pour cha\u00eene de levage.<\/p>\n<p>Nous pouvons \u00e9galement proposer des crochets \u00e0 souder suppl\u00e9mentaires, qui peuvent soulever jusqu&#8217;\u00e0 3 500 kg.[\/vc_column_text][\/vc_column_inner][\/vc_row_inner]<div class=\"ult-spacer spacer-69f02a4f55998\" data-id=\"69f02a4f55998\" data-height=\"90\" data-height-mobile=\"60\" data-height-tab=\"90\" data-height-tab-portrait=\"60\" data-height-mobile-landscape=\"60\" style=\"clear:both;display:block;\"><\/div>[\/vc_column][\/vc_row][vc_row full_width=&#8221;stretch_row&#8221; el_class=&#8221;produkter&#8221; css=&#8221;.vc_custom_1660147902981{background-color: #f7f7f7 !important;}&#8221;][vc_column]<div class=\"ult-spacer spacer-69f02a4f559b6\" data-id=\"69f02a4f559b6\" data-height=\"90\" data-height-mobile=\"60\" data-height-tab=\"90\" data-height-tab-portrait=\"60\" data-height-mobile-landscape=\"60\" style=\"clear:both;display:block;\"><\/div>[vc_empty_space height=&#8221;30px&#8221;]<div class=\"ult-spacer spacer-69f02a4f559d2\" data-id=\"69f02a4f559d2\" data-height=\"90\" data-height-mobile=\"60\" data-height-tab=\"90\" data-height-tab-portrait=\"60\" data-height-mobile-landscape=\"60\" style=\"clear:both;display:block;\"><\/div>[\/vc_column][\/vc_row]<\/p>\n<\/div>","protected":false},"excerpt":{"rendered":"<p>[vc_row full_width=&#8221;stretch_row&#8221; el_class=&#8221;produkter&#8221;][vc_column][vc_row_inner equal_height=&#8221;yes&#8221;][vc_column_inner offset=&#8221;vc_col-lg-6 vc_col-md-6 vc_col-xs-12&#8243;][vc_media_grid style=&#8221;pagination&#8221; items_per_page=&#8221;1&#8243; element_width=&#8221;12&#8243; gap=&#8221;20&#8243; arrows_design=&#8221;vc_arrow-icon-arrow_01_left&#8221; arrows_position=&#8221;outside&#8221; arrows_color=&#8221;black&#8221; paging_design=&#8221;none&#8221; loop=&#8221;yes&#8221; item=&#8221;2845&#8243; css=&#8221;&#8221; grid_id=&#8221;vc_gid:1770884464397-cb2eeafe-11e2-0&#8243; include=&#8221;7511,7515,7519,7523&#8243;][\/vc_column_inner][vc_column_inner offset=&#8221;vc_col-lg-6 vc_col-md-6 vc_col-xs-12&#8243;][vc_column_text] Grappin \u00e0 fumier BSV Le grappin BSV type AG 420 est un grappin \u00e0 fumier d&#8217;une grande capacit\u00e9 pour la manutention de fumier animal et de liti\u00e8re. En plus d&#8217;\u00eatre un grappin &#8230; <a title=\"Grappin \u00e0 fumier\" class=\"read-more\" href=\"https:\/\/bsv.dk\/fr\/grappins\/grappin-ks\/grappin-a-fumier\/\" aria-label=\"Read more about Grappin \u00e0 fumier\">Lire plus<\/a><\/p>\n","protected":false},"author":1,"featured_media":0,"parent":6453,"menu_order":9,"comment_status":"closed","ping_status":"closed","template":"","meta":{"footnotes":""},"categories":[],"class_list":["post-6492","page","type-page","status-publish"],"yoast_head":"<!-- This site is optimized with the Yoast SEO plugin v27.4 - https:\/\/yoast.com\/product\/yoast-seo-wordpress\/ -->\n<title>Grappin \u00e0 fumier &#183; BSV<\/title>\n<meta name=\"robots\" content=\"index, follow, max-snippet:-1, max-image-preview:large, max-video-preview:-1\" \/>\n<link rel=\"canonical\" href=\"https:\/\/bsv.dk\/fr\/grappins\/grappin-ks\/grappin-a-fumier\/\" \/>\n<meta property=\"og:locale\" content=\"fr_FR\" \/>\n<meta property=\"og:type\" content=\"article\" \/>\n<meta property=\"og:title\" content=\"Grappin \u00e0 fumier &#183; BSV\" \/>\n<meta property=\"og:description\" content=\"[vc_row full_width=&#8221;stretch_row&#8221; el_class=&#8221;produkter&#8221;][vc_column][vc_row_inner equal_height=&#8221;yes&#8221;][vc_column_inner offset=&#8221;vc_col-lg-6 vc_col-md-6 vc_col-xs-12&#8243;][vc_media_grid style=&#8221;pagination&#8221; items_per_page=&#8221;1&#8243; element_width=&#8221;12&#8243; gap=&#8221;20&#8243; arrows_design=&#8221;vc_arrow-icon-arrow_01_left&#8221; arrows_position=&#8221;outside&#8221; arrows_color=&#8221;black&#8221; paging_design=&#8221;none&#8221; loop=&#8221;yes&#8221; item=&#8221;2845&#8243; css=&#8221;&#8221; grid_id=&#8221;vc_gid:1770884464397-cb2eeafe-11e2-0&#8243; include=&#8221;7511,7515,7519,7523&#8243;][\/vc_column_inner][vc_column_inner offset=&#8221;vc_col-lg-6 vc_col-md-6 vc_col-xs-12&#8243;][vc_column_text] Grappin \u00e0 fumier BSV Le grappin BSV type AG 420 est un grappin \u00e0 fumier d&#8217;une grande capacit\u00e9 pour la manutention de fumier animal et de liti\u00e8re. En plus d&#8217;\u00eatre un grappin ... Lire plus\" \/>\n<meta property=\"og:url\" content=\"https:\/\/bsv.dk\/fr\/grappins\/grappin-ks\/grappin-a-fumier\/\" \/>\n<meta property=\"og:site_name\" content=\"BSV\" \/>\n<meta property=\"article:modified_time\" content=\"2026-02-12T08:23:37+00:00\" \/>\n<meta name=\"twitter:card\" content=\"summary_large_image\" \/>\n<meta name=\"twitter:label1\" content=\"Est. reading time\" \/>\n\t<meta name=\"twitter:data1\" content=\"2 minutes\" \/>\n<script type=\"application\/ld+json\" class=\"yoast-schema-graph\">{\"@context\":\"https:\\\/\\\/schema.org\",\"@graph\":[{\"@type\":\"WebPage\",\"@id\":\"https:\\\/\\\/bsv.dk\\\/fr\\\/grappins\\\/grappin-ks\\\/grappin-a-fumier\\\/\",\"url\":\"https:\\\/\\\/bsv.dk\\\/fr\\\/grappins\\\/grappin-ks\\\/grappin-a-fumier\\\/\",\"name\":\"Grappin \u00e0 fumier &#183; BSV\",\"isPartOf\":{\"@id\":\"https:\\\/\\\/bsv.dk\\\/#website\"},\"datePublished\":\"2022-07-13T05:58:46+00:00\",\"dateModified\":\"2026-02-12T08:23:37+00:00\",\"breadcrumb\":{\"@id\":\"https:\\\/\\\/bsv.dk\\\/fr\\\/grappins\\\/grappin-ks\\\/grappin-a-fumier\\\/#breadcrumb\"},\"inLanguage\":\"fr-FR\",\"potentialAction\":[{\"@type\":\"ReadAction\",\"target\":[\"https:\\\/\\\/bsv.dk\\\/fr\\\/grappins\\\/grappin-ks\\\/grappin-a-fumier\\\/\"]}]},{\"@type\":\"BreadcrumbList\",\"@id\":\"https:\\\/\\\/bsv.dk\\\/fr\\\/grappins\\\/grappin-ks\\\/grappin-a-fumier\\\/#breadcrumb\",\"itemListElement\":[{\"@type\":\"ListItem\",\"position\":1,\"name\":\"Hjem\",\"item\":\"https:\\\/\\\/bsv.dk\\\/fr\\\/\"},{\"@type\":\"ListItem\",\"position\":2,\"name\":\"Grappin hydraulique\",\"item\":\"https:\\\/\\\/bsv.dk\\\/fr\\\/grappins\\\/\"},{\"@type\":\"ListItem\",\"position\":3,\"name\":\"Grappin KS II\",\"item\":\"https:\\\/\\\/bsv.dk\\\/fr\\\/grappins\\\/grappin-ks\\\/\"},{\"@type\":\"ListItem\",\"position\":4,\"name\":\"Grappin \u00e0 fumier\"}]},{\"@type\":\"WebSite\",\"@id\":\"https:\\\/\\\/bsv.dk\\\/#website\",\"url\":\"https:\\\/\\\/bsv.dk\\\/\",\"name\":\"BSV\",\"description\":\"L\u00f8fteudstyr og krantilbeh\u00f8r: K\u00f8b dit l\u00f8ftegrej og kran-udstyr\",\"publisher\":{\"@id\":\"https:\\\/\\\/bsv.dk\\\/#organization\"},\"potentialAction\":[{\"@type\":\"SearchAction\",\"target\":{\"@type\":\"EntryPoint\",\"urlTemplate\":\"https:\\\/\\\/bsv.dk\\\/?s={search_term_string}\"},\"query-input\":{\"@type\":\"PropertyValueSpecification\",\"valueRequired\":true,\"valueName\":\"search_term_string\"}}],\"inLanguage\":\"fr-FR\"},{\"@type\":\"Organization\",\"@id\":\"https:\\\/\\\/bsv.dk\\\/#organization\",\"name\":\"BSV\",\"url\":\"https:\\\/\\\/bsv.dk\\\/\",\"logo\":{\"@type\":\"ImageObject\",\"inLanguage\":\"fr-FR\",\"@id\":\"https:\\\/\\\/bsv.dk\\\/#\\\/schema\\\/logo\\\/image\\\/\",\"url\":\"https:\\\/\\\/bsv.dk\\\/wp-content\\\/uploads\\\/2022\\\/07\\\/bsv-logo.png\",\"contentUrl\":\"https:\\\/\\\/bsv.dk\\\/wp-content\\\/uploads\\\/2022\\\/07\\\/bsv-logo.png\",\"width\":594,\"height\":249,\"caption\":\"BSV\"},\"image\":{\"@id\":\"https:\\\/\\\/bsv.dk\\\/#\\\/schema\\\/logo\\\/image\\\/\"}}]}<\/script>\n<!-- \/ Yoast SEO plugin. -->","yoast_head_json":{"title":"Grappin \u00e0 fumier &#183; BSV","robots":{"index":"index","follow":"follow","max-snippet":"max-snippet:-1","max-image-preview":"max-image-preview:large","max-video-preview":"max-video-preview:-1"},"canonical":"https:\/\/bsv.dk\/fr\/grappins\/grappin-ks\/grappin-a-fumier\/","og_locale":"fr_FR","og_type":"article","og_title":"Grappin \u00e0 fumier &#183; BSV","og_description":"[vc_row full_width=&#8221;stretch_row&#8221; el_class=&#8221;produkter&#8221;][vc_column][vc_row_inner equal_height=&#8221;yes&#8221;][vc_column_inner offset=&#8221;vc_col-lg-6 vc_col-md-6 vc_col-xs-12&#8243;][vc_media_grid style=&#8221;pagination&#8221; items_per_page=&#8221;1&#8243; element_width=&#8221;12&#8243; gap=&#8221;20&#8243; arrows_design=&#8221;vc_arrow-icon-arrow_01_left&#8221; arrows_position=&#8221;outside&#8221; arrows_color=&#8221;black&#8221; paging_design=&#8221;none&#8221; loop=&#8221;yes&#8221; item=&#8221;2845&#8243; css=&#8221;&#8221; grid_id=&#8221;vc_gid:1770884464397-cb2eeafe-11e2-0&#8243; include=&#8221;7511,7515,7519,7523&#8243;][\/vc_column_inner][vc_column_inner offset=&#8221;vc_col-lg-6 vc_col-md-6 vc_col-xs-12&#8243;][vc_column_text] Grappin \u00e0 fumier BSV Le grappin BSV type AG 420 est un grappin \u00e0 fumier d&#8217;une grande capacit\u00e9 pour la manutention de fumier animal et de liti\u00e8re. En plus d&#8217;\u00eatre un grappin ... Lire plus","og_url":"https:\/\/bsv.dk\/fr\/grappins\/grappin-ks\/grappin-a-fumier\/","og_site_name":"BSV","article_modified_time":"2026-02-12T08:23:37+00:00","twitter_card":"summary_large_image","twitter_misc":{"Est. reading time":"2 minutes"},"schema":{"@context":"https:\/\/schema.org","@graph":[{"@type":"WebPage","@id":"https:\/\/bsv.dk\/fr\/grappins\/grappin-ks\/grappin-a-fumier\/","url":"https:\/\/bsv.dk\/fr\/grappins\/grappin-ks\/grappin-a-fumier\/","name":"Grappin \u00e0 fumier &#183; BSV","isPartOf":{"@id":"https:\/\/bsv.dk\/#website"},"datePublished":"2022-07-13T05:58:46+00:00","dateModified":"2026-02-12T08:23:37+00:00","breadcrumb":{"@id":"https:\/\/bsv.dk\/fr\/grappins\/grappin-ks\/grappin-a-fumier\/#breadcrumb"},"inLanguage":"fr-FR","potentialAction":[{"@type":"ReadAction","target":["https:\/\/bsv.dk\/fr\/grappins\/grappin-ks\/grappin-a-fumier\/"]}]},{"@type":"BreadcrumbList","@id":"https:\/\/bsv.dk\/fr\/grappins\/grappin-ks\/grappin-a-fumier\/#breadcrumb","itemListElement":[{"@type":"ListItem","position":1,"name":"Hjem","item":"https:\/\/bsv.dk\/fr\/"},{"@type":"ListItem","position":2,"name":"Grappin hydraulique","item":"https:\/\/bsv.dk\/fr\/grappins\/"},{"@type":"ListItem","position":3,"name":"Grappin KS II","item":"https:\/\/bsv.dk\/fr\/grappins\/grappin-ks\/"},{"@type":"ListItem","position":4,"name":"Grappin \u00e0 fumier"}]},{"@type":"WebSite","@id":"https:\/\/bsv.dk\/#website","url":"https:\/\/bsv.dk\/","name":"BSV","description":"L\u00f8fteudstyr og krantilbeh\u00f8r: K\u00f8b dit l\u00f8ftegrej og kran-udstyr","publisher":{"@id":"https:\/\/bsv.dk\/#organization"},"potentialAction":[{"@type":"SearchAction","target":{"@type":"EntryPoint","urlTemplate":"https:\/\/bsv.dk\/?s={search_term_string}"},"query-input":{"@type":"PropertyValueSpecification","valueRequired":true,"valueName":"search_term_string"}}],"inLanguage":"fr-FR"},{"@type":"Organization","@id":"https:\/\/bsv.dk\/#organization","name":"BSV","url":"https:\/\/bsv.dk\/","logo":{"@type":"ImageObject","inLanguage":"fr-FR","@id":"https:\/\/bsv.dk\/#\/schema\/logo\/image\/","url":"https:\/\/bsv.dk\/wp-content\/uploads\/2022\/07\/bsv-logo.png","contentUrl":"https:\/\/bsv.dk\/wp-content\/uploads\/2022\/07\/bsv-logo.png","width":594,"height":249,"caption":"BSV"},"image":{"@id":"https:\/\/bsv.dk\/#\/schema\/logo\/image\/"}}]}},"_links":{"self":[{"href":"https:\/\/bsv.dk\/fr\/wp-json\/wp\/v2\/pages\/6492","targetHints":{"allow":["GET"]}}],"collection":[{"href":"https:\/\/bsv.dk\/fr\/wp-json\/wp\/v2\/pages"}],"about":[{"href":"https:\/\/bsv.dk\/fr\/wp-json\/wp\/v2\/types\/page"}],"author":[{"embeddable":true,"href":"https:\/\/bsv.dk\/fr\/wp-json\/wp\/v2\/users\/1"}],"replies":[{"embeddable":true,"href":"https:\/\/bsv.dk\/fr\/wp-json\/wp\/v2\/comments?post=6492"}],"version-history":[{"count":5,"href":"https:\/\/bsv.dk\/fr\/wp-json\/wp\/v2\/pages\/6492\/revisions"}],"predecessor-version":[{"id":901904,"href":"https:\/\/bsv.dk\/fr\/wp-json\/wp\/v2\/pages\/6492\/revisions\/901904"}],"up":[{"embeddable":true,"href":"https:\/\/bsv.dk\/fr\/wp-json\/wp\/v2\/pages\/6453"}],"wp:attachment":[{"href":"https:\/\/bsv.dk\/fr\/wp-json\/wp\/v2\/media?parent=6492"}],"wp:term":[{"taxonomy":"category","embeddable":true,"href":"https:\/\/bsv.dk\/fr\/wp-json\/wp\/v2\/categories?post=6492"}],"curies":[{"name":"wp","href":"https:\/\/api.w.org\/{rel}","templated":true}]}}