{"id":6486,"date":"2022-07-13T07:40:00","date_gmt":"2022-07-13T05:40:00","guid":{"rendered":"https:\/\/bsv.dk\/a-propos-de-bsv\/vision-et-mission\/"},"modified":"2025-01-27T11:45:08","modified_gmt":"2025-01-27T10:45:08","slug":"vision-et-mission","status":"publish","type":"page","link":"https:\/\/bsv.dk\/fr\/a-propos-de-bsv\/vision-et-mission\/","title":{"rendered":"Vision et mission"},"content":{"rendered":"<div class=\"wpb-content-wrapper\"><p>[vc_row full_width=&#8221;stretch_row&#8221;][vc_column]<div class=\"ult-spacer spacer-69eff4e1a8472\" data-id=\"69eff4e1a8472\" data-height=\"90\" data-height-mobile=\"60\" data-height-tab=\"90\" data-height-tab-portrait=\"60\" data-height-mobile-landscape=\"60\" style=\"clear:both;display:block;\"><\/div>[vc_row_inner][vc_column_inner offset=&#8221;vc_col-lg-8 vc_col-md-8 vc_col-xs-12&#8243;][vc_column_text]<\/p>\n<h1>Vision et mission<\/h1>\n<h3>Vision pour BSV<\/h3>\n<p>L&#8217;objectif de BSV est d&#8217;\u00eatre un partenaire et fournisseur proactif et innovant, qui apporte de la valeur \u00e0 ses clients en :<\/p>\n<ul>\n<li>Offrant une qualit\u00e9 irr\u00e9prochable et un d\u00e9lai de livraison raisonnable.<\/li>\n<li>\u00c9tant flexible et \u00e0 l&#8217;aide de son savoir-faire r\u00e9pondre aux exigences actuelles et futures.<\/li>\n<li>\u00c9tablissant de bonnes relations avec ses fournisseurs, ses partenaires commerciaux et ses clients.<\/li>\n<li>Retenant et en attirant des employ\u00e9s comp\u00e9tents.\u200b<\/li>\n<\/ul>\n<h3>Mission pour BSV<\/h3>\n<ul>\n<li>BSV souhaite \u00eatre le fournisseur privil\u00e9gi\u00e9 d&#8217;accessoires de grue de haute qualit\u00e9.<\/li>\n<li>\u200bLe client doit \u00eatre le point de d\u00e9part, tandis que les employ\u00e9s sont la mati\u00e8re premi\u00e8re.<\/li>\n<li>S&#8217;appuyant sur les comp\u00e9tences des employ\u00e9s et en \u00e9troite collaboration avec des partenaires du monde entier, BSV proposera aux professionnels des solutions standard et personnalis\u00e9es d\u00b4\u00e9quipements de levage.<\/li>\n<\/ul>\n<p>Les valeurs de l&#8217;entreprise sont bas\u00e9es sur la qualit\u00e9 , l&#8217;efficacit\u00e9 et le service comp\u00e9tent du personnel.[\/vc_column_text]<div class=\"ult-spacer spacer-69eff4e1a84b6\" data-id=\"69eff4e1a84b6\" data-height=\"0\" data-height-mobile=\"30\" data-height-tab=\"0\" data-height-tab-portrait=\"30\" data-height-mobile-landscape=\"30\" style=\"clear:both;display:block;\"><\/div>[\/vc_column_inner][vc_column_inner offset=&#8221;vc_col-lg-4 vc_col-md-4 vc_col-xs-12&#8243;][vc_wp_custommenu nav_menu=&#8221;19&#8243; el_class=&#8221;contact-sidebar&#8221;][\/vc_column_inner][\/vc_row_inner]<div class=\"ult-spacer spacer-69eff4e1a84db\" data-id=\"69eff4e1a84db\" data-height=\"90\" data-height-mobile=\"60\" data-height-tab=\"90\" data-height-tab-portrait=\"60\" data-height-mobile-landscape=\"60\" style=\"clear:both;display:block;\"><\/div>[\/vc_column][\/vc_row][vc_row][vc_column][vc_column_text][\/vc_column_text][\/vc_column][\/vc_row]<\/p>\n<\/div>","protected":false},"excerpt":{"rendered":"<p>[vc_row full_width=&#8221;stretch_row&#8221;][vc_column][vc_row_inner][vc_column_inner offset=&#8221;vc_col-lg-8 vc_col-md-8 vc_col-xs-12&#8243;][vc_column_text] Vision et mission Vision pour BSV L&#8217;objectif de BSV est d&#8217;\u00eatre un partenaire et fournisseur proactif et innovant, qui apporte de la valeur \u00e0 ses clients en : Offrant une qualit\u00e9 irr\u00e9prochable et un d\u00e9lai de livraison raisonnable. \u00c9tant flexible et \u00e0 l&#8217;aide de son savoir-faire r\u00e9pondre aux exigences actuelles &#8230; <a title=\"Vision et mission\" class=\"read-more\" href=\"https:\/\/bsv.dk\/fr\/a-propos-de-bsv\/vision-et-mission\/\" aria-label=\"Read more about Vision et mission\">Lire plus<\/a><\/p>\n","protected":false},"author":1,"featured_media":0,"parent":6483,"menu_order":0,"comment_status":"closed","ping_status":"closed","template":"","meta":{"footnotes":""},"categories":[54],"class_list":{"0":"post-6486","1":"page","2":"type-page","3":"status-publish","5":"category-info-fr"},"yoast_head":"<!-- This site is optimized with the Yoast SEO plugin v27.4 - https:\/\/yoast.com\/product\/yoast-seo-wordpress\/ -->\n<title>Vision et mission &#183; BSV<\/title>\n<meta name=\"robots\" content=\"index, follow, max-snippet:-1, max-image-preview:large, max-video-preview:-1\" \/>\n<link rel=\"canonical\" href=\"https:\/\/bsv.dk\/fr\/a-propos-de-bsv\/vision-et-mission\/\" \/>\n<meta property=\"og:locale\" content=\"fr_FR\" \/>\n<meta property=\"og:type\" content=\"article\" \/>\n<meta property=\"og:title\" content=\"Vision et mission &#183; BSV\" \/>\n<meta property=\"og:description\" content=\"[vc_row full_width=&#8221;stretch_row&#8221;][vc_column][vc_row_inner][vc_column_inner offset=&#8221;vc_col-lg-8 vc_col-md-8 vc_col-xs-12&#8243;][vc_column_text] Vision et mission Vision pour BSV L&#8217;objectif de BSV est d&#8217;\u00eatre un partenaire et fournisseur proactif et innovant, qui apporte de la valeur \u00e0 ses clients en : Offrant une qualit\u00e9 irr\u00e9prochable et un d\u00e9lai de livraison raisonnable. \u00c9tant flexible et \u00e0 l&#8217;aide de son savoir-faire r\u00e9pondre aux exigences actuelles ... Lire plus\" \/>\n<meta property=\"og:url\" content=\"https:\/\/bsv.dk\/fr\/a-propos-de-bsv\/vision-et-mission\/\" \/>\n<meta property=\"og:site_name\" content=\"BSV\" \/>\n<meta property=\"article:modified_time\" content=\"2025-01-27T10:45:08+00:00\" \/>\n<meta name=\"twitter:card\" content=\"summary_large_image\" \/>\n<meta name=\"twitter:label1\" content=\"Est. reading time\" \/>\n\t<meta name=\"twitter:data1\" content=\"1 minute\" \/>\n<script type=\"application\/ld+json\" class=\"yoast-schema-graph\">{\"@context\":\"https:\\\/\\\/schema.org\",\"@graph\":[{\"@type\":\"WebPage\",\"@id\":\"https:\\\/\\\/bsv.dk\\\/fr\\\/a-propos-de-bsv\\\/vision-et-mission\\\/\",\"url\":\"https:\\\/\\\/bsv.dk\\\/fr\\\/a-propos-de-bsv\\\/vision-et-mission\\\/\",\"name\":\"Vision et mission &#183; BSV\",\"isPartOf\":{\"@id\":\"https:\\\/\\\/bsv.dk\\\/#website\"},\"datePublished\":\"2022-07-13T05:40:00+00:00\",\"dateModified\":\"2025-01-27T10:45:08+00:00\",\"breadcrumb\":{\"@id\":\"https:\\\/\\\/bsv.dk\\\/fr\\\/a-propos-de-bsv\\\/vision-et-mission\\\/#breadcrumb\"},\"inLanguage\":\"fr-FR\",\"potentialAction\":[{\"@type\":\"ReadAction\",\"target\":[\"https:\\\/\\\/bsv.dk\\\/fr\\\/a-propos-de-bsv\\\/vision-et-mission\\\/\"]}]},{\"@type\":\"BreadcrumbList\",\"@id\":\"https:\\\/\\\/bsv.dk\\\/fr\\\/a-propos-de-bsv\\\/vision-et-mission\\\/#breadcrumb\",\"itemListElement\":[{\"@type\":\"ListItem\",\"position\":1,\"name\":\"Hjem\",\"item\":\"https:\\\/\\\/bsv.dk\\\/fr\\\/\"},{\"@type\":\"ListItem\",\"position\":2,\"name\":\"\u00c0 propos de BSV\",\"item\":\"https:\\\/\\\/bsv.dk\\\/fr\\\/a-propos-de-bsv\\\/\"},{\"@type\":\"ListItem\",\"position\":3,\"name\":\"Vision et mission\"}]},{\"@type\":\"WebSite\",\"@id\":\"https:\\\/\\\/bsv.dk\\\/#website\",\"url\":\"https:\\\/\\\/bsv.dk\\\/\",\"name\":\"BSV\",\"description\":\"L\u00f8fteudstyr og krantilbeh\u00f8r: K\u00f8b dit l\u00f8ftegrej og kran-udstyr\",\"publisher\":{\"@id\":\"https:\\\/\\\/bsv.dk\\\/#organization\"},\"potentialAction\":[{\"@type\":\"SearchAction\",\"target\":{\"@type\":\"EntryPoint\",\"urlTemplate\":\"https:\\\/\\\/bsv.dk\\\/?s={search_term_string}\"},\"query-input\":{\"@type\":\"PropertyValueSpecification\",\"valueRequired\":true,\"valueName\":\"search_term_string\"}}],\"inLanguage\":\"fr-FR\"},{\"@type\":\"Organization\",\"@id\":\"https:\\\/\\\/bsv.dk\\\/#organization\",\"name\":\"BSV\",\"url\":\"https:\\\/\\\/bsv.dk\\\/\",\"logo\":{\"@type\":\"ImageObject\",\"inLanguage\":\"fr-FR\",\"@id\":\"https:\\\/\\\/bsv.dk\\\/#\\\/schema\\\/logo\\\/image\\\/\",\"url\":\"https:\\\/\\\/bsv.dk\\\/wp-content\\\/uploads\\\/2022\\\/07\\\/bsv-logo.png\",\"contentUrl\":\"https:\\\/\\\/bsv.dk\\\/wp-content\\\/uploads\\\/2022\\\/07\\\/bsv-logo.png\",\"width\":594,\"height\":249,\"caption\":\"BSV\"},\"image\":{\"@id\":\"https:\\\/\\\/bsv.dk\\\/#\\\/schema\\\/logo\\\/image\\\/\"}}]}<\/script>\n<!-- \/ Yoast SEO plugin. -->","yoast_head_json":{"title":"Vision et mission &#183; BSV","robots":{"index":"index","follow":"follow","max-snippet":"max-snippet:-1","max-image-preview":"max-image-preview:large","max-video-preview":"max-video-preview:-1"},"canonical":"https:\/\/bsv.dk\/fr\/a-propos-de-bsv\/vision-et-mission\/","og_locale":"fr_FR","og_type":"article","og_title":"Vision et mission &#183; BSV","og_description":"[vc_row full_width=&#8221;stretch_row&#8221;][vc_column][vc_row_inner][vc_column_inner offset=&#8221;vc_col-lg-8 vc_col-md-8 vc_col-xs-12&#8243;][vc_column_text] Vision et mission Vision pour BSV L&#8217;objectif de BSV est d&#8217;\u00eatre un partenaire et fournisseur proactif et innovant, qui apporte de la valeur \u00e0 ses clients en : Offrant une qualit\u00e9 irr\u00e9prochable et un d\u00e9lai de livraison raisonnable. \u00c9tant flexible et \u00e0 l&#8217;aide de son savoir-faire r\u00e9pondre aux exigences actuelles ... Lire plus","og_url":"https:\/\/bsv.dk\/fr\/a-propos-de-bsv\/vision-et-mission\/","og_site_name":"BSV","article_modified_time":"2025-01-27T10:45:08+00:00","twitter_card":"summary_large_image","twitter_misc":{"Est. reading time":"1 minute"},"schema":{"@context":"https:\/\/schema.org","@graph":[{"@type":"WebPage","@id":"https:\/\/bsv.dk\/fr\/a-propos-de-bsv\/vision-et-mission\/","url":"https:\/\/bsv.dk\/fr\/a-propos-de-bsv\/vision-et-mission\/","name":"Vision et mission &#183; BSV","isPartOf":{"@id":"https:\/\/bsv.dk\/#website"},"datePublished":"2022-07-13T05:40:00+00:00","dateModified":"2025-01-27T10:45:08+00:00","breadcrumb":{"@id":"https:\/\/bsv.dk\/fr\/a-propos-de-bsv\/vision-et-mission\/#breadcrumb"},"inLanguage":"fr-FR","potentialAction":[{"@type":"ReadAction","target":["https:\/\/bsv.dk\/fr\/a-propos-de-bsv\/vision-et-mission\/"]}]},{"@type":"BreadcrumbList","@id":"https:\/\/bsv.dk\/fr\/a-propos-de-bsv\/vision-et-mission\/#breadcrumb","itemListElement":[{"@type":"ListItem","position":1,"name":"Hjem","item":"https:\/\/bsv.dk\/fr\/"},{"@type":"ListItem","position":2,"name":"\u00c0 propos de BSV","item":"https:\/\/bsv.dk\/fr\/a-propos-de-bsv\/"},{"@type":"ListItem","position":3,"name":"Vision et mission"}]},{"@type":"WebSite","@id":"https:\/\/bsv.dk\/#website","url":"https:\/\/bsv.dk\/","name":"BSV","description":"L\u00f8fteudstyr og krantilbeh\u00f8r: K\u00f8b dit l\u00f8ftegrej og kran-udstyr","publisher":{"@id":"https:\/\/bsv.dk\/#organization"},"potentialAction":[{"@type":"SearchAction","target":{"@type":"EntryPoint","urlTemplate":"https:\/\/bsv.dk\/?s={search_term_string}"},"query-input":{"@type":"PropertyValueSpecification","valueRequired":true,"valueName":"search_term_string"}}],"inLanguage":"fr-FR"},{"@type":"Organization","@id":"https:\/\/bsv.dk\/#organization","name":"BSV","url":"https:\/\/bsv.dk\/","logo":{"@type":"ImageObject","inLanguage":"fr-FR","@id":"https:\/\/bsv.dk\/#\/schema\/logo\/image\/","url":"https:\/\/bsv.dk\/wp-content\/uploads\/2022\/07\/bsv-logo.png","contentUrl":"https:\/\/bsv.dk\/wp-content\/uploads\/2022\/07\/bsv-logo.png","width":594,"height":249,"caption":"BSV"},"image":{"@id":"https:\/\/bsv.dk\/#\/schema\/logo\/image\/"}}]}},"_links":{"self":[{"href":"https:\/\/bsv.dk\/fr\/wp-json\/wp\/v2\/pages\/6486","targetHints":{"allow":["GET"]}}],"collection":[{"href":"https:\/\/bsv.dk\/fr\/wp-json\/wp\/v2\/pages"}],"about":[{"href":"https:\/\/bsv.dk\/fr\/wp-json\/wp\/v2\/types\/page"}],"author":[{"embeddable":true,"href":"https:\/\/bsv.dk\/fr\/wp-json\/wp\/v2\/users\/1"}],"replies":[{"embeddable":true,"href":"https:\/\/bsv.dk\/fr\/wp-json\/wp\/v2\/comments?post=6486"}],"version-history":[{"count":3,"href":"https:\/\/bsv.dk\/fr\/wp-json\/wp\/v2\/pages\/6486\/revisions"}],"predecessor-version":[{"id":900853,"href":"https:\/\/bsv.dk\/fr\/wp-json\/wp\/v2\/pages\/6486\/revisions\/900853"}],"up":[{"embeddable":true,"href":"https:\/\/bsv.dk\/fr\/wp-json\/wp\/v2\/pages\/6483"}],"wp:attachment":[{"href":"https:\/\/bsv.dk\/fr\/wp-json\/wp\/v2\/media?parent=6486"}],"wp:term":[{"taxonomy":"category","embeddable":true,"href":"https:\/\/bsv.dk\/fr\/wp-json\/wp\/v2\/categories?post=6486"}],"curies":[{"name":"wp","href":"https:\/\/api.w.org\/{rel}","templated":true}]}}