{"id":6483,"date":"2022-07-13T07:39:49","date_gmt":"2022-07-13T05:39:49","guid":{"rendered":"https:\/\/bsv.dk\/a-propos-de-bsv\/"},"modified":"2025-11-06T08:31:31","modified_gmt":"2025-11-06T07:31:31","slug":"a-propos-de-bsv","status":"publish","type":"page","link":"https:\/\/bsv.dk\/fr\/a-propos-de-bsv\/","title":{"rendered":"\u00c0 propos de BSV"},"content":{"rendered":"<div class=\"wpb-content-wrapper\"><p>[vc_row full_width=&#8221;stretch_row&#8221;][vc_column]<div class=\"ult-spacer spacer-69f002d365b33\" data-id=\"69f002d365b33\" data-height=\"90\" data-height-mobile=\"60\" data-height-tab=\"90\" data-height-tab-portrait=\"60\" data-height-mobile-landscape=\"60\" style=\"clear:both;display:block;\"><\/div>[vc_row_inner][vc_column_inner offset=&#8221;vc_col-lg-8 vc_col-md-8 vc_col-xs-12&#8243;][vc_column_text]<\/p>\n<h1>\u00c0 propos de BSV<\/h1>\n<p>BSV Krantilbeh\u00f8r A\/S est une soci\u00e9t\u00e9 danoise, sp\u00e9cialis\u00e9e dans la production d\u2019\u00e9quipements de qualit\u00e9 de levage pour grues. Nos grappins hydrauliques, l\u00e8ve-palettes et pinces m\u00e9caniques BSV sont\u00a0 robustes, solides et durables.<\/p>\n<p>Chez BSV, nous vous proposons du 100% \u201cMade in Denmark\u201d. Nos produits sont fabriqu\u00e9s dans notre atelier au Danemark.<\/p>\n<p>Aujourd\u2019hui, BSV appartient \u00e0 Flemming Jensen, Directeur, et Allan Richardy, Responsable Technique, qui ont rachet\u00e9 l\u2019entreprise en 2007, et ont depuis lors, d\u00e9velopp\u00e9 l\u2019entreprise dans <span style=\"text-decoration: line-through;\">le <\/span>une direction positive.<\/p>\n<p>La plupart de nos employ\u00e9s travaillent dans l\u2019entreprise depuis de nombreuses ann\u00e9es. La r\u00e9tention du personnel qualifi\u00e9 nous permet de pr\u00e9server des comp\u00e9tences sp\u00e9cifiques, le savoir-faire et de d\u00e9velopper de l\u2019expertise. Vous le remarquerez dans la qualit\u00e9 et la durabilit\u00e9 de nos produits.<\/p>\n<p>Chez BSV, l\u2019\u00e9tablissement des plans et la production de nos produits se font en interne. Nous r\u00e9alisons nous-m\u00eames la d\u00e9coupe des t\u00f4les d\u2019acier, nous fraisons, per\u00e7ons, tournons, soudons, nettoyons et assemblons. Nous poss\u00e9dons \u00e9galement notre propre cabine de peinture. Toute la chaine de production se fait au sein de la soci\u00e9t\u00e9.<\/p>\n<p>BSV est membre de Strenx\u00ae Danemark. Ceci confirme de la qualit\u00e9 de nos produits.<\/p>\n<p>Strenx\u00ae est un acier \u00e0 haute r\u00e9sistance d\u00e9velopp\u00e9 et produit par le Sweedish Steel AB \/ Acier Suedois AB (SSAB).<\/p>\n<p>L\u2019utilisation de cet acier \u00e0 haute r\u00e9sistance rend les produits plus r\u00e9sistants, plus l\u00e9gers et plus comp\u00e9titifs. Dans le m\u00eame temps, ce mat\u00e9riau en acier est continuellement d\u00e9velopp\u00e9 afin de le rendre plus durable.<\/p>\n<p><strong>BSV est certifi\u00e9e ISO 9001 et 14001.<\/strong><\/p>\n<p><strong>Politique environnementale :<\/strong><\/p>\n<p>Chez BSV, nous assumons notre responsabilit\u00e9 environnementale et int\u00e9grons le d\u00e9veloppement durable \u00e0 tous les niveaux de notre entreprise. Nous nous attachons \u00e0 r\u00e9duire notre empreinte carbone, \u00e0 optimiser notre consommation de ressources et \u00e0 accro\u00eetre le recyclage des mat\u00e9riaux.<\/p>\n<p>Nous d\u00e9veloppons des produits durables \u00e0 faible impact environnemental et collaborons avec des fournisseurs qui partagent nos valeurs environnementales. Parall\u00e8lement, nous formons nos collaborateurs aux m\u00e9thodes de travail durables et \u0153uvrons sans cesse \u00e0 l&#8217;am\u00e9lioration de nos pratiques environnementales.<\/p>\n<p>Notre objectif est clair\u00a0: b\u00e2tir une entreprise responsable et p\u00e9renne, cr\u00e9atrice de valeur pour nos clients et pour l&#8217;environnement.[\/vc_column_text]<div class=\"ult-spacer spacer-69f002d365b87\" data-id=\"69f002d365b87\" data-height=\"0\" data-height-mobile=\"30\" data-height-tab=\"0\" data-height-tab-portrait=\"30\" data-height-mobile-landscape=\"30\" style=\"clear:both;display:block;\"><\/div>[\/vc_column_inner][vc_column_inner offset=&#8221;vc_col-lg-4 vc_col-md-4 vc_col-xs-12&#8243;][vc_wp_custommenu nav_menu=&#8221;19&#8243; el_class=&#8221;contact-sidebar&#8221;][\/vc_column_inner][\/vc_row_inner]<div class=\"ult-spacer spacer-69f002d365bb4\" data-id=\"69f002d365bb4\" data-height=\"90\" data-height-mobile=\"60\" data-height-tab=\"90\" data-height-tab-portrait=\"60\" data-height-mobile-landscape=\"60\" style=\"clear:both;display:block;\"><\/div>[\/vc_column][\/vc_row][vc_row][vc_column][vc_column_text][\/vc_column_text][\/vc_column][\/vc_row]<\/p>\n<\/div>","protected":false},"excerpt":{"rendered":"<p>[vc_row full_width=&#8221;stretch_row&#8221;][vc_column][vc_row_inner][vc_column_inner offset=&#8221;vc_col-lg-8 vc_col-md-8 vc_col-xs-12&#8243;][vc_column_text] \u00c0 propos de BSV BSV Krantilbeh\u00f8r A\/S est une soci\u00e9t\u00e9 danoise, sp\u00e9cialis\u00e9e dans la production d\u2019\u00e9quipements de qualit\u00e9 de levage pour grues. Nos grappins hydrauliques, l\u00e8ve-palettes et pinces m\u00e9caniques BSV sont\u00a0 robustes, solides et durables. Chez BSV, nous vous proposons du 100% \u201cMade in Denmark\u201d. Nos produits sont fabriqu\u00e9s dans &#8230; <a title=\"\u00c0 propos de BSV\" class=\"read-more\" href=\"https:\/\/bsv.dk\/fr\/a-propos-de-bsv\/\" aria-label=\"Read more about \u00c0 propos de BSV\">Lire plus<\/a><\/p>\n","protected":false},"author":1,"featured_media":0,"parent":0,"menu_order":0,"comment_status":"closed","ping_status":"closed","template":"","meta":{"footnotes":""},"categories":[],"class_list":["post-6483","page","type-page","status-publish"],"yoast_head":"<!-- This site is optimized with the Yoast SEO plugin v27.4 - https:\/\/yoast.com\/product\/yoast-seo-wordpress\/ -->\n<title>\u00c0 propos de BSV &#183; BSV<\/title>\n<meta name=\"robots\" content=\"index, follow, max-snippet:-1, max-image-preview:large, max-video-preview:-1\" \/>\n<link rel=\"canonical\" href=\"https:\/\/bsv.dk\/fr\/a-propos-de-bsv\/\" \/>\n<meta property=\"og:locale\" content=\"fr_FR\" \/>\n<meta property=\"og:type\" content=\"article\" \/>\n<meta property=\"og:title\" content=\"\u00c0 propos de BSV &#183; BSV\" \/>\n<meta property=\"og:description\" content=\"[vc_row full_width=&#8221;stretch_row&#8221;][vc_column][vc_row_inner][vc_column_inner offset=&#8221;vc_col-lg-8 vc_col-md-8 vc_col-xs-12&#8243;][vc_column_text] \u00c0 propos de BSV BSV Krantilbeh\u00f8r A\/S est une soci\u00e9t\u00e9 danoise, sp\u00e9cialis\u00e9e dans la production d\u2019\u00e9quipements de qualit\u00e9 de levage pour grues. Nos grappins hydrauliques, l\u00e8ve-palettes et pinces m\u00e9caniques BSV sont\u00a0 robustes, solides et durables. Chez BSV, nous vous proposons du 100% \u201cMade in Denmark\u201d. Nos produits sont fabriqu\u00e9s dans ... Lire plus\" \/>\n<meta property=\"og:url\" content=\"https:\/\/bsv.dk\/fr\/a-propos-de-bsv\/\" \/>\n<meta property=\"og:site_name\" content=\"BSV\" \/>\n<meta property=\"article:modified_time\" content=\"2025-11-06T07:31:31+00:00\" \/>\n<meta name=\"twitter:card\" content=\"summary_large_image\" \/>\n<meta name=\"twitter:label1\" content=\"Est. reading time\" \/>\n\t<meta name=\"twitter:data1\" content=\"3 minutes\" \/>\n<script type=\"application\/ld+json\" class=\"yoast-schema-graph\">{\"@context\":\"https:\\\/\\\/schema.org\",\"@graph\":[{\"@type\":\"WebPage\",\"@id\":\"https:\\\/\\\/bsv.dk\\\/fr\\\/a-propos-de-bsv\\\/\",\"url\":\"https:\\\/\\\/bsv.dk\\\/fr\\\/a-propos-de-bsv\\\/\",\"name\":\"\u00c0 propos de BSV &#183; BSV\",\"isPartOf\":{\"@id\":\"https:\\\/\\\/bsv.dk\\\/#website\"},\"datePublished\":\"2022-07-13T05:39:49+00:00\",\"dateModified\":\"2025-11-06T07:31:31+00:00\",\"breadcrumb\":{\"@id\":\"https:\\\/\\\/bsv.dk\\\/fr\\\/a-propos-de-bsv\\\/#breadcrumb\"},\"inLanguage\":\"fr-FR\",\"potentialAction\":[{\"@type\":\"ReadAction\",\"target\":[\"https:\\\/\\\/bsv.dk\\\/fr\\\/a-propos-de-bsv\\\/\"]}]},{\"@type\":\"BreadcrumbList\",\"@id\":\"https:\\\/\\\/bsv.dk\\\/fr\\\/a-propos-de-bsv\\\/#breadcrumb\",\"itemListElement\":[{\"@type\":\"ListItem\",\"position\":1,\"name\":\"Hjem\",\"item\":\"https:\\\/\\\/bsv.dk\\\/fr\\\/\"},{\"@type\":\"ListItem\",\"position\":2,\"name\":\"\u00c0 propos de BSV\"}]},{\"@type\":\"WebSite\",\"@id\":\"https:\\\/\\\/bsv.dk\\\/#website\",\"url\":\"https:\\\/\\\/bsv.dk\\\/\",\"name\":\"BSV\",\"description\":\"L\u00f8fteudstyr og krantilbeh\u00f8r: K\u00f8b dit l\u00f8ftegrej og kran-udstyr\",\"publisher\":{\"@id\":\"https:\\\/\\\/bsv.dk\\\/#organization\"},\"potentialAction\":[{\"@type\":\"SearchAction\",\"target\":{\"@type\":\"EntryPoint\",\"urlTemplate\":\"https:\\\/\\\/bsv.dk\\\/?s={search_term_string}\"},\"query-input\":{\"@type\":\"PropertyValueSpecification\",\"valueRequired\":true,\"valueName\":\"search_term_string\"}}],\"inLanguage\":\"fr-FR\"},{\"@type\":\"Organization\",\"@id\":\"https:\\\/\\\/bsv.dk\\\/#organization\",\"name\":\"BSV\",\"url\":\"https:\\\/\\\/bsv.dk\\\/\",\"logo\":{\"@type\":\"ImageObject\",\"inLanguage\":\"fr-FR\",\"@id\":\"https:\\\/\\\/bsv.dk\\\/#\\\/schema\\\/logo\\\/image\\\/\",\"url\":\"https:\\\/\\\/bsv.dk\\\/wp-content\\\/uploads\\\/2022\\\/07\\\/bsv-logo.png\",\"contentUrl\":\"https:\\\/\\\/bsv.dk\\\/wp-content\\\/uploads\\\/2022\\\/07\\\/bsv-logo.png\",\"width\":594,\"height\":249,\"caption\":\"BSV\"},\"image\":{\"@id\":\"https:\\\/\\\/bsv.dk\\\/#\\\/schema\\\/logo\\\/image\\\/\"}}]}<\/script>\n<!-- \/ Yoast SEO plugin. -->","yoast_head_json":{"title":"\u00c0 propos de BSV &#183; BSV","robots":{"index":"index","follow":"follow","max-snippet":"max-snippet:-1","max-image-preview":"max-image-preview:large","max-video-preview":"max-video-preview:-1"},"canonical":"https:\/\/bsv.dk\/fr\/a-propos-de-bsv\/","og_locale":"fr_FR","og_type":"article","og_title":"\u00c0 propos de BSV &#183; BSV","og_description":"[vc_row full_width=&#8221;stretch_row&#8221;][vc_column][vc_row_inner][vc_column_inner offset=&#8221;vc_col-lg-8 vc_col-md-8 vc_col-xs-12&#8243;][vc_column_text] \u00c0 propos de BSV BSV Krantilbeh\u00f8r A\/S est une soci\u00e9t\u00e9 danoise, sp\u00e9cialis\u00e9e dans la production d\u2019\u00e9quipements de qualit\u00e9 de levage pour grues. Nos grappins hydrauliques, l\u00e8ve-palettes et pinces m\u00e9caniques BSV sont\u00a0 robustes, solides et durables. Chez BSV, nous vous proposons du 100% \u201cMade in Denmark\u201d. Nos produits sont fabriqu\u00e9s dans ... Lire plus","og_url":"https:\/\/bsv.dk\/fr\/a-propos-de-bsv\/","og_site_name":"BSV","article_modified_time":"2025-11-06T07:31:31+00:00","twitter_card":"summary_large_image","twitter_misc":{"Est. reading time":"3 minutes"},"schema":{"@context":"https:\/\/schema.org","@graph":[{"@type":"WebPage","@id":"https:\/\/bsv.dk\/fr\/a-propos-de-bsv\/","url":"https:\/\/bsv.dk\/fr\/a-propos-de-bsv\/","name":"\u00c0 propos de BSV &#183; BSV","isPartOf":{"@id":"https:\/\/bsv.dk\/#website"},"datePublished":"2022-07-13T05:39:49+00:00","dateModified":"2025-11-06T07:31:31+00:00","breadcrumb":{"@id":"https:\/\/bsv.dk\/fr\/a-propos-de-bsv\/#breadcrumb"},"inLanguage":"fr-FR","potentialAction":[{"@type":"ReadAction","target":["https:\/\/bsv.dk\/fr\/a-propos-de-bsv\/"]}]},{"@type":"BreadcrumbList","@id":"https:\/\/bsv.dk\/fr\/a-propos-de-bsv\/#breadcrumb","itemListElement":[{"@type":"ListItem","position":1,"name":"Hjem","item":"https:\/\/bsv.dk\/fr\/"},{"@type":"ListItem","position":2,"name":"\u00c0 propos de BSV"}]},{"@type":"WebSite","@id":"https:\/\/bsv.dk\/#website","url":"https:\/\/bsv.dk\/","name":"BSV","description":"L\u00f8fteudstyr og krantilbeh\u00f8r: K\u00f8b dit l\u00f8ftegrej og kran-udstyr","publisher":{"@id":"https:\/\/bsv.dk\/#organization"},"potentialAction":[{"@type":"SearchAction","target":{"@type":"EntryPoint","urlTemplate":"https:\/\/bsv.dk\/?s={search_term_string}"},"query-input":{"@type":"PropertyValueSpecification","valueRequired":true,"valueName":"search_term_string"}}],"inLanguage":"fr-FR"},{"@type":"Organization","@id":"https:\/\/bsv.dk\/#organization","name":"BSV","url":"https:\/\/bsv.dk\/","logo":{"@type":"ImageObject","inLanguage":"fr-FR","@id":"https:\/\/bsv.dk\/#\/schema\/logo\/image\/","url":"https:\/\/bsv.dk\/wp-content\/uploads\/2022\/07\/bsv-logo.png","contentUrl":"https:\/\/bsv.dk\/wp-content\/uploads\/2022\/07\/bsv-logo.png","width":594,"height":249,"caption":"BSV"},"image":{"@id":"https:\/\/bsv.dk\/#\/schema\/logo\/image\/"}}]}},"_links":{"self":[{"href":"https:\/\/bsv.dk\/fr\/wp-json\/wp\/v2\/pages\/6483","targetHints":{"allow":["GET"]}}],"collection":[{"href":"https:\/\/bsv.dk\/fr\/wp-json\/wp\/v2\/pages"}],"about":[{"href":"https:\/\/bsv.dk\/fr\/wp-json\/wp\/v2\/types\/page"}],"author":[{"embeddable":true,"href":"https:\/\/bsv.dk\/fr\/wp-json\/wp\/v2\/users\/1"}],"replies":[{"embeddable":true,"href":"https:\/\/bsv.dk\/fr\/wp-json\/wp\/v2\/comments?post=6483"}],"version-history":[{"count":7,"href":"https:\/\/bsv.dk\/fr\/wp-json\/wp\/v2\/pages\/6483\/revisions"}],"predecessor-version":[{"id":901368,"href":"https:\/\/bsv.dk\/fr\/wp-json\/wp\/v2\/pages\/6483\/revisions\/901368"}],"wp:attachment":[{"href":"https:\/\/bsv.dk\/fr\/wp-json\/wp\/v2\/media?parent=6483"}],"wp:term":[{"taxonomy":"category","embeddable":true,"href":"https:\/\/bsv.dk\/fr\/wp-json\/wp\/v2\/categories?post=6483"}],"curies":[{"name":"wp","href":"https:\/\/api.w.org\/{rel}","templated":true}]}}