{"id":6453,"date":"2022-07-13T07:29:31","date_gmt":"2022-07-13T05:29:31","guid":{"rendered":"https:\/\/bsv.dk\/grappins\/grappin-ks\/"},"modified":"2026-02-16T09:59:39","modified_gmt":"2026-02-16T08:59:39","slug":"grappin-ks","status":"publish","type":"page","link":"https:\/\/bsv.dk\/fr\/grappins\/grappin-ks\/","title":{"rendered":"Grappin KS II"},"content":{"rendered":"<div class=\"wpb-content-wrapper\"><p>[vc_row full_width=&#8221;stretch_row&#8221; el_class=&#8221;produkter&#8221;][vc_column]<div class=\"ult-spacer spacer-69f21bf2dbc9b\" data-id=\"69f21bf2dbc9b\" data-height=\"90\" data-height-mobile=\"60\" data-height-tab=\"90\" data-height-tab-portrait=\"60\" data-height-mobile-landscape=\"60\" style=\"clear:both;display:block;\"><\/div>[vc_row_inner equal_height=&#8221;yes&#8221;][vc_column_inner offset=&#8221;vc_col-lg-6 vc_col-md-6 vc_col-xs-12&#8243;][vc_media_grid style=&#8221;pagination&#8221; items_per_page=&#8221;1&#8243; element_width=&#8221;12&#8243; gap=&#8221;20&#8243; arrows_design=&#8221;vc_arrow-icon-arrow_01_left&#8221; arrows_position=&#8221;outside&#8221; arrows_color=&#8221;black&#8221; paging_design=&#8221;none&#8221; loop=&#8221;yes&#8221; item=&#8221;2845&#8243; css=&#8221;&#8221; grid_id=&#8221;vc_gid:1771232320284-8a8d575b-d295-0&#8243; include=&#8221;7473,7477&#8243;]<div class=\"ult-spacer spacer-69f21bf2dbce8\" data-id=\"69f21bf2dbce8\" data-height=\"0\" data-height-mobile=\"30\" data-height-tab=\"0\" data-height-tab-portrait=\"30\" data-height-mobile-landscape=\"30\" style=\"clear:both;display:block;\"><\/div>[\/vc_column_inner][vc_column_inner offset=&#8221;vc_col-lg-6 vc_col-md-6 vc_col-xs-12&#8243;][vc_column_text]<\/p>\n<h1>Grappin BSV type KS II<\/h1>\n<h2><\/h2>\n<p>[\/vc_column_text][vc_empty_space height=&#8221;30px&#8221;][vc_btn title=&#8221;Download PDF&#8221; style=&#8221;custom&#8221; custom_background=&#8221;#F7B639&#8243; custom_text=&#8221;#FFFFFF&#8221; shape=&#8221;square&#8221; size=&#8221;sm&#8221; align=&#8221;left&#8221; css=&#8221;&#8221; link=&#8221;url:https%3A%2F%2Fbsv.dk%2Fwp-content%2Fuploads%2F2026%2F02%2Fdatablad-grab-type-ksii-gb.pdf&#8221;][vc_empty_space height=&#8221;30px&#8221;][vc_column_text]Le grappin BSV type KS II est la derni\u00e8re g\u00e9n\u00e9ration de bennes preneuses BSV. Le grappin est con\u00e7u principalement pour les travaux de construction, o\u00f9 un maximum de puissance d\u2019excavation, de force and de stabilit\u00e9 sont souvent n\u00e9cessaires.<\/p>\n<p>\u200b Les grappins KS sont \u00e9quip\u00e9s d\u2019un clapet anti-retour int\u00e9gr\u00e9 \u00e0 l\u2019int\u00e9rieur du v\u00e9rin, ce qui signifie que la charge est retenue m\u00eame en cas de rupture d\u2019un tuyau de la grue.<\/p>\n<p>Le grappin est disponible en diff\u00e9rentes tailles de 350 \u00e0 1 000 litres et pour les godets \u00e0 c\u00e9r\u00e9ales jusqu&#8217;\u00e0 2 000 litres. Le grappin est disponible en tant que benne preneuse ferm\u00e9e ou dans une version ouverte avec des parois lat\u00e9rales amovibles, qui peuvent \u00eatre mont\u00e9es sans utiliser d\u2019outils manuels.<\/p>\n<p>Ce grappin est con\u00e7u avec une faible hauteur d&#8217;installation et une grande ouverture.<\/p>\n<p>Le grappin KS II peut \u00eatre utilis\u00e9 pour manipuler par exemple du sable, terre, gravier, asphalte, etc. Nos clients appr\u00e9cient la polyvalence, l&#8217;efficacit\u00e9 et la longue durabilit\u00e9 de ce grappin.<\/p>\n<p>Tous les grappins KS II sont livr\u00e9s en standard avec un point d&#8217;ancrage int\u00e9gr\u00e9 (max 1000 Kg) pour cha\u00eene de levage.<\/p>\n<p>Nous pouvons \u00e9galement proposer des crochets \u00e0 souder suppl\u00e9mentaires, qui peuvent soulever jusqu&#8217;\u00e0 3 500 kg.[\/vc_column_text][\/vc_column_inner][\/vc_row_inner]<div class=\"ult-spacer spacer-69f21bf2dbd0b\" data-id=\"69f21bf2dbd0b\" data-height=\"90\" data-height-mobile=\"60\" data-height-tab=\"90\" data-height-tab-portrait=\"60\" data-height-mobile-landscape=\"60\" style=\"clear:both;display:block;\"><\/div>[\/vc_column][\/vc_row]<\/p>\n<\/div>","protected":false},"excerpt":{"rendered":"<p>[vc_row full_width=&#8221;stretch_row&#8221; el_class=&#8221;produkter&#8221;][vc_column][vc_row_inner equal_height=&#8221;yes&#8221;][vc_column_inner offset=&#8221;vc_col-lg-6 vc_col-md-6 vc_col-xs-12&#8243;][vc_media_grid style=&#8221;pagination&#8221; items_per_page=&#8221;1&#8243; element_width=&#8221;12&#8243; gap=&#8221;20&#8243; arrows_design=&#8221;vc_arrow-icon-arrow_01_left&#8221; arrows_position=&#8221;outside&#8221; arrows_color=&#8221;black&#8221; paging_design=&#8221;none&#8221; loop=&#8221;yes&#8221; item=&#8221;2845&#8243; css=&#8221;&#8221; grid_id=&#8221;vc_gid:1771232320284-8a8d575b-d295-0&#8243; include=&#8221;7473,7477&#8243;][\/vc_column_inner][vc_column_inner offset=&#8221;vc_col-lg-6 vc_col-md-6 vc_col-xs-12&#8243;][vc_column_text] Grappin BSV type KS II [\/vc_column_text][vc_empty_space height=&#8221;30px&#8221;][vc_btn title=&#8221;Download PDF&#8221; style=&#8221;custom&#8221; custom_background=&#8221;#F7B639&#8243; custom_text=&#8221;#FFFFFF&#8221; shape=&#8221;square&#8221; size=&#8221;sm&#8221; align=&#8221;left&#8221; css=&#8221;&#8221; link=&#8221;url:https%3A%2F%2Fbsv.dk%2Fwp-content%2Fuploads%2F2026%2F02%2Fdatablad-grab-type-ksii-gb.pdf&#8221;][vc_empty_space height=&#8221;30px&#8221;][vc_column_text]Le grappin BSV type KS II est la derni\u00e8re g\u00e9n\u00e9ration de bennes preneuses BSV. Le &#8230; <a title=\"Grappin KS II\" class=\"read-more\" href=\"https:\/\/bsv.dk\/fr\/grappins\/grappin-ks\/\" aria-label=\"Read more about Grappin KS II\">Lire plus<\/a><\/p>\n","protected":false},"author":1,"featured_media":0,"parent":6449,"menu_order":0,"comment_status":"closed","ping_status":"closed","template":"","meta":{"footnotes":""},"categories":[53],"class_list":{"0":"post-6453","1":"page","2":"type-page","3":"status-publish","5":"category-hydraulique"},"yoast_head":"<!-- This site is optimized with the Yoast SEO plugin v27.5 - https:\/\/yoast.com\/product\/yoast-seo-wordpress\/ -->\n<title>Grappin KS II &#183; BSV<\/title>\n<meta name=\"robots\" content=\"index, follow, max-snippet:-1, max-image-preview:large, max-video-preview:-1\" \/>\n<link rel=\"canonical\" href=\"https:\/\/bsv.dk\/fr\/grappins\/grappin-ks\/\" \/>\n<meta property=\"og:locale\" content=\"fr_FR\" \/>\n<meta property=\"og:type\" content=\"article\" \/>\n<meta property=\"og:title\" content=\"Grappin KS II &#183; BSV\" \/>\n<meta property=\"og:description\" content=\"[vc_row full_width=&#8221;stretch_row&#8221; el_class=&#8221;produkter&#8221;][vc_column][vc_row_inner equal_height=&#8221;yes&#8221;][vc_column_inner offset=&#8221;vc_col-lg-6 vc_col-md-6 vc_col-xs-12&#8243;][vc_media_grid style=&#8221;pagination&#8221; items_per_page=&#8221;1&#8243; element_width=&#8221;12&#8243; gap=&#8221;20&#8243; arrows_design=&#8221;vc_arrow-icon-arrow_01_left&#8221; arrows_position=&#8221;outside&#8221; arrows_color=&#8221;black&#8221; paging_design=&#8221;none&#8221; loop=&#8221;yes&#8221; item=&#8221;2845&#8243; css=&#8221;&#8221; grid_id=&#8221;vc_gid:1771232320284-8a8d575b-d295-0&#8243; include=&#8221;7473,7477&#8243;][\/vc_column_inner][vc_column_inner offset=&#8221;vc_col-lg-6 vc_col-md-6 vc_col-xs-12&#8243;][vc_column_text] Grappin BSV type KS II [\/vc_column_text][vc_empty_space height=&#8221;30px&#8221;][vc_btn title=&#8221;Download PDF&#8221; style=&#8221;custom&#8221; custom_background=&#8221;#F7B639&#8243; custom_text=&#8221;#FFFFFF&#8221; shape=&#8221;square&#8221; size=&#8221;sm&#8221; align=&#8221;left&#8221; css=&#8221;&#8221; link=&#8221;url:https%3A%2F%2Fbsv.dk%2Fwp-content%2Fuploads%2F2026%2F02%2Fdatablad-grab-type-ksii-gb.pdf&#8221;][vc_empty_space height=&#8221;30px&#8221;][vc_column_text]Le grappin BSV type KS II est la derni\u00e8re g\u00e9n\u00e9ration de bennes preneuses BSV. Le ... Lire plus\" \/>\n<meta property=\"og:url\" content=\"https:\/\/bsv.dk\/fr\/grappins\/grappin-ks\/\" \/>\n<meta property=\"og:site_name\" content=\"BSV\" \/>\n<meta property=\"article:modified_time\" content=\"2026-02-16T08:59:39+00:00\" \/>\n<meta name=\"twitter:card\" content=\"summary_large_image\" \/>\n<meta name=\"twitter:label1\" content=\"Est. reading time\" \/>\n\t<meta name=\"twitter:data1\" content=\"2 minutes\" \/>\n<script type=\"application\/ld+json\" class=\"yoast-schema-graph\">{\"@context\":\"https:\\\/\\\/schema.org\",\"@graph\":[{\"@type\":\"WebPage\",\"@id\":\"https:\\\/\\\/bsv.dk\\\/fr\\\/grappins\\\/grappin-ks\\\/\",\"url\":\"https:\\\/\\\/bsv.dk\\\/fr\\\/grappins\\\/grappin-ks\\\/\",\"name\":\"Grappin KS II &#183; BSV\",\"isPartOf\":{\"@id\":\"https:\\\/\\\/bsv.dk\\\/#website\"},\"datePublished\":\"2022-07-13T05:29:31+00:00\",\"dateModified\":\"2026-02-16T08:59:39+00:00\",\"breadcrumb\":{\"@id\":\"https:\\\/\\\/bsv.dk\\\/fr\\\/grappins\\\/grappin-ks\\\/#breadcrumb\"},\"inLanguage\":\"fr-FR\",\"potentialAction\":[{\"@type\":\"ReadAction\",\"target\":[\"https:\\\/\\\/bsv.dk\\\/fr\\\/grappins\\\/grappin-ks\\\/\"]}]},{\"@type\":\"BreadcrumbList\",\"@id\":\"https:\\\/\\\/bsv.dk\\\/fr\\\/grappins\\\/grappin-ks\\\/#breadcrumb\",\"itemListElement\":[{\"@type\":\"ListItem\",\"position\":1,\"name\":\"Hjem\",\"item\":\"https:\\\/\\\/bsv.dk\\\/fr\\\/\"},{\"@type\":\"ListItem\",\"position\":2,\"name\":\"Grappin hydraulique\",\"item\":\"https:\\\/\\\/bsv.dk\\\/fr\\\/grappins\\\/\"},{\"@type\":\"ListItem\",\"position\":3,\"name\":\"Grappin KS II\"}]},{\"@type\":\"WebSite\",\"@id\":\"https:\\\/\\\/bsv.dk\\\/#website\",\"url\":\"https:\\\/\\\/bsv.dk\\\/\",\"name\":\"BSV\",\"description\":\"L\u00f8fteudstyr og krantilbeh\u00f8r: K\u00f8b dit l\u00f8ftegrej og kran-udstyr\",\"publisher\":{\"@id\":\"https:\\\/\\\/bsv.dk\\\/#organization\"},\"potentialAction\":[{\"@type\":\"SearchAction\",\"target\":{\"@type\":\"EntryPoint\",\"urlTemplate\":\"https:\\\/\\\/bsv.dk\\\/?s={search_term_string}\"},\"query-input\":{\"@type\":\"PropertyValueSpecification\",\"valueRequired\":true,\"valueName\":\"search_term_string\"}}],\"inLanguage\":\"fr-FR\"},{\"@type\":\"Organization\",\"@id\":\"https:\\\/\\\/bsv.dk\\\/#organization\",\"name\":\"BSV\",\"url\":\"https:\\\/\\\/bsv.dk\\\/\",\"logo\":{\"@type\":\"ImageObject\",\"inLanguage\":\"fr-FR\",\"@id\":\"https:\\\/\\\/bsv.dk\\\/#\\\/schema\\\/logo\\\/image\\\/\",\"url\":\"https:\\\/\\\/bsv.dk\\\/wp-content\\\/uploads\\\/2022\\\/07\\\/bsv-logo.png\",\"contentUrl\":\"https:\\\/\\\/bsv.dk\\\/wp-content\\\/uploads\\\/2022\\\/07\\\/bsv-logo.png\",\"width\":594,\"height\":249,\"caption\":\"BSV\"},\"image\":{\"@id\":\"https:\\\/\\\/bsv.dk\\\/#\\\/schema\\\/logo\\\/image\\\/\"}}]}<\/script>\n<!-- \/ Yoast SEO plugin. -->","yoast_head_json":{"title":"Grappin KS II &#183; BSV","robots":{"index":"index","follow":"follow","max-snippet":"max-snippet:-1","max-image-preview":"max-image-preview:large","max-video-preview":"max-video-preview:-1"},"canonical":"https:\/\/bsv.dk\/fr\/grappins\/grappin-ks\/","og_locale":"fr_FR","og_type":"article","og_title":"Grappin KS II &#183; BSV","og_description":"[vc_row full_width=&#8221;stretch_row&#8221; el_class=&#8221;produkter&#8221;][vc_column][vc_row_inner equal_height=&#8221;yes&#8221;][vc_column_inner offset=&#8221;vc_col-lg-6 vc_col-md-6 vc_col-xs-12&#8243;][vc_media_grid style=&#8221;pagination&#8221; items_per_page=&#8221;1&#8243; element_width=&#8221;12&#8243; gap=&#8221;20&#8243; arrows_design=&#8221;vc_arrow-icon-arrow_01_left&#8221; arrows_position=&#8221;outside&#8221; arrows_color=&#8221;black&#8221; paging_design=&#8221;none&#8221; loop=&#8221;yes&#8221; item=&#8221;2845&#8243; css=&#8221;&#8221; grid_id=&#8221;vc_gid:1771232320284-8a8d575b-d295-0&#8243; include=&#8221;7473,7477&#8243;][\/vc_column_inner][vc_column_inner offset=&#8221;vc_col-lg-6 vc_col-md-6 vc_col-xs-12&#8243;][vc_column_text] Grappin BSV type KS II [\/vc_column_text][vc_empty_space height=&#8221;30px&#8221;][vc_btn title=&#8221;Download PDF&#8221; style=&#8221;custom&#8221; custom_background=&#8221;#F7B639&#8243; custom_text=&#8221;#FFFFFF&#8221; shape=&#8221;square&#8221; size=&#8221;sm&#8221; align=&#8221;left&#8221; css=&#8221;&#8221; link=&#8221;url:https%3A%2F%2Fbsv.dk%2Fwp-content%2Fuploads%2F2026%2F02%2Fdatablad-grab-type-ksii-gb.pdf&#8221;][vc_empty_space height=&#8221;30px&#8221;][vc_column_text]Le grappin BSV type KS II est la derni\u00e8re g\u00e9n\u00e9ration de bennes preneuses BSV. Le ... Lire plus","og_url":"https:\/\/bsv.dk\/fr\/grappins\/grappin-ks\/","og_site_name":"BSV","article_modified_time":"2026-02-16T08:59:39+00:00","twitter_card":"summary_large_image","twitter_misc":{"Est. reading time":"2 minutes"},"schema":{"@context":"https:\/\/schema.org","@graph":[{"@type":"WebPage","@id":"https:\/\/bsv.dk\/fr\/grappins\/grappin-ks\/","url":"https:\/\/bsv.dk\/fr\/grappins\/grappin-ks\/","name":"Grappin KS II &#183; BSV","isPartOf":{"@id":"https:\/\/bsv.dk\/#website"},"datePublished":"2022-07-13T05:29:31+00:00","dateModified":"2026-02-16T08:59:39+00:00","breadcrumb":{"@id":"https:\/\/bsv.dk\/fr\/grappins\/grappin-ks\/#breadcrumb"},"inLanguage":"fr-FR","potentialAction":[{"@type":"ReadAction","target":["https:\/\/bsv.dk\/fr\/grappins\/grappin-ks\/"]}]},{"@type":"BreadcrumbList","@id":"https:\/\/bsv.dk\/fr\/grappins\/grappin-ks\/#breadcrumb","itemListElement":[{"@type":"ListItem","position":1,"name":"Hjem","item":"https:\/\/bsv.dk\/fr\/"},{"@type":"ListItem","position":2,"name":"Grappin hydraulique","item":"https:\/\/bsv.dk\/fr\/grappins\/"},{"@type":"ListItem","position":3,"name":"Grappin KS II"}]},{"@type":"WebSite","@id":"https:\/\/bsv.dk\/#website","url":"https:\/\/bsv.dk\/","name":"BSV","description":"L\u00f8fteudstyr og krantilbeh\u00f8r: K\u00f8b dit l\u00f8ftegrej og kran-udstyr","publisher":{"@id":"https:\/\/bsv.dk\/#organization"},"potentialAction":[{"@type":"SearchAction","target":{"@type":"EntryPoint","urlTemplate":"https:\/\/bsv.dk\/?s={search_term_string}"},"query-input":{"@type":"PropertyValueSpecification","valueRequired":true,"valueName":"search_term_string"}}],"inLanguage":"fr-FR"},{"@type":"Organization","@id":"https:\/\/bsv.dk\/#organization","name":"BSV","url":"https:\/\/bsv.dk\/","logo":{"@type":"ImageObject","inLanguage":"fr-FR","@id":"https:\/\/bsv.dk\/#\/schema\/logo\/image\/","url":"https:\/\/bsv.dk\/wp-content\/uploads\/2022\/07\/bsv-logo.png","contentUrl":"https:\/\/bsv.dk\/wp-content\/uploads\/2022\/07\/bsv-logo.png","width":594,"height":249,"caption":"BSV"},"image":{"@id":"https:\/\/bsv.dk\/#\/schema\/logo\/image\/"}}]}},"_links":{"self":[{"href":"https:\/\/bsv.dk\/fr\/wp-json\/wp\/v2\/pages\/6453","targetHints":{"allow":["GET"]}}],"collection":[{"href":"https:\/\/bsv.dk\/fr\/wp-json\/wp\/v2\/pages"}],"about":[{"href":"https:\/\/bsv.dk\/fr\/wp-json\/wp\/v2\/types\/page"}],"author":[{"embeddable":true,"href":"https:\/\/bsv.dk\/fr\/wp-json\/wp\/v2\/users\/1"}],"replies":[{"embeddable":true,"href":"https:\/\/bsv.dk\/fr\/wp-json\/wp\/v2\/comments?post=6453"}],"version-history":[{"count":9,"href":"https:\/\/bsv.dk\/fr\/wp-json\/wp\/v2\/pages\/6453\/revisions"}],"predecessor-version":[{"id":902003,"href":"https:\/\/bsv.dk\/fr\/wp-json\/wp\/v2\/pages\/6453\/revisions\/902003"}],"up":[{"embeddable":true,"href":"https:\/\/bsv.dk\/fr\/wp-json\/wp\/v2\/pages\/6449"}],"wp:attachment":[{"href":"https:\/\/bsv.dk\/fr\/wp-json\/wp\/v2\/media?parent=6453"}],"wp:term":[{"taxonomy":"category","embeddable":true,"href":"https:\/\/bsv.dk\/fr\/wp-json\/wp\/v2\/categories?post=6453"}],"curies":[{"name":"wp","href":"https:\/\/api.w.org\/{rel}","templated":true}]}}