{"id":6449,"date":"2022-07-13T07:27:50","date_gmt":"2022-07-13T05:27:50","guid":{"rendered":"https:\/\/bsv.dk\/grappins\/"},"modified":"2023-03-07T09:48:50","modified_gmt":"2023-03-07T08:48:50","slug":"grappins","status":"publish","type":"page","link":"https:\/\/bsv.dk\/fr\/grappins\/","title":{"rendered":"Grappin hydraulique"},"content":{"rendered":"<div class=\"wpb-content-wrapper\"><p>[vc_row full_width=&#8221;stretch_row&#8221;][vc_column]<div class=\"ult-spacer spacer-69f0271c7df17\" data-id=\"69f0271c7df17\" data-height=\"90\" data-height-mobile=\"60\" data-height-tab=\"90\" data-height-tab-portrait=\"60\" data-height-mobile-landscape=\"60\" style=\"clear:both;display:block;\"><\/div>[vc_row_inner][vc_column_inner offset=&#8221;vc_col-lg-8 vc_col-md-8 vc_col-xs-12&#8243;][vc_column_text]<\/p>\n<h1><strong>Grappin hydraulique pour grue<\/strong><\/h1>\n<p>BSV fabrique deux s\u00e9ries principales de grappins hydrauliques pour grues\u00a0; le grappin KS et le grappin Combi.<\/p>\n<p>Pendant de nombreuses ann\u00e9es, nous avons con\u00e7u et fabriqu\u00e9 des accessoires de grue et des \u00e9quipements de levage de qualit\u00e9, robustes, et durables, ce qui est d&#8217;une grande importance pour nos clients.<\/p>\n<p>Le <strong>grappin KSII<\/strong> est un grappin fait pour les grues plus grandes et qui est fabriqu\u00e9 \u00e0 partir de mat\u00e9riaux \u00e0 haute r\u00e9sistance et \u00e9quip\u00e9 d&#8217;essieux et de roulements solides.<\/p>\n<p>Les grappins KSII sont \u00e9quip\u00e9s d&#8217;un clapet anti-retour int\u00e9gr\u00e9 \u00e0 l&#8217;int\u00e9rieur du v\u00e9rin, ce qui signifie que la charge est retenue m\u00eame en cas de rupture d\u2019un tuyau de la grue.<\/p>\n<p>Ce grappin fait partie d&#8217;une s\u00e9rie de godets robustes destin\u00e9s aux travaux de construction. En savoir plus sur le grappin KS et ses sp\u00e9cifications techniques en <a href=\"https:\/\/bsv.dk\/fr\/grappins\/grappin-ks\/\"><strong><u>cliquant ici<\/u><\/strong>.<\/a><\/p>\n<p>Le <strong>grappin Combi<\/strong> est particuli\u00e8rement adapt\u00e9 pour une utilisation en combinaison avec des grues plus petites et pour diff\u00e9rentes t\u00e2ches. Ce grappin a diff\u00e9rentes conceptions d&#8217;outils en fonction des t\u00e2ches \u00e0 ex\u00e9cuter. En savoir plus sur le grappin Combi et ses sp\u00e9cifications techniques en <a href=\"https:\/\/bsv.dk\/fr\/grappins\/grappin-combi\/\"><strong><u>cliquant ici<\/u><\/strong>.<\/a><\/p>\n<p>Que vous ayez besoin d&#8217;un grappin de grue standard, d&#8217;un grappin pour plaques de chauss\u00e9e en acier, d&#8217;un grappin \u00e0 c\u00e9r\u00e9ales, d&#8217;un grappin \u00e0 fumier ou d&#8217;une solution personnalis\u00e9e, nous sommes pr\u00eats \u00e0 vous conseiller et \u00e0 vous aider.<\/p>\n<p>N&#8217;h\u00e9sitez pas \u00e0 nous contacter, si vous envisagez d&#8217;utiliser un ou plusieurs de nos produits ou si vous avez des doutes sur la configuration de votre grappin pour grue, ou si vous avez simplement des questions techniques.<\/p>\n<p>Nous sommes joignables au (+45) 75 36 21 22 ou via notre formulaire de contact en ligne en <a href=\"https:\/\/bsv.dk\/fr\/contact\/\">cliquant ici.<\/a>[\/vc_column_text]<div class=\"ult-spacer spacer-69f0271c7df59\" data-id=\"69f0271c7df59\" data-height=\"0\" data-height-mobile=\"30\" data-height-tab=\"0\" data-height-tab-portrait=\"30\" data-height-mobile-landscape=\"30\" style=\"clear:both;display:block;\"><\/div>[\/vc_column_inner][vc_column_inner offset=&#8221;vc_col-lg-4 vc_col-md-4 vc_col-xs-12&#8243;][vc_wp_custommenu nav_menu=&#8221;14&#8243; el_class=&#8221;contact-sidebar&#8221;][\/vc_column_inner][\/vc_row_inner]<div class=\"ult-spacer spacer-69f0271c7df7c\" data-id=\"69f0271c7df7c\" data-height=\"90\" data-height-mobile=\"60\" data-height-tab=\"90\" data-height-tab-portrait=\"60\" data-height-mobile-landscape=\"60\" style=\"clear:both;display:block;\"><\/div>[\/vc_column][\/vc_row][vc_row full_width=&#8221;stretch_row&#8221;][vc_column][vc_basic_grid post_type=&#8221;post&#8221; max_items=&#8221;-1&#8243; item=&#8221;2938&#8243; grid_id=&#8221;vc_gid:1678178914144-1dbef822-46e9-2&#8243; taxonomies=&#8221;50&#8243;]<div class=\"ult-spacer spacer-69f0271c7df9a\" data-id=\"69f0271c7df9a\" data-height=\"90\" data-height-mobile=\"60\" data-height-tab=\"90\" data-height-tab-portrait=\"60\" data-height-mobile-landscape=\"60\" style=\"clear:both;display:block;\"><\/div>[\/vc_column][\/vc_row]<\/p>\n<\/div>","protected":false},"excerpt":{"rendered":"<p>[vc_row full_width=&#8221;stretch_row&#8221;][vc_column][vc_row_inner][vc_column_inner offset=&#8221;vc_col-lg-8 vc_col-md-8 vc_col-xs-12&#8243;][vc_column_text] Grappin hydraulique pour grue BSV fabrique deux s\u00e9ries principales de grappins hydrauliques pour grues\u00a0; le grappin KS et le grappin Combi. Pendant de nombreuses ann\u00e9es, nous avons con\u00e7u et fabriqu\u00e9 des accessoires de grue et des \u00e9quipements de levage de qualit\u00e9, robustes, et durables, ce qui est d&#8217;une grande importance &#8230; <a title=\"Grappin hydraulique\" class=\"read-more\" href=\"https:\/\/bsv.dk\/fr\/grappins\/\" aria-label=\"Read more about Grappin hydraulique\">Lire plus<\/a><\/p>\n","protected":false},"author":1,"featured_media":0,"parent":0,"menu_order":0,"comment_status":"closed","ping_status":"closed","template":"","meta":{"footnotes":""},"categories":[53],"class_list":{"0":"post-6449","1":"page","2":"type-page","3":"status-publish","5":"category-hydraulique"},"yoast_head":"<!-- This site is optimized with the Yoast SEO plugin v27.4 - https:\/\/yoast.com\/product\/yoast-seo-wordpress\/ -->\n<title>Grappin hydraulique &#183; BSV<\/title>\n<meta name=\"robots\" content=\"index, follow, max-snippet:-1, max-image-preview:large, max-video-preview:-1\" \/>\n<link rel=\"canonical\" href=\"https:\/\/bsv.dk\/fr\/grappins\/\" \/>\n<meta property=\"og:locale\" content=\"fr_FR\" \/>\n<meta property=\"og:type\" content=\"article\" \/>\n<meta property=\"og:title\" content=\"Grappin hydraulique &#183; BSV\" \/>\n<meta property=\"og:description\" content=\"[vc_row full_width=&#8221;stretch_row&#8221;][vc_column][vc_row_inner][vc_column_inner offset=&#8221;vc_col-lg-8 vc_col-md-8 vc_col-xs-12&#8243;][vc_column_text] Grappin hydraulique pour grue BSV fabrique deux s\u00e9ries principales de grappins hydrauliques pour grues\u00a0; le grappin KS et le grappin Combi. Pendant de nombreuses ann\u00e9es, nous avons con\u00e7u et fabriqu\u00e9 des accessoires de grue et des \u00e9quipements de levage de qualit\u00e9, robustes, et durables, ce qui est d&#8217;une grande importance ... Lire plus\" \/>\n<meta property=\"og:url\" content=\"https:\/\/bsv.dk\/fr\/grappins\/\" \/>\n<meta property=\"og:site_name\" content=\"BSV\" \/>\n<meta property=\"article:modified_time\" content=\"2023-03-07T08:48:50+00:00\" \/>\n<meta name=\"twitter:card\" content=\"summary_large_image\" \/>\n<meta name=\"twitter:label1\" content=\"Est. reading time\" \/>\n\t<meta name=\"twitter:data1\" content=\"2 minutes\" \/>\n<script type=\"application\/ld+json\" class=\"yoast-schema-graph\">{\"@context\":\"https:\\\/\\\/schema.org\",\"@graph\":[{\"@type\":\"WebPage\",\"@id\":\"https:\\\/\\\/bsv.dk\\\/fr\\\/grappins\\\/\",\"url\":\"https:\\\/\\\/bsv.dk\\\/fr\\\/grappins\\\/\",\"name\":\"Grappin hydraulique &#183; BSV\",\"isPartOf\":{\"@id\":\"https:\\\/\\\/bsv.dk\\\/#website\"},\"datePublished\":\"2022-07-13T05:27:50+00:00\",\"dateModified\":\"2023-03-07T08:48:50+00:00\",\"breadcrumb\":{\"@id\":\"https:\\\/\\\/bsv.dk\\\/fr\\\/grappins\\\/#breadcrumb\"},\"inLanguage\":\"fr-FR\",\"potentialAction\":[{\"@type\":\"ReadAction\",\"target\":[\"https:\\\/\\\/bsv.dk\\\/fr\\\/grappins\\\/\"]}]},{\"@type\":\"BreadcrumbList\",\"@id\":\"https:\\\/\\\/bsv.dk\\\/fr\\\/grappins\\\/#breadcrumb\",\"itemListElement\":[{\"@type\":\"ListItem\",\"position\":1,\"name\":\"Hjem\",\"item\":\"https:\\\/\\\/bsv.dk\\\/fr\\\/\"},{\"@type\":\"ListItem\",\"position\":2,\"name\":\"Grappin hydraulique\"}]},{\"@type\":\"WebSite\",\"@id\":\"https:\\\/\\\/bsv.dk\\\/#website\",\"url\":\"https:\\\/\\\/bsv.dk\\\/\",\"name\":\"BSV\",\"description\":\"L\u00f8fteudstyr og krantilbeh\u00f8r: K\u00f8b dit l\u00f8ftegrej og kran-udstyr\",\"publisher\":{\"@id\":\"https:\\\/\\\/bsv.dk\\\/#organization\"},\"potentialAction\":[{\"@type\":\"SearchAction\",\"target\":{\"@type\":\"EntryPoint\",\"urlTemplate\":\"https:\\\/\\\/bsv.dk\\\/?s={search_term_string}\"},\"query-input\":{\"@type\":\"PropertyValueSpecification\",\"valueRequired\":true,\"valueName\":\"search_term_string\"}}],\"inLanguage\":\"fr-FR\"},{\"@type\":\"Organization\",\"@id\":\"https:\\\/\\\/bsv.dk\\\/#organization\",\"name\":\"BSV\",\"url\":\"https:\\\/\\\/bsv.dk\\\/\",\"logo\":{\"@type\":\"ImageObject\",\"inLanguage\":\"fr-FR\",\"@id\":\"https:\\\/\\\/bsv.dk\\\/#\\\/schema\\\/logo\\\/image\\\/\",\"url\":\"https:\\\/\\\/bsv.dk\\\/wp-content\\\/uploads\\\/2022\\\/07\\\/bsv-logo.png\",\"contentUrl\":\"https:\\\/\\\/bsv.dk\\\/wp-content\\\/uploads\\\/2022\\\/07\\\/bsv-logo.png\",\"width\":594,\"height\":249,\"caption\":\"BSV\"},\"image\":{\"@id\":\"https:\\\/\\\/bsv.dk\\\/#\\\/schema\\\/logo\\\/image\\\/\"}}]}<\/script>\n<!-- \/ Yoast SEO plugin. -->","yoast_head_json":{"title":"Grappin hydraulique &#183; BSV","robots":{"index":"index","follow":"follow","max-snippet":"max-snippet:-1","max-image-preview":"max-image-preview:large","max-video-preview":"max-video-preview:-1"},"canonical":"https:\/\/bsv.dk\/fr\/grappins\/","og_locale":"fr_FR","og_type":"article","og_title":"Grappin hydraulique &#183; BSV","og_description":"[vc_row full_width=&#8221;stretch_row&#8221;][vc_column][vc_row_inner][vc_column_inner offset=&#8221;vc_col-lg-8 vc_col-md-8 vc_col-xs-12&#8243;][vc_column_text] Grappin hydraulique pour grue BSV fabrique deux s\u00e9ries principales de grappins hydrauliques pour grues\u00a0; le grappin KS et le grappin Combi. Pendant de nombreuses ann\u00e9es, nous avons con\u00e7u et fabriqu\u00e9 des accessoires de grue et des \u00e9quipements de levage de qualit\u00e9, robustes, et durables, ce qui est d&#8217;une grande importance ... Lire plus","og_url":"https:\/\/bsv.dk\/fr\/grappins\/","og_site_name":"BSV","article_modified_time":"2023-03-07T08:48:50+00:00","twitter_card":"summary_large_image","twitter_misc":{"Est. reading time":"2 minutes"},"schema":{"@context":"https:\/\/schema.org","@graph":[{"@type":"WebPage","@id":"https:\/\/bsv.dk\/fr\/grappins\/","url":"https:\/\/bsv.dk\/fr\/grappins\/","name":"Grappin hydraulique &#183; BSV","isPartOf":{"@id":"https:\/\/bsv.dk\/#website"},"datePublished":"2022-07-13T05:27:50+00:00","dateModified":"2023-03-07T08:48:50+00:00","breadcrumb":{"@id":"https:\/\/bsv.dk\/fr\/grappins\/#breadcrumb"},"inLanguage":"fr-FR","potentialAction":[{"@type":"ReadAction","target":["https:\/\/bsv.dk\/fr\/grappins\/"]}]},{"@type":"BreadcrumbList","@id":"https:\/\/bsv.dk\/fr\/grappins\/#breadcrumb","itemListElement":[{"@type":"ListItem","position":1,"name":"Hjem","item":"https:\/\/bsv.dk\/fr\/"},{"@type":"ListItem","position":2,"name":"Grappin hydraulique"}]},{"@type":"WebSite","@id":"https:\/\/bsv.dk\/#website","url":"https:\/\/bsv.dk\/","name":"BSV","description":"L\u00f8fteudstyr og krantilbeh\u00f8r: K\u00f8b dit l\u00f8ftegrej og kran-udstyr","publisher":{"@id":"https:\/\/bsv.dk\/#organization"},"potentialAction":[{"@type":"SearchAction","target":{"@type":"EntryPoint","urlTemplate":"https:\/\/bsv.dk\/?s={search_term_string}"},"query-input":{"@type":"PropertyValueSpecification","valueRequired":true,"valueName":"search_term_string"}}],"inLanguage":"fr-FR"},{"@type":"Organization","@id":"https:\/\/bsv.dk\/#organization","name":"BSV","url":"https:\/\/bsv.dk\/","logo":{"@type":"ImageObject","inLanguage":"fr-FR","@id":"https:\/\/bsv.dk\/#\/schema\/logo\/image\/","url":"https:\/\/bsv.dk\/wp-content\/uploads\/2022\/07\/bsv-logo.png","contentUrl":"https:\/\/bsv.dk\/wp-content\/uploads\/2022\/07\/bsv-logo.png","width":594,"height":249,"caption":"BSV"},"image":{"@id":"https:\/\/bsv.dk\/#\/schema\/logo\/image\/"}}]}},"_links":{"self":[{"href":"https:\/\/bsv.dk\/fr\/wp-json\/wp\/v2\/pages\/6449","targetHints":{"allow":["GET"]}}],"collection":[{"href":"https:\/\/bsv.dk\/fr\/wp-json\/wp\/v2\/pages"}],"about":[{"href":"https:\/\/bsv.dk\/fr\/wp-json\/wp\/v2\/types\/page"}],"author":[{"embeddable":true,"href":"https:\/\/bsv.dk\/fr\/wp-json\/wp\/v2\/users\/1"}],"replies":[{"embeddable":true,"href":"https:\/\/bsv.dk\/fr\/wp-json\/wp\/v2\/comments?post=6449"}],"version-history":[{"count":6,"href":"https:\/\/bsv.dk\/fr\/wp-json\/wp\/v2\/pages\/6449\/revisions"}],"predecessor-version":[{"id":900371,"href":"https:\/\/bsv.dk\/fr\/wp-json\/wp\/v2\/pages\/6449\/revisions\/900371"}],"wp:attachment":[{"href":"https:\/\/bsv.dk\/fr\/wp-json\/wp\/v2\/media?parent=6449"}],"wp:term":[{"taxonomy":"category","embeddable":true,"href":"https:\/\/bsv.dk\/fr\/wp-json\/wp\/v2\/categories?post=6449"}],"curies":[{"name":"wp","href":"https:\/\/api.w.org\/{rel}","templated":true}]}}