{"id":5838,"date":"2022-07-13T07:39:01","date_gmt":"2022-07-13T05:39:01","guid":{"rendered":"https:\/\/bsv.dk\/electro-hydraulics\/bucket-grabs\/"},"modified":"2023-09-21T14:16:30","modified_gmt":"2023-09-21T12:16:30","slug":"bucket-grabs","status":"publish","type":"page","link":"https:\/\/bsv.dk\/en\/electro-hydraulics\/bucket-grabs\/","title":{"rendered":"Bucket grabs"},"content":{"rendered":"<div class=\"wpb-content-wrapper\"><p>[vc_row full_width=&#8221;stretch_row&#8221; el_class=&#8221;produkter&#8221;][vc_column]<div class=\"ult-spacer spacer-69efa270132b9\" data-id=\"69efa270132b9\" data-height=\"90\" data-height-mobile=\"60\" data-height-tab=\"90\" data-height-tab-portrait=\"60\" data-height-mobile-landscape=\"60\" style=\"clear:both;display:block;\"><\/div>[vc_row_inner equal_height=&#8221;yes&#8221;][vc_column_inner offset=&#8221;vc_col-lg-6 vc_col-md-6 vc_col-xs-12&#8243;][vc_media_grid style=&#8221;pagination&#8221; items_per_page=&#8221;1&#8243; element_width=&#8221;12&#8243; gap=&#8221;20&#8243; grid_id=&#8221;vc_gid:1695298584457-72f81c43-d577-4&#8243; include=&#8221;7614,7610,7618&#8243;]<div class=\"ult-spacer spacer-69efa270132fe\" data-id=\"69efa270132fe\" data-height=\"0\" data-height-mobile=\"30\" data-height-tab=\"0\" data-height-tab-portrait=\"30\" data-height-mobile-landscape=\"30\" style=\"clear:both;display:block;\"><\/div>[\/vc_column_inner][vc_column_inner offset=&#8221;vc_col-lg-6 vc_col-md-6 vc_col-xs-12&#8243;][vc_column_text]<\/p>\n<h1 id=\"tw-target-text\" class=\"tw-data-text tw-text-large tw-ta\" dir=\"ltr\" data-placeholder=\"Overs\u00e6ttelse\"><span class=\"Y2IQFc\" lang=\"en\">BSV electro-hydraulic bucket grabs<\/span><\/h1>\n<p>This type of grab is also versatile, tested and developed for handling bulk materials, mainly in district heating and incineration plants.<\/p>\n<p>The various models have been developed for handling especially wood chips, wood pellets and other fuels.<\/p>\n<p>The size of the bucket varies from 750 to 6,000 litres.<\/p>\n<p>The grabs are characterized by a low dead weight, a low horizontal center of gravity as well as a low installation height.<\/p>\n<p>The electro-hydraulic equipment is placed in such a way that it is protected and easily accessible in the main console of the guy.<\/p>\n<p>As an alternative to the traditional closed buckets, we also offer other arms and other models in accordance with the customer&#8217;s requirements.<\/p>\n<p>BSV electric hydraulic bucket grabs are produced with electric motors and hydraulic components for the lowest possible noise level.<\/p>\n<p>BSV&#8217;s electro-hydraulic grabs are also supplied as EX versions with compliance with ATEX legislation on electrical components.[\/vc_column_text][\/vc_column_inner][\/vc_row_inner]<div class=\"ult-spacer spacer-69efa27013321\" data-id=\"69efa27013321\" data-height=\"90\" data-height-mobile=\"60\" data-height-tab=\"90\" data-height-tab-portrait=\"60\" data-height-mobile-landscape=\"60\" style=\"clear:both;display:block;\"><\/div>[\/vc_column][\/vc_row]<\/p>\n<\/div>","protected":false},"excerpt":{"rendered":"<p>[vc_row full_width=&#8221;stretch_row&#8221; el_class=&#8221;produkter&#8221;][vc_column][vc_row_inner equal_height=&#8221;yes&#8221;][vc_column_inner offset=&#8221;vc_col-lg-6 vc_col-md-6 vc_col-xs-12&#8243;][vc_media_grid style=&#8221;pagination&#8221; items_per_page=&#8221;1&#8243; element_width=&#8221;12&#8243; gap=&#8221;20&#8243; grid_id=&#8221;vc_gid:1695298584457-72f81c43-d577-4&#8243; include=&#8221;7614,7610,7618&#8243;][\/vc_column_inner][vc_column_inner offset=&#8221;vc_col-lg-6 vc_col-md-6 vc_col-xs-12&#8243;][vc_column_text] BSV electro-hydraulic bucket grabs This type of grab is also versatile, tested and developed for handling bulk materials, mainly in district heating and incineration plants. The various models have been developed for handling especially wood chips, wood pellets and &#8230; <a title=\"Bucket grabs\" class=\"read-more\" href=\"https:\/\/bsv.dk\/en\/electro-hydraulics\/bucket-grabs\/\" aria-label=\"Read more about Bucket grabs\">Read more<\/a><\/p>\n","protected":false},"author":1,"featured_media":0,"parent":5834,"menu_order":0,"comment_status":"closed","ping_status":"closed","template":"","meta":{"footnotes":""},"categories":[],"class_list":["post-5838","page","type-page","status-publish"],"yoast_head":"<!-- This site is optimized with the Yoast SEO plugin v27.4 - https:\/\/yoast.com\/product\/yoast-seo-wordpress\/ -->\n<title>Bucket grabs &#183; BSV<\/title>\n<meta name=\"robots\" content=\"index, follow, max-snippet:-1, max-image-preview:large, max-video-preview:-1\" \/>\n<link rel=\"canonical\" href=\"https:\/\/bsv.dk\/en\/electro-hydraulics\/bucket-grabs\/\" \/>\n<meta property=\"og:locale\" content=\"en_US\" \/>\n<meta property=\"og:type\" content=\"article\" \/>\n<meta property=\"og:title\" content=\"Bucket grabs &#183; BSV\" \/>\n<meta property=\"og:description\" content=\"[vc_row full_width=&#8221;stretch_row&#8221; el_class=&#8221;produkter&#8221;][vc_column][vc_row_inner equal_height=&#8221;yes&#8221;][vc_column_inner offset=&#8221;vc_col-lg-6 vc_col-md-6 vc_col-xs-12&#8243;][vc_media_grid style=&#8221;pagination&#8221; items_per_page=&#8221;1&#8243; element_width=&#8221;12&#8243; gap=&#8221;20&#8243; grid_id=&#8221;vc_gid:1695298584457-72f81c43-d577-4&#8243; include=&#8221;7614,7610,7618&#8243;][\/vc_column_inner][vc_column_inner offset=&#8221;vc_col-lg-6 vc_col-md-6 vc_col-xs-12&#8243;][vc_column_text] BSV electro-hydraulic bucket grabs This type of grab is also versatile, tested and developed for handling bulk materials, mainly in district heating and incineration plants. The various models have been developed for handling especially wood chips, wood pellets and ... Read more\" \/>\n<meta property=\"og:url\" content=\"https:\/\/bsv.dk\/en\/electro-hydraulics\/bucket-grabs\/\" \/>\n<meta property=\"og:site_name\" content=\"BSV\" \/>\n<meta property=\"article:modified_time\" content=\"2023-09-21T12:16:30+00:00\" \/>\n<meta name=\"twitter:card\" content=\"summary_large_image\" \/>\n<meta name=\"twitter:label1\" content=\"Est. reading time\" \/>\n\t<meta name=\"twitter:data1\" content=\"2 minutes\" \/>\n<script type=\"application\/ld+json\" class=\"yoast-schema-graph\">{\"@context\":\"https:\\\/\\\/schema.org\",\"@graph\":[{\"@type\":\"WebPage\",\"@id\":\"https:\\\/\\\/bsv.dk\\\/en\\\/electro-hydraulics\\\/bucket-grabs\\\/\",\"url\":\"https:\\\/\\\/bsv.dk\\\/en\\\/electro-hydraulics\\\/bucket-grabs\\\/\",\"name\":\"Bucket grabs &#183; BSV\",\"isPartOf\":{\"@id\":\"https:\\\/\\\/bsv.dk\\\/#website\"},\"datePublished\":\"2022-07-13T05:39:01+00:00\",\"dateModified\":\"2023-09-21T12:16:30+00:00\",\"breadcrumb\":{\"@id\":\"https:\\\/\\\/bsv.dk\\\/en\\\/electro-hydraulics\\\/bucket-grabs\\\/#breadcrumb\"},\"inLanguage\":\"en-US\",\"potentialAction\":[{\"@type\":\"ReadAction\",\"target\":[\"https:\\\/\\\/bsv.dk\\\/en\\\/electro-hydraulics\\\/bucket-grabs\\\/\"]}]},{\"@type\":\"BreadcrumbList\",\"@id\":\"https:\\\/\\\/bsv.dk\\\/en\\\/electro-hydraulics\\\/bucket-grabs\\\/#breadcrumb\",\"itemListElement\":[{\"@type\":\"ListItem\",\"position\":1,\"name\":\"Hjem\",\"item\":\"https:\\\/\\\/bsv.dk\\\/en\\\/\"},{\"@type\":\"ListItem\",\"position\":2,\"name\":\"Electric hydraulics\",\"item\":\"https:\\\/\\\/bsv.dk\\\/en\\\/electro-hydraulics\\\/\"},{\"@type\":\"ListItem\",\"position\":3,\"name\":\"Bucket grabs\"}]},{\"@type\":\"WebSite\",\"@id\":\"https:\\\/\\\/bsv.dk\\\/#website\",\"url\":\"https:\\\/\\\/bsv.dk\\\/\",\"name\":\"BSV\",\"description\":\"L\u00f8fteudstyr og krantilbeh\u00f8r: K\u00f8b dit l\u00f8ftegrej og kran-udstyr\",\"publisher\":{\"@id\":\"https:\\\/\\\/bsv.dk\\\/#organization\"},\"potentialAction\":[{\"@type\":\"SearchAction\",\"target\":{\"@type\":\"EntryPoint\",\"urlTemplate\":\"https:\\\/\\\/bsv.dk\\\/?s={search_term_string}\"},\"query-input\":{\"@type\":\"PropertyValueSpecification\",\"valueRequired\":true,\"valueName\":\"search_term_string\"}}],\"inLanguage\":\"en-US\"},{\"@type\":\"Organization\",\"@id\":\"https:\\\/\\\/bsv.dk\\\/#organization\",\"name\":\"BSV\",\"url\":\"https:\\\/\\\/bsv.dk\\\/\",\"logo\":{\"@type\":\"ImageObject\",\"inLanguage\":\"en-US\",\"@id\":\"https:\\\/\\\/bsv.dk\\\/#\\\/schema\\\/logo\\\/image\\\/\",\"url\":\"https:\\\/\\\/bsv.dk\\\/wp-content\\\/uploads\\\/2022\\\/07\\\/bsv-logo.png\",\"contentUrl\":\"https:\\\/\\\/bsv.dk\\\/wp-content\\\/uploads\\\/2022\\\/07\\\/bsv-logo.png\",\"width\":594,\"height\":249,\"caption\":\"BSV\"},\"image\":{\"@id\":\"https:\\\/\\\/bsv.dk\\\/#\\\/schema\\\/logo\\\/image\\\/\"}}]}<\/script>\n<!-- \/ Yoast SEO plugin. -->","yoast_head_json":{"title":"Bucket grabs &#183; BSV","robots":{"index":"index","follow":"follow","max-snippet":"max-snippet:-1","max-image-preview":"max-image-preview:large","max-video-preview":"max-video-preview:-1"},"canonical":"https:\/\/bsv.dk\/en\/electro-hydraulics\/bucket-grabs\/","og_locale":"en_US","og_type":"article","og_title":"Bucket grabs &#183; BSV","og_description":"[vc_row full_width=&#8221;stretch_row&#8221; el_class=&#8221;produkter&#8221;][vc_column][vc_row_inner equal_height=&#8221;yes&#8221;][vc_column_inner offset=&#8221;vc_col-lg-6 vc_col-md-6 vc_col-xs-12&#8243;][vc_media_grid style=&#8221;pagination&#8221; items_per_page=&#8221;1&#8243; element_width=&#8221;12&#8243; gap=&#8221;20&#8243; grid_id=&#8221;vc_gid:1695298584457-72f81c43-d577-4&#8243; include=&#8221;7614,7610,7618&#8243;][\/vc_column_inner][vc_column_inner offset=&#8221;vc_col-lg-6 vc_col-md-6 vc_col-xs-12&#8243;][vc_column_text] BSV electro-hydraulic bucket grabs This type of grab is also versatile, tested and developed for handling bulk materials, mainly in district heating and incineration plants. The various models have been developed for handling especially wood chips, wood pellets and ... Read more","og_url":"https:\/\/bsv.dk\/en\/electro-hydraulics\/bucket-grabs\/","og_site_name":"BSV","article_modified_time":"2023-09-21T12:16:30+00:00","twitter_card":"summary_large_image","twitter_misc":{"Est. reading time":"2 minutes"},"schema":{"@context":"https:\/\/schema.org","@graph":[{"@type":"WebPage","@id":"https:\/\/bsv.dk\/en\/electro-hydraulics\/bucket-grabs\/","url":"https:\/\/bsv.dk\/en\/electro-hydraulics\/bucket-grabs\/","name":"Bucket grabs &#183; BSV","isPartOf":{"@id":"https:\/\/bsv.dk\/#website"},"datePublished":"2022-07-13T05:39:01+00:00","dateModified":"2023-09-21T12:16:30+00:00","breadcrumb":{"@id":"https:\/\/bsv.dk\/en\/electro-hydraulics\/bucket-grabs\/#breadcrumb"},"inLanguage":"en-US","potentialAction":[{"@type":"ReadAction","target":["https:\/\/bsv.dk\/en\/electro-hydraulics\/bucket-grabs\/"]}]},{"@type":"BreadcrumbList","@id":"https:\/\/bsv.dk\/en\/electro-hydraulics\/bucket-grabs\/#breadcrumb","itemListElement":[{"@type":"ListItem","position":1,"name":"Hjem","item":"https:\/\/bsv.dk\/en\/"},{"@type":"ListItem","position":2,"name":"Electric hydraulics","item":"https:\/\/bsv.dk\/en\/electro-hydraulics\/"},{"@type":"ListItem","position":3,"name":"Bucket grabs"}]},{"@type":"WebSite","@id":"https:\/\/bsv.dk\/#website","url":"https:\/\/bsv.dk\/","name":"BSV","description":"L\u00f8fteudstyr og krantilbeh\u00f8r: K\u00f8b dit l\u00f8ftegrej og kran-udstyr","publisher":{"@id":"https:\/\/bsv.dk\/#organization"},"potentialAction":[{"@type":"SearchAction","target":{"@type":"EntryPoint","urlTemplate":"https:\/\/bsv.dk\/?s={search_term_string}"},"query-input":{"@type":"PropertyValueSpecification","valueRequired":true,"valueName":"search_term_string"}}],"inLanguage":"en-US"},{"@type":"Organization","@id":"https:\/\/bsv.dk\/#organization","name":"BSV","url":"https:\/\/bsv.dk\/","logo":{"@type":"ImageObject","inLanguage":"en-US","@id":"https:\/\/bsv.dk\/#\/schema\/logo\/image\/","url":"https:\/\/bsv.dk\/wp-content\/uploads\/2022\/07\/bsv-logo.png","contentUrl":"https:\/\/bsv.dk\/wp-content\/uploads\/2022\/07\/bsv-logo.png","width":594,"height":249,"caption":"BSV"},"image":{"@id":"https:\/\/bsv.dk\/#\/schema\/logo\/image\/"}}]}},"_links":{"self":[{"href":"https:\/\/bsv.dk\/en\/wp-json\/wp\/v2\/pages\/5838","targetHints":{"allow":["GET"]}}],"collection":[{"href":"https:\/\/bsv.dk\/en\/wp-json\/wp\/v2\/pages"}],"about":[{"href":"https:\/\/bsv.dk\/en\/wp-json\/wp\/v2\/types\/page"}],"author":[{"embeddable":true,"href":"https:\/\/bsv.dk\/en\/wp-json\/wp\/v2\/users\/1"}],"replies":[{"embeddable":true,"href":"https:\/\/bsv.dk\/en\/wp-json\/wp\/v2\/comments?post=5838"}],"version-history":[{"count":4,"href":"https:\/\/bsv.dk\/en\/wp-json\/wp\/v2\/pages\/5838\/revisions"}],"predecessor-version":[{"id":900511,"href":"https:\/\/bsv.dk\/en\/wp-json\/wp\/v2\/pages\/5838\/revisions\/900511"}],"up":[{"embeddable":true,"href":"https:\/\/bsv.dk\/en\/wp-json\/wp\/v2\/pages\/5834"}],"wp:attachment":[{"href":"https:\/\/bsv.dk\/en\/wp-json\/wp\/v2\/media?parent=5838"}],"wp:term":[{"taxonomy":"category","embeddable":true,"href":"https:\/\/bsv.dk\/en\/wp-json\/wp\/v2\/categories?post=5838"}],"curies":[{"name":"wp","href":"https:\/\/api.w.org\/{rel}","templated":true}]}}