{"id":5811,"date":"2022-07-13T07:28:11","date_gmt":"2022-07-13T05:28:11","guid":{"rendered":"https:\/\/bsv.dk\/crane-forks\/"},"modified":"2023-03-07T09:57:28","modified_gmt":"2023-03-07T08:57:28","slug":"crane-forks","status":"publish","type":"page","link":"https:\/\/bsv.dk\/en\/crane-forks\/","title":{"rendered":"Pallet forks"},"content":{"rendered":"<div class=\"wpb-content-wrapper\"><p>[vc_row full_width=&#8221;stretch_row&#8221;][vc_column]<div class=\"ult-spacer spacer-69f0030ada0bb\" data-id=\"69f0030ada0bb\" data-height=\"90\" data-height-mobile=\"60\" data-height-tab=\"90\" data-height-tab-portrait=\"60\" data-height-mobile-landscape=\"60\" style=\"clear:both;display:block;\"><\/div>[vc_row_inner][vc_column_inner offset=&#8221;vc_col-lg-8 vc_col-md-8 vc_col-xs-12&#8243;][vc_column_text]<\/p>\n<h1>BSV pallet forks for crane<\/h1>\n<p>A crane fork is not just a crane fork &#8211; it is important that there is connection between functionality and purpose for use. \u00a0BSV has a wide range of pallet forks for crane use, which are produced at our factory in Vejen. It is Danish quality and our customers appreciate Danish-produced lifting tools, high quality and long durability.<\/p>\n<p>BSV has crane forks for many purposes, and our standard pallet forks are available in both 2000 kg and 3000 kg versions as well as telescopic version.<\/p>\n<p>In addition, we offer a huge range of made-to-order and customized versions. Using BSV products means that you have got a product that is strong, safe, functional, and easy to use.<\/p>\n<p>Special pallet forks are made with a lifting capacity as low as 100 kg and in versions with a load up to 12.000 kg.<\/p>\n<p>Beside standard versions, we have different types of pallet forks, e.g. pallet forks with bow, self-balancing pallet forks, telescopic pallet forks, pallet forks with clamp suspension, counter-balanced pallet forks, board lifter pallet fork, etc.<br \/>\nIf you need a pallet fork for crane, you are welcome to call <a href=\"tel:75362122\">(+45) 75 36 21 22<\/a> or write to <a href=\"mailto:sales@bsv.dk\">sales@bsv.dk<\/a>[\/vc_column_text]<div class=\"ult-spacer spacer-69f0030ada100\" data-id=\"69f0030ada100\" data-height=\"0\" data-height-mobile=\"30\" data-height-tab=\"0\" data-height-tab-portrait=\"30\" data-height-mobile-landscape=\"30\" style=\"clear:both;display:block;\"><\/div>[\/vc_column_inner][vc_column_inner offset=&#8221;vc_col-lg-4 vc_col-md-4 vc_col-xs-12&#8243;][vc_wp_custommenu nav_menu=&#8221;15&#8243; el_class=&#8221;contact-sidebar&#8221;][\/vc_column_inner][\/vc_row_inner]<div class=\"ult-spacer spacer-69f0030ada122\" data-id=\"69f0030ada122\" data-height=\"90\" data-height-mobile=\"60\" data-height-tab=\"90\" data-height-tab-portrait=\"60\" data-height-mobile-landscape=\"60\" style=\"clear:both;display:block;\"><\/div>[\/vc_column][\/vc_row][vc_row full_width=&#8221;stretch_row&#8221;][vc_column][vc_basic_grid post_type=&#8221;post&#8221; max_items=&#8221;-1&#8243; item=&#8221;2938&#8243; grid_id=&#8221;vc_gid:1678179360146-24fc98e7-10f9-0&#8243; taxonomies=&#8221;46&#8243;]<div class=\"ult-spacer spacer-69f0030ada140\" data-id=\"69f0030ada140\" data-height=\"90\" data-height-mobile=\"60\" data-height-tab=\"90\" data-height-tab-portrait=\"60\" data-height-mobile-landscape=\"60\" style=\"clear:both;display:block;\"><\/div>[\/vc_column][\/vc_row]<\/p>\n<\/div>","protected":false},"excerpt":{"rendered":"<p>[vc_row full_width=&#8221;stretch_row&#8221;][vc_column][vc_row_inner][vc_column_inner offset=&#8221;vc_col-lg-8 vc_col-md-8 vc_col-xs-12&#8243;][vc_column_text] BSV pallet forks for crane A crane fork is not just a crane fork &#8211; it is important that there is connection between functionality and purpose for use. \u00a0BSV has a wide range of pallet forks for crane use, which are produced at our factory in Vejen. It is Danish &#8230; <a title=\"Pallet forks\" class=\"read-more\" href=\"https:\/\/bsv.dk\/en\/crane-forks\/\" aria-label=\"Read more about Pallet forks\">Read more<\/a><\/p>\n","protected":false},"author":1,"featured_media":0,"parent":0,"menu_order":0,"comment_status":"closed","ping_status":"closed","template":"","meta":{"footnotes":""},"categories":[46],"class_list":{"0":"post-5811","1":"page","2":"type-page","3":"status-publish","5":"category-crane-forks"},"yoast_head":"<!-- This site is optimized with the Yoast SEO plugin v27.4 - https:\/\/yoast.com\/product\/yoast-seo-wordpress\/ -->\n<title>Pallet forks &#183; BSV<\/title>\n<meta name=\"robots\" content=\"index, follow, max-snippet:-1, max-image-preview:large, max-video-preview:-1\" \/>\n<link rel=\"canonical\" href=\"https:\/\/bsv.dk\/en\/crane-forks\/\" \/>\n<meta property=\"og:locale\" content=\"en_US\" \/>\n<meta property=\"og:type\" content=\"article\" \/>\n<meta property=\"og:title\" content=\"Pallet forks &#183; BSV\" \/>\n<meta property=\"og:description\" content=\"[vc_row full_width=&#8221;stretch_row&#8221;][vc_column][vc_row_inner][vc_column_inner offset=&#8221;vc_col-lg-8 vc_col-md-8 vc_col-xs-12&#8243;][vc_column_text] BSV pallet forks for crane A crane fork is not just a crane fork &#8211; it is important that there is connection between functionality and purpose for use. \u00a0BSV has a wide range of pallet forks for crane use, which are produced at our factory in Vejen. It is Danish ... Read more\" \/>\n<meta property=\"og:url\" content=\"https:\/\/bsv.dk\/en\/crane-forks\/\" \/>\n<meta property=\"og:site_name\" content=\"BSV\" \/>\n<meta property=\"article:modified_time\" content=\"2023-03-07T08:57:28+00:00\" \/>\n<meta name=\"twitter:card\" content=\"summary_large_image\" \/>\n<meta name=\"twitter:label1\" content=\"Est. reading time\" \/>\n\t<meta name=\"twitter:data1\" content=\"2 minutes\" \/>\n<script type=\"application\/ld+json\" class=\"yoast-schema-graph\">{\"@context\":\"https:\\\/\\\/schema.org\",\"@graph\":[{\"@type\":\"WebPage\",\"@id\":\"https:\\\/\\\/bsv.dk\\\/en\\\/crane-forks\\\/\",\"url\":\"https:\\\/\\\/bsv.dk\\\/en\\\/crane-forks\\\/\",\"name\":\"Pallet forks &#183; BSV\",\"isPartOf\":{\"@id\":\"https:\\\/\\\/bsv.dk\\\/#website\"},\"datePublished\":\"2022-07-13T05:28:11+00:00\",\"dateModified\":\"2023-03-07T08:57:28+00:00\",\"breadcrumb\":{\"@id\":\"https:\\\/\\\/bsv.dk\\\/en\\\/crane-forks\\\/#breadcrumb\"},\"inLanguage\":\"en-US\",\"potentialAction\":[{\"@type\":\"ReadAction\",\"target\":[\"https:\\\/\\\/bsv.dk\\\/en\\\/crane-forks\\\/\"]}]},{\"@type\":\"BreadcrumbList\",\"@id\":\"https:\\\/\\\/bsv.dk\\\/en\\\/crane-forks\\\/#breadcrumb\",\"itemListElement\":[{\"@type\":\"ListItem\",\"position\":1,\"name\":\"Hjem\",\"item\":\"https:\\\/\\\/bsv.dk\\\/en\\\/\"},{\"@type\":\"ListItem\",\"position\":2,\"name\":\"Pallet forks\"}]},{\"@type\":\"WebSite\",\"@id\":\"https:\\\/\\\/bsv.dk\\\/#website\",\"url\":\"https:\\\/\\\/bsv.dk\\\/\",\"name\":\"BSV\",\"description\":\"L\u00f8fteudstyr og krantilbeh\u00f8r: K\u00f8b dit l\u00f8ftegrej og kran-udstyr\",\"publisher\":{\"@id\":\"https:\\\/\\\/bsv.dk\\\/#organization\"},\"potentialAction\":[{\"@type\":\"SearchAction\",\"target\":{\"@type\":\"EntryPoint\",\"urlTemplate\":\"https:\\\/\\\/bsv.dk\\\/?s={search_term_string}\"},\"query-input\":{\"@type\":\"PropertyValueSpecification\",\"valueRequired\":true,\"valueName\":\"search_term_string\"}}],\"inLanguage\":\"en-US\"},{\"@type\":\"Organization\",\"@id\":\"https:\\\/\\\/bsv.dk\\\/#organization\",\"name\":\"BSV\",\"url\":\"https:\\\/\\\/bsv.dk\\\/\",\"logo\":{\"@type\":\"ImageObject\",\"inLanguage\":\"en-US\",\"@id\":\"https:\\\/\\\/bsv.dk\\\/#\\\/schema\\\/logo\\\/image\\\/\",\"url\":\"https:\\\/\\\/bsv.dk\\\/wp-content\\\/uploads\\\/2022\\\/07\\\/bsv-logo.png\",\"contentUrl\":\"https:\\\/\\\/bsv.dk\\\/wp-content\\\/uploads\\\/2022\\\/07\\\/bsv-logo.png\",\"width\":594,\"height\":249,\"caption\":\"BSV\"},\"image\":{\"@id\":\"https:\\\/\\\/bsv.dk\\\/#\\\/schema\\\/logo\\\/image\\\/\"}}]}<\/script>\n<!-- \/ Yoast SEO plugin. -->","yoast_head_json":{"title":"Pallet forks &#183; BSV","robots":{"index":"index","follow":"follow","max-snippet":"max-snippet:-1","max-image-preview":"max-image-preview:large","max-video-preview":"max-video-preview:-1"},"canonical":"https:\/\/bsv.dk\/en\/crane-forks\/","og_locale":"en_US","og_type":"article","og_title":"Pallet forks &#183; BSV","og_description":"[vc_row full_width=&#8221;stretch_row&#8221;][vc_column][vc_row_inner][vc_column_inner offset=&#8221;vc_col-lg-8 vc_col-md-8 vc_col-xs-12&#8243;][vc_column_text] BSV pallet forks for crane A crane fork is not just a crane fork &#8211; it is important that there is connection between functionality and purpose for use. \u00a0BSV has a wide range of pallet forks for crane use, which are produced at our factory in Vejen. It is Danish ... Read more","og_url":"https:\/\/bsv.dk\/en\/crane-forks\/","og_site_name":"BSV","article_modified_time":"2023-03-07T08:57:28+00:00","twitter_card":"summary_large_image","twitter_misc":{"Est. reading time":"2 minutes"},"schema":{"@context":"https:\/\/schema.org","@graph":[{"@type":"WebPage","@id":"https:\/\/bsv.dk\/en\/crane-forks\/","url":"https:\/\/bsv.dk\/en\/crane-forks\/","name":"Pallet forks &#183; BSV","isPartOf":{"@id":"https:\/\/bsv.dk\/#website"},"datePublished":"2022-07-13T05:28:11+00:00","dateModified":"2023-03-07T08:57:28+00:00","breadcrumb":{"@id":"https:\/\/bsv.dk\/en\/crane-forks\/#breadcrumb"},"inLanguage":"en-US","potentialAction":[{"@type":"ReadAction","target":["https:\/\/bsv.dk\/en\/crane-forks\/"]}]},{"@type":"BreadcrumbList","@id":"https:\/\/bsv.dk\/en\/crane-forks\/#breadcrumb","itemListElement":[{"@type":"ListItem","position":1,"name":"Hjem","item":"https:\/\/bsv.dk\/en\/"},{"@type":"ListItem","position":2,"name":"Pallet forks"}]},{"@type":"WebSite","@id":"https:\/\/bsv.dk\/#website","url":"https:\/\/bsv.dk\/","name":"BSV","description":"L\u00f8fteudstyr og krantilbeh\u00f8r: K\u00f8b dit l\u00f8ftegrej og kran-udstyr","publisher":{"@id":"https:\/\/bsv.dk\/#organization"},"potentialAction":[{"@type":"SearchAction","target":{"@type":"EntryPoint","urlTemplate":"https:\/\/bsv.dk\/?s={search_term_string}"},"query-input":{"@type":"PropertyValueSpecification","valueRequired":true,"valueName":"search_term_string"}}],"inLanguage":"en-US"},{"@type":"Organization","@id":"https:\/\/bsv.dk\/#organization","name":"BSV","url":"https:\/\/bsv.dk\/","logo":{"@type":"ImageObject","inLanguage":"en-US","@id":"https:\/\/bsv.dk\/#\/schema\/logo\/image\/","url":"https:\/\/bsv.dk\/wp-content\/uploads\/2022\/07\/bsv-logo.png","contentUrl":"https:\/\/bsv.dk\/wp-content\/uploads\/2022\/07\/bsv-logo.png","width":594,"height":249,"caption":"BSV"},"image":{"@id":"https:\/\/bsv.dk\/#\/schema\/logo\/image\/"}}]}},"_links":{"self":[{"href":"https:\/\/bsv.dk\/en\/wp-json\/wp\/v2\/pages\/5811","targetHints":{"allow":["GET"]}}],"collection":[{"href":"https:\/\/bsv.dk\/en\/wp-json\/wp\/v2\/pages"}],"about":[{"href":"https:\/\/bsv.dk\/en\/wp-json\/wp\/v2\/types\/page"}],"author":[{"embeddable":true,"href":"https:\/\/bsv.dk\/en\/wp-json\/wp\/v2\/users\/1"}],"replies":[{"embeddable":true,"href":"https:\/\/bsv.dk\/en\/wp-json\/wp\/v2\/comments?post=5811"}],"version-history":[{"count":11,"href":"https:\/\/bsv.dk\/en\/wp-json\/wp\/v2\/pages\/5811\/revisions"}],"predecessor-version":[{"id":900377,"href":"https:\/\/bsv.dk\/en\/wp-json\/wp\/v2\/pages\/5811\/revisions\/900377"}],"wp:attachment":[{"href":"https:\/\/bsv.dk\/en\/wp-json\/wp\/v2\/media?parent=5811"}],"wp:term":[{"taxonomy":"category","embeddable":true,"href":"https:\/\/bsv.dk\/en\/wp-json\/wp\/v2\/categories?post=5811"}],"curies":[{"name":"wp","href":"https:\/\/api.w.org\/{rel}","templated":true}]}}