{"id":5808,"date":"2022-07-13T07:37:25","date_gmt":"2022-07-13T05:37:25","guid":{"rendered":"https:\/\/bsv.dk\/mechanical-scissor-grabs\/tube-grabs\/"},"modified":"2026-02-16T09:37:36","modified_gmt":"2026-02-16T08:37:36","slug":"rb-tube-grab","status":"publish","type":"page","link":"https:\/\/bsv.dk\/en\/mechanical-scissor-grabs\/rb-tube-grab\/","title":{"rendered":"For pipes"},"content":{"rendered":"<div class=\"wpb-content-wrapper\"><p>[vc_row full_width=&#8221;stretch_row&#8221; el_class=&#8221;produkter&#8221;][vc_column]<div class=\"ult-spacer spacer-69efb675abfe6\" data-id=\"69efb675abfe6\" data-height=\"90\" data-height-mobile=\"60\" data-height-tab=\"90\" data-height-tab-portrait=\"60\" data-height-mobile-landscape=\"60\" style=\"clear:both;display:block;\"><\/div>[vc_column_text]<\/p>\n<h1>Scissor grab for lifting tubes<\/h1>\n<p>[\/vc_column_text]<div class=\"ult-spacer spacer-69efb675ac02f\" data-id=\"69efb675ac02f\" data-height=\"15\" data-height-mobile=\"15\" data-height-tab=\"15\" data-height-tab-portrait=\"15\" data-height-mobile-landscape=\"15\" style=\"clear:both;display:block;\"><\/div>[vc_btn title=&#8221;Download PDF&#8221; style=&#8221;custom&#8221; custom_background=&#8221;#f7b639&#8243; custom_text=&#8221;#ffffff&#8221; shape=&#8221;square&#8221; size=&#8221;sm&#8221; align=&#8221;left&#8221; css=&#8221;&#8221; link=&#8221;url:https%3A%2F%2Fbsv.dk%2Fwp-content%2Fuploads%2F2026%2F02%2Fdatablaf-taenger-type-rb-til-roer-gb.pdf|title:2024%2F05%2Frb-grabs-gb.pdf|target:_blank&#8221;]<div class=\"ult-spacer spacer-69efb675ac053\" data-id=\"69efb675ac053\" data-height=\"15\" data-height-mobile=\"15\" data-height-tab=\"15\" data-height-tab-portrait=\"15\" data-height-mobile-landscape=\"15\" style=\"clear:both;display:block;\"><\/div>[vc_column_text]BSV also develops and manufactures scissor grabs for lifting pipes in various sizes and materials. It can, for example, be concrete pipes, PVC pipes, paper rolls, etc.<\/p>\n<p>BSV mechanical scissor grabs are all equipped with a patented pawl system that ensures 100% automatic work, also called &#8220;every second time automatic&#8221;. It means that it grips every second time and releases every second time when operated by the crane operator.<\/p>\n<p>BSV offers this type of scissor grabs in many different sizes. The grabs are available in a standard range as well as asymmetrical versions.<\/p>\n<p>The grabs are equipped with replaceable rubber pads or steel jaws depending on the type of grab and the kind of material, the surface and working and climatic conditions.[\/vc_column_text][vc_empty_space height=&#8221;30px&#8221;]<div class=\"ult-spacer spacer-69efb675ac073\" data-id=\"69efb675ac073\" data-height=\"60\" data-height-mobile=\"30\" data-height-tab=\"30\" data-height-tab-portrait=\"30\" data-height-mobile-landscape=\"30\" style=\"clear:both;display:block;\"><\/div>[vc_tta_tabs style=&#8221;flat&#8221; shape=&#8221;square&#8221; alignment=&#8221;center&#8221; active_section=&#8221;1&#8243; el_class=&#8221;galleri&#8221;][vc_tta_section title=&#8221;RB pliers for pipes&#8221; tab_id=&#8221;RB-tang-til-roer&#8221;][vc_media_grid element_width=&#8221;3&#8243; gap=&#8221;20&#8243; item=&#8221;467&#8243; css=&#8221;&#8221; grid_id=&#8221;vc_gid:1771230549585-4faef931-220c-1&#8243; include=&#8221;901911,901914,901915,901916,901917,901918,901920,901919,901921,901922&#8243;][\/vc_tta_section][vc_tta_section title=&#8221;Well pipe&#8221; tab_id=&#8221;broendroer&#8221;][vc_media_grid element_width=&#8221;3&#8243; gap=&#8221;20&#8243; item=&#8221;467&#8243; css=&#8221;&#8221; grid_id=&#8221;vc_gid:1771230549608-32f8ec9c-e6dc-9&#8243; include=&#8221;901923&#8243;][\/vc_tta_section][vc_tta_section title=&#8221;Pipe hooks&#8221; tab_id=&#8221;roerkroge&#8221;][vc_media_grid element_width=&#8221;3&#8243; gap=&#8221;20&#8243; item=&#8221;467&#8243; css=&#8221;&#8221; grid_id=&#8221;vc_gid:1771230549613-bbea0e4f-e448-9&#8243; include=&#8221;901929,901931,901932,901933,901934,901935&#8243;][\/vc_tta_section][vc_tta_section title=&#8221;Complementary products&#8221; tab_id=&#8221;supplerende-produkter&#8221;][vc_media_grid element_width=&#8221;3&#8243; gap=&#8221;20&#8243; item=&#8221;467&#8243; grid_id=&#8221;vc_gid:1771230549623-183bace8-40b9-5&#8243;][\/vc_tta_section][\/vc_tta_tabs]<div class=\"ult-spacer spacer-69efb675ac09c\" data-id=\"69efb675ac09c\" data-height=\"90\" data-height-mobile=\"60\" data-height-tab=\"90\" data-height-tab-portrait=\"60\" data-height-mobile-landscape=\"60\" style=\"clear:both;display:block;\"><\/div>[\/vc_column][\/vc_row]<\/p>\n<\/div>","protected":false},"excerpt":{"rendered":"<p>[vc_row full_width=&#8221;stretch_row&#8221; el_class=&#8221;produkter&#8221;][vc_column][vc_column_text] Scissor grab for lifting tubes [\/vc_column_text][vc_btn title=&#8221;Download PDF&#8221; style=&#8221;custom&#8221; custom_background=&#8221;#f7b639&#8243; custom_text=&#8221;#ffffff&#8221; shape=&#8221;square&#8221; size=&#8221;sm&#8221; align=&#8221;left&#8221; css=&#8221;&#8221; link=&#8221;url:https%3A%2F%2Fbsv.dk%2Fwp-content%2Fuploads%2F2026%2F02%2Fdatablaf-taenger-type-rb-til-roer-gb.pdf|title:2024%2F05%2Frb-grabs-gb.pdf|target:_blank&#8221;][vc_column_text]BSV also develops and manufactures scissor grabs for lifting pipes in various sizes and materials. It can, for example, be concrete pipes, PVC pipes, paper rolls, etc. BSV mechanical scissor grabs are all equipped with a patented &#8230; <a title=\"For pipes\" class=\"read-more\" href=\"https:\/\/bsv.dk\/en\/mechanical-scissor-grabs\/rb-tube-grab\/\" aria-label=\"Read more about For pipes\">Read more<\/a><\/p>\n","protected":false},"author":1,"featured_media":0,"parent":5776,"menu_order":0,"comment_status":"closed","ping_status":"closed","template":"","meta":{"footnotes":""},"categories":[],"class_list":["post-5808","page","type-page","status-publish"],"yoast_head":"<!-- This site is optimized with the Yoast SEO plugin v27.4 - https:\/\/yoast.com\/product\/yoast-seo-wordpress\/ -->\n<title>For pipes &#183; BSV<\/title>\n<meta name=\"robots\" content=\"index, follow, max-snippet:-1, max-image-preview:large, max-video-preview:-1\" \/>\n<link rel=\"canonical\" href=\"https:\/\/bsv.dk\/en\/mechanical-scissor-grabs\/rb-tube-grab\/\" \/>\n<meta property=\"og:locale\" content=\"en_US\" \/>\n<meta property=\"og:type\" content=\"article\" \/>\n<meta property=\"og:title\" content=\"For pipes &#183; BSV\" \/>\n<meta property=\"og:description\" content=\"[vc_row full_width=&#8221;stretch_row&#8221; el_class=&#8221;produkter&#8221;][vc_column][vc_column_text] Scissor grab for lifting tubes [\/vc_column_text][vc_btn title=&#8221;Download PDF&#8221; style=&#8221;custom&#8221; custom_background=&#8221;#f7b639&#8243; custom_text=&#8221;#ffffff&#8221; shape=&#8221;square&#8221; size=&#8221;sm&#8221; align=&#8221;left&#8221; css=&#8221;&#8221; link=&#8221;url:https%3A%2F%2Fbsv.dk%2Fwp-content%2Fuploads%2F2026%2F02%2Fdatablaf-taenger-type-rb-til-roer-gb.pdf|title:2024%2F05%2Frb-grabs-gb.pdf|target:_blank&#8221;][vc_column_text]BSV also develops and manufactures scissor grabs for lifting pipes in various sizes and materials. It can, for example, be concrete pipes, PVC pipes, paper rolls, etc. BSV mechanical scissor grabs are all equipped with a patented ... Read more\" \/>\n<meta property=\"og:url\" content=\"https:\/\/bsv.dk\/en\/mechanical-scissor-grabs\/rb-tube-grab\/\" \/>\n<meta property=\"og:site_name\" content=\"BSV\" \/>\n<meta property=\"article:modified_time\" content=\"2026-02-16T08:37:36+00:00\" \/>\n<meta name=\"twitter:card\" content=\"summary_large_image\" \/>\n<meta name=\"twitter:label1\" content=\"Est. reading time\" \/>\n\t<meta name=\"twitter:data1\" content=\"4 minutes\" \/>\n<script type=\"application\/ld+json\" class=\"yoast-schema-graph\">{\"@context\":\"https:\\\/\\\/schema.org\",\"@graph\":[{\"@type\":\"WebPage\",\"@id\":\"https:\\\/\\\/bsv.dk\\\/en\\\/mechanical-scissor-grabs\\\/rb-tube-grab\\\/\",\"url\":\"https:\\\/\\\/bsv.dk\\\/en\\\/mechanical-scissor-grabs\\\/rb-tube-grab\\\/\",\"name\":\"For pipes &#183; BSV\",\"isPartOf\":{\"@id\":\"https:\\\/\\\/bsv.dk\\\/#website\"},\"datePublished\":\"2022-07-13T05:37:25+00:00\",\"dateModified\":\"2026-02-16T08:37:36+00:00\",\"breadcrumb\":{\"@id\":\"https:\\\/\\\/bsv.dk\\\/en\\\/mechanical-scissor-grabs\\\/rb-tube-grab\\\/#breadcrumb\"},\"inLanguage\":\"en-US\",\"potentialAction\":[{\"@type\":\"ReadAction\",\"target\":[\"https:\\\/\\\/bsv.dk\\\/en\\\/mechanical-scissor-grabs\\\/rb-tube-grab\\\/\"]}]},{\"@type\":\"BreadcrumbList\",\"@id\":\"https:\\\/\\\/bsv.dk\\\/en\\\/mechanical-scissor-grabs\\\/rb-tube-grab\\\/#breadcrumb\",\"itemListElement\":[{\"@type\":\"ListItem\",\"position\":1,\"name\":\"Hjem\",\"item\":\"https:\\\/\\\/bsv.dk\\\/en\\\/\"},{\"@type\":\"ListItem\",\"position\":2,\"name\":\"Mechanical scissor grabs\",\"item\":\"https:\\\/\\\/bsv.dk\\\/en\\\/mechanical-scissor-grabs\\\/\"},{\"@type\":\"ListItem\",\"position\":3,\"name\":\"For pipes\"}]},{\"@type\":\"WebSite\",\"@id\":\"https:\\\/\\\/bsv.dk\\\/#website\",\"url\":\"https:\\\/\\\/bsv.dk\\\/\",\"name\":\"BSV\",\"description\":\"L\u00f8fteudstyr og krantilbeh\u00f8r: K\u00f8b dit l\u00f8ftegrej og kran-udstyr\",\"publisher\":{\"@id\":\"https:\\\/\\\/bsv.dk\\\/#organization\"},\"potentialAction\":[{\"@type\":\"SearchAction\",\"target\":{\"@type\":\"EntryPoint\",\"urlTemplate\":\"https:\\\/\\\/bsv.dk\\\/?s={search_term_string}\"},\"query-input\":{\"@type\":\"PropertyValueSpecification\",\"valueRequired\":true,\"valueName\":\"search_term_string\"}}],\"inLanguage\":\"en-US\"},{\"@type\":\"Organization\",\"@id\":\"https:\\\/\\\/bsv.dk\\\/#organization\",\"name\":\"BSV\",\"url\":\"https:\\\/\\\/bsv.dk\\\/\",\"logo\":{\"@type\":\"ImageObject\",\"inLanguage\":\"en-US\",\"@id\":\"https:\\\/\\\/bsv.dk\\\/#\\\/schema\\\/logo\\\/image\\\/\",\"url\":\"https:\\\/\\\/bsv.dk\\\/wp-content\\\/uploads\\\/2022\\\/07\\\/bsv-logo.png\",\"contentUrl\":\"https:\\\/\\\/bsv.dk\\\/wp-content\\\/uploads\\\/2022\\\/07\\\/bsv-logo.png\",\"width\":594,\"height\":249,\"caption\":\"BSV\"},\"image\":{\"@id\":\"https:\\\/\\\/bsv.dk\\\/#\\\/schema\\\/logo\\\/image\\\/\"}}]}<\/script>\n<!-- \/ Yoast SEO plugin. -->","yoast_head_json":{"title":"For pipes &#183; BSV","robots":{"index":"index","follow":"follow","max-snippet":"max-snippet:-1","max-image-preview":"max-image-preview:large","max-video-preview":"max-video-preview:-1"},"canonical":"https:\/\/bsv.dk\/en\/mechanical-scissor-grabs\/rb-tube-grab\/","og_locale":"en_US","og_type":"article","og_title":"For pipes &#183; BSV","og_description":"[vc_row full_width=&#8221;stretch_row&#8221; el_class=&#8221;produkter&#8221;][vc_column][vc_column_text] Scissor grab for lifting tubes [\/vc_column_text][vc_btn title=&#8221;Download PDF&#8221; style=&#8221;custom&#8221; custom_background=&#8221;#f7b639&#8243; custom_text=&#8221;#ffffff&#8221; shape=&#8221;square&#8221; size=&#8221;sm&#8221; align=&#8221;left&#8221; css=&#8221;&#8221; link=&#8221;url:https%3A%2F%2Fbsv.dk%2Fwp-content%2Fuploads%2F2026%2F02%2Fdatablaf-taenger-type-rb-til-roer-gb.pdf|title:2024%2F05%2Frb-grabs-gb.pdf|target:_blank&#8221;][vc_column_text]BSV also develops and manufactures scissor grabs for lifting pipes in various sizes and materials. It can, for example, be concrete pipes, PVC pipes, paper rolls, etc. BSV mechanical scissor grabs are all equipped with a patented ... Read more","og_url":"https:\/\/bsv.dk\/en\/mechanical-scissor-grabs\/rb-tube-grab\/","og_site_name":"BSV","article_modified_time":"2026-02-16T08:37:36+00:00","twitter_card":"summary_large_image","twitter_misc":{"Est. reading time":"4 minutes"},"schema":{"@context":"https:\/\/schema.org","@graph":[{"@type":"WebPage","@id":"https:\/\/bsv.dk\/en\/mechanical-scissor-grabs\/rb-tube-grab\/","url":"https:\/\/bsv.dk\/en\/mechanical-scissor-grabs\/rb-tube-grab\/","name":"For pipes &#183; BSV","isPartOf":{"@id":"https:\/\/bsv.dk\/#website"},"datePublished":"2022-07-13T05:37:25+00:00","dateModified":"2026-02-16T08:37:36+00:00","breadcrumb":{"@id":"https:\/\/bsv.dk\/en\/mechanical-scissor-grabs\/rb-tube-grab\/#breadcrumb"},"inLanguage":"en-US","potentialAction":[{"@type":"ReadAction","target":["https:\/\/bsv.dk\/en\/mechanical-scissor-grabs\/rb-tube-grab\/"]}]},{"@type":"BreadcrumbList","@id":"https:\/\/bsv.dk\/en\/mechanical-scissor-grabs\/rb-tube-grab\/#breadcrumb","itemListElement":[{"@type":"ListItem","position":1,"name":"Hjem","item":"https:\/\/bsv.dk\/en\/"},{"@type":"ListItem","position":2,"name":"Mechanical scissor grabs","item":"https:\/\/bsv.dk\/en\/mechanical-scissor-grabs\/"},{"@type":"ListItem","position":3,"name":"For pipes"}]},{"@type":"WebSite","@id":"https:\/\/bsv.dk\/#website","url":"https:\/\/bsv.dk\/","name":"BSV","description":"L\u00f8fteudstyr og krantilbeh\u00f8r: K\u00f8b dit l\u00f8ftegrej og kran-udstyr","publisher":{"@id":"https:\/\/bsv.dk\/#organization"},"potentialAction":[{"@type":"SearchAction","target":{"@type":"EntryPoint","urlTemplate":"https:\/\/bsv.dk\/?s={search_term_string}"},"query-input":{"@type":"PropertyValueSpecification","valueRequired":true,"valueName":"search_term_string"}}],"inLanguage":"en-US"},{"@type":"Organization","@id":"https:\/\/bsv.dk\/#organization","name":"BSV","url":"https:\/\/bsv.dk\/","logo":{"@type":"ImageObject","inLanguage":"en-US","@id":"https:\/\/bsv.dk\/#\/schema\/logo\/image\/","url":"https:\/\/bsv.dk\/wp-content\/uploads\/2022\/07\/bsv-logo.png","contentUrl":"https:\/\/bsv.dk\/wp-content\/uploads\/2022\/07\/bsv-logo.png","width":594,"height":249,"caption":"BSV"},"image":{"@id":"https:\/\/bsv.dk\/#\/schema\/logo\/image\/"}}]}},"_links":{"self":[{"href":"https:\/\/bsv.dk\/en\/wp-json\/wp\/v2\/pages\/5808","targetHints":{"allow":["GET"]}}],"collection":[{"href":"https:\/\/bsv.dk\/en\/wp-json\/wp\/v2\/pages"}],"about":[{"href":"https:\/\/bsv.dk\/en\/wp-json\/wp\/v2\/types\/page"}],"author":[{"embeddable":true,"href":"https:\/\/bsv.dk\/en\/wp-json\/wp\/v2\/users\/1"}],"replies":[{"embeddable":true,"href":"https:\/\/bsv.dk\/en\/wp-json\/wp\/v2\/comments?post=5808"}],"version-history":[{"count":33,"href":"https:\/\/bsv.dk\/en\/wp-json\/wp\/v2\/pages\/5808\/revisions"}],"predecessor-version":[{"id":901979,"href":"https:\/\/bsv.dk\/en\/wp-json\/wp\/v2\/pages\/5808\/revisions\/901979"}],"up":[{"embeddable":true,"href":"https:\/\/bsv.dk\/en\/wp-json\/wp\/v2\/pages\/5776"}],"wp:attachment":[{"href":"https:\/\/bsv.dk\/en\/wp-json\/wp\/v2\/media?parent=5808"}],"wp:term":[{"taxonomy":"category","embeddable":true,"href":"https:\/\/bsv.dk\/en\/wp-json\/wp\/v2\/categories?post=5808"}],"curies":[{"name":"wp","href":"https:\/\/api.w.org\/{rel}","templated":true}]}}