{"id":5777,"date":"2022-07-13T07:34:27","date_gmt":"2022-07-13T05:34:27","guid":{"rendered":"https:\/\/bsv.dk\/crane-forks\/request-sheet-for-crane-forks\/"},"modified":"2022-10-21T13:47:30","modified_gmt":"2022-10-21T11:47:30","slug":"request-sheet","status":"publish","type":"page","link":"https:\/\/bsv.dk\/en\/crane-forks\/request-sheet\/","title":{"rendered":"Inquiry sheet"},"content":{"rendered":"<div class=\"wpb-content-wrapper\"><p>[vc_row full_width=&#8221;stretch_row&#8221; el_class=&#8221;produkter&#8221;][vc_column]<div class=\"ult-spacer spacer-69efa3ec5f8dd\" data-id=\"69efa3ec5f8dd\" data-height=\"90\" data-height-mobile=\"60\" data-height-tab=\"90\" data-height-tab-portrait=\"60\" data-height-mobile-landscape=\"60\" style=\"clear:both;display:block;\"><\/div>[vc_row_inner equal_height=&#8221;yes&#8221;][vc_column_inner offset=&#8221;vc_col-lg-6 vc_col-md-6 vc_col-xs-12&#8243;][vc_single_image image=&#8221;5600&#8243; img_size=&#8221;large&#8221; alignment=&#8221;center&#8221;]<div class=\"ult-spacer spacer-69efa3ec5f921\" data-id=\"69efa3ec5f921\" data-height=\"0\" data-height-mobile=\"30\" data-height-tab=\"0\" data-height-tab-portrait=\"30\" data-height-mobile-landscape=\"30\" style=\"clear:both;display:block;\"><\/div>[\/vc_column_inner][vc_column_inner offset=&#8221;vc_col-lg-6 vc_col-md-6 vc_col-xs-12&#8243;][vc_column_text]<\/p>\n<h1>Inquiry sheet<\/h1>\n<h2>See our inquiry sheet<\/h2>\n<p>[\/vc_column_text][vc_empty_space height=&#8221;30px&#8221;][vc_btn title=&#8221;Download PDF&#8221; style=&#8221;custom&#8221; custom_background=&#8221;#f7b639&#8243; custom_text=&#8221;#ffffff&#8221; shape=&#8221;square&#8221; size=&#8221;sm&#8221; align=&#8221;left&#8221; link=&#8221;url:%2Fwp-content%2Fuploads%2F2022%2F08%2Fforespoergselsskema-pg-994024-225.png|target:_blank&#8221;][\/vc_column_inner][\/vc_row_inner]<div class=\"ult-spacer spacer-69efa3ec5f944\" data-id=\"69efa3ec5f944\" data-height=\"90\" data-height-mobile=\"60\" data-height-tab=\"90\" data-height-tab-portrait=\"60\" data-height-mobile-landscape=\"60\" style=\"clear:both;display:block;\"><\/div>[\/vc_column][\/vc_row]<\/p>\n<\/div>","protected":false},"excerpt":{"rendered":"<p>[vc_row full_width=&#8221;stretch_row&#8221; el_class=&#8221;produkter&#8221;][vc_column][vc_row_inner equal_height=&#8221;yes&#8221;][vc_column_inner offset=&#8221;vc_col-lg-6 vc_col-md-6 vc_col-xs-12&#8243;][vc_single_image image=&#8221;5600&#8243; img_size=&#8221;large&#8221; alignment=&#8221;center&#8221;][\/vc_column_inner][vc_column_inner offset=&#8221;vc_col-lg-6 vc_col-md-6 vc_col-xs-12&#8243;][vc_column_text] Inquiry sheet See our inquiry sheet [\/vc_column_text][vc_empty_space height=&#8221;30px&#8221;][vc_btn title=&#8221;Download PDF&#8221; style=&#8221;custom&#8221; custom_background=&#8221;#f7b639&#8243; custom_text=&#8221;#ffffff&#8221; shape=&#8221;square&#8221; size=&#8221;sm&#8221; align=&#8221;left&#8221; link=&#8221;url:%2Fwp-content%2Fuploads%2F2022%2F08%2Fforespoergselsskema-pg-994024-225.png|target:_blank&#8221;][\/vc_column_inner][\/vc_row_inner][\/vc_column][\/vc_row]<\/p>\n","protected":false},"author":1,"featured_media":0,"parent":5811,"menu_order":0,"comment_status":"closed","ping_status":"closed","template":"","meta":{"footnotes":""},"categories":[46],"class_list":{"0":"post-5777","1":"page","2":"type-page","3":"status-publish","5":"category-crane-forks"},"yoast_head":"<!-- This site is optimized with the Yoast SEO plugin v27.4 - https:\/\/yoast.com\/product\/yoast-seo-wordpress\/ -->\n<title>Inquiry sheet &#183; BSV<\/title>\n<meta name=\"robots\" content=\"index, follow, max-snippet:-1, max-image-preview:large, max-video-preview:-1\" \/>\n<link rel=\"canonical\" href=\"https:\/\/bsv.dk\/en\/crane-forks\/request-sheet\/\" \/>\n<meta property=\"og:locale\" content=\"en_US\" \/>\n<meta property=\"og:type\" content=\"article\" \/>\n<meta property=\"og:title\" content=\"Inquiry sheet &#183; BSV\" \/>\n<meta property=\"og:description\" content=\"[vc_row full_width=&#8221;stretch_row&#8221; el_class=&#8221;produkter&#8221;][vc_column][vc_row_inner equal_height=&#8221;yes&#8221;][vc_column_inner offset=&#8221;vc_col-lg-6 vc_col-md-6 vc_col-xs-12&#8243;][vc_single_image image=&#8221;5600&#8243; img_size=&#8221;large&#8221; alignment=&#8221;center&#8221;][\/vc_column_inner][vc_column_inner offset=&#8221;vc_col-lg-6 vc_col-md-6 vc_col-xs-12&#8243;][vc_column_text] Inquiry sheet See our inquiry sheet [\/vc_column_text][vc_empty_space height=&#8221;30px&#8221;][vc_btn title=&#8221;Download PDF&#8221; style=&#8221;custom&#8221; custom_background=&#8221;#f7b639&#8243; custom_text=&#8221;#ffffff&#8221; shape=&#8221;square&#8221; size=&#8221;sm&#8221; align=&#8221;left&#8221; link=&#8221;url:%2Fwp-content%2Fuploads%2F2022%2F08%2Fforespoergselsskema-pg-994024-225.png|target:_blank&#8221;][\/vc_column_inner][\/vc_row_inner][\/vc_column][\/vc_row]\" \/>\n<meta property=\"og:url\" content=\"https:\/\/bsv.dk\/en\/crane-forks\/request-sheet\/\" \/>\n<meta property=\"og:site_name\" content=\"BSV\" \/>\n<meta property=\"article:modified_time\" content=\"2022-10-21T11:47:30+00:00\" \/>\n<meta name=\"twitter:card\" content=\"summary_large_image\" \/>\n<meta name=\"twitter:label1\" content=\"Est. reading time\" \/>\n\t<meta name=\"twitter:data1\" content=\"1 minute\" \/>\n<script type=\"application\/ld+json\" class=\"yoast-schema-graph\">{\"@context\":\"https:\\\/\\\/schema.org\",\"@graph\":[{\"@type\":\"WebPage\",\"@id\":\"https:\\\/\\\/bsv.dk\\\/en\\\/crane-forks\\\/request-sheet\\\/\",\"url\":\"https:\\\/\\\/bsv.dk\\\/en\\\/crane-forks\\\/request-sheet\\\/\",\"name\":\"Inquiry sheet &#183; BSV\",\"isPartOf\":{\"@id\":\"https:\\\/\\\/bsv.dk\\\/#website\"},\"datePublished\":\"2022-07-13T05:34:27+00:00\",\"dateModified\":\"2022-10-21T11:47:30+00:00\",\"breadcrumb\":{\"@id\":\"https:\\\/\\\/bsv.dk\\\/en\\\/crane-forks\\\/request-sheet\\\/#breadcrumb\"},\"inLanguage\":\"en-US\",\"potentialAction\":[{\"@type\":\"ReadAction\",\"target\":[\"https:\\\/\\\/bsv.dk\\\/en\\\/crane-forks\\\/request-sheet\\\/\"]}]},{\"@type\":\"BreadcrumbList\",\"@id\":\"https:\\\/\\\/bsv.dk\\\/en\\\/crane-forks\\\/request-sheet\\\/#breadcrumb\",\"itemListElement\":[{\"@type\":\"ListItem\",\"position\":1,\"name\":\"Hjem\",\"item\":\"https:\\\/\\\/bsv.dk\\\/en\\\/\"},{\"@type\":\"ListItem\",\"position\":2,\"name\":\"Pallet forks\",\"item\":\"https:\\\/\\\/bsv.dk\\\/en\\\/crane-forks\\\/\"},{\"@type\":\"ListItem\",\"position\":3,\"name\":\"Inquiry sheet\"}]},{\"@type\":\"WebSite\",\"@id\":\"https:\\\/\\\/bsv.dk\\\/#website\",\"url\":\"https:\\\/\\\/bsv.dk\\\/\",\"name\":\"BSV\",\"description\":\"L\u00f8fteudstyr og krantilbeh\u00f8r: K\u00f8b dit l\u00f8ftegrej og kran-udstyr\",\"publisher\":{\"@id\":\"https:\\\/\\\/bsv.dk\\\/#organization\"},\"potentialAction\":[{\"@type\":\"SearchAction\",\"target\":{\"@type\":\"EntryPoint\",\"urlTemplate\":\"https:\\\/\\\/bsv.dk\\\/?s={search_term_string}\"},\"query-input\":{\"@type\":\"PropertyValueSpecification\",\"valueRequired\":true,\"valueName\":\"search_term_string\"}}],\"inLanguage\":\"en-US\"},{\"@type\":\"Organization\",\"@id\":\"https:\\\/\\\/bsv.dk\\\/#organization\",\"name\":\"BSV\",\"url\":\"https:\\\/\\\/bsv.dk\\\/\",\"logo\":{\"@type\":\"ImageObject\",\"inLanguage\":\"en-US\",\"@id\":\"https:\\\/\\\/bsv.dk\\\/#\\\/schema\\\/logo\\\/image\\\/\",\"url\":\"https:\\\/\\\/bsv.dk\\\/wp-content\\\/uploads\\\/2022\\\/07\\\/bsv-logo.png\",\"contentUrl\":\"https:\\\/\\\/bsv.dk\\\/wp-content\\\/uploads\\\/2022\\\/07\\\/bsv-logo.png\",\"width\":594,\"height\":249,\"caption\":\"BSV\"},\"image\":{\"@id\":\"https:\\\/\\\/bsv.dk\\\/#\\\/schema\\\/logo\\\/image\\\/\"}}]}<\/script>\n<!-- \/ Yoast SEO plugin. -->","yoast_head_json":{"title":"Inquiry sheet &#183; BSV","robots":{"index":"index","follow":"follow","max-snippet":"max-snippet:-1","max-image-preview":"max-image-preview:large","max-video-preview":"max-video-preview:-1"},"canonical":"https:\/\/bsv.dk\/en\/crane-forks\/request-sheet\/","og_locale":"en_US","og_type":"article","og_title":"Inquiry sheet &#183; BSV","og_description":"[vc_row full_width=&#8221;stretch_row&#8221; el_class=&#8221;produkter&#8221;][vc_column][vc_row_inner equal_height=&#8221;yes&#8221;][vc_column_inner offset=&#8221;vc_col-lg-6 vc_col-md-6 vc_col-xs-12&#8243;][vc_single_image image=&#8221;5600&#8243; img_size=&#8221;large&#8221; alignment=&#8221;center&#8221;][\/vc_column_inner][vc_column_inner offset=&#8221;vc_col-lg-6 vc_col-md-6 vc_col-xs-12&#8243;][vc_column_text] Inquiry sheet See our inquiry sheet [\/vc_column_text][vc_empty_space height=&#8221;30px&#8221;][vc_btn title=&#8221;Download PDF&#8221; style=&#8221;custom&#8221; custom_background=&#8221;#f7b639&#8243; custom_text=&#8221;#ffffff&#8221; shape=&#8221;square&#8221; size=&#8221;sm&#8221; align=&#8221;left&#8221; link=&#8221;url:%2Fwp-content%2Fuploads%2F2022%2F08%2Fforespoergselsskema-pg-994024-225.png|target:_blank&#8221;][\/vc_column_inner][\/vc_row_inner][\/vc_column][\/vc_row]","og_url":"https:\/\/bsv.dk\/en\/crane-forks\/request-sheet\/","og_site_name":"BSV","article_modified_time":"2022-10-21T11:47:30+00:00","twitter_card":"summary_large_image","twitter_misc":{"Est. reading time":"1 minute"},"schema":{"@context":"https:\/\/schema.org","@graph":[{"@type":"WebPage","@id":"https:\/\/bsv.dk\/en\/crane-forks\/request-sheet\/","url":"https:\/\/bsv.dk\/en\/crane-forks\/request-sheet\/","name":"Inquiry sheet &#183; BSV","isPartOf":{"@id":"https:\/\/bsv.dk\/#website"},"datePublished":"2022-07-13T05:34:27+00:00","dateModified":"2022-10-21T11:47:30+00:00","breadcrumb":{"@id":"https:\/\/bsv.dk\/en\/crane-forks\/request-sheet\/#breadcrumb"},"inLanguage":"en-US","potentialAction":[{"@type":"ReadAction","target":["https:\/\/bsv.dk\/en\/crane-forks\/request-sheet\/"]}]},{"@type":"BreadcrumbList","@id":"https:\/\/bsv.dk\/en\/crane-forks\/request-sheet\/#breadcrumb","itemListElement":[{"@type":"ListItem","position":1,"name":"Hjem","item":"https:\/\/bsv.dk\/en\/"},{"@type":"ListItem","position":2,"name":"Pallet forks","item":"https:\/\/bsv.dk\/en\/crane-forks\/"},{"@type":"ListItem","position":3,"name":"Inquiry sheet"}]},{"@type":"WebSite","@id":"https:\/\/bsv.dk\/#website","url":"https:\/\/bsv.dk\/","name":"BSV","description":"L\u00f8fteudstyr og krantilbeh\u00f8r: K\u00f8b dit l\u00f8ftegrej og kran-udstyr","publisher":{"@id":"https:\/\/bsv.dk\/#organization"},"potentialAction":[{"@type":"SearchAction","target":{"@type":"EntryPoint","urlTemplate":"https:\/\/bsv.dk\/?s={search_term_string}"},"query-input":{"@type":"PropertyValueSpecification","valueRequired":true,"valueName":"search_term_string"}}],"inLanguage":"en-US"},{"@type":"Organization","@id":"https:\/\/bsv.dk\/#organization","name":"BSV","url":"https:\/\/bsv.dk\/","logo":{"@type":"ImageObject","inLanguage":"en-US","@id":"https:\/\/bsv.dk\/#\/schema\/logo\/image\/","url":"https:\/\/bsv.dk\/wp-content\/uploads\/2022\/07\/bsv-logo.png","contentUrl":"https:\/\/bsv.dk\/wp-content\/uploads\/2022\/07\/bsv-logo.png","width":594,"height":249,"caption":"BSV"},"image":{"@id":"https:\/\/bsv.dk\/#\/schema\/logo\/image\/"}}]}},"_links":{"self":[{"href":"https:\/\/bsv.dk\/en\/wp-json\/wp\/v2\/pages\/5777","targetHints":{"allow":["GET"]}}],"collection":[{"href":"https:\/\/bsv.dk\/en\/wp-json\/wp\/v2\/pages"}],"about":[{"href":"https:\/\/bsv.dk\/en\/wp-json\/wp\/v2\/types\/page"}],"author":[{"embeddable":true,"href":"https:\/\/bsv.dk\/en\/wp-json\/wp\/v2\/users\/1"}],"replies":[{"embeddable":true,"href":"https:\/\/bsv.dk\/en\/wp-json\/wp\/v2\/comments?post=5777"}],"version-history":[{"count":3,"href":"https:\/\/bsv.dk\/en\/wp-json\/wp\/v2\/pages\/5777\/revisions"}],"predecessor-version":[{"id":7735,"href":"https:\/\/bsv.dk\/en\/wp-json\/wp\/v2\/pages\/5777\/revisions\/7735"}],"up":[{"embeddable":true,"href":"https:\/\/bsv.dk\/en\/wp-json\/wp\/v2\/pages\/5811"}],"wp:attachment":[{"href":"https:\/\/bsv.dk\/en\/wp-json\/wp\/v2\/media?parent=5777"}],"wp:term":[{"taxonomy":"category","embeddable":true,"href":"https:\/\/bsv.dk\/en\/wp-json\/wp\/v2\/categories?post=5777"}],"curies":[{"name":"wp","href":"https:\/\/api.w.org\/{rel}","templated":true}]}}