{"id":5776,"date":"2022-07-13T07:28:28","date_gmt":"2022-07-13T05:28:28","guid":{"rendered":"https:\/\/bsv.dk\/mechanical-scissor-grabs\/"},"modified":"2023-03-07T09:57:56","modified_gmt":"2023-03-07T08:57:56","slug":"mechanical-scissor-grabs","status":"publish","type":"page","link":"https:\/\/bsv.dk\/en\/mechanical-scissor-grabs\/","title":{"rendered":"Mechanical scissor grabs"},"content":{"rendered":"<div class=\"wpb-content-wrapper\"><p>[vc_row full_width=&#8221;stretch_row&#8221;][vc_column]<div class=\"ult-spacer spacer-69efcadc5e7d9\" data-id=\"69efcadc5e7d9\" data-height=\"90\" data-height-mobile=\"60\" data-height-tab=\"90\" data-height-tab-portrait=\"60\" data-height-mobile-landscape=\"60\" style=\"clear:both;display:block;\"><\/div>[vc_row_inner][vc_column_inner offset=&#8221;vc_col-lg-8 vc_col-md-8 vc_col-xs-12&#8243;][vc_column_text]<\/p>\n<h1>Mechanical sissor grabs<\/h1>\n<h2><\/h2>\n<p>[\/vc_column_text][vc_empty_space height=&#8221;30px&#8221;][vc_empty_space height=&#8221;30px&#8221;][vc_column_text]BSV has a wide range of scissor grabs for cranes, which are manufactured at our factory in Vejen, Denmark. BSV has developed and produced several thousand of scissor grabs in many different sizes and all are working 100% mechanically. It is Danish quality and many of our customers appreciate Danish-produced lifting tools, the high quality and long durability.<\/p>\n<p>BSV mechanical scissor grabs are all equipped with a patented pawl system that ensures 100% automatic work, which we call every other time automatic.<\/p>\n<p>After placing the grab on the load, a locking hook is released, so that the grab hold the load with the scissor arms until it is placed in the desired place and the grab is relieved. The process is repeated with the next load.<\/p>\n<p>The grabs are equipped with a locking device that limits the closing to the minimum span. The grabs are equipped with replaceable rubber pads or steel jaws. Many grabs are also equipped with replaceable bearing rollers.<\/p>\n<p>All our grabs are 100% Danish-made and test certificate and CE declaration is following. In addition to the standard color, remember that BSV can offer to paint in other colors.<\/p>\n<p>If these scissor grabs are going to be used in cranes with lifting at a greater height, special rules apply for securing the goods.[\/vc_column_text]<div class=\"ult-spacer spacer-69efcadc5e81b\" data-id=\"69efcadc5e81b\" data-height=\"0\" data-height-mobile=\"30\" data-height-tab=\"0\" data-height-tab-portrait=\"30\" data-height-mobile-landscape=\"30\" style=\"clear:both;display:block;\"><\/div>[\/vc_column_inner][vc_column_inner offset=&#8221;vc_col-lg-4 vc_col-md-4 vc_col-xs-12&#8243;][vc_wp_custommenu nav_menu=&#8221;16&#8243; el_class=&#8221;contact-sidebar&#8221;][\/vc_column_inner][\/vc_row_inner]<div class=\"ult-spacer spacer-69efcadc5e83d\" data-id=\"69efcadc5e83d\" data-height=\"90\" data-height-mobile=\"60\" data-height-tab=\"90\" data-height-tab-portrait=\"60\" data-height-mobile-landscape=\"60\" style=\"clear:both;display:block;\"><\/div>[\/vc_column][\/vc_row][vc_row full_width=&#8221;stretch_row&#8221;][vc_column][vc_basic_grid post_type=&#8221;post&#8221; max_items=&#8221;-1&#8243; item=&#8221;2938&#8243; grid_id=&#8221;vc_gid:1678179460234-5e9d1d36-47f7-8&#8243; taxonomies=&#8221;13371339&#8243;]<div class=\"ult-spacer spacer-69efcadc5e85b\" data-id=\"69efcadc5e85b\" data-height=\"90\" data-height-mobile=\"60\" data-height-tab=\"90\" data-height-tab-portrait=\"60\" data-height-mobile-landscape=\"60\" style=\"clear:both;display:block;\"><\/div>[\/vc_column][\/vc_row]<\/p>\n<\/div>","protected":false},"excerpt":{"rendered":"<p>[vc_row full_width=&#8221;stretch_row&#8221;][vc_column][vc_row_inner][vc_column_inner offset=&#8221;vc_col-lg-8 vc_col-md-8 vc_col-xs-12&#8243;][vc_column_text] Mechanical sissor grabs [\/vc_column_text][vc_empty_space height=&#8221;30px&#8221;][vc_empty_space height=&#8221;30px&#8221;][vc_column_text]BSV has a wide range of scissor grabs for cranes, which are manufactured at our factory in Vejen, Denmark. BSV has developed and produced several thousand of scissor grabs in many different sizes and all are working 100% mechanically. It is Danish quality and many &#8230; <a title=\"Mechanical scissor grabs\" class=\"read-more\" href=\"https:\/\/bsv.dk\/en\/mechanical-scissor-grabs\/\" aria-label=\"Read more about Mechanical scissor grabs\">Read more<\/a><\/p>\n","protected":false},"author":1,"featured_media":0,"parent":0,"menu_order":0,"comment_status":"closed","ping_status":"closed","template":"","meta":{"footnotes":""},"categories":[],"class_list":["post-5776","page","type-page","status-publish"],"yoast_head":"<!-- This site is optimized with the Yoast SEO plugin v27.4 - https:\/\/yoast.com\/product\/yoast-seo-wordpress\/ -->\n<title>Mechanical scissor grabs &#183; BSV<\/title>\n<meta name=\"robots\" content=\"index, follow, max-snippet:-1, max-image-preview:large, max-video-preview:-1\" \/>\n<link rel=\"canonical\" href=\"https:\/\/bsv.dk\/en\/mechanical-scissor-grabs\/\" \/>\n<meta property=\"og:locale\" content=\"en_US\" \/>\n<meta property=\"og:type\" content=\"article\" \/>\n<meta property=\"og:title\" content=\"Mechanical scissor grabs &#183; BSV\" \/>\n<meta property=\"og:description\" content=\"[vc_row full_width=&#8221;stretch_row&#8221;][vc_column][vc_row_inner][vc_column_inner offset=&#8221;vc_col-lg-8 vc_col-md-8 vc_col-xs-12&#8243;][vc_column_text] Mechanical sissor grabs [\/vc_column_text][vc_empty_space height=&#8221;30px&#8221;][vc_empty_space height=&#8221;30px&#8221;][vc_column_text]BSV has a wide range of scissor grabs for cranes, which are manufactured at our factory in Vejen, Denmark. BSV has developed and produced several thousand of scissor grabs in many different sizes and all are working 100% mechanically. It is Danish quality and many ... Read more\" \/>\n<meta property=\"og:url\" content=\"https:\/\/bsv.dk\/en\/mechanical-scissor-grabs\/\" \/>\n<meta property=\"og:site_name\" content=\"BSV\" \/>\n<meta property=\"article:modified_time\" content=\"2023-03-07T08:57:56+00:00\" \/>\n<meta name=\"twitter:card\" content=\"summary_large_image\" \/>\n<meta name=\"twitter:label1\" content=\"Est. reading time\" \/>\n\t<meta name=\"twitter:data1\" content=\"2 minutes\" \/>\n<script type=\"application\/ld+json\" class=\"yoast-schema-graph\">{\"@context\":\"https:\\\/\\\/schema.org\",\"@graph\":[{\"@type\":\"WebPage\",\"@id\":\"https:\\\/\\\/bsv.dk\\\/en\\\/mechanical-scissor-grabs\\\/\",\"url\":\"https:\\\/\\\/bsv.dk\\\/en\\\/mechanical-scissor-grabs\\\/\",\"name\":\"Mechanical scissor grabs &#183; BSV\",\"isPartOf\":{\"@id\":\"https:\\\/\\\/bsv.dk\\\/#website\"},\"datePublished\":\"2022-07-13T05:28:28+00:00\",\"dateModified\":\"2023-03-07T08:57:56+00:00\",\"breadcrumb\":{\"@id\":\"https:\\\/\\\/bsv.dk\\\/en\\\/mechanical-scissor-grabs\\\/#breadcrumb\"},\"inLanguage\":\"en-US\",\"potentialAction\":[{\"@type\":\"ReadAction\",\"target\":[\"https:\\\/\\\/bsv.dk\\\/en\\\/mechanical-scissor-grabs\\\/\"]}]},{\"@type\":\"BreadcrumbList\",\"@id\":\"https:\\\/\\\/bsv.dk\\\/en\\\/mechanical-scissor-grabs\\\/#breadcrumb\",\"itemListElement\":[{\"@type\":\"ListItem\",\"position\":1,\"name\":\"Hjem\",\"item\":\"https:\\\/\\\/bsv.dk\\\/en\\\/\"},{\"@type\":\"ListItem\",\"position\":2,\"name\":\"Mechanical scissor grabs\"}]},{\"@type\":\"WebSite\",\"@id\":\"https:\\\/\\\/bsv.dk\\\/#website\",\"url\":\"https:\\\/\\\/bsv.dk\\\/\",\"name\":\"BSV\",\"description\":\"L\u00f8fteudstyr og krantilbeh\u00f8r: K\u00f8b dit l\u00f8ftegrej og kran-udstyr\",\"publisher\":{\"@id\":\"https:\\\/\\\/bsv.dk\\\/#organization\"},\"potentialAction\":[{\"@type\":\"SearchAction\",\"target\":{\"@type\":\"EntryPoint\",\"urlTemplate\":\"https:\\\/\\\/bsv.dk\\\/?s={search_term_string}\"},\"query-input\":{\"@type\":\"PropertyValueSpecification\",\"valueRequired\":true,\"valueName\":\"search_term_string\"}}],\"inLanguage\":\"en-US\"},{\"@type\":\"Organization\",\"@id\":\"https:\\\/\\\/bsv.dk\\\/#organization\",\"name\":\"BSV\",\"url\":\"https:\\\/\\\/bsv.dk\\\/\",\"logo\":{\"@type\":\"ImageObject\",\"inLanguage\":\"en-US\",\"@id\":\"https:\\\/\\\/bsv.dk\\\/#\\\/schema\\\/logo\\\/image\\\/\",\"url\":\"https:\\\/\\\/bsv.dk\\\/wp-content\\\/uploads\\\/2022\\\/07\\\/bsv-logo.png\",\"contentUrl\":\"https:\\\/\\\/bsv.dk\\\/wp-content\\\/uploads\\\/2022\\\/07\\\/bsv-logo.png\",\"width\":594,\"height\":249,\"caption\":\"BSV\"},\"image\":{\"@id\":\"https:\\\/\\\/bsv.dk\\\/#\\\/schema\\\/logo\\\/image\\\/\"}}]}<\/script>\n<!-- \/ Yoast SEO plugin. -->","yoast_head_json":{"title":"Mechanical scissor grabs &#183; BSV","robots":{"index":"index","follow":"follow","max-snippet":"max-snippet:-1","max-image-preview":"max-image-preview:large","max-video-preview":"max-video-preview:-1"},"canonical":"https:\/\/bsv.dk\/en\/mechanical-scissor-grabs\/","og_locale":"en_US","og_type":"article","og_title":"Mechanical scissor grabs &#183; BSV","og_description":"[vc_row full_width=&#8221;stretch_row&#8221;][vc_column][vc_row_inner][vc_column_inner offset=&#8221;vc_col-lg-8 vc_col-md-8 vc_col-xs-12&#8243;][vc_column_text] Mechanical sissor grabs [\/vc_column_text][vc_empty_space height=&#8221;30px&#8221;][vc_empty_space height=&#8221;30px&#8221;][vc_column_text]BSV has a wide range of scissor grabs for cranes, which are manufactured at our factory in Vejen, Denmark. BSV has developed and produced several thousand of scissor grabs in many different sizes and all are working 100% mechanically. It is Danish quality and many ... Read more","og_url":"https:\/\/bsv.dk\/en\/mechanical-scissor-grabs\/","og_site_name":"BSV","article_modified_time":"2023-03-07T08:57:56+00:00","twitter_card":"summary_large_image","twitter_misc":{"Est. reading time":"2 minutes"},"schema":{"@context":"https:\/\/schema.org","@graph":[{"@type":"WebPage","@id":"https:\/\/bsv.dk\/en\/mechanical-scissor-grabs\/","url":"https:\/\/bsv.dk\/en\/mechanical-scissor-grabs\/","name":"Mechanical scissor grabs &#183; BSV","isPartOf":{"@id":"https:\/\/bsv.dk\/#website"},"datePublished":"2022-07-13T05:28:28+00:00","dateModified":"2023-03-07T08:57:56+00:00","breadcrumb":{"@id":"https:\/\/bsv.dk\/en\/mechanical-scissor-grabs\/#breadcrumb"},"inLanguage":"en-US","potentialAction":[{"@type":"ReadAction","target":["https:\/\/bsv.dk\/en\/mechanical-scissor-grabs\/"]}]},{"@type":"BreadcrumbList","@id":"https:\/\/bsv.dk\/en\/mechanical-scissor-grabs\/#breadcrumb","itemListElement":[{"@type":"ListItem","position":1,"name":"Hjem","item":"https:\/\/bsv.dk\/en\/"},{"@type":"ListItem","position":2,"name":"Mechanical scissor grabs"}]},{"@type":"WebSite","@id":"https:\/\/bsv.dk\/#website","url":"https:\/\/bsv.dk\/","name":"BSV","description":"L\u00f8fteudstyr og krantilbeh\u00f8r: K\u00f8b dit l\u00f8ftegrej og kran-udstyr","publisher":{"@id":"https:\/\/bsv.dk\/#organization"},"potentialAction":[{"@type":"SearchAction","target":{"@type":"EntryPoint","urlTemplate":"https:\/\/bsv.dk\/?s={search_term_string}"},"query-input":{"@type":"PropertyValueSpecification","valueRequired":true,"valueName":"search_term_string"}}],"inLanguage":"en-US"},{"@type":"Organization","@id":"https:\/\/bsv.dk\/#organization","name":"BSV","url":"https:\/\/bsv.dk\/","logo":{"@type":"ImageObject","inLanguage":"en-US","@id":"https:\/\/bsv.dk\/#\/schema\/logo\/image\/","url":"https:\/\/bsv.dk\/wp-content\/uploads\/2022\/07\/bsv-logo.png","contentUrl":"https:\/\/bsv.dk\/wp-content\/uploads\/2022\/07\/bsv-logo.png","width":594,"height":249,"caption":"BSV"},"image":{"@id":"https:\/\/bsv.dk\/#\/schema\/logo\/image\/"}}]}},"_links":{"self":[{"href":"https:\/\/bsv.dk\/en\/wp-json\/wp\/v2\/pages\/5776","targetHints":{"allow":["GET"]}}],"collection":[{"href":"https:\/\/bsv.dk\/en\/wp-json\/wp\/v2\/pages"}],"about":[{"href":"https:\/\/bsv.dk\/en\/wp-json\/wp\/v2\/types\/page"}],"author":[{"embeddable":true,"href":"https:\/\/bsv.dk\/en\/wp-json\/wp\/v2\/users\/1"}],"replies":[{"embeddable":true,"href":"https:\/\/bsv.dk\/en\/wp-json\/wp\/v2\/comments?post=5776"}],"version-history":[{"count":8,"href":"https:\/\/bsv.dk\/en\/wp-json\/wp\/v2\/pages\/5776\/revisions"}],"predecessor-version":[{"id":900378,"href":"https:\/\/bsv.dk\/en\/wp-json\/wp\/v2\/pages\/5776\/revisions\/900378"}],"wp:attachment":[{"href":"https:\/\/bsv.dk\/en\/wp-json\/wp\/v2\/media?parent=5776"}],"wp:term":[{"taxonomy":"category","embeddable":true,"href":"https:\/\/bsv.dk\/en\/wp-json\/wp\/v2\/categories?post=5776"}],"curies":[{"name":"wp","href":"https:\/\/api.w.org\/{rel}","templated":true}]}}