{"id":5751,"date":"2022-07-13T07:33:32","date_gmt":"2022-07-13T05:33:32","guid":{"rendered":"https:\/\/bsv.dk\/crane-forks\/self-balancing-crane-fork\/"},"modified":"2026-02-18T08:31:51","modified_gmt":"2026-02-18T07:31:51","slug":"self-balancing","status":"publish","type":"page","link":"https:\/\/bsv.dk\/en\/crane-forks\/self-balancing\/","title":{"rendered":"Self-balancing"},"content":{"rendered":"<div class=\"wpb-content-wrapper\"><p>[vc_row full_width=&#8221;stretch_row&#8221; el_class=&#8221;produkter&#8221;][vc_column]<div class=\"ult-spacer spacer-69efc8f426ccd\" data-id=\"69efc8f426ccd\" data-height=\"90\" data-height-mobile=\"60\" data-height-tab=\"90\" data-height-tab-portrait=\"60\" data-height-mobile-landscape=\"60\" style=\"clear:both;display:block;\"><\/div>[vc_row_inner equal_height=&#8221;yes&#8221;][vc_column_inner offset=&#8221;vc_col-lg-6 vc_col-md-6 vc_col-xs-12&#8243;][vc_media_grid style=&#8221;pagination&#8221; items_per_page=&#8221;1&#8243; element_width=&#8221;12&#8243; gap=&#8221;20&#8243; arrows_design=&#8221;vc_arrow-icon-arrow_01_left&#8221; arrows_position=&#8221;outside&#8221; arrows_color=&#8221;black&#8221; paging_design=&#8221;none&#8221; loop=&#8221;yes&#8221; item=&#8221;2845&#8243; grid_id=&#8221;vc_gid:1771399889781-bd0164d6-c77d-10&#8243; include=&#8221;7570,5611&#8243;]<div class=\"ult-spacer spacer-69efc8f426d1b\" data-id=\"69efc8f426d1b\" data-height=\"0\" data-height-mobile=\"30\" data-height-tab=\"0\" data-height-tab-portrait=\"30\" data-height-mobile-landscape=\"30\" style=\"clear:both;display:block;\"><\/div>[\/vc_column_inner][vc_column_inner offset=&#8221;vc_col-lg-6 vc_col-md-6 vc_col-xs-12&#8243;][vc_column_text]<\/p>\n<h1>BSV self-balancing crane fork<\/h1>\n<p>[\/vc_column_text][vc_empty_space height=&#8221;30px&#8221;][vc_btn title=&#8221;Download PDF&#8221; style=&#8221;custom&#8221; custom_background=&#8221;#f7b639&#8243; custom_text=&#8221;#ffffff&#8221; shape=&#8221;square&#8221; size=&#8221;sm&#8221; align=&#8221;left&#8221; css=&#8221;&#8221; link=&#8221;url:https%3A%2F%2Fbsv.dk%2Fwp-content%2Fuploads%2F2026%2F02%2Fpallegaffel-pg-selvafbalancerende-sbl-gb.pdf|target:_blank&#8221;][vc_empty_space height=&#8221;30px&#8221;][vc_column_text]BSV offers wide range of self-balancing crane forks. The self-balancing function makes it particularly suitable for use in tower cranes, overhead cranes, etc. The center of gravity is adapted to the most used packaging types and types of pallet goods.<\/p>\n<p>This pallet fork balances itself, both when it is empty and when it has a minimum load on it.<\/p>\n<p>This kind of pallet fork can lift 2 or 3 tons.<br \/>\nFor the self-balancing pallet fork with WLL 2 ton, it takes a minimum load of 400 kgs in order to work.<br \/>\nFor the self-balancing pallet fork with WLL 3 ton, it takes a minimum load of 800 kgs in order to work.<\/p>\n<p>All our pallet forks are 100% made at BSV factory in Denmark and are tested before delivery and supplied with full documentation. In addition to standard color, remember that BSV can offer to paint in other colors.[\/vc_column_text][vc_empty_space height=&#8221;30px&#8221;][vc_btn title=&#8221;Webshop&#8221; style=&#8221;custom&#8221; custom_background=&#8221;#f7b639&#8243; custom_text=&#8221;#ffffff&#8221; shape=&#8221;square&#8221; size=&#8221;sm&#8221; align=&#8221;left&#8221; css=&#8221;&#8221; link=&#8221;url:https%3A%2F%2Fwww.bsv-shop.com%2F|target:_blank&#8221;][vc_empty_space height=&#8221;30px&#8221;][\/vc_column_inner][\/vc_row_inner]<div class=\"ult-spacer spacer-69efc8f426d42\" data-id=\"69efc8f426d42\" data-height=\"90\" data-height-mobile=\"60\" data-height-tab=\"90\" data-height-tab-portrait=\"60\" data-height-mobile-landscape=\"60\" style=\"clear:both;display:block;\"><\/div>[\/vc_column][\/vc_row]<\/p>\n<\/div>","protected":false},"excerpt":{"rendered":"<p>[vc_row full_width=&#8221;stretch_row&#8221; el_class=&#8221;produkter&#8221;][vc_column][vc_row_inner equal_height=&#8221;yes&#8221;][vc_column_inner offset=&#8221;vc_col-lg-6 vc_col-md-6 vc_col-xs-12&#8243;][vc_media_grid style=&#8221;pagination&#8221; items_per_page=&#8221;1&#8243; element_width=&#8221;12&#8243; gap=&#8221;20&#8243; arrows_design=&#8221;vc_arrow-icon-arrow_01_left&#8221; arrows_position=&#8221;outside&#8221; arrows_color=&#8221;black&#8221; paging_design=&#8221;none&#8221; loop=&#8221;yes&#8221; item=&#8221;2845&#8243; grid_id=&#8221;vc_gid:1771399889781-bd0164d6-c77d-10&#8243; include=&#8221;7570,5611&#8243;][\/vc_column_inner][vc_column_inner offset=&#8221;vc_col-lg-6 vc_col-md-6 vc_col-xs-12&#8243;][vc_column_text] BSV self-balancing crane fork [\/vc_column_text][vc_empty_space height=&#8221;30px&#8221;][vc_btn title=&#8221;Download PDF&#8221; style=&#8221;custom&#8221; custom_background=&#8221;#f7b639&#8243; custom_text=&#8221;#ffffff&#8221; shape=&#8221;square&#8221; size=&#8221;sm&#8221; align=&#8221;left&#8221; css=&#8221;&#8221; link=&#8221;url:https%3A%2F%2Fbsv.dk%2Fwp-content%2Fuploads%2F2026%2F02%2Fpallegaffel-pg-selvafbalancerende-sbl-gb.pdf|target:_blank&#8221;][vc_empty_space height=&#8221;30px&#8221;][vc_column_text]BSV offers wide range of self-balancing crane forks. The self-balancing function makes it particularly suitable for use &#8230; <a title=\"Self-balancing\" class=\"read-more\" href=\"https:\/\/bsv.dk\/en\/crane-forks\/self-balancing\/\" aria-label=\"Read more about Self-balancing\">Read more<\/a><\/p>\n","protected":false},"author":1,"featured_media":0,"parent":5811,"menu_order":0,"comment_status":"closed","ping_status":"closed","template":"","meta":{"footnotes":""},"categories":[46],"class_list":{"0":"post-5751","1":"page","2":"type-page","3":"status-publish","5":"category-crane-forks"},"yoast_head":"<!-- This site is optimized with the Yoast SEO plugin v27.4 - https:\/\/yoast.com\/product\/yoast-seo-wordpress\/ -->\n<title>Self-balancing &#183; BSV<\/title>\n<meta name=\"robots\" content=\"index, follow, max-snippet:-1, max-image-preview:large, max-video-preview:-1\" \/>\n<link rel=\"canonical\" href=\"https:\/\/bsv.dk\/en\/crane-forks\/self-balancing\/\" \/>\n<meta property=\"og:locale\" content=\"en_US\" \/>\n<meta property=\"og:type\" content=\"article\" \/>\n<meta property=\"og:title\" content=\"Self-balancing &#183; BSV\" \/>\n<meta property=\"og:description\" content=\"[vc_row full_width=&#8221;stretch_row&#8221; el_class=&#8221;produkter&#8221;][vc_column][vc_row_inner equal_height=&#8221;yes&#8221;][vc_column_inner offset=&#8221;vc_col-lg-6 vc_col-md-6 vc_col-xs-12&#8243;][vc_media_grid style=&#8221;pagination&#8221; items_per_page=&#8221;1&#8243; element_width=&#8221;12&#8243; gap=&#8221;20&#8243; arrows_design=&#8221;vc_arrow-icon-arrow_01_left&#8221; arrows_position=&#8221;outside&#8221; arrows_color=&#8221;black&#8221; paging_design=&#8221;none&#8221; loop=&#8221;yes&#8221; item=&#8221;2845&#8243; grid_id=&#8221;vc_gid:1771399889781-bd0164d6-c77d-10&#8243; include=&#8221;7570,5611&#8243;][\/vc_column_inner][vc_column_inner offset=&#8221;vc_col-lg-6 vc_col-md-6 vc_col-xs-12&#8243;][vc_column_text] BSV self-balancing crane fork [\/vc_column_text][vc_empty_space height=&#8221;30px&#8221;][vc_btn title=&#8221;Download PDF&#8221; style=&#8221;custom&#8221; custom_background=&#8221;#f7b639&#8243; custom_text=&#8221;#ffffff&#8221; shape=&#8221;square&#8221; size=&#8221;sm&#8221; align=&#8221;left&#8221; css=&#8221;&#8221; link=&#8221;url:https%3A%2F%2Fbsv.dk%2Fwp-content%2Fuploads%2F2026%2F02%2Fpallegaffel-pg-selvafbalancerende-sbl-gb.pdf|target:_blank&#8221;][vc_empty_space height=&#8221;30px&#8221;][vc_column_text]BSV offers wide range of self-balancing crane forks. The self-balancing function makes it particularly suitable for use ... Read more\" \/>\n<meta property=\"og:url\" content=\"https:\/\/bsv.dk\/en\/crane-forks\/self-balancing\/\" \/>\n<meta property=\"og:site_name\" content=\"BSV\" \/>\n<meta property=\"article:modified_time\" content=\"2026-02-18T07:31:51+00:00\" \/>\n<meta name=\"twitter:card\" content=\"summary_large_image\" \/>\n<meta name=\"twitter:label1\" content=\"Est. reading time\" \/>\n\t<meta name=\"twitter:data1\" content=\"2 minutes\" \/>\n<script type=\"application\/ld+json\" class=\"yoast-schema-graph\">{\"@context\":\"https:\\\/\\\/schema.org\",\"@graph\":[{\"@type\":\"WebPage\",\"@id\":\"https:\\\/\\\/bsv.dk\\\/en\\\/crane-forks\\\/self-balancing\\\/\",\"url\":\"https:\\\/\\\/bsv.dk\\\/en\\\/crane-forks\\\/self-balancing\\\/\",\"name\":\"Self-balancing &#183; BSV\",\"isPartOf\":{\"@id\":\"https:\\\/\\\/bsv.dk\\\/#website\"},\"datePublished\":\"2022-07-13T05:33:32+00:00\",\"dateModified\":\"2026-02-18T07:31:51+00:00\",\"breadcrumb\":{\"@id\":\"https:\\\/\\\/bsv.dk\\\/en\\\/crane-forks\\\/self-balancing\\\/#breadcrumb\"},\"inLanguage\":\"en-US\",\"potentialAction\":[{\"@type\":\"ReadAction\",\"target\":[\"https:\\\/\\\/bsv.dk\\\/en\\\/crane-forks\\\/self-balancing\\\/\"]}]},{\"@type\":\"BreadcrumbList\",\"@id\":\"https:\\\/\\\/bsv.dk\\\/en\\\/crane-forks\\\/self-balancing\\\/#breadcrumb\",\"itemListElement\":[{\"@type\":\"ListItem\",\"position\":1,\"name\":\"Hjem\",\"item\":\"https:\\\/\\\/bsv.dk\\\/en\\\/\"},{\"@type\":\"ListItem\",\"position\":2,\"name\":\"Pallet forks\",\"item\":\"https:\\\/\\\/bsv.dk\\\/en\\\/crane-forks\\\/\"},{\"@type\":\"ListItem\",\"position\":3,\"name\":\"Self-balancing\"}]},{\"@type\":\"WebSite\",\"@id\":\"https:\\\/\\\/bsv.dk\\\/#website\",\"url\":\"https:\\\/\\\/bsv.dk\\\/\",\"name\":\"BSV\",\"description\":\"L\u00f8fteudstyr og krantilbeh\u00f8r: K\u00f8b dit l\u00f8ftegrej og kran-udstyr\",\"publisher\":{\"@id\":\"https:\\\/\\\/bsv.dk\\\/#organization\"},\"potentialAction\":[{\"@type\":\"SearchAction\",\"target\":{\"@type\":\"EntryPoint\",\"urlTemplate\":\"https:\\\/\\\/bsv.dk\\\/?s={search_term_string}\"},\"query-input\":{\"@type\":\"PropertyValueSpecification\",\"valueRequired\":true,\"valueName\":\"search_term_string\"}}],\"inLanguage\":\"en-US\"},{\"@type\":\"Organization\",\"@id\":\"https:\\\/\\\/bsv.dk\\\/#organization\",\"name\":\"BSV\",\"url\":\"https:\\\/\\\/bsv.dk\\\/\",\"logo\":{\"@type\":\"ImageObject\",\"inLanguage\":\"en-US\",\"@id\":\"https:\\\/\\\/bsv.dk\\\/#\\\/schema\\\/logo\\\/image\\\/\",\"url\":\"https:\\\/\\\/bsv.dk\\\/wp-content\\\/uploads\\\/2022\\\/07\\\/bsv-logo.png\",\"contentUrl\":\"https:\\\/\\\/bsv.dk\\\/wp-content\\\/uploads\\\/2022\\\/07\\\/bsv-logo.png\",\"width\":594,\"height\":249,\"caption\":\"BSV\"},\"image\":{\"@id\":\"https:\\\/\\\/bsv.dk\\\/#\\\/schema\\\/logo\\\/image\\\/\"}}]}<\/script>\n<!-- \/ Yoast SEO plugin. -->","yoast_head_json":{"title":"Self-balancing &#183; BSV","robots":{"index":"index","follow":"follow","max-snippet":"max-snippet:-1","max-image-preview":"max-image-preview:large","max-video-preview":"max-video-preview:-1"},"canonical":"https:\/\/bsv.dk\/en\/crane-forks\/self-balancing\/","og_locale":"en_US","og_type":"article","og_title":"Self-balancing &#183; BSV","og_description":"[vc_row full_width=&#8221;stretch_row&#8221; el_class=&#8221;produkter&#8221;][vc_column][vc_row_inner equal_height=&#8221;yes&#8221;][vc_column_inner offset=&#8221;vc_col-lg-6 vc_col-md-6 vc_col-xs-12&#8243;][vc_media_grid style=&#8221;pagination&#8221; items_per_page=&#8221;1&#8243; element_width=&#8221;12&#8243; gap=&#8221;20&#8243; arrows_design=&#8221;vc_arrow-icon-arrow_01_left&#8221; arrows_position=&#8221;outside&#8221; arrows_color=&#8221;black&#8221; paging_design=&#8221;none&#8221; loop=&#8221;yes&#8221; item=&#8221;2845&#8243; grid_id=&#8221;vc_gid:1771399889781-bd0164d6-c77d-10&#8243; include=&#8221;7570,5611&#8243;][\/vc_column_inner][vc_column_inner offset=&#8221;vc_col-lg-6 vc_col-md-6 vc_col-xs-12&#8243;][vc_column_text] BSV self-balancing crane fork [\/vc_column_text][vc_empty_space height=&#8221;30px&#8221;][vc_btn title=&#8221;Download PDF&#8221; style=&#8221;custom&#8221; custom_background=&#8221;#f7b639&#8243; custom_text=&#8221;#ffffff&#8221; shape=&#8221;square&#8221; size=&#8221;sm&#8221; align=&#8221;left&#8221; css=&#8221;&#8221; link=&#8221;url:https%3A%2F%2Fbsv.dk%2Fwp-content%2Fuploads%2F2026%2F02%2Fpallegaffel-pg-selvafbalancerende-sbl-gb.pdf|target:_blank&#8221;][vc_empty_space height=&#8221;30px&#8221;][vc_column_text]BSV offers wide range of self-balancing crane forks. The self-balancing function makes it particularly suitable for use ... Read more","og_url":"https:\/\/bsv.dk\/en\/crane-forks\/self-balancing\/","og_site_name":"BSV","article_modified_time":"2026-02-18T07:31:51+00:00","twitter_card":"summary_large_image","twitter_misc":{"Est. reading time":"2 minutes"},"schema":{"@context":"https:\/\/schema.org","@graph":[{"@type":"WebPage","@id":"https:\/\/bsv.dk\/en\/crane-forks\/self-balancing\/","url":"https:\/\/bsv.dk\/en\/crane-forks\/self-balancing\/","name":"Self-balancing &#183; BSV","isPartOf":{"@id":"https:\/\/bsv.dk\/#website"},"datePublished":"2022-07-13T05:33:32+00:00","dateModified":"2026-02-18T07:31:51+00:00","breadcrumb":{"@id":"https:\/\/bsv.dk\/en\/crane-forks\/self-balancing\/#breadcrumb"},"inLanguage":"en-US","potentialAction":[{"@type":"ReadAction","target":["https:\/\/bsv.dk\/en\/crane-forks\/self-balancing\/"]}]},{"@type":"BreadcrumbList","@id":"https:\/\/bsv.dk\/en\/crane-forks\/self-balancing\/#breadcrumb","itemListElement":[{"@type":"ListItem","position":1,"name":"Hjem","item":"https:\/\/bsv.dk\/en\/"},{"@type":"ListItem","position":2,"name":"Pallet forks","item":"https:\/\/bsv.dk\/en\/crane-forks\/"},{"@type":"ListItem","position":3,"name":"Self-balancing"}]},{"@type":"WebSite","@id":"https:\/\/bsv.dk\/#website","url":"https:\/\/bsv.dk\/","name":"BSV","description":"L\u00f8fteudstyr og krantilbeh\u00f8r: K\u00f8b dit l\u00f8ftegrej og kran-udstyr","publisher":{"@id":"https:\/\/bsv.dk\/#organization"},"potentialAction":[{"@type":"SearchAction","target":{"@type":"EntryPoint","urlTemplate":"https:\/\/bsv.dk\/?s={search_term_string}"},"query-input":{"@type":"PropertyValueSpecification","valueRequired":true,"valueName":"search_term_string"}}],"inLanguage":"en-US"},{"@type":"Organization","@id":"https:\/\/bsv.dk\/#organization","name":"BSV","url":"https:\/\/bsv.dk\/","logo":{"@type":"ImageObject","inLanguage":"en-US","@id":"https:\/\/bsv.dk\/#\/schema\/logo\/image\/","url":"https:\/\/bsv.dk\/wp-content\/uploads\/2022\/07\/bsv-logo.png","contentUrl":"https:\/\/bsv.dk\/wp-content\/uploads\/2022\/07\/bsv-logo.png","width":594,"height":249,"caption":"BSV"},"image":{"@id":"https:\/\/bsv.dk\/#\/schema\/logo\/image\/"}}]}},"_links":{"self":[{"href":"https:\/\/bsv.dk\/en\/wp-json\/wp\/v2\/pages\/5751","targetHints":{"allow":["GET"]}}],"collection":[{"href":"https:\/\/bsv.dk\/en\/wp-json\/wp\/v2\/pages"}],"about":[{"href":"https:\/\/bsv.dk\/en\/wp-json\/wp\/v2\/types\/page"}],"author":[{"embeddable":true,"href":"https:\/\/bsv.dk\/en\/wp-json\/wp\/v2\/users\/1"}],"replies":[{"embeddable":true,"href":"https:\/\/bsv.dk\/en\/wp-json\/wp\/v2\/comments?post=5751"}],"version-history":[{"count":8,"href":"https:\/\/bsv.dk\/en\/wp-json\/wp\/v2\/pages\/5751\/revisions"}],"predecessor-version":[{"id":902153,"href":"https:\/\/bsv.dk\/en\/wp-json\/wp\/v2\/pages\/5751\/revisions\/902153"}],"up":[{"embeddable":true,"href":"https:\/\/bsv.dk\/en\/wp-json\/wp\/v2\/pages\/5811"}],"wp:attachment":[{"href":"https:\/\/bsv.dk\/en\/wp-json\/wp\/v2\/media?parent=5751"}],"wp:term":[{"taxonomy":"category","embeddable":true,"href":"https:\/\/bsv.dk\/en\/wp-json\/wp\/v2\/categories?post=5751"}],"curies":[{"name":"wp","href":"https:\/\/api.w.org\/{rel}","templated":true}]}}