{"id":5727,"date":"2022-07-13T07:39:49","date_gmt":"2022-07-13T05:39:49","guid":{"rendered":"https:\/\/bsv.dk\/about-bsv\/"},"modified":"2025-11-06T08:28:04","modified_gmt":"2025-11-06T07:28:04","slug":"about-bsv","status":"publish","type":"page","link":"https:\/\/bsv.dk\/en\/about-bsv\/","title":{"rendered":"About BSV"},"content":{"rendered":"<div class=\"wpb-content-wrapper\"><p>[vc_row full_width=&#8221;stretch_row&#8221;][vc_column]<div class=\"ult-spacer spacer-69efb6b6b5f1a\" data-id=\"69efb6b6b5f1a\" data-height=\"90\" data-height-mobile=\"60\" data-height-tab=\"90\" data-height-tab-portrait=\"60\" data-height-mobile-landscape=\"60\" style=\"clear:both;display:block;\"><\/div>[vc_row_inner][vc_column_inner offset=&#8221;vc_col-lg-8 vc_col-md-8 vc_col-xs-12&#8243;][vc_column_text]<\/p>\n<h1>About BSV<\/h1>\n<p>BSV Krantilbeh\u00f8r A\/S specialize in Danish production of lifting equipment of the highest quality for cranes. BSV&#8217;s hydraulic grabs, crane forks and mechanical scissor grabs are renowned for their strength, robustness, and durability.<\/p>\n<p>At BSV, we manufacture the products from start to finish ourselves and thus they are 100% &#8220;Made in Denmark&#8221;.<\/p>\n<p>Today, BSV is owned by Flemming Jensen, director, and Allan Richardy, technical manager, who purchased the company in 2007, and have since continued to develop BSV in the same good spirit and positive direction.<\/p>\n<p>Many of the employees have worked in the company for many years, which is reflected in the huge experience and knowledge that characterizes the company and is shown in the high quality and durability of its products.<\/p>\n<p>At BSV, we design, calculate, and construct ourselves. We cut the steel plates ourselves, mill, drill, turn, weld, clean and assemble, and we also have our own painting booth. The entire process is our own and in-house.<\/p>\n<p>Further proof that quality plays an especially important role for BSV is the fact that the company has been appointed and approved as a Strenx\u00ae member in Denmark.<\/p>\n<p>Strenx\u00ae is a high-strength steel developed and produced by Sweedish Steel AB (SSAB).<\/p>\n<p>The use of this high-strength steel makes BSV products stronger, lighter, and more competitive. At the same time, this steel material is continuously being developed to make it more sustainable.<\/p>\n<p><strong>BSV is ISO 9001 and ISO 14001 certified.<\/strong><\/p>\n<p><strong>Environmental policy:<\/strong><\/p>\n<p>At BSV, we take responsibility for the environment and work purposefully with sustainability in all parts of our company. We focus on reducing our CO\u2082 footprint, optimizing resource consumption and increasing the recycling of materials.<br \/>\nWe develop products with a long lifespan and low environmental impact and collaborate with suppliers who share our environmental values. At the same time, we train our employees in sustainable working methods and continuously work to improve our environmental efforts.<br \/>\nOur goal is clear: to run a responsible and future-proof company that creates value \u2013 both for customers and for the environment.[\/vc_column_text]<div class=\"ult-spacer spacer-69efb6b6b5f5e\" data-id=\"69efb6b6b5f5e\" data-height=\"0\" data-height-mobile=\"30\" data-height-tab=\"0\" data-height-tab-portrait=\"30\" data-height-mobile-landscape=\"30\" style=\"clear:both;display:block;\"><\/div>[\/vc_column_inner][vc_column_inner offset=&#8221;vc_col-lg-4 vc_col-md-4 vc_col-xs-12&#8243;][vc_wp_custommenu nav_menu=&#8221;19&#8243; el_class=&#8221;contact-sidebar&#8221;][\/vc_column_inner][\/vc_row_inner]<div class=\"ult-spacer spacer-69efb6b6b5f80\" data-id=\"69efb6b6b5f80\" data-height=\"90\" data-height-mobile=\"60\" data-height-tab=\"90\" data-height-tab-portrait=\"60\" data-height-mobile-landscape=\"60\" style=\"clear:both;display:block;\"><\/div>[\/vc_column][\/vc_row][vc_row][vc_column][vc_column_text][\/vc_column_text][\/vc_column][\/vc_row]<\/p>\n<\/div>","protected":false},"excerpt":{"rendered":"<p>[vc_row full_width=&#8221;stretch_row&#8221;][vc_column][vc_row_inner][vc_column_inner offset=&#8221;vc_col-lg-8 vc_col-md-8 vc_col-xs-12&#8243;][vc_column_text] About BSV BSV Krantilbeh\u00f8r A\/S specialize in Danish production of lifting equipment of the highest quality for cranes. BSV&#8217;s hydraulic grabs, crane forks and mechanical scissor grabs are renowned for their strength, robustness, and durability. At BSV, we manufacture the products from start to finish ourselves and thus they are &#8230; <a title=\"About BSV\" class=\"read-more\" href=\"https:\/\/bsv.dk\/en\/about-bsv\/\" aria-label=\"Read more about About BSV\">Read more<\/a><\/p>\n","protected":false},"author":1,"featured_media":0,"parent":0,"menu_order":0,"comment_status":"closed","ping_status":"closed","template":"","meta":{"footnotes":""},"categories":[],"class_list":["post-5727","page","type-page","status-publish"],"yoast_head":"<!-- This site is optimized with the Yoast SEO plugin v27.4 - https:\/\/yoast.com\/product\/yoast-seo-wordpress\/ -->\n<title>About BSV &#183; BSV<\/title>\n<meta name=\"robots\" content=\"index, follow, max-snippet:-1, max-image-preview:large, max-video-preview:-1\" \/>\n<link rel=\"canonical\" href=\"https:\/\/bsv.dk\/en\/about-bsv\/\" \/>\n<meta property=\"og:locale\" content=\"en_US\" \/>\n<meta property=\"og:type\" content=\"article\" \/>\n<meta property=\"og:title\" content=\"About BSV &#183; BSV\" \/>\n<meta property=\"og:description\" content=\"[vc_row full_width=&#8221;stretch_row&#8221;][vc_column][vc_row_inner][vc_column_inner offset=&#8221;vc_col-lg-8 vc_col-md-8 vc_col-xs-12&#8243;][vc_column_text] About BSV BSV Krantilbeh\u00f8r A\/S specialize in Danish production of lifting equipment of the highest quality for cranes. BSV&#8217;s hydraulic grabs, crane forks and mechanical scissor grabs are renowned for their strength, robustness, and durability. At BSV, we manufacture the products from start to finish ourselves and thus they are ... Read more\" \/>\n<meta property=\"og:url\" content=\"https:\/\/bsv.dk\/en\/about-bsv\/\" \/>\n<meta property=\"og:site_name\" content=\"BSV\" \/>\n<meta property=\"article:modified_time\" content=\"2025-11-06T07:28:04+00:00\" \/>\n<meta name=\"twitter:card\" content=\"summary_large_image\" \/>\n<meta name=\"twitter:label1\" content=\"Est. reading time\" \/>\n\t<meta name=\"twitter:data1\" content=\"2 minutes\" \/>\n<script type=\"application\/ld+json\" class=\"yoast-schema-graph\">{\"@context\":\"https:\\\/\\\/schema.org\",\"@graph\":[{\"@type\":\"WebPage\",\"@id\":\"https:\\\/\\\/bsv.dk\\\/en\\\/about-bsv\\\/\",\"url\":\"https:\\\/\\\/bsv.dk\\\/en\\\/about-bsv\\\/\",\"name\":\"About BSV &#183; BSV\",\"isPartOf\":{\"@id\":\"https:\\\/\\\/bsv.dk\\\/#website\"},\"datePublished\":\"2022-07-13T05:39:49+00:00\",\"dateModified\":\"2025-11-06T07:28:04+00:00\",\"breadcrumb\":{\"@id\":\"https:\\\/\\\/bsv.dk\\\/en\\\/about-bsv\\\/#breadcrumb\"},\"inLanguage\":\"en-US\",\"potentialAction\":[{\"@type\":\"ReadAction\",\"target\":[\"https:\\\/\\\/bsv.dk\\\/en\\\/about-bsv\\\/\"]}]},{\"@type\":\"BreadcrumbList\",\"@id\":\"https:\\\/\\\/bsv.dk\\\/en\\\/about-bsv\\\/#breadcrumb\",\"itemListElement\":[{\"@type\":\"ListItem\",\"position\":1,\"name\":\"Hjem\",\"item\":\"https:\\\/\\\/bsv.dk\\\/en\\\/\"},{\"@type\":\"ListItem\",\"position\":2,\"name\":\"About BSV\"}]},{\"@type\":\"WebSite\",\"@id\":\"https:\\\/\\\/bsv.dk\\\/#website\",\"url\":\"https:\\\/\\\/bsv.dk\\\/\",\"name\":\"BSV\",\"description\":\"L\u00f8fteudstyr og krantilbeh\u00f8r: K\u00f8b dit l\u00f8ftegrej og kran-udstyr\",\"publisher\":{\"@id\":\"https:\\\/\\\/bsv.dk\\\/#organization\"},\"potentialAction\":[{\"@type\":\"SearchAction\",\"target\":{\"@type\":\"EntryPoint\",\"urlTemplate\":\"https:\\\/\\\/bsv.dk\\\/?s={search_term_string}\"},\"query-input\":{\"@type\":\"PropertyValueSpecification\",\"valueRequired\":true,\"valueName\":\"search_term_string\"}}],\"inLanguage\":\"en-US\"},{\"@type\":\"Organization\",\"@id\":\"https:\\\/\\\/bsv.dk\\\/#organization\",\"name\":\"BSV\",\"url\":\"https:\\\/\\\/bsv.dk\\\/\",\"logo\":{\"@type\":\"ImageObject\",\"inLanguage\":\"en-US\",\"@id\":\"https:\\\/\\\/bsv.dk\\\/#\\\/schema\\\/logo\\\/image\\\/\",\"url\":\"https:\\\/\\\/bsv.dk\\\/wp-content\\\/uploads\\\/2022\\\/07\\\/bsv-logo.png\",\"contentUrl\":\"https:\\\/\\\/bsv.dk\\\/wp-content\\\/uploads\\\/2022\\\/07\\\/bsv-logo.png\",\"width\":594,\"height\":249,\"caption\":\"BSV\"},\"image\":{\"@id\":\"https:\\\/\\\/bsv.dk\\\/#\\\/schema\\\/logo\\\/image\\\/\"}}]}<\/script>\n<!-- \/ Yoast SEO plugin. -->","yoast_head_json":{"title":"About BSV &#183; BSV","robots":{"index":"index","follow":"follow","max-snippet":"max-snippet:-1","max-image-preview":"max-image-preview:large","max-video-preview":"max-video-preview:-1"},"canonical":"https:\/\/bsv.dk\/en\/about-bsv\/","og_locale":"en_US","og_type":"article","og_title":"About BSV &#183; BSV","og_description":"[vc_row full_width=&#8221;stretch_row&#8221;][vc_column][vc_row_inner][vc_column_inner offset=&#8221;vc_col-lg-8 vc_col-md-8 vc_col-xs-12&#8243;][vc_column_text] About BSV BSV Krantilbeh\u00f8r A\/S specialize in Danish production of lifting equipment of the highest quality for cranes. BSV&#8217;s hydraulic grabs, crane forks and mechanical scissor grabs are renowned for their strength, robustness, and durability. At BSV, we manufacture the products from start to finish ourselves and thus they are ... Read more","og_url":"https:\/\/bsv.dk\/en\/about-bsv\/","og_site_name":"BSV","article_modified_time":"2025-11-06T07:28:04+00:00","twitter_card":"summary_large_image","twitter_misc":{"Est. reading time":"2 minutes"},"schema":{"@context":"https:\/\/schema.org","@graph":[{"@type":"WebPage","@id":"https:\/\/bsv.dk\/en\/about-bsv\/","url":"https:\/\/bsv.dk\/en\/about-bsv\/","name":"About BSV &#183; BSV","isPartOf":{"@id":"https:\/\/bsv.dk\/#website"},"datePublished":"2022-07-13T05:39:49+00:00","dateModified":"2025-11-06T07:28:04+00:00","breadcrumb":{"@id":"https:\/\/bsv.dk\/en\/about-bsv\/#breadcrumb"},"inLanguage":"en-US","potentialAction":[{"@type":"ReadAction","target":["https:\/\/bsv.dk\/en\/about-bsv\/"]}]},{"@type":"BreadcrumbList","@id":"https:\/\/bsv.dk\/en\/about-bsv\/#breadcrumb","itemListElement":[{"@type":"ListItem","position":1,"name":"Hjem","item":"https:\/\/bsv.dk\/en\/"},{"@type":"ListItem","position":2,"name":"About BSV"}]},{"@type":"WebSite","@id":"https:\/\/bsv.dk\/#website","url":"https:\/\/bsv.dk\/","name":"BSV","description":"L\u00f8fteudstyr og krantilbeh\u00f8r: K\u00f8b dit l\u00f8ftegrej og kran-udstyr","publisher":{"@id":"https:\/\/bsv.dk\/#organization"},"potentialAction":[{"@type":"SearchAction","target":{"@type":"EntryPoint","urlTemplate":"https:\/\/bsv.dk\/?s={search_term_string}"},"query-input":{"@type":"PropertyValueSpecification","valueRequired":true,"valueName":"search_term_string"}}],"inLanguage":"en-US"},{"@type":"Organization","@id":"https:\/\/bsv.dk\/#organization","name":"BSV","url":"https:\/\/bsv.dk\/","logo":{"@type":"ImageObject","inLanguage":"en-US","@id":"https:\/\/bsv.dk\/#\/schema\/logo\/image\/","url":"https:\/\/bsv.dk\/wp-content\/uploads\/2022\/07\/bsv-logo.png","contentUrl":"https:\/\/bsv.dk\/wp-content\/uploads\/2022\/07\/bsv-logo.png","width":594,"height":249,"caption":"BSV"},"image":{"@id":"https:\/\/bsv.dk\/#\/schema\/logo\/image\/"}}]}},"_links":{"self":[{"href":"https:\/\/bsv.dk\/en\/wp-json\/wp\/v2\/pages\/5727","targetHints":{"allow":["GET"]}}],"collection":[{"href":"https:\/\/bsv.dk\/en\/wp-json\/wp\/v2\/pages"}],"about":[{"href":"https:\/\/bsv.dk\/en\/wp-json\/wp\/v2\/types\/page"}],"author":[{"embeddable":true,"href":"https:\/\/bsv.dk\/en\/wp-json\/wp\/v2\/users\/1"}],"replies":[{"embeddable":true,"href":"https:\/\/bsv.dk\/en\/wp-json\/wp\/v2\/comments?post=5727"}],"version-history":[{"count":9,"href":"https:\/\/bsv.dk\/en\/wp-json\/wp\/v2\/pages\/5727\/revisions"}],"predecessor-version":[{"id":901366,"href":"https:\/\/bsv.dk\/en\/wp-json\/wp\/v2\/pages\/5727\/revisions\/901366"}],"wp:attachment":[{"href":"https:\/\/bsv.dk\/en\/wp-json\/wp\/v2\/media?parent=5727"}],"wp:term":[{"taxonomy":"category","embeddable":true,"href":"https:\/\/bsv.dk\/en\/wp-json\/wp\/v2\/categories?post=5727"}],"curies":[{"name":"wp","href":"https:\/\/api.w.org\/{rel}","templated":true}]}}