{"id":5680,"date":"2022-07-13T07:31:31","date_gmt":"2022-07-13T05:31:31","guid":{"rendered":"https:\/\/bsv.dk\/buckets\/accessories-for-grabs\/"},"modified":"2026-02-09T14:27:19","modified_gmt":"2026-02-09T13:27:19","slug":"accessories-for-grab","status":"publish","type":"page","link":"https:\/\/bsv.dk\/en\/hydraulic-grabs\/accessories-for-grab\/","title":{"rendered":"Accessories for grab"},"content":{"rendered":"<div class=\"wpb-content-wrapper\"><p>[vc_row full_width=&#8221;stretch_row&#8221; el_class=&#8221;produkter&#8221;][vc_column]<div class=\"ult-spacer spacer-69efa3ab54378\" data-id=\"69efa3ab54378\" data-height=\"90\" data-height-mobile=\"60\" data-height-tab=\"90\" data-height-tab-portrait=\"60\" data-height-mobile-landscape=\"60\" style=\"clear:both;display:block;\"><\/div>[vc_column_text]<\/p>\n<h1>Accessories for grab<\/h1>\n<h2>See our accessories for hydraulic grabs<\/h2>\n<p>[\/vc_column_text][vc_empty_space height=&#8221;30px&#8221;][vc_tta_tabs style=&#8221;flat&#8221; shape=&#8221;square&#8221; alignment=&#8221;center&#8221; active_section=&#8221;1&#8243; el_class=&#8221;galleri&#8221;][vc_tta_section title=&#8221;Tube suspension&#8221; tab_id=&#8221;pipe-suspension&#8221;][vc_media_grid element_width=&#8221;3&#8243; gap=&#8221;20&#8243; item=&#8221;467&#8243; css=&#8221;&#8221; grid_id=&#8221;vc_gid:1770643368850-afd94e75-2bd2-9&#8243; include=&#8221;901680,901684&#8243;][\/vc_tta_section][vc_tta_section title=&#8221;Adapter&#8221; tab_id=&#8221;adapter01a9-43ee&#8221;][vc_media_grid element_width=&#8221;3&#8243; gap=&#8221;20&#8243; item=&#8221;467&#8243; css=&#8221;&#8221; grid_id=&#8221;vc_gid:1770643368852-c151d8c9-2286-1&#8243; include=&#8221;901688&#8243;][\/vc_tta_section][vc_tta_section title=&#8221;Rotator hook&#8221; tab_id=&#8221;rotator-hook&#8221;][vc_media_grid element_width=&#8221;3&#8243; gap=&#8221;20&#8243; item=&#8221;467&#8243; css=&#8221;&#8221; grid_id=&#8221;vc_gid:1770643368853-a334f68d-64e6-6&#8243; include=&#8221;901696,901692&#8243;][\/vc_tta_section][vc_tta_section title=&#8221;Connecting link&#8221; tab_id=&#8221;intermediate&#8221;][vc_media_grid element_width=&#8221;3&#8243; gap=&#8221;20&#8243; item=&#8221;467&#8243; css=&#8221;&#8221; grid_id=&#8221;vc_gid:1770643368854-c480682d-f1db-0&#8243; include=&#8221;901704,901700&#8243;][\/vc_tta_section][vc_tta_section title=&#8221;Tilt suspension&#8221; tab_id=&#8221;tilt-suspension&#8221;][vc_media_grid element_width=&#8221;3&#8243; gap=&#8221;20&#8243; item=&#8221;467&#8243; css=&#8221;&#8221; grid_id=&#8221;vc_gid:1770643368856-ff4400c5-fcbf-7&#8243; include=&#8221;901708&#8243;][\/vc_tta_section][\/vc_tta_tabs]<div class=\"ult-spacer spacer-69efa3ab543de\" data-id=\"69efa3ab543de\" data-height=\"90\" data-height-mobile=\"60\" data-height-tab=\"90\" data-height-tab-portrait=\"60\" data-height-mobile-landscape=\"60\" style=\"clear:both;display:block;\"><\/div>[\/vc_column][\/vc_row]<\/p>\n<\/div>","protected":false},"excerpt":{"rendered":"<p>[vc_row full_width=&#8221;stretch_row&#8221; el_class=&#8221;produkter&#8221;][vc_column][vc_column_text] Accessories for grab See our accessories for hydraulic grabs [\/vc_column_text][vc_empty_space height=&#8221;30px&#8221;][vc_tta_tabs style=&#8221;flat&#8221; shape=&#8221;square&#8221; alignment=&#8221;center&#8221; active_section=&#8221;1&#8243; el_class=&#8221;galleri&#8221;][vc_tta_section title=&#8221;Tube suspension&#8221; tab_id=&#8221;pipe-suspension&#8221;][vc_media_grid element_width=&#8221;3&#8243; gap=&#8221;20&#8243; item=&#8221;467&#8243; css=&#8221;&#8221; grid_id=&#8221;vc_gid:1770643368850-afd94e75-2bd2-9&#8243; include=&#8221;901680,901684&#8243;][\/vc_tta_section][vc_tta_section title=&#8221;Adapter&#8221; tab_id=&#8221;adapter01a9-43ee&#8221;][vc_media_grid element_width=&#8221;3&#8243; gap=&#8221;20&#8243; item=&#8221;467&#8243; css=&#8221;&#8221; grid_id=&#8221;vc_gid:1770643368852-c151d8c9-2286-1&#8243; include=&#8221;901688&#8243;][\/vc_tta_section][vc_tta_section title=&#8221;Rotator hook&#8221; tab_id=&#8221;rotator-hook&#8221;][vc_media_grid element_width=&#8221;3&#8243; gap=&#8221;20&#8243; item=&#8221;467&#8243; css=&#8221;&#8221; grid_id=&#8221;vc_gid:1770643368853-a334f68d-64e6-6&#8243; include=&#8221;901696,901692&#8243;][\/vc_tta_section][vc_tta_section title=&#8221;Connecting link&#8221; tab_id=&#8221;intermediate&#8221;][vc_media_grid element_width=&#8221;3&#8243; gap=&#8221;20&#8243; item=&#8221;467&#8243; css=&#8221;&#8221; grid_id=&#8221;vc_gid:1770643368854-c480682d-f1db-0&#8243; include=&#8221;901704,901700&#8243;][\/vc_tta_section][vc_tta_section title=&#8221;Tilt &#8230; <a title=\"Accessories for grab\" class=\"read-more\" href=\"https:\/\/bsv.dk\/en\/hydraulic-grabs\/accessories-for-grab\/\" aria-label=\"Read more about Accessories for grab\">Read more<\/a><\/p>\n","protected":false},"author":1,"featured_media":0,"parent":5661,"menu_order":0,"comment_status":"closed","ping_status":"closed","template":"","meta":{"footnotes":""},"categories":[],"class_list":["post-5680","page","type-page","status-publish"],"yoast_head":"<!-- This site is optimized with the Yoast SEO plugin v27.4 - https:\/\/yoast.com\/product\/yoast-seo-wordpress\/ -->\n<title>Accessories for grab &#183; BSV<\/title>\n<meta name=\"robots\" content=\"index, follow, max-snippet:-1, max-image-preview:large, max-video-preview:-1\" \/>\n<link rel=\"canonical\" href=\"https:\/\/bsv.dk\/en\/hydraulic-grabs\/accessories-for-grab\/\" \/>\n<meta property=\"og:locale\" content=\"en_US\" \/>\n<meta property=\"og:type\" content=\"article\" \/>\n<meta property=\"og:title\" content=\"Accessories for grab &#183; BSV\" \/>\n<meta property=\"og:description\" content=\"[vc_row full_width=&#8221;stretch_row&#8221; el_class=&#8221;produkter&#8221;][vc_column][vc_column_text] Accessories for grab See our accessories for hydraulic grabs [\/vc_column_text][vc_empty_space height=&#8221;30px&#8221;][vc_tta_tabs style=&#8221;flat&#8221; shape=&#8221;square&#8221; alignment=&#8221;center&#8221; active_section=&#8221;1&#8243; el_class=&#8221;galleri&#8221;][vc_tta_section title=&#8221;Tube suspension&#8221; tab_id=&#8221;pipe-suspension&#8221;][vc_media_grid element_width=&#8221;3&#8243; gap=&#8221;20&#8243; item=&#8221;467&#8243; css=&#8221;&#8221; grid_id=&#8221;vc_gid:1770643368850-afd94e75-2bd2-9&#8243; include=&#8221;901680,901684&#8243;][\/vc_tta_section][vc_tta_section title=&#8221;Adapter&#8221; tab_id=&#8221;adapter01a9-43ee&#8221;][vc_media_grid element_width=&#8221;3&#8243; gap=&#8221;20&#8243; item=&#8221;467&#8243; css=&#8221;&#8221; grid_id=&#8221;vc_gid:1770643368852-c151d8c9-2286-1&#8243; include=&#8221;901688&#8243;][\/vc_tta_section][vc_tta_section title=&#8221;Rotator hook&#8221; tab_id=&#8221;rotator-hook&#8221;][vc_media_grid element_width=&#8221;3&#8243; gap=&#8221;20&#8243; item=&#8221;467&#8243; css=&#8221;&#8221; grid_id=&#8221;vc_gid:1770643368853-a334f68d-64e6-6&#8243; include=&#8221;901696,901692&#8243;][\/vc_tta_section][vc_tta_section title=&#8221;Connecting link&#8221; tab_id=&#8221;intermediate&#8221;][vc_media_grid element_width=&#8221;3&#8243; gap=&#8221;20&#8243; item=&#8221;467&#8243; css=&#8221;&#8221; grid_id=&#8221;vc_gid:1770643368854-c480682d-f1db-0&#8243; include=&#8221;901704,901700&#8243;][\/vc_tta_section][vc_tta_section title=&#8221;Tilt ... Read more\" \/>\n<meta property=\"og:url\" content=\"https:\/\/bsv.dk\/en\/hydraulic-grabs\/accessories-for-grab\/\" \/>\n<meta property=\"og:site_name\" content=\"BSV\" \/>\n<meta property=\"article:modified_time\" content=\"2026-02-09T13:27:19+00:00\" \/>\n<meta name=\"twitter:card\" content=\"summary_large_image\" \/>\n<meta name=\"twitter:label1\" content=\"Est. reading time\" \/>\n\t<meta name=\"twitter:data1\" content=\"2 minutes\" \/>\n<script type=\"application\/ld+json\" class=\"yoast-schema-graph\">{\"@context\":\"https:\\\/\\\/schema.org\",\"@graph\":[{\"@type\":\"WebPage\",\"@id\":\"https:\\\/\\\/bsv.dk\\\/en\\\/hydraulic-grabs\\\/accessories-for-grab\\\/\",\"url\":\"https:\\\/\\\/bsv.dk\\\/en\\\/hydraulic-grabs\\\/accessories-for-grab\\\/\",\"name\":\"Accessories for grab &#183; BSV\",\"isPartOf\":{\"@id\":\"https:\\\/\\\/bsv.dk\\\/#website\"},\"datePublished\":\"2022-07-13T05:31:31+00:00\",\"dateModified\":\"2026-02-09T13:27:19+00:00\",\"breadcrumb\":{\"@id\":\"https:\\\/\\\/bsv.dk\\\/en\\\/hydraulic-grabs\\\/accessories-for-grab\\\/#breadcrumb\"},\"inLanguage\":\"en-US\",\"potentialAction\":[{\"@type\":\"ReadAction\",\"target\":[\"https:\\\/\\\/bsv.dk\\\/en\\\/hydraulic-grabs\\\/accessories-for-grab\\\/\"]}]},{\"@type\":\"BreadcrumbList\",\"@id\":\"https:\\\/\\\/bsv.dk\\\/en\\\/hydraulic-grabs\\\/accessories-for-grab\\\/#breadcrumb\",\"itemListElement\":[{\"@type\":\"ListItem\",\"position\":1,\"name\":\"Hjem\",\"item\":\"https:\\\/\\\/bsv.dk\\\/en\\\/\"},{\"@type\":\"ListItem\",\"position\":2,\"name\":\"Hydraulic grabs\",\"item\":\"https:\\\/\\\/bsv.dk\\\/en\\\/hydraulic-grabs\\\/\"},{\"@type\":\"ListItem\",\"position\":3,\"name\":\"Accessories for grab\"}]},{\"@type\":\"WebSite\",\"@id\":\"https:\\\/\\\/bsv.dk\\\/#website\",\"url\":\"https:\\\/\\\/bsv.dk\\\/\",\"name\":\"BSV\",\"description\":\"L\u00f8fteudstyr og krantilbeh\u00f8r: K\u00f8b dit l\u00f8ftegrej og kran-udstyr\",\"publisher\":{\"@id\":\"https:\\\/\\\/bsv.dk\\\/#organization\"},\"potentialAction\":[{\"@type\":\"SearchAction\",\"target\":{\"@type\":\"EntryPoint\",\"urlTemplate\":\"https:\\\/\\\/bsv.dk\\\/?s={search_term_string}\"},\"query-input\":{\"@type\":\"PropertyValueSpecification\",\"valueRequired\":true,\"valueName\":\"search_term_string\"}}],\"inLanguage\":\"en-US\"},{\"@type\":\"Organization\",\"@id\":\"https:\\\/\\\/bsv.dk\\\/#organization\",\"name\":\"BSV\",\"url\":\"https:\\\/\\\/bsv.dk\\\/\",\"logo\":{\"@type\":\"ImageObject\",\"inLanguage\":\"en-US\",\"@id\":\"https:\\\/\\\/bsv.dk\\\/#\\\/schema\\\/logo\\\/image\\\/\",\"url\":\"https:\\\/\\\/bsv.dk\\\/wp-content\\\/uploads\\\/2022\\\/07\\\/bsv-logo.png\",\"contentUrl\":\"https:\\\/\\\/bsv.dk\\\/wp-content\\\/uploads\\\/2022\\\/07\\\/bsv-logo.png\",\"width\":594,\"height\":249,\"caption\":\"BSV\"},\"image\":{\"@id\":\"https:\\\/\\\/bsv.dk\\\/#\\\/schema\\\/logo\\\/image\\\/\"}}]}<\/script>\n<!-- \/ Yoast SEO plugin. -->","yoast_head_json":{"title":"Accessories for grab &#183; BSV","robots":{"index":"index","follow":"follow","max-snippet":"max-snippet:-1","max-image-preview":"max-image-preview:large","max-video-preview":"max-video-preview:-1"},"canonical":"https:\/\/bsv.dk\/en\/hydraulic-grabs\/accessories-for-grab\/","og_locale":"en_US","og_type":"article","og_title":"Accessories for grab &#183; BSV","og_description":"[vc_row full_width=&#8221;stretch_row&#8221; el_class=&#8221;produkter&#8221;][vc_column][vc_column_text] Accessories for grab See our accessories for hydraulic grabs [\/vc_column_text][vc_empty_space height=&#8221;30px&#8221;][vc_tta_tabs style=&#8221;flat&#8221; shape=&#8221;square&#8221; alignment=&#8221;center&#8221; active_section=&#8221;1&#8243; el_class=&#8221;galleri&#8221;][vc_tta_section title=&#8221;Tube suspension&#8221; tab_id=&#8221;pipe-suspension&#8221;][vc_media_grid element_width=&#8221;3&#8243; gap=&#8221;20&#8243; item=&#8221;467&#8243; css=&#8221;&#8221; grid_id=&#8221;vc_gid:1770643368850-afd94e75-2bd2-9&#8243; include=&#8221;901680,901684&#8243;][\/vc_tta_section][vc_tta_section title=&#8221;Adapter&#8221; tab_id=&#8221;adapter01a9-43ee&#8221;][vc_media_grid element_width=&#8221;3&#8243; gap=&#8221;20&#8243; item=&#8221;467&#8243; css=&#8221;&#8221; grid_id=&#8221;vc_gid:1770643368852-c151d8c9-2286-1&#8243; include=&#8221;901688&#8243;][\/vc_tta_section][vc_tta_section title=&#8221;Rotator hook&#8221; tab_id=&#8221;rotator-hook&#8221;][vc_media_grid element_width=&#8221;3&#8243; gap=&#8221;20&#8243; item=&#8221;467&#8243; css=&#8221;&#8221; grid_id=&#8221;vc_gid:1770643368853-a334f68d-64e6-6&#8243; include=&#8221;901696,901692&#8243;][\/vc_tta_section][vc_tta_section title=&#8221;Connecting link&#8221; tab_id=&#8221;intermediate&#8221;][vc_media_grid element_width=&#8221;3&#8243; gap=&#8221;20&#8243; item=&#8221;467&#8243; css=&#8221;&#8221; grid_id=&#8221;vc_gid:1770643368854-c480682d-f1db-0&#8243; include=&#8221;901704,901700&#8243;][\/vc_tta_section][vc_tta_section title=&#8221;Tilt ... Read more","og_url":"https:\/\/bsv.dk\/en\/hydraulic-grabs\/accessories-for-grab\/","og_site_name":"BSV","article_modified_time":"2026-02-09T13:27:19+00:00","twitter_card":"summary_large_image","twitter_misc":{"Est. reading time":"2 minutes"},"schema":{"@context":"https:\/\/schema.org","@graph":[{"@type":"WebPage","@id":"https:\/\/bsv.dk\/en\/hydraulic-grabs\/accessories-for-grab\/","url":"https:\/\/bsv.dk\/en\/hydraulic-grabs\/accessories-for-grab\/","name":"Accessories for grab &#183; BSV","isPartOf":{"@id":"https:\/\/bsv.dk\/#website"},"datePublished":"2022-07-13T05:31:31+00:00","dateModified":"2026-02-09T13:27:19+00:00","breadcrumb":{"@id":"https:\/\/bsv.dk\/en\/hydraulic-grabs\/accessories-for-grab\/#breadcrumb"},"inLanguage":"en-US","potentialAction":[{"@type":"ReadAction","target":["https:\/\/bsv.dk\/en\/hydraulic-grabs\/accessories-for-grab\/"]}]},{"@type":"BreadcrumbList","@id":"https:\/\/bsv.dk\/en\/hydraulic-grabs\/accessories-for-grab\/#breadcrumb","itemListElement":[{"@type":"ListItem","position":1,"name":"Hjem","item":"https:\/\/bsv.dk\/en\/"},{"@type":"ListItem","position":2,"name":"Hydraulic grabs","item":"https:\/\/bsv.dk\/en\/hydraulic-grabs\/"},{"@type":"ListItem","position":3,"name":"Accessories for grab"}]},{"@type":"WebSite","@id":"https:\/\/bsv.dk\/#website","url":"https:\/\/bsv.dk\/","name":"BSV","description":"L\u00f8fteudstyr og krantilbeh\u00f8r: K\u00f8b dit l\u00f8ftegrej og kran-udstyr","publisher":{"@id":"https:\/\/bsv.dk\/#organization"},"potentialAction":[{"@type":"SearchAction","target":{"@type":"EntryPoint","urlTemplate":"https:\/\/bsv.dk\/?s={search_term_string}"},"query-input":{"@type":"PropertyValueSpecification","valueRequired":true,"valueName":"search_term_string"}}],"inLanguage":"en-US"},{"@type":"Organization","@id":"https:\/\/bsv.dk\/#organization","name":"BSV","url":"https:\/\/bsv.dk\/","logo":{"@type":"ImageObject","inLanguage":"en-US","@id":"https:\/\/bsv.dk\/#\/schema\/logo\/image\/","url":"https:\/\/bsv.dk\/wp-content\/uploads\/2022\/07\/bsv-logo.png","contentUrl":"https:\/\/bsv.dk\/wp-content\/uploads\/2022\/07\/bsv-logo.png","width":594,"height":249,"caption":"BSV"},"image":{"@id":"https:\/\/bsv.dk\/#\/schema\/logo\/image\/"}}]}},"_links":{"self":[{"href":"https:\/\/bsv.dk\/en\/wp-json\/wp\/v2\/pages\/5680","targetHints":{"allow":["GET"]}}],"collection":[{"href":"https:\/\/bsv.dk\/en\/wp-json\/wp\/v2\/pages"}],"about":[{"href":"https:\/\/bsv.dk\/en\/wp-json\/wp\/v2\/types\/page"}],"author":[{"embeddable":true,"href":"https:\/\/bsv.dk\/en\/wp-json\/wp\/v2\/users\/1"}],"replies":[{"embeddable":true,"href":"https:\/\/bsv.dk\/en\/wp-json\/wp\/v2\/comments?post=5680"}],"version-history":[{"count":16,"href":"https:\/\/bsv.dk\/en\/wp-json\/wp\/v2\/pages\/5680\/revisions"}],"predecessor-version":[{"id":901713,"href":"https:\/\/bsv.dk\/en\/wp-json\/wp\/v2\/pages\/5680\/revisions\/901713"}],"up":[{"embeddable":true,"href":"https:\/\/bsv.dk\/en\/wp-json\/wp\/v2\/pages\/5661"}],"wp:attachment":[{"href":"https:\/\/bsv.dk\/en\/wp-json\/wp\/v2\/media?parent=5680"}],"wp:term":[{"taxonomy":"category","embeddable":true,"href":"https:\/\/bsv.dk\/en\/wp-json\/wp\/v2\/categories?post=5680"}],"curies":[{"name":"wp","href":"https:\/\/api.w.org\/{rel}","templated":true}]}}