{"id":5678,"date":"2022-07-13T07:29:43","date_gmt":"2022-07-13T05:29:43","guid":{"rendered":"https:\/\/bsv.dk\/buckets\/combi-grab\/"},"modified":"2026-02-16T09:55:34","modified_gmt":"2026-02-16T08:55:34","slug":"combi-grab","status":"publish","type":"page","link":"https:\/\/bsv.dk\/en\/hydraulic-grabs\/combi-grab\/","title":{"rendered":"Combi grab"},"content":{"rendered":"<div class=\"wpb-content-wrapper\"><p>[vc_row full_width=&#8221;stretch_row&#8221; el_class=&#8221;produkter&#8221;][vc_column]<div class=\"ult-spacer spacer-69f219f1d32fd\" data-id=\"69f219f1d32fd\" data-height=\"90\" data-height-mobile=\"60\" data-height-tab=\"90\" data-height-tab-portrait=\"60\" data-height-mobile-landscape=\"60\" style=\"clear:both;display:block;\"><\/div>[vc_row_inner equal_height=&#8221;yes&#8221;][vc_column_inner offset=&#8221;vc_col-lg-6 vc_col-md-6 vc_col-xs-12&#8243;][vc_media_grid style=&#8221;pagination&#8221; items_per_page=&#8221;1&#8243; element_width=&#8221;12&#8243; gap=&#8221;20&#8243; arrows_design=&#8221;vc_arrow-icon-arrow_01_left&#8221; arrows_position=&#8221;outside&#8221; arrows_color=&#8221;black&#8221; paging_design=&#8221;none&#8221; loop=&#8221;yes&#8221; item=&#8221;2845&#8243; css=&#8221;&#8221; grid_id=&#8221;vc_gid:1771232123303-a0f82d15-9bd5-4&#8243; include=&#8221;7359,7363,7367&#8243;]<div class=\"ult-spacer spacer-69f219f1d3343\" data-id=\"69f219f1d3343\" data-height=\"0\" data-height-mobile=\"30\" data-height-tab=\"0\" data-height-tab-portrait=\"30\" data-height-mobile-landscape=\"30\" style=\"clear:both;display:block;\"><\/div>[\/vc_column_inner][vc_column_inner offset=&#8221;vc_col-lg-6 vc_col-md-6 vc_col-xs-12&#8243;][vc_column_text]<\/p>\n<h1>Combi grab<\/h1>\n<p>[\/vc_column_text][vc_empty_space height=&#8221;30px&#8221;][vc_btn title=&#8221;Download PDF&#8221; style=&#8221;custom&#8221; custom_background=&#8221;#f7b639&#8243; custom_text=&#8221;#ffffff&#8221; shape=&#8221;square&#8221; size=&#8221;sm&#8221; align=&#8221;left&#8221; css=&#8221;&#8221; link=&#8221;url:https%3A%2F%2Fbsv.dk%2Fwp-content%2Fuploads%2F2026%2F02%2Fdatablad-combi-grab-gb.pdf|target:_blank&#8221;][vc_empty_space height=&#8221;30px&#8221;][vc_column_text]COMBI grab is BSV&#8217;s series of hydraulic smaller grabs.<\/p>\n<p>The Combi grab series consists of a hydraulic unit, on which buckets for sand, branches, wood, solid wood, granite stone, curbstone etc. can be mounted and it can be used for many other different tasks. The name Combi comes due to the possibility of tool change and great flexibility.<\/p>\n<p>The buckets are delivered as both open and closed buckets.<\/p>\n<p>This grab is primarily designed for use in smaller hydraulic cranes, mini diggers, etc. COMBI grab is flexible and versatile and is the right choice for companies with many small and different tasks.<\/p>\n<p>One of the advantages of this type of crane grab is that quick tool changes can be made without the use of hand tools.[\/vc_column_text][\/vc_column_inner][\/vc_row_inner]<div class=\"ult-spacer spacer-69f219f1d336b\" data-id=\"69f219f1d336b\" data-height=\"90\" data-height-mobile=\"60\" data-height-tab=\"90\" data-height-tab-portrait=\"60\" data-height-mobile-landscape=\"60\" style=\"clear:both;display:block;\"><\/div>[\/vc_column][\/vc_row][vc_row full_width=&#8221;stretch_row&#8221; disable_element=&#8221;yes&#8221; el_class=&#8221;produkter&#8221; css=&#8221;.vc_custom_1691573589718{background-color: #f7f7f7 !important;}&#8221;][vc_column]<div class=\"ult-spacer spacer-69f219f1d338e\" data-id=\"69f219f1d338e\" data-height=\"90\" data-height-mobile=\"60\" data-height-tab=\"90\" data-height-tab-portrait=\"60\" data-height-mobile-landscape=\"60\" style=\"clear:both;display:block;\"><\/div>[vc_column_text]<\/p>\n<h3>See our COMBI grab series<\/h3>\n<p>[\/vc_column_text][vc_empty_space height=&#8221;30px&#8221;][vc_row_inner][vc_column_inner offset=&#8221;vc_col-lg-8 vc_col-md-8 vc_col-xs-12&#8243;]<div class=\"ult-spacer spacer-69f219f1d33ae\" data-id=\"69f219f1d33ae\" data-height=\"0\" data-height-mobile=\"30\" data-height-tab=\"0\" data-height-tab-portrait=\"30\" data-height-mobile-landscape=\"30\" style=\"clear:both;display:block;\"><\/div>[\/vc_column_inner][vc_column_inner offset=&#8221;vc_col-lg-4 vc_col-md-4 vc_col-xs-12&#8243;][vc_media_grid element_width=&#8221;12&#8243; gap=&#8221;0&#8243; item=&#8221;1774&#8243; grid_id=&#8221;vc_gid:1771232123305-c5e01cbd-e0f5-5&#8243; include=&#8221;5166&#8243;][\/vc_column_inner][\/vc_row_inner][vc_empty_space height=&#8221;30px&#8221;][vc_separator][vc_empty_space height=&#8221;30px&#8221;][vc_row_inner][vc_column_inner offset=&#8221;vc_col-lg-8 vc_col-md-8 vc_col-xs-12&#8243;][vc_raw_html]JTVCdGFibGUlMjBpZCUzRDEwJTIwcmVzcG9uc2l2ZSUzRHNjcm9sbCUyMHJlc3BvbnNpdmVfYnJlYWtwb2ludCUzRHBob25lJTIwJTJGJTVE[\/vc_raw_html]<div class=\"ult-spacer spacer-69f219f1d33d6\" data-id=\"69f219f1d33d6\" data-height=\"0\" data-height-mobile=\"30\" data-height-tab=\"0\" data-height-tab-portrait=\"30\" data-height-mobile-landscape=\"30\" style=\"clear:both;display:block;\"><\/div>[\/vc_column_inner][vc_column_inner offset=&#8221;vc_col-lg-4 vc_col-md-4 vc_col-xs-12&#8243;][\/vc_column_inner][\/vc_row_inner][vc_empty_space height=&#8221;30px&#8221;][vc_separator][vc_empty_space height=&#8221;30px&#8221;][vc_row_inner][vc_column_inner offset=&#8221;vc_col-lg-8 vc_col-md-8 vc_col-xs-12&#8243;][vc_raw_html]JTVCdGFibGUlMjBpZCUzRDI0JTIwcmVzcG9uc2l2ZSUzRHNjcm9sbCUyMHJlc3BvbnNpdmVfYnJlYWtwb2ludCUzRHBob25lJTIwJTJGJTVE[\/vc_raw_html]<div class=\"ult-spacer spacer-69f219f1d33f4\" data-id=\"69f219f1d33f4\" data-height=\"0\" data-height-mobile=\"30\" data-height-tab=\"0\" data-height-tab-portrait=\"30\" data-height-mobile-landscape=\"30\" style=\"clear:both;display:block;\"><\/div>[\/vc_column_inner][vc_column_inner offset=&#8221;vc_col-lg-4 vc_col-md-4 vc_col-xs-12&#8243;][vc_media_grid element_width=&#8221;12&#8243; gap=&#8221;0&#8243; item=&#8221;1774&#8243; grid_id=&#8221;vc_gid:1771232123307-3dd0a70f-510d-7&#8243; include=&#8221;5186&#8243;][\/vc_column_inner][\/vc_row_inner][vc_empty_space height=&#8221;30px&#8221;][vc_separator][vc_empty_space height=&#8221;30px&#8221;][vc_row_inner][vc_column_inner offset=&#8221;vc_col-lg-8 vc_col-md-8 vc_col-xs-12&#8243;][vc_raw_html]JTVCdGFibGUlMjBpZCUzRDEyJTIwcmVzcG9uc2l2ZSUzRHNjcm9sbCUyMHJlc3BvbnNpdmVfYnJlYWtwb2ludCUzRHBob25lJTIwJTJGJTVE[\/vc_raw_html]<div class=\"ult-spacer spacer-69f219f1d3411\" data-id=\"69f219f1d3411\" data-height=\"0\" data-height-mobile=\"30\" data-height-tab=\"0\" data-height-tab-portrait=\"30\" data-height-mobile-landscape=\"30\" style=\"clear:both;display:block;\"><\/div>[\/vc_column_inner][vc_column_inner offset=&#8221;vc_col-lg-4 vc_col-md-4 vc_col-xs-12&#8243;][vc_media_grid element_width=&#8221;12&#8243; gap=&#8221;0&#8243; item=&#8221;1774&#8243; grid_id=&#8221;vc_gid:1771232123308-b8695a6b-863c-10&#8243; include=&#8221;5196&#8243;][\/vc_column_inner][\/vc_row_inner][vc_empty_space height=&#8221;30px&#8221;][vc_separator][vc_empty_space height=&#8221;30px&#8221;][vc_row_inner][vc_column_inner offset=&#8221;vc_col-lg-8 vc_col-md-8 vc_col-xs-12&#8243;][vc_raw_html]JTVCdGFibGUlMjBpZCUzRDE0JTIwcmVzcG9uc2l2ZSUzRHNjcm9sbCUyMHJlc3BvbnNpdmVfYnJlYWtwb2ludCUzRHBob25lJTIwJTJGJTVE[\/vc_raw_html]<div class=\"ult-spacer spacer-69f219f1d3437\" data-id=\"69f219f1d3437\" data-height=\"0\" data-height-mobile=\"30\" data-height-tab=\"0\" data-height-tab-portrait=\"30\" data-height-mobile-landscape=\"30\" style=\"clear:both;display:block;\"><\/div>[\/vc_column_inner][vc_column_inner offset=&#8221;vc_col-lg-4 vc_col-md-4 vc_col-xs-12&#8243;][vc_media_grid element_width=&#8221;12&#8243; gap=&#8221;0&#8243; item=&#8221;1774&#8243; grid_id=&#8221;vc_gid:1771232123309-771b2600-97aa-1&#8243; include=&#8221;5201&#8243;][\/vc_column_inner][\/vc_row_inner][vc_empty_space height=&#8221;30px&#8221;][vc_separator][vc_empty_space height=&#8221;30px&#8221;][vc_row_inner][vc_column_inner offset=&#8221;vc_col-lg-8 vc_col-md-8 vc_col-xs-12&#8243;][vc_raw_html]JTVCdGFibGUlMjBpZCUzRDE3JTIwcmVzcG9uc2l2ZSUzRHNjcm9sbCUyMHJlc3BvbnNpdmVfYnJlYWtwb2ludCUzRHBob25lJTIwJTJGJTVE[\/vc_raw_html]<div class=\"ult-spacer spacer-69f219f1d3453\" data-id=\"69f219f1d3453\" data-height=\"0\" data-height-mobile=\"30\" data-height-tab=\"0\" data-height-tab-portrait=\"30\" data-height-mobile-landscape=\"30\" style=\"clear:both;display:block;\"><\/div>[\/vc_column_inner][vc_column_inner offset=&#8221;vc_col-lg-4 vc_col-md-4 vc_col-xs-12&#8243;][vc_media_grid element_width=&#8221;12&#8243; gap=&#8221;0&#8243; item=&#8221;1774&#8243; grid_id=&#8221;vc_gid:1771232123310-feb529b0-3225-2&#8243; include=&#8221;5209&#8243;][\/vc_column_inner][\/vc_row_inner][vc_empty_space height=&#8221;30px&#8221;][vc_separator][vc_empty_space height=&#8221;30px&#8221;][vc_row_inner][vc_column_inner offset=&#8221;vc_col-lg-8 vc_col-md-8 vc_col-xs-12&#8243;][vc_raw_html]JTVCdGFibGUlMjBpZCUzRDIxJTIwcmVzcG9uc2l2ZSUzRHNjcm9sbCUyMHJlc3BvbnNpdmVfYnJlYWtwb2ludCUzRHBob25lJTIwJTJGJTVE[\/vc_raw_html]<div class=\"ult-spacer spacer-69f219f1d346d\" data-id=\"69f219f1d346d\" data-height=\"0\" data-height-mobile=\"30\" data-height-tab=\"0\" data-height-tab-portrait=\"30\" data-height-mobile-landscape=\"30\" style=\"clear:both;display:block;\"><\/div>[\/vc_column_inner][vc_column_inner offset=&#8221;vc_col-lg-4 vc_col-md-4 vc_col-xs-12&#8243;][vc_media_grid element_width=&#8221;12&#8243; gap=&#8221;0&#8243; item=&#8221;1774&#8243; grid_id=&#8221;vc_gid:1771232123310-904e34d9-811c-9&#8243; include=&#8221;5227&#8243;][\/vc_column_inner][\/vc_row_inner][vc_empty_space height=&#8221;30px&#8221;][vc_separator][vc_empty_space height=&#8221;30px&#8221;][vc_row_inner][vc_column_inner offset=&#8221;vc_col-lg-8 vc_col-md-8 vc_col-xs-12&#8243;][vc_raw_html]JTVCdGFibGUlMjBpZCUzRDIzJTIwcmVzcG9uc2l2ZSUzRHNjcm9sbCUyMHJlc3BvbnNpdmVfYnJlYWtwb2ludCUzRHBob25lJTIwJTJGJTVE[\/vc_raw_html]<div class=\"ult-spacer spacer-69f219f1d3487\" data-id=\"69f219f1d3487\" data-height=\"0\" data-height-mobile=\"30\" data-height-tab=\"0\" data-height-tab-portrait=\"30\" data-height-mobile-landscape=\"30\" style=\"clear:both;display:block;\"><\/div>[\/vc_column_inner][vc_column_inner offset=&#8221;vc_col-lg-4 vc_col-md-4 vc_col-xs-12&#8243;][vc_media_grid element_width=&#8221;12&#8243; gap=&#8221;0&#8243; item=&#8221;1774&#8243; grid_id=&#8221;vc_gid:1771232123311-6911f81f-89d9-7&#8243; include=&#8221;5222&#8243;][\/vc_column_inner][\/vc_row_inner][vc_empty_space height=&#8221;30px&#8221;][vc_separator][vc_empty_space height=&#8221;30px&#8221;][vc_raw_html]JTVCdGFibGUlMjBpZCUzRDI2JTIwcmVzcG9uc2l2ZSUzRHNjcm9sbCUyMHJlc3BvbnNpdmVfYnJlYWtwb2ludCUzRHBob25lJTIwJTJGJTVE[\/vc_raw_html][vc_empty_space height=&#8221;30px&#8221;][vc_separator][vc_empty_space height=&#8221;30px&#8221;][vc_raw_html]JTVCdGFibGUlMjBpZCUzRDI5JTIwcmVzcG9uc2l2ZSUzRHNjcm9sbCUyMHJlc3BvbnNpdmVfYnJlYWtwb2ludCUzRHBob25lJTIwJTJGJTVE[\/vc_raw_html]<div class=\"ult-spacer spacer-69f219f1d34a0\" data-id=\"69f219f1d34a0\" data-height=\"0\" data-height-mobile=\"30\" data-height-tab=\"0\" data-height-tab-portrait=\"30\" data-height-mobile-landscape=\"30\" style=\"clear:both;display:block;\"><\/div>[vc_empty_space height=&#8221;30px&#8221;][vc_separator][vc_empty_space height=&#8221;30px&#8221;][vc_raw_html]JTVCdGFibGUlMjBpZCUzRDMxJTIwcmVzcG9uc2l2ZSUzRHNjcm9sbCUyMHJlc3BvbnNpdmVfYnJlYWtwb2ludCUzRHBob25lJTIwJTJGJTVE[\/vc_raw_html]<div class=\"ult-spacer spacer-69f219f1d34b9\" data-id=\"69f219f1d34b9\" data-height=\"90\" data-height-mobile=\"60\" data-height-tab=\"90\" data-height-tab-portrait=\"60\" data-height-mobile-landscape=\"60\" style=\"clear:both;display:block;\"><\/div>[\/vc_column][\/vc_row]<\/p>\n<\/div>","protected":false},"excerpt":{"rendered":"<p>[vc_row full_width=&#8221;stretch_row&#8221; el_class=&#8221;produkter&#8221;][vc_column][vc_row_inner equal_height=&#8221;yes&#8221;][vc_column_inner offset=&#8221;vc_col-lg-6 vc_col-md-6 vc_col-xs-12&#8243;][vc_media_grid style=&#8221;pagination&#8221; items_per_page=&#8221;1&#8243; element_width=&#8221;12&#8243; gap=&#8221;20&#8243; arrows_design=&#8221;vc_arrow-icon-arrow_01_left&#8221; arrows_position=&#8221;outside&#8221; arrows_color=&#8221;black&#8221; paging_design=&#8221;none&#8221; loop=&#8221;yes&#8221; item=&#8221;2845&#8243; css=&#8221;&#8221; grid_id=&#8221;vc_gid:1771232123303-a0f82d15-9bd5-4&#8243; include=&#8221;7359,7363,7367&#8243;][\/vc_column_inner][vc_column_inner offset=&#8221;vc_col-lg-6 vc_col-md-6 vc_col-xs-12&#8243;][vc_column_text] Combi grab [\/vc_column_text][vc_empty_space height=&#8221;30px&#8221;][vc_btn title=&#8221;Download PDF&#8221; style=&#8221;custom&#8221; custom_background=&#8221;#f7b639&#8243; custom_text=&#8221;#ffffff&#8221; shape=&#8221;square&#8221; size=&#8221;sm&#8221; align=&#8221;left&#8221; css=&#8221;&#8221; link=&#8221;url:https%3A%2F%2Fbsv.dk%2Fwp-content%2Fuploads%2F2026%2F02%2Fdatablad-combi-grab-gb.pdf|target:_blank&#8221;][vc_empty_space height=&#8221;30px&#8221;][vc_column_text]COMBI grab is BSV&#8217;s series of hydraulic smaller grabs. The Combi grab series consists of a hydraulic unit, &#8230; <a title=\"Combi grab\" class=\"read-more\" href=\"https:\/\/bsv.dk\/en\/hydraulic-grabs\/combi-grab\/\" aria-label=\"Read more about Combi grab\">Read more<\/a><\/p>\n","protected":false},"author":1,"featured_media":0,"parent":5661,"menu_order":0,"comment_status":"closed","ping_status":"closed","template":"","meta":{"footnotes":""},"categories":[44],"class_list":{"0":"post-5678","1":"page","2":"type-page","3":"status-publish","5":"category-hydraulic"},"yoast_head":"<!-- This site is optimized with the Yoast SEO plugin v27.5 - https:\/\/yoast.com\/product\/yoast-seo-wordpress\/ -->\n<title>Combi grab &#183; BSV<\/title>\n<meta name=\"robots\" content=\"index, follow, max-snippet:-1, max-image-preview:large, max-video-preview:-1\" \/>\n<link rel=\"canonical\" href=\"https:\/\/bsv.dk\/en\/hydraulic-grabs\/combi-grab\/\" \/>\n<meta property=\"og:locale\" content=\"en_US\" \/>\n<meta property=\"og:type\" content=\"article\" \/>\n<meta property=\"og:title\" content=\"Combi grab &#183; BSV\" \/>\n<meta property=\"og:description\" content=\"[vc_row full_width=&#8221;stretch_row&#8221; el_class=&#8221;produkter&#8221;][vc_column][vc_row_inner equal_height=&#8221;yes&#8221;][vc_column_inner offset=&#8221;vc_col-lg-6 vc_col-md-6 vc_col-xs-12&#8243;][vc_media_grid style=&#8221;pagination&#8221; items_per_page=&#8221;1&#8243; element_width=&#8221;12&#8243; gap=&#8221;20&#8243; arrows_design=&#8221;vc_arrow-icon-arrow_01_left&#8221; arrows_position=&#8221;outside&#8221; arrows_color=&#8221;black&#8221; paging_design=&#8221;none&#8221; loop=&#8221;yes&#8221; item=&#8221;2845&#8243; css=&#8221;&#8221; grid_id=&#8221;vc_gid:1771232123303-a0f82d15-9bd5-4&#8243; include=&#8221;7359,7363,7367&#8243;][\/vc_column_inner][vc_column_inner offset=&#8221;vc_col-lg-6 vc_col-md-6 vc_col-xs-12&#8243;][vc_column_text] Combi grab [\/vc_column_text][vc_empty_space height=&#8221;30px&#8221;][vc_btn title=&#8221;Download PDF&#8221; style=&#8221;custom&#8221; custom_background=&#8221;#f7b639&#8243; custom_text=&#8221;#ffffff&#8221; shape=&#8221;square&#8221; size=&#8221;sm&#8221; align=&#8221;left&#8221; css=&#8221;&#8221; link=&#8221;url:https%3A%2F%2Fbsv.dk%2Fwp-content%2Fuploads%2F2026%2F02%2Fdatablad-combi-grab-gb.pdf|target:_blank&#8221;][vc_empty_space height=&#8221;30px&#8221;][vc_column_text]COMBI grab is BSV&#8217;s series of hydraulic smaller grabs. The Combi grab series consists of a hydraulic unit, ... Read more\" \/>\n<meta property=\"og:url\" content=\"https:\/\/bsv.dk\/en\/hydraulic-grabs\/combi-grab\/\" \/>\n<meta property=\"og:site_name\" content=\"BSV\" \/>\n<meta property=\"article:modified_time\" content=\"2026-02-16T08:55:34+00:00\" \/>\n<meta name=\"twitter:card\" content=\"summary_large_image\" \/>\n<meta name=\"twitter:label1\" content=\"Est. reading time\" \/>\n\t<meta name=\"twitter:data1\" content=\"4 minutes\" \/>\n<script type=\"application\/ld+json\" class=\"yoast-schema-graph\">{\"@context\":\"https:\\\/\\\/schema.org\",\"@graph\":[{\"@type\":\"WebPage\",\"@id\":\"https:\\\/\\\/bsv.dk\\\/en\\\/hydraulic-grabs\\\/combi-grab\\\/\",\"url\":\"https:\\\/\\\/bsv.dk\\\/en\\\/hydraulic-grabs\\\/combi-grab\\\/\",\"name\":\"Combi grab &#183; BSV\",\"isPartOf\":{\"@id\":\"https:\\\/\\\/bsv.dk\\\/#website\"},\"datePublished\":\"2022-07-13T05:29:43+00:00\",\"dateModified\":\"2026-02-16T08:55:34+00:00\",\"breadcrumb\":{\"@id\":\"https:\\\/\\\/bsv.dk\\\/en\\\/hydraulic-grabs\\\/combi-grab\\\/#breadcrumb\"},\"inLanguage\":\"en-US\",\"potentialAction\":[{\"@type\":\"ReadAction\",\"target\":[\"https:\\\/\\\/bsv.dk\\\/en\\\/hydraulic-grabs\\\/combi-grab\\\/\"]}]},{\"@type\":\"BreadcrumbList\",\"@id\":\"https:\\\/\\\/bsv.dk\\\/en\\\/hydraulic-grabs\\\/combi-grab\\\/#breadcrumb\",\"itemListElement\":[{\"@type\":\"ListItem\",\"position\":1,\"name\":\"Hjem\",\"item\":\"https:\\\/\\\/bsv.dk\\\/en\\\/\"},{\"@type\":\"ListItem\",\"position\":2,\"name\":\"Hydraulic grabs\",\"item\":\"https:\\\/\\\/bsv.dk\\\/en\\\/hydraulic-grabs\\\/\"},{\"@type\":\"ListItem\",\"position\":3,\"name\":\"Combi grab\"}]},{\"@type\":\"WebSite\",\"@id\":\"https:\\\/\\\/bsv.dk\\\/#website\",\"url\":\"https:\\\/\\\/bsv.dk\\\/\",\"name\":\"BSV\",\"description\":\"L\u00f8fteudstyr og krantilbeh\u00f8r: K\u00f8b dit l\u00f8ftegrej og kran-udstyr\",\"publisher\":{\"@id\":\"https:\\\/\\\/bsv.dk\\\/#organization\"},\"potentialAction\":[{\"@type\":\"SearchAction\",\"target\":{\"@type\":\"EntryPoint\",\"urlTemplate\":\"https:\\\/\\\/bsv.dk\\\/?s={search_term_string}\"},\"query-input\":{\"@type\":\"PropertyValueSpecification\",\"valueRequired\":true,\"valueName\":\"search_term_string\"}}],\"inLanguage\":\"en-US\"},{\"@type\":\"Organization\",\"@id\":\"https:\\\/\\\/bsv.dk\\\/#organization\",\"name\":\"BSV\",\"url\":\"https:\\\/\\\/bsv.dk\\\/\",\"logo\":{\"@type\":\"ImageObject\",\"inLanguage\":\"en-US\",\"@id\":\"https:\\\/\\\/bsv.dk\\\/#\\\/schema\\\/logo\\\/image\\\/\",\"url\":\"https:\\\/\\\/bsv.dk\\\/wp-content\\\/uploads\\\/2022\\\/07\\\/bsv-logo.png\",\"contentUrl\":\"https:\\\/\\\/bsv.dk\\\/wp-content\\\/uploads\\\/2022\\\/07\\\/bsv-logo.png\",\"width\":594,\"height\":249,\"caption\":\"BSV\"},\"image\":{\"@id\":\"https:\\\/\\\/bsv.dk\\\/#\\\/schema\\\/logo\\\/image\\\/\"}}]}<\/script>\n<!-- \/ Yoast SEO plugin. -->","yoast_head_json":{"title":"Combi grab &#183; BSV","robots":{"index":"index","follow":"follow","max-snippet":"max-snippet:-1","max-image-preview":"max-image-preview:large","max-video-preview":"max-video-preview:-1"},"canonical":"https:\/\/bsv.dk\/en\/hydraulic-grabs\/combi-grab\/","og_locale":"en_US","og_type":"article","og_title":"Combi grab &#183; BSV","og_description":"[vc_row full_width=&#8221;stretch_row&#8221; el_class=&#8221;produkter&#8221;][vc_column][vc_row_inner equal_height=&#8221;yes&#8221;][vc_column_inner offset=&#8221;vc_col-lg-6 vc_col-md-6 vc_col-xs-12&#8243;][vc_media_grid style=&#8221;pagination&#8221; items_per_page=&#8221;1&#8243; element_width=&#8221;12&#8243; gap=&#8221;20&#8243; arrows_design=&#8221;vc_arrow-icon-arrow_01_left&#8221; arrows_position=&#8221;outside&#8221; arrows_color=&#8221;black&#8221; paging_design=&#8221;none&#8221; loop=&#8221;yes&#8221; item=&#8221;2845&#8243; css=&#8221;&#8221; grid_id=&#8221;vc_gid:1771232123303-a0f82d15-9bd5-4&#8243; include=&#8221;7359,7363,7367&#8243;][\/vc_column_inner][vc_column_inner offset=&#8221;vc_col-lg-6 vc_col-md-6 vc_col-xs-12&#8243;][vc_column_text] Combi grab [\/vc_column_text][vc_empty_space height=&#8221;30px&#8221;][vc_btn title=&#8221;Download PDF&#8221; style=&#8221;custom&#8221; custom_background=&#8221;#f7b639&#8243; custom_text=&#8221;#ffffff&#8221; shape=&#8221;square&#8221; size=&#8221;sm&#8221; align=&#8221;left&#8221; css=&#8221;&#8221; link=&#8221;url:https%3A%2F%2Fbsv.dk%2Fwp-content%2Fuploads%2F2026%2F02%2Fdatablad-combi-grab-gb.pdf|target:_blank&#8221;][vc_empty_space height=&#8221;30px&#8221;][vc_column_text]COMBI grab is BSV&#8217;s series of hydraulic smaller grabs. The Combi grab series consists of a hydraulic unit, ... Read more","og_url":"https:\/\/bsv.dk\/en\/hydraulic-grabs\/combi-grab\/","og_site_name":"BSV","article_modified_time":"2026-02-16T08:55:34+00:00","twitter_card":"summary_large_image","twitter_misc":{"Est. reading time":"4 minutes"},"schema":{"@context":"https:\/\/schema.org","@graph":[{"@type":"WebPage","@id":"https:\/\/bsv.dk\/en\/hydraulic-grabs\/combi-grab\/","url":"https:\/\/bsv.dk\/en\/hydraulic-grabs\/combi-grab\/","name":"Combi grab &#183; BSV","isPartOf":{"@id":"https:\/\/bsv.dk\/#website"},"datePublished":"2022-07-13T05:29:43+00:00","dateModified":"2026-02-16T08:55:34+00:00","breadcrumb":{"@id":"https:\/\/bsv.dk\/en\/hydraulic-grabs\/combi-grab\/#breadcrumb"},"inLanguage":"en-US","potentialAction":[{"@type":"ReadAction","target":["https:\/\/bsv.dk\/en\/hydraulic-grabs\/combi-grab\/"]}]},{"@type":"BreadcrumbList","@id":"https:\/\/bsv.dk\/en\/hydraulic-grabs\/combi-grab\/#breadcrumb","itemListElement":[{"@type":"ListItem","position":1,"name":"Hjem","item":"https:\/\/bsv.dk\/en\/"},{"@type":"ListItem","position":2,"name":"Hydraulic grabs","item":"https:\/\/bsv.dk\/en\/hydraulic-grabs\/"},{"@type":"ListItem","position":3,"name":"Combi grab"}]},{"@type":"WebSite","@id":"https:\/\/bsv.dk\/#website","url":"https:\/\/bsv.dk\/","name":"BSV","description":"L\u00f8fteudstyr og krantilbeh\u00f8r: K\u00f8b dit l\u00f8ftegrej og kran-udstyr","publisher":{"@id":"https:\/\/bsv.dk\/#organization"},"potentialAction":[{"@type":"SearchAction","target":{"@type":"EntryPoint","urlTemplate":"https:\/\/bsv.dk\/?s={search_term_string}"},"query-input":{"@type":"PropertyValueSpecification","valueRequired":true,"valueName":"search_term_string"}}],"inLanguage":"en-US"},{"@type":"Organization","@id":"https:\/\/bsv.dk\/#organization","name":"BSV","url":"https:\/\/bsv.dk\/","logo":{"@type":"ImageObject","inLanguage":"en-US","@id":"https:\/\/bsv.dk\/#\/schema\/logo\/image\/","url":"https:\/\/bsv.dk\/wp-content\/uploads\/2022\/07\/bsv-logo.png","contentUrl":"https:\/\/bsv.dk\/wp-content\/uploads\/2022\/07\/bsv-logo.png","width":594,"height":249,"caption":"BSV"},"image":{"@id":"https:\/\/bsv.dk\/#\/schema\/logo\/image\/"}}]}},"_links":{"self":[{"href":"https:\/\/bsv.dk\/en\/wp-json\/wp\/v2\/pages\/5678","targetHints":{"allow":["GET"]}}],"collection":[{"href":"https:\/\/bsv.dk\/en\/wp-json\/wp\/v2\/pages"}],"about":[{"href":"https:\/\/bsv.dk\/en\/wp-json\/wp\/v2\/types\/page"}],"author":[{"embeddable":true,"href":"https:\/\/bsv.dk\/en\/wp-json\/wp\/v2\/users\/1"}],"replies":[{"embeddable":true,"href":"https:\/\/bsv.dk\/en\/wp-json\/wp\/v2\/comments?post=5678"}],"version-history":[{"count":14,"href":"https:\/\/bsv.dk\/en\/wp-json\/wp\/v2\/pages\/5678\/revisions"}],"predecessor-version":[{"id":901997,"href":"https:\/\/bsv.dk\/en\/wp-json\/wp\/v2\/pages\/5678\/revisions\/901997"}],"up":[{"embeddable":true,"href":"https:\/\/bsv.dk\/en\/wp-json\/wp\/v2\/pages\/5661"}],"wp:attachment":[{"href":"https:\/\/bsv.dk\/en\/wp-json\/wp\/v2\/media?parent=5678"}],"wp:term":[{"taxonomy":"category","embeddable":true,"href":"https:\/\/bsv.dk\/en\/wp-json\/wp\/v2\/categories?post=5678"}],"curies":[{"name":"wp","href":"https:\/\/api.w.org\/{rel}","templated":true}]}}