{"id":5662,"date":"2022-07-13T07:29:31","date_gmt":"2022-07-13T05:29:31","guid":{"rendered":"https:\/\/bsv.dk\/buckets\/ks-bucket\/"},"modified":"2026-02-16T09:59:15","modified_gmt":"2026-02-16T08:59:15","slug":"ks-ii-grab","status":"publish","type":"page","link":"https:\/\/bsv.dk\/en\/hydraulic-grabs\/ks-ii-grab\/","title":{"rendered":"KS II grab"},"content":{"rendered":"<div class=\"wpb-content-wrapper\"><p>[vc_row full_width=&#8221;stretch_row&#8221; el_class=&#8221;produkter&#8221;][vc_column]<div class=\"ult-spacer spacer-69f1e1c285b72\" data-id=\"69f1e1c285b72\" data-height=\"90\" data-height-mobile=\"60\" data-height-tab=\"90\" data-height-tab-portrait=\"60\" data-height-mobile-landscape=\"60\" style=\"clear:both;display:block;\"><\/div>[vc_row_inner equal_height=&#8221;yes&#8221;][vc_column_inner offset=&#8221;vc_col-lg-6 vc_col-md-6 vc_col-xs-12&#8243;][vc_media_grid style=&#8221;pagination&#8221; items_per_page=&#8221;1&#8243; element_width=&#8221;12&#8243; gap=&#8221;20&#8243; arrows_design=&#8221;vc_arrow-icon-arrow_01_left&#8221; arrows_position=&#8221;outside&#8221; arrows_color=&#8221;black&#8221; paging_design=&#8221;none&#8221; css=&#8221;&#8221; grid_id=&#8221;vc_gid:1771232317455-dfbdb800-7294-9&#8243; include=&#8221;7472,7476&#8243;]<div class=\"ult-spacer spacer-69f1e1c285bc1\" data-id=\"69f1e1c285bc1\" data-height=\"0\" data-height-mobile=\"30\" data-height-tab=\"0\" data-height-tab-portrait=\"30\" data-height-mobile-landscape=\"30\" style=\"clear:both;display:block;\"><\/div>[\/vc_column_inner][vc_column_inner offset=&#8221;vc_col-lg-6 vc_col-md-6 vc_col-xs-12&#8243;][vc_column_text][\/vc_column_text][vc_column_text]<\/p>\n<h1><strong>BSV grab type KSII<\/strong><\/h1>\n<p>[\/vc_column_text][vc_empty_space height=&#8221;30px&#8221;][vc_btn title=&#8221;Download PDF&#8221; style=&#8221;custom&#8221; custom_background=&#8221;#f7b639&#8243; custom_text=&#8221;#ffffff&#8221; shape=&#8221;square&#8221; size=&#8221;sm&#8221; align=&#8221;left&#8221; css=&#8221;&#8221; link=&#8221;url:https%3A%2F%2Fbsv.dk%2Fwp-content%2Fuploads%2F2026%2F02%2Fdatablad-grab-type-ksii-gb.pdf|target:_blank&#8221;][vc_empty_space height=&#8221;30px&#8221;][vc_column_text]BSV grab type KS II grab is the latest generation of BSV hydraulic grabs. The grab is primarily designed for construction work, which often places great demands on digging power, strength, and stability.<\/p>\n<p>KS grabs are equipped with a built-in check valve inside the cylinder, which means that the load is retained even if a hose on the crane brakes.<\/p>\n<p>The grab is available in different sizes from 350 to 1.000 liters and for grain buckets up to 2.000 liters. The grab is offered as a closed bucket grab as well as open grab with removable side plates, which can be mounted without use of hand tools.<\/p>\n<p>This grab is designed with a low installation height and large opening.<\/p>\n<p>KS II grab can be used to handle e.g. sand, soil, gravel, asphalt, etc. Customers like this grab\u00b4s versatility, efficiency, and long durability.<\/p>\n<p>All KS II grabs are supplied as standard with an integrated anchor point (max 1000 Kg) for lifting chain.<\/p>\n<p>We can also offer extra welding hooks, which can lift to 3.500 kg.<\/p>\n<h4><\/h4>\n<p>[\/vc_column_text][\/vc_column_inner][\/vc_row_inner]<div class=\"ult-spacer spacer-69f1e1c285be4\" data-id=\"69f1e1c285be4\" data-height=\"90\" data-height-mobile=\"60\" data-height-tab=\"90\" data-height-tab-portrait=\"60\" data-height-mobile-landscape=\"60\" style=\"clear:both;display:block;\"><\/div>[\/vc_column][\/vc_row][vc_row][vc_column][vc_column_text]<\/p>\n<p>[\/vc_column_text][\/vc_column][\/vc_row]<\/p>\n<\/div>","protected":false},"excerpt":{"rendered":"<p>[vc_row full_width=&#8221;stretch_row&#8221; el_class=&#8221;produkter&#8221;][vc_column][vc_row_inner equal_height=&#8221;yes&#8221;][vc_column_inner offset=&#8221;vc_col-lg-6 vc_col-md-6 vc_col-xs-12&#8243;][vc_media_grid style=&#8221;pagination&#8221; items_per_page=&#8221;1&#8243; element_width=&#8221;12&#8243; gap=&#8221;20&#8243; arrows_design=&#8221;vc_arrow-icon-arrow_01_left&#8221; arrows_position=&#8221;outside&#8221; arrows_color=&#8221;black&#8221; paging_design=&#8221;none&#8221; css=&#8221;&#8221; grid_id=&#8221;vc_gid:1771232317455-dfbdb800-7294-9&#8243; include=&#8221;7472,7476&#8243;][\/vc_column_inner][vc_column_inner offset=&#8221;vc_col-lg-6 vc_col-md-6 vc_col-xs-12&#8243;][vc_column_text][\/vc_column_text][vc_column_text] BSV grab type KSII [\/vc_column_text][vc_empty_space height=&#8221;30px&#8221;][vc_btn title=&#8221;Download PDF&#8221; style=&#8221;custom&#8221; custom_background=&#8221;#f7b639&#8243; custom_text=&#8221;#ffffff&#8221; shape=&#8221;square&#8221; size=&#8221;sm&#8221; align=&#8221;left&#8221; css=&#8221;&#8221; link=&#8221;url:https%3A%2F%2Fbsv.dk%2Fwp-content%2Fuploads%2F2026%2F02%2Fdatablad-grab-type-ksii-gb.pdf|target:_blank&#8221;][vc_empty_space height=&#8221;30px&#8221;][vc_column_text]BSV grab type KS II grab is the latest generation of BSV hydraulic grabs. The grab is primarily &#8230; <a title=\"KS II grab\" class=\"read-more\" href=\"https:\/\/bsv.dk\/en\/hydraulic-grabs\/ks-ii-grab\/\" aria-label=\"Read more about KS II grab\">Read more<\/a><\/p>\n","protected":false},"author":1,"featured_media":0,"parent":5661,"menu_order":0,"comment_status":"closed","ping_status":"closed","template":"","meta":{"footnotes":""},"categories":[44],"class_list":{"0":"post-5662","1":"page","2":"type-page","3":"status-publish","5":"category-hydraulic"},"yoast_head":"<!-- This site is optimized with the Yoast SEO plugin v27.4 - https:\/\/yoast.com\/product\/yoast-seo-wordpress\/ -->\n<title>KS II grab &#183; BSV<\/title>\n<meta name=\"robots\" content=\"index, follow, max-snippet:-1, max-image-preview:large, max-video-preview:-1\" \/>\n<link rel=\"canonical\" href=\"https:\/\/bsv.dk\/en\/hydraulic-grabs\/ks-ii-grab\/\" \/>\n<meta property=\"og:locale\" content=\"en_US\" \/>\n<meta property=\"og:type\" content=\"article\" \/>\n<meta property=\"og:title\" content=\"KS II grab &#183; BSV\" \/>\n<meta property=\"og:description\" content=\"[vc_row full_width=&#8221;stretch_row&#8221; el_class=&#8221;produkter&#8221;][vc_column][vc_row_inner equal_height=&#8221;yes&#8221;][vc_column_inner offset=&#8221;vc_col-lg-6 vc_col-md-6 vc_col-xs-12&#8243;][vc_media_grid style=&#8221;pagination&#8221; items_per_page=&#8221;1&#8243; element_width=&#8221;12&#8243; gap=&#8221;20&#8243; arrows_design=&#8221;vc_arrow-icon-arrow_01_left&#8221; arrows_position=&#8221;outside&#8221; arrows_color=&#8221;black&#8221; paging_design=&#8221;none&#8221; css=&#8221;&#8221; grid_id=&#8221;vc_gid:1771232317455-dfbdb800-7294-9&#8243; include=&#8221;7472,7476&#8243;][\/vc_column_inner][vc_column_inner offset=&#8221;vc_col-lg-6 vc_col-md-6 vc_col-xs-12&#8243;][vc_column_text][\/vc_column_text][vc_column_text] BSV grab type KSII [\/vc_column_text][vc_empty_space height=&#8221;30px&#8221;][vc_btn title=&#8221;Download PDF&#8221; style=&#8221;custom&#8221; custom_background=&#8221;#f7b639&#8243; custom_text=&#8221;#ffffff&#8221; shape=&#8221;square&#8221; size=&#8221;sm&#8221; align=&#8221;left&#8221; css=&#8221;&#8221; link=&#8221;url:https%3A%2F%2Fbsv.dk%2Fwp-content%2Fuploads%2F2026%2F02%2Fdatablad-grab-type-ksii-gb.pdf|target:_blank&#8221;][vc_empty_space height=&#8221;30px&#8221;][vc_column_text]BSV grab type KS II grab is the latest generation of BSV hydraulic grabs. The grab is primarily ... Read more\" \/>\n<meta property=\"og:url\" content=\"https:\/\/bsv.dk\/en\/hydraulic-grabs\/ks-ii-grab\/\" \/>\n<meta property=\"og:site_name\" content=\"BSV\" \/>\n<meta property=\"article:modified_time\" content=\"2026-02-16T08:59:15+00:00\" \/>\n<meta name=\"twitter:card\" content=\"summary_large_image\" \/>\n<meta name=\"twitter:label1\" content=\"Est. reading time\" \/>\n\t<meta name=\"twitter:data1\" content=\"2 minutes\" \/>\n<script type=\"application\/ld+json\" class=\"yoast-schema-graph\">{\"@context\":\"https:\\\/\\\/schema.org\",\"@graph\":[{\"@type\":\"WebPage\",\"@id\":\"https:\\\/\\\/bsv.dk\\\/en\\\/hydraulic-grabs\\\/ks-ii-grab\\\/\",\"url\":\"https:\\\/\\\/bsv.dk\\\/en\\\/hydraulic-grabs\\\/ks-ii-grab\\\/\",\"name\":\"KS II grab &#183; BSV\",\"isPartOf\":{\"@id\":\"https:\\\/\\\/bsv.dk\\\/#website\"},\"datePublished\":\"2022-07-13T05:29:31+00:00\",\"dateModified\":\"2026-02-16T08:59:15+00:00\",\"breadcrumb\":{\"@id\":\"https:\\\/\\\/bsv.dk\\\/en\\\/hydraulic-grabs\\\/ks-ii-grab\\\/#breadcrumb\"},\"inLanguage\":\"en-US\",\"potentialAction\":[{\"@type\":\"ReadAction\",\"target\":[\"https:\\\/\\\/bsv.dk\\\/en\\\/hydraulic-grabs\\\/ks-ii-grab\\\/\"]}]},{\"@type\":\"BreadcrumbList\",\"@id\":\"https:\\\/\\\/bsv.dk\\\/en\\\/hydraulic-grabs\\\/ks-ii-grab\\\/#breadcrumb\",\"itemListElement\":[{\"@type\":\"ListItem\",\"position\":1,\"name\":\"Hjem\",\"item\":\"https:\\\/\\\/bsv.dk\\\/en\\\/\"},{\"@type\":\"ListItem\",\"position\":2,\"name\":\"Hydraulic grabs\",\"item\":\"https:\\\/\\\/bsv.dk\\\/en\\\/hydraulic-grabs\\\/\"},{\"@type\":\"ListItem\",\"position\":3,\"name\":\"KS II grab\"}]},{\"@type\":\"WebSite\",\"@id\":\"https:\\\/\\\/bsv.dk\\\/#website\",\"url\":\"https:\\\/\\\/bsv.dk\\\/\",\"name\":\"BSV\",\"description\":\"L\u00f8fteudstyr og krantilbeh\u00f8r: K\u00f8b dit l\u00f8ftegrej og kran-udstyr\",\"publisher\":{\"@id\":\"https:\\\/\\\/bsv.dk\\\/#organization\"},\"potentialAction\":[{\"@type\":\"SearchAction\",\"target\":{\"@type\":\"EntryPoint\",\"urlTemplate\":\"https:\\\/\\\/bsv.dk\\\/?s={search_term_string}\"},\"query-input\":{\"@type\":\"PropertyValueSpecification\",\"valueRequired\":true,\"valueName\":\"search_term_string\"}}],\"inLanguage\":\"en-US\"},{\"@type\":\"Organization\",\"@id\":\"https:\\\/\\\/bsv.dk\\\/#organization\",\"name\":\"BSV\",\"url\":\"https:\\\/\\\/bsv.dk\\\/\",\"logo\":{\"@type\":\"ImageObject\",\"inLanguage\":\"en-US\",\"@id\":\"https:\\\/\\\/bsv.dk\\\/#\\\/schema\\\/logo\\\/image\\\/\",\"url\":\"https:\\\/\\\/bsv.dk\\\/wp-content\\\/uploads\\\/2022\\\/07\\\/bsv-logo.png\",\"contentUrl\":\"https:\\\/\\\/bsv.dk\\\/wp-content\\\/uploads\\\/2022\\\/07\\\/bsv-logo.png\",\"width\":594,\"height\":249,\"caption\":\"BSV\"},\"image\":{\"@id\":\"https:\\\/\\\/bsv.dk\\\/#\\\/schema\\\/logo\\\/image\\\/\"}}]}<\/script>\n<!-- \/ Yoast SEO plugin. -->","yoast_head_json":{"title":"KS II grab &#183; BSV","robots":{"index":"index","follow":"follow","max-snippet":"max-snippet:-1","max-image-preview":"max-image-preview:large","max-video-preview":"max-video-preview:-1"},"canonical":"https:\/\/bsv.dk\/en\/hydraulic-grabs\/ks-ii-grab\/","og_locale":"en_US","og_type":"article","og_title":"KS II grab &#183; BSV","og_description":"[vc_row full_width=&#8221;stretch_row&#8221; el_class=&#8221;produkter&#8221;][vc_column][vc_row_inner equal_height=&#8221;yes&#8221;][vc_column_inner offset=&#8221;vc_col-lg-6 vc_col-md-6 vc_col-xs-12&#8243;][vc_media_grid style=&#8221;pagination&#8221; items_per_page=&#8221;1&#8243; element_width=&#8221;12&#8243; gap=&#8221;20&#8243; arrows_design=&#8221;vc_arrow-icon-arrow_01_left&#8221; arrows_position=&#8221;outside&#8221; arrows_color=&#8221;black&#8221; paging_design=&#8221;none&#8221; css=&#8221;&#8221; grid_id=&#8221;vc_gid:1771232317455-dfbdb800-7294-9&#8243; include=&#8221;7472,7476&#8243;][\/vc_column_inner][vc_column_inner offset=&#8221;vc_col-lg-6 vc_col-md-6 vc_col-xs-12&#8243;][vc_column_text][\/vc_column_text][vc_column_text] BSV grab type KSII [\/vc_column_text][vc_empty_space height=&#8221;30px&#8221;][vc_btn title=&#8221;Download PDF&#8221; style=&#8221;custom&#8221; custom_background=&#8221;#f7b639&#8243; custom_text=&#8221;#ffffff&#8221; shape=&#8221;square&#8221; size=&#8221;sm&#8221; align=&#8221;left&#8221; css=&#8221;&#8221; link=&#8221;url:https%3A%2F%2Fbsv.dk%2Fwp-content%2Fuploads%2F2026%2F02%2Fdatablad-grab-type-ksii-gb.pdf|target:_blank&#8221;][vc_empty_space height=&#8221;30px&#8221;][vc_column_text]BSV grab type KS II grab is the latest generation of BSV hydraulic grabs. The grab is primarily ... Read more","og_url":"https:\/\/bsv.dk\/en\/hydraulic-grabs\/ks-ii-grab\/","og_site_name":"BSV","article_modified_time":"2026-02-16T08:59:15+00:00","twitter_card":"summary_large_image","twitter_misc":{"Est. reading time":"2 minutes"},"schema":{"@context":"https:\/\/schema.org","@graph":[{"@type":"WebPage","@id":"https:\/\/bsv.dk\/en\/hydraulic-grabs\/ks-ii-grab\/","url":"https:\/\/bsv.dk\/en\/hydraulic-grabs\/ks-ii-grab\/","name":"KS II grab &#183; BSV","isPartOf":{"@id":"https:\/\/bsv.dk\/#website"},"datePublished":"2022-07-13T05:29:31+00:00","dateModified":"2026-02-16T08:59:15+00:00","breadcrumb":{"@id":"https:\/\/bsv.dk\/en\/hydraulic-grabs\/ks-ii-grab\/#breadcrumb"},"inLanguage":"en-US","potentialAction":[{"@type":"ReadAction","target":["https:\/\/bsv.dk\/en\/hydraulic-grabs\/ks-ii-grab\/"]}]},{"@type":"BreadcrumbList","@id":"https:\/\/bsv.dk\/en\/hydraulic-grabs\/ks-ii-grab\/#breadcrumb","itemListElement":[{"@type":"ListItem","position":1,"name":"Hjem","item":"https:\/\/bsv.dk\/en\/"},{"@type":"ListItem","position":2,"name":"Hydraulic grabs","item":"https:\/\/bsv.dk\/en\/hydraulic-grabs\/"},{"@type":"ListItem","position":3,"name":"KS II grab"}]},{"@type":"WebSite","@id":"https:\/\/bsv.dk\/#website","url":"https:\/\/bsv.dk\/","name":"BSV","description":"L\u00f8fteudstyr og krantilbeh\u00f8r: K\u00f8b dit l\u00f8ftegrej og kran-udstyr","publisher":{"@id":"https:\/\/bsv.dk\/#organization"},"potentialAction":[{"@type":"SearchAction","target":{"@type":"EntryPoint","urlTemplate":"https:\/\/bsv.dk\/?s={search_term_string}"},"query-input":{"@type":"PropertyValueSpecification","valueRequired":true,"valueName":"search_term_string"}}],"inLanguage":"en-US"},{"@type":"Organization","@id":"https:\/\/bsv.dk\/#organization","name":"BSV","url":"https:\/\/bsv.dk\/","logo":{"@type":"ImageObject","inLanguage":"en-US","@id":"https:\/\/bsv.dk\/#\/schema\/logo\/image\/","url":"https:\/\/bsv.dk\/wp-content\/uploads\/2022\/07\/bsv-logo.png","contentUrl":"https:\/\/bsv.dk\/wp-content\/uploads\/2022\/07\/bsv-logo.png","width":594,"height":249,"caption":"BSV"},"image":{"@id":"https:\/\/bsv.dk\/#\/schema\/logo\/image\/"}}]}},"_links":{"self":[{"href":"https:\/\/bsv.dk\/en\/wp-json\/wp\/v2\/pages\/5662","targetHints":{"allow":["GET"]}}],"collection":[{"href":"https:\/\/bsv.dk\/en\/wp-json\/wp\/v2\/pages"}],"about":[{"href":"https:\/\/bsv.dk\/en\/wp-json\/wp\/v2\/types\/page"}],"author":[{"embeddable":true,"href":"https:\/\/bsv.dk\/en\/wp-json\/wp\/v2\/users\/1"}],"replies":[{"embeddable":true,"href":"https:\/\/bsv.dk\/en\/wp-json\/wp\/v2\/comments?post=5662"}],"version-history":[{"count":17,"href":"https:\/\/bsv.dk\/en\/wp-json\/wp\/v2\/pages\/5662\/revisions"}],"predecessor-version":[{"id":902002,"href":"https:\/\/bsv.dk\/en\/wp-json\/wp\/v2\/pages\/5662\/revisions\/902002"}],"up":[{"embeddable":true,"href":"https:\/\/bsv.dk\/en\/wp-json\/wp\/v2\/pages\/5661"}],"wp:attachment":[{"href":"https:\/\/bsv.dk\/en\/wp-json\/wp\/v2\/media?parent=5662"}],"wp:term":[{"taxonomy":"category","embeddable":true,"href":"https:\/\/bsv.dk\/en\/wp-json\/wp\/v2\/categories?post=5662"}],"curies":[{"name":"wp","href":"https:\/\/api.w.org\/{rel}","templated":true}]}}