{"id":5661,"date":"2022-07-13T07:27:50","date_gmt":"2022-07-13T05:27:50","guid":{"rendered":"https:\/\/bsv.dk\/buckets\/"},"modified":"2023-03-07T09:56:45","modified_gmt":"2023-03-07T08:56:45","slug":"hydraulic-grabs","status":"publish","type":"page","link":"https:\/\/bsv.dk\/en\/hydraulic-grabs\/","title":{"rendered":"Hydraulic grabs"},"content":{"rendered":"<div class=\"wpb-content-wrapper\"><p>[vc_row full_width=&#8221;stretch_row&#8221;][vc_column]<div class=\"ult-spacer spacer-69efcb290878c\" data-id=\"69efcb290878c\" data-height=\"90\" data-height-mobile=\"60\" data-height-tab=\"90\" data-height-tab-portrait=\"60\" data-height-mobile-landscape=\"60\" style=\"clear:both;display:block;\"><\/div>[vc_row_inner][vc_column_inner offset=&#8221;vc_col-lg-8 vc_col-md-8 vc_col-xs-12&#8243;][vc_column_text]<\/p>\n<h1>Hydraulic grabs for crane<\/h1>\n<p>BSV manufactures two main series of hydraulic grabs for cranes, KS grab and Combi grab.<br \/>\nDuring many years, we have designed and manufactured quality crane accessories and lifting equipment, which is robust, durable, and long-lasting, which is of big importance for our customers.<\/p>\n<p><strong>KSII grab<\/strong> is the grab for bigger cranes and is made of high-strength materials and equipped with strong axles and bearings.<\/p>\n<p>KSII grabs are equipped with a built-in check valve inside the cylinder, which means that the load is retained even if a hose on the crane breaks.<\/p>\n<p>This crane grab is part of a robust bucket series with focus on construction work. Read more about the KS grab and its technical specifications by clicking <a href=\"https:\/\/bsv.dk\/en\/hydraulic-grabs\/ks-ii-grab\/\"><strong><u>here<\/u><\/strong>.<\/a><\/p>\n<p><strong>Combi grab<\/strong> is particularly suitable for use in combination with smaller cranes and for different tasks. This grab has different tool designs depending on tasks. Read more about Combi grab and its technical specifications by clicking <a href=\"https:\/\/bsv.dk\/en\/hydraulic-grabs\/combi-grab\/\"><strong><u>here.<\/u><\/strong><\/a><\/p>\n<p>Regardless of whether you need a standard crane grab, grab for steel road plates, grain grab, manure grab or a customized solution, we are ready to advise and help.<\/p>\n<p>Please contact us, if you are thinking about using one or more of our products or if you have any doubts about the configuration of your grab for crane, or if you simply have technical questions.<\/p>\n<p>We can be reached on (+45) 75 36 21 22 or via our online contact form by clicking here.[\/vc_column_text]<div class=\"ult-spacer spacer-69efcb29087d6\" data-id=\"69efcb29087d6\" data-height=\"0\" data-height-mobile=\"30\" data-height-tab=\"0\" data-height-tab-portrait=\"30\" data-height-mobile-landscape=\"30\" style=\"clear:both;display:block;\"><\/div>[\/vc_column_inner][vc_column_inner offset=&#8221;vc_col-lg-4 vc_col-md-4 vc_col-xs-12&#8243;][vc_wp_custommenu nav_menu=&#8221;14&#8243; el_class=&#8221;contact-sidebar&#8221;][\/vc_column_inner][\/vc_row_inner]<div class=\"ult-spacer spacer-69efcb2908805\" data-id=\"69efcb2908805\" data-height=\"90\" data-height-mobile=\"60\" data-height-tab=\"90\" data-height-tab-portrait=\"60\" data-height-mobile-landscape=\"60\" style=\"clear:both;display:block;\"><\/div>[\/vc_column][\/vc_row][vc_row full_width=&#8221;stretch_row&#8221;][vc_column][vc_basic_grid post_type=&#8221;post&#8221; max_items=&#8221;-1&#8243; item=&#8221;2938&#8243; grid_id=&#8221;vc_gid:1678179325657-f904fc55-67c7-1&#8243; taxonomies=&#8221;13371343&#8243;]<div class=\"ult-spacer spacer-69efcb2908825\" data-id=\"69efcb2908825\" data-height=\"90\" data-height-mobile=\"60\" data-height-tab=\"90\" data-height-tab-portrait=\"60\" data-height-mobile-landscape=\"60\" style=\"clear:both;display:block;\"><\/div>[\/vc_column][\/vc_row]<\/p>\n<\/div>","protected":false},"excerpt":{"rendered":"<p>[vc_row full_width=&#8221;stretch_row&#8221;][vc_column][vc_row_inner][vc_column_inner offset=&#8221;vc_col-lg-8 vc_col-md-8 vc_col-xs-12&#8243;][vc_column_text] Hydraulic grabs for crane BSV manufactures two main series of hydraulic grabs for cranes, KS grab and Combi grab. During many years, we have designed and manufactured quality crane accessories and lifting equipment, which is robust, durable, and long-lasting, which is of big importance for our customers. KSII grab is &#8230; <a title=\"Hydraulic grabs\" class=\"read-more\" href=\"https:\/\/bsv.dk\/en\/hydraulic-grabs\/\" aria-label=\"Read more about Hydraulic grabs\">Read more<\/a><\/p>\n","protected":false},"author":1,"featured_media":0,"parent":0,"menu_order":0,"comment_status":"closed","ping_status":"closed","template":"","meta":{"footnotes":""},"categories":[44],"class_list":{"0":"post-5661","1":"page","2":"type-page","3":"status-publish","5":"category-hydraulic"},"yoast_head":"<!-- This site is optimized with the Yoast SEO plugin v27.4 - https:\/\/yoast.com\/product\/yoast-seo-wordpress\/ -->\n<title>Hydraulic grabs &#183; BSV<\/title>\n<meta name=\"robots\" content=\"index, follow, max-snippet:-1, max-image-preview:large, max-video-preview:-1\" \/>\n<link rel=\"canonical\" href=\"https:\/\/bsv.dk\/en\/hydraulic-grabs\/\" \/>\n<meta property=\"og:locale\" content=\"en_US\" \/>\n<meta property=\"og:type\" content=\"article\" \/>\n<meta property=\"og:title\" content=\"Hydraulic grabs &#183; BSV\" \/>\n<meta property=\"og:description\" content=\"[vc_row full_width=&#8221;stretch_row&#8221;][vc_column][vc_row_inner][vc_column_inner offset=&#8221;vc_col-lg-8 vc_col-md-8 vc_col-xs-12&#8243;][vc_column_text] Hydraulic grabs for crane BSV manufactures two main series of hydraulic grabs for cranes, KS grab and Combi grab. During many years, we have designed and manufactured quality crane accessories and lifting equipment, which is robust, durable, and long-lasting, which is of big importance for our customers. KSII grab is ... Read more\" \/>\n<meta property=\"og:url\" content=\"https:\/\/bsv.dk\/en\/hydraulic-grabs\/\" \/>\n<meta property=\"og:site_name\" content=\"BSV\" \/>\n<meta property=\"article:modified_time\" content=\"2023-03-07T08:56:45+00:00\" \/>\n<meta name=\"twitter:card\" content=\"summary_large_image\" \/>\n<meta name=\"twitter:label1\" content=\"Est. reading time\" \/>\n\t<meta name=\"twitter:data1\" content=\"2 minutes\" \/>\n<script type=\"application\/ld+json\" class=\"yoast-schema-graph\">{\"@context\":\"https:\\\/\\\/schema.org\",\"@graph\":[{\"@type\":\"WebPage\",\"@id\":\"https:\\\/\\\/bsv.dk\\\/en\\\/hydraulic-grabs\\\/\",\"url\":\"https:\\\/\\\/bsv.dk\\\/en\\\/hydraulic-grabs\\\/\",\"name\":\"Hydraulic grabs &#183; BSV\",\"isPartOf\":{\"@id\":\"https:\\\/\\\/bsv.dk\\\/#website\"},\"datePublished\":\"2022-07-13T05:27:50+00:00\",\"dateModified\":\"2023-03-07T08:56:45+00:00\",\"breadcrumb\":{\"@id\":\"https:\\\/\\\/bsv.dk\\\/en\\\/hydraulic-grabs\\\/#breadcrumb\"},\"inLanguage\":\"en-US\",\"potentialAction\":[{\"@type\":\"ReadAction\",\"target\":[\"https:\\\/\\\/bsv.dk\\\/en\\\/hydraulic-grabs\\\/\"]}]},{\"@type\":\"BreadcrumbList\",\"@id\":\"https:\\\/\\\/bsv.dk\\\/en\\\/hydraulic-grabs\\\/#breadcrumb\",\"itemListElement\":[{\"@type\":\"ListItem\",\"position\":1,\"name\":\"Hjem\",\"item\":\"https:\\\/\\\/bsv.dk\\\/en\\\/\"},{\"@type\":\"ListItem\",\"position\":2,\"name\":\"Hydraulic grabs\"}]},{\"@type\":\"WebSite\",\"@id\":\"https:\\\/\\\/bsv.dk\\\/#website\",\"url\":\"https:\\\/\\\/bsv.dk\\\/\",\"name\":\"BSV\",\"description\":\"L\u00f8fteudstyr og krantilbeh\u00f8r: K\u00f8b dit l\u00f8ftegrej og kran-udstyr\",\"publisher\":{\"@id\":\"https:\\\/\\\/bsv.dk\\\/#organization\"},\"potentialAction\":[{\"@type\":\"SearchAction\",\"target\":{\"@type\":\"EntryPoint\",\"urlTemplate\":\"https:\\\/\\\/bsv.dk\\\/?s={search_term_string}\"},\"query-input\":{\"@type\":\"PropertyValueSpecification\",\"valueRequired\":true,\"valueName\":\"search_term_string\"}}],\"inLanguage\":\"en-US\"},{\"@type\":\"Organization\",\"@id\":\"https:\\\/\\\/bsv.dk\\\/#organization\",\"name\":\"BSV\",\"url\":\"https:\\\/\\\/bsv.dk\\\/\",\"logo\":{\"@type\":\"ImageObject\",\"inLanguage\":\"en-US\",\"@id\":\"https:\\\/\\\/bsv.dk\\\/#\\\/schema\\\/logo\\\/image\\\/\",\"url\":\"https:\\\/\\\/bsv.dk\\\/wp-content\\\/uploads\\\/2022\\\/07\\\/bsv-logo.png\",\"contentUrl\":\"https:\\\/\\\/bsv.dk\\\/wp-content\\\/uploads\\\/2022\\\/07\\\/bsv-logo.png\",\"width\":594,\"height\":249,\"caption\":\"BSV\"},\"image\":{\"@id\":\"https:\\\/\\\/bsv.dk\\\/#\\\/schema\\\/logo\\\/image\\\/\"}}]}<\/script>\n<!-- \/ Yoast SEO plugin. -->","yoast_head_json":{"title":"Hydraulic grabs &#183; BSV","robots":{"index":"index","follow":"follow","max-snippet":"max-snippet:-1","max-image-preview":"max-image-preview:large","max-video-preview":"max-video-preview:-1"},"canonical":"https:\/\/bsv.dk\/en\/hydraulic-grabs\/","og_locale":"en_US","og_type":"article","og_title":"Hydraulic grabs &#183; BSV","og_description":"[vc_row full_width=&#8221;stretch_row&#8221;][vc_column][vc_row_inner][vc_column_inner offset=&#8221;vc_col-lg-8 vc_col-md-8 vc_col-xs-12&#8243;][vc_column_text] Hydraulic grabs for crane BSV manufactures two main series of hydraulic grabs for cranes, KS grab and Combi grab. During many years, we have designed and manufactured quality crane accessories and lifting equipment, which is robust, durable, and long-lasting, which is of big importance for our customers. KSII grab is ... Read more","og_url":"https:\/\/bsv.dk\/en\/hydraulic-grabs\/","og_site_name":"BSV","article_modified_time":"2023-03-07T08:56:45+00:00","twitter_card":"summary_large_image","twitter_misc":{"Est. reading time":"2 minutes"},"schema":{"@context":"https:\/\/schema.org","@graph":[{"@type":"WebPage","@id":"https:\/\/bsv.dk\/en\/hydraulic-grabs\/","url":"https:\/\/bsv.dk\/en\/hydraulic-grabs\/","name":"Hydraulic grabs &#183; BSV","isPartOf":{"@id":"https:\/\/bsv.dk\/#website"},"datePublished":"2022-07-13T05:27:50+00:00","dateModified":"2023-03-07T08:56:45+00:00","breadcrumb":{"@id":"https:\/\/bsv.dk\/en\/hydraulic-grabs\/#breadcrumb"},"inLanguage":"en-US","potentialAction":[{"@type":"ReadAction","target":["https:\/\/bsv.dk\/en\/hydraulic-grabs\/"]}]},{"@type":"BreadcrumbList","@id":"https:\/\/bsv.dk\/en\/hydraulic-grabs\/#breadcrumb","itemListElement":[{"@type":"ListItem","position":1,"name":"Hjem","item":"https:\/\/bsv.dk\/en\/"},{"@type":"ListItem","position":2,"name":"Hydraulic grabs"}]},{"@type":"WebSite","@id":"https:\/\/bsv.dk\/#website","url":"https:\/\/bsv.dk\/","name":"BSV","description":"L\u00f8fteudstyr og krantilbeh\u00f8r: K\u00f8b dit l\u00f8ftegrej og kran-udstyr","publisher":{"@id":"https:\/\/bsv.dk\/#organization"},"potentialAction":[{"@type":"SearchAction","target":{"@type":"EntryPoint","urlTemplate":"https:\/\/bsv.dk\/?s={search_term_string}"},"query-input":{"@type":"PropertyValueSpecification","valueRequired":true,"valueName":"search_term_string"}}],"inLanguage":"en-US"},{"@type":"Organization","@id":"https:\/\/bsv.dk\/#organization","name":"BSV","url":"https:\/\/bsv.dk\/","logo":{"@type":"ImageObject","inLanguage":"en-US","@id":"https:\/\/bsv.dk\/#\/schema\/logo\/image\/","url":"https:\/\/bsv.dk\/wp-content\/uploads\/2022\/07\/bsv-logo.png","contentUrl":"https:\/\/bsv.dk\/wp-content\/uploads\/2022\/07\/bsv-logo.png","width":594,"height":249,"caption":"BSV"},"image":{"@id":"https:\/\/bsv.dk\/#\/schema\/logo\/image\/"}}]}},"_links":{"self":[{"href":"https:\/\/bsv.dk\/en\/wp-json\/wp\/v2\/pages\/5661","targetHints":{"allow":["GET"]}}],"collection":[{"href":"https:\/\/bsv.dk\/en\/wp-json\/wp\/v2\/pages"}],"about":[{"href":"https:\/\/bsv.dk\/en\/wp-json\/wp\/v2\/types\/page"}],"author":[{"embeddable":true,"href":"https:\/\/bsv.dk\/en\/wp-json\/wp\/v2\/users\/1"}],"replies":[{"embeddable":true,"href":"https:\/\/bsv.dk\/en\/wp-json\/wp\/v2\/comments?post=5661"}],"version-history":[{"count":11,"href":"https:\/\/bsv.dk\/en\/wp-json\/wp\/v2\/pages\/5661\/revisions"}],"predecessor-version":[{"id":900375,"href":"https:\/\/bsv.dk\/en\/wp-json\/wp\/v2\/pages\/5661\/revisions\/900375"}],"wp:attachment":[{"href":"https:\/\/bsv.dk\/en\/wp-json\/wp\/v2\/media?parent=5661"}],"wp:term":[{"taxonomy":"category","embeddable":true,"href":"https:\/\/bsv.dk\/en\/wp-json\/wp\/v2\/categories?post=5661"}],"curies":[{"name":"wp","href":"https:\/\/api.w.org\/{rel}","templated":true}]}}